{"id":16399,"date":"2020-06-15T12:00:00","date_gmt":"2020-06-15T12:00:00","guid":{"rendered":"https:\/\/olgafertilityclinic.com\/?page_id=16399"},"modified":"2024-06-14T12:51:10","modified_gmt":"2024-06-14T12:51:10","slug":"willkommen-bei-o-l-g-a-fertility","status":"publish","type":"page","link":"https:\/\/olgafertilityclinic.com\/de\/","title":{"rendered":"Willkommen bei O.L.G.A. Fertility!"},"content":{"rendered":"<p><img decoding=\"async\" class=\"w100p\" src=\"https:\/\/olgafertilityclinic.com\/wp-content\/uploads\/2023\/09\/stp-cyp-web.jpg\" alt=\"Willkommen bei O.L.G.A. Fertility!\" \/><\/p>\n<p>O.L.G.A. Fertility bietet an zwei Standorten beste M\u00f6glichkeiten f\u00fcr eine erfolgreiche IVF-Behandlung mit eigenen Eizellen, einer Eizellspende oder einer Doppelspende: Am Standort St. Petersburg wird die Fruchtbarkeitsbehandlung in&nbsp;unserer eigenen O.L.G.A. Fertility Klinik durchgef\u00fchrt. In&nbsp;der Republik Zypern organisiert O.L.G.A. Fertility die Fruchtbarkeitsbehandlung in&nbsp;Zusammenarbeit mit den besten lokalen Kliniken und Spezialisten.<\/p>\n<p>O.L.G.A. ist die Abk\u00fcrzung f\u00fcr: Offers Livebirth Guarantee Assurance (Bietet die Sicherheit einer Garantie auf Lebendgeburt)<\/p>\n<p>Das hei\u00dft O.L.G.A. bietet Ihnen finanziellen Schutz vor einer erfolglosen Behandlung im Rahmen unserer 100%-Geld-zur\u00fcck-Garantie f\u00fcr Lebendgeburten.<\/p>\n<p style=\"font-weight: 400;\">Es gibt Angebiote f\u00fcr die Behandlung mit eigenen Eizellen und mit Spender-Eizellen. <a href=\"\/en\/prices\/\">Die Beschreibung und die Kosten der einzelnen 100%-Geld-zur\u00fcck-Garantie-Angebote finden Sie hier \u2192<\/a><\/p>\n<div>\n<h2>Was ist die 100%-Geld-zur\u00fcck-Garantie f\u00fcr Lebendgeburten und warum entscheiden sich Patienten daf\u00fcr?<\/h2>\n<\/div>\n<p>Die 100%-Geld-zur\u00fcck-Garantie f\u00fcr eine Lebendgeburt bedeutet: Wenn innerhalb einer festgelegten Anzahl von Behandlungsversuchen, kein Baby geboren wird, erstatten wir 100% der f\u00fcr das Paket bezahlten Kosten.<\/p>\n<p><strong>5 Vorteile der Geld-zur\u00fcck-Garantie-Pakete f\u00fcr Sie:\u00a0<\/strong><\/p>\n<ol>\n<li>Sie und wir haben ein gemeinsames Ziel \u2014 ein Baby in&nbsp;Ihren Armen.<\/li>\n<li>Wir teilen mit Ihnen nicht nur den Erfolg, sondern auch das Risiko des Scheiterns: Wir verdienen nur dann an den Kosten des Pakets, wenn ein Baby innerhalb des darin festgelegten Rahmens geboren wird.<\/li>\n<li>Zusammen mit den besten Fachleuten und Spezialisten werden wir alles tun, um Ihnen zu helfen, Ihr Baby innerhalb einer minimalen Anzahl von Versuchen lebend zur Welt zu bringen.<\/li>\n<li>Sie tragen keine weiteren Kosten f\u00fcr Konsultationen, Tests oder Behandlungen, sondern nur f\u00fcr das Endergebnis \u2014 Ihr Baby!<\/li>\n<li>Das Geld-zur\u00fcck-Paket gibt Ihnen nicht die Zeit, das Geld und die M\u00fche zur\u00fcck, die Sie in&nbsp;die Behandlung investiert haben. Aber es f\u00fcgt der aktuellen Situation wenigstens nicht noch den Verlust des Geldes hinzu: Entweder wird ein Kind geboren, oder Sie erhalten die volle R\u00fcckerstattung Ihrer Kosten.<\/li>\n<\/ol>\n<p><!--\n\n\n\n\n\n\n<div class=\"ts-row\" style=\"margin-top: 1rem;\">\n\n\n<div class=\"column half\"><img decoding=\"async\" class=\"w70p aligncenter\" src=\"https:\/\/olgafertilityclinic.com\/wp-content\/uploads\/2023\/08\/money-back-prg-2023b-830x900.jpg\" alt=\"\" \/><\/div>\n\n\n\n\n<div class=\"column half\">\n\n\n<p><strong>812 O.L.G.A-Patientinnen haben vom 1. Januar 2018 bis Ende Juli 2023 ein Geld-zur\u00fcck-Garantie-Paket abgeschlossen<\/strong><\/p>\n\n\n\n\n<p>Die Ergebnisse:<\/p>\n\n\n\n\n<p class=\"dot-clr dot-clr-1\"><b>575 Patientinnen hatten eine Lebendgeburt<br \/>\n<\/b><\/p>\n\n\n\n\n<p class=\"dot-clr dot-clr-2\"><b>69 Patientinnen sind derzeit schwanger<\/b><\/p>\n\n\n\n\n<p class=\"dot-clr dot-clr-3\"><b>134 Patientinnen sind noch in&nbsp;Behandlung<\/b><\/p>\n\n\n\n\n<p class=\"dot-clr dot-clr-4\"><b>34 Patientinnen erhielten eine R\u00fcckerstattung:<\/b><\/p>\n\n\n\n\n<p class=\"small\" style=\"padding-left: 1.5rem;\">6 Patientinnen erhielten eine R\u00fcckerstattung, nachdem alle Versuche abgeschlossen waren und kein Baby geboren wurde;<\/p>\n\n\n\n\n<p class=\"small\" style=\"padding-left: 1.5rem;\">20 Patientinnen beantragten eine R\u00fcckerstattung und brachen das Programm zu verschiedenen Zeitpunkten aus unterschiedlichen Gr\u00fcnden vor der Geburt ab;<\/p>\n\n\n\n\n<p class=\"small\" style=\"padding-left: 1.5rem;\">8 Patienten erhielten eine Erstattung von O.L.G.A. Fertility.<\/p>\n\n\n<\/div>\n\n\n\n\n<div class=\"clear\">\u00a0<\/div>\n\n\n<\/div>\n\n\n\n\n\n\n--><\/p>\n<p class=\"cta-text\"><strong>Wenn Sie eines unserer 100% Geld-zur\u00fcck-Pakete beantragen und\/oder eine detaillierte Beschreibung erhalten m\u00f6chten, kontaktieren Sie uns bitte<\/strong><\/p>\n<p><a class=\"button\" href=\"#footerform\">Kontaktieren Sie uns!<\/a><\/p>\n<p class=\"comments\">Bitte beachten Sie, dass ein individuelles Garantiepaket f\u00fcr Sie von unseren \u00c4rzten auf der Grundlage Ihrer gesundheitlichen Situation genehmigt werden sollte.<\/p>\n<h2 class=\"cf\">Was ist das Besondere an den kostenlosen Online-Konsultationen mit Experten von O.L.G.A. Fertility?<\/h2>\n<p>Bei O.L.G.A. Fertility analysieren wir Ihre Geschichte fr\u00fcherer erfolgloser Versuche, indem wir Ihre Aufzeichnungen der Behandlungen genau studieren und mit Ihnen sprechen. Wir verwenden durchschnittlich 8 Stunden allein f\u00fcr die Untersuchung Ihres medizinischen Falles, um Ihr vergangenes \u201ePech&#8221; in&nbsp;eine zuk\u00fcnftige erfolgreiche Lebendgeburt zu verwandeln. Bevor wir mit dem eigentlichen medizinischen Prozess beginnen, haben wir bereits eine individuelle Strategie und eine Sch\u00e4tzung, wie viele Versuche es dauern kann, bis Sie eine Lebendgeburt erreichen. Wenn wir glauben, dass eine Lebendgeburt innerhalb einer begrenzten Anzahl von Versuchen erreicht werden kann, k\u00f6nnen wir eine 100%ige Geld-zur\u00fcck-Garantie anbieten.<\/p>\n<h2 class=\"cf\">Wie ist es m\u00f6glich, die Zeit bis zu einer erfolgreichen Schwangerschaft mit eigenen Eizellen zu verk\u00fcrzen, selbst nach mehreren erfolglosen IVF-Versuchen?<\/h2>\n<p><img decoding=\"async\" class=\"w40p fr\" src=\"https:\/\/olgafertilityclinic.com\/wp-content\/uploads\/2023\/09\/shorten-2.jpg\" alt=\"\" \/>Der Anteil der Embryonen mit spontanen Chromosomen-Anomalien steigt bei Frauen \u00fcber 35 Jahren deutlich an. Der Transfer solcher Embryonen kann in&nbsp;der Regel keine erfolgreiche Schwangerschaft herbeif\u00fchren und f\u00fchrt zu einem Einnistungsversagen oder einer Fehlgeburt. In&nbsp;vielen europ\u00e4ischen L\u00e4ndern ist die genetische Untersuchung von Embryonen mittels PGT-A nicht erlaubt. Dies f\u00fchrt zu mehrfachen Embryotransfers von Embryonen, bei denen ein fr\u00fcher Schwangerschaftsverlust vorprogrammiert ist.<\/p>\n<p><a href=\"\/en\/ivf\/pgt-a\/\">PGT-A (Chromosomenscreening von Embryonen)<\/a> ist in&nbsp;L\u00e4ndern wie dem Vereinigten K\u00f6nigreich, Spanien, Russland oder Zypern erlaubt. PGT-A kann in&nbsp;IVF-Zyklen mit eigenen Eizellen der Patientin durchgef\u00fchrt werden und hilft bei der Identifizierung von Embryonen mit normalen 23 Chromosomen. Wenn f\u00fcr den Transfer nur Embryonen mit normalen 23 Chromosomen verwendet werden, verk\u00fcrzt sich die Zeit bis zur Schwangerschaft und zur Lebendgeburt, da die Anzahl der Embryotransfers bis zum Erfolg reduziert wird.<\/p>\n<p>Die Chance auf eine Lebendgeburt pro Transfer eines chromosomal normalen Embryos in&nbsp;der O.L.G.A. Fertility Klinik St. Petersburg liegt bei mindestens 49%.<\/p>\n<p>Wenn wir nach der Analyse Ihrer bisherigen Behandlungen und Ihrer Vorgeschichte wissen, dass innerhalb von 3 oder 4 IVF-Versuchen mit Ihren eigenen Eizellen 2 oder mehr chromosomal normale Blastozysten gefunden werden k\u00f6nnen, k\u00f6nnen wir Ihnen ein 3- oder 4 IVF-Paket mit einer 100%-Geld-zur\u00fcck-Garantie f\u00fcr eine Lebendgeburt anbieten.<\/p>\n<p><a href=\"\/en\/ivf\/pgt-a\/\">Erfahren Sie mehr \u00fcber PGT-A \u2192<\/a><\/p>\n<h2 class=\"cf\">Was ist das Besondere an den Eizellspende- und Doppelspende-Programmen von O.L.G.A. Fertility?<\/h2>\n<p>Patientinnen, die keine gesunden Eizellen mehr haben, die schon sehr viele Fruchtbarkeitsbehandlungen hinter sich haben und die Mitte\/Ende 40 sind, empfiehlt O.L.G.A. Fertility eine Abk\u00fcrzung zu einer erfolgreichen Schwangerschaft und Lebendgeburt \u2013 die Eizellspende oder Doppelspende.<\/p>\n<p>O.L.G.A. Fertility bietet Ihnen besondere M\u00f6glichkeiten der Eizellspende, die Sie so&nbsp;nirgendwo sonst auf der Welt finden k\u00f6nnen! Das gilt sowohl f\u00fcr unser Eizell- und Doppelspendeprogramm in&nbsp;St. Petersburg als auch in&nbsp;Zypern.<\/p>\n<ul>\n<li>Keine Warteliste f\u00fcr Eizellspenderinnen! Sie kommen zu dem Zeitpunkt zur Behandlung, der Ihnen passt \u2014 wir arbeiten mit Ihren Terminen!<\/li>\n<li>Ihr Embryotransfer kann an einem der sch\u00f6nsten Orte der Welt durchgef\u00fchrt werden \u2014 in&nbsp;St. Petersburg oder auf Zypern!<\/li>\n<li>Lebendgeburtenraten von mindestens 55% pro Transfer einer einzigen Blastozyste<\/li>\n<li>Sie k\u00f6nnen Ihre Eizellspenderinnen aus mindestens 60 Optionen in&nbsp;unserem erweiterten Eizellspenderinnen-Katalog ausw\u00e4hlen<\/li>\n<li>Sie k\u00f6nnen die ausf\u00fchrlichen Profile der Eizellspenderinnen mit 150 Details einsehen \u2013 einschlie\u00dflich medizinischer Vorgeschichte, Familiengeschichte und Motivationsschreiben \u2013, und nach Ihren individuellen Bed\u00fcrfnissen und pers\u00f6nlichen Werten ausw\u00e4hlen. Wir unterst\u00fctzen Sie bei der Auswahl Ihrer Eizellspenderin!<\/li>\n<li>F\u00fcr einen einzelnen IVF-Zyklus erhalten Sie die Garantie, dass 10 Eizellen f\u00fcr die Befruchtung zur Verf\u00fcgung stehen und dass 3 Blastozysten nach 6 Tagen Kultivierung f\u00fcr Sie verf\u00fcgbar sind.<\/li>\n<li>F\u00fcr das 3 IVF-Paket mit Spenderinnen-Eizellen erhalten Sie eine 100%-Geld-zur\u00fcck-Garantie f\u00fcr Lebendgeburten: 100% Ihrer Kosten werden zur\u00fcckerstattet, wenn nach 3 IVF-Zyklen mit Spenderinnen-Eizellen keine Lebendgeburt erzielt wird<\/li>\n<li>F\u00fcr die Behandlung in&nbsp;St. Petersburg stehen Ihnen offene* (kontaktierbare) Eizellspenderinnen zur Verf\u00fcgung und Sie k\u00f6nnen Fotos von Eizellspenderinnen im Erwachsenenalter sehen<\/li>\n<\/ul>\n<p class=\"cta-text\"><strong>M\u00f6chten Sie kostenlosen Zugang zu unserem erweiterten Online-Katalog f\u00fcr Eizellspenderinnen erhalten?<\/strong><\/p>\n<p><a class=\"button\" href=\"#footerform\">Kontaktieren Sie uns!<\/a><\/p>\n<p style=\"font-size: 14px; font-weight: normal;\"><img decoding=\"async\" class=\"w100p\" src=\"https:\/\/olgafertilityclinic.com\/wp-content\/uploads\/2023\/09\/ed-team.jpg\" alt=\"\" \/> Auf diesem Foto sind unsere ehemaligen Eizellenspenderinnen und derzeitigen Mitglieder des O.L.G.A.-Teams zu sehen.<\/p>\n<h2 class=\"cf\">Sie sind nicht der Projektleiter Ihres eigenen Prozesses<\/h2>\n<p>Viele Patienten, die zu O.L.G.A. Fertility kommen, erz\u00e4hlen uns, dass sie sich als Projektmanager ihrer eigenen Fruchtbarkeitsbehandlung gef\u00fchlt haben. Ohne sie w\u00e4re die Behandlung nicht zustandegekommen. Bei O.L.G.A. Fertility m\u00fcssen Sie nicht der Projektleiter Ihrer eigenen Behandlung sein. Sie haben ein pers\u00f6nlich zugewiesenes Team, das Sie durch Ihre Fruchtbarkeitsreise f\u00fchrt und Sie \u00fcber Ihren n\u00e4chsten Schritt mehrere Schritte im Voraus informiert.<\/p>\n<h2 class=\"cf\">Individuelle psychologische Unterst\u00fctzung<\/h2>\n<p>In&nbsp;der Regel haben Paare und alleinstehende Frauen, die bei O.L.G.A. Fertility Hilfe suchen, bereits ein schweres Gep\u00e4ck an frustrierenden Versuchen auf ihren Schultern. Wahre K\u00e4mpfer, wir bewundern Ihre Entschlossenheit und Ihren starken Willen, Eltern zu werden! Dennoch kann sich jeder nach mehreren erfolglosen Versuchen und\/oder Fehlgeburten ersch\u00f6pft, frustriert, hoffnungslos und traurig f\u00fchlen. Wir wissen, wie wichtig es f\u00fcr Sie ist, psychologische Unterst\u00fctzung zu erhalten und Kr\u00e4fte zu sammeln, bevor Sie Ihr neues Projekt in&nbsp;Angriff nehmen. Unsere kooperierenden Perinatalpsychologen haben ihren Schwerpunkt auf Frauen gelegt, die versuchen, schwanger zu werden. Wir bieten Ihnen diese Online-Sitzungen an, um Ihnen zu helfen, den Einfluss Ihrer Vergangenheit auf Ihre Zukunft zu verringern und Energie und Kraft f\u00fcr eine erfolgreiche Reise in&nbsp;Richtung Elternschaft zu sammeln.<\/p>\n<p>Wir bieten Ihnen auch die M\u00f6glichkeit, mit jemandem zu sprechen, der sich in&nbsp;einer \u00e4hnlichen Situation befindet. Mit jemandem zu sprechen, der den gesamten Prozess durchlaufen und das lang ersehnte Ergebnis erreicht hat, ist wie eine Postkarte an Sie aus Ihrer potenziellen gl\u00fccklichen Zukunft. Diese individuellen Telefon-\/Skype-\/Zoom-Gespr\u00e4che mit unseren ehemaligen Patienten, die mit unserer Hilfe Eltern geworden sind, sollen Ihnen helfen, wieder Hoffnung zu sch\u00f6pfen und die Motivation zum Weitermachen zu finden.<\/p>\n<h2 class=\"cf\">Individuelle Hilfe bei der Logistik<\/h2>\n<p>Wir helfen Ihnen bei der Suche nach den besten Reisem\u00f6glichkeiten nach St. Petersburg oder Zypern und empfehlen Ihnen gute Hotels. Wir helfen Ihnen auch bei der Beantragung eines Visums, falls Sie sich f\u00fcr eine Behandlung in&nbsp;der O.L.G.A. Fertility Klinik in&nbsp;St. Petersburg entscheiden. Ihr pers\u00f6nlicher Betreuer wird Ihnen bei der Organisation aller notwendigen Reisedetails behilflich sein, damit die Reise m\u00f6glichst angenehm verl\u00e4uft.<\/p>\n","protected":false},"excerpt":{"rendered":"<p>O.L.G.A. Fertility bietet an zwei Standorten beste M\u00f6glichkeiten f\u00fcr eine erfolgreiche IVF-Behandlung mit eigenen Eizellen, einer Eizellspende oder einer Doppelspende: Am Standort St. Petersburg wird die Fruchtbarkeitsbehandlung in&nbsp;unserer eigenen O.L.G.A. Fertility Klinik durchgef\u00fchrt. In&nbsp;der Republik Zypern organisiert O.L.G.A. Fertility die Fruchtbarkeitsbehandlung in&nbsp;Zusammenarbeit mit den besten lokalen Kliniken und Spezialisten. O.L.G.A. ist die Abk\u00fcrzung f\u00fcr: Offers<\/p>\n","protected":false},"author":1,"featured_media":0,"parent":0,"menu_order":37,"comment_status":"closed","ping_status":"open","template":"","meta":{"footnotes":""},"tags":[],"acf":[],"yoast_head":"<!-- This site is optimized with the Yoast SEO plugin v18.6 - https:\/\/yoast.com\/wordpress\/plugins\/seo\/ -->\n<title>Willkommen bei O.L.G.A. Fertility! - O.L.G.A. Fertility<\/title>\n<meta name=\"description\" content=\"Die O.L.G.A. Fertility-Klinik in St. Petersburg und Zypern ist auf IVF-Behandlungen mit eigenen oder Spender-Eizellen spezialisiert und bietet eine einzigartige 100% Geld-zur\u00fcck-Garantie bei Geburt. Dies bedeutet, dass Sie eine vollst\u00e4ndige R\u00fcckerstattung erhalten, falls innerhalb einer bestimmten Anzahl von Versuchen kein Baby geboren wird. Die Klinik konzentriert sich darauf, die Anzahl der ben\u00f6tigten Versuche f\u00fcr eine erfolgreiche Schwangerschaft zu reduzieren, insbesondere bei Frauen \u00fcber 35, durch Techniken wie PGT-A (chromosomales Screening von Embryonen).\" \/>\n<meta name=\"robots\" content=\"index, follow, max-snippet:-1, max-image-preview:large, max-video-preview:-1\" \/>\n<link rel=\"canonical\" href=\"https:\/\/olgafertilityclinic.com\/de\/\" \/>\n<meta property=\"og:locale\" content=\"de_DE\" \/>\n<meta property=\"og:type\" content=\"article\" \/>\n<meta property=\"og:title\" content=\"Willkommen bei O.L.G.A. Fertility! - O.L.G.A. Fertility\" \/>\n<meta property=\"og:description\" content=\"Die O.L.G.A. Fertility-Klinik in St. Petersburg und Zypern ist auf IVF-Behandlungen mit eigenen oder Spender-Eizellen spezialisiert und bietet eine einzigartige 100% Geld-zur\u00fcck-Garantie bei Geburt. Dies bedeutet, dass Sie eine vollst\u00e4ndige R\u00fcckerstattung erhalten, falls innerhalb einer bestimmten Anzahl von Versuchen kein Baby geboren wird. Die Klinik konzentriert sich darauf, die Anzahl der ben\u00f6tigten Versuche f\u00fcr eine erfolgreiche Schwangerschaft zu reduzieren, insbesondere bei Frauen \u00fcber 35, durch Techniken wie PGT-A (chromosomales Screening von Embryonen).\" \/>\n<meta property=\"og:url\" content=\"https:\/\/olgafertilityclinic.com\/de\/\" \/>\n<meta property=\"og:site_name\" content=\"O.L.G.A. Fertility\" \/>\n<meta property=\"article:modified_time\" content=\"2024-06-14T12:51:10+00:00\" \/>\n<meta property=\"og:image\" content=\"https:\/\/olgafertilityclinic.com\/wp-content\/uploads\/2023\/09\/stp-cyp-web.jpg\" \/>\n<meta name=\"twitter:card\" content=\"summary_large_image\" \/>\n<meta name=\"twitter:label1\" content=\"Gesch\u00e4tzte Lesezeit\" \/>\n\t<meta name=\"twitter:data1\" content=\"7\u00a0Minuten\" \/>\n<script type=\"application\/ld+json\" class=\"yoast-schema-graph\">{\"@context\":\"https:\/\/schema.org\",\"@graph\":[{\"@type\":\"WebSite\",\"@id\":\"https:\/\/olgafertilityclinic.com\/de\/#website\",\"url\":\"https:\/\/olgafertilityclinic.com\/de\/\",\"name\":\"O.L.G.A. Fertility\",\"description\":\"Cyprus  and St. Petersburg\",\"potentialAction\":[{\"@type\":\"SearchAction\",\"target\":{\"@type\":\"EntryPoint\",\"urlTemplate\":\"https:\/\/olgafertilityclinic.com\/de\/?s={search_term_string}\"},\"query-input\":\"required name=search_term_string\"}],\"inLanguage\":\"de\"},{\"@type\":\"ImageObject\",\"@id\":\"https:\/\/olgafertilityclinic.com\/de\/#primaryimage\",\"inLanguage\":\"de\",\"url\":\"https:\/\/olgafertilityclinic.com\/wp-content\/uploads\/2023\/09\/stp-cyp-web.jpg\",\"contentUrl\":\"https:\/\/olgafertilityclinic.com\/wp-content\/uploads\/2023\/09\/stp-cyp-web.jpg\",\"width\":2000,\"height\":715},{\"@type\":\"WebPage\",\"@id\":\"https:\/\/olgafertilityclinic.com\/de\/#webpage\",\"url\":\"https:\/\/olgafertilityclinic.com\/de\/\",\"name\":\"Willkommen bei O.L.G.A. Fertility! - O.L.G.A. Fertility\",\"isPartOf\":{\"@id\":\"https:\/\/olgafertilityclinic.com\/de\/#website\"},\"primaryImageOfPage\":{\"@id\":\"https:\/\/olgafertilityclinic.com\/de\/#primaryimage\"},\"datePublished\":\"2020-06-15T12:00:00+00:00\",\"dateModified\":\"2024-06-14T12:51:10+00:00\",\"description\":\"Die O.L.G.A. Fertility-Klinik in St. Petersburg und Zypern ist auf IVF-Behandlungen mit eigenen oder Spender-Eizellen spezialisiert und bietet eine einzigartige 100% Geld-zur\u00fcck-Garantie bei Geburt. Dies bedeutet, dass Sie eine vollst\u00e4ndige R\u00fcckerstattung erhalten, falls innerhalb einer bestimmten Anzahl von Versuchen kein Baby geboren wird. Die Klinik konzentriert sich darauf, die Anzahl der ben\u00f6tigten Versuche f\u00fcr eine erfolgreiche Schwangerschaft zu reduzieren, insbesondere bei Frauen \u00fcber 35, durch Techniken wie PGT-A (chromosomales Screening von Embryonen).\",\"breadcrumb\":{\"@id\":\"https:\/\/olgafertilityclinic.com\/de\/#breadcrumb\"},\"inLanguage\":\"de\",\"potentialAction\":[{\"@type\":\"ReadAction\",\"target\":[\"https:\/\/olgafertilityclinic.com\/de\/\"]}]},{\"@type\":\"BreadcrumbList\",\"@id\":\"https:\/\/olgafertilityclinic.com\/de\/#breadcrumb\",\"itemListElement\":[{\"@type\":\"ListItem\",\"position\":1,\"name\":\"Home\",\"item\":\"https:\/\/olgafertilityclinic.com\/de\/\"},{\"@type\":\"ListItem\",\"position\":2,\"name\":\"Willkommen bei O.L.G.A. Fertility!\"}]}]}<\/script>\n<!-- \/ Yoast SEO plugin. -->","yoast_head_json":{"title":"Willkommen bei O.L.G.A. Fertility! - O.L.G.A. Fertility","description":"Die O.L.G.A. Fertility-Klinik in St. Petersburg und Zypern ist auf IVF-Behandlungen mit eigenen oder Spender-Eizellen spezialisiert und bietet eine einzigartige 100% Geld-zur\u00fcck-Garantie bei Geburt. Dies bedeutet, dass Sie eine vollst\u00e4ndige R\u00fcckerstattung erhalten, falls innerhalb einer bestimmten Anzahl von Versuchen kein Baby geboren wird. Die Klinik konzentriert sich darauf, die Anzahl der ben\u00f6tigten Versuche f\u00fcr eine erfolgreiche Schwangerschaft zu reduzieren, insbesondere bei Frauen \u00fcber 35, durch Techniken wie PGT-A (chromosomales Screening von Embryonen).","robots":{"index":"index","follow":"follow","max-snippet":"max-snippet:-1","max-image-preview":"max-image-preview:large","max-video-preview":"max-video-preview:-1"},"canonical":"https:\/\/olgafertilityclinic.com\/de\/","og_locale":"de_DE","og_type":"article","og_title":"Willkommen bei O.L.G.A. Fertility! - O.L.G.A. Fertility","og_description":"Die O.L.G.A. Fertility-Klinik in St. Petersburg und Zypern ist auf IVF-Behandlungen mit eigenen oder Spender-Eizellen spezialisiert und bietet eine einzigartige 100% Geld-zur\u00fcck-Garantie bei Geburt. Dies bedeutet, dass Sie eine vollst\u00e4ndige R\u00fcckerstattung erhalten, falls innerhalb einer bestimmten Anzahl von Versuchen kein Baby geboren wird. Die Klinik konzentriert sich darauf, die Anzahl der ben\u00f6tigten Versuche f\u00fcr eine erfolgreiche Schwangerschaft zu reduzieren, insbesondere bei Frauen \u00fcber 35, durch Techniken wie PGT-A (chromosomales Screening von Embryonen).","og_url":"https:\/\/olgafertilityclinic.com\/de\/","og_site_name":"O.L.G.A. Fertility","article_modified_time":"2024-06-14T12:51:10+00:00","og_image":[{"url":"https:\/\/olgafertilityclinic.com\/wp-content\/uploads\/2023\/09\/stp-cyp-web.jpg"}],"twitter_card":"summary_large_image","twitter_misc":{"Gesch\u00e4tzte Lesezeit":"7\u00a0Minuten"},"schema":{"@context":"https:\/\/schema.org","@graph":[{"@type":"WebSite","@id":"https:\/\/olgafertilityclinic.com\/de\/#website","url":"https:\/\/olgafertilityclinic.com\/de\/","name":"O.L.G.A. Fertility","description":"Cyprus  and St. Petersburg","potentialAction":[{"@type":"SearchAction","target":{"@type":"EntryPoint","urlTemplate":"https:\/\/olgafertilityclinic.com\/de\/?s={search_term_string}"},"query-input":"required name=search_term_string"}],"inLanguage":"de"},{"@type":"ImageObject","@id":"https:\/\/olgafertilityclinic.com\/de\/#primaryimage","inLanguage":"de","url":"https:\/\/olgafertilityclinic.com\/wp-content\/uploads\/2023\/09\/stp-cyp-web.jpg","contentUrl":"https:\/\/olgafertilityclinic.com\/wp-content\/uploads\/2023\/09\/stp-cyp-web.jpg","width":2000,"height":715},{"@type":"WebPage","@id":"https:\/\/olgafertilityclinic.com\/de\/#webpage","url":"https:\/\/olgafertilityclinic.com\/de\/","name":"Willkommen bei O.L.G.A. Fertility! - O.L.G.A. Fertility","isPartOf":{"@id":"https:\/\/olgafertilityclinic.com\/de\/#website"},"primaryImageOfPage":{"@id":"https:\/\/olgafertilityclinic.com\/de\/#primaryimage"},"datePublished":"2020-06-15T12:00:00+00:00","dateModified":"2024-06-14T12:51:10+00:00","description":"Die O.L.G.A. Fertility-Klinik in St. Petersburg und Zypern ist auf IVF-Behandlungen mit eigenen oder Spender-Eizellen spezialisiert und bietet eine einzigartige 100% Geld-zur\u00fcck-Garantie bei Geburt. Dies bedeutet, dass Sie eine vollst\u00e4ndige R\u00fcckerstattung erhalten, falls innerhalb einer bestimmten Anzahl von Versuchen kein Baby geboren wird. Die Klinik konzentriert sich darauf, die Anzahl der ben\u00f6tigten Versuche f\u00fcr eine erfolgreiche Schwangerschaft zu reduzieren, insbesondere bei Frauen \u00fcber 35, durch Techniken wie PGT-A (chromosomales Screening von Embryonen).","breadcrumb":{"@id":"https:\/\/olgafertilityclinic.com\/de\/#breadcrumb"},"inLanguage":"de","potentialAction":[{"@type":"ReadAction","target":["https:\/\/olgafertilityclinic.com\/de\/"]}]},{"@type":"BreadcrumbList","@id":"https:\/\/olgafertilityclinic.com\/de\/#breadcrumb","itemListElement":[{"@type":"ListItem","position":1,"name":"Home","item":"https:\/\/olgafertilityclinic.com\/de\/"},{"@type":"ListItem","position":2,"name":"Willkommen bei O.L.G.A. Fertility!"}]}]}},"_links":{"self":[{"href":"https:\/\/olgafertilityclinic.com\/de\/wp-json\/wp\/v2\/pages\/16399"}],"collection":[{"href":"https:\/\/olgafertilityclinic.com\/de\/wp-json\/wp\/v2\/pages"}],"about":[{"href":"https:\/\/olgafertilityclinic.com\/de\/wp-json\/wp\/v2\/types\/page"}],"author":[{"embeddable":true,"href":"https:\/\/olgafertilityclinic.com\/de\/wp-json\/wp\/v2\/users\/1"}],"replies":[{"embeddable":true,"href":"https:\/\/olgafertilityclinic.com\/de\/wp-json\/wp\/v2\/comments?post=16399"}],"version-history":[{"count":6,"href":"https:\/\/olgafertilityclinic.com\/de\/wp-json\/wp\/v2\/pages\/16399\/revisions"}],"predecessor-version":[{"id":20445,"href":"https:\/\/olgafertilityclinic.com\/de\/wp-json\/wp\/v2\/pages\/16399\/revisions\/20445"}],"wp:attachment":[{"href":"https:\/\/olgafertilityclinic.com\/de\/wp-json\/wp\/v2\/media?parent=16399"}],"wp:term":[{"taxonomy":"post_tag","embeddable":true,"href":"https:\/\/olgafertilityclinic.com\/de\/wp-json\/wp\/v2\/tags?post=16399"}],"curies":[{"name":"wp","href":"https:\/\/api.w.org\/{rel}","templated":true}]}}