{"id":16451,"date":"2023-11-16T06:29:45","date_gmt":"2023-11-16T06:29:45","guid":{"rendered":"https:\/\/olgafertilityclinic.com\/?page_id=16451"},"modified":"2024-10-10T09:17:23","modified_gmt":"2024-10-10T09:17:23","slug":"wem-kann-die-eizell-und-doppelspende-helfen","status":"publish","type":"page","link":"https:\/\/olgafertilityclinic.com\/de\/eizellspende\/wem-kann-die-eizell-und-doppelspende-helfen\/","title":{"rendered":"Wem kann die Eizell- und Doppelspende helfen?"},"content":{"rendered":"<p style=\"font-weight: 400;\">Die Eizell- und Doppelspende ist nie die Methode der Wahl, sondern kommt zum Einsatz, wenn sich alle anderen Methoden als ineffizient erwiesen haben oder nur geringe Erfolgsaussichten bieten. Sie kann eine Abk\u00fcrzung zu einer erfolgreichen Schwangerschaft und Lebendgeburt f\u00fcr die alleinstehenden Frauen und Paare sein, die bereits einen langen Weg zur Gr\u00fcndung einer Familie hinter sich haben.<\/p>\n<p>Die Eizellspende ist auch eine M\u00f6glichkeit f\u00fcr Paare, die sich erst sp\u00e4t im Leben kennengelernt haben und sich ein gemeinsames Kind oder gemeinsame Kinder w\u00fcnschen. Eine Doppelspende kann f\u00fcr alleinstehende Frauen, die sich mit Mitte\/Ende 40 oder sogar Anfang 50 f\u00fcr ein eigenes Kind entscheiden, der wirksame Weg zur Elternschaft sein.<\/p>\n<p style=\"font-weight: 400;\"><strong>Eine Eizellen- oder Doppelspende kann f\u00fcr Sie eine Abk\u00fcrzung zu einer erfolgreichen Schwangerschaft sein, wenn Sie:<\/strong><\/p>\n<ul style=\"font-weight: 400;\">\n<li>Mitte\/Ende 40 oder Anfang 50 sind<\/li>\n<li>Geringe ovarielle Reserven haben<\/li>\n<li>eine genetische Erkrankung haben<\/li>\n<li>mehrere erfolglose IVF-Versuche mit Ihren eigenen Eizellen hinter sich haben<\/li>\n<li>wenn die Anzahl der m\u00f6glichen IVF-Versuche mit eigenen Eizellen, die zur Erreichung einer Lebendgeburt erforderlich sind, unrealistisch hoch ist.<\/li>\n<\/ul>\n<p>F\u00fcr eine Behandlung mit Spender-Eizellen bei O.L.G.A. Fertility in&nbsp;St. Petersburg oder auf Zypern, k\u00f6nnen Sie verheiratet, in&nbsp;einer Beziehung lebend oder alleinstehend sein. F\u00fcr Behandlungen sowohl in&nbsp;St. Petersburg als auch auf Zypern sollten Sie Ihr 53. Lebensjahr noch nicht vollendet haben.<\/p>\n<p>Ihr Alter und Ihr Menstruationszyklus, ob regelm\u00e4\u00dfig, unregelm\u00e4\u00dfig oder nicht vorhanden, haben keinen Einfluss auf Ihre Chancen auf eine erfolgreiche Schwangerschaft und eine Lebendgeburt mit Spender-Eizellen: Die Chance auf eine Lebendgeburt liegt bei etwa 50&nbsp;% pro \u00fcbertragenem Embryo, unabh\u00e4ngig vom Alter oder Zyklus der Empf\u00e4ngerin. Damit sich ihr Traum, Eltern zu werden erf\u00fcllen kann, ist es wichtig, dass Sie k\u00f6rperlich und seelisch gesund sind. Um den Rest \u2013 darauf, dass Ihre Geb\u00e4rmutter optimal vorbereitet ist \u2013 k\u00fcmmern wir uns! \u00a0<\/p>\n<p>Wir hei\u00dfen Sie willkommen, Ihre Reise mit O.L.G.A. Fertility entweder auf Zypern oder in&nbsp;St. Petersburg zu beginnen und sind bereit, uns an beiden Standorten bestm\u00f6glich um Sie, Ihre Bed\u00fcrfnisse und W\u00fcnsche zu k\u00fcmmern.<\/p>\n<p style=\"font-weight: 400;\">\u00a0<\/p>\n","protected":false},"excerpt":{"rendered":"<p>Die Eizell- und Doppelspende ist nie die Methode der Wahl, sondern kommt zum Einsatz, wenn sich alle anderen Methoden als ineffizient erwiesen haben oder nur geringe Erfolgsaussichten bieten. Sie kann eine Abk\u00fcrzung zu einer erfolgreichen Schwangerschaft und Lebendgeburt f\u00fcr die alleinstehenden Frauen und Paare sein, die bereits einen langen Weg zur Gr\u00fcndung einer Familie hinter<\/p>\n","protected":false},"author":1,"featured_media":0,"parent":7793,"menu_order":3,"comment_status":"closed","ping_status":"closed","template":"","meta":{"footnotes":""},"tags":[],"acf":[],"yoast_head":"<!-- This site is optimized with the Yoast SEO plugin v18.6 - https:\/\/yoast.com\/wordpress\/plugins\/seo\/ -->\n<title>Wem kann die Eizell- und Doppelspende helfen? - O.L.G.A. Fertility<\/title>\n<meta name=\"robots\" content=\"index, follow, max-snippet:-1, max-image-preview:large, max-video-preview:-1\" \/>\n<link rel=\"canonical\" href=\"https:\/\/olgafertilityclinic.com\/de\/eizellspende\/wem-kann-die-eizell-und-doppelspende-helfen\/\" \/>\n<meta property=\"og:locale\" content=\"de_DE\" \/>\n<meta property=\"og:type\" content=\"article\" \/>\n<meta property=\"og:title\" content=\"Wem kann die Eizell- und Doppelspende helfen? - O.L.G.A. Fertility\" \/>\n<meta property=\"og:description\" content=\"Die Eizell- und Doppelspende ist nie die Methode der Wahl, sondern kommt zum Einsatz, wenn sich alle anderen Methoden als ineffizient erwiesen haben oder nur geringe Erfolgsaussichten bieten. Sie kann eine Abk\u00fcrzung zu einer erfolgreichen Schwangerschaft und Lebendgeburt f\u00fcr die alleinstehenden Frauen und Paare sein, die bereits einen langen Weg zur Gr\u00fcndung einer Familie hinter\" \/>\n<meta property=\"og:url\" content=\"https:\/\/olgafertilityclinic.com\/de\/eizellspende\/wem-kann-die-eizell-und-doppelspende-helfen\/\" \/>\n<meta property=\"og:site_name\" content=\"O.L.G.A. Fertility\" \/>\n<meta property=\"article:modified_time\" content=\"2024-10-10T09:17:23+00:00\" \/>\n<meta name=\"twitter:card\" content=\"summary_large_image\" \/>\n<meta name=\"twitter:label1\" content=\"Gesch\u00e4tzte Lesezeit\" \/>\n\t<meta name=\"twitter:data1\" content=\"2\u00a0Minuten\" \/>\n<script type=\"application\/ld+json\" class=\"yoast-schema-graph\">{\"@context\":\"https:\/\/schema.org\",\"@graph\":[{\"@type\":\"WebSite\",\"@id\":\"https:\/\/olgafertilityclinic.com\/de\/#website\",\"url\":\"https:\/\/olgafertilityclinic.com\/de\/\",\"name\":\"O.L.G.A. Fertility\",\"description\":\"Cyprus  and St. Petersburg\",\"potentialAction\":[{\"@type\":\"SearchAction\",\"target\":{\"@type\":\"EntryPoint\",\"urlTemplate\":\"https:\/\/olgafertilityclinic.com\/de\/?s={search_term_string}\"},\"query-input\":\"required name=search_term_string\"}],\"inLanguage\":\"de\"},{\"@type\":\"WebPage\",\"@id\":\"https:\/\/olgafertilityclinic.com\/de\/eizellspende\/wem-kann-die-eizell-und-doppelspende-helfen\/#webpage\",\"url\":\"https:\/\/olgafertilityclinic.com\/de\/eizellspende\/wem-kann-die-eizell-und-doppelspende-helfen\/\",\"name\":\"Wem kann die Eizell- und Doppelspende helfen? - O.L.G.A. Fertility\",\"isPartOf\":{\"@id\":\"https:\/\/olgafertilityclinic.com\/de\/#website\"},\"datePublished\":\"2023-11-16T06:29:45+00:00\",\"dateModified\":\"2024-10-10T09:17:23+00:00\",\"breadcrumb\":{\"@id\":\"https:\/\/olgafertilityclinic.com\/de\/eizellspende\/wem-kann-die-eizell-und-doppelspende-helfen\/#breadcrumb\"},\"inLanguage\":\"de\",\"potentialAction\":[{\"@type\":\"ReadAction\",\"target\":[\"https:\/\/olgafertilityclinic.com\/de\/eizellspende\/wem-kann-die-eizell-und-doppelspende-helfen\/\"]}]},{\"@type\":\"BreadcrumbList\",\"@id\":\"https:\/\/olgafertilityclinic.com\/de\/eizellspende\/wem-kann-die-eizell-und-doppelspende-helfen\/#breadcrumb\",\"itemListElement\":[{\"@type\":\"ListItem\",\"position\":1,\"name\":\"Home\",\"item\":\"https:\/\/olgafertilityclinic.com\/de\/\"},{\"@type\":\"ListItem\",\"position\":2,\"name\":\"Eizellspende mit Ihrer besonderen, einzigartigen Eizellspenderin und Baby Garantie\",\"item\":\"https:\/\/olgafertilityclinic.com\/de\/eizellspende\/\"},{\"@type\":\"ListItem\",\"position\":3,\"name\":\"Wem kann die Eizell- und Doppelspende helfen?\"}]}]}<\/script>\n<!-- \/ Yoast SEO plugin. -->","yoast_head_json":{"title":"Wem kann die Eizell- und Doppelspende helfen? - O.L.G.A. Fertility","robots":{"index":"index","follow":"follow","max-snippet":"max-snippet:-1","max-image-preview":"max-image-preview:large","max-video-preview":"max-video-preview:-1"},"canonical":"https:\/\/olgafertilityclinic.com\/de\/eizellspende\/wem-kann-die-eizell-und-doppelspende-helfen\/","og_locale":"de_DE","og_type":"article","og_title":"Wem kann die Eizell- und Doppelspende helfen? - O.L.G.A. Fertility","og_description":"Die Eizell- und Doppelspende ist nie die Methode der Wahl, sondern kommt zum Einsatz, wenn sich alle anderen Methoden als ineffizient erwiesen haben oder nur geringe Erfolgsaussichten bieten. Sie kann eine Abk\u00fcrzung zu einer erfolgreichen Schwangerschaft und Lebendgeburt f\u00fcr die alleinstehenden Frauen und Paare sein, die bereits einen langen Weg zur Gr\u00fcndung einer Familie hinter","og_url":"https:\/\/olgafertilityclinic.com\/de\/eizellspende\/wem-kann-die-eizell-und-doppelspende-helfen\/","og_site_name":"O.L.G.A. Fertility","article_modified_time":"2024-10-10T09:17:23+00:00","twitter_card":"summary_large_image","twitter_misc":{"Gesch\u00e4tzte Lesezeit":"2\u00a0Minuten"},"schema":{"@context":"https:\/\/schema.org","@graph":[{"@type":"WebSite","@id":"https:\/\/olgafertilityclinic.com\/de\/#website","url":"https:\/\/olgafertilityclinic.com\/de\/","name":"O.L.G.A. Fertility","description":"Cyprus  and St. Petersburg","potentialAction":[{"@type":"SearchAction","target":{"@type":"EntryPoint","urlTemplate":"https:\/\/olgafertilityclinic.com\/de\/?s={search_term_string}"},"query-input":"required name=search_term_string"}],"inLanguage":"de"},{"@type":"WebPage","@id":"https:\/\/olgafertilityclinic.com\/de\/eizellspende\/wem-kann-die-eizell-und-doppelspende-helfen\/#webpage","url":"https:\/\/olgafertilityclinic.com\/de\/eizellspende\/wem-kann-die-eizell-und-doppelspende-helfen\/","name":"Wem kann die Eizell- und Doppelspende helfen? - O.L.G.A. Fertility","isPartOf":{"@id":"https:\/\/olgafertilityclinic.com\/de\/#website"},"datePublished":"2023-11-16T06:29:45+00:00","dateModified":"2024-10-10T09:17:23+00:00","breadcrumb":{"@id":"https:\/\/olgafertilityclinic.com\/de\/eizellspende\/wem-kann-die-eizell-und-doppelspende-helfen\/#breadcrumb"},"inLanguage":"de","potentialAction":[{"@type":"ReadAction","target":["https:\/\/olgafertilityclinic.com\/de\/eizellspende\/wem-kann-die-eizell-und-doppelspende-helfen\/"]}]},{"@type":"BreadcrumbList","@id":"https:\/\/olgafertilityclinic.com\/de\/eizellspende\/wem-kann-die-eizell-und-doppelspende-helfen\/#breadcrumb","itemListElement":[{"@type":"ListItem","position":1,"name":"Home","item":"https:\/\/olgafertilityclinic.com\/de\/"},{"@type":"ListItem","position":2,"name":"Eizellspende mit Ihrer besonderen, einzigartigen Eizellspenderin und Baby Garantie","item":"https:\/\/olgafertilityclinic.com\/de\/eizellspende\/"},{"@type":"ListItem","position":3,"name":"Wem kann die Eizell- und Doppelspende helfen?"}]}]}},"_links":{"self":[{"href":"https:\/\/olgafertilityclinic.com\/de\/wp-json\/wp\/v2\/pages\/16451"}],"collection":[{"href":"https:\/\/olgafertilityclinic.com\/de\/wp-json\/wp\/v2\/pages"}],"about":[{"href":"https:\/\/olgafertilityclinic.com\/de\/wp-json\/wp\/v2\/types\/page"}],"author":[{"embeddable":true,"href":"https:\/\/olgafertilityclinic.com\/de\/wp-json\/wp\/v2\/users\/1"}],"replies":[{"embeddable":true,"href":"https:\/\/olgafertilityclinic.com\/de\/wp-json\/wp\/v2\/comments?post=16451"}],"version-history":[{"count":5,"href":"https:\/\/olgafertilityclinic.com\/de\/wp-json\/wp\/v2\/pages\/16451\/revisions"}],"predecessor-version":[{"id":21138,"href":"https:\/\/olgafertilityclinic.com\/de\/wp-json\/wp\/v2\/pages\/16451\/revisions\/21138"}],"up":[{"embeddable":true,"href":"https:\/\/olgafertilityclinic.com\/de\/wp-json\/wp\/v2\/pages\/7793"}],"wp:attachment":[{"href":"https:\/\/olgafertilityclinic.com\/de\/wp-json\/wp\/v2\/media?parent=16451"}],"wp:term":[{"taxonomy":"post_tag","embeddable":true,"href":"https:\/\/olgafertilityclinic.com\/de\/wp-json\/wp\/v2\/tags?post=16451"}],"curies":[{"name":"wp","href":"https:\/\/api.w.org\/{rel}","templated":true}]}}