{"id":16540,"date":"2023-11-16T15:55:50","date_gmt":"2023-11-16T15:55:50","guid":{"rendered":"https:\/\/olgafertilityclinic.com\/?page_id=16540"},"modified":"2023-12-14T10:13:58","modified_gmt":"2023-12-14T10:13:58","slug":"katalog-der-eizellspenderinnen","status":"publish","type":"page","link":"https:\/\/olgafertilityclinic.com\/de\/eizellspende-datenbank\/katalog-der-eizellspenderinnen\/","title":{"rendered":"Beispiel f\u00fcr das erweiterte Profil der Eizellspenderin"},"content":{"rendered":"<p><!--<img decoding=\"async\" class=\"w100p\" src=\"\/i\/edl-edcat-de.jpg\" style=\"margin-bottom: 0;\"\/>\n\n\n<div class=\"ed-lnd\">\n\n\n<div class=\"entry-content\">\n\n\n<div class=\"ts-row grid cf nobotpad\">\n\n\n<div class=\"col-6\">\n\n\n<h3 style=\"font-size:1.8rem;\">Heute sind 91 Spenderinnen in&nbsp;unserem Katalog von Eizellspenderinnen verf\u00fcgbar<\/h3>\n\n\n\n\n<div class=\"stat-block\"><span class=\"eddb-info clr1\">46<\/span> Eizellspenderinnen mit Hochschulausbilgung<\/div>\n\n\n\n\n<div class=\"stat-block\"><span class=\"eddb-info clr2\">58<\/span> Eizellspenderinnen mit blonden Haaren<\/div>\n\n\n\n\n<div class=\"stat-block\"><span class=\"eddb-info clr3\">56<\/span> Eizellspenderinnen mit blauen Augen<\/div>\n\n\n<\/div>\n\n\n\n\n<div class=\"col-6\">\n\n\n<h3 style=\"font-size:1.8rem;\">Wer sind unsere Eizellspenderinnen?<\/h3>\n\n\n\n\n<p>Unsere Eizellspenderinnen sind alle gebildete junge Frauen unter 30 Jahren. Sie sind alle bei guter Gesundheit und haben selbst gesunde Kinder.<\/p>\n\n\n\n\n<p>Unsere Eizellspenderinnen haben ein echtes Bed\u00fcrfnis, unseren Patientinnen zu helfen, da sie wissen, wie lebensver\u00e4ndernd die Geburt eines Kindes sein kann und wie viel gl\u00fccklicher und heller alles um einen herum pl\u00f6tzlich wird, wenn ein Baby da ist.<\/p>\n\n\n<\/div>\n\n\n<\/div>\n\n\n\n\n<p><strong>Das erweiterte Profil der Eizellspenderin umfasst:<\/strong><\/p>\n\n\n\n\n<p><img decoding=\"async\" class=\"w100p\" style=\"margin-bottom: .5rem;\" src=\"\/i\/ext-prof-params-w-de.jpg\" \/><\/p>\n\n\n\n\n<p class=\"ctatxt\">M\u00f6chten Sie einen kostenlosen Zugang zu unserem Katalog von Eizellspenderinnen erhalten? Kontaktieren Sie uns!<\/p>\n\n\n\n\n<p class=\"al\"><a class=\"button\" href=\"#footerform\">Bekommen Sie einen kostenlosen Zugang zu unserem Katalog von Eizellspenderinnen<\/a><\/p>\n\n\n\n\n<h3 id=\"p-example\">Beispiel f\u00fcr das erweiterte Profil der Eizellspenderin<\/h3>\n\n\n--><\/p>\n<p>\n<img decoding=\"async\" class=\"w100p\" src=\"\/i\/ideas-profile\/full-profile_01.jpg\" \/> <img decoding=\"async\" class=\"w100p\" src=\"\/i\/ideas-profile\/full-profile_02.jpg\" \/> <\/p>\n<p class=\"al\"><a class=\"button\" href=\"#footerform\">Bekommen Sie einen kostenlosen Zugang zu unserem Katalog von Eizellspenderinnen<\/a><\/p>\n<p><img decoding=\"async\" class=\"w100p\" src=\"\/i\/ideas-profile\/full-profile_03.jpg\" \/> <img decoding=\"async\" class=\"w100p\" src=\"\/i\/ideas-profile\/full-profile_04.jpg\" \/> <img decoding=\"async\" class=\"w100p\" src=\"\/i\/ideas-profile\/full-profile_05.jpg\" \/><\/p>\n<p class=\"al\"><a class=\"button\" href=\"#footerform\">Bekommen Sie einen kostenlosen Zugang zu unserem Katalog von Eizellspenderinnen<\/a><\/p>\n<p> <img decoding=\"async\" class=\"w100p\" src=\"\/i\/ideas-profile\/full-profile_06.jpg\" \/> <img decoding=\"async\" class=\"w100p\" src=\"\/i\/ideas-profile\/full-profile_07.jpg\" \/><\/p>\n<\/div>\n<\/div>\n","protected":false},"excerpt":{"rendered":"<p>Bekommen Sie einen kostenlosen Zugang zu unserem Katalog von Eizellspenderinnen Bekommen Sie einen kostenlosen Zugang zu unserem Katalog von Eizellspenderinnen<\/p>\n","protected":false},"author":1,"featured_media":0,"parent":19372,"menu_order":2,"comment_status":"closed","ping_status":"closed","template":"","meta":{"footnotes":""},"tags":[],"acf":[],"yoast_head":"<!-- This site is optimized with the Yoast SEO plugin v18.6 - https:\/\/yoast.com\/wordpress\/plugins\/seo\/ -->\n<title>Beispiel f\u00fcr das erweiterte Profil der Eizellspenderin - O.L.G.A. Fertility<\/title>\n<meta name=\"robots\" content=\"index, follow, max-snippet:-1, max-image-preview:large, max-video-preview:-1\" \/>\n<link rel=\"canonical\" href=\"https:\/\/olgafertilityclinic.com\/de\/eizellspende-datenbank\/katalog-der-eizellspenderinnen\/\" \/>\n<meta property=\"og:locale\" content=\"de_DE\" \/>\n<meta property=\"og:type\" content=\"article\" \/>\n<meta property=\"og:title\" content=\"Beispiel f\u00fcr das erweiterte Profil der Eizellspenderin - O.L.G.A. Fertility\" \/>\n<meta property=\"og:description\" content=\"Bekommen Sie einen kostenlosen Zugang zu unserem Katalog von Eizellspenderinnen Bekommen Sie einen kostenlosen Zugang zu unserem Katalog von Eizellspenderinnen\" \/>\n<meta property=\"og:url\" content=\"https:\/\/olgafertilityclinic.com\/de\/eizellspende-datenbank\/katalog-der-eizellspenderinnen\/\" \/>\n<meta property=\"og:site_name\" content=\"O.L.G.A. Fertility\" \/>\n<meta property=\"article:modified_time\" content=\"2023-12-14T10:13:58+00:00\" \/>\n<meta name=\"twitter:card\" content=\"summary_large_image\" \/>\n<script type=\"application\/ld+json\" class=\"yoast-schema-graph\">{\"@context\":\"https:\/\/schema.org\",\"@graph\":[{\"@type\":\"WebSite\",\"@id\":\"https:\/\/olgafertilityclinic.com\/de\/#website\",\"url\":\"https:\/\/olgafertilityclinic.com\/de\/\",\"name\":\"O.L.G.A. Fertility\",\"description\":\"Cyprus  and St. Petersburg\",\"potentialAction\":[{\"@type\":\"SearchAction\",\"target\":{\"@type\":\"EntryPoint\",\"urlTemplate\":\"https:\/\/olgafertilityclinic.com\/de\/?s={search_term_string}\"},\"query-input\":\"required name=search_term_string\"}],\"inLanguage\":\"de\"},{\"@type\":\"WebPage\",\"@id\":\"https:\/\/olgafertilityclinic.com\/de\/eizellspende-datenbank\/katalog-der-eizellspenderinnen\/#webpage\",\"url\":\"https:\/\/olgafertilityclinic.com\/de\/eizellspende-datenbank\/katalog-der-eizellspenderinnen\/\",\"name\":\"Beispiel f\u00fcr das erweiterte Profil der Eizellspenderin - O.L.G.A. Fertility\",\"isPartOf\":{\"@id\":\"https:\/\/olgafertilityclinic.com\/de\/#website\"},\"datePublished\":\"2023-11-16T15:55:50+00:00\",\"dateModified\":\"2023-12-14T10:13:58+00:00\",\"breadcrumb\":{\"@id\":\"https:\/\/olgafertilityclinic.com\/de\/eizellspende-datenbank\/katalog-der-eizellspenderinnen\/#breadcrumb\"},\"inLanguage\":\"de\",\"potentialAction\":[{\"@type\":\"ReadAction\",\"target\":[\"https:\/\/olgafertilityclinic.com\/de\/eizellspende-datenbank\/katalog-der-eizellspenderinnen\/\"]}]},{\"@type\":\"BreadcrumbList\",\"@id\":\"https:\/\/olgafertilityclinic.com\/de\/eizellspende-datenbank\/katalog-der-eizellspenderinnen\/#breadcrumb\",\"itemListElement\":[{\"@type\":\"ListItem\",\"position\":1,\"name\":\"Home\",\"item\":\"https:\/\/olgafertilityclinic.com\/de\/\"},{\"@type\":\"ListItem\",\"position\":2,\"name\":\"Eizellspende mit Ihrer besonderen, einzigartigen Eizellspenderin und Baby Garantie\",\"item\":\"https:\/\/olgafertilityclinic.com\/de\/eizellspende\/\"},{\"@type\":\"ListItem\",\"position\":3,\"name\":\"Beispiel f\u00fcr das erweiterte Profil der Eizellspenderin\"}]}]}<\/script>\n<!-- \/ Yoast SEO plugin. -->","yoast_head_json":{"title":"Beispiel f\u00fcr das erweiterte Profil der Eizellspenderin - O.L.G.A. Fertility","robots":{"index":"index","follow":"follow","max-snippet":"max-snippet:-1","max-image-preview":"max-image-preview:large","max-video-preview":"max-video-preview:-1"},"canonical":"https:\/\/olgafertilityclinic.com\/de\/eizellspende-datenbank\/katalog-der-eizellspenderinnen\/","og_locale":"de_DE","og_type":"article","og_title":"Beispiel f\u00fcr das erweiterte Profil der Eizellspenderin - O.L.G.A. Fertility","og_description":"Bekommen Sie einen kostenlosen Zugang zu unserem Katalog von Eizellspenderinnen Bekommen Sie einen kostenlosen Zugang zu unserem Katalog von Eizellspenderinnen","og_url":"https:\/\/olgafertilityclinic.com\/de\/eizellspende-datenbank\/katalog-der-eizellspenderinnen\/","og_site_name":"O.L.G.A. Fertility","article_modified_time":"2023-12-14T10:13:58+00:00","twitter_card":"summary_large_image","schema":{"@context":"https:\/\/schema.org","@graph":[{"@type":"WebSite","@id":"https:\/\/olgafertilityclinic.com\/de\/#website","url":"https:\/\/olgafertilityclinic.com\/de\/","name":"O.L.G.A. Fertility","description":"Cyprus  and St. Petersburg","potentialAction":[{"@type":"SearchAction","target":{"@type":"EntryPoint","urlTemplate":"https:\/\/olgafertilityclinic.com\/de\/?s={search_term_string}"},"query-input":"required name=search_term_string"}],"inLanguage":"de"},{"@type":"WebPage","@id":"https:\/\/olgafertilityclinic.com\/de\/eizellspende-datenbank\/katalog-der-eizellspenderinnen\/#webpage","url":"https:\/\/olgafertilityclinic.com\/de\/eizellspende-datenbank\/katalog-der-eizellspenderinnen\/","name":"Beispiel f\u00fcr das erweiterte Profil der Eizellspenderin - O.L.G.A. Fertility","isPartOf":{"@id":"https:\/\/olgafertilityclinic.com\/de\/#website"},"datePublished":"2023-11-16T15:55:50+00:00","dateModified":"2023-12-14T10:13:58+00:00","breadcrumb":{"@id":"https:\/\/olgafertilityclinic.com\/de\/eizellspende-datenbank\/katalog-der-eizellspenderinnen\/#breadcrumb"},"inLanguage":"de","potentialAction":[{"@type":"ReadAction","target":["https:\/\/olgafertilityclinic.com\/de\/eizellspende-datenbank\/katalog-der-eizellspenderinnen\/"]}]},{"@type":"BreadcrumbList","@id":"https:\/\/olgafertilityclinic.com\/de\/eizellspende-datenbank\/katalog-der-eizellspenderinnen\/#breadcrumb","itemListElement":[{"@type":"ListItem","position":1,"name":"Home","item":"https:\/\/olgafertilityclinic.com\/de\/"},{"@type":"ListItem","position":2,"name":"Eizellspende mit Ihrer besonderen, einzigartigen Eizellspenderin und Baby Garantie","item":"https:\/\/olgafertilityclinic.com\/de\/eizellspende\/"},{"@type":"ListItem","position":3,"name":"Beispiel f\u00fcr das erweiterte Profil der Eizellspenderin"}]}]}},"_links":{"self":[{"href":"https:\/\/olgafertilityclinic.com\/de\/wp-json\/wp\/v2\/pages\/16540"}],"collection":[{"href":"https:\/\/olgafertilityclinic.com\/de\/wp-json\/wp\/v2\/pages"}],"about":[{"href":"https:\/\/olgafertilityclinic.com\/de\/wp-json\/wp\/v2\/types\/page"}],"author":[{"embeddable":true,"href":"https:\/\/olgafertilityclinic.com\/de\/wp-json\/wp\/v2\/users\/1"}],"replies":[{"embeddable":true,"href":"https:\/\/olgafertilityclinic.com\/de\/wp-json\/wp\/v2\/comments?post=16540"}],"version-history":[{"count":17,"href":"https:\/\/olgafertilityclinic.com\/de\/wp-json\/wp\/v2\/pages\/16540\/revisions"}],"predecessor-version":[{"id":16961,"href":"https:\/\/olgafertilityclinic.com\/de\/wp-json\/wp\/v2\/pages\/16540\/revisions\/16961"}],"up":[{"embeddable":true,"href":"https:\/\/olgafertilityclinic.com\/de\/wp-json\/wp\/v2\/pages\/19372"}],"wp:attachment":[{"href":"https:\/\/olgafertilityclinic.com\/de\/wp-json\/wp\/v2\/media?parent=16540"}],"wp:term":[{"taxonomy":"post_tag","embeddable":true,"href":"https:\/\/olgafertilityclinic.com\/de\/wp-json\/wp\/v2\/tags?post=16540"}],"curies":[{"name":"wp","href":"https:\/\/api.w.org\/{rel}","templated":true}]}}