{"id":16572,"date":"2022-11-18T13:07:58","date_gmt":"2022-11-18T13:07:58","guid":{"rendered":"https:\/\/olgafertilityclinic.com\/?page_id=16572"},"modified":"2025-12-30T17:16:34","modified_gmt":"2025-12-30T17:16:34","slug":"100ige-geld-zurueck-garantie","status":"publish","type":"page","link":"https:\/\/olgafertilityclinic.com\/de\/100ige-geld-zurueck-garantie\/","title":{"rendered":"Was ist die 100%ige Geld-zur\u00fcck-Garantie f\u00fcr Lebendgeburten und warum entscheiden sich Patienten daf\u00fcr?"},"content":{"rendered":"<div class=\"inset w50p\"><a class=\"popup-youtube\" href=\"https:\/\/www.youtube.com\/watch?v=d0tmIl8-Teo\"> <img decoding=\"async\" class=\"w100p\" src=\"\/wp-content\/uploads\/2025\/05\/20220915-video-cover-16x9-website-1200x675.jpg\" alt=\"What we do differently in&nbsp;O.L.G.A. Clinic to guarantee live birth\" \/> <\/a><\/p>\n<p class=\"caption\" style=\"margin-top: .2rem; margin-bottom: 1rem;\">Dr.\u00a0Olga Zaytseff, the founder, about the concept of OLGA Fertility Clinic and&nbsp;the live birth money back guarantee approach<\/p>\n<\/div>\n<p>O.L.G.A. ist eine Abk\u00fcrzung f\u00fcr Offers Livebirth Guarantee Assurance. O.L.G.A. Fertility bietet Ihnen eine finanzielle Absicherung gegen Pech im Rahmen unserer 100% Geld-zur\u00fcck-Garantie f\u00fcr Lebendgeburten-Pakete.\u00a0<\/p>\n<p><strong>100% Geld-zur\u00fcck-Garantie f\u00fcr Lebendgeburten bedeutet: Wenn innerhalb einer festgelegten Anzahl von Versuchen, die im Paket enthalten sind, kein Baby geboren wird, erstatten wir 100% der f\u00fcr das Paket bezahlten Kosten.<\/strong><\/p>\n<h3>5 Vorteile der Live Birth Geld-zur\u00fcck-Garantie-Pakete f\u00fcr Sie:<\/h3>\n<ol>\n<li>Sie und O.L.G.A. Fertility haben ein gemeinsames Ziel &#8211; ein Baby in&nbsp;Ihren Armen.<\/li>\n<li>O.L.G.A. Fertility teilt mit Ihnen nicht nur den Erfolg, sondern auch das Risiko, dass es nicht klappt: O.L.G.A. profitiert nur dann von den Kosten des Pakets, wenn ein Baby innerhalb des Pakets geboren wird.<\/li>\n<li>O.L.G.A. Fertility wird alles tun, um die Lebendgeburt Ihres Babys mit einer minimalen Anzahl von Versuchen zu erreichen.<\/li>\n<li>Sie zahlen nicht mehr f\u00fcr Konsultationen, Tests oder Behandlungen, sondern nur noch f\u00fcr das Endergebnis &#8211; Ihr Baby in&nbsp;Ihren Armen!<\/li>\n<li>Das Geld-zur\u00fcck-Paket gibt Ihnen die zuvor aufgewendete Zeit, das Geld und die Bem\u00fchungen nicht zur\u00fcck, aber es f\u00fcgt der aktuellen Situation keinen Geldverlust hinzu: Entweder wird ein Kind geboren, oder Sie erhalten eine vollst\u00e4ndige R\u00fcckerstattung Ihrer Programmkosten (alle Kosten, die Sie im Laufe der Behandlung hatten).<\/li>\n<\/ol>\n<p><img decoding=\"async\" class=\"tpb-img-desktop\" src=\"\/i\/2026\/tpb-mb202601b-dsktp.jpg\" \/><img decoding=\"async\" class=\"tpb-img-mobile\" src=\"\/i\/2026\/tpb-mb202601-mob.jpg\" \/><\/p>\n<p><strong>2016 f\u00fchrte Olga Fertility die Shared Risk Programme ein<\/strong><\/p>\n<p><strong>951 Patienten<\/strong> haben von 2016 bis zum 2025 Geld-zur\u00fcck-Garantiepakete ge\u00f6ffnet<\/p>\n<ul>\n<li><strong>769 Patientinnen hatten eine Lebendgeburt<\/strong><\/li>\n<li><strong>73 Patientinnen sind derzeit schwanger<\/strong><\/li>\n<li><strong>172 Patientinnen befinden sich noch in&nbsp;der Behandlung<\/strong><\/li>\n<li><strong>61 Patienten erhielten eine R\u00fcckerstattung<\/strong><\/li>\n<\/ul>\n<p>Sie k\u00f6nnen die Beschreibung und die Kosten f\u00fcr jedes 100% Geldgarantie-Paket in&nbsp;unserem Abschnitt Preise &amp; Pakete finden.<\/p>\n<p><strong>Wenn Sie eines unserer 100%-igen Geld-zur\u00fcck-Pakete beantragen und\/oder eine detaillierte Beschreibung der Pakete erhalten m\u00f6chten, kontaktieren Sie uns bitte!<\/strong><\/p>\n<p><a class=\"button\" href=\"#footerform\">Kontaktieren Sie uns!<\/a><\/p>\n","protected":false},"excerpt":{"rendered":"<p>Dr.\u00a0Olga Zaytseff, the founder, about the concept of OLGA Fertility Clinic and&nbsp;the live birth money back guarantee approach O.L.G.A. ist eine Abk\u00fcrzung f\u00fcr Offers Livebirth Guarantee Assurance. O.L.G.A. Fertility bietet Ihnen eine finanzielle Absicherung gegen Pech im Rahmen unserer 100% Geld-zur\u00fcck-Garantie f\u00fcr Lebendgeburten-Pakete.\u00a0 100% Geld-zur\u00fcck-Garantie f\u00fcr Lebendgeburten bedeutet: Wenn innerhalb einer festgelegten Anzahl von Versuchen,<\/p>\n","protected":false},"author":1,"featured_media":0,"parent":0,"menu_order":28,"comment_status":"closed","ping_status":"closed","template":"","meta":{"footnotes":""},"tags":[],"acf":[],"yoast_head":"<!-- This site is optimized with the Yoast SEO plugin v18.6 - https:\/\/yoast.com\/wordpress\/plugins\/seo\/ -->\n<title>Was ist die 100%ige Geld-zur\u00fcck-Garantie f\u00fcr Lebendgeburten und warum entscheiden sich Patienten daf\u00fcr? - O.L.G.A. Fertility<\/title>\n<meta name=\"description\" content=\"Erfahren Sie, wie die 100% Geld-zur\u00fcck-Garantie f\u00fcr Lebendgeburten bei O.L.G.A. Fertility Ihnen Sicherheit bietet. Profitieren Sie von finanzieller Absicherung auf Ihrem Weg zum ersehnten Baby.\" \/>\n<meta name=\"robots\" content=\"index, follow, max-snippet:-1, max-image-preview:large, max-video-preview:-1\" \/>\n<link rel=\"canonical\" href=\"https:\/\/olgafertilityclinic.com\/de\/100ige-geld-zurueck-garantie\/\" \/>\n<meta property=\"og:locale\" content=\"de_DE\" \/>\n<meta property=\"og:type\" content=\"article\" \/>\n<meta property=\"og:title\" content=\"Was ist die 100%ige Geld-zur\u00fcck-Garantie f\u00fcr Lebendgeburten und warum entscheiden sich Patienten daf\u00fcr? - O.L.G.A. Fertility\" \/>\n<meta property=\"og:description\" content=\"Erfahren Sie, wie die 100% Geld-zur\u00fcck-Garantie f\u00fcr Lebendgeburten bei O.L.G.A. Fertility Ihnen Sicherheit bietet. Profitieren Sie von finanzieller Absicherung auf Ihrem Weg zum ersehnten Baby.\" \/>\n<meta property=\"og:url\" content=\"https:\/\/olgafertilityclinic.com\/de\/100ige-geld-zurueck-garantie\/\" \/>\n<meta property=\"og:site_name\" content=\"O.L.G.A. Fertility\" \/>\n<meta property=\"article:modified_time\" content=\"2025-12-30T17:16:34+00:00\" \/>\n<meta name=\"twitter:card\" content=\"summary_large_image\" \/>\n<meta name=\"twitter:label1\" content=\"Gesch\u00e4tzte Lesezeit\" \/>\n\t<meta name=\"twitter:data1\" content=\"2\u00a0Minuten\" \/>\n<script type=\"application\/ld+json\" class=\"yoast-schema-graph\">{\"@context\":\"https:\/\/schema.org\",\"@graph\":[{\"@type\":\"WebSite\",\"@id\":\"https:\/\/olgafertilityclinic.com\/de\/#website\",\"url\":\"https:\/\/olgafertilityclinic.com\/de\/\",\"name\":\"O.L.G.A. Fertility\",\"description\":\"Cyprus  and St. Petersburg\",\"potentialAction\":[{\"@type\":\"SearchAction\",\"target\":{\"@type\":\"EntryPoint\",\"urlTemplate\":\"https:\/\/olgafertilityclinic.com\/de\/?s={search_term_string}\"},\"query-input\":\"required name=search_term_string\"}],\"inLanguage\":\"de\"},{\"@type\":\"WebPage\",\"@id\":\"https:\/\/olgafertilityclinic.com\/de\/100ige-geld-zurueck-garantie\/#webpage\",\"url\":\"https:\/\/olgafertilityclinic.com\/de\/100ige-geld-zurueck-garantie\/\",\"name\":\"Was ist die 100%ige Geld-zur\u00fcck-Garantie f\u00fcr Lebendgeburten und warum entscheiden sich Patienten daf\u00fcr? - O.L.G.A. Fertility\",\"isPartOf\":{\"@id\":\"https:\/\/olgafertilityclinic.com\/de\/#website\"},\"datePublished\":\"2022-11-18T13:07:58+00:00\",\"dateModified\":\"2025-12-30T17:16:34+00:00\",\"description\":\"Erfahren Sie, wie die 100% Geld-zur\u00fcck-Garantie f\u00fcr Lebendgeburten bei O.L.G.A. Fertility Ihnen Sicherheit bietet. Profitieren Sie von finanzieller Absicherung auf Ihrem Weg zum ersehnten Baby.\",\"breadcrumb\":{\"@id\":\"https:\/\/olgafertilityclinic.com\/de\/100ige-geld-zurueck-garantie\/#breadcrumb\"},\"inLanguage\":\"de\",\"potentialAction\":[{\"@type\":\"ReadAction\",\"target\":[\"https:\/\/olgafertilityclinic.com\/de\/100ige-geld-zurueck-garantie\/\"]}]},{\"@type\":\"BreadcrumbList\",\"@id\":\"https:\/\/olgafertilityclinic.com\/de\/100ige-geld-zurueck-garantie\/#breadcrumb\",\"itemListElement\":[{\"@type\":\"ListItem\",\"position\":1,\"name\":\"Home\",\"item\":\"https:\/\/olgafertilityclinic.com\/de\/\"},{\"@type\":\"ListItem\",\"position\":2,\"name\":\"Was ist die 100%ige Geld-zur\u00fcck-Garantie f\u00fcr Lebendgeburten und warum entscheiden sich Patienten daf\u00fcr?\"}]}]}<\/script>\n<!-- \/ Yoast SEO plugin. -->","yoast_head_json":{"title":"Was ist die 100%ige Geld-zur\u00fcck-Garantie f\u00fcr Lebendgeburten und warum entscheiden sich Patienten daf\u00fcr? - O.L.G.A. Fertility","description":"Erfahren Sie, wie die 100% Geld-zur\u00fcck-Garantie f\u00fcr Lebendgeburten bei O.L.G.A. Fertility Ihnen Sicherheit bietet. Profitieren Sie von finanzieller Absicherung auf Ihrem Weg zum ersehnten Baby.","robots":{"index":"index","follow":"follow","max-snippet":"max-snippet:-1","max-image-preview":"max-image-preview:large","max-video-preview":"max-video-preview:-1"},"canonical":"https:\/\/olgafertilityclinic.com\/de\/100ige-geld-zurueck-garantie\/","og_locale":"de_DE","og_type":"article","og_title":"Was ist die 100%ige Geld-zur\u00fcck-Garantie f\u00fcr Lebendgeburten und warum entscheiden sich Patienten daf\u00fcr? - O.L.G.A. Fertility","og_description":"Erfahren Sie, wie die 100% Geld-zur\u00fcck-Garantie f\u00fcr Lebendgeburten bei O.L.G.A. Fertility Ihnen Sicherheit bietet. Profitieren Sie von finanzieller Absicherung auf Ihrem Weg zum ersehnten Baby.","og_url":"https:\/\/olgafertilityclinic.com\/de\/100ige-geld-zurueck-garantie\/","og_site_name":"O.L.G.A. Fertility","article_modified_time":"2025-12-30T17:16:34+00:00","twitter_card":"summary_large_image","twitter_misc":{"Gesch\u00e4tzte Lesezeit":"2\u00a0Minuten"},"schema":{"@context":"https:\/\/schema.org","@graph":[{"@type":"WebSite","@id":"https:\/\/olgafertilityclinic.com\/de\/#website","url":"https:\/\/olgafertilityclinic.com\/de\/","name":"O.L.G.A. Fertility","description":"Cyprus  and St. Petersburg","potentialAction":[{"@type":"SearchAction","target":{"@type":"EntryPoint","urlTemplate":"https:\/\/olgafertilityclinic.com\/de\/?s={search_term_string}"},"query-input":"required name=search_term_string"}],"inLanguage":"de"},{"@type":"WebPage","@id":"https:\/\/olgafertilityclinic.com\/de\/100ige-geld-zurueck-garantie\/#webpage","url":"https:\/\/olgafertilityclinic.com\/de\/100ige-geld-zurueck-garantie\/","name":"Was ist die 100%ige Geld-zur\u00fcck-Garantie f\u00fcr Lebendgeburten und warum entscheiden sich Patienten daf\u00fcr? - O.L.G.A. Fertility","isPartOf":{"@id":"https:\/\/olgafertilityclinic.com\/de\/#website"},"datePublished":"2022-11-18T13:07:58+00:00","dateModified":"2025-12-30T17:16:34+00:00","description":"Erfahren Sie, wie die 100% Geld-zur\u00fcck-Garantie f\u00fcr Lebendgeburten bei O.L.G.A. Fertility Ihnen Sicherheit bietet. Profitieren Sie von finanzieller Absicherung auf Ihrem Weg zum ersehnten Baby.","breadcrumb":{"@id":"https:\/\/olgafertilityclinic.com\/de\/100ige-geld-zurueck-garantie\/#breadcrumb"},"inLanguage":"de","potentialAction":[{"@type":"ReadAction","target":["https:\/\/olgafertilityclinic.com\/de\/100ige-geld-zurueck-garantie\/"]}]},{"@type":"BreadcrumbList","@id":"https:\/\/olgafertilityclinic.com\/de\/100ige-geld-zurueck-garantie\/#breadcrumb","itemListElement":[{"@type":"ListItem","position":1,"name":"Home","item":"https:\/\/olgafertilityclinic.com\/de\/"},{"@type":"ListItem","position":2,"name":"Was ist die 100%ige Geld-zur\u00fcck-Garantie f\u00fcr Lebendgeburten und warum entscheiden sich Patienten daf\u00fcr?"}]}]}},"_links":{"self":[{"href":"https:\/\/olgafertilityclinic.com\/de\/wp-json\/wp\/v2\/pages\/16572"}],"collection":[{"href":"https:\/\/olgafertilityclinic.com\/de\/wp-json\/wp\/v2\/pages"}],"about":[{"href":"https:\/\/olgafertilityclinic.com\/de\/wp-json\/wp\/v2\/types\/page"}],"author":[{"embeddable":true,"href":"https:\/\/olgafertilityclinic.com\/de\/wp-json\/wp\/v2\/users\/1"}],"replies":[{"embeddable":true,"href":"https:\/\/olgafertilityclinic.com\/de\/wp-json\/wp\/v2\/comments?post=16572"}],"version-history":[{"count":12,"href":"https:\/\/olgafertilityclinic.com\/de\/wp-json\/wp\/v2\/pages\/16572\/revisions"}],"predecessor-version":[{"id":24507,"href":"https:\/\/olgafertilityclinic.com\/de\/wp-json\/wp\/v2\/pages\/16572\/revisions\/24507"}],"wp:attachment":[{"href":"https:\/\/olgafertilityclinic.com\/de\/wp-json\/wp\/v2\/media?parent=16572"}],"wp:term":[{"taxonomy":"post_tag","embeddable":true,"href":"https:\/\/olgafertilityclinic.com\/de\/wp-json\/wp\/v2\/tags?post=16572"}],"curies":[{"name":"wp","href":"https:\/\/api.w.org\/{rel}","templated":true}]}}