{"id":16591,"date":"2022-11-07T13:03:36","date_gmt":"2022-11-07T13:03:36","guid":{"rendered":"https:\/\/olgafertilityclinic.com\/?page_id=16591"},"modified":"2023-11-24T12:18:17","modified_gmt":"2023-11-24T12:18:17","slug":"3-grundsaetze-einer-erfolgreichen-ivf","status":"publish","type":"page","link":"https:\/\/olgafertilityclinic.com\/de\/3-grundsaetze-einer-erfolgreichen-ivf\/","title":{"rendered":"3 Grunds\u00e4tze einer erfolgreichen IVF"},"content":{"rendered":"<div class=\"inset w30p\">\n<p><a href=\"\/en\/team\/co-founders\/dr-elena-lapina\/\"><img decoding=\"async\" class=\"w100p\" src=\"https:\/\/olgafertilityclinic.com\/wp-content\/uploads\/2022\/11\/drel-may2021b-653x900-2.jpg\" \/><\/a><\/p>\n<p class=\"caption\">Dr. Elena Lapina<\/p>\n<\/div>\n<p>Dr. Elena Lapina, Medizinische Direktorin und Mitbegr\u00fcnderin von O.L.G.A. Fertility:<\/p>\n<div><em><span lang=\"EN\">Um eine stabile Einnistung des Embryos, eine andauernde Schwangerschaft und eine Lebendgeburt innerhalb einer minimalen Anzahl von IVF-Zyklen zu gew\u00e4hrleisten, befolgen wir drei Prinzipien.<\/span><\/em><\/div>\n<h2>1. Maximale Information von Anfang an<\/h2>\n<p style=\"font-weight: 400;\"><em>Das erste Erfolgsprinzip f\u00fcr unsere Patientinnen, die bereits einen langen Weg in&nbsp;ihrer Fruchtbarkeitsbehandlung hinter sich haben, bevor sie zu uns kommen, besteht darin, so&nbsp;viele Informationen wie m\u00f6glich zu sammeln \u2013 \u00fcber die Art der Medikamente, die zur Stimulation ihrer Eierst\u00f6cke verwendet wurden, die Reaktion ihres K\u00f6rpers auf diese Medikamente, den Prozess der Eizellentnahme und die Entwicklung der Embryonen. Aber am wichtigsten ist es f\u00fcr uns, zu erfahren, wie Sie sich f\u00fchlen, denn damit wird der Grundstein f\u00fcr einen zuk\u00fcnftigen Erfolg gelegt. Wie ist Ihr emotionaler Zustand? Welche Unterschiede gibt es in&nbsp;Ihrem K\u00f6rpergef\u00fchl, Ihrer Gesundheit und Ihrer Stimmung, wenn Sie sich mit sich selbst vergleichen, als Sie in&nbsp;Bestform waren?<\/em><\/p>\n<p><em><span style=\"font-weight: 400;\">All dies ist wichtig, denn paradoxerweise sind die offensichtlichsten Ursachen der Unfruchtbarkeit \u2013 wie verstopfte Eileiter, ausbleibender Eisprung und m\u00e4nnliche Unfruchtbarkeit \u2013 im Laufe der Behandlung am leichtesten zu beheben. Wenn jedoch keine sichtbaren Hindernisse vorliegen und ein Paar bereits ohne die Hilfe eines Fruchtbarkeitsspezialisten zu gl\u00fccklichen Eltern h\u00e4tte werden sollen, dies aber nach einer langen Zeit und vieler Versuche immer noch nicht geschehen ist, ist es notwendig, m\u00f6glichst viele Informationen zu sammeln, nach versteckten Antworten zu suchen und einen systematischen Ansatz f\u00fcr die menschliche Biologie zu verwenden.<\/span><\/em><\/p>\n<h2>2. Immer zweimal messen&#8230;<\/h2>\n<p style=\"font-weight: 400;\"><em>Das zweite Erfolgsprinzip besteht darin, dass alle Informationen, die eine Patientin erh\u00e4lt, von mindestens zwei Fertilit\u00e4tsspezialisten begutachtet werden. In&nbsp;unserer Klinik entwickelt zun\u00e4chst der Facharzt eine Behandlungsstrategie f\u00fcr eine Patientin \u2013 dann ist eine Zweitmeinung eines anderen Kinderwunschspezialisten der Klinik unbedingt erforderlich. Wenn die Strategien unserer beiden \u00c4rzte nicht \u00fcbereinstimmen, greife ich als medizinische Leiterin in&nbsp;den Prozess ein.<\/em><\/p>\n<p style=\"font-weight: 400;\"><em>Intuitiv folgt jede Patientin diesem Ansatz: Sie konsultiert einen Spezialisten, dann einen n\u00e4chsten und vielleicht sogar noch einen dritten. Auf diese Weise sammeln Patientinnen eine Vielzahl an Meinungen und versuchen selbst, das ideale Behandlungsmodell zu erstellen. Sie werden so&nbsp;nicht nur zum Manager ihres eigenen Behandlungsprozesses, sondern tragen auch die volle Verantwortung f\u00fcr das Ergebnis der Behandlung. Aber sollte das so&nbsp;sein? Wie viele Patientinnen tr\u00e4umen davon, die Verantwortung f\u00fcr den Prozess und das Ergebnis an die Klinik abzugeben und die eingesparten Ressourcen f\u00fcr ihre eigene Gesundheit zu nutzen?<\/em><\/p>\n<p style=\"font-weight: 400;\"><em>Wir von O.L.G.A. Fertility sind an der Geburt Ihres Kindes genauso interessiert wie Sie! Das einzige, was wir als gelungenes Resultat unserer Arbeit betrachten, ist die Geburt Ihres Kindes. Wir teilen mit unseren Patientinnen nicht nur die Freude \u00fcber ihren Erfolg, sondern \u00fcbernehmen auch ihre finanziellen Risiken im Falle eines Misserfolgs. Wir sind auch bereit, Sie aus der schwierigen Rolle der Projektmanagerin Ihrer eigenen Behandlung zu entlassen. Wir werden selbst mehrere Meinungen von mehreren Spezialisten einholen und den f\u00fcr Sie g\u00fcnstigsten Behandlungsplan erstellen, der Ihre fortschreitende Schwangerschaft und Lebendgeburt zum Ziel hat.<\/em><\/p>\n<p><a class=\"button\" href=\"#footerform\">Kontaktieren Sie uns<\/a><\/p>\n<h2>3. Jeder IVF-Zyklus als letzte Chance<\/h2>\n<p style=\"font-weight: 400;\"><em>Das dritte Erfolgsprinzip besteht darin, zu jedem Zeitpunkt des Prozesses die effektivsten Entscheidungen zu treffen, als ob es um das Leben eines Menschen ginge.<\/em><\/p>\n<p style=\"font-weight: 400;\"><em>Ich betrachte jede Behandlung als meine einzige Chance, die ich nicht durch \u00e4u\u00dfere Umst\u00e4nde verlieren darf, z. B. durch Arbeitsbelastung, Probleme in&nbsp;der Familie oder in&nbsp;der Welt &#8230; Dieses Gef\u00fchl hat mich immer begleitet, und ich glaube, dass es vor allem diesem Gef\u00fchl zu verdanken ist, dass ich in&nbsp;der Fruchtbarkeitsmedizin so&nbsp;beachtliche Ergebnisse erzielen konnte. Es funktioniert bei Frauen, die sich einer Chemotherapie unterziehen m\u00fcssen, wenn es keine M\u00f6glichkeit gibt, den zweiten, dritten oder vierten IVF-Zyklus durchzuf\u00fchren. Es gibt nur eine Chance, die Eizellen zu erhalten, damit diese Frau nach der Genesung von einer onkologischen Erkrankung Mutter werden kann.<\/em><\/p>\n<p style=\"font-weight: 400;\"><em>Eine solche Einstellung des Teams zum Behandlungsprozess wurde bei O.L.G.A. Fertility etabliert. Und das ermutigt uns, in&nbsp;jedem IVF-Zyklus eine m\u00f6glichst homogene Kohorte reifer Eizellen zu erhalten, ohne dass w\u00e4hrend der Stimulation und der Eizellentnahme Eizellen verloren gehen. Es ermutigt uns, den Prozess im embryologischen Labor auf die feinf\u00fchligste und fachkundigste Art und Weise fortzusetzen. Es ermutigt uns, sorgf\u00e4ltig mit jedem Embryo zu arbeiten, indem wir von ganzem Herzen an jeden von ihnen glauben und mehr tun, als viele andere tun w\u00fcrden. Es ermutigt uns, gen\u00fcgend Aufmerksamkeit und Zeit in&nbsp;die gr\u00fcndliche Vorbereitung einer Frau auf den Embryotransfer, die Schwangerschaft und die Geburt zu investieren.<\/em><\/p>\n<p style=\"font-weight: 400;\"><em>Wenn Sie uns Ihre Geschichte anvertrauen, sammeln wir zun\u00e4chst sorgf\u00e4ltig alle notwendigen Informationen, analysieren sie, bringen mehrere Expertenmeinungen zusammen und entwickeln dann eine Strategie, die so&nbsp;verifiziert ist, als w\u00e4re sie die einzige Chance.<\/em><\/p>\n","protected":false},"excerpt":{"rendered":"<p>Dr. Elena Lapina Dr. Elena Lapina, Medizinische Direktorin und Mitbegr\u00fcnderin von O.L.G.A. Fertility: Um eine stabile Einnistung des Embryos, eine andauernde Schwangerschaft und eine Lebendgeburt innerhalb einer minimalen Anzahl von IVF-Zyklen zu gew\u00e4hrleisten, befolgen wir drei Prinzipien. 1. Maximale Information von Anfang an Das erste Erfolgsprinzip f\u00fcr unsere Patientinnen, die bereits einen langen Weg in&nbsp;ihrer<\/p>\n","protected":false},"author":1,"featured_media":0,"parent":0,"menu_order":30,"comment_status":"closed","ping_status":"closed","template":"","meta":{"footnotes":""},"tags":[],"acf":[],"yoast_head":"<!-- This site is optimized with the Yoast SEO plugin v18.6 - https:\/\/yoast.com\/wordpress\/plugins\/seo\/ -->\n<title>3 Grunds\u00e4tze einer erfolgreichen IVF - O.L.G.A. Fertility<\/title>\n<meta name=\"robots\" content=\"index, follow, max-snippet:-1, max-image-preview:large, max-video-preview:-1\" \/>\n<link rel=\"canonical\" href=\"https:\/\/olgafertilityclinic.com\/de\/3-grundsaetze-einer-erfolgreichen-ivf\/\" \/>\n<meta property=\"og:locale\" content=\"de_DE\" \/>\n<meta property=\"og:type\" content=\"article\" \/>\n<meta property=\"og:title\" content=\"3 Grunds\u00e4tze einer erfolgreichen IVF - O.L.G.A. Fertility\" \/>\n<meta property=\"og:description\" content=\"Dr. Elena Lapina Dr. Elena Lapina, Medizinische Direktorin und Mitbegr\u00fcnderin von O.L.G.A. Fertility: Um eine stabile Einnistung des Embryos, eine andauernde Schwangerschaft und eine Lebendgeburt innerhalb einer minimalen Anzahl von IVF-Zyklen zu gew\u00e4hrleisten, befolgen wir drei Prinzipien. 1. Maximale Information von Anfang an Das erste Erfolgsprinzip f\u00fcr unsere Patientinnen, die bereits einen langen Weg in&nbsp;ihrer\" \/>\n<meta property=\"og:url\" content=\"https:\/\/olgafertilityclinic.com\/de\/3-grundsaetze-einer-erfolgreichen-ivf\/\" \/>\n<meta property=\"og:site_name\" content=\"O.L.G.A. Fertility\" \/>\n<meta property=\"article:modified_time\" content=\"2023-11-24T12:18:17+00:00\" \/>\n<meta property=\"og:image\" content=\"https:\/\/olgafertilityclinic.com\/wp-content\/uploads\/2022\/11\/drel-may2021b-653x900-2.jpg\" \/>\n<meta name=\"twitter:card\" content=\"summary_large_image\" \/>\n<meta name=\"twitter:label1\" content=\"Gesch\u00e4tzte Lesezeit\" \/>\n\t<meta name=\"twitter:data1\" content=\"4\u00a0Minuten\" \/>\n<script type=\"application\/ld+json\" class=\"yoast-schema-graph\">{\"@context\":\"https:\/\/schema.org\",\"@graph\":[{\"@type\":\"WebSite\",\"@id\":\"https:\/\/olgafertilityclinic.com\/de\/#website\",\"url\":\"https:\/\/olgafertilityclinic.com\/de\/\",\"name\":\"O.L.G.A. Fertility\",\"description\":\"Cyprus  and St. Petersburg\",\"potentialAction\":[{\"@type\":\"SearchAction\",\"target\":{\"@type\":\"EntryPoint\",\"urlTemplate\":\"https:\/\/olgafertilityclinic.com\/de\/?s={search_term_string}\"},\"query-input\":\"required name=search_term_string\"}],\"inLanguage\":\"de\"},{\"@type\":\"ImageObject\",\"@id\":\"https:\/\/olgafertilityclinic.com\/de\/3-grundsaetze-einer-erfolgreichen-ivf\/#primaryimage\",\"inLanguage\":\"de\",\"url\":\"https:\/\/olgafertilityclinic.com\/wp-content\/uploads\/2022\/11\/drel-may2021b-653x900-2.jpg\",\"contentUrl\":\"https:\/\/olgafertilityclinic.com\/wp-content\/uploads\/2022\/11\/drel-may2021b-653x900-2.jpg\",\"width\":653,\"height\":900},{\"@type\":\"WebPage\",\"@id\":\"https:\/\/olgafertilityclinic.com\/de\/3-grundsaetze-einer-erfolgreichen-ivf\/#webpage\",\"url\":\"https:\/\/olgafertilityclinic.com\/de\/3-grundsaetze-einer-erfolgreichen-ivf\/\",\"name\":\"3 Grunds\u00e4tze einer erfolgreichen IVF - O.L.G.A. Fertility\",\"isPartOf\":{\"@id\":\"https:\/\/olgafertilityclinic.com\/de\/#website\"},\"primaryImageOfPage\":{\"@id\":\"https:\/\/olgafertilityclinic.com\/de\/3-grundsaetze-einer-erfolgreichen-ivf\/#primaryimage\"},\"datePublished\":\"2022-11-07T13:03:36+00:00\",\"dateModified\":\"2023-11-24T12:18:17+00:00\",\"breadcrumb\":{\"@id\":\"https:\/\/olgafertilityclinic.com\/de\/3-grundsaetze-einer-erfolgreichen-ivf\/#breadcrumb\"},\"inLanguage\":\"de\",\"potentialAction\":[{\"@type\":\"ReadAction\",\"target\":[\"https:\/\/olgafertilityclinic.com\/de\/3-grundsaetze-einer-erfolgreichen-ivf\/\"]}]},{\"@type\":\"BreadcrumbList\",\"@id\":\"https:\/\/olgafertilityclinic.com\/de\/3-grundsaetze-einer-erfolgreichen-ivf\/#breadcrumb\",\"itemListElement\":[{\"@type\":\"ListItem\",\"position\":1,\"name\":\"Home\",\"item\":\"https:\/\/olgafertilityclinic.com\/de\/\"},{\"@type\":\"ListItem\",\"position\":2,\"name\":\"3 Grunds\u00e4tze einer erfolgreichen IVF\"}]}]}<\/script>\n<!-- \/ Yoast SEO plugin. -->","yoast_head_json":{"title":"3 Grunds\u00e4tze einer erfolgreichen IVF - O.L.G.A. Fertility","robots":{"index":"index","follow":"follow","max-snippet":"max-snippet:-1","max-image-preview":"max-image-preview:large","max-video-preview":"max-video-preview:-1"},"canonical":"https:\/\/olgafertilityclinic.com\/de\/3-grundsaetze-einer-erfolgreichen-ivf\/","og_locale":"de_DE","og_type":"article","og_title":"3 Grunds\u00e4tze einer erfolgreichen IVF - O.L.G.A. Fertility","og_description":"Dr. Elena Lapina Dr. Elena Lapina, Medizinische Direktorin und Mitbegr\u00fcnderin von O.L.G.A. Fertility: Um eine stabile Einnistung des Embryos, eine andauernde Schwangerschaft und eine Lebendgeburt innerhalb einer minimalen Anzahl von IVF-Zyklen zu gew\u00e4hrleisten, befolgen wir drei Prinzipien. 1. Maximale Information von Anfang an Das erste Erfolgsprinzip f\u00fcr unsere Patientinnen, die bereits einen langen Weg in&nbsp;ihrer","og_url":"https:\/\/olgafertilityclinic.com\/de\/3-grundsaetze-einer-erfolgreichen-ivf\/","og_site_name":"O.L.G.A. Fertility","article_modified_time":"2023-11-24T12:18:17+00:00","og_image":[{"url":"https:\/\/olgafertilityclinic.com\/wp-content\/uploads\/2022\/11\/drel-may2021b-653x900-2.jpg"}],"twitter_card":"summary_large_image","twitter_misc":{"Gesch\u00e4tzte Lesezeit":"4\u00a0Minuten"},"schema":{"@context":"https:\/\/schema.org","@graph":[{"@type":"WebSite","@id":"https:\/\/olgafertilityclinic.com\/de\/#website","url":"https:\/\/olgafertilityclinic.com\/de\/","name":"O.L.G.A. Fertility","description":"Cyprus  and St. Petersburg","potentialAction":[{"@type":"SearchAction","target":{"@type":"EntryPoint","urlTemplate":"https:\/\/olgafertilityclinic.com\/de\/?s={search_term_string}"},"query-input":"required name=search_term_string"}],"inLanguage":"de"},{"@type":"ImageObject","@id":"https:\/\/olgafertilityclinic.com\/de\/3-grundsaetze-einer-erfolgreichen-ivf\/#primaryimage","inLanguage":"de","url":"https:\/\/olgafertilityclinic.com\/wp-content\/uploads\/2022\/11\/drel-may2021b-653x900-2.jpg","contentUrl":"https:\/\/olgafertilityclinic.com\/wp-content\/uploads\/2022\/11\/drel-may2021b-653x900-2.jpg","width":653,"height":900},{"@type":"WebPage","@id":"https:\/\/olgafertilityclinic.com\/de\/3-grundsaetze-einer-erfolgreichen-ivf\/#webpage","url":"https:\/\/olgafertilityclinic.com\/de\/3-grundsaetze-einer-erfolgreichen-ivf\/","name":"3 Grunds\u00e4tze einer erfolgreichen IVF - O.L.G.A. Fertility","isPartOf":{"@id":"https:\/\/olgafertilityclinic.com\/de\/#website"},"primaryImageOfPage":{"@id":"https:\/\/olgafertilityclinic.com\/de\/3-grundsaetze-einer-erfolgreichen-ivf\/#primaryimage"},"datePublished":"2022-11-07T13:03:36+00:00","dateModified":"2023-11-24T12:18:17+00:00","breadcrumb":{"@id":"https:\/\/olgafertilityclinic.com\/de\/3-grundsaetze-einer-erfolgreichen-ivf\/#breadcrumb"},"inLanguage":"de","potentialAction":[{"@type":"ReadAction","target":["https:\/\/olgafertilityclinic.com\/de\/3-grundsaetze-einer-erfolgreichen-ivf\/"]}]},{"@type":"BreadcrumbList","@id":"https:\/\/olgafertilityclinic.com\/de\/3-grundsaetze-einer-erfolgreichen-ivf\/#breadcrumb","itemListElement":[{"@type":"ListItem","position":1,"name":"Home","item":"https:\/\/olgafertilityclinic.com\/de\/"},{"@type":"ListItem","position":2,"name":"3 Grunds\u00e4tze einer erfolgreichen IVF"}]}]}},"_links":{"self":[{"href":"https:\/\/olgafertilityclinic.com\/de\/wp-json\/wp\/v2\/pages\/16591"}],"collection":[{"href":"https:\/\/olgafertilityclinic.com\/de\/wp-json\/wp\/v2\/pages"}],"about":[{"href":"https:\/\/olgafertilityclinic.com\/de\/wp-json\/wp\/v2\/types\/page"}],"author":[{"embeddable":true,"href":"https:\/\/olgafertilityclinic.com\/de\/wp-json\/wp\/v2\/users\/1"}],"replies":[{"embeddable":true,"href":"https:\/\/olgafertilityclinic.com\/de\/wp-json\/wp\/v2\/comments?post=16591"}],"version-history":[{"count":2,"href":"https:\/\/olgafertilityclinic.com\/de\/wp-json\/wp\/v2\/pages\/16591\/revisions"}],"predecessor-version":[{"id":16593,"href":"https:\/\/olgafertilityclinic.com\/de\/wp-json\/wp\/v2\/pages\/16591\/revisions\/16593"}],"wp:attachment":[{"href":"https:\/\/olgafertilityclinic.com\/de\/wp-json\/wp\/v2\/media?parent=16591"}],"wp:term":[{"taxonomy":"post_tag","embeddable":true,"href":"https:\/\/olgafertilityclinic.com\/de\/wp-json\/wp\/v2\/tags?post=16591"}],"curies":[{"name":"wp","href":"https:\/\/api.w.org\/{rel}","templated":true}]}}