{"id":16602,"date":"2022-05-20T09:15:51","date_gmt":"2022-05-20T09:15:51","guid":{"rendered":"https:\/\/olgafertilityclinic.com\/?page_id=16602"},"modified":"2024-06-14T12:28:05","modified_gmt":"2024-06-14T12:28:05","slug":"ihr-ivf-prozess-ein-schritt-nach-dem-anderen","status":"publish","type":"page","link":"https:\/\/olgafertilityclinic.com\/de\/ihr-ivf-prozess-ein-schritt-nach-dem-anderen\/","title":{"rendered":"Ihr IVF-Prozess: Ein Schritt nach dem anderen"},"content":{"rendered":"<p>Patienten, die zu uns kommen, haben meist mehr als einen Grund, warum sie noch kein Baby haben. Um auf jeden einzelnen Grund der Unfruchtbarkeit eingehen zu k\u00f6nnen, haben wir den komplexen IVF-Prozess in&nbsp;eine Reihe aufeinander folgender Schritte unterteilt.<\/p>\n<table>\n<tbody>\n<tr>\n<td>\n<div><b><span lang=\"EN\">Schritte in&nbsp;Ihrem IVF-Zyklus und Ziele<\/span><\/b><\/div>\n<\/td>\n<td style=\"width: 45%;\">\n<div><b><span lang=\"EN\">Fokus<\/span><\/b><\/div>\n<\/td>\n<td>\n<div><b><span lang=\"EN\">Logistik<\/span><\/b><\/div>\n<\/td>\n<\/tr>\n<tr>\n<td><strong>1. Monat: IVF-Zyklus<\/strong> <\/p>\n<p><strong>Ziel: Lebensf\u00e4higer Embryo im Blastozysten-Stadium, normal mit 23 Chromosomenpaaren<\/strong><\/td>\n<td>\n<ul>\n<li>Herstellen kompetenter Eizellen durch individualisierte Stimulation<\/li>\n<li>Entnahme und Befruchtung der Eizellen<\/li>\n<li>Kultivierung von Blastozysten<\/li>\n<li>Blastozysten-Biopsie und PGT-A &#8211; Selektieren von Embryos mit einem normalen Chromosomensatz<\/li>\n<li><span style=\"font-size: 15.307681px;\">Behutsames Einfrieren der Blastozysten und Fokus auf den n\u00e4chsten Schritt \u2013 die optimale Vorbereitung der Geb\u00e4rmutterschleimhaut f\u00fcr die Einnistung<\/span><\/li>\n<\/ul>\n<\/td>\n<td>\n<div><span lang=\"EN\">Die Stimulation der Eizellen findet in&nbsp;einer lokalen Klinik in&nbsp;Ihrem Heimatland statt, gem\u00e4\u00df einem von uns entwickelten Behandlungsplan. Sie kommen nur f\u00fcr 10 Tage in&nbsp;die O.L.G.A. Fertility Klinik St. Petersburg bzw. Zypern: F\u00fcr Labortests, letzte Ultraschall-Untersuchungen und die Eizell-Entnahme.\u00a0 Die Eizell-Entnahme ist geplant f\u00fcr Tag X plus\/ minus 2 Tage. Sie k\u00f6nnen die Klinik 24 Stunden sp\u00e4ter verlassen. <\/span><\/div>\n<\/td>\n<\/tr>\n<tr>\n<td><strong>2. Monat: Cool-Down-Zyklus<\/strong><\/p>\n<p><strong>Ziel: Entspannung der Eierst\u00f6cke nach der Stimulation<\/strong><\/td>\n<td>\n<div><span lang=\"EN\">Einnahme der Pille, damit die Eierst\u00f6cke nach der Stimulation schrumpfen und keine Restmengen an Progesteron mehr produzieren<\/span><\/div>\n<\/td>\n<td>&nbsp;<\/td>\n<\/tr>\n<tr>\n<td><strong>3. Monat: Hysteroskopie-Zyklus<\/strong><\/p>\n<p><strong>Ziel: Diagnostik und m\u00f6gliche mikrochirurgische Behandlung makroskopischer Befunde in&nbsp;der Geb\u00e4rmutterh\u00f6hle; Entnahme von Endometriumproben f\u00fcr Zell-\/Mikroben-\/DNA-\/RNA-Tests; Bestimmung des Implantationsfensters<\/strong><\/td>\n<td>\n<ul>\n<li>Die Behandlung mit Estradiol und Progesteron hilft, die Empf\u00e4nglichkeit der Geb\u00e4rmutterschleimhaut wiederherzustellen.<\/li>\n<li>Die Hysteroskopie hilft, makroskopische Bedingungen zu finden und mikrochirurgisch zu behandeln, die die Einnistungschancen negativ beeinflussen k\u00f6nnen: Polypen, Mikropolypen, Verwachsungen usw.<\/li>\n<li>Der ERA-Test pr\u00fcft das Einnistungsfenster anhand bestimmter Proteinexpressionswerte im Endometrium.<\/li>\n<li>Histologische und immunhistochemische Untersuchungen des Endometriumgewebes helfen, m\u00f6gliche Anomalien auf mikroskopischer Zellebene zu erkennen.<\/li>\n<li>PCR-Tests der Geb\u00e4rmutterschleimhaut auf Bakterien und Viren.<\/li>\n<li>Das Kratzen w\u00e4hrend der Hysteroskopie kann die Durchblutung verbessern und die Wahrscheinlichkeit einer Einnistung erh\u00f6hen.<\/li>\n<\/ul>\n<\/td>\n<td>\n<p style=\"font-weight: 400;\">Ihre Vorbereitung auf die Hysteroskopie und den ERA-Test erfolgt in&nbsp;Ihrem Heimatland gem\u00e4\u00df unserem Behandlungsplan. Sie kommen f\u00fcr 5 Tage nach St. Petersburg (oder Zypern) f\u00fcr Labortests, letzte Ultraschalluntersuchungen, die Hysteroskopie, Konsultation, Empfehlungen, Verschreibung, Kauf von Medikamenten, die in&nbsp;Ihrem Heimatland m\u00f6glicherweise nicht erh\u00e4ltlich sind.<\/p>\n<\/td>\n<\/tr>\n<tr>\n<td><strong>4. Monat: <br \/>\nBehandlungszyklus nach der Hysteroskopie<\/strong><\/p>\n<p><strong>Ziel: Optimierung der Geb\u00e4rmutterschleimhaut mit Hilfe von Medikamenten<\/strong><\/td>\n<td>\n<ul>\n<li>Innerhalb von 2 Wochen nach der Hysteroskopie erhalten wir die Ergebnisse der histologischen, immunhistochemischen und PCR-Untersuchung des Endometriumgewebes. Auf der Grundlage dieser Ergebnisse k\u00f6nnen individuelle Medikamente in&nbsp;Ihren Behandlungsplan aufgenommen werden: antibakterielle und antivirale Medikamente, Wachstumsfaktoren und immunmodulierende Medikamente. Ziel dieser Behandlung ist es, die Geb\u00e4rmutterschleimhaut zu optimieren und die Chancen f\u00fcr eine Einnistung im n\u00e4chsten Zyklus zu erh\u00f6hen.<\/li>\n<li>3 Wochen nach der Hysteroskopie liegt das Ergebnis des ERA-Tests vor, das Aufschluss dar\u00fcber gibt, wie viele Stunden nach Beginn der Progesteronerg\u00e4nzung der Embryotransfer im n\u00e4chsten Zyklus erfolgen sollte.<\/li>\n<li><span style=\"font-size: 15.307681px; color: #444444;\">Am Ende dieses Zyklus wird eine Down-Regulations-Injektion verabreicht, um die Hormonproduktion der Eierst\u00f6cke f\u00fcr einen Monat abzuschalten. Dies ist notwendig, um das Einnistungsfenster im folgenden Zyklus reproduzieren zu k\u00f6nnen.<\/span><\/li>\n<\/ul>\n<\/td>\n<td>&nbsp;<\/td>\n<\/tr>\n<tr>\n<td><strong>5. Monat: Embryotransfer-Zyklus<\/strong><\/p>\n<div><strong><span lang=\"EN\">Ziel: Eine erfolgreiche Einnistung und anhaltende Schwangerschaft <\/span><\/strong><\/div>\n<\/td>\n<td>\n<div><span lang=\"EN\">Hier sollten alle drei Teile des Puzzles zusammenkommen: Transfer einer chromosomal normalen Blastozyste in&nbsp;Ihr optimal vorbereitetes Endometrium zum richtigen Zeitpunkt<\/span><\/div>\n<\/td>\n<td>\n<p style=\"font-weight: 400;\">Die Vorbereitung auf den Embryotransfer findet in&nbsp;Ihrem Heimatland gem\u00e4\u00df unserem Behandlungsplan statt. Sie kommen f\u00fcr 5 Tage nach St. Petersburg oder nach Zypern \u2013 f\u00fcr Labortests, die letzte Ultraschalluntersuchung, Konsultationen mit \u00c4rzten und Krankenschwestern, den eigentlichen Embryotransfer, f\u00fcr Empfehlungen, Rezepte und den Kauf von Medikamenten, die in&nbsp;Ihrem Heimatland m\u00f6glicherweise nicht erh\u00e4ltlich sind.<\/p>\n<div>\u00a0<\/div>\n<\/td>\n<\/tr>\n<tr>\n<td><strong>M\u00f6glich: Monate 6,7,8. Weitere Embryo-Transfers falls n\u00f6tig und m\u00f6glich<\/strong><\/p>\n<p><em><i>Ziel: Potentiell n\u00e4chster Embryo-Transfer und erfolgreiche, anhaltende Schwangerschaft <\/i><\/em><\/p>\n<\/td>\n<td>\n<p style=\"font-weight: 400;\"><strong>Bei O.L.G.A. Fertility haben Sie:<\/strong><\/p>\n<ul>\n<li>51.6% Chance auf eine Lebendgeburt nach 1 ET (Embryo-Transfer)<\/li>\n<li>75.4% Chance auf eine Lebengeburt nach 2 ETs<\/li>\n<li>85.6% Chance auf eine Lebendgeburt nach 3 ETs<\/li>\n<li>88.9% Chance auf eine Lebendgeburt nach 4 ETs<\/li>\n<\/ul>\n<p style=\"font-weight: 400;\">\nWenn nach dem ersten Embryotransfer keine Schwangerschaft erreicht wurde:<\/p>\n<p style=\"font-weight: 400;\">Wenn nach dem letzten IVF-Zyklus chromosomal normale Embryonen vorhanden sind, kann der n\u00e4chste Embryotransfer bereits im n\u00e4chsten Zyklus erfolgen. Wichtig ist, dass die Patientin die hormonelle Medikation nicht abstellt, bevor sie mit dem Arzt gesprochen hat. In&nbsp;der Regel vereinbaren wir dieses Gespr\u00e4ch im Voraus, damit der Arzt und die Patientin sofort nach Erhalt des HCG-Testergebnisses miteinander sprechen k\u00f6nnen.<\/p>\n<p><span style=\"font-weight: 400;\">Stehen keine chromosomal normalen Embryonen zur Verf\u00fcgung, kann je nach medizinischer\/sozialer\/emotionaler Situation sofort oder nach einer kurzen Pilleneinnahme mit der erneuten Stimulation der Eierst\u00f6cke begonnen werden.<\/span><\/td>\n<td>&nbsp;<\/td>\n<\/tr>\n<tr>\n<td><strong>Behandlung nach positivem Schwangerschaftstest bis zur Geburt<\/strong><\/p>\n<p><strong>Ziel: Ein Baby<\/strong><\/td>\n<td>\n<p>Fortgesetzte hormonelle Unterst\u00fctzung, niedermolekulares Heparin und andere Medikamente werden verabreicht, um das Risiko einer Fehlgeburt zu vermeiden und das Risiko einer Fr\u00fchgeburt zu verringern<\/p>\n<p>Sie werden \u00fcber die Verh\u00fctung von Fehlgeburten aufgekl\u00e4rt.<\/p>\n<p><span style=\"font-weight: 400;\">Wir setzen den Dialog mit Ihnen per E-Mail, Telefon und Zoom mit unseren \u00c4rzten und Krankenschwestern fort, bis Sie entbinden<\/span><\/p>\n<\/td>\n<td>&nbsp;<\/td>\n<\/tr>\n<\/tbody>\n<\/table>\n<p class=\"getcons\"><a class=\"button contactus ui large\" href=\"#footerform\">Kontaktieren Sie uns!<\/a><\/p>\n<h3>Individuelle Erfolgsszenarien<\/h3>\n<p><strong>Best luck Scenario<\/strong> (<span lang=\"EN\">der k\u00fcrzeste Weg \u2013 Dauer: 3 Monate<\/span>)<\/p>\n<p><img decoding=\"async\" class=\"w70p alignnone wp-image-11278 size-full\" src=\"https:\/\/olgafertilityclinic.com\/wp-content\/uploads\/2022\/05\/s1c.jpg\" alt=\"Best luck Scenario (the shortest \u2013 takes 3 months)\" \/><\/p>\n<p><strong><br \/>\nSzenario 2 <\/strong>(Dauer: 6 Monate)<strong><br \/>\n<\/strong><\/p>\n<p><img decoding=\"async\" class=\"w70p alignnone wp-image-11272 size-full\" src=\"https:\/\/olgafertilityclinic.com\/wp-content\/uploads\/2022\/05\/s2c.jpg\" alt=\"Scenario 2 (takes 6 months)\" \/><\/p>\n<p><strong><br \/>\nSzenario 3<\/strong> (Dauer: 7 Monate)<strong><br \/>\n<\/strong><\/p>\n<p><img decoding=\"async\" class=\"w70p alignnone wp-image-11260 size-full\" src=\"https:\/\/olgafertilityclinic.com\/wp-content\/uploads\/2022\/05\/s3c.jpg\" alt=\"Scenario 3 (takes 7 months)\" \/><\/p>\n<p><strong><br \/>\nSzenario 4<\/strong> (Dauer: 8 Monate)<strong><br \/>\n<\/strong><\/p>\n<p><img decoding=\"async\" class=\"w70p alignnone wp-image-11266 size-full\" src=\"https:\/\/olgafertilityclinic.com\/wp-content\/uploads\/2022\/05\/s4c.jpg\" alt=\"Scenario 4 (takes 8 months)\" \/><\/p>\n<p><strong><br \/>\nSzenario 5<\/strong> (Dauer: 9 Monate)<strong><br \/>\n<\/strong><\/p>\n<p><img decoding=\"async\" class=\"w70p alignnone wp-image-11254 size-full\" src=\"https:\/\/olgafertilityclinic.com\/wp-content\/uploads\/2022\/05\/s5c.jpg\" alt=\"Scenario 5 (takes 9 months)\" \/><\/p>\n<p>&nbsp;<\/p>\n<p class=\"getcons\"><a class=\"button contactus ui large\" href=\"#footerform\">Kontaktieren Sie uns<\/a><\/p>\n","protected":false},"excerpt":{"rendered":"<p>Patienten, die zu uns kommen, haben meist mehr als einen Grund, warum sie noch kein Baby haben. Um auf jeden einzelnen Grund der Unfruchtbarkeit eingehen zu k\u00f6nnen, haben wir den komplexen IVF-Prozess in&nbsp;eine Reihe aufeinander folgender Schritte unterteilt. Schritte in&nbsp;Ihrem IVF-Zyklus und Ziele Fokus Logistik 1. Monat: IVF-Zyklus Ziel: Lebensf\u00e4higer Embryo im Blastozysten-Stadium, normal mit<\/p>\n","protected":false},"author":1,"featured_media":0,"parent":0,"menu_order":33,"comment_status":"closed","ping_status":"closed","template":"","meta":{"footnotes":""},"tags":[],"acf":[],"yoast_head":"<!-- This site is optimized with the Yoast SEO plugin v18.6 - https:\/\/yoast.com\/wordpress\/plugins\/seo\/ -->\n<title>Ihr IVF-Prozess: Ein Schritt nach dem anderen - O.L.G.A. Fertility<\/title>\n<meta name=\"robots\" content=\"index, follow, max-snippet:-1, max-image-preview:large, max-video-preview:-1\" \/>\n<link rel=\"canonical\" href=\"https:\/\/olgafertilityclinic.com\/de\/ihr-ivf-prozess-ein-schritt-nach-dem-anderen\/\" \/>\n<meta property=\"og:locale\" content=\"de_DE\" \/>\n<meta property=\"og:type\" content=\"article\" \/>\n<meta property=\"og:title\" content=\"Ihr IVF-Prozess: Ein Schritt nach dem anderen - O.L.G.A. Fertility\" \/>\n<meta property=\"og:description\" content=\"Patienten, die zu uns kommen, haben meist mehr als einen Grund, warum sie noch kein Baby haben. Um auf jeden einzelnen Grund der Unfruchtbarkeit eingehen zu k\u00f6nnen, haben wir den komplexen IVF-Prozess in&nbsp;eine Reihe aufeinander folgender Schritte unterteilt. Schritte in&nbsp;Ihrem IVF-Zyklus und Ziele Fokus Logistik 1. Monat: IVF-Zyklus Ziel: Lebensf\u00e4higer Embryo im Blastozysten-Stadium, normal mit\" \/>\n<meta property=\"og:url\" content=\"https:\/\/olgafertilityclinic.com\/de\/ihr-ivf-prozess-ein-schritt-nach-dem-anderen\/\" \/>\n<meta property=\"og:site_name\" content=\"O.L.G.A. Fertility\" \/>\n<meta property=\"article:modified_time\" content=\"2024-06-14T12:28:05+00:00\" \/>\n<meta property=\"og:image\" content=\"https:\/\/olgafertilityclinic.com\/wp-content\/uploads\/2022\/05\/s1c.jpg\" \/>\n<meta name=\"twitter:card\" content=\"summary_large_image\" \/>\n<meta name=\"twitter:label1\" content=\"Gesch\u00e4tzte Lesezeit\" \/>\n\t<meta name=\"twitter:data1\" content=\"4\u00a0Minuten\" \/>\n<script type=\"application\/ld+json\" class=\"yoast-schema-graph\">{\"@context\":\"https:\/\/schema.org\",\"@graph\":[{\"@type\":\"WebSite\",\"@id\":\"https:\/\/olgafertilityclinic.com\/de\/#website\",\"url\":\"https:\/\/olgafertilityclinic.com\/de\/\",\"name\":\"O.L.G.A. Fertility\",\"description\":\"Cyprus  and St. Petersburg\",\"potentialAction\":[{\"@type\":\"SearchAction\",\"target\":{\"@type\":\"EntryPoint\",\"urlTemplate\":\"https:\/\/olgafertilityclinic.com\/de\/?s={search_term_string}\"},\"query-input\":\"required name=search_term_string\"}],\"inLanguage\":\"de\"},{\"@type\":\"ImageObject\",\"@id\":\"https:\/\/olgafertilityclinic.com\/de\/ihr-ivf-prozess-ein-schritt-nach-dem-anderen\/#primaryimage\",\"inLanguage\":\"de\",\"url\":\"https:\/\/olgafertilityclinic.com\/wp-content\/uploads\/2022\/05\/s1c.jpg\",\"contentUrl\":\"https:\/\/olgafertilityclinic.com\/wp-content\/uploads\/2022\/05\/s1c.jpg\",\"width\":1545,\"height\":318},{\"@type\":\"WebPage\",\"@id\":\"https:\/\/olgafertilityclinic.com\/de\/ihr-ivf-prozess-ein-schritt-nach-dem-anderen\/#webpage\",\"url\":\"https:\/\/olgafertilityclinic.com\/de\/ihr-ivf-prozess-ein-schritt-nach-dem-anderen\/\",\"name\":\"Ihr IVF-Prozess: Ein Schritt nach dem anderen - O.L.G.A. Fertility\",\"isPartOf\":{\"@id\":\"https:\/\/olgafertilityclinic.com\/de\/#website\"},\"primaryImageOfPage\":{\"@id\":\"https:\/\/olgafertilityclinic.com\/de\/ihr-ivf-prozess-ein-schritt-nach-dem-anderen\/#primaryimage\"},\"datePublished\":\"2022-05-20T09:15:51+00:00\",\"dateModified\":\"2024-06-14T12:28:05+00:00\",\"breadcrumb\":{\"@id\":\"https:\/\/olgafertilityclinic.com\/de\/ihr-ivf-prozess-ein-schritt-nach-dem-anderen\/#breadcrumb\"},\"inLanguage\":\"de\",\"potentialAction\":[{\"@type\":\"ReadAction\",\"target\":[\"https:\/\/olgafertilityclinic.com\/de\/ihr-ivf-prozess-ein-schritt-nach-dem-anderen\/\"]}]},{\"@type\":\"BreadcrumbList\",\"@id\":\"https:\/\/olgafertilityclinic.com\/de\/ihr-ivf-prozess-ein-schritt-nach-dem-anderen\/#breadcrumb\",\"itemListElement\":[{\"@type\":\"ListItem\",\"position\":1,\"name\":\"Home\",\"item\":\"https:\/\/olgafertilityclinic.com\/de\/\"},{\"@type\":\"ListItem\",\"position\":2,\"name\":\"Ihr IVF-Prozess: Ein Schritt nach dem anderen\"}]}]}<\/script>\n<!-- \/ Yoast SEO plugin. -->","yoast_head_json":{"title":"Ihr IVF-Prozess: Ein Schritt nach dem anderen - O.L.G.A. Fertility","robots":{"index":"index","follow":"follow","max-snippet":"max-snippet:-1","max-image-preview":"max-image-preview:large","max-video-preview":"max-video-preview:-1"},"canonical":"https:\/\/olgafertilityclinic.com\/de\/ihr-ivf-prozess-ein-schritt-nach-dem-anderen\/","og_locale":"de_DE","og_type":"article","og_title":"Ihr IVF-Prozess: Ein Schritt nach dem anderen - O.L.G.A. Fertility","og_description":"Patienten, die zu uns kommen, haben meist mehr als einen Grund, warum sie noch kein Baby haben. Um auf jeden einzelnen Grund der Unfruchtbarkeit eingehen zu k\u00f6nnen, haben wir den komplexen IVF-Prozess in&nbsp;eine Reihe aufeinander folgender Schritte unterteilt. Schritte in&nbsp;Ihrem IVF-Zyklus und Ziele Fokus Logistik 1. Monat: IVF-Zyklus Ziel: Lebensf\u00e4higer Embryo im Blastozysten-Stadium, normal mit","og_url":"https:\/\/olgafertilityclinic.com\/de\/ihr-ivf-prozess-ein-schritt-nach-dem-anderen\/","og_site_name":"O.L.G.A. Fertility","article_modified_time":"2024-06-14T12:28:05+00:00","og_image":[{"url":"https:\/\/olgafertilityclinic.com\/wp-content\/uploads\/2022\/05\/s1c.jpg"}],"twitter_card":"summary_large_image","twitter_misc":{"Gesch\u00e4tzte Lesezeit":"4\u00a0Minuten"},"schema":{"@context":"https:\/\/schema.org","@graph":[{"@type":"WebSite","@id":"https:\/\/olgafertilityclinic.com\/de\/#website","url":"https:\/\/olgafertilityclinic.com\/de\/","name":"O.L.G.A. Fertility","description":"Cyprus  and St. Petersburg","potentialAction":[{"@type":"SearchAction","target":{"@type":"EntryPoint","urlTemplate":"https:\/\/olgafertilityclinic.com\/de\/?s={search_term_string}"},"query-input":"required name=search_term_string"}],"inLanguage":"de"},{"@type":"ImageObject","@id":"https:\/\/olgafertilityclinic.com\/de\/ihr-ivf-prozess-ein-schritt-nach-dem-anderen\/#primaryimage","inLanguage":"de","url":"https:\/\/olgafertilityclinic.com\/wp-content\/uploads\/2022\/05\/s1c.jpg","contentUrl":"https:\/\/olgafertilityclinic.com\/wp-content\/uploads\/2022\/05\/s1c.jpg","width":1545,"height":318},{"@type":"WebPage","@id":"https:\/\/olgafertilityclinic.com\/de\/ihr-ivf-prozess-ein-schritt-nach-dem-anderen\/#webpage","url":"https:\/\/olgafertilityclinic.com\/de\/ihr-ivf-prozess-ein-schritt-nach-dem-anderen\/","name":"Ihr IVF-Prozess: Ein Schritt nach dem anderen - O.L.G.A. Fertility","isPartOf":{"@id":"https:\/\/olgafertilityclinic.com\/de\/#website"},"primaryImageOfPage":{"@id":"https:\/\/olgafertilityclinic.com\/de\/ihr-ivf-prozess-ein-schritt-nach-dem-anderen\/#primaryimage"},"datePublished":"2022-05-20T09:15:51+00:00","dateModified":"2024-06-14T12:28:05+00:00","breadcrumb":{"@id":"https:\/\/olgafertilityclinic.com\/de\/ihr-ivf-prozess-ein-schritt-nach-dem-anderen\/#breadcrumb"},"inLanguage":"de","potentialAction":[{"@type":"ReadAction","target":["https:\/\/olgafertilityclinic.com\/de\/ihr-ivf-prozess-ein-schritt-nach-dem-anderen\/"]}]},{"@type":"BreadcrumbList","@id":"https:\/\/olgafertilityclinic.com\/de\/ihr-ivf-prozess-ein-schritt-nach-dem-anderen\/#breadcrumb","itemListElement":[{"@type":"ListItem","position":1,"name":"Home","item":"https:\/\/olgafertilityclinic.com\/de\/"},{"@type":"ListItem","position":2,"name":"Ihr IVF-Prozess: Ein Schritt nach dem anderen"}]}]}},"_links":{"self":[{"href":"https:\/\/olgafertilityclinic.com\/de\/wp-json\/wp\/v2\/pages\/16602"}],"collection":[{"href":"https:\/\/olgafertilityclinic.com\/de\/wp-json\/wp\/v2\/pages"}],"about":[{"href":"https:\/\/olgafertilityclinic.com\/de\/wp-json\/wp\/v2\/types\/page"}],"author":[{"embeddable":true,"href":"https:\/\/olgafertilityclinic.com\/de\/wp-json\/wp\/v2\/users\/1"}],"replies":[{"embeddable":true,"href":"https:\/\/olgafertilityclinic.com\/de\/wp-json\/wp\/v2\/comments?post=16602"}],"version-history":[{"count":4,"href":"https:\/\/olgafertilityclinic.com\/de\/wp-json\/wp\/v2\/pages\/16602\/revisions"}],"predecessor-version":[{"id":20443,"href":"https:\/\/olgafertilityclinic.com\/de\/wp-json\/wp\/v2\/pages\/16602\/revisions\/20443"}],"wp:attachment":[{"href":"https:\/\/olgafertilityclinic.com\/de\/wp-json\/wp\/v2\/media?parent=16602"}],"wp:term":[{"taxonomy":"post_tag","embeddable":true,"href":"https:\/\/olgafertilityclinic.com\/de\/wp-json\/wp\/v2\/tags?post=16602"}],"curies":[{"name":"wp","href":"https:\/\/api.w.org\/{rel}","templated":true}]}}