{"id":16618,"date":"2022-09-14T08:07:28","date_gmt":"2022-09-14T08:07:28","guid":{"rendered":"https:\/\/olgafertilityclinic.com\/?page_id=16618"},"modified":"2024-04-09T08:45:38","modified_gmt":"2024-04-09T08:45:38","slug":"ivf-kalkulation","status":"publish","type":"page","link":"https:\/\/olgafertilityclinic.com\/de\/ivf-kalkulation\/","title":{"rendered":"IVF-Kalkulation \u2013 Wie viele Versuche braucht man f\u00fcr eine Lebendgeburt?"},"content":{"rendered":"<p>Dr. Olga Zaytseff, Geburtshelferin, Gyn\u00e4kologin und Fruchtbarkeitsspezialistin sowie Gr\u00fcnderin von O.L.G.A. Fertility:<\/p>\n<div class=\"inset w50p\"><a class=\"popup-youtube\" href=\"https:\/\/www.youtube.com\/watch?v=FVn57cJENdE\"> <img decoding=\"async\" class=\"w100p\" src=\"https:\/\/olgafertilityclinic.com\/wp-content\/uploads\/2023\/02\/video-ivf-maths-play.jpg\" \/> <\/a><\/p>\n<p class=\"caption\" style=\"margin-top: .2rem;\">Dr.\u00a0Olga Zaytseff<br \/>\nGeburtshelferin, Gyn\u00e4kologin und Fruchtbarkeitsspezialistin sowie Gr\u00fcnderin von O.L.G.A. Fertility<\/p>\n<\/div>\n<p><em>Unser Wissen und unsere F\u00e4higkeiten in&nbsp;den Bereichen Fruchtbarkeit, Biologie und Genetik helfen uns, eine Prognose \u00fcber die Zahl der Versuche abzugeben, das finanzielle Risiko der Behandlung zu teilen und bei vielen Patientinnen eine erfolgreiche Geburt zu erreichen \u2014 auch wenn ihnen sonst nirgendwo geholfen werden konnte. Ich werde Ihnen kurz erkl\u00e4ren, wie wir die Anzahl der IVF-Versuche mit eigenen Eizellen kalkulieren, die f\u00fcr eine Lebendgeburt ausreichen. Wenn die Anzahl der zu erwartenden IVF-Versuche bis zur Lebendgeburt realistisch ist, k\u00f6nnen wir ein Paket mit einer festen Anzahl von IVF-Versuchen und einer Geld-zur\u00fcck-Garantie f\u00fcr eine Lebendgeburt anbieten.<\/em><\/p>\n<p><strong>Welche Art von Embryo ben\u00f6tigen wir f\u00fcr eine erfolgreiche Schwangerschaft <\/strong><br \/>\n<strong>und eine Lebendgeburt?<\/strong><\/p>\n<p style=\"font-weight: 400;\"><em>Der Mensch ist eine sehr komplexe Spezies mit vielen verschiedenen einzigartigen Funktionen. Es ist nicht so&nbsp;einfach, das gesamte Erbe an wichtigen genetischen Informationen an die n\u00e4chste Generation weiterzugeben. Eine Eizelle ist eine riesige Zelle, die sogar mit dem blo\u00dfen Auge sichtbar ist. Und sie enth\u00e4lt eine riesige Menge an wertvollem Material! Da \u00fcberrascht es nicht, dass eine korrekte Zellteilung f\u00fcr sie keine leichte Aufgabe ist.<\/em><\/p>\n<p style=\"font-weight: 400;\"><em>Infolgedessen produziert der Mensch eine gro\u00dfe Anzahl von Embryonen mit einem abnormalen Chromosomensatz, was seltsamerweise die biologische Norm f\u00fcr unsere sehr komplexe und hoch entwickelte Spezies ist. Embryonen mit einem abnormalen Chromosomensatz stellen in&nbsp;der Regel ihre Entwicklung ein und f\u00fchren nicht zu einer dauerhaften Schwangerschaft und Lebendgeburt. <strong>Um eine anhaltende Schwangerschaft und eine Lebendgeburt zu erreichen, m\u00fcssen wir einen Embryo mit einem normalen Chromosomensatz finden. <\/strong><\/em><\/p>\n<p>Bei O.L.G.A. Fertility liegt die Lebendgeburtenrate pro Embryotransfer einer Blastozyste mit normalem Chromosomensatz bei 51&nbsp;%. Das bedeutet, dass von 100 Frauen, die jeweils einen Embryotransfer einer Blastozyste mit normalem Chromosomensatz hatten, 51 ein Kind zur Welt bringen werden.<\/p>\n<p><a class=\"button\" href=\"#footerform\">Kontaktieren Sie uns<\/a><\/p>\n<p>&nbsp;<\/p>\n<p style=\"font-weight: 400;\"><strong>Wie viele Blastozysten mit normalem Chromosomensatz brauchen wir im Durchschnitt, um eine Lebendgeburt zu erreichen?<\/strong><\/p>\n<div><em><b><span lang=\"EN\">Um eine Lebendgeburt zu erreichen, ben\u00f6tigen wir durchschnittlich 2-3 Blastozysten mit einem normalen Chromosomensatz.<\/span><\/b><\/em><\/div>\n<h4>Wie viele IVF-Zyklen brauchen wir, um eine Blastozyste mit einer normalen Chromosomenzahl zu finden?<\/h4>\n<p style=\"font-weight: 400;\"><em>Die Anzahl der IVF-Zyklen h\u00e4ngt von zwei Hauptparametern ab:<\/em><\/p>\n<ul style=\"font-weight: 400;\">\n<li><em>Der\u00a0 Anzahl der Blastozysten, die wir in&nbsp;einem IVF-Zyklus bei einer einzelnen Patientin erwarten\u00a0<\/em><\/li>\n<li><em>Dem Anteil der Blastozysten mit dem normalen Chromosomensatz unter denjenigen, die wir erhalten haben.<\/em><\/li>\n<\/ul>\n<div class=\"padleft\">\n<p><strong>Wovon h\u00e4ngt die Anzahl der Blastozysten pro IVF-Zyklus ab?<\/strong><\/p>\n<p><em>Diese Zahl h\u00e4ngt ab von:<\/em><\/p>\n<ul style=\"font-weight: 400;\">\n<li><em>Der Anzahl der Eizellen, die in&nbsp;einem IVF-Zyklus bei einer einzelnen Patientin erwartet werden<\/em><\/li>\n<li><em>Der Blastozystenbildungsrate, d. h. dem Anteil der befruchteten Eizellen, die sich bei einer bestimmten Kombination von Ei- und Samenzellen zu Blastozysten entwickeln.<\/em><\/li>\n<\/ul>\n<p><strong><em>Wovon h\u00e4ngt die erwartete Anzahl der Eizellen pro IVF-Zyklus ab?<\/em><\/strong><\/p>\n<p><em>Diese Zahl h\u00e4ngt ab von:<\/em><\/p>\n<ul>\n<li><em>Der Anzahl der Eizellen, die in&nbsp;einem IVF-Zyklus bei einer einzelnen Patientin erwartet werden<\/em><\/li>\n<li><em>Der Blastozystenbildungsrate, d. h. dem Anteil der befruchteten Eizellen, die sich bei einer bestimmten Kombination von Ei- und Samenzellen zu Blastozysten entwickeln.<\/em><\/li>\n<\/ul>\n<p><em><strong>Wovon h\u00e4ngt die erwartete Anzahl der Eizellen pro IVF-Zyklus ab?<\/strong><\/em><\/p>\n<p><em>Die erwartete Anzahl der Eizellen in&nbsp;einem IVF-Zyklus h\u00e4ngt von der Eizellreserve der Frau ab. Frauen werden mit einer individuellen Eizellreserve geboren.<\/em><\/p>\n<p><em><strong>Welcher Anteil der empfangenen Eizellen wird erfolgreich befruchtet?<br \/>\n<\/strong><strong>Und welcher Anteil der befruchteten Eizellen wird sich zu Blastozysten entwickeln?<\/strong><\/em><\/p>\n<p><em>Das h\u00e4ngt vom Potenzial jeder Ei- und Samenzellenkombination ab, davon, wie das genetische Material zusammenarbeiten wird. Bei einigen Kombinationen von Ei- und Samenzellen wird jede zweite befruchtete Eizelle zu einer Blastozyste, bei anderen ist es eine von 5, bei wieder anderen gar keine.<\/em><\/p>\n<div><em><strong><span lang=\"EN\">Was bestimmt den Anteil der Blastozysten mit einem normalen Chromosomensatz? <\/span><\/strong><\/em><\/div>\n<\/div>\n<div class=\"padleft\">\n<p style=\"font-weight: 400;\"><em>Das Alter der Frau. Je h\u00f6her das Alter der Frau, desto geringer ist der Anteil chromosomal normaler Blastozysten, die aus ihren Eizellen entstehen.<\/em><\/p>\n<p style=\"font-weight: 400;\"><em>Im Alter von 35 Jahren zum Beispiel hat eine von zwei Blastozysten einen normalen Chromosomensatz, im Alter von 38 Jahren eine von drei, im Alter von 43 Jahren eine von acht.<\/em><\/p>\n<p style=\"font-weight: 400;\"><em>Je h\u00f6her also das Alter der Patientin ist, desto mehr Blastozysten brauchen wir, um eine Blastozyste mit einem normalen Chromosomensatz zu finden.<\/em><\/p>\n<p style=\"font-weight: 400;\"><em>Erinnern wir uns daran, dass wir f\u00fcr eine hohe Wahrscheinlichkeit einer Lebendgeburt 2-3 Blastozysten mit einem normalen Chromosomensatz ben\u00f6tigen, da die Lebendgeburtenrate pro Embryotransfer einer Blastozyste mit normalem Chromosomensatz bei O.L.G.A. Fertility 51&nbsp;% betr\u00e4gt.<\/em><\/p>\n<p style=\"font-weight: 400;\"><em>Wir kommen in&nbsp;die seltene Situation, in&nbsp;der die Quantit\u00e4t helfen kann, wenn die Qualit\u00e4t leidet.<\/em><\/p>\n<p style=\"font-weight: 400;\"><em>Wenn wir aus dem einen oder anderen Grund bei einer Frau oder einem Paar nur wenige Blastozysten pro IVF-Zyklus erwarten, so&nbsp;dass die Wahrscheinlichkeit, 2-3 chromosomal normale Blastozysten innerhalb eines IVF-Zyklus zu finden, gering ist, k\u00f6nnen wir im Voraus die Anzahl der IVF-Zyklen berechnen, die f\u00fcr diese Frau oder dieses Paar notwendig sind, um diese 2-3 Blastozysten mit einem normalen Chromosomensatz zu finden.<\/em><\/p>\n<p style=\"font-weight: 400;\"><em>Wenn die Anzahl dieser IVF-Zyklen, in&nbsp;denen 2-3 Blastozysten mit normalem Chromosomensatz gefunden werden k\u00f6nnen, vorhersehbar ist, k\u00f6nnen wir folgende Bedingungen anbieten: Wir erreichen eine Lebendgeburt innerhalb dieser festgelegten Anzahl von IVF-Zyklen mit eigenen Eizellen oder erstatten 100% der Kosten des Behandlungspakets.<\/em><\/p>\n<p><strong><em><br \/>\nSchauen wir uns zwei Beispiele an:<\/em><\/strong><\/p>\n<p><em><b>Beispiel Nr. 1:<\/b><\/em><\/p>\n<p style=\"font-weight: 400;\"><em>Stellen wir uns vor, meine Patientin ist 38 Jahre alt. Im Alter von 38 Jahren ist eine von drei Blastozysten chromosomal normal. Ich muss also mindestens 6 Blastozysten erhalten, um eine Chance zu haben, 2-3 Blastozysten mit einem normalen Chromosomensatz f\u00fcr diese Patientin zu finden. Aufgrund ihrer reduzierten ovariellen Reserve erwarte ich jedoch, dass sie nicht mehr als 2 Blastozysten pro IVF-Zyklus erh\u00e4lt. Innerhalb von drei IVF-Zyklen kann ich jedoch diese 6 Blastozysten erhalten. Somit habe ich innerhalb von drei IVF-Zyklen eine hohe Wahrscheinlichkeit, eine Lebendgeburt f\u00fcr meine Patientin zu erreichen. Daher kann ich dieser Patientin ein &#8220;3xIVF-Paket mit 100% Geld-zur\u00fcck-Garantie f\u00fcr eine Lebendgeburt&#8221; anbieten.<\/em><\/p>\n<p style=\"font-weight: 400;\"><em>Wenn wir nach der Analyse Ihrer medizinischen Situation sehen, dass es in&nbsp;Ihrem Fall m\u00f6glich ist, innerhalb von drei IVF-Versuchen mit Ihren eigenen Eizellen 2-3 Blastozysten mit einem normalen Chromosomensatz zu erhalten, k\u00f6nnen wir Ihnen das &#8220;3xIVF-Paket mit 100% Geld-zur\u00fcck-Garantie f\u00fcr eine Lebendgeburt&#8221; anbieten.<\/em><\/p>\n<p><em><b><br \/>\nBeispiel Nr. 2:<\/b><\/em><\/p>\n<p style=\"font-weight: 400;\"><em>Stellen wir uns vor, meine Patientin ist 35 Jahre alt. Im Alter von 35 Jahren ist eine von zwei Blastozysten chromosomal normal. Ich muss also mindestens 4 Blastozysten erhalten, um eine Chance zu haben, 2-3 Blastozysten mit einem normalen Chromosomensatz zu finden. Aufgrund der reduzierten Ovarialreserve erwarte ich jedoch, dass diese Patientin nicht mehr als 1 Blastozyste pro IVF-Zyklus erhalten wird. Innerhalb von vier IVF-Zyklen kann ich jedoch diese 4 Blastozysten erhalten. Das bedeutet, dass ich bei dieser Patientin innerhalb von vier IVF-Zyklen eine hohe Wahrscheinlichkeit f\u00fcr eine Lebendgeburt habe. Ich kann ihr also ein &#8220;4 x IVF-Paket mit 100% Geld-zur\u00fcck-Garantie&#8221; anbieten.<\/em><\/p>\n<p style=\"font-weight: 400;\"><em>Wenn wir nach der Analyse Ihrer medizinischen Situation feststellen, dass Sie mindestens 4 IVF-Zyklen ben\u00f6tigen, um 2-3 Blastozysten mit einem normalen Chromosomensatz zu erhalten, k\u00f6nnen wir Ihnen das &#8220;4 x IVF-Paket mit 100% Geld-zur\u00fcck-Garantie f\u00fcr eine Lebendgeburt&#8221; anbieten.<\/em><\/p>\n<hr class=\"w50p\" \/><\/div>\n<p><em>Wenn aufgrund eines fortgeschrittenen reproduktiven Alters der Frau, einer verringerten Eierstockreserve, einer verringerten Blastozystenbildungsrate oder einer Kombination dieser Faktoren die zu erwartende Anzahl von IVF-Versuchen mit eigenen Eizellen, um eine Blastozyste mit einem normalen Chromosomensatz zu erhalten, nicht z\u00e4hlbar und nicht vorhersehbar ist, k\u00f6nnen wir kein Geld-zur\u00fcck-Garantie-Paket mit einer festen Anzahl von IVF-Versuchen mit eigenen Eizellen anbieten. Stattdessen k\u00f6nnen wir \u00fcber ein Behandlungspaket mit Eizellspende, Embryoadoption oder ein kombiniertes Paket sprechen.<\/em><\/p>\n<p><a class=\"button\" href=\"#footerform\">Kontaktieren Sie uns<\/a><\/p>\n","protected":false},"excerpt":{"rendered":"<p>Dr. Olga Zaytseff, Geburtshelferin, Gyn\u00e4kologin und Fruchtbarkeitsspezialistin sowie Gr\u00fcnderin von O.L.G.A. Fertility: Dr.\u00a0Olga Zaytseff Geburtshelferin, Gyn\u00e4kologin und Fruchtbarkeitsspezialistin sowie Gr\u00fcnderin von O.L.G.A. Fertility Unser Wissen und unsere F\u00e4higkeiten in&nbsp;den Bereichen Fruchtbarkeit, Biologie und Genetik helfen uns, eine Prognose \u00fcber die Zahl der Versuche abzugeben, das finanzielle Risiko der Behandlung zu teilen und bei vielen Patientinnen<\/p>\n","protected":false},"author":1,"featured_media":0,"parent":0,"menu_order":31,"comment_status":"closed","ping_status":"closed","template":"","meta":{"footnotes":""},"tags":[],"acf":[],"yoast_head":"<!-- This site is optimized with the Yoast SEO plugin v18.6 - https:\/\/yoast.com\/wordpress\/plugins\/seo\/ -->\n<title>IVF-Kalkulation \u2013 Wie viele Versuche braucht man f\u00fcr eine Lebendgeburt? - O.L.G.A. Fertility<\/title>\n<meta name=\"robots\" content=\"index, follow, max-snippet:-1, max-image-preview:large, max-video-preview:-1\" \/>\n<link rel=\"canonical\" href=\"https:\/\/olgafertilityclinic.com\/de\/ivf-kalkulation\/\" \/>\n<meta property=\"og:locale\" content=\"de_DE\" \/>\n<meta property=\"og:type\" content=\"article\" \/>\n<meta property=\"og:title\" content=\"IVF-Kalkulation \u2013 Wie viele Versuche braucht man f\u00fcr eine Lebendgeburt? - O.L.G.A. Fertility\" \/>\n<meta property=\"og:description\" content=\"Dr. Olga Zaytseff, Geburtshelferin, Gyn\u00e4kologin und Fruchtbarkeitsspezialistin sowie Gr\u00fcnderin von O.L.G.A. Fertility: Dr.\u00a0Olga Zaytseff Geburtshelferin, Gyn\u00e4kologin und Fruchtbarkeitsspezialistin sowie Gr\u00fcnderin von O.L.G.A. Fertility Unser Wissen und unsere F\u00e4higkeiten in&nbsp;den Bereichen Fruchtbarkeit, Biologie und Genetik helfen uns, eine Prognose \u00fcber die Zahl der Versuche abzugeben, das finanzielle Risiko der Behandlung zu teilen und bei vielen Patientinnen\" \/>\n<meta property=\"og:url\" content=\"https:\/\/olgafertilityclinic.com\/de\/ivf-kalkulation\/\" \/>\n<meta property=\"og:site_name\" content=\"O.L.G.A. Fertility\" \/>\n<meta property=\"article:modified_time\" content=\"2024-04-09T08:45:38+00:00\" \/>\n<meta property=\"og:image\" content=\"https:\/\/olgafertilityclinic.com\/wp-content\/uploads\/2023\/02\/video-ivf-maths-play.jpg\" \/>\n<meta name=\"twitter:card\" content=\"summary_large_image\" \/>\n<meta name=\"twitter:label1\" content=\"Gesch\u00e4tzte Lesezeit\" \/>\n\t<meta name=\"twitter:data1\" content=\"6\u00a0Minuten\" \/>\n<script type=\"application\/ld+json\" class=\"yoast-schema-graph\">{\"@context\":\"https:\/\/schema.org\",\"@graph\":[{\"@type\":\"WebSite\",\"@id\":\"https:\/\/olgafertilityclinic.com\/de\/#website\",\"url\":\"https:\/\/olgafertilityclinic.com\/de\/\",\"name\":\"O.L.G.A. Fertility\",\"description\":\"Cyprus  and St. Petersburg\",\"potentialAction\":[{\"@type\":\"SearchAction\",\"target\":{\"@type\":\"EntryPoint\",\"urlTemplate\":\"https:\/\/olgafertilityclinic.com\/de\/?s={search_term_string}\"},\"query-input\":\"required name=search_term_string\"}],\"inLanguage\":\"de\"},{\"@type\":\"ImageObject\",\"@id\":\"https:\/\/olgafertilityclinic.com\/de\/ivf-kalkulation\/#primaryimage\",\"inLanguage\":\"de\",\"url\":\"https:\/\/olgafertilityclinic.com\/wp-content\/uploads\/2023\/02\/video-ivf-maths-play.jpg\",\"contentUrl\":\"https:\/\/olgafertilityclinic.com\/wp-content\/uploads\/2023\/02\/video-ivf-maths-play.jpg\",\"width\":1920,\"height\":1080},{\"@type\":\"WebPage\",\"@id\":\"https:\/\/olgafertilityclinic.com\/de\/ivf-kalkulation\/#webpage\",\"url\":\"https:\/\/olgafertilityclinic.com\/de\/ivf-kalkulation\/\",\"name\":\"IVF-Kalkulation \u2013 Wie viele Versuche braucht man f\u00fcr eine Lebendgeburt? - O.L.G.A. Fertility\",\"isPartOf\":{\"@id\":\"https:\/\/olgafertilityclinic.com\/de\/#website\"},\"primaryImageOfPage\":{\"@id\":\"https:\/\/olgafertilityclinic.com\/de\/ivf-kalkulation\/#primaryimage\"},\"datePublished\":\"2022-09-14T08:07:28+00:00\",\"dateModified\":\"2024-04-09T08:45:38+00:00\",\"breadcrumb\":{\"@id\":\"https:\/\/olgafertilityclinic.com\/de\/ivf-kalkulation\/#breadcrumb\"},\"inLanguage\":\"de\",\"potentialAction\":[{\"@type\":\"ReadAction\",\"target\":[\"https:\/\/olgafertilityclinic.com\/de\/ivf-kalkulation\/\"]}]},{\"@type\":\"BreadcrumbList\",\"@id\":\"https:\/\/olgafertilityclinic.com\/de\/ivf-kalkulation\/#breadcrumb\",\"itemListElement\":[{\"@type\":\"ListItem\",\"position\":1,\"name\":\"Home\",\"item\":\"https:\/\/olgafertilityclinic.com\/de\/\"},{\"@type\":\"ListItem\",\"position\":2,\"name\":\"IVF-Kalkulation \u2013 Wie viele Versuche braucht man f\u00fcr eine Lebendgeburt?\"}]}]}<\/script>\n<!-- \/ Yoast SEO plugin. -->","yoast_head_json":{"title":"IVF-Kalkulation \u2013 Wie viele Versuche braucht man f\u00fcr eine Lebendgeburt? - O.L.G.A. Fertility","robots":{"index":"index","follow":"follow","max-snippet":"max-snippet:-1","max-image-preview":"max-image-preview:large","max-video-preview":"max-video-preview:-1"},"canonical":"https:\/\/olgafertilityclinic.com\/de\/ivf-kalkulation\/","og_locale":"de_DE","og_type":"article","og_title":"IVF-Kalkulation \u2013 Wie viele Versuche braucht man f\u00fcr eine Lebendgeburt? - O.L.G.A. Fertility","og_description":"Dr. Olga Zaytseff, Geburtshelferin, Gyn\u00e4kologin und Fruchtbarkeitsspezialistin sowie Gr\u00fcnderin von O.L.G.A. Fertility: Dr.\u00a0Olga Zaytseff Geburtshelferin, Gyn\u00e4kologin und Fruchtbarkeitsspezialistin sowie Gr\u00fcnderin von O.L.G.A. Fertility Unser Wissen und unsere F\u00e4higkeiten in&nbsp;den Bereichen Fruchtbarkeit, Biologie und Genetik helfen uns, eine Prognose \u00fcber die Zahl der Versuche abzugeben, das finanzielle Risiko der Behandlung zu teilen und bei vielen Patientinnen","og_url":"https:\/\/olgafertilityclinic.com\/de\/ivf-kalkulation\/","og_site_name":"O.L.G.A. Fertility","article_modified_time":"2024-04-09T08:45:38+00:00","og_image":[{"url":"https:\/\/olgafertilityclinic.com\/wp-content\/uploads\/2023\/02\/video-ivf-maths-play.jpg"}],"twitter_card":"summary_large_image","twitter_misc":{"Gesch\u00e4tzte Lesezeit":"6\u00a0Minuten"},"schema":{"@context":"https:\/\/schema.org","@graph":[{"@type":"WebSite","@id":"https:\/\/olgafertilityclinic.com\/de\/#website","url":"https:\/\/olgafertilityclinic.com\/de\/","name":"O.L.G.A. Fertility","description":"Cyprus  and St. Petersburg","potentialAction":[{"@type":"SearchAction","target":{"@type":"EntryPoint","urlTemplate":"https:\/\/olgafertilityclinic.com\/de\/?s={search_term_string}"},"query-input":"required name=search_term_string"}],"inLanguage":"de"},{"@type":"ImageObject","@id":"https:\/\/olgafertilityclinic.com\/de\/ivf-kalkulation\/#primaryimage","inLanguage":"de","url":"https:\/\/olgafertilityclinic.com\/wp-content\/uploads\/2023\/02\/video-ivf-maths-play.jpg","contentUrl":"https:\/\/olgafertilityclinic.com\/wp-content\/uploads\/2023\/02\/video-ivf-maths-play.jpg","width":1920,"height":1080},{"@type":"WebPage","@id":"https:\/\/olgafertilityclinic.com\/de\/ivf-kalkulation\/#webpage","url":"https:\/\/olgafertilityclinic.com\/de\/ivf-kalkulation\/","name":"IVF-Kalkulation \u2013 Wie viele Versuche braucht man f\u00fcr eine Lebendgeburt? - O.L.G.A. Fertility","isPartOf":{"@id":"https:\/\/olgafertilityclinic.com\/de\/#website"},"primaryImageOfPage":{"@id":"https:\/\/olgafertilityclinic.com\/de\/ivf-kalkulation\/#primaryimage"},"datePublished":"2022-09-14T08:07:28+00:00","dateModified":"2024-04-09T08:45:38+00:00","breadcrumb":{"@id":"https:\/\/olgafertilityclinic.com\/de\/ivf-kalkulation\/#breadcrumb"},"inLanguage":"de","potentialAction":[{"@type":"ReadAction","target":["https:\/\/olgafertilityclinic.com\/de\/ivf-kalkulation\/"]}]},{"@type":"BreadcrumbList","@id":"https:\/\/olgafertilityclinic.com\/de\/ivf-kalkulation\/#breadcrumb","itemListElement":[{"@type":"ListItem","position":1,"name":"Home","item":"https:\/\/olgafertilityclinic.com\/de\/"},{"@type":"ListItem","position":2,"name":"IVF-Kalkulation \u2013 Wie viele Versuche braucht man f\u00fcr eine Lebendgeburt?"}]}]}},"_links":{"self":[{"href":"https:\/\/olgafertilityclinic.com\/de\/wp-json\/wp\/v2\/pages\/16618"}],"collection":[{"href":"https:\/\/olgafertilityclinic.com\/de\/wp-json\/wp\/v2\/pages"}],"about":[{"href":"https:\/\/olgafertilityclinic.com\/de\/wp-json\/wp\/v2\/types\/page"}],"author":[{"embeddable":true,"href":"https:\/\/olgafertilityclinic.com\/de\/wp-json\/wp\/v2\/users\/1"}],"replies":[{"embeddable":true,"href":"https:\/\/olgafertilityclinic.com\/de\/wp-json\/wp\/v2\/comments?post=16618"}],"version-history":[{"count":5,"href":"https:\/\/olgafertilityclinic.com\/de\/wp-json\/wp\/v2\/pages\/16618\/revisions"}],"predecessor-version":[{"id":19820,"href":"https:\/\/olgafertilityclinic.com\/de\/wp-json\/wp\/v2\/pages\/16618\/revisions\/19820"}],"wp:attachment":[{"href":"https:\/\/olgafertilityclinic.com\/de\/wp-json\/wp\/v2\/media?parent=16618"}],"wp:term":[{"taxonomy":"post_tag","embeddable":true,"href":"https:\/\/olgafertilityclinic.com\/de\/wp-json\/wp\/v2\/tags?post=16618"}],"curies":[{"name":"wp","href":"https:\/\/api.w.org\/{rel}","templated":true}]}}