{"id":19372,"date":"2023-12-11T21:49:01","date_gmt":"2023-12-11T21:49:01","guid":{"rendered":"https:\/\/olgafertilityclinic.com\/?page_id=19372"},"modified":"2024-09-25T08:03:55","modified_gmt":"2024-09-25T08:03:55","slug":"eizellspende-datenbank","status":"publish","type":"page","link":"https:\/\/olgafertilityclinic.com\/de\/eizellspende-datenbank\/","title":{"rendered":"Welche Informationen \u00fcber Spenderinnen finden Sie in unserer Eizellspende-Datenbank?"},"content":{"rendered":"<div class=\"entry-content\">\n<h2>Geschichte des O.L.G.A.-Eizellspendeprogramms<\/h2>\n<p><img decoding=\"async\" class=\"w30p fl\" src=\"https:\/\/olgafertilityclinic.com\/wp-content\/uploads\/2024\/03\/Olga-white-roses.jpg\" alt=\"Dr. Olga Zaytseff\" \/>Unser Eizellspendeprogramm wurde 2005 von Dr. Olga Zaytseff in&nbsp;Sankt Petersburg gestartet. Als pers\u00f6nliche \u00c4rztin k\u00fcmmerte sich Dr. Olga um die medizinische und psychologische Betreuung ihrer Patientinnen und deren Spenderinnen. Wenn alle M\u00f6glichkeiten der Patientin, ihre eigenen Eizellen zu verwenden, ausgesch\u00f6pft waren und die Patientin eine Eizellspende als Abk\u00fcrzung zu einer erfolgreichen Schwangerschaft w\u00fcnschte, vermittelte Dr. Olga individuell Eizellspenderinnen f\u00fcr ihre Patientinnen und k\u00fcmmerte sich um deren medizinische Behandlung als deren pers\u00f6nliche \u00c4rztin in&nbsp;St. Petersburg.<\/p>\n<p><img decoding=\"async\" class=\"w25p fr\" src=\"https:\/\/olgafertilityclinic.com\/wp-content\/uploads\/2024\/03\/anna-ship.jpg\" alt=\"Anna\" \/>Im Jahr 2010 wurde die Anzahl der Eizellspenderinnen von Dr. Olga so&nbsp;gro\u00df, dass Dr. Olga Anna, eine sehr engagierte und gebildete ehemalige Eizellspenderin, engagiert hat, ihr bei der Betreuung der Eizellspenderinnen zu helfen. In&nbsp;ihrer Arbeit mit den Eizellspenderinnen legte Anna den Schwerpunkt auf einen sehr bewussten und sanften Umgang mit der Spende, indem sie sich um den emotionalen Zustand der Spenderinnen k\u00fcmmerte, sie \u00fcber alle Schritte der Spende beriet und sie w\u00e4hrend ihres psychologischen und medizinischen Prozesses unterst\u00fctzte.<\/p>\n<p>Das Ergebnis dieser Zusammenarbeit ist unsere gro\u00dfartige Eizellspenderinnen-Datenbank, die wir 2012 ins Leben gerufen haben. Seit mehr als 10 Jahren haben wir mit unserer Eizellspenderinnen-Datenbank und unserem individualisierten medizinischen Verfahren Hunderten von alleinstehenden Frauen und Paaren auf ihrem Weg zum Elternwerden geholfen. <a href=\"\/de\/erfolgsgeschichten\/\" target=\"_blank\" rel=\"noopener\">Pers\u00f6nliche Geschichten unserer Patientinnen<\/a> finden Sie <a href=\"\/de\/erfolgsgeschichten\/\" target=\"_blank\" rel=\"noopener\">hier \u21aa<\/a>, viele von ihnen haben ihren Weg zur Fruchtbarkeit auch <a href=\"\/en\/press\/\" target=\"_blank\" rel=\"noopener\">in&nbsp;der Presse \u21aa<\/a> beschrieben<\/p>\n<p>In&nbsp;den letzten 10 Jahren haben sich 15 ehemalige Eizellspenderinnen dem O.L.G.A.-Team als Krankenschwestern, Koordinatorinnen und Administratorinnen angeschlossen, um Spenderinnen und Patientinnen auf ihrem Weg zu unterst\u00fctzen.<\/p>\n<p><strong>Auf dem Foto sehen Sie einige der O.L.G.A.-Teammitglieder \u2014 ehemalige Eizellspenderinnen<\/strong><\/p>\n<p><img loading=\"lazy\" decoding=\"async\" class=\"alignnone size-full wp-image-16780\" src=\"https:\/\/olgafertilityclinic.com\/wp-content\/uploads\/2023\/12\/edteam.jpg\" alt=\"\" width=\"1800\" height=\"1109\" srcset=\"https:\/\/olgafertilityclinic.com\/wp-content\/uploads\/2023\/12\/edteam.jpg 1800w, https:\/\/olgafertilityclinic.com\/wp-content\/uploads\/2023\/12\/edteam-300x185.jpg 300w, https:\/\/olgafertilityclinic.com\/wp-content\/uploads\/2023\/12\/edteam-150x92.jpg 150w, https:\/\/olgafertilityclinic.com\/wp-content\/uploads\/2023\/12\/edteam-768x473.jpg 768w, https:\/\/olgafertilityclinic.com\/wp-content\/uploads\/2023\/12\/edteam-1536x946.jpg 1536w, https:\/\/olgafertilityclinic.com\/wp-content\/uploads\/2023\/12\/edteam-270x166.jpg 270w, https:\/\/olgafertilityclinic.com\/wp-content\/uploads\/2023\/12\/edteam-836x515.jpg 836w, https:\/\/olgafertilityclinic.com\/wp-content\/uploads\/2023\/12\/edteam-1200x739.jpg 1200w, https:\/\/olgafertilityclinic.com\/wp-content\/uploads\/2023\/12\/edteam-825x508.jpg 825w, https:\/\/olgafertilityclinic.com\/wp-content\/uploads\/2023\/12\/edteam-870x536.jpg 870w, https:\/\/olgafertilityclinic.com\/wp-content\/uploads\/2023\/12\/edteam-370x228.jpg 370w, https:\/\/olgafertilityclinic.com\/wp-content\/uploads\/2023\/12\/edteam-554x341.jpg 554w, https:\/\/olgafertilityclinic.com\/wp-content\/uploads\/2023\/12\/edteam-306x189.jpg 306w, https:\/\/olgafertilityclinic.com\/wp-content\/uploads\/2023\/12\/edteam-317x195.jpg 317w, https:\/\/olgafertilityclinic.com\/wp-content\/uploads\/2023\/12\/edteam-260x160.jpg 260w, https:\/\/olgafertilityclinic.com\/wp-content\/uploads\/2023\/12\/edteam-87x54.jpg 87w\" sizes=\"(max-width: 1800px) 100vw, 1800px\" \/><\/p>\n<p>Unsere Online-Gemeinschaften f\u00fcr Patientinnen und Eizellspenderinnen wurden zu sicheren, informativen Online-R\u00e4umen f\u00fcr Diskussionen \u00fcber Fruchtbarkeit, Unfruchtbarkeit, Frauengesundheit und Psychologie, in&nbsp;denen Frauen in&nbsp;unterschiedlichen Lebenssituationen auch Rat und Unterst\u00fctzung finden k\u00f6nnen.<\/p>\n<p>Im Jahr 2016 wurde der Eizellspendeprozess durch O.L.G.A. Fertility so&nbsp;einfach und erfolgreich, dass wir seither Pakete mit Geld-zur\u00fcck-Garantie anbieten k\u00f6nnen, die wir weiterhin erfolgreich praktizieren.<\/p>\n<div>\n<h2><span lang=\"DE\">Erweiterte Eizellspenderinnen-Datenbank<\/span><\/h2>\n<\/div>\n<p>Heute k\u00f6nnen Sie aus mehr als 80 Spenderinnen w\u00e4hlen. Einige von ihnen sind offene Spenderinnen, was bedeutet, dass ein Nachkomme \u2013 Ihr Baby \u2013 Informationen \u00fcber seine Identit\u00e4t erhalten kann, wenn er\/ sie das 18. Lebensjahr erreicht hat. Einige Spenderinnen haben sich daf\u00fcr entschieden, dass sie nicht kontaktiert werden m\u00f6chten. Trotzdem haben sie viele Informationen \u00fcber sich f\u00fcr Sie bereitgestellt.<\/p>\n<p class=\"ctatxt\">M\u00f6chten Sie einen kostenlosen 7-Tage-Zugang zu unserer Eizellspende-Datenbank?<br \/>\n<strong class=\"popup-form-ed\">Kontaktieren Sie uns!<\/strong><\/p>\n<p><img decoding=\"async\" class=\"w90p aligncenter\" src=\"https:\/\/olgafertilityclinic.com\/wp-content\/uploads\/2023\/12\/donor-profiles-1b.jpg\" alt=\"Welche Informationen \u00fcber Spenderinnen finden Sie in&nbsp;unserer Eizellspende-Datenbank?\" \/><\/p>\n<p>In&nbsp;unserer Eizellspende-Datenbank k\u00f6nnen Sie <strong>Kinder-Fotos<\/strong> von Spenderinnen im Alter von 2 bis 14 Jahren sehen. Kinder verk\u00f6rpern Authentizit\u00e4t und Offenheit und spiegeln die Charakterz\u00fcge ihrer Eltern und ihrer unmittelbaren Familie wider. Kinder-Fotos dienen als Schnappsch\u00fcsse unseres Lebens und fangen wertvolle Erinnerungen ein, die uns auf unserem Lebensweg begleiten. Daher sind die Bilder aus der Kindheit in&nbsp;unserer Eizellspende-Datenbank von gro\u00dfer Bedeutung.<\/p>\n<p><strong><br \/>\n<a class=\"popup-youtube\" href=\"https:\/\/www.youtube.com\/watch?v=fBoE_qUZ-cc\"><img loading=\"lazy\" decoding=\"async\" width=\"840\" height=\"437\" class=\"ar w50p alignright wp-image-2369 size-full\" src=\"\/wp-content\/uploads\/2020\/05\/sb-edc-2x.jpg\" alt=\"If those celebrities came to choose a donor from our Database, what donor could they get? Have a look! Make your own test donor choice! It is free!\" srcset=\"https:\/\/olgafertilityclinic.com\/wp-content\/uploads\/2020\/05\/sb-edc-2x.jpg 840w, https:\/\/olgafertilityclinic.com\/wp-content\/uploads\/2020\/05\/sb-edc-2x-300x156.jpg 300w, https:\/\/olgafertilityclinic.com\/wp-content\/uploads\/2020\/05\/sb-edc-2x-768x400.jpg 768w\" sizes=\"(max-width: 840px) 100vw, 840px\" \/><\/a>Die Fotos der Spenderin im Erwachsenenalter, <\/strong>die Sie in&nbsp;unserer Eizellspende-Datenbank finden, bieten Ihnen die einmalige Gelegenheit, sich einen pers\u00f6nlichen Eindruck von der Frau zu verschaffen, die aus dem kleinen M\u00e4dchen geworden ist. Diese Bilder zeigen die Entwicklung ihrer Gesichtsz\u00fcge und ihres K\u00f6rperbaus und ihre Mimik in&nbsp;Momenten der Freude, in&nbsp;ernster oder konzentrierter Stimmung. Anhand ihrer bevorzugten Kleidung, Haarfarbe und Make-up kann man sehen, welchen Stil sie bevorzugt. Details rund um die Spenderin auf den Fotos (Kinder, Tiere, Naturlandschaften oder B\u00fcro) verraten viel \u00fcber ihre Interessen und Aktivit\u00e4ten. Diese Fotos helfen Ihnen nicht nur, eine Spenderin zu finden, die Ihnen k\u00f6rperlich \u00e4hnelt, sondern auch die Pers\u00f6nlichkeit hinter diesen Fotos zu erkennen. Vielleicht finden Sie so&nbsp;eine Spenderin, die auch Ihre Freundin h\u00e4tte sein k\u00f6nnen&#8230;<strong><br \/>\n<\/strong><\/p>\n<p class=\"ctatxt\">M\u00f6chten Sie einen kostenlosen 7-Tage-Zugang zu unserer Eizellspende-Datenbank?<br \/>\n<strong class=\"popup-form-ed\">Kontaktieren Sie uns!<\/strong><\/p>\n<p><strong><br \/> In&nbsp;den Motivationsschreiben, <\/strong>die in&nbsp;unserer Eizellspende-Datenbank zu finden sind, \u00e4u\u00dfern die Spenderinnen ihre Gedanken und Gef\u00fchle in&nbsp;Bezug auf die Spende und die Mutterschaft und teilen pers\u00f6nliche Details aus ihrem Leben mit, einschlie\u00dflich m\u00fctterlicher Erfahrungen und Kindheitserinnerungen. Der handschriftliche Charakter der Briefe verleiht eine noch pers\u00f6nlichere Note und erm\u00f6glicht es Ihnen, zwischen den Zeilen zu lesen, die Charakterz\u00fcge der Spenderinnen zu erkennen und einen Eindruck von ihrer Pers\u00f6nlichkeit zu bekommen.<strong><br \/>\n<\/strong><\/p>\n<p>In&nbsp;unserer Eizellspenderdatenbank finden Sie Informationen \u00fcber die Charaktereigenschaften der Spenderinnen, ihren Bildungsstand, ihre Lernf\u00e4higkeit und kognitiven F\u00e4higkeiten, ihren Beruf, ihre Hobbys, ihre Interessen und ihre Vorlieben.<\/p>\n<p>In&nbsp;unserer Eizellspende-Datenbank finden Sie auch umfassende Informationen \u00fcber den <strong>allgemeinen Gesundheitszustand<\/strong> der Spenderin und ihrer Familie. Dazu geh\u00f6ren Informationen \u00fcber die Eltern der Spenderin, die Gro\u00dfeltern auf beiden Seiten, die Geschwister und die Kinder. Au\u00dferdem finden Sie Angaben zu Gr\u00f6\u00dfe, Gewicht, Augenfarbe, Haarfarbe, Ausbildung, Beruf, Hobbys, Talenten und Berufen der Familienmitglieder. All diese Informationen vermitteln Ihnen einen guten Eindruck vom famili\u00e4ren Hintergrund der Spenderin.<\/p>\n<p class=\"ctatxt\">M\u00f6chten Sie einen kostenlosen 7-Tage-Zugang zu unserer Eizellspende-Datenbank?<br \/>\n<strong class=\"popup-form-ed\">Kontaktieren Sie uns!<\/strong><\/p>\n<p><a href=\"\/en\/egg-donation\/our-catalogue-of-egg-donors\/\" target=\"_blank\" rel=\"noopener\">Klicken Sie hier, um ein Beispiel eines Spenderinnen-Profils und der Struktur unserer Datenbank zu sehen \u2192<\/a><\/p>\n<h2><strong>Wie w\u00e4hlt man eine Spenderin aus unserer Eizellspende-Datenbank aus?<\/strong><\/h2>\n<p>Wenn Sie uns zum ersten Mal per <a href=\"mailto:info@fertilityguarantee.com\"><strong>E-Mail<\/strong><\/a> kontaktieren oder das Kontaktformular ausf\u00fcllen, bieten wir Ihnen einen kostenlosen 7-t\u00e4gigen Zugang zur aktuellen Version unserer Eizellspende-Datenbank, in&nbsp;der Sie die vollst\u00e4ndigen Profile unserer Spenderinnen sehen k\u00f6nnen. Wir bieten Ihnen auch ein <strong>einf\u00fchrendes Zoom-Meeting<\/strong> an, bei dem Ihnen eines unserer Teammitglieder in&nbsp;allen Einzelheiten erkl\u00e4ren wird, wie Sie die Eizellspende-Datenbank mit maximalem Erfolg f\u00fcr sich selbst nutzen k\u00f6nnen. Alle Zoom-Meetings mit uns sind f\u00fcr Sie kostenlos. Wir verlangen keinen Vertrag oder Zahlungen, bevor Sie in&nbsp;unserer Eizellspende-Datenbank surfen und Ihren kostenlosen Zugang zur Vollversion nutzen k\u00f6nnen, weil Sie vielleicht schon im Voraus wissen m\u00f6chten, was Sie von unseren Spenderinnen halten. Unsere Spenderinnen geben so&nbsp;viele Informationen wie m\u00f6glich und halten keine geheim. Wir sch\u00e4tzen das Vertrauen und die Loyalit\u00e4t, die unsere Spenderinnen O.L.G.A. Fertility entgegenbringen, und wir k\u00fcmmern uns um sie medizinisch-psychologisch und sozial auf demselben Niveau wie um unsere lieben Patienten.<\/p>\n<p>Nachdem Sie 7 Tage lang in&nbsp;unserer Eizellspenderinnen-Datenbank recherchiert haben, wird eine unserer Koordinatorinnen ein weiteres Gespr\u00e4ch mit Ihnen f\u00fchren, in&nbsp;dem Sie Ihre Eindr\u00fccke schildern k\u00f6nnen. Es ist wichtig, Ihre Gedanken und Gef\u00fchle \u00fcber Ihre bevorzugte Wahl mit einer unserer Koordinatorinnen zu besprechen, die viel Erfahrung darin haben, Frauen nicht nur bei der individuellen Auswahl einer Spenderin zu helfen, sondern sie auch w\u00e4hrend ihrer gesamten Fruchtbarkeitsreise und der Eizellspende-Behandlung bei O.L.G.A. Fertility zu begleiten, zu informieren und zu unterst\u00fctzen.<\/p>\n<p class=\"ctatxt\">M\u00f6chten Sie einen kostenlosen 7-Tage-Zugang zu unserer Eizellspende-Datenbank?<br \/>\n<strong class=\"popup-form-ed\">Kontaktieren Sie uns!<\/strong><\/p>\n<div><span lang=\"EN-US\">Wenn Sie lieber allein in&nbsp;der Eizellspende-Datenbank surfen m\u00f6chten, um mit Ihren eigenen Gef\u00fchlen in&nbsp;Kontakt zu kommen und auf Ihr Inneres zu h\u00f6ren, ist das auch in&nbsp;Ordnung. Wenn Sie nach den 7 Tagen dann doch Ihre bevorzugten Spenderinnen-Optionen mit uns besprechen oder uns um Rat fragen m\u00f6chten \u2013 wir sind f\u00fcr Sie da, <span class=\"popup-form-ed\">kontaktieren Sie uns einfach!<\/span><\/span><\/div>\n<h2>Wie reservieren und bezahlen Sie die Eizellen einer Spenderin aus unserer Eizellspende-Datenbank?<\/h2>\n<p>Wenn Sie eine Spenderin gefunden haben, von der Sie \u00fcberzeugt sind und bei der Sie sich wohlf\u00fchlen, setzen Sie sich bitte mit uns in&nbsp;Verbindung, um uns so&nbsp;schnell wie m\u00f6glich mitzuteilen, f\u00fcr welche Spenderin Sie sich entschieden haben. Das ist wichtig, da m\u00f6glicherweise andere werdende Eltern zur gleichen Zeit dieselbe Spenderin in&nbsp;Betracht ziehen. Bitte setzen Sie sich mit uns in&nbsp;Verbindung, sobald Sie Ihre Wahl getroffen haben, damit wir die Eizellen der von Ihnen bevorzugten Spenderin f\u00fcr 7 Tage kostenlos f\u00fcr Sie reservieren k\u00f6nnen. Sobald wir die Reservierung vorgenommen haben, werden wir uns mit dem Vertrag und der Rechnung an Sie wenden, damit Sie Ihre Zahlung rechtzeitig leisten k\u00f6nnen und wir Ihre ausgew\u00e4hlte Spenderin f\u00fcr Sie reservieren k\u00f6nnen.<\/p>\n<p style=\"font-weight: 400;\">An beiden Standorten bieten wir Pakete mit einer 100%-Geld-zur\u00fcck-Garantie f\u00fcr eine Lebendgeburt an; au\u00dferdem garantieren wir eine bestimmte Anzahl von Blastozysten pro IVF-Zyklus mit Spende-Eizellen.<\/p>\n<p style=\"font-weight: 400;\">M\u00f6chten Sie mehr \u00fcber die Garantien von O.L.G.A. Fertility in&nbsp;Zypern oder St. Petersburg erfahren?<br \/>\n<a href=\"\/de\/100ige-geld-zurueck-garantie\/\">Bitte lesen Sie hier \u21aa<\/a><\/p>\n<p style=\"font-weight: 400;\">M\u00f6chten Sie wissen, wie der Behandlungsprozess mit Spende-Eizellen bei O.L.G.A. Fertility aussieht?<br \/>\n<a href=\"\/de\/eizellspende\/eizellen-und-doppelspendeverfahren\/\">Bitte lesen Sie hier \u21aa<\/a><\/p>\n<p style=\"text-align: center;\"><strong><br \/>\nDiese liebenswerte Spenderin spendete in&nbsp;den Jahren 2021\u20132022 ihre Eizellen und half unseren vier lieben Patientinnen, schwanger zu werden und ihre Kinder zu bekommen.<br \/>\n<\/strong><\/p>\n<div class=\"ts-row grid cf\">\n<div class=\"col-6\"><a class=\"popup-zoom\" href=\"\/wp-content\/uploads\/2023\/12\/donor-profile-1-1.jpg\"><img decoding=\"async\" class=\"w100p shdw1\" src=\"\/wp-content\/uploads\/2023\/12\/donor-profile-1-1.jpg\" alt=\"What information about donors can you find in&nbsp;our Egg Donor Database. Egg Donor photo and&nbsp;info\" \/><\/a><\/div>\n<div class=\"col-6\"><a class=\"popup-zoom\" href=\"\/wp-content\/uploads\/2023\/12\/donor-profile-1-2.jpg\"><img decoding=\"async\" class=\"w100p shdw1\" src=\"\/wp-content\/uploads\/2023\/12\/donor-profile-1-2.jpg\" alt=\"Egg donor details\" \/><\/a><\/div>\n<div class=\"col-6\"><a class=\"popup-zoom\" href=\"\/wp-content\/uploads\/2023\/12\/donor-profile-1-3.jpg\"><img decoding=\"async\" class=\"w100p shdw1\" src=\"\/wp-content\/uploads\/2023\/12\/donor-profile-1-3.jpg\" alt=\"Egg donor Database\" \/><\/a><\/div>\n<div class=\"col-6\"><a class=\"popup-zoom\" href=\"\/wp-content\/uploads\/2023\/12\/donor-profile-1-4.jpg\"><img decoding=\"async\" class=\"w100p shdw1\" src=\"\/wp-content\/uploads\/2023\/12\/donor-profile-1-4.jpg\" alt=\"Egg donor information\" \/><\/a><\/div>\n<div class=\"col-6\"><a class=\"popup-zoom\" href=\"\/wp-content\/uploads\/2023\/12\/donor-profile-1-5.jpg\"><img decoding=\"async\" class=\"w100p shdw1\" src=\"\/wp-content\/uploads\/2023\/12\/donor-profile-1-5.jpg\" alt=\"Egg donor motivation letter\" \/><\/a><\/div>\n<div class=\"col-6\"><a class=\"popup-zoom\" href=\"\/wp-content\/uploads\/2023\/12\/donor-profile-1-6.jpg\"><img decoding=\"async\" class=\"w100p shdw1\" src=\"\/wp-content\/uploads\/2023\/12\/donor-profile-1-6.jpg\" alt=\"Egg donor adult photos\" \/><\/a><\/div>\n<\/div>\n<p class=\"ctatxt\" style=\"text-align: center;\">\nM\u00f6chten Sie einen kostenlosen 7-Tage-Zugang zu unserer Eizellspende-Datenbank?<br \/>\n<strong class=\"popup-form-ed\">Kontaktieren Sie uns!<\/strong><\/p>\n<p>&nbsp;<\/p>\n<p>&nbsp;<\/p>\n<\/div>\n","protected":false},"excerpt":{"rendered":"<p>Geschichte des O.L.G.A.-Eizellspendeprogramms Unser Eizellspendeprogramm wurde 2005 von Dr. Olga Zaytseff in&nbsp;Sankt Petersburg gestartet. Als pers\u00f6nliche \u00c4rztin k\u00fcmmerte sich Dr. Olga um die medizinische und psychologische Betreuung ihrer Patientinnen und deren Spenderinnen. Wenn alle M\u00f6glichkeiten der Patientin, ihre eigenen Eizellen zu verwenden, ausgesch\u00f6pft waren und die Patientin eine Eizellspende als Abk\u00fcrzung zu einer erfolgreichen Schwangerschaft<\/p>\n","protected":false},"author":1,"featured_media":0,"parent":0,"menu_order":23,"comment_status":"closed","ping_status":"closed","template":"page-landing.php","meta":{"footnotes":""},"tags":[],"acf":[],"yoast_head":"<!-- This site is optimized with the Yoast SEO plugin v18.6 - https:\/\/yoast.com\/wordpress\/plugins\/seo\/ -->\n<title>Erhalten Sie einen kostenlosen Zugang zu unserer vollst\u00e4ndigen Eizellspende-Datenbank! - O.L.G.A. Fertility<\/title>\n<meta name=\"description\" content=\"Und w\u00e4hlen Sie aus 80 Spenderinnen unserer Eizellspende Datenbank, inklusive Fotos, Motivationsschreiben und Gesundheitsinformationen unserer Spenderinnen, \u00fcber deren Kinder und Eltern, \u00fcber Bildungsstand, Talente und Interessen.\" \/>\n<meta name=\"robots\" content=\"index, follow, max-snippet:-1, max-image-preview:large, max-video-preview:-1\" \/>\n<link rel=\"canonical\" href=\"https:\/\/olgafertilityclinic.com\/de\/eizellspende-datenbank\/\" \/>\n<meta property=\"og:locale\" content=\"de_DE\" \/>\n<meta property=\"og:type\" content=\"article\" \/>\n<meta property=\"og:title\" content=\"Erhalten Sie einen kostenlosen Zugang zu unserer vollst\u00e4ndigen Eizellspende-Datenbank! - O.L.G.A. Fertility\" \/>\n<meta property=\"og:description\" content=\"Und w\u00e4hlen Sie aus 80 Spenderinnen unserer Eizellspende Datenbank, inklusive Fotos, Motivationsschreiben und Gesundheitsinformationen unserer Spenderinnen, \u00fcber deren Kinder und Eltern, \u00fcber Bildungsstand, Talente und Interessen.\" \/>\n<meta property=\"og:url\" content=\"https:\/\/olgafertilityclinic.com\/de\/eizellspende-datenbank\/\" \/>\n<meta property=\"og:site_name\" content=\"O.L.G.A. Fertility\" \/>\n<meta property=\"article:modified_time\" content=\"2024-09-25T08:03:55+00:00\" \/>\n<meta property=\"og:image\" content=\"https:\/\/olgafertilityclinic.com\/wp-content\/uploads\/2024\/03\/Olga-white-roses.jpg\" \/>\n<meta name=\"twitter:card\" content=\"summary_large_image\" \/>\n<meta name=\"twitter:label1\" content=\"Gesch\u00e4tzte Lesezeit\" \/>\n\t<meta name=\"twitter:data1\" content=\"7\u00a0Minuten\" \/>\n<script type=\"application\/ld+json\" class=\"yoast-schema-graph\">{\"@context\":\"https:\/\/schema.org\",\"@graph\":[{\"@type\":\"WebSite\",\"@id\":\"https:\/\/olgafertilityclinic.com\/de\/#website\",\"url\":\"https:\/\/olgafertilityclinic.com\/de\/\",\"name\":\"O.L.G.A. Fertility\",\"description\":\"Cyprus  and St. Petersburg\",\"potentialAction\":[{\"@type\":\"SearchAction\",\"target\":{\"@type\":\"EntryPoint\",\"urlTemplate\":\"https:\/\/olgafertilityclinic.com\/de\/?s={search_term_string}\"},\"query-input\":\"required name=search_term_string\"}],\"inLanguage\":\"de\"},{\"@type\":\"ImageObject\",\"@id\":\"https:\/\/olgafertilityclinic.com\/de\/eizellspende-datenbank\/#primaryimage\",\"inLanguage\":\"de\",\"url\":\"https:\/\/olgafertilityclinic.com\/wp-content\/uploads\/2024\/03\/Olga-white-roses.jpg\",\"contentUrl\":\"https:\/\/olgafertilityclinic.com\/wp-content\/uploads\/2024\/03\/Olga-white-roses.jpg\",\"width\":833,\"height\":1200},{\"@type\":\"WebPage\",\"@id\":\"https:\/\/olgafertilityclinic.com\/de\/eizellspende-datenbank\/#webpage\",\"url\":\"https:\/\/olgafertilityclinic.com\/de\/eizellspende-datenbank\/\",\"name\":\"Erhalten Sie einen kostenlosen Zugang zu unserer vollst\u00e4ndigen Eizellspende-Datenbank! - O.L.G.A. Fertility\",\"isPartOf\":{\"@id\":\"https:\/\/olgafertilityclinic.com\/de\/#website\"},\"primaryImageOfPage\":{\"@id\":\"https:\/\/olgafertilityclinic.com\/de\/eizellspende-datenbank\/#primaryimage\"},\"datePublished\":\"2023-12-11T21:49:01+00:00\",\"dateModified\":\"2024-09-25T08:03:55+00:00\",\"description\":\"Und w\u00e4hlen Sie aus 80 Spenderinnen unserer Eizellspende Datenbank, inklusive Fotos, Motivationsschreiben und Gesundheitsinformationen unserer Spenderinnen, \u00fcber deren Kinder und Eltern, \u00fcber Bildungsstand, Talente und Interessen.\",\"breadcrumb\":{\"@id\":\"https:\/\/olgafertilityclinic.com\/de\/eizellspende-datenbank\/#breadcrumb\"},\"inLanguage\":\"de\",\"potentialAction\":[{\"@type\":\"ReadAction\",\"target\":[\"https:\/\/olgafertilityclinic.com\/de\/eizellspende-datenbank\/\"]}]},{\"@type\":\"BreadcrumbList\",\"@id\":\"https:\/\/olgafertilityclinic.com\/de\/eizellspende-datenbank\/#breadcrumb\",\"itemListElement\":[{\"@type\":\"ListItem\",\"position\":1,\"name\":\"Home\",\"item\":\"https:\/\/olgafertilityclinic.com\/de\/\"},{\"@type\":\"ListItem\",\"position\":2,\"name\":\"Welche Informationen \u00fcber Spenderinnen finden Sie in unserer Eizellspende-Datenbank?\"}]}]}<\/script>\n<!-- \/ Yoast SEO plugin. -->","yoast_head_json":{"title":"Erhalten Sie einen kostenlosen Zugang zu unserer vollst\u00e4ndigen Eizellspende-Datenbank! - O.L.G.A. Fertility","description":"Und w\u00e4hlen Sie aus 80 Spenderinnen unserer Eizellspende Datenbank, inklusive Fotos, Motivationsschreiben und Gesundheitsinformationen unserer Spenderinnen, \u00fcber deren Kinder und Eltern, \u00fcber Bildungsstand, Talente und Interessen.","robots":{"index":"index","follow":"follow","max-snippet":"max-snippet:-1","max-image-preview":"max-image-preview:large","max-video-preview":"max-video-preview:-1"},"canonical":"https:\/\/olgafertilityclinic.com\/de\/eizellspende-datenbank\/","og_locale":"de_DE","og_type":"article","og_title":"Erhalten Sie einen kostenlosen Zugang zu unserer vollst\u00e4ndigen Eizellspende-Datenbank! - O.L.G.A. Fertility","og_description":"Und w\u00e4hlen Sie aus 80 Spenderinnen unserer Eizellspende Datenbank, inklusive Fotos, Motivationsschreiben und Gesundheitsinformationen unserer Spenderinnen, \u00fcber deren Kinder und Eltern, \u00fcber Bildungsstand, Talente und Interessen.","og_url":"https:\/\/olgafertilityclinic.com\/de\/eizellspende-datenbank\/","og_site_name":"O.L.G.A. Fertility","article_modified_time":"2024-09-25T08:03:55+00:00","og_image":[{"url":"https:\/\/olgafertilityclinic.com\/wp-content\/uploads\/2024\/03\/Olga-white-roses.jpg"}],"twitter_card":"summary_large_image","twitter_misc":{"Gesch\u00e4tzte Lesezeit":"7\u00a0Minuten"},"schema":{"@context":"https:\/\/schema.org","@graph":[{"@type":"WebSite","@id":"https:\/\/olgafertilityclinic.com\/de\/#website","url":"https:\/\/olgafertilityclinic.com\/de\/","name":"O.L.G.A. Fertility","description":"Cyprus  and St. Petersburg","potentialAction":[{"@type":"SearchAction","target":{"@type":"EntryPoint","urlTemplate":"https:\/\/olgafertilityclinic.com\/de\/?s={search_term_string}"},"query-input":"required name=search_term_string"}],"inLanguage":"de"},{"@type":"ImageObject","@id":"https:\/\/olgafertilityclinic.com\/de\/eizellspende-datenbank\/#primaryimage","inLanguage":"de","url":"https:\/\/olgafertilityclinic.com\/wp-content\/uploads\/2024\/03\/Olga-white-roses.jpg","contentUrl":"https:\/\/olgafertilityclinic.com\/wp-content\/uploads\/2024\/03\/Olga-white-roses.jpg","width":833,"height":1200},{"@type":"WebPage","@id":"https:\/\/olgafertilityclinic.com\/de\/eizellspende-datenbank\/#webpage","url":"https:\/\/olgafertilityclinic.com\/de\/eizellspende-datenbank\/","name":"Erhalten Sie einen kostenlosen Zugang zu unserer vollst\u00e4ndigen Eizellspende-Datenbank! - O.L.G.A. Fertility","isPartOf":{"@id":"https:\/\/olgafertilityclinic.com\/de\/#website"},"primaryImageOfPage":{"@id":"https:\/\/olgafertilityclinic.com\/de\/eizellspende-datenbank\/#primaryimage"},"datePublished":"2023-12-11T21:49:01+00:00","dateModified":"2024-09-25T08:03:55+00:00","description":"Und w\u00e4hlen Sie aus 80 Spenderinnen unserer Eizellspende Datenbank, inklusive Fotos, Motivationsschreiben und Gesundheitsinformationen unserer Spenderinnen, \u00fcber deren Kinder und Eltern, \u00fcber Bildungsstand, Talente und Interessen.","breadcrumb":{"@id":"https:\/\/olgafertilityclinic.com\/de\/eizellspende-datenbank\/#breadcrumb"},"inLanguage":"de","potentialAction":[{"@type":"ReadAction","target":["https:\/\/olgafertilityclinic.com\/de\/eizellspende-datenbank\/"]}]},{"@type":"BreadcrumbList","@id":"https:\/\/olgafertilityclinic.com\/de\/eizellspende-datenbank\/#breadcrumb","itemListElement":[{"@type":"ListItem","position":1,"name":"Home","item":"https:\/\/olgafertilityclinic.com\/de\/"},{"@type":"ListItem","position":2,"name":"Welche Informationen \u00fcber Spenderinnen finden Sie in unserer Eizellspende-Datenbank?"}]}]}},"_links":{"self":[{"href":"https:\/\/olgafertilityclinic.com\/de\/wp-json\/wp\/v2\/pages\/19372"}],"collection":[{"href":"https:\/\/olgafertilityclinic.com\/de\/wp-json\/wp\/v2\/pages"}],"about":[{"href":"https:\/\/olgafertilityclinic.com\/de\/wp-json\/wp\/v2\/types\/page"}],"author":[{"embeddable":true,"href":"https:\/\/olgafertilityclinic.com\/de\/wp-json\/wp\/v2\/users\/1"}],"replies":[{"embeddable":true,"href":"https:\/\/olgafertilityclinic.com\/de\/wp-json\/wp\/v2\/comments?post=19372"}],"version-history":[{"count":10,"href":"https:\/\/olgafertilityclinic.com\/de\/wp-json\/wp\/v2\/pages\/19372\/revisions"}],"predecessor-version":[{"id":21106,"href":"https:\/\/olgafertilityclinic.com\/de\/wp-json\/wp\/v2\/pages\/19372\/revisions\/21106"}],"wp:attachment":[{"href":"https:\/\/olgafertilityclinic.com\/de\/wp-json\/wp\/v2\/media?parent=19372"}],"wp:term":[{"taxonomy":"post_tag","embeddable":true,"href":"https:\/\/olgafertilityclinic.com\/de\/wp-json\/wp\/v2\/tags?post=19372"}],"curies":[{"name":"wp","href":"https:\/\/api.w.org\/{rel}","templated":true}]}}