{"id":19396,"date":"2023-12-20T14:34:02","date_gmt":"2023-12-20T14:34:02","guid":{"rendered":"https:\/\/olgafertilityclinic.com\/?page_id=19396"},"modified":"2025-01-16T11:53:01","modified_gmt":"2025-01-16T11:53:01","slug":"eizellspende-kosten-garantien","status":"publish","type":"page","link":"https:\/\/olgafertilityclinic.com\/de\/eizellspende-kosten-garantien\/","title":{"rendered":"Preise f\u00fcr Eizellspende 2024: \u00dcberblick der Kosten f\u00fcr Eizellspende Zyklen und kombinierte Pakete bei O.L.G.A. Fertilily auf Zypern und in St. Petersburg"},"content":{"rendered":"<ul class=\"toclist\">\n<li><a href=\"#part-ed\">Kosten f\u00fcr eine Eizellspende\u00a0auf der Grundlage der garantierten Anzahl von Blastozysten<\/a><\/li>\n<li><a href=\"#part-edmb\">Kosten des Eizellspende-IVF-Pakets mit 100%-Geld-zur\u00fcck-Garantie f\u00fcr eine Lebendgeburt<\/a><\/li>\n<\/ul>\n<p style=\"font-weight: 400;\">Wir bieten Ihnen \u2013 zu g\u00fcnstigen Preisen \u2013 die einzigartige M\u00f6glichkeit, eine individuelle Spenderin aus unserer umfangreichen Eizellspende-Datenbank auszuw\u00e4hlen<\/p>\n<p style=\"font-weight: 400;\">Ganz gleich, f\u00fcr welches Eizellspende-Paket oder welchen Einzelzyklus Sie sich entscheiden \u2013 die Auswahl aus der Datenbank ist in&nbsp;den Kosten f\u00fcr die Eizellspende enthalten.<\/p>\n<p><span class=\"Y2IQFc\" lang=\"de\">Eizellspendepakete und einzelne Zyklen sind unter Verwendung des Spermas des Partners\/Spenders m\u00f6glich.<\/span><\/p>\n<p>Ebenfalls in&nbsp;den Kosten enthalten ist ein individueller Behandlungsplan auf der Grundlage Ihrer medizinischen Situation und Ihrer pers\u00f6nlichen Lebensumst\u00e4nde, au\u00dferdem die medizinische Koordination, die medizinische und pflegerische Betreuung auf Zypern oder in&nbsp;St. Petersburg und \u00a0die Fortsetzung der Betreuung per Telefon\/E-Mail nach Ihrer R\u00fcckkehr in&nbsp;Ihr Heimatland.<\/p>\n<h2>Die Kosten f\u00fcr eine Eizellspende bei O.L.G.A. Fertility beinhalten den einzigartigen Service der Auswahl Ihrer Eizellspenderin aus unserer erweiterten Datenbank<\/h2>\n<p style=\"font-weight: 400;\"><strong>*Profil der Spenderin. <\/strong>Jedes Profil einer Eizellspenderin in&nbsp;unserer Datenbank enth\u00e4lt mehrere Fotos der Spenderin, ein Motivationsschreiben, in&nbsp;dem sie erkl\u00e4rt, warum sie sich daf\u00fcr entschieden hat, Eizellspenderin zu werden, Informationen \u00fcber ihren Charakter, ihre Interessen, ihren Beruf und ihr Bildungsniveau, eine Beschreibung des Gesundheitszustands der Spenderin, ihres Kindes oder ihrer Kinder, ihrer Eltern, Geschwister und Gro\u00dfeltern und viele weitere Details, die Ihnen helfen k\u00f6nnen, eine Eizellspenderin zu finden, bei der Sie sich sicher und wohl f\u00fchlen.\u00a0Unsere Datenbank enth\u00e4lt offene und anonyme, das hei\u00dft nicht kontaktierbare Spenderinnen. Die Datenbank ist in&nbsp;dieser Form einzigartig in&nbsp;Europa!<\/p>\n<p>M\u00f6chten Sie einen kostenlosen 7-Tage-Zugang zur vollst\u00e4ndigen und aktuellen Version unserer Eizellspende-Datenbank? <strong><b>Kontaktieren Sie uns!<\/b><\/strong><\/p>\n<p style=\"font-weight: 400;\"><strong>*Auswahl der Spenderin. <\/strong><span style=\"font-weight: 400;\">Auf Ihren Wunsch hin erhalten Sie 7 Tage lang kostenlosen Zugang zu unserer einzigartigen Datenbank mit erweiterten Spenderinnenprofilen. Sie k\u00f6nnen Ihre pers\u00f6nliche Spenderin auf der Grundlage Ihrer individuellen Bed\u00fcrfnisse und Werte ausw\u00e4hlen. Dies ist in&nbsp;unseren Kosten f\u00fcr\u00a0<\/span>die\u00a0<span style=\"font-weight: 400;\">Eizellspende \u2013 alle Pakete und Einzelzyklen betreffend \u2013 enthalten. <\/span><\/p>\n<p><strong><b>Die Vorauszahlung f\u00fcr die Reservierung Ihrer Spender-Eizellen wird von den Kosten f\u00fcr Ihr Eizellspende-Paket oder Ihren Einzelzyklus abgezogen<\/b><\/strong><\/p>\n<p>Sie k\u00f6nnen so\u00a0fr\u00fch wie Sie m\u00f6chten in\u00a0unserer Datenbank surfen, aber Sie k\u00f6nnen Ihre Spender- Eizellen fr\u00fchestens 6 Monate vor einem m\u00f6glichen Embryotransfer ausw\u00e4hlen und reservieren. Bitte haben Sie daf\u00fcr Verst\u00e4ndnis, da es in\u00a0Europa einen gro\u00dfen Mangel an Spender-Eizellen\u00a0gibt.<\/p>\n<p>Sobald Sie Ihre Spender-Eizellen ausgew\u00e4hlt haben, teilen Sie uns dies bitte so&nbsp;schnell wie m\u00f6glich mit, damit wir sie f\u00fcr Sie 7 Tage kostenfrei reservieren k\u00f6nnen.\u00a0Innerhalb dieser 7\u00a0Tage werden wir Ihnen den Vertrag und die Rechnung<\/p>\n<p>Der Preis f\u00fcr die Reservierung Ihrer Spender-Eizellen betr\u00e4gt 3000 Euro.<\/p>\n<p>Die Zahlung f\u00fcr die Reservierung sollte innerhalb von 5 Kalendertagen nach Ausstellung der Rechnung erfolgen. Sobald die Zahlung eingegangen ist, werden wir entweder vitrifizierte Spender-Eizellen reservieren oder den Stimulationsprozess f\u00fcr die von Ihnen ausgew\u00e4hlte Spenderin beginnen.<\/p>\n<p>Die Vorauszahlung von 3 000 Euro wird von den Gesamtkosten Ihres Eizellspende-Pakets oder Ihres Einzelzyklus abgezogen. Die Vorauszahlung f\u00fcr die Reservierung von Spender-Eizellen ist nur vor der vollst\u00e4ndigen Bezahlung der Kosten f\u00fcr das Paket erforderlich.<\/p>\n<p>Sollte sich Ihre pers\u00f6nliche oder medizinische Situation \u00e4ndern, so&nbsp;dass Sie die Behandlung nicht fortsetzen k\u00f6nnen, erstatten wir Ihnen 50&nbsp;% der Reservierungsgeb\u00fchr (1 500 Euro).<\/p>\n<p>Wenn Sie sich f\u00fcr eine Behandlung mit der von Ihnen gew\u00e4hlten Spenderin in&nbsp;einer anderen Klinik entscheiden, k\u00f6nnen Sie vitrifizierte Eizellen f\u00fcr 800 Euro pro Eizelle erwerben. Die Reservierungsgeb\u00fchr wird dann von den Gesamtkosten f\u00fcr die gekauften Eizellen abgezogen. Bitte beachten Sie, dass die Kosten f\u00fcr den Transport der Eizellen nicht inbegriffen sind und von der Patientin selbst getragen werden m\u00fcssen.<\/p>\n<p>Nachdem Ihre Vorauszahlung eingegangen ist, reservieren wir die Eizellen Ihrer Spenderin f\u00fcr Sie f\u00fcr weitere 3 Monate. Innerhalb von 3 Monaten m\u00fcssen Sie zu Ihrem Embryotransfer kommen, sonst wird die Reservierung aufgehoben und das Geld nicht zur\u00fcckerstattet.<\/p>\n<p>Wenn Sie Ihren Embryotransfer hinausz\u00f6gern m\u00f6chten, bieten wir Ihnen die M\u00f6glichkeit, unsere Eizellspende-Datenbank so&nbsp;lange wie n\u00f6tig kostenlos einzusehen, aber wir k\u00f6nnen Ihre Spender-Eizellen nicht fr\u00fcher als 3 Monate vor dem m\u00f6glichen Embryotransfer f\u00fcr Sie reservieren.<\/p>\n<h2><strong><a name=\"part-ed\"><\/a><\/strong><\/h2>\n<p><span style=\"font-size: 12pt;\"><strong><b>Kosten f\u00fcr eine Eizellspende<\/b><\/strong><strong><b>\u00a0<\/b><\/strong><\/span><strong><span style=\"font-size: 12pt;\">auf der Grundlage der garantierten Anzahl von Blastozysten<\/span><br \/>\n<\/strong><\/p>\n<table class=\"prices twoloc\" style=\"width: 100%;\">\n<tbody>\n<tr>\n<th style=\"width: 27.875%;\">\n<p>Eizellspende Einzelzyklus<\/p>\n<\/th>\n<th style=\"width: 32.125%;\">\n<p>Kosten f\u00fcr eine\u00a0Eizellspende in\u00a0St.Petersburg, EUR<\/p>\n<\/th>\n<th style=\"width: 39.875%;\">\n<p>Kosten f\u00fcr einen Eizellspende-IVF-Einzelzyklus auf Zypern, EUR<\/p>\n<\/th>\n<\/tr>\n<tr>\n<td style=\"width: 27.875%;\">\n<p>Eizellspende-IVF-Einzelzyklus\u00a0mit Garantie auf 1 Blastozyste<\/p>\n<\/td>\n<td style=\"width: 32.125%;\">\n<p><strong>4 900<br \/>\n<\/strong><\/p>\n<\/td>\n<td style=\"width: 39.875%;\">\n<p><strong>6 900<\/strong><\/p>\n<\/td>\n<\/tr>\n<tr>\n<td style=\"width: 27.875%;\" width=\"236\">\n<p>Eizellspende-IVF- Einzelzyklus mit Garantie auf 2 Blastozysten<\/p>\n<\/td>\n<td style=\"width: 32.125%;\" width=\"227\">\n<p><strong>6 900<br \/>\n<\/strong><\/p>\n<\/td>\n<td style=\"width: 39.875%;\" width=\"433\">\n<p><strong>8 900<br \/>\n<\/strong><\/p>\n<\/td>\n<\/tr>\n<tr>\n<td style=\"width: 27.875%;\" width=\"236\">\n<p>Eizellspende-IVF- Einzelzyklus\u00a0mit Garantie auf 3 Blastozysten<\/p>\n<\/td>\n<td style=\"width: 32.125%;\" width=\"227\">\n<p><strong>9 900\u00a0<\/strong><\/p>\n<\/td>\n<td style=\"width: 39.875%;\" width=\"433\">\n<p><strong>11 900\u00a0<br \/>\n<\/strong><\/p>\n<\/td>\n<\/tr>\n<\/tbody>\n<\/table>\n<p><strong>\u00a0<br \/>\n<\/strong><strong>*Garantie von 1, 2 oder 3 Blastozysten bedeutet: W<\/strong>ir werden die fehlende Anzahl von Blastozysten auf eigene Kosten erzeugen, wenn weniger als die versprochene Anzahl von Blastozysten aus Ihrem Eizellspende-IVF-Zyklus resultiert.<\/p>\n<p style=\"font-weight: 400;\"><strong>*Nachdem Sie den vollen Preis f\u00fcr Ihren Eizellspende-IVF-Zyklus bezahlt haben, <\/strong>f\u00fchren wir das Auftauen und die Befruchtung der ausgew\u00e4hlten Spender-Eizellen durch und kultivieren die befruchteten Eizellen bis zum Blastozystenstadium.<\/p>\n<p style=\"font-weight: 400;\"><strong>*Wir f\u00fchren den Transfer einer Blastozyste <\/strong>sowie die einj\u00e4hrige Lagerung der verbleibenden Blastozyste(n)\u00a0im Rahmen des Preises f\u00fcr den Eizellspende-IVF-Zyklus durch.<\/p>\n<p style=\"font-weight: 400;\"><strong style=\"font-family: Inter, sans-serif; font-size: 15px;\">*Ein Embryotransfer-Zyklus <\/strong><span style=\"font-family: Inter, sans-serif; font-size: 15px;\">ist im Preis f\u00fcr einen Eizellspende-IVF-Zyklus enthalten. Wir bieten einen individuellen Behandlungsplan f\u00fcr den Blastozystentransfer-Zyklus, medizinische Koordination vor, w\u00e4hrend und nach dem Embryotransfer\/ Blastozystentransfer.<\/span><\/p>\n<p class=\"ctatxt\">M\u00f6chten Sie mehr \u00fcber unsere Eizellspende-Garantien erfahren? <strong class=\"popup-form-ed\">Kontaktieren Sie uns!<\/strong><\/p>\n<h2><a name=\"part-edmb\"><\/a>Kosten des Eizellspende-IVF-Pakets mit 100%-Geld-zur\u00fcck-Garantie f\u00fcr eine Lebendgeburt<\/h2>\n<p><strong>100% der von Ihnen gezahlten Kosten f\u00fcr das Eizellspende-IVF-Paket\u00a0wird Ihnen zur\u00fcckerstattet, wenn nach 3 Eizellspende-IVF-Zyklen kein Baby geboren wird.<\/strong><\/p>\n<p><strong>Der erste Embryotransfer muss vor Ihrem 50. Geburtstag stattfinden.<\/strong><\/p>\n<table class=\"prices twoloc\" style=\"width: 798.21428px;\">\n<tbody>\n<tr>\n<th style=\"width: 262.5px;\">\n<p><b>Egg Donation Packages with <br \/>\n100% Money Back Guarantee <br \/>\nof Live Birth<\/b><\/p>\n<\/th>\n<th style=\"width: 263.392848px;\">\n<p><strong>St.Petersburg, EUR<\/strong><\/p>\n<\/th>\n<th style=\"width: 272.321432px;\">\n<p><strong>Cyprus, EUR<\/strong><\/p>\n<\/th>\n<\/tr>\n<tr>\n<td style=\"width: 262.5px;\">\n<p><strong>2 Egg Donation IVF Package<\/strong><\/p>\n<\/td>\n<td style=\"width: 263.392848px;\">\n<p><strong>19 900<br \/>\n<\/strong><\/p>\n<\/td>\n<td style=\"width: 272.321432px;\">\n<p><strong>23 900<\/strong><\/p>\n<\/td>\n<\/tr>\n<tr>\n<td style=\"width: 262.5px;\">\n<p><strong>3 Egg Donation IVF Package<\/strong><\/p>\n<\/td>\n<td style=\"width: 263.392848px;\">\n<p><strong>24 900<br \/>\n<\/strong><\/p>\n<\/td>\n<td style=\"width: 272.321432px;\">\n<p><strong>29 900<\/strong><\/p>\n<\/td>\n<\/tr>\n<\/tbody>\n<\/table>\n<p>100% der von Ihnen gezahlten Kosten f\u00fcr das Eizellspende-IVF-Paket wird Ihnen zur\u00fcckerstattet, wenn nach 2 bzw. 3 Eizellspende-IVF-Zyklen kein Baby geboren wird.<\/p>\n<p>Sie sind nicht verpflichtet, alle Zyklen zu absolvieren, und k\u00f6nnen die Behandlung zwischen den Zyklen abbrechen und trotzdem eine Teilerstattung erhalten.<\/p>\n<p><strong>Das Paket beinhaltet:<\/strong><\/p>\n<ul>\n<li>Pers\u00f6nliche Auswahl der Spender-Eizellen f\u00fcr bis zu 3 IVF-Zyklen bis zur Lebendgeburt;<\/li>\n<li>Bis zu 3 IVF(ICSI)-Zyklen mit Spender-Eizellen der von Ihnen ausgew\u00e4hlten Spenderinnen mit \u00dcbertragung aller verwendbaren Embryonen, die innerhalb dieser Zyklen erhalten wurden, bis zur Lebendgeburt;<\/li>\n<li>Eine Hysteroskopie mit ausf\u00fchrlicher Endometriumuntersuchung, Kryokonservierung und Lagerung des Spermas des Partners\/Spenders und der gefrorenen Blastozysten w\u00e4hrend der Vertragslaufzeit;<\/li>\n<li>\n<p>Einen individuellen Behandlungsplan basierend auf Ihrer medizinischen Situation und Ihren pers\u00f6nlichen Umst\u00e4nden; die medizinische Koordination, medizinische und pflegerische Betreuung auf Zypern oder in&nbsp;St. Petersburg; die Fortsetzung der Betreuung per Telefon\/E-Mail bei Ihrer R\u00fcckkehr in&nbsp;Ihr Heimatlan<\/p>\n<\/li>\n<\/ul>\n<p>M\u00f6chten Sie mehr \u00fcber unsere Eizellspende-Garantien erfahren? <strong><b>Kontaktieren Sie uns!<\/b><\/strong><\/p>\n<p>M\u00f6chten Sie einen kostenlosen 7-Tage-Zugang zur vollst\u00e4ndigen und aktuellen Version unserer Eizellspender-Datenbank? <strong><b>Kontaktieren Sie uns!<\/b><\/strong><\/p>\n<p><strong><em><b><i>Bei Paketen mit 100%-Geld-zur\u00fcck-Garantie muss der erste Embryotransfer vor dem 50. Geburtstag erfolgen.<\/i><\/b><\/em><\/strong><\/p>\n<p><strong><em><b><i>Bei Eizellspende-IVF-Einzelzklen muss der erste Embryotransfer vor dem 52. Geburtstag erfolgen. <\/i><\/b><\/em><\/strong><\/p>\n<p>&nbsp;<\/p>\n","protected":false},"excerpt":{"rendered":"<p>Kosten f\u00fcr eine Eizellspende\u00a0auf der Grundlage der garantierten Anzahl von Blastozysten Kosten des Eizellspende-IVF-Pakets mit 100%-Geld-zur\u00fcck-Garantie f\u00fcr eine Lebendgeburt Wir bieten Ihnen \u2013 zu g\u00fcnstigen Preisen \u2013 die einzigartige M\u00f6glichkeit, eine individuelle Spenderin aus unserer umfangreichen Eizellspende-Datenbank auszuw\u00e4hlen Ganz gleich, f\u00fcr welches Eizellspende-Paket oder welchen Einzelzyklus Sie sich entscheiden \u2013 die Auswahl aus der Datenbank<\/p>\n","protected":false},"author":1,"featured_media":0,"parent":0,"menu_order":5,"comment_status":"closed","ping_status":"closed","template":"","meta":{"footnotes":""},"tags":[],"acf":[],"yoast_head":"<!-- This site is optimized with the Yoast SEO plugin v18.6 - https:\/\/yoast.com\/wordpress\/plugins\/seo\/ -->\n<title>Unsere g\u00fcnstigen Preise f\u00fcr Eizellspende - O.L.G.A. Fertility<\/title>\n<meta name=\"description\" content=\"Wir bieten g\u00fcnstige Preise f\u00fcr Eizellspenden und eine 100%-Geld-zur\u00fcck-Garantie.W\u00e4hlen Sie aus \u00fcber 80 Spenderinnen mit Fotos, Familiengeschichten und vielen Informationen die richtige aus!\" \/>\n<meta name=\"robots\" content=\"index, follow, max-snippet:-1, max-image-preview:large, max-video-preview:-1\" \/>\n<link rel=\"canonical\" href=\"https:\/\/olgafertilityclinic.com\/de\/eizellspende-kosten-garantien\/\" \/>\n<meta property=\"og:locale\" content=\"de_DE\" \/>\n<meta property=\"og:type\" content=\"article\" \/>\n<meta property=\"og:title\" content=\"Unsere g\u00fcnstigen Preise f\u00fcr Eizellspende - O.L.G.A. Fertility\" \/>\n<meta property=\"og:description\" content=\"Wir bieten g\u00fcnstige Preise f\u00fcr Eizellspenden und eine 100%-Geld-zur\u00fcck-Garantie.W\u00e4hlen Sie aus \u00fcber 80 Spenderinnen mit Fotos, Familiengeschichten und vielen Informationen die richtige aus!\" \/>\n<meta property=\"og:url\" content=\"https:\/\/olgafertilityclinic.com\/de\/eizellspende-kosten-garantien\/\" \/>\n<meta property=\"og:site_name\" content=\"O.L.G.A. Fertility\" \/>\n<meta property=\"article:modified_time\" content=\"2025-01-16T11:53:01+00:00\" \/>\n<meta name=\"twitter:card\" content=\"summary_large_image\" \/>\n<meta name=\"twitter:label1\" content=\"Gesch\u00e4tzte Lesezeit\" \/>\n\t<meta name=\"twitter:data1\" content=\"6\u00a0Minuten\" \/>\n<script type=\"application\/ld+json\" class=\"yoast-schema-graph\">{\"@context\":\"https:\/\/schema.org\",\"@graph\":[{\"@type\":\"WebSite\",\"@id\":\"https:\/\/olgafertilityclinic.com\/de\/#website\",\"url\":\"https:\/\/olgafertilityclinic.com\/de\/\",\"name\":\"O.L.G.A. Fertility\",\"description\":\"Cyprus  and St. Petersburg\",\"potentialAction\":[{\"@type\":\"SearchAction\",\"target\":{\"@type\":\"EntryPoint\",\"urlTemplate\":\"https:\/\/olgafertilityclinic.com\/de\/?s={search_term_string}\"},\"query-input\":\"required name=search_term_string\"}],\"inLanguage\":\"de\"},{\"@type\":\"WebPage\",\"@id\":\"https:\/\/olgafertilityclinic.com\/de\/eizellspende-kosten-garantien\/#webpage\",\"url\":\"https:\/\/olgafertilityclinic.com\/de\/eizellspende-kosten-garantien\/\",\"name\":\"Unsere g\u00fcnstigen Preise f\u00fcr Eizellspende - O.L.G.A. Fertility\",\"isPartOf\":{\"@id\":\"https:\/\/olgafertilityclinic.com\/de\/#website\"},\"datePublished\":\"2023-12-20T14:34:02+00:00\",\"dateModified\":\"2025-01-16T11:53:01+00:00\",\"description\":\"Wir bieten g\u00fcnstige Preise f\u00fcr Eizellspenden und eine 100%-Geld-zur\u00fcck-Garantie.W\u00e4hlen Sie aus \u00fcber 80 Spenderinnen mit Fotos, Familiengeschichten und vielen Informationen die richtige aus!\",\"breadcrumb\":{\"@id\":\"https:\/\/olgafertilityclinic.com\/de\/eizellspende-kosten-garantien\/#breadcrumb\"},\"inLanguage\":\"de\",\"potentialAction\":[{\"@type\":\"ReadAction\",\"target\":[\"https:\/\/olgafertilityclinic.com\/de\/eizellspende-kosten-garantien\/\"]}]},{\"@type\":\"BreadcrumbList\",\"@id\":\"https:\/\/olgafertilityclinic.com\/de\/eizellspende-kosten-garantien\/#breadcrumb\",\"itemListElement\":[{\"@type\":\"ListItem\",\"position\":1,\"name\":\"Home\",\"item\":\"https:\/\/olgafertilityclinic.com\/de\/\"},{\"@type\":\"ListItem\",\"position\":2,\"name\":\"Preise f\u00fcr Eizellspende 2024: \u00dcberblick der Kosten f\u00fcr Eizellspende Zyklen und kombinierte Pakete bei O.L.G.A. Fertilily auf Zypern und in St. Petersburg\"}]}]}<\/script>\n<!-- \/ Yoast SEO plugin. -->","yoast_head_json":{"title":"Unsere g\u00fcnstigen Preise f\u00fcr Eizellspende - O.L.G.A. Fertility","description":"Wir bieten g\u00fcnstige Preise f\u00fcr Eizellspenden und eine 100%-Geld-zur\u00fcck-Garantie.W\u00e4hlen Sie aus \u00fcber 80 Spenderinnen mit Fotos, Familiengeschichten und vielen Informationen die richtige aus!","robots":{"index":"index","follow":"follow","max-snippet":"max-snippet:-1","max-image-preview":"max-image-preview:large","max-video-preview":"max-video-preview:-1"},"canonical":"https:\/\/olgafertilityclinic.com\/de\/eizellspende-kosten-garantien\/","og_locale":"de_DE","og_type":"article","og_title":"Unsere g\u00fcnstigen Preise f\u00fcr Eizellspende - O.L.G.A. Fertility","og_description":"Wir bieten g\u00fcnstige Preise f\u00fcr Eizellspenden und eine 100%-Geld-zur\u00fcck-Garantie.W\u00e4hlen Sie aus \u00fcber 80 Spenderinnen mit Fotos, Familiengeschichten und vielen Informationen die richtige aus!","og_url":"https:\/\/olgafertilityclinic.com\/de\/eizellspende-kosten-garantien\/","og_site_name":"O.L.G.A. Fertility","article_modified_time":"2025-01-16T11:53:01+00:00","twitter_card":"summary_large_image","twitter_misc":{"Gesch\u00e4tzte Lesezeit":"6\u00a0Minuten"},"schema":{"@context":"https:\/\/schema.org","@graph":[{"@type":"WebSite","@id":"https:\/\/olgafertilityclinic.com\/de\/#website","url":"https:\/\/olgafertilityclinic.com\/de\/","name":"O.L.G.A. Fertility","description":"Cyprus  and St. Petersburg","potentialAction":[{"@type":"SearchAction","target":{"@type":"EntryPoint","urlTemplate":"https:\/\/olgafertilityclinic.com\/de\/?s={search_term_string}"},"query-input":"required name=search_term_string"}],"inLanguage":"de"},{"@type":"WebPage","@id":"https:\/\/olgafertilityclinic.com\/de\/eizellspende-kosten-garantien\/#webpage","url":"https:\/\/olgafertilityclinic.com\/de\/eizellspende-kosten-garantien\/","name":"Unsere g\u00fcnstigen Preise f\u00fcr Eizellspende - O.L.G.A. Fertility","isPartOf":{"@id":"https:\/\/olgafertilityclinic.com\/de\/#website"},"datePublished":"2023-12-20T14:34:02+00:00","dateModified":"2025-01-16T11:53:01+00:00","description":"Wir bieten g\u00fcnstige Preise f\u00fcr Eizellspenden und eine 100%-Geld-zur\u00fcck-Garantie.W\u00e4hlen Sie aus \u00fcber 80 Spenderinnen mit Fotos, Familiengeschichten und vielen Informationen die richtige aus!","breadcrumb":{"@id":"https:\/\/olgafertilityclinic.com\/de\/eizellspende-kosten-garantien\/#breadcrumb"},"inLanguage":"de","potentialAction":[{"@type":"ReadAction","target":["https:\/\/olgafertilityclinic.com\/de\/eizellspende-kosten-garantien\/"]}]},{"@type":"BreadcrumbList","@id":"https:\/\/olgafertilityclinic.com\/de\/eizellspende-kosten-garantien\/#breadcrumb","itemListElement":[{"@type":"ListItem","position":1,"name":"Home","item":"https:\/\/olgafertilityclinic.com\/de\/"},{"@type":"ListItem","position":2,"name":"Preise f\u00fcr Eizellspende 2024: \u00dcberblick der Kosten f\u00fcr Eizellspende Zyklen und kombinierte Pakete bei O.L.G.A. Fertilily auf Zypern und in St. Petersburg"}]}]}},"_links":{"self":[{"href":"https:\/\/olgafertilityclinic.com\/de\/wp-json\/wp\/v2\/pages\/19396"}],"collection":[{"href":"https:\/\/olgafertilityclinic.com\/de\/wp-json\/wp\/v2\/pages"}],"about":[{"href":"https:\/\/olgafertilityclinic.com\/de\/wp-json\/wp\/v2\/types\/page"}],"author":[{"embeddable":true,"href":"https:\/\/olgafertilityclinic.com\/de\/wp-json\/wp\/v2\/users\/1"}],"replies":[{"embeddable":true,"href":"https:\/\/olgafertilityclinic.com\/de\/wp-json\/wp\/v2\/comments?post=19396"}],"version-history":[{"count":24,"href":"https:\/\/olgafertilityclinic.com\/de\/wp-json\/wp\/v2\/pages\/19396\/revisions"}],"predecessor-version":[{"id":22041,"href":"https:\/\/olgafertilityclinic.com\/de\/wp-json\/wp\/v2\/pages\/19396\/revisions\/22041"}],"wp:attachment":[{"href":"https:\/\/olgafertilityclinic.com\/de\/wp-json\/wp\/v2\/media?parent=19396"}],"wp:term":[{"taxonomy":"post_tag","embeddable":true,"href":"https:\/\/olgafertilityclinic.com\/de\/wp-json\/wp\/v2\/tags?post=19396"}],"curies":[{"name":"wp","href":"https:\/\/api.w.org\/{rel}","templated":true}]}}