{"id":19656,"date":"2021-02-20T10:56:59","date_gmt":"2021-02-20T10:56:59","guid":{"rendered":"https:\/\/olgafertilityclinic.com\/?page_id=19656"},"modified":"2025-12-30T17:23:31","modified_gmt":"2025-12-30T17:23:31","slug":"18-gruende-warum-sich-patienten-fuer-olga-fertility-entscheiden","status":"publish","type":"page","link":"https:\/\/olgafertilityclinic.com\/de\/18-gruende-warum-sich-patienten-fuer-olga-fertility-entscheiden\/","title":{"rendered":"18 Gr\u00fcnde, warum sich Patienten f\u00fcr O.L.G.A. Fertility entscheiden"},"content":{"rendered":"<div class=\"why-us\">\n<hr \/>\n<h2 class=\"wico1\">Individuell abgestimmte Behandlung<\/h2>\n<p>Die O.L.G.A.-Klinik setzt auf Individualisierung statt auf Standardisierung. Wir verfolgen nicht die gleiche Strategie f\u00fcr gro\u00dfe Gruppen von Patienten, sondern entwickeln f\u00fcr jede einzelne Frau oder jedes Paar ein individuelles Erfolgsrezept.<\/p>\n<hr \/>\n<h2 class=\"wico2\">Erfolgsraten<\/h2>\n<p>In&nbsp;der O.L.G.A.-Klinik liegt die Chance auf eine Lebendgeburt bei allen Programmen mit eigenen Eizellen und PGT-A bei 49&nbsp;% nach einem Embryotransfer, mit Spendereizellen und -embryonen bei 55,7&nbsp;%. Das bedeutet, dass es im Durchschnitt 2-3 Embryotransfers braucht, bis unsere Patientinnen schwanger werden und ihre Babys zur Welt bringen.<\/p>\n<hr \/>\n<h2 class=\"wico3\">Eine individuell gew\u00e4hlte Strategie<\/h2>\n<p>Bei O.L.G.A. Fertility analysieren wir Ihre Vorgeschichte durch das Studium Ihrer Unterlagen und individuelle Gespr\u00e4che mit Ihnen. Im Durchschnitt widmen wir 8 Stunden eines Top-Experten nur dem Erfassen Ihres medizinischen Falles, um Ihr vergangenes &#8220;Pech&#8221; in&nbsp;Ihre zuk\u00fcnftige erfolgreiche Lebendgeburt zu verwandeln. Bevor wir mit der eigentlichen Behandlung beginnen, haben wir bereits eine individuell ausgearbeitete medizinische Strategie und eine Prognose, wie viele Versuche es dauern wird, bis Sie eine Lebendgeburt erreichen.<\/p>\n<hr \/>\n<h2 class=\"wico4\">Pakete mit Festpreis und Lebendgeburt oder 100%iger Geld-zur\u00fcck-Garantie<\/h2>\n<ul>\n<li>Wenn innerhalb der begrenzten Anzahl von Versuchen, die im Paket enthalten sind, kein Baby geboren wird, erstatten wir Ihnen 100&nbsp;% der f\u00fcr das Paket bezahlten Kosten;<\/li>\n<li>Sie zahlen nicht mehr f\u00fcr Konsultationen, Tests oder Behandlungen, sondern nur noch f\u00fcr das Ergebnis &#8211; Ihr Baby in&nbsp;Ihren Armen!<\/li>\n<\/ul>\n<p><img decoding=\"async\" class=\"tpb-img-desktop\" src=\"\/i\/2026\/tpb-mb202601b-dsktp.jpg\" \/><img decoding=\"async\" class=\"tpb-img-mobile\" src=\"\/i\/2026\/tpb-mb202601-mob.jpg\" \/><\/p>\n<p><strong>2016 f\u00fchrte Olga Fertility die Shared Risk Programme ein<\/strong><\/p>\n<p><strong>1075 Patienten<\/strong> haben von 2016 bis zum 2025 Geld-zur\u00fcck-Garantiepakete ge\u00f6ffnet<\/p>\n<ul>\n<li><strong>769 Patientinnen hatten eine Lebendgeburt<\/strong><\/li>\n<li><strong>73 Patientinnen sind derzeit schwanger<\/strong><\/li>\n<li><strong>172 Patientinnen befinden sich noch in&nbsp;der Behandlung<\/strong><\/li>\n<li><strong>61 Patienten erhielten eine R\u00fcckerstattung<\/strong><\/li>\n<\/ul>\n<h2 class=\"wico5\">Individualisierter, schrittweiser medizinischer Prozess<\/h2>\n<p>Patienten, die zu uns kommen, haben oft mehr als einen Grund, warum sie noch kein eigenes Kind haben. Es w\u00e4re naiv zu glauben, dass alle zugrunde liegenden Ursachen der Unfruchtbarkeit auf einen Schlag gel\u00f6st werden k\u00f6nnen.<\/p>\n<p>Wenn Sie ein anspruchsvolles Projekt mit einem gro\u00dfen Ziel haben, w\u00fcrden Sie es normalerweise in&nbsp;kleinere Projekte mit kleineren Zielen aufteilen, oder? Das tun wir auch. Wenn zum Beispiel die Eizellen das Problem sind und sich die Geb\u00e4rmutterschleimhaut nicht gut entwickelt, werden wir Ihre IVF-Behandlung in&nbsp;mehrere Zyklen aufteilen, um jede der beiden Herausforderungen einzeln anzugehen. In&nbsp;einem Zyklus werden wir st\u00e4rkere Eizellen und kompetente Embryonen erzeugen, im zweiten Zyklus werden wir Ihre Geb\u00e4rmutterschleimhaut untersuchen, behandeln und stimulieren, und im dritten Zyklus werden wir diese drei Teile des Puzzles zusammenf\u00fcgen. Dies ist eines der Beispiele f\u00fcr ein individuelles, schrittweises medizinisches Verfahren.<\/p>\n<hr \/>\n<h2 class=\"wico6\">Sie sind nicht der Projektmanager Ihres eigenen Prozesses<\/h2>\n<p>Viele Patienten, die zu O.L.G.A. Fertility kommen, erz\u00e4hlen uns, dass sie Projektmanager ihrer Fruchtbarkeitsbehandlung sein mussten, sonst w\u00e4re diese Behandlung nicht zustande gekommen. Bei O.L.G.A. m\u00fcssen Sie nicht der Projektleiter Ihrer eigenen Fruchtbarkeitsbehandlung sein. Sie haben ein Ihnen pers\u00f6nlich zugewiesenes Team, das Sie durch den Prozess f\u00fchrt und Sie mehrere Schritte im Voraus \u00fcber Ihren n\u00e4chsten Schritt informiert.<\/p>\n<hr \/>\n<h2 class=\"wico13\">Individueller, schrittweiser IVF-Prozess mit eigenen Eizellen<\/h2>\n<p>Wir trennen Eizellentnahme und Embryotransfer und widmen jedem Verfahren einen eigenen Zyklus. Wir halten uns an das Prinzip &#8220;eine Herausforderung &#8211; eine L\u00f6sung&#8221;. Wir beziehen zus\u00e4tzliche Verfahren wie Hysteroskopie, ERA-Test und andere ein, um die Chancen auf eine erfolgreiche Einnistung zu erh\u00f6hen. Wir kultivieren die Embryonen bis zum 5. Tag, finden den vielversprechendsten Embryo, den wir dann zum besten Zeitpunkt in&nbsp;die optimale Geb\u00e4rmutterschleimhaut \u00fcbertragen.<\/p>\n<hr \/>\n<h2 class=\"wico12\">Genetisches Screening von Embryonen \u2014 PGT-A<\/h2>\n<p>PGT-A (Chromosomen-Screening von Embryonen) wird in&nbsp;den Zyklen mit den eigenen Eizellen der Patientin durchgef\u00fchrt und hilft bei der Identifizierung von Embryonen mit normalen 23 Chromosomen. Wenn f\u00fcr den Transfer nur Embryonen mit normalen 23 Chromosomen verwendet werden, kann die Zeit bis zur Schwangerschaft und Lebendgeburt verk\u00fcrzt werden, indem die Anzahl der Embryotransfers bis zum Erfolg reduziert wird<\/p>\n<div><a class=\"button\" href=\"#footerform\">Kontaktieren Sie uns!<\/a><\/div>\n<hr \/>\n<h2 class=\"wico14\">Individuell ausgew\u00e4hlte Eizellspenderin aus unserer Online-Eizellspenderdatenbank<\/h2>\n<p>Unser Online-Katalog f\u00fcr Eizellspenderinnen enth\u00e4lt detaillierte Profile mit Fotos, die den Patientinnen helfen, die richtige Wahl zu treffen. Unsere Eizellspenderinnen sind junge, gesunde Frauen unter 32 Jahren, die bereits eigene Kinder haben und sich regelm\u00e4\u00dfig \u00e4rztlich untersuchen lassen. Wir bieten kostenlosen Zugang zu unserem Katalog und unsere professionelle Beratung bei der Suche.<\/p>\n<hr \/>\n<h2 class=\"wico15\">Samenspender, offen\/anonym<\/h2>\n<p>F\u00fcr eine optimale Auswahl des Samenspenders k\u00f6nnen Sie Ihren offenen oder anonymen Samenspender von einer russischen Samenbank f\u00fcr die Behandlung in&nbsp;St. Petersburg oder von einer internationalen Samenbank f\u00fcr Ihre Behandlung in&nbsp;Zypern w\u00e4hlen.<\/p>\n<hr \/>\n<h2 class=\"wico11\">Erweiterte und detaillierte Informationen<\/h2>\n<p>Wir glauben, dass Information einer der Schl\u00fcssel zum Erfolg ist. Oft h\u00f6ren wir von unseren Patienten, dass ihnen Informationen \u00fcber die Herausforderungen der Fruchtbarkeit und ihre m\u00f6glichen Optionen fehlen. Sie m\u00f6chten mehr \u00fcber die Alterung der Eizellen erfahren und dar\u00fcber, wie dieses Problem gel\u00f6st werden kann durch PGT-A, Eizellspende und Doppelspende als Alternativen zur Kinderlosigkeit, wenn die eigenen Eizellen nicht funktionieren. Daher beginnen wir den Dialog mit Ihnen, indem wir Ihnen die wichtigsten Informationen geben, Ihre Fragen beantworten und verschiedene Behandlungsm\u00f6glichkeiten er\u00f6rtern, so&nbsp;dass Sie am Ende Ihre eigene, sorgf\u00e4ltig abgewogene Entscheidung treffen k\u00f6nnen.<\/p>\n<hr \/>\n<h2 class=\"wico7\">Individuelle Beratung und Schritt f\u00fcr Schritt Begleitung<\/h2>\n<p>Unsere Patienten m\u00f6chten ihre Fertilit\u00e4tsprobleme nicht nur aus medizinischer Sicht, sondern auch aus ethischer, moralischer und emotionaler Sicht betrachten. W\u00e4hrend Ihrer Behandlung bei O.L.G.A. Fertility haben Sie Ihr eigenes kleines Team, das individuell mit Ihnen im Dialog steht: einen pers\u00f6nlichen behandelnden Arzt, eine pers\u00f6nliche Krankenschwester, eine Koordinatorin und einen Verwaltungsmitarbeiter. Dieser individualisierte Kommunikationsansatz gew\u00e4hrleistet die bestm\u00f6gliche Betreuung f\u00fcr Sie als Person und Aufmerksamkeit f\u00fcr jedes medizinische und verwaltungstechnische Detail, das zu Ihrem Erfolg f\u00fchrt &#8211; der Lebendgeburt Ihres eigenen Babys.<\/p>\n<p>Unser Ziel ist es, eine Lebendgeburt mit einer minimalen Anzahl von Schritten und innerhalb Ihrer Komfortzone zu erreichen.<\/p>\n<hr \/>\n<h2 class=\"wico9\">Individuelle psychologische Betreuung<\/h2>\n<p>In&nbsp;der Regel haben Patienten, die zu uns kommen, bereits ein schweres Gep\u00e4ck an frustrierenden Versuchen auf ihren Schultern. Wahre K\u00e4mpfer, wir bewundern Ihre Entschlossenheit und Ihren starken Willen, Eltern zu werden! Dennoch kann sich jeder nach mehreren erfolglosen Versuchen und\/oder Fehlgeburten ersch\u00f6pft, frustriert, hoffnungslos und traurig f\u00fchlen. Wir wissen, wie wichtig es f\u00fcr Sie ist, psychologische Unterst\u00fctzung zu erhalten und Kr\u00e4fte zu sammeln, bevor Sie Ihr neues Projekt mit uns beginnen.<\/p>\n<p>Unsere <a href=\"\/en\/team\/psychologists\/\">Perinatalpsychologen<\/a> richten sich vor allem an Frauen, die versuchen, schwanger zu werden. Wir bieten Ihnen diese Online-Sitzungen an, damit Sie den Einfluss Ihrer Vergangenheit auf Ihre Zukunft verringern k\u00f6nnen.<\/p>\n<p class=\"ctatxt\"><strong>M\u00f6chten Sie ein kostenloses Beratungsgespr\u00e4ch mit einem unserer Perinatalpsychologen vereinbaren?<\/strong><\/p>\n<p><a class=\"button\" href=\"#footerform\">Kontaktieren Sie uns!<\/a><\/p>\n<hr \/>\n<h2 class=\"wico10\">Ihr individueller Dialog mit unseren ehemaligen Patienten<\/h2>\n<p>Das &#8220;Telefonat mit einem ehemaligen Patienten&#8221; ist eine Gelegenheit f\u00fcr Sie, mit jemandem zu sprechen, der sich in&nbsp;einer \u00e4hnlichen Situation befindet. Mit jemandem zu sprechen, der den gesamten Prozess durchlaufen und das lang ersehnte Ergebnis erzielt hat, ist wie eine Postkarte an Sie aus Ihrer potenziellen gl\u00fccklichen Zukunft. Diese individuellen Telefon-\/Skype-\/Zoom-Gespr\u00e4che mit unseren ehemaligen Patienten, die mit unserer Hilfe Eltern geworden sind, sollen Ihnen helfen, wieder Hoffnung zu sch\u00f6pfen und die Motivation zum Weitermachen zu finden.<\/p>\n<hr \/>\n<h2 class=\"wico8\">Individuelle Hilfe bei der Logistik<\/h2>\n<p>Wir helfen Ihnen bei der Planung Ihrer Reise nach Zypern oder St. Petersburg und empfehlen Ihnen gute Hotels. Ihre pers\u00f6nliche Betreuerin hilft Ihnen bei der Organisation aller notwendigen Reisedetails, damit die Reise m\u00f6glichst entspannt verl\u00e4uft.<\/p>\n<p class=\"ctatxt\"><strong><br \/>\nHaben Sie Fragen? Sind Sie bereit?<\/strong><\/p>\n<p><a class=\"button\" href=\"#footerform\">Kontaktieren Sie uns!<\/a><\/p>\n<hr \/>\n<h2 class=\"wico16\">Keine Warteliste in&nbsp;der O.L.G.A. Ferility<\/h2>\n<p>Unabh\u00e4ngig von der Art der Behandlung k\u00f6nnen Sie die Termine w\u00e4hlen, die f\u00fcr Sie am besten geeignet sind, um f\u00fcr die Behandlungen in&nbsp;unsere Klinik zu kommen. Wir informieren Sie einfach \u00fcber die fr\u00fchestm\u00f6glichen Termine f\u00fcr Ihr optimales Ergebnis und die Logistik, und Sie k\u00f6nnen sie mit uns ausw\u00e4hlen und abstimmen.<\/p>\n<hr \/>\n<h2 class=\"wico17\">Wir hei\u00dfen Frauen bis zum Alter von 53 Jahren willkommen<\/h2>\n<p>Wenn Sie unter 53 Jahre alt sind und sich ein Kind w\u00fcnschen, sind wir in&nbsp;unserer Klinik in&nbsp;St. Petersburg f\u00fcr Sie da. In&nbsp;Zypern k\u00f6nnen wir jetzt auch Frauen unter 50 Jahren helfen. An unseren beiden Standorten behandeln wir gerne sowohl alleinstehende Frauen als auch Paare.<\/p>\n<hr \/>\n<h2 class=\"wico18\">Das st\u00e4ndige Wachstum und die Erfahrung von O.L.G.A. Fertility<\/h2>\n<p>St\u00e4ndiges Lernen und die Erweiterung von F\u00e4higkeiten und Wissen sind integraler Bestandteil unserer Philosophie. Dar\u00fcber hinaus wird <a href=\"\/en\/team\/\">das Team unserer Klinik<\/a> regelm\u00e4\u00dfig durch hochqualifizierte und engagierte Spezialisten erweitert, um jedem Patienten die bestm\u00f6gliche Behandlung zukommen zu lassen.<\/p>\n<hr \/>\n<p class=\"ctatxt\"><strong><br \/>\nHaben Sie Fragen? Sind Sie bereit?<\/strong><\/p>\n<p><a class=\"button\" href=\"#footerform\">Kontaktieren Sie uns!<\/a><\/p>\n<\/div>\n<h2><b>Ein Blick in&nbsp;die Zukunft<\/b><\/h2>\n<p><img decoding=\"async\" class=\"w40p ar\" src=\"https:\/\/olgafertilityclinic.com\/wp-content\/uploads\/2022\/12\/why-us-future-833x900.jpg\" alt=\"Ein Blick in&nbsp;die Zukunft\" \/><\/p>\n<p style=\"font-weight: 400;\">Viele von Ihnen haben diesen Satz schon einmal geh\u00f6rt, bevor sie einen neuen Versuch gestartet haben: &#8220;Lasst es uns versuchen und sehen, was passiert&#8221;. Und so&nbsp;vergingen die Jahre.<\/p>\n<p style=\"font-weight: 400;\">Wir haben einen anderen Ansatz. Wir ziehen es vor, stundenlang zu analysieren und intelligente Strategien zu entwickeln, anstatt jahrelang immer wieder das Gleiche zu versuchen.<\/p>\n<p style=\"font-weight: 400;\"><strong>Wir ziehen es vor, dass Sie ein Baby innerhalb einer minimalen Anzahl von Versuchen in&nbsp;Ihren Armen haben.<\/strong><\/p>\n<p style=\"font-weight: 400;\"><strong>Und wir bevorzugen es, dass man Zeit mit einem Baby verbringt, anstatt auf ein Baby zu warten.<\/strong><\/p>\n<p style=\"font-weight: 400;\"><strong>Deshalb machen wir uns viele Gedanken \u00fcber Ihre bisherige und zuk\u00fcnftige Behandlung, bevor wir mit der eigentlichen Behandlung beginnen:<\/strong><\/p>\n<ul style=\"font-weight: 400;\">\n<li>wir analysieren Ihre Berichte,\u00a0<\/li>\n<li>wir sch\u00e4tze ein, wie viele Versuche erforderlich sind, um eine Lebendgeburt zu garantieren,\u00a0<\/li>\n<li>wir erstellen ein Garantie-Paket,\u00a0<\/li>\n<li>wir legen Ihre medizinische Strategie fest,\u00a0<\/li>\n<li>wir schreiben Ihren Schritt f\u00fcr Schrott Behandlungsplan,\u00a0<\/li>\n<li>und erst dann beginnt Ihre Behandlung, 90&nbsp;% davon erledigen Sie, bevor Sie nach Zypern oder St. Petersburg reisen.<\/li>\n<\/ul>\n<p style=\"font-weight: 400;\"><strong>Auch Ihre Vorarbeit ben\u00f6tigt Zeit:\u00a0\u00a0<\/strong><\/p>\n<ul style=\"font-weight: 400;\">\n<li>Sie f\u00fcllen bitte unseren detaillierten Fragebogen aus<\/li>\n<li>Sie sammeln die Berichte Ihrer fr\u00fcheren Behandlungen und Tests<\/li>\n<li>Sie lassen eine Ultraschalluntersuchung und vielleicht einige zus\u00e4tzliche Tests auf unseren Wunsch durchf\u00fchren,<\/li>\n<li>Wenn eine Spenderin in&nbsp;Ihren Behandlungsprozess involviert ist, brauchen Sie vielleicht Zeit, um Ihre Gef\u00fchle zu verarbeiten und einige grundlegende Fragen zu kl\u00e4ren, bevor Sie weitermachen.<\/li>\n<\/ul>\n<p style=\"font-weight: 400;\"><strong>Denken Sie daran, Sie spielen die Hauptrolle in&nbsp;diesem Film, der sich Ihre Fruchtbarkeitsbehandlung nennt, und unsere Aufgabe ist es, daf\u00fcr zu sorgen, dass dieser Film en Happy End hat \u2013 ein Baby in&nbsp;Ihren Armen.<\/strong><\/p>\n<p style=\"font-weight: 400;\"><strong><em>Unser Fahrplan mag unterschiedlich sein, aber das Ziel ist dasselbe \u2013 ein. <\/em><\/strong><strong><em>Baby in&nbsp;Ihren Armen.<\/em><\/strong><\/p>\n","protected":false},"excerpt":{"rendered":"<p>Individuell abgestimmte Behandlung Die O.L.G.A.-Klinik setzt auf Individualisierung statt auf Standardisierung. Wir verfolgen nicht die gleiche Strategie f\u00fcr gro\u00dfe Gruppen von Patienten, sondern entwickeln f\u00fcr jede einzelne Frau oder jedes Paar ein individuelles Erfolgsrezept. Erfolgsraten In&nbsp;der O.L.G.A.-Klinik liegt die Chance auf eine Lebendgeburt bei allen Programmen mit eigenen Eizellen und PGT-A bei 49&nbsp;% nach einem<\/p>\n","protected":false},"author":1,"featured_media":0,"parent":0,"menu_order":72,"comment_status":"closed","ping_status":"closed","template":"","meta":{"footnotes":""},"tags":[],"acf":[],"yoast_head":"<!-- This site is optimized with the Yoast SEO plugin v18.6 - https:\/\/yoast.com\/wordpress\/plugins\/seo\/ -->\n<title>18 Gr\u00fcnde, warum sich Patienten f\u00fcr O.L.G.A. Fertility entscheiden - O.L.G.A. Fertility<\/title>\n<meta name=\"robots\" content=\"index, follow, max-snippet:-1, max-image-preview:large, max-video-preview:-1\" \/>\n<link rel=\"canonical\" href=\"https:\/\/olgafertilityclinic.com\/de\/18-gruende-warum-sich-patienten-fuer-olga-fertility-entscheiden\/\" \/>\n<meta property=\"og:locale\" content=\"de_DE\" \/>\n<meta property=\"og:type\" content=\"article\" \/>\n<meta property=\"og:title\" content=\"18 Gr\u00fcnde, warum sich Patienten f\u00fcr O.L.G.A. Fertility entscheiden - O.L.G.A. Fertility\" \/>\n<meta property=\"og:description\" content=\"Individuell abgestimmte Behandlung Die O.L.G.A.-Klinik setzt auf Individualisierung statt auf Standardisierung. Wir verfolgen nicht die gleiche Strategie f\u00fcr gro\u00dfe Gruppen von Patienten, sondern entwickeln f\u00fcr jede einzelne Frau oder jedes Paar ein individuelles Erfolgsrezept. Erfolgsraten In&nbsp;der O.L.G.A.-Klinik liegt die Chance auf eine Lebendgeburt bei allen Programmen mit eigenen Eizellen und PGT-A bei 49&nbsp;% nach einem\" \/>\n<meta property=\"og:url\" content=\"https:\/\/olgafertilityclinic.com\/de\/18-gruende-warum-sich-patienten-fuer-olga-fertility-entscheiden\/\" \/>\n<meta property=\"og:site_name\" content=\"O.L.G.A. Fertility\" \/>\n<meta property=\"article:modified_time\" content=\"2025-12-30T17:23:31+00:00\" \/>\n<meta property=\"og:image\" content=\"https:\/\/olgafertilityclinic.com\/wp-content\/uploads\/2022\/12\/why-us-future-833x900.jpg\" \/>\n<meta name=\"twitter:card\" content=\"summary_large_image\" \/>\n<meta name=\"twitter:label1\" content=\"Gesch\u00e4tzte Lesezeit\" \/>\n\t<meta name=\"twitter:data1\" content=\"9\u00a0Minuten\" \/>\n<script type=\"application\/ld+json\" class=\"yoast-schema-graph\">{\"@context\":\"https:\/\/schema.org\",\"@graph\":[{\"@type\":\"WebSite\",\"@id\":\"https:\/\/olgafertilityclinic.com\/de\/#website\",\"url\":\"https:\/\/olgafertilityclinic.com\/de\/\",\"name\":\"O.L.G.A. Fertility\",\"description\":\"Cyprus  and St. Petersburg\",\"potentialAction\":[{\"@type\":\"SearchAction\",\"target\":{\"@type\":\"EntryPoint\",\"urlTemplate\":\"https:\/\/olgafertilityclinic.com\/de\/?s={search_term_string}\"},\"query-input\":\"required name=search_term_string\"}],\"inLanguage\":\"de\"},{\"@type\":\"ImageObject\",\"@id\":\"https:\/\/olgafertilityclinic.com\/de\/18-gruende-warum-sich-patienten-fuer-olga-fertility-entscheiden\/#primaryimage\",\"inLanguage\":\"de\",\"url\":\"https:\/\/olgafertilityclinic.com\/wp-content\/uploads\/2022\/12\/why-us-future.jpg\",\"contentUrl\":\"https:\/\/olgafertilityclinic.com\/wp-content\/uploads\/2022\/12\/why-us-future.jpg\",\"width\":1200,\"height\":1297,\"caption\":\"Businessman hand arranging wood block with icon business strategy and Action plan, copy space.\"},{\"@type\":\"WebPage\",\"@id\":\"https:\/\/olgafertilityclinic.com\/de\/18-gruende-warum-sich-patienten-fuer-olga-fertility-entscheiden\/#webpage\",\"url\":\"https:\/\/olgafertilityclinic.com\/de\/18-gruende-warum-sich-patienten-fuer-olga-fertility-entscheiden\/\",\"name\":\"18 Gr\u00fcnde, warum sich Patienten f\u00fcr O.L.G.A. Fertility entscheiden - O.L.G.A. Fertility\",\"isPartOf\":{\"@id\":\"https:\/\/olgafertilityclinic.com\/de\/#website\"},\"primaryImageOfPage\":{\"@id\":\"https:\/\/olgafertilityclinic.com\/de\/18-gruende-warum-sich-patienten-fuer-olga-fertility-entscheiden\/#primaryimage\"},\"datePublished\":\"2021-02-20T10:56:59+00:00\",\"dateModified\":\"2025-12-30T17:23:31+00:00\",\"breadcrumb\":{\"@id\":\"https:\/\/olgafertilityclinic.com\/de\/18-gruende-warum-sich-patienten-fuer-olga-fertility-entscheiden\/#breadcrumb\"},\"inLanguage\":\"de\",\"potentialAction\":[{\"@type\":\"ReadAction\",\"target\":[\"https:\/\/olgafertilityclinic.com\/de\/18-gruende-warum-sich-patienten-fuer-olga-fertility-entscheiden\/\"]}]},{\"@type\":\"BreadcrumbList\",\"@id\":\"https:\/\/olgafertilityclinic.com\/de\/18-gruende-warum-sich-patienten-fuer-olga-fertility-entscheiden\/#breadcrumb\",\"itemListElement\":[{\"@type\":\"ListItem\",\"position\":1,\"name\":\"Home\",\"item\":\"https:\/\/olgafertilityclinic.com\/de\/\"},{\"@type\":\"ListItem\",\"position\":2,\"name\":\"18 Gr\u00fcnde, warum sich Patienten f\u00fcr O.L.G.A. Fertility entscheiden\"}]}]}<\/script>\n<!-- \/ Yoast SEO plugin. -->","yoast_head_json":{"title":"18 Gr\u00fcnde, warum sich Patienten f\u00fcr O.L.G.A. Fertility entscheiden - O.L.G.A. Fertility","robots":{"index":"index","follow":"follow","max-snippet":"max-snippet:-1","max-image-preview":"max-image-preview:large","max-video-preview":"max-video-preview:-1"},"canonical":"https:\/\/olgafertilityclinic.com\/de\/18-gruende-warum-sich-patienten-fuer-olga-fertility-entscheiden\/","og_locale":"de_DE","og_type":"article","og_title":"18 Gr\u00fcnde, warum sich Patienten f\u00fcr O.L.G.A. Fertility entscheiden - O.L.G.A. Fertility","og_description":"Individuell abgestimmte Behandlung Die O.L.G.A.-Klinik setzt auf Individualisierung statt auf Standardisierung. Wir verfolgen nicht die gleiche Strategie f\u00fcr gro\u00dfe Gruppen von Patienten, sondern entwickeln f\u00fcr jede einzelne Frau oder jedes Paar ein individuelles Erfolgsrezept. Erfolgsraten In&nbsp;der O.L.G.A.-Klinik liegt die Chance auf eine Lebendgeburt bei allen Programmen mit eigenen Eizellen und PGT-A bei 49&nbsp;% nach einem","og_url":"https:\/\/olgafertilityclinic.com\/de\/18-gruende-warum-sich-patienten-fuer-olga-fertility-entscheiden\/","og_site_name":"O.L.G.A. Fertility","article_modified_time":"2025-12-30T17:23:31+00:00","og_image":[{"url":"https:\/\/olgafertilityclinic.com\/wp-content\/uploads\/2022\/12\/why-us-future-833x900.jpg"}],"twitter_card":"summary_large_image","twitter_misc":{"Gesch\u00e4tzte Lesezeit":"9\u00a0Minuten"},"schema":{"@context":"https:\/\/schema.org","@graph":[{"@type":"WebSite","@id":"https:\/\/olgafertilityclinic.com\/de\/#website","url":"https:\/\/olgafertilityclinic.com\/de\/","name":"O.L.G.A. Fertility","description":"Cyprus  and St. Petersburg","potentialAction":[{"@type":"SearchAction","target":{"@type":"EntryPoint","urlTemplate":"https:\/\/olgafertilityclinic.com\/de\/?s={search_term_string}"},"query-input":"required name=search_term_string"}],"inLanguage":"de"},{"@type":"ImageObject","@id":"https:\/\/olgafertilityclinic.com\/de\/18-gruende-warum-sich-patienten-fuer-olga-fertility-entscheiden\/#primaryimage","inLanguage":"de","url":"https:\/\/olgafertilityclinic.com\/wp-content\/uploads\/2022\/12\/why-us-future.jpg","contentUrl":"https:\/\/olgafertilityclinic.com\/wp-content\/uploads\/2022\/12\/why-us-future.jpg","width":1200,"height":1297,"caption":"Businessman hand arranging wood block with icon business strategy and Action plan, copy space."},{"@type":"WebPage","@id":"https:\/\/olgafertilityclinic.com\/de\/18-gruende-warum-sich-patienten-fuer-olga-fertility-entscheiden\/#webpage","url":"https:\/\/olgafertilityclinic.com\/de\/18-gruende-warum-sich-patienten-fuer-olga-fertility-entscheiden\/","name":"18 Gr\u00fcnde, warum sich Patienten f\u00fcr O.L.G.A. Fertility entscheiden - O.L.G.A. Fertility","isPartOf":{"@id":"https:\/\/olgafertilityclinic.com\/de\/#website"},"primaryImageOfPage":{"@id":"https:\/\/olgafertilityclinic.com\/de\/18-gruende-warum-sich-patienten-fuer-olga-fertility-entscheiden\/#primaryimage"},"datePublished":"2021-02-20T10:56:59+00:00","dateModified":"2025-12-30T17:23:31+00:00","breadcrumb":{"@id":"https:\/\/olgafertilityclinic.com\/de\/18-gruende-warum-sich-patienten-fuer-olga-fertility-entscheiden\/#breadcrumb"},"inLanguage":"de","potentialAction":[{"@type":"ReadAction","target":["https:\/\/olgafertilityclinic.com\/de\/18-gruende-warum-sich-patienten-fuer-olga-fertility-entscheiden\/"]}]},{"@type":"BreadcrumbList","@id":"https:\/\/olgafertilityclinic.com\/de\/18-gruende-warum-sich-patienten-fuer-olga-fertility-entscheiden\/#breadcrumb","itemListElement":[{"@type":"ListItem","position":1,"name":"Home","item":"https:\/\/olgafertilityclinic.com\/de\/"},{"@type":"ListItem","position":2,"name":"18 Gr\u00fcnde, warum sich Patienten f\u00fcr O.L.G.A. Fertility entscheiden"}]}]}},"_links":{"self":[{"href":"https:\/\/olgafertilityclinic.com\/de\/wp-json\/wp\/v2\/pages\/19656"}],"collection":[{"href":"https:\/\/olgafertilityclinic.com\/de\/wp-json\/wp\/v2\/pages"}],"about":[{"href":"https:\/\/olgafertilityclinic.com\/de\/wp-json\/wp\/v2\/types\/page"}],"author":[{"embeddable":true,"href":"https:\/\/olgafertilityclinic.com\/de\/wp-json\/wp\/v2\/users\/1"}],"replies":[{"embeddable":true,"href":"https:\/\/olgafertilityclinic.com\/de\/wp-json\/wp\/v2\/comments?post=19656"}],"version-history":[{"count":9,"href":"https:\/\/olgafertilityclinic.com\/de\/wp-json\/wp\/v2\/pages\/19656\/revisions"}],"predecessor-version":[{"id":24510,"href":"https:\/\/olgafertilityclinic.com\/de\/wp-json\/wp\/v2\/pages\/19656\/revisions\/24510"}],"wp:attachment":[{"href":"https:\/\/olgafertilityclinic.com\/de\/wp-json\/wp\/v2\/media?parent=19656"}],"wp:term":[{"taxonomy":"post_tag","embeddable":true,"href":"https:\/\/olgafertilityclinic.com\/de\/wp-json\/wp\/v2\/tags?post=19656"}],"curies":[{"name":"wp","href":"https:\/\/api.w.org\/{rel}","templated":true}]}}