{"id":19661,"date":"2023-12-13T14:05:54","date_gmt":"2023-12-13T14:05:54","guid":{"rendered":"https:\/\/olgafertilityclinic.com\/?page_id=19661"},"modified":"2024-03-28T16:55:32","modified_gmt":"2024-03-28T16:55:32","slug":"eizellspenderprofil","status":"publish","type":"page","link":"https:\/\/olgafertilityclinic.com\/de\/eizellspende-datenbank\/eizellspenderprofil\/","title":{"rendered":"Ein umfassender Blick in jedes Eizellspenderprofil in unserer Datenbank"},"content":{"rendered":"<div class=\"entry-content\">\n<div>\n<p><em>Im Folgenden beschreiben wir alle wesentlichen Informationen, die Sie in&nbsp;jedem Profil einer Eizellspenderin finden k\u00f6nnen.Hier erl\u00e4utern wir auch den Wert dieser Informationen f\u00fcr Sie, wenn Sie eine Eizellspenderin suchen, bei der Sie sich sicher und wohl f\u00fchlen m\u00f6chten, eine Eizellspenderin, die Ihnen \u00e4hnlich sieht oder die so&nbsp;viel mit Ihnen gemeinsam hat, dass sie Ihre Freundin h\u00e4tte sein k\u00f6nnen&#8230;<\/em><\/p>\n<\/div>\n<h2>Was k\u00f6nnen Sie in&nbsp;jedem Eizellspenderprofil unserer Datenbank sehen?<\/h2>\n<p><strong>Kindheitsfotos im Alter zwischen 2 und 14<\/strong>\u00a0sind das Erste, was Sie in&nbsp;unserem Eizellspenderprofil sehen k\u00f6nnen. Kinder sind sehr authentisch und offen, und sie spiegeln oft ihre Eltern und die engere Familie wider. Sie k\u00f6nnen sehen, wie die Eizellspenderin als Kind aussah und welches Temperament sie urspr\u00fcnglich hatte. Nat\u00fcrlich kann aus dem l\u00e4chelnden M\u00e4dchen mit den blonden Locken eine schlanke, ernste Br\u00fcnette mit glattem Haar werden, aber dennoch wei\u00df man, dass sie als Kind geliebt wurde und mit ihrer Familie gl\u00fccklich war, es fiel ihr leicht zu l\u00e4cheln und sich wohl zu f\u00fchlen. Oder diese ernste kleine Dame mit den gro\u00dfen gr\u00fcnen Augen hat stundenlang gezeichnet und Pferde geliebt (hier ist sie auf dem Foto mit einem von ihnen zu sehen), und jetzt, als erwachsene Frau, ist sie eine Reittrainerin, die in&nbsp;ihrer Freizeit wundersch\u00f6ne Gem\u00e4lde malt. Fotos aus der Kindheit sind eingefrorene Erinnerungen an unser Leben, und wir tragen diese Erfahrungen mit uns herum, daher ist die Kindheit ein sehr wichtiger Zeitraum, den man im Profil der Eizellspenderin zeigen sollte.<\/p>\n<p><strong>Erwachsenenfotos<\/strong>\u00a0stellen die Frau vor, die aus diesem kleinen M\u00e4dchen geworden ist. In&nbsp;unserem Eizellspenderinnen-Profil k\u00f6nnen Sie sehen, wie sich ihr Gesicht ver\u00e4ndert hat und ob sie nach der Geburt ein paar Kilo zugenommen oder eine sch\u00f6ne Figur trainiert hat. Sie k\u00f6nnen sehen, ob sie jetzt fr\u00f6hlich und gl\u00fccklich ist, ob sie ernsthaft und sehr ruhig ist und eine Spitzenposition innehat oder sogar ihr eigenes kleines Unternehmen leitet. Auf den Fotos der Eizellspenderin im Erwachsenenalter k\u00f6nnen Sie sehen, wie sie sich kleidet, welchen Stil sie bevorzugt, wie sie sich die Haare macht oder f\u00e4rbt, ob sie sich schminkt oder nicht, ob sie haupts\u00e4chlich Fotos mit Kindern, Haustieren, Tieren oder auf ihren Reisen, am Meer, in&nbsp;den Bergen oder bei der Arbeit macht. All diese Angaben in&nbsp;unserem Eizellspenderinnen-Profil geben Ihnen ein Gef\u00fchl f\u00fcr die Pers\u00f6nlichkeit der Eizellspenderin.<\/p>\n<div>\n<p>Unsere Eizellspenderinnen erz\u00e4hlen den werdenden Eltern gerne etwas \u00fcber ihr Leben und so&nbsp;wichtige Aspekte wie <b>Berufe, Hobbys und Interessen<\/b>, da diese Aspekte eine Pers\u00f6nlichkeit hinter den Fotos erkennen lassen. Welche Aktivit\u00e4ten hat sie in&nbsp;ihrer Kindheit genossen? Wo hat sie studiert, was sind ihre Pl\u00e4ne f\u00fcr die zuk\u00fcnftige Ausbildung (falls sie welche hat)? Welche Interessen hatte sie als Single, wie haben sich ihre Hobbys ver\u00e4ndert, als sie geheiratet und Kinder bekommen hat? Ist sie eine kreative K\u00fcnstlerin oder eine starke Analytikerin? Und viele weitere Details \u00fcber die Eizellspenderin.<\/p>\n<\/div>\n<div>\n<p><b>Lebensphilosophie, Temperament und Vorlieben<\/b><span class=\"apple-converted-space\"><b>\u00a0<\/b><\/span>(Lieblingsautor und -buch, Musik, Filme, Essen usw.) verleihen dem Profil der Eizellspenderin eine pers\u00f6nliche Note, und dies ist der Teil, an dem Sie sehen k\u00f6nnen, ob Sie intuitiv etwas gemeinsam haben. Vielleicht haben Sie das gleiche Lieblingsbuch, m\u00f6gen die gleiche Musikrichtung oder haben die gleichen Lieblingsgerichte. Und vielleicht macht es pl\u00f6tzlich bei Ihnen Klick: &#8220;Wir k\u00f6nnten Freunde sein&#8221;.<\/p>\n<\/div>\n<\/div>\n<div class=\"entry-content\">\n<p><span style=\"font-family: Inter, sans-serif; font-size: 13px;\"><br \/>\nIm Profil der Eizellspenderin k\u00f6nnen Sie die <\/span><b style=\"font-family: Inter, sans-serif; font-size: 13px;\">wichtigsten Charaktereigenschaften <\/b><span style=\"font-family: Inter, sans-serif; font-size: 13px;\">der Eizellspenderin herausfinden, die Art und Weise, wie sie sich selbst beschreibt: ob sie ruhig und sanft ist oder vielleicht energisch und ehrgeizig, selbstbewusst oder sch\u00fcchtern, ernst oder lebenslustig, neugierig, ehrlich, romantisch, entschlossen, reaktionsschnell, aufrichtig, sensibel und viele andere verschiedene pers\u00f6nliche Eigenschaften, die zusammengenommen jede Person einzigartig machen.<\/span><\/p>\n<div>\n<p><b>In&nbsp;ihrem Motivationsschreiben <\/b>teilt die Spenderin ihre Gedanken und Gef\u00fchle \u00fcber die Spende, die Mutterschaft, Details aus ihrem Leben und ihre eigenen m\u00fctterlichen Erfahrungen mit, manchmal beschreibt sie auch einige Momente und Erinnerungen aus ihrer Kindheit. Dieses Motivationsschreiben ist handschriftlich verfasst, und man kann ihren Charakter zwischen den Zeilen lesen, indem man Form und Inhalt zusammenf\u00fcgt.<\/p>\n<\/div>\n<div>\n<p><b>Soziale Informationen wie Bildungsniveau<\/b>, Weiterbildung, Sprachen, Sport, 3 letzte Besch\u00e4ftigungen &#8211; dies ist ein sehr wichtiger Teil des Profils der Eizellspenderin, nicht weil es ihre Leistungen zeigt (da Eizellspenderinnen sehr jung sein k\u00f6nnen, gerade am Anfang ihres Lebens), sondern weil man hier das Lebenstempo, den Ehrgeiz und die Ziele der Spenderin sehen kann, ob sie gro\u00dfe Tr\u00e4ume hat, ob sie gro\u00dfe Pl\u00e4ne hat.<\/p>\n<\/div>\n<div>\n<p>Auch die <b>geistigen und kognitiven F\u00e4higkeiten <\/b>werden im Profil der Eizellspenderin beschrieben: ihre Einstellung zu Musik, Kunst, Poesie, Tanz, Kreativit\u00e4t und Leistung, Rhetorik, Sprachen, Sport, Wissenschaft, Mathematik, Analyse, Logik usw. Hier k\u00f6nnen Sie sehen, welche Talente die Eizellspenderin hatte, aber nicht entwickeln konnte, welche F\u00e4higkeiten sie beruflich entwickelt hat, dann aber beschloss, ihr Interessengebiet zu wechseln, und welche Talente und F\u00e4higkeiten sie heute nutzt.<\/p>\n<\/div>\n<div>\n<p><b>Das <\/b>Kapitel &#8220;<b>Allgemeiner Gesundheitszustand<\/b>&#8221; des Eizellspenderinnen-Profils beantwortet Fragen zum allgemeinen Gesundheitszustand der Spenderin. Hatte die Spenderin irgendwelche Operationen und wenn ja, warum? Wie steht es um ihre Zahngesundheit und ihr Sehverm\u00f6gen? Trinkt sie Alkohol, macht sie eine Di\u00e4t, treibt sie regelm\u00e4\u00dfig Sport? Leidet sie an einer Allergie oder chronischen Krankheit? Die Antworten auf all diese Fragen finden Sie im Abschnitt &#8220;Medizinische und genetische Daten der Spenderin&#8221; des Profils.<\/p>\n<\/div>\n<div>\n<p><b>Allgemeine und biometrische Informationen. <\/b>Nat\u00fcrlich k\u00f6nnen Sie einige Informationen auf den Fotos sehen, aber in&nbsp;diesem Teil des Profils k\u00f6nnen Sie auch etwas \u00fcber die Augenfarbe, die Haarfarbe und -struktur (nat\u00fcrlich), die Hautfarbe, den K\u00f6rperbau, die Religion, die ethnische Zugeh\u00f6rigkeit und den Wohnort des Spenders erfahren.<\/p>\n<\/div>\n<div>\n<p><b>Informationen \u00fcber die Familie der Spenderin<\/b><span class=\"apple-converted-space\"><b>\u00a0<\/b><\/span>finden Sie im Profil der Spenderin: Sie k\u00f6nnen etwas \u00fcber die Eltern, Gro\u00dfeltern beider Seiten, die Geschwister und Kinder der Spenderin lesen. Sie k\u00f6nnen ihre Gr\u00f6\u00dfe, ihr Gewicht, ihre Augenfarbe, ihre Haarfarbe, ihre Ausbildung, ihren Beruf und ihre Hobbys sowie eventuelle gesundheitliche Probleme herausfinden. Nachdem Sie diesen Teil des Profils gelesen haben, haben Sie ein vollst\u00e4ndiges Bild der Familie der Spenderin mit ihrem Ph\u00e4notyp, ihrem Hintergrund, sogar einigen Talenten oder Berufen, die in&nbsp;dieser Familie vorkommen, und nat\u00fcrlich k\u00f6nnen Interessen und Hobbys diese Menschen recht gut charakterisieren.<\/p>\n<\/div>\n<div>\n<p><b>Jede Mutter liebt es, \u00fcber ihre Kinder zu sprechen, und unsere Spenderinnen sind da keine Ausnahme.<\/b><b>In&nbsp;dem Teil des Profils &#8220;Kinder der Spenderin&#8221; sehen Sie das Geburtsjahr ihres Kindes (ihrer Kinder), die Augenfarbe, die Haarfarbe, den Teint, das Alter, in&nbsp;dem sie zu laufen begannen und mehr&#8230;<\/b><\/p>\n<\/div>\n<div>\n<p><b>Um Ihnen eine Vorstellung davon zu geben, wie die Profile der Eizellspenderinnen in&nbsp;unserer Datenbank aussehen, geben wir Ihnen unten einige Beispiele.<\/b><b>Diese reizenden Spenderinnen haben ihre Eizellen 2019-2022 gespendet und lieben Patientinnen der O.L.G.A. Fertilit\u00e4tsklinik geholfen, schwanger zu werden und Kinder zu bekommen.<\/b><\/p>\n<\/div>\n<p><strong><img decoding=\"async\" class=\"w90p\" style=\"font-family: Inter, sans-serif; font-size: 15px; text-align: center; color: #454545;\" src=\"https:\/\/olgafertilityclinic.com\/wp-content\/uploads\/2023\/12\/donor-profiles-2b.jpg\" alt=\"Unveiling Donor Details: A Comprehensive Look Inside Each Egg Donor Profile in&nbsp;Our Database\" \/><\/strong><\/p>\n<p class=\"ctatxt\">Setzen Sie sich mit uns in&nbsp;Verbindung, um einen 7-t\u00e4gigen Zugriff auf die vollst\u00e4ndige aktuelle Version unserer Datenbank zu erhalten. Er ist kostenlos.<\/p>\n<h2><strong>Navigation durch die Profile von Eizellspenderinnen: Anschauen, Reservieren und Bezahlen<\/strong><\/h2>\n<ol>\n<li>\n<div><strong>Freier Zugang<\/strong><br \/>\nKontaktieren Sie uns <a href=\"mailto:info@olgafertilityclinic.com\">via email<\/a> oder <span class=\"popup-form-ed\">unser Kontakt Formular<\/span>, um einen kostenfreie 7-Tage-Zugang zu unserer vollst\u00e4ndigen Eizellspenderinnen-Datenbank mit detaillierten Spenderprofilen zu erhalten.<\/div>\n<\/li>\n<li>\n<div><strong>Einf\u00fchrendes Zoom Meeting<\/strong><br \/>\nNutzen Sie ein kostenfreies Zoom Meeting mit unserem Team, um sich in&nbsp;der Datenbank zurechtzufinden. Wir geben Ihnen Anregungen, wie Sie die beste Wahl treffen k\u00f6nnen und beantworten Ihre Fragen<\/div>\n<\/li>\n<li>\n<div><strong>Selbstst\u00e4ndiges Surfen<br \/>\n<\/strong>Sie k\u00f6nnen die Profile von Eizellspenderinnen auch 7 Tage lang eigenst\u00e4ndig erkunden und uns einfach kontaktieren, wenn Sie nach diesem Zeitraum Ihre Auswahl besprechen oder sich beraten lassen m\u00f6chten.<\/div>\n<\/li>\n<li>\n<div><strong>Reservierung Ihrer bevorzugten Spenderin<br \/>\n<\/strong>Sobald Sie eine Spenderin gefunden haben, von der Sie \u00fcberzeugt sind, sollten Sie uns umgehend informieren. Wir k\u00f6nnen die Eizellen der von Ihnen ausgew\u00e4hlten Spenderin f\u00fcr einen Zeitraum von 5 Tagen kostenlos reservieren, um die Verf\u00fcgbarkeit sicherzustellen.<\/div>\n<\/li>\n<li>\n<div><strong>Bezahlungsprozess<br \/>\n<\/strong>Nach der Best\u00e4tigung der Wahl Ihrer Spenderin erhalten Sie von uns den Vertrag und die Rechnung. T\u00e4tigen Sie die Zahlung innerhalb der vereinbarten Frist, um sich die Eizellen der von Ihnen gew\u00e4hlten Spenderin zu sichern<\/div>\n<\/li>\n<\/ol>\n<p class=\"ctatxt\">M\u00f6chten Sie einen kostenfreien 7-t\u00e4gigen Zugang zu unserer Eizellspender-Datenbank erhalten? <span class=\"popup-form-ed\">Kontaktieren Sie uns!<\/span><\/p>\n<p>\nDerzeit bieten wir ausschlie\u00dflich Eizellspendebehandlungen durch O.L.G.A. Fertility auf Zypern und in&nbsp;St. Petersburg an und versenden keine Spendereier an andere Orte.<\/p>\n<p class=\"ctatxt\">M\u00f6chten Sie mehr \u00fcber unsere Pakete mit 100%iger Geld-zur\u00fcck-Garantie auf eine Lebendgeburt und Blastozysten-Garantie von O.L.G.A. Fertility in&nbsp;St. Petersburg oder Zypern erfahren? <span class=\"popup-form-ed\">Kontaktieren Sie uns!<\/span><\/p>\n<p><strong><br \/>\nDiese wunderbare Spenderin hat 2019-2021 ihre Eizellen gespendet und drei unserer gesch\u00e4tzten Patientinnen geholfen, schwanger zu werden und ihre Kinder zu bekommen.<\/strong><\/p>\n<div class=\"ts-row grid cf\">\n<div class=\"col-6\"><a class=\"popup-zoom\" href=\"\/wp-content\/uploads\/2023\/12\/donor-profile-2-1.jpg\"><img decoding=\"async\" class=\"w100p shdw1\" src=\"\/wp-content\/uploads\/2023\/12\/donor-profile-2-1.jpg\" alt=\"Enth\u00fcllung der Spenderdetails: Ein umfassender Einblick in&nbsp;jedes Eizellspenderprofil in&nbsp;unserer Datenbank. Foto und Informationen zur Eizellspenderin\" \/><\/a><\/div>\n<div class=\"col-6\"><a class=\"popup-zoom\" href=\"\/wp-content\/uploads\/2023\/12\/donor-profile-2-2.jpg\"><img decoding=\"async\" class=\"w100p shdw1\" src=\"\/wp-content\/uploads\/2023\/12\/donor-profile-2-2.jpg\" alt=\"Angaben zur Eizellspenderin\" \/><\/a><\/div>\n<div class=\"col-6\"><a class=\"popup-zoom\" href=\"\/wp-content\/uploads\/2023\/12\/donor-profile-2-3.jpg\"><img decoding=\"async\" class=\"w100p shdw1\" src=\"\/wp-content\/uploads\/2023\/12\/donor-profile-2-3.jpg\" alt=\"Informationen zur Eizellspenderin\" \/><\/a><\/div>\n<div class=\"col-6\"><a class=\"popup-zoom\" href=\"\/wp-content\/uploads\/2023\/12\/donor-profile-2-4.jpg\"><img decoding=\"async\" class=\"w100p shdw1\" src=\"\/wp-content\/uploads\/2023\/12\/donor-profile-2-4.jpg\" alt=\"Informationen zur Eizellspenderin\" \/><\/a><\/div>\n<div class=\"col-6\"><a class=\"popup-zoom\" href=\"\/wp-content\/uploads\/2023\/12\/donor-profile-2-5.jpg\"><img decoding=\"async\" class=\"w100p shdw1\" src=\"\/wp-content\/uploads\/2023\/12\/donor-profile-2-5.jpg\" alt=\"Informationen zur Eizellspenderin\" \/><\/a><\/div>\n<div class=\"col-6\"><a class=\"popup-zoom\" href=\"\/wp-content\/uploads\/2023\/12\/donor-profile-2-6.jpg\"><img decoding=\"async\" class=\"w100p shdw1\" src=\"\/wp-content\/uploads\/2023\/12\/donor-profile-2-6.jpg\" alt=\"Motivationsschreiben f\u00fcr eine Eizellspenderin\" \/><\/a><\/div>\n<div class=\"col-6\"><a class=\"popup-zoom\" href=\"\/wp-content\/uploads\/2023\/12\/donor-profile-2-7.jpg\"><img decoding=\"async\" class=\"w100p shdw1\" src=\"\/wp-content\/uploads\/2023\/12\/donor-profile-2-7.jpg\" alt=\"Fotos von Eizellspenderinnen f\u00fcr Erwachsene\" \/><\/a><\/div>\n<\/div>\n<p class=\"ctatxt\" style=\"text-align: center;\">\nM\u00f6chten Sie die ausf\u00fchrlichen Profile unserer aktuellen Eizellspenderinnen sehen, deren Eizellen ohne Wartezeit verf\u00fcgbar sind? <span class=\"popup-form-ed\">Setzen Sie sich mit uns in&nbsp;Verbindung<\/span>, um einen 7-t\u00e4gigen Zugriff auf die vollst\u00e4ndige aktuelle Version unserer Datenbank zu erhalten. Er ist kostenfrei.<\/p>\n<\/div>\n","protected":false},"excerpt":{"rendered":"<p>Im Folgenden beschreiben wir alle wesentlichen Informationen, die Sie in&nbsp;jedem Profil einer Eizellspenderin finden k\u00f6nnen.Hier erl\u00e4utern wir auch den Wert dieser Informationen f\u00fcr Sie, wenn Sie eine Eizellspenderin suchen, bei der Sie sich sicher und wohl f\u00fchlen m\u00f6chten, eine Eizellspenderin, die Ihnen \u00e4hnlich sieht oder die so&nbsp;viel mit Ihnen gemeinsam hat, dass sie Ihre Freundin<\/p>\n","protected":false},"author":1,"featured_media":0,"parent":19372,"menu_order":0,"comment_status":"closed","ping_status":"closed","template":"page-landing.php","meta":{"footnotes":""},"tags":[],"acf":[],"yoast_head":"<!-- This site is optimized with the Yoast SEO plugin v18.6 - https:\/\/yoast.com\/wordpress\/plugins\/seo\/ -->\n<title>Ein umfassender Blick in jedes Eizellspenderprofil in unserer Datenbank - O.L.G.A. Fertility<\/title>\n<meta name=\"robots\" content=\"index, follow, max-snippet:-1, max-image-preview:large, max-video-preview:-1\" \/>\n<link rel=\"canonical\" href=\"https:\/\/olgafertilityclinic.com\/de\/eizellspende-datenbank\/eizellspenderprofil\/\" \/>\n<meta property=\"og:locale\" content=\"de_DE\" \/>\n<meta property=\"og:type\" content=\"article\" \/>\n<meta property=\"og:title\" content=\"Ein umfassender Blick in jedes Eizellspenderprofil in unserer Datenbank - O.L.G.A. Fertility\" \/>\n<meta property=\"og:description\" content=\"Im Folgenden beschreiben wir alle wesentlichen Informationen, die Sie in&nbsp;jedem Profil einer Eizellspenderin finden k\u00f6nnen.Hier erl\u00e4utern wir auch den Wert dieser Informationen f\u00fcr Sie, wenn Sie eine Eizellspenderin suchen, bei der Sie sich sicher und wohl f\u00fchlen m\u00f6chten, eine Eizellspenderin, die Ihnen \u00e4hnlich sieht oder die so&nbsp;viel mit Ihnen gemeinsam hat, dass sie Ihre Freundin\" \/>\n<meta property=\"og:url\" content=\"https:\/\/olgafertilityclinic.com\/de\/eizellspende-datenbank\/eizellspenderprofil\/\" \/>\n<meta property=\"og:site_name\" content=\"O.L.G.A. Fertility\" \/>\n<meta property=\"article:modified_time\" content=\"2024-03-28T16:55:32+00:00\" \/>\n<meta property=\"og:image\" content=\"https:\/\/olgafertilityclinic.com\/wp-content\/uploads\/2023\/12\/donor-profiles-2b.jpg\" \/>\n<meta name=\"twitter:card\" content=\"summary_large_image\" \/>\n<meta name=\"twitter:label1\" content=\"Gesch\u00e4tzte Lesezeit\" \/>\n\t<meta name=\"twitter:data1\" content=\"8\u00a0Minuten\" \/>\n<script type=\"application\/ld+json\" class=\"yoast-schema-graph\">{\"@context\":\"https:\/\/schema.org\",\"@graph\":[{\"@type\":\"WebSite\",\"@id\":\"https:\/\/olgafertilityclinic.com\/de\/#website\",\"url\":\"https:\/\/olgafertilityclinic.com\/de\/\",\"name\":\"O.L.G.A. Fertility\",\"description\":\"Cyprus  and St. Petersburg\",\"potentialAction\":[{\"@type\":\"SearchAction\",\"target\":{\"@type\":\"EntryPoint\",\"urlTemplate\":\"https:\/\/olgafertilityclinic.com\/de\/?s={search_term_string}\"},\"query-input\":\"required name=search_term_string\"}],\"inLanguage\":\"de\"},{\"@type\":\"ImageObject\",\"@id\":\"https:\/\/olgafertilityclinic.com\/de\/eizellspende-datenbank\/eizellspenderprofil\/#primaryimage\",\"inLanguage\":\"de\",\"url\":\"https:\/\/olgafertilityclinic.com\/wp-content\/uploads\/2023\/12\/donor-profiles-2b.jpg\",\"contentUrl\":\"https:\/\/olgafertilityclinic.com\/wp-content\/uploads\/2023\/12\/donor-profiles-2b.jpg\",\"width\":1800,\"height\":1065},{\"@type\":\"WebPage\",\"@id\":\"https:\/\/olgafertilityclinic.com\/de\/eizellspende-datenbank\/eizellspenderprofil\/#webpage\",\"url\":\"https:\/\/olgafertilityclinic.com\/de\/eizellspende-datenbank\/eizellspenderprofil\/\",\"name\":\"Ein umfassender Blick in jedes Eizellspenderprofil in unserer Datenbank - O.L.G.A. Fertility\",\"isPartOf\":{\"@id\":\"https:\/\/olgafertilityclinic.com\/de\/#website\"},\"primaryImageOfPage\":{\"@id\":\"https:\/\/olgafertilityclinic.com\/de\/eizellspende-datenbank\/eizellspenderprofil\/#primaryimage\"},\"datePublished\":\"2023-12-13T14:05:54+00:00\",\"dateModified\":\"2024-03-28T16:55:32+00:00\",\"breadcrumb\":{\"@id\":\"https:\/\/olgafertilityclinic.com\/de\/eizellspende-datenbank\/eizellspenderprofil\/#breadcrumb\"},\"inLanguage\":\"de\",\"potentialAction\":[{\"@type\":\"ReadAction\",\"target\":[\"https:\/\/olgafertilityclinic.com\/de\/eizellspende-datenbank\/eizellspenderprofil\/\"]}]},{\"@type\":\"BreadcrumbList\",\"@id\":\"https:\/\/olgafertilityclinic.com\/de\/eizellspende-datenbank\/eizellspenderprofil\/#breadcrumb\",\"itemListElement\":[{\"@type\":\"ListItem\",\"position\":1,\"name\":\"Home\",\"item\":\"https:\/\/olgafertilityclinic.com\/de\/\"},{\"@type\":\"ListItem\",\"position\":2,\"name\":\"Welche Informationen \u00fcber Spenderinnen finden Sie in unserer Eizellspende-Datenbank?\",\"item\":\"https:\/\/olgafertilityclinic.com\/de\/eizellspende-datenbank\/\"},{\"@type\":\"ListItem\",\"position\":3,\"name\":\"Ein umfassender Blick in jedes Eizellspenderprofil in unserer Datenbank\"}]}]}<\/script>\n<!-- \/ Yoast SEO plugin. -->","yoast_head_json":{"title":"Ein umfassender Blick in jedes Eizellspenderprofil in unserer Datenbank - O.L.G.A. Fertility","robots":{"index":"index","follow":"follow","max-snippet":"max-snippet:-1","max-image-preview":"max-image-preview:large","max-video-preview":"max-video-preview:-1"},"canonical":"https:\/\/olgafertilityclinic.com\/de\/eizellspende-datenbank\/eizellspenderprofil\/","og_locale":"de_DE","og_type":"article","og_title":"Ein umfassender Blick in jedes Eizellspenderprofil in unserer Datenbank - O.L.G.A. Fertility","og_description":"Im Folgenden beschreiben wir alle wesentlichen Informationen, die Sie in&nbsp;jedem Profil einer Eizellspenderin finden k\u00f6nnen.Hier erl\u00e4utern wir auch den Wert dieser Informationen f\u00fcr Sie, wenn Sie eine Eizellspenderin suchen, bei der Sie sich sicher und wohl f\u00fchlen m\u00f6chten, eine Eizellspenderin, die Ihnen \u00e4hnlich sieht oder die so&nbsp;viel mit Ihnen gemeinsam hat, dass sie Ihre Freundin","og_url":"https:\/\/olgafertilityclinic.com\/de\/eizellspende-datenbank\/eizellspenderprofil\/","og_site_name":"O.L.G.A. Fertility","article_modified_time":"2024-03-28T16:55:32+00:00","og_image":[{"url":"https:\/\/olgafertilityclinic.com\/wp-content\/uploads\/2023\/12\/donor-profiles-2b.jpg"}],"twitter_card":"summary_large_image","twitter_misc":{"Gesch\u00e4tzte Lesezeit":"8\u00a0Minuten"},"schema":{"@context":"https:\/\/schema.org","@graph":[{"@type":"WebSite","@id":"https:\/\/olgafertilityclinic.com\/de\/#website","url":"https:\/\/olgafertilityclinic.com\/de\/","name":"O.L.G.A. Fertility","description":"Cyprus  and St. Petersburg","potentialAction":[{"@type":"SearchAction","target":{"@type":"EntryPoint","urlTemplate":"https:\/\/olgafertilityclinic.com\/de\/?s={search_term_string}"},"query-input":"required name=search_term_string"}],"inLanguage":"de"},{"@type":"ImageObject","@id":"https:\/\/olgafertilityclinic.com\/de\/eizellspende-datenbank\/eizellspenderprofil\/#primaryimage","inLanguage":"de","url":"https:\/\/olgafertilityclinic.com\/wp-content\/uploads\/2023\/12\/donor-profiles-2b.jpg","contentUrl":"https:\/\/olgafertilityclinic.com\/wp-content\/uploads\/2023\/12\/donor-profiles-2b.jpg","width":1800,"height":1065},{"@type":"WebPage","@id":"https:\/\/olgafertilityclinic.com\/de\/eizellspende-datenbank\/eizellspenderprofil\/#webpage","url":"https:\/\/olgafertilityclinic.com\/de\/eizellspende-datenbank\/eizellspenderprofil\/","name":"Ein umfassender Blick in jedes Eizellspenderprofil in unserer Datenbank - O.L.G.A. Fertility","isPartOf":{"@id":"https:\/\/olgafertilityclinic.com\/de\/#website"},"primaryImageOfPage":{"@id":"https:\/\/olgafertilityclinic.com\/de\/eizellspende-datenbank\/eizellspenderprofil\/#primaryimage"},"datePublished":"2023-12-13T14:05:54+00:00","dateModified":"2024-03-28T16:55:32+00:00","breadcrumb":{"@id":"https:\/\/olgafertilityclinic.com\/de\/eizellspende-datenbank\/eizellspenderprofil\/#breadcrumb"},"inLanguage":"de","potentialAction":[{"@type":"ReadAction","target":["https:\/\/olgafertilityclinic.com\/de\/eizellspende-datenbank\/eizellspenderprofil\/"]}]},{"@type":"BreadcrumbList","@id":"https:\/\/olgafertilityclinic.com\/de\/eizellspende-datenbank\/eizellspenderprofil\/#breadcrumb","itemListElement":[{"@type":"ListItem","position":1,"name":"Home","item":"https:\/\/olgafertilityclinic.com\/de\/"},{"@type":"ListItem","position":2,"name":"Welche Informationen \u00fcber Spenderinnen finden Sie in unserer Eizellspende-Datenbank?","item":"https:\/\/olgafertilityclinic.com\/de\/eizellspende-datenbank\/"},{"@type":"ListItem","position":3,"name":"Ein umfassender Blick in jedes Eizellspenderprofil in unserer Datenbank"}]}]}},"_links":{"self":[{"href":"https:\/\/olgafertilityclinic.com\/de\/wp-json\/wp\/v2\/pages\/19661"}],"collection":[{"href":"https:\/\/olgafertilityclinic.com\/de\/wp-json\/wp\/v2\/pages"}],"about":[{"href":"https:\/\/olgafertilityclinic.com\/de\/wp-json\/wp\/v2\/types\/page"}],"author":[{"embeddable":true,"href":"https:\/\/olgafertilityclinic.com\/de\/wp-json\/wp\/v2\/users\/1"}],"replies":[{"embeddable":true,"href":"https:\/\/olgafertilityclinic.com\/de\/wp-json\/wp\/v2\/comments?post=19661"}],"version-history":[{"count":4,"href":"https:\/\/olgafertilityclinic.com\/de\/wp-json\/wp\/v2\/pages\/19661\/revisions"}],"predecessor-version":[{"id":20433,"href":"https:\/\/olgafertilityclinic.com\/de\/wp-json\/wp\/v2\/pages\/19661\/revisions\/20433"}],"up":[{"embeddable":true,"href":"https:\/\/olgafertilityclinic.com\/de\/wp-json\/wp\/v2\/pages\/19372"}],"wp:attachment":[{"href":"https:\/\/olgafertilityclinic.com\/de\/wp-json\/wp\/v2\/media?parent=19661"}],"wp:term":[{"taxonomy":"post_tag","embeddable":true,"href":"https:\/\/olgafertilityclinic.com\/de\/wp-json\/wp\/v2\/tags?post=19661"}],"curies":[{"name":"wp","href":"https:\/\/api.w.org\/{rel}","templated":true}]}}