{"id":5962,"date":"2020-06-15T12:00:00","date_gmt":"2020-06-15T12:00:00","guid":{"rendered":"https:\/\/olgafertilityclinic.com\/female\/"},"modified":"2020-06-15T12:00:00","modified_gmt":"2020-06-15T12:00:00","slug":"Female","status":"publish","type":"page","link":"https:\/\/olgafertilityclinic.com\/de\/physiology\/Female\/","title":{"rendered":"Das weibliche Fortpflanzungssystem"},"content":{"rendered":"<p><P style=\"TEXT-ALIGN: justify\">Das weibliche Fortpflanzungssystem besteht u.a. aus zwei Eierst\u00f6cken, zwei Eileiter, der Geb\u00e4rmutter und der Scheide (Abb. 1).  Beim weiblichen Fortpflanzungssystem handelt es sich um einen komplizierten Mechanismus, der eine ganze Reihe von wiederkehrenden physiolo-gischen Ver\u00e4nderungen in&nbsp;Gang setzt, n\u00e4mlich den Menstruationszyklus. Ein regelm\u00e4\u00dfiger monatlicher Zyklus ist eine wesentliche Voraussetzung f\u00fcr die Empf\u00e4ngnisf\u00e4higkeit der Frau.    <\/P> <P style=\"TEXT-ALIGN: justify\"><STRONG><\/STRONG> <\/P> <P style=\"TEXT-ALIGN: justify\"><STRONG><\/STRONG> <\/P> <P style=\"TEXT-ALIGN: justify\"><STRONG>Abb.1. Das weibliche Fortpflanzungssystem<\/STRONG> <\/P> <P class=fig><IMG class=ui height=327 alt=\"\" src=\"http:\/\/avapeter.com\/i\/upload\/4c46bb80.gif\" width=503 border=0><\/P><\/p>\n<ol>\n<li>Geb\u00e4rmutter<\/li>\n<li>Eileiter<\/li>\n<li>Geb\u00e4rmutterhals<\/li>\n<li>Geb\u00e4rmuttermund<\/li>\n<li>Eierstock<\/li>\n<li>Scheide<\/li>\n<\/ol>\n<p><P class=fig> <\/P> <P style=\"TEXT-ALIGN: justify\">Der Hauptvorgang w\u00e4hrend des weiblichen Zyklus besteht aus dem Heranreifen einer Eizelle (Oozyte), die dann befruchtet werden kann. Gleichzeitig wird die Schleimhaut an der Innenwand der Geb\u00e4rmutter (<a title=\"endometrium\" href=\"\/de\/terminology\/#20\" target=\"_self\" rel=\"noopener noreferrer\">Endometrium<\/A>) auf die Einnistung (<a title=\"implantation\" href=\"\/de\/terminology\/#36\" target=\"_self\" rel=\"noopener noreferrer\">Implantation<\/A>) der befruchteten Eizelle vorbereitet. Der gesamte Ablauf dieses Prozesses wird durch die Hormone gesteuert.<\/P> <P style=\"TEXT-ALIGN: justify\">Zu Beginn des Zyklus sch\u00fctten die Dr\u00fcsen im weiblichen Gehirn Hormone aus, die \u00fcber das Blut wirken und die Eireifung im Eierstock (<a title=\"ovary\" href=\"\/de\/terminology\/#50\" target=\"_self\" rel=\"noopener noreferrer\">Ovarium<\/A>) und dann den Eisprung (<a title=\"ovary\" href=\"\/de\/terminology\/#48\" target=\"_self\" rel=\"noopener noreferrer\">Ovulation<\/A>) ausl\u00f6sen. Also, Das Gehirn regelt mittels der Hormone den weiblichen Zyklus.<\/P> <P style=\"TEXT-ALIGN: justify\">Bei der hormonellen Steuerung des weiblichen Zyklus spielt das gonadotropin-releasing hormone (<a title=\"GRH\" href=\"\/de\/terminology\/#30\" target=\"_self\" rel=\"noopener noreferrer\">GnRH<\/A>), das auch Freisetzungshormon genannt wird, eine zentrale Rolle. Es bewirkt, dass das <a title=\"follicle stimulating hormone\" href=\"\/de\/terminology\/#27\" target=\"_self\" rel=\"noopener noreferrer\">Follikelstimulierende Hormon (FSH)<\/A> und das <a title=\"luteinizing hormone (LH)\" href=\"\/de\/terminology\/#41\" target=\"_self\" rel=\"noopener noreferrer\">luteinisierende Hormon (LH)<\/A> von der Hirnanhangdr\u00fcse, d.h. der <a title=\"hypophysis\" href=\"\/de\/terminology\/#35\" target=\"_self\" rel=\"noopener noreferrer\">Hypophye<\/A> ausgesch\u00fcttet werden. Diese beiden Hormone wirken \u00fcber das Blut auf die Eierst\u00f6cke. Zu einer Empf\u00e4ngnis kann es nur kommen, wenn die Abl\u00e4ufe dieses Prozesses genau eingehalten werden.<\/P><\/p>\n","protected":false},"excerpt":{"rendered":"<p>Das weibliche Fortpflanzungssystem besteht u.a. aus zwei Eierst\u00f6cken, zwei Eileiter, der Geb\u00e4rmutter und der Scheide (Abb. 1). Beim weiblichen Fortpflanzungssystem handelt es sich um einen komplizierten Mechanismus, der eine ganze Reihe von wiederkehrenden physiolo-gischen Ver\u00e4nderungen in&nbsp;Gang setzt, n\u00e4mlich den Menstruationszyklus. Ein regelm\u00e4\u00dfiger monatlicher Zyklus ist eine wesentliche Voraussetzung f\u00fcr die Empf\u00e4ngnisf\u00e4higkeit der Frau. Abb.1. Das<\/p>\n","protected":false},"author":1,"featured_media":0,"parent":5957,"menu_order":0,"comment_status":"closed","ping_status":"open","template":"","meta":{"footnotes":""},"tags":[],"acf":[],"yoast_head":"<!-- This site is optimized with the Yoast SEO plugin v18.6 - https:\/\/yoast.com\/wordpress\/plugins\/seo\/ -->\n<title>Das weibliche Fortpflanzungssystem - O.L.G.A. Fertility<\/title>\n<meta name=\"robots\" content=\"index, follow, max-snippet:-1, max-image-preview:large, max-video-preview:-1\" \/>\n<link rel=\"canonical\" href=\"https:\/\/olgafertilityclinic.com\/de\/physiology\/Female\/\" \/>\n<meta property=\"og:locale\" content=\"de_DE\" \/>\n<meta property=\"og:type\" content=\"article\" \/>\n<meta property=\"og:title\" content=\"Das weibliche Fortpflanzungssystem - O.L.G.A. Fertility\" \/>\n<meta property=\"og:description\" content=\"Das weibliche Fortpflanzungssystem besteht u.a. aus zwei Eierst\u00f6cken, zwei Eileiter, der Geb\u00e4rmutter und der Scheide (Abb. 1). Beim weiblichen Fortpflanzungssystem handelt es sich um einen komplizierten Mechanismus, der eine ganze Reihe von wiederkehrenden physiolo-gischen Ver\u00e4nderungen in&nbsp;Gang setzt, n\u00e4mlich den Menstruationszyklus. Ein regelm\u00e4\u00dfiger monatlicher Zyklus ist eine wesentliche Voraussetzung f\u00fcr die Empf\u00e4ngnisf\u00e4higkeit der Frau. Abb.1. Das\" \/>\n<meta property=\"og:url\" content=\"https:\/\/olgafertilityclinic.com\/de\/physiology\/Female\/\" \/>\n<meta property=\"og:site_name\" content=\"O.L.G.A. Fertility\" \/>\n<meta name=\"twitter:card\" content=\"summary_large_image\" \/>\n<meta name=\"twitter:label1\" content=\"Gesch\u00e4tzte Lesezeit\" \/>\n\t<meta name=\"twitter:data1\" content=\"1\u00a0Minute\" \/>\n<script type=\"application\/ld+json\" class=\"yoast-schema-graph\">{\"@context\":\"https:\/\/schema.org\",\"@graph\":[{\"@type\":\"WebSite\",\"@id\":\"https:\/\/olgafertilityclinic.com\/de\/#website\",\"url\":\"https:\/\/olgafertilityclinic.com\/de\/\",\"name\":\"O.L.G.A. Fertility\",\"description\":\"Cyprus  and St. Petersburg\",\"potentialAction\":[{\"@type\":\"SearchAction\",\"target\":{\"@type\":\"EntryPoint\",\"urlTemplate\":\"https:\/\/olgafertilityclinic.com\/de\/?s={search_term_string}\"},\"query-input\":\"required name=search_term_string\"}],\"inLanguage\":\"de\"},{\"@type\":\"WebPage\",\"@id\":\"https:\/\/olgafertilityclinic.com\/de\/physiology\/Female\/#webpage\",\"url\":\"https:\/\/olgafertilityclinic.com\/de\/physiology\/Female\/\",\"name\":\"Das weibliche Fortpflanzungssystem - O.L.G.A. Fertility\",\"isPartOf\":{\"@id\":\"https:\/\/olgafertilityclinic.com\/de\/#website\"},\"datePublished\":\"2020-06-15T12:00:00+00:00\",\"dateModified\":\"2020-06-15T12:00:00+00:00\",\"breadcrumb\":{\"@id\":\"https:\/\/olgafertilityclinic.com\/de\/physiology\/Female\/#breadcrumb\"},\"inLanguage\":\"de\",\"potentialAction\":[{\"@type\":\"ReadAction\",\"target\":[\"https:\/\/olgafertilityclinic.com\/de\/physiology\/Female\/\"]}]},{\"@type\":\"BreadcrumbList\",\"@id\":\"https:\/\/olgafertilityclinic.com\/de\/physiology\/Female\/#breadcrumb\",\"itemListElement\":[{\"@type\":\"ListItem\",\"position\":1,\"name\":\"Home\",\"item\":\"https:\/\/olgafertilityclinic.com\/de\/\"},{\"@type\":\"ListItem\",\"position\":2,\"name\":\"Die Fortpflanzungsphysiologie des Menschen\",\"item\":\"https:\/\/olgafertilityclinic.com\/de\/physiology\/\"},{\"@type\":\"ListItem\",\"position\":3,\"name\":\"Das weibliche Fortpflanzungssystem\"}]}]}<\/script>\n<!-- \/ Yoast SEO plugin. -->","yoast_head_json":{"title":"Das weibliche Fortpflanzungssystem - O.L.G.A. Fertility","robots":{"index":"index","follow":"follow","max-snippet":"max-snippet:-1","max-image-preview":"max-image-preview:large","max-video-preview":"max-video-preview:-1"},"canonical":"https:\/\/olgafertilityclinic.com\/de\/physiology\/Female\/","og_locale":"de_DE","og_type":"article","og_title":"Das weibliche Fortpflanzungssystem - O.L.G.A. Fertility","og_description":"Das weibliche Fortpflanzungssystem besteht u.a. aus zwei Eierst\u00f6cken, zwei Eileiter, der Geb\u00e4rmutter und der Scheide (Abb. 1). Beim weiblichen Fortpflanzungssystem handelt es sich um einen komplizierten Mechanismus, der eine ganze Reihe von wiederkehrenden physiolo-gischen Ver\u00e4nderungen in&nbsp;Gang setzt, n\u00e4mlich den Menstruationszyklus. Ein regelm\u00e4\u00dfiger monatlicher Zyklus ist eine wesentliche Voraussetzung f\u00fcr die Empf\u00e4ngnisf\u00e4higkeit der Frau. Abb.1. Das","og_url":"https:\/\/olgafertilityclinic.com\/de\/physiology\/Female\/","og_site_name":"O.L.G.A. Fertility","twitter_card":"summary_large_image","twitter_misc":{"Gesch\u00e4tzte Lesezeit":"1\u00a0Minute"},"schema":{"@context":"https:\/\/schema.org","@graph":[{"@type":"WebSite","@id":"https:\/\/olgafertilityclinic.com\/de\/#website","url":"https:\/\/olgafertilityclinic.com\/de\/","name":"O.L.G.A. Fertility","description":"Cyprus  and St. Petersburg","potentialAction":[{"@type":"SearchAction","target":{"@type":"EntryPoint","urlTemplate":"https:\/\/olgafertilityclinic.com\/de\/?s={search_term_string}"},"query-input":"required name=search_term_string"}],"inLanguage":"de"},{"@type":"WebPage","@id":"https:\/\/olgafertilityclinic.com\/de\/physiology\/Female\/#webpage","url":"https:\/\/olgafertilityclinic.com\/de\/physiology\/Female\/","name":"Das weibliche Fortpflanzungssystem - O.L.G.A. Fertility","isPartOf":{"@id":"https:\/\/olgafertilityclinic.com\/de\/#website"},"datePublished":"2020-06-15T12:00:00+00:00","dateModified":"2020-06-15T12:00:00+00:00","breadcrumb":{"@id":"https:\/\/olgafertilityclinic.com\/de\/physiology\/Female\/#breadcrumb"},"inLanguage":"de","potentialAction":[{"@type":"ReadAction","target":["https:\/\/olgafertilityclinic.com\/de\/physiology\/Female\/"]}]},{"@type":"BreadcrumbList","@id":"https:\/\/olgafertilityclinic.com\/de\/physiology\/Female\/#breadcrumb","itemListElement":[{"@type":"ListItem","position":1,"name":"Home","item":"https:\/\/olgafertilityclinic.com\/de\/"},{"@type":"ListItem","position":2,"name":"Die Fortpflanzungsphysiologie des Menschen","item":"https:\/\/olgafertilityclinic.com\/de\/physiology\/"},{"@type":"ListItem","position":3,"name":"Das weibliche Fortpflanzungssystem"}]}]}},"_links":{"self":[{"href":"https:\/\/olgafertilityclinic.com\/de\/wp-json\/wp\/v2\/pages\/5962"}],"collection":[{"href":"https:\/\/olgafertilityclinic.com\/de\/wp-json\/wp\/v2\/pages"}],"about":[{"href":"https:\/\/olgafertilityclinic.com\/de\/wp-json\/wp\/v2\/types\/page"}],"author":[{"embeddable":true,"href":"https:\/\/olgafertilityclinic.com\/de\/wp-json\/wp\/v2\/users\/1"}],"replies":[{"embeddable":true,"href":"https:\/\/olgafertilityclinic.com\/de\/wp-json\/wp\/v2\/comments?post=5962"}],"version-history":[{"count":0,"href":"https:\/\/olgafertilityclinic.com\/de\/wp-json\/wp\/v2\/pages\/5962\/revisions"}],"up":[{"embeddable":true,"href":"https:\/\/olgafertilityclinic.com\/de\/wp-json\/wp\/v2\/pages\/5957"}],"wp:attachment":[{"href":"https:\/\/olgafertilityclinic.com\/de\/wp-json\/wp\/v2\/media?parent=5962"}],"wp:term":[{"taxonomy":"post_tag","embeddable":true,"href":"https:\/\/olgafertilityclinic.com\/de\/wp-json\/wp\/v2\/tags?post=5962"}],"curies":[{"name":"wp","href":"https:\/\/api.w.org\/{rel}","templated":true}]}}