{"id":5964,"date":"2020-06-15T12:00:00","date_gmt":"2020-06-15T12:00:00","guid":{"rendered":"https:\/\/olgafertilityclinic.com\/male\/"},"modified":"2020-06-15T12:00:00","modified_gmt":"2020-06-15T12:00:00","slug":"male","status":"publish","type":"page","link":"https:\/\/olgafertilityclinic.com\/de\/physiology\/male\/","title":{"rendered":"Das m\u00e4nnliche Fortpflanzungssystem"},"content":{"rendered":"<p><P style=\"TEXT-ALIGN: justify\">Das m\u00e4nnliche Fortpflanzungssystem wird ebenso \u00fcber die Hormone geregelt, wobei das Follikelstimulierende Hormon (<a title=\"Follicle Stimulating Hormone FSH\" href=\"\/de\/terminology\/#27\" target=\"_self\" rel=\"noopener noreferrer\">FSH<\/A>) und das luteinisierende Hormon (<a title=\"Luteinizing hormone LH\" href=\"\/de\/terminology\/#13\" target=\"_self\" rel=\"noopener noreferrer\">LH<\/A>) in&nbsp;erster Linie f\u00fcr die Abl\u00e4ufe verantwortlich sind. Beide zusammen steuern die Hodenfunktion. Die Aussch\u00fcttung von LH und FSH wird vor allem vom gonadotropin-releasing hormone, d.h. <a title=\"GRH\" href=\"\/de\/terminology\/#30\" target=\"_self\" rel=\"noopener noreferrer\">GnRH<\/A> gesteuert. FSH regelt die Bildung und Reifung der Samenzellen, w\u00e4hrend LH die Produktion von Testosteron, dem wichtigsten m\u00e4nnlichen Sexualhormon, stimuliert.     <\/P> <P><IMG height=372 alt=\"\" src=\"http:\/\/avapeter.com\/p\/en\/470-1.jpg\" width=513 border=0> <\/P> <P class=fig>Fig. 1. Male reproductive system.<\/P> <\/p>\n<ol>\n<li>Harnblase<\/li>\n<li>Samenleiter<\/li>\n<li>Penis<\/li>\n<li>Hoden<\/li>\n<li>Nebenhoden<\/li>\n<li>Harnr\u00f6hre<\/li>\n<li>Prostata<\/li>\n<li>Spritzgang<\/li>\n<li>Rektum<\/li>\n<\/ol>\n<p>\n<P>T\u00e4glich entwickeln sich Millionen von Samenzellen in&nbsp;den Samenkan\u00e4lchen des Hodens. Von dort wandern die Samenzellen in&nbsp;den Nebenhoden, wo sie weiter heranreifen (Abb. 1).  <\/P> <P>W\u00e4hrend des Samenergusses, der Ejakulation, werden die Samenzellen durch Zusammenziehen von Muskeln \u00fcber Samenleiter und Harnr\u00f6hre nach au\u00dfen gepresst. Jeder Samenerguss enth\u00e4lt 300-400 Millionen Samenzellen, was sich dadurch erkl\u00e4ren l\u00e4sst, dass nur einige Hundert Samenzellen tats\u00e4chlich die Eileiter erreichen, damit dort die Eizelle befruchtet werden kann. <\/P> <P style=\"MARGIN: 0cm 0cm 0pt\"> <\/P> <P class=fig style=\"MARGIN: auto 0cm\"><B>Abb. 2: Geschlechtsbestimmung<\/B> <\/P> <P><IMG class=ui alt=\"\" src=\"http:\/\/avapeter.com\/i\/upload\/e8a7d664.gif\" border=0>   <\/P><BR><BR> <P style=\"TEXT-ALIGN: justify\">Die Samenzellen bestehen aus drei Teilen, einem Kopf, einem Mittelst\u00fcck und einem Schwanz. Der Kopf \u00fcbertr\u00e4gt die v\u00e4terliche Erbanlage. Bei erfolgreicher Befruchtung bestimmt dieses Genmaterial das Geschlecht des Kindes (Abb. 2). <\/P> <P style=\"TEXT-ALIGN: justify\"> <\/P> <P style=\"MARGIN: 0cm 0cm 0pt\"><B>Abb. 3: Der Aufbau einer Samenzelle<\/B> <\/P> <P><IMG class=ui alt=\"\" src=\"http:\/\/avapeter.com\/i\/upload\/033341c9.gif\" border=0><\/P> <P style=\"MARGIN: 0cm 0cm 0pt\">1-Kopf; 2-Schwanz;  3-Mittelst\u00fcck<\/P> <P><B><\/B> <\/P> <P style=\"TEXT-ALIGN: justify\">Das Mittelst\u00fcck liefert den Antrieb f\u00fcr die Bewegung der Spermien. Der Spermienschwanz ist der \u201eMotor\u201c, der sich wie eine Peitsche hin und her bewegt und damit die Samenzellen vorw\u00e4rts treibt. (Abb. 3) <\/P><\/p>\n","protected":false},"excerpt":{"rendered":"<p>Das m\u00e4nnliche Fortpflanzungssystem wird ebenso \u00fcber die Hormone geregelt, wobei das Follikelstimulierende Hormon (FSH) und das luteinisierende Hormon (LH) in&nbsp;erster Linie f\u00fcr die Abl\u00e4ufe verantwortlich sind. Beide zusammen steuern die Hodenfunktion. Die Aussch\u00fcttung von LH und FSH wird vor allem vom gonadotropin-releasing hormone, d.h. GnRH gesteuert. FSH regelt die Bildung und Reifung der Samenzellen, w\u00e4hrend<\/p>\n","protected":false},"author":1,"featured_media":0,"parent":5957,"menu_order":1,"comment_status":"closed","ping_status":"open","template":"","meta":{"footnotes":""},"tags":[],"acf":[],"yoast_head":"<!-- This site is optimized with the Yoast SEO plugin v18.6 - https:\/\/yoast.com\/wordpress\/plugins\/seo\/ -->\n<title>Das m\u00e4nnliche Fortpflanzungssystem - O.L.G.A. Fertility<\/title>\n<meta name=\"robots\" content=\"index, follow, max-snippet:-1, max-image-preview:large, max-video-preview:-1\" \/>\n<link rel=\"canonical\" href=\"https:\/\/olgafertilityclinic.com\/de\/physiology\/male\/\" \/>\n<meta property=\"og:locale\" content=\"de_DE\" \/>\n<meta property=\"og:type\" content=\"article\" \/>\n<meta property=\"og:title\" content=\"Das m\u00e4nnliche Fortpflanzungssystem - O.L.G.A. Fertility\" \/>\n<meta property=\"og:description\" content=\"Das m\u00e4nnliche Fortpflanzungssystem wird ebenso \u00fcber die Hormone geregelt, wobei das Follikelstimulierende Hormon (FSH) und das luteinisierende Hormon (LH) in&nbsp;erster Linie f\u00fcr die Abl\u00e4ufe verantwortlich sind. Beide zusammen steuern die Hodenfunktion. Die Aussch\u00fcttung von LH und FSH wird vor allem vom gonadotropin-releasing hormone, d.h. GnRH gesteuert. FSH regelt die Bildung und Reifung der Samenzellen, w\u00e4hrend\" \/>\n<meta property=\"og:url\" content=\"https:\/\/olgafertilityclinic.com\/de\/physiology\/male\/\" \/>\n<meta property=\"og:site_name\" content=\"O.L.G.A. Fertility\" \/>\n<meta name=\"twitter:card\" content=\"summary_large_image\" \/>\n<meta name=\"twitter:label1\" content=\"Gesch\u00e4tzte Lesezeit\" \/>\n\t<meta name=\"twitter:data1\" content=\"1\u00a0Minute\" \/>\n<script type=\"application\/ld+json\" class=\"yoast-schema-graph\">{\"@context\":\"https:\/\/schema.org\",\"@graph\":[{\"@type\":\"WebSite\",\"@id\":\"https:\/\/olgafertilityclinic.com\/de\/#website\",\"url\":\"https:\/\/olgafertilityclinic.com\/de\/\",\"name\":\"O.L.G.A. Fertility\",\"description\":\"Cyprus  and St. Petersburg\",\"potentialAction\":[{\"@type\":\"SearchAction\",\"target\":{\"@type\":\"EntryPoint\",\"urlTemplate\":\"https:\/\/olgafertilityclinic.com\/de\/?s={search_term_string}\"},\"query-input\":\"required name=search_term_string\"}],\"inLanguage\":\"de\"},{\"@type\":\"WebPage\",\"@id\":\"https:\/\/olgafertilityclinic.com\/de\/physiology\/male\/#webpage\",\"url\":\"https:\/\/olgafertilityclinic.com\/de\/physiology\/male\/\",\"name\":\"Das m\u00e4nnliche Fortpflanzungssystem - O.L.G.A. Fertility\",\"isPartOf\":{\"@id\":\"https:\/\/olgafertilityclinic.com\/de\/#website\"},\"datePublished\":\"2020-06-15T12:00:00+00:00\",\"dateModified\":\"2020-06-15T12:00:00+00:00\",\"breadcrumb\":{\"@id\":\"https:\/\/olgafertilityclinic.com\/de\/physiology\/male\/#breadcrumb\"},\"inLanguage\":\"de\",\"potentialAction\":[{\"@type\":\"ReadAction\",\"target\":[\"https:\/\/olgafertilityclinic.com\/de\/physiology\/male\/\"]}]},{\"@type\":\"BreadcrumbList\",\"@id\":\"https:\/\/olgafertilityclinic.com\/de\/physiology\/male\/#breadcrumb\",\"itemListElement\":[{\"@type\":\"ListItem\",\"position\":1,\"name\":\"Home\",\"item\":\"https:\/\/olgafertilityclinic.com\/de\/\"},{\"@type\":\"ListItem\",\"position\":2,\"name\":\"Die Fortpflanzungsphysiologie des Menschen\",\"item\":\"https:\/\/olgafertilityclinic.com\/de\/physiology\/\"},{\"@type\":\"ListItem\",\"position\":3,\"name\":\"Das m\u00e4nnliche Fortpflanzungssystem\"}]}]}<\/script>\n<!-- \/ Yoast SEO plugin. -->","yoast_head_json":{"title":"Das m\u00e4nnliche Fortpflanzungssystem - O.L.G.A. Fertility","robots":{"index":"index","follow":"follow","max-snippet":"max-snippet:-1","max-image-preview":"max-image-preview:large","max-video-preview":"max-video-preview:-1"},"canonical":"https:\/\/olgafertilityclinic.com\/de\/physiology\/male\/","og_locale":"de_DE","og_type":"article","og_title":"Das m\u00e4nnliche Fortpflanzungssystem - O.L.G.A. Fertility","og_description":"Das m\u00e4nnliche Fortpflanzungssystem wird ebenso \u00fcber die Hormone geregelt, wobei das Follikelstimulierende Hormon (FSH) und das luteinisierende Hormon (LH) in&nbsp;erster Linie f\u00fcr die Abl\u00e4ufe verantwortlich sind. Beide zusammen steuern die Hodenfunktion. Die Aussch\u00fcttung von LH und FSH wird vor allem vom gonadotropin-releasing hormone, d.h. GnRH gesteuert. FSH regelt die Bildung und Reifung der Samenzellen, w\u00e4hrend","og_url":"https:\/\/olgafertilityclinic.com\/de\/physiology\/male\/","og_site_name":"O.L.G.A. Fertility","twitter_card":"summary_large_image","twitter_misc":{"Gesch\u00e4tzte Lesezeit":"1\u00a0Minute"},"schema":{"@context":"https:\/\/schema.org","@graph":[{"@type":"WebSite","@id":"https:\/\/olgafertilityclinic.com\/de\/#website","url":"https:\/\/olgafertilityclinic.com\/de\/","name":"O.L.G.A. Fertility","description":"Cyprus  and St. Petersburg","potentialAction":[{"@type":"SearchAction","target":{"@type":"EntryPoint","urlTemplate":"https:\/\/olgafertilityclinic.com\/de\/?s={search_term_string}"},"query-input":"required name=search_term_string"}],"inLanguage":"de"},{"@type":"WebPage","@id":"https:\/\/olgafertilityclinic.com\/de\/physiology\/male\/#webpage","url":"https:\/\/olgafertilityclinic.com\/de\/physiology\/male\/","name":"Das m\u00e4nnliche Fortpflanzungssystem - O.L.G.A. Fertility","isPartOf":{"@id":"https:\/\/olgafertilityclinic.com\/de\/#website"},"datePublished":"2020-06-15T12:00:00+00:00","dateModified":"2020-06-15T12:00:00+00:00","breadcrumb":{"@id":"https:\/\/olgafertilityclinic.com\/de\/physiology\/male\/#breadcrumb"},"inLanguage":"de","potentialAction":[{"@type":"ReadAction","target":["https:\/\/olgafertilityclinic.com\/de\/physiology\/male\/"]}]},{"@type":"BreadcrumbList","@id":"https:\/\/olgafertilityclinic.com\/de\/physiology\/male\/#breadcrumb","itemListElement":[{"@type":"ListItem","position":1,"name":"Home","item":"https:\/\/olgafertilityclinic.com\/de\/"},{"@type":"ListItem","position":2,"name":"Die Fortpflanzungsphysiologie des Menschen","item":"https:\/\/olgafertilityclinic.com\/de\/physiology\/"},{"@type":"ListItem","position":3,"name":"Das m\u00e4nnliche Fortpflanzungssystem"}]}]}},"_links":{"self":[{"href":"https:\/\/olgafertilityclinic.com\/de\/wp-json\/wp\/v2\/pages\/5964"}],"collection":[{"href":"https:\/\/olgafertilityclinic.com\/de\/wp-json\/wp\/v2\/pages"}],"about":[{"href":"https:\/\/olgafertilityclinic.com\/de\/wp-json\/wp\/v2\/types\/page"}],"author":[{"embeddable":true,"href":"https:\/\/olgafertilityclinic.com\/de\/wp-json\/wp\/v2\/users\/1"}],"replies":[{"embeddable":true,"href":"https:\/\/olgafertilityclinic.com\/de\/wp-json\/wp\/v2\/comments?post=5964"}],"version-history":[{"count":0,"href":"https:\/\/olgafertilityclinic.com\/de\/wp-json\/wp\/v2\/pages\/5964\/revisions"}],"up":[{"embeddable":true,"href":"https:\/\/olgafertilityclinic.com\/de\/wp-json\/wp\/v2\/pages\/5957"}],"wp:attachment":[{"href":"https:\/\/olgafertilityclinic.com\/de\/wp-json\/wp\/v2\/media?parent=5964"}],"wp:term":[{"taxonomy":"post_tag","embeddable":true,"href":"https:\/\/olgafertilityclinic.com\/de\/wp-json\/wp\/v2\/tags?post=5964"}],"curies":[{"name":"wp","href":"https:\/\/api.w.org\/{rel}","templated":true}]}}