{"id":5966,"date":"2020-06-15T12:00:00","date_gmt":"2020-06-15T12:00:00","guid":{"rendered":"https:\/\/olgafertilityclinic.com\/the_way\/"},"modified":"2020-06-15T12:00:00","modified_gmt":"2020-06-15T12:00:00","slug":"the_way","status":"publish","type":"page","link":"https:\/\/olgafertilityclinic.com\/de\/physiology\/the_way\/","title":{"rendered":"Wie beginnt eine Schwangerschaft?"},"content":{"rendered":"<p><P style=\"TEXT-ALIGN: justify\"><B>1. Schritt:<\/B> <A title=\"follicle stimulating hormone FSH\" href=\"\/en\/terminology\/#27\">FSH<\/A> stimuliert in&nbsp;der ersten Zyklush\u00e4lfte das Wachstum eines winzigen Eibl\u00e4schens (<a title=\"Follicle\" href=\"\/de\/terminology\/#25\" target=\"_self\" rel=\"noopener noreferrer\"><FONT color=#ff9900>Follikel<\/FONT><\/A>) im Eierstock. Dieses Eibl\u00e4schen enth\u00e4lt eine Eizelle (<a href=\"\/de\/terminology\/#48\" target=\"_self\" rel=\"noopener noreferrer\"><FONT color=#ff9900>Oozyte<\/FONT><\/A>). Die Follikelzellen produzieren weibliche Sexualhormone (<a href=\"\/de\/terminology\/#48\" target=\"_self\" rel=\"noopener noreferrer\"><FONT color=#ff9900>\u00d6strogene<\/FONT><\/A>), die ihrerseits wiederum das Wachstum der Geb\u00e4rmutterschleimhaut (<a title=\"Endometrium\" href=\"\/de\/terminology\/#e\" target=\"_self\" rel=\"noopener noreferrer\"><FONT color=#ff9900>Endometrium<\/FONT><\/A>) anregen (Abb. 1). <\/P> <P style=\"TEXT-ALIGN: justify\"><B>2. Schritt:<\/B> Sobald eine Eizelle fertig herangereift ist, l\u00f6st ein rascher Anstieg des <a title=\"LH\" href=\"\/de\/terminology\/#13\" target=\"_self\" rel=\"noopener noreferrer\">LH<\/A> den Eisprung  (<a title=\"Ovulation\" href=\"\/de\/terminology\/#48\" target=\"_self\" rel=\"noopener noreferrer\"><FONT color=#ff9900>Ovulation<\/FONT><\/A>) aus. Normalerweise geschieht dies um den 14.-16. Zyklustag. Das Eibl\u00e4schen platzt auf und die befruchtungsf\u00e4hige Eizelle wandert in&nbsp;die Eileiter. Die aus diesem Vorgang  entstehende Form des Follikels wird Corpus luteum (<a title=\"Yellow body\" href=\"\/de\/terminology\/#65\" target=\"_self\" rel=\"noopener noreferrer\"><FONT color=#ff9900>Gelbk\u00f6rper<\/FONT><\/A>) genannt. Der Gelbk\u00f6rper produziert das Hormon <a title=\"Progesterone\" href=\"\/de\/terminology\/#53\" target=\"_self\" rel=\"noopener noreferrer\"><FONT color=#ff9900>Progesteron<\/FONT><\/A>, welches die Geb\u00e4rmutter auf eine m\u00f6gliche Empf\u00e4ngnis vorbereitet.   <\/P> <P style=\"MARGIN-BOTTOM: 12pt; TEXT-ALIGN: justify\"><B>3. Schritt:  <\/B> Die Eizelle bewegt sich durch die Eileiter hindurch in&nbsp;Richtung Geb\u00e4rmutter und wird noch im Eileiter befruchtet. Es schafft immer nur eine einzige Samenzelle (Spermium), die H\u00fclle der Eizelle zu durchdringen.     <\/P> <P><IMG class=ui alt=\"\" src=\"http:\/\/avapeter.com\/i\/upload\/61f59f51.gif\" width=400 border=0><\/P> <P><STRONG>Abb. 1. Bef\\ginn einer Schwangerschaft.<\/STRONG><\/P> <P><STRONG><\/STRONG> <\/P> <P style=\"TEXT-ALIGN: justify\">Das genetische Material von  Mutter und Vater verschmelzen miteinander und ein neues Leben entsteht. In&nbsp;diesem Moment wird ein so&nbsp;genannter <a title=\"Zygote\" href=\"\/de\/terminology\/#66\" target=\"_self\" rel=\"noopener noreferrer\"><FONT color=#ff9900>Zygote<\/FONT><\/A> geschaffen und die Entwicklung des <a title=\"Embryo\" href=\"\/de\/terminology\/#17\" target=\"_self\" rel=\"noopener noreferrer\"><FONT color=#ff9900>Embryos<\/FONT><\/A><FONT color=#ff9900> <\/FONT>beginnt.  <\/P> <P style=\"TEXT-ALIGN: justify\"><STRONG>4. Schritt:<\/STRONG> Die ersten Zellteilungen finden statt, w\u00e4hrend der Embryo sich in&nbsp;Richtung Geb\u00e4rmutter bewegt. Unmittelbar bevor er die Geb\u00e4rmutter erreicht, schl\u00fcpft der Embryo aus der Eih\u00fclle.   <\/P> <P style=\"TEXT-ALIGN: justify\"><STRONG>5.<\/STRONG> Schritt: Am 6.-8. Tag nach der Befruchtung erreicht der Embryo die Geb\u00e4rmutter und nistet sich dort in&nbsp;der n\u00e4hrstoffreichen Schleimhaut ein; dieser Vorgang wird <a href=\"\/de\/terminology\/#36\" target=\"_self\" rel=\"noopener noreferrer\"><FONT color=#ff9900>Implantation<\/FONT><\/A>, bzw. Einnistung genannt. <\/P> <P style=\"TEXT-ALIGN: justify\">Sowohl der Embryo als auch sp\u00e4ter die <a title=\"Placenta\" href=\"\/de\/terminology\/#51\" target=\"_self\" rel=\"noopener noreferrer\"><FONT color=#ff9900>Plazenta<\/FONT><\/A>, (Mutterkuchen) produzieren Hormone, die gleich zu Beginn schwangerschaftserhaltend wirken. Kommt es zu keiner Befruchtung oder schafft es der Embryo nicht, die Geb\u00e4rmutter zu erreichen, so&nbsp;wird die Geb\u00e4rmutterschleimhaut mit der Regelblutung wieder abgesto\u00dfen und der Zyklus beginnt von neuem. <\/P> <P style=\"TEXT-ALIGN: justify\">Auch wenn die Hormone gut aufeinander abgestimmt wirksam werden, ist eine erfolgreiche Empf\u00e4ngnis kein einfacher Vorgang. Bei jungen gesunden Paaren liegt die Empf\u00e4ngnisrate pro Monatszyklus bei ungesch\u00fctztem Geschlechtsverkehr bei unter 20 Prozent. Es gibt verschiedene Ursachen f\u00fcr so&nbsp;eine niedrige Rate, so&nbsp;k\u00f6nnen z.B. die Reifung der Eizelle oder das Zusammenspiel der Hormone gest\u00f6rt sein. Die Befruchtung ist m\u00f6glicherweise nicht erfolgreich verlaufen, weil es einfach nicht der richtige Zeitpunkt war oder die Zellteilung des Embryos war fehlerhaft, so&nbsp;dass er sich nicht in&nbsp;der Geb\u00e4rmutter einnisten konnte. Daher sprechen wir erst von Unfruchtbarkeit (<a href=\"\/de\/terminology\/#36\" target=\"_self\" rel=\"noopener noreferrer\"><FONT color=#ff9900>Infertilit\u00e4t<\/FONT><\/A>), wenn es trotz ungesch\u00fctzten Geschlechtsverkehrs nicht innerhalb von 12 Monaten oder dar\u00fcber hinaus zu einer Schwangerschaft kommt.     <\/P> <P> <\/P><\/p>\n","protected":false},"excerpt":{"rendered":"<p>1. Schritt: FSH stimuliert in&nbsp;der ersten Zyklush\u00e4lfte das Wachstum eines winzigen Eibl\u00e4schens (Follikel) im Eierstock. Dieses Eibl\u00e4schen enth\u00e4lt eine Eizelle (Oozyte). Die Follikelzellen produzieren weibliche Sexualhormone (\u00d6strogene), die ihrerseits wiederum das Wachstum der Geb\u00e4rmutterschleimhaut (Endometrium) anregen (Abb. 1). 2. Schritt: Sobald eine Eizelle fertig herangereift ist, l\u00f6st ein rascher Anstieg des LH den Eisprung (Ovulation)<\/p>\n","protected":false},"author":1,"featured_media":0,"parent":5957,"menu_order":2,"comment_status":"closed","ping_status":"open","template":"","meta":{"footnotes":""},"tags":[],"acf":[],"yoast_head":"<!-- This site is optimized with the Yoast SEO plugin v18.6 - https:\/\/yoast.com\/wordpress\/plugins\/seo\/ -->\n<title>Wie beginnt eine Schwangerschaft? - O.L.G.A. Fertility<\/title>\n<meta name=\"robots\" content=\"index, follow, max-snippet:-1, max-image-preview:large, max-video-preview:-1\" \/>\n<link rel=\"canonical\" href=\"https:\/\/olgafertilityclinic.com\/de\/physiology\/the_way\/\" \/>\n<meta property=\"og:locale\" content=\"de_DE\" \/>\n<meta property=\"og:type\" content=\"article\" \/>\n<meta property=\"og:title\" content=\"Wie beginnt eine Schwangerschaft? - O.L.G.A. Fertility\" \/>\n<meta property=\"og:description\" content=\"1. Schritt: FSH stimuliert in&nbsp;der ersten Zyklush\u00e4lfte das Wachstum eines winzigen Eibl\u00e4schens (Follikel) im Eierstock. Dieses Eibl\u00e4schen enth\u00e4lt eine Eizelle (Oozyte). Die Follikelzellen produzieren weibliche Sexualhormone (\u00d6strogene), die ihrerseits wiederum das Wachstum der Geb\u00e4rmutterschleimhaut (Endometrium) anregen (Abb. 1). 2. Schritt: Sobald eine Eizelle fertig herangereift ist, l\u00f6st ein rascher Anstieg des LH den Eisprung (Ovulation)\" \/>\n<meta property=\"og:url\" content=\"https:\/\/olgafertilityclinic.com\/de\/physiology\/the_way\/\" \/>\n<meta property=\"og:site_name\" content=\"O.L.G.A. Fertility\" \/>\n<meta name=\"twitter:card\" content=\"summary_large_image\" \/>\n<meta name=\"twitter:label1\" content=\"Gesch\u00e4tzte Lesezeit\" \/>\n\t<meta name=\"twitter:data1\" content=\"2\u00a0Minuten\" \/>\n<script type=\"application\/ld+json\" class=\"yoast-schema-graph\">{\"@context\":\"https:\/\/schema.org\",\"@graph\":[{\"@type\":\"WebSite\",\"@id\":\"https:\/\/olgafertilityclinic.com\/de\/#website\",\"url\":\"https:\/\/olgafertilityclinic.com\/de\/\",\"name\":\"O.L.G.A. Fertility\",\"description\":\"Cyprus  and St. Petersburg\",\"potentialAction\":[{\"@type\":\"SearchAction\",\"target\":{\"@type\":\"EntryPoint\",\"urlTemplate\":\"https:\/\/olgafertilityclinic.com\/de\/?s={search_term_string}\"},\"query-input\":\"required name=search_term_string\"}],\"inLanguage\":\"de\"},{\"@type\":\"WebPage\",\"@id\":\"https:\/\/olgafertilityclinic.com\/de\/physiology\/the_way\/#webpage\",\"url\":\"https:\/\/olgafertilityclinic.com\/de\/physiology\/the_way\/\",\"name\":\"Wie beginnt eine Schwangerschaft? - O.L.G.A. Fertility\",\"isPartOf\":{\"@id\":\"https:\/\/olgafertilityclinic.com\/de\/#website\"},\"datePublished\":\"2020-06-15T12:00:00+00:00\",\"dateModified\":\"2020-06-15T12:00:00+00:00\",\"breadcrumb\":{\"@id\":\"https:\/\/olgafertilityclinic.com\/de\/physiology\/the_way\/#breadcrumb\"},\"inLanguage\":\"de\",\"potentialAction\":[{\"@type\":\"ReadAction\",\"target\":[\"https:\/\/olgafertilityclinic.com\/de\/physiology\/the_way\/\"]}]},{\"@type\":\"BreadcrumbList\",\"@id\":\"https:\/\/olgafertilityclinic.com\/de\/physiology\/the_way\/#breadcrumb\",\"itemListElement\":[{\"@type\":\"ListItem\",\"position\":1,\"name\":\"Home\",\"item\":\"https:\/\/olgafertilityclinic.com\/de\/\"},{\"@type\":\"ListItem\",\"position\":2,\"name\":\"Die Fortpflanzungsphysiologie des Menschen\",\"item\":\"https:\/\/olgafertilityclinic.com\/de\/physiology\/\"},{\"@type\":\"ListItem\",\"position\":3,\"name\":\"Wie beginnt eine Schwangerschaft?\"}]}]}<\/script>\n<!-- \/ Yoast SEO plugin. -->","yoast_head_json":{"title":"Wie beginnt eine Schwangerschaft? - O.L.G.A. Fertility","robots":{"index":"index","follow":"follow","max-snippet":"max-snippet:-1","max-image-preview":"max-image-preview:large","max-video-preview":"max-video-preview:-1"},"canonical":"https:\/\/olgafertilityclinic.com\/de\/physiology\/the_way\/","og_locale":"de_DE","og_type":"article","og_title":"Wie beginnt eine Schwangerschaft? - O.L.G.A. Fertility","og_description":"1. Schritt: FSH stimuliert in&nbsp;der ersten Zyklush\u00e4lfte das Wachstum eines winzigen Eibl\u00e4schens (Follikel) im Eierstock. Dieses Eibl\u00e4schen enth\u00e4lt eine Eizelle (Oozyte). Die Follikelzellen produzieren weibliche Sexualhormone (\u00d6strogene), die ihrerseits wiederum das Wachstum der Geb\u00e4rmutterschleimhaut (Endometrium) anregen (Abb. 1). 2. Schritt: Sobald eine Eizelle fertig herangereift ist, l\u00f6st ein rascher Anstieg des LH den Eisprung (Ovulation)","og_url":"https:\/\/olgafertilityclinic.com\/de\/physiology\/the_way\/","og_site_name":"O.L.G.A. Fertility","twitter_card":"summary_large_image","twitter_misc":{"Gesch\u00e4tzte Lesezeit":"2\u00a0Minuten"},"schema":{"@context":"https:\/\/schema.org","@graph":[{"@type":"WebSite","@id":"https:\/\/olgafertilityclinic.com\/de\/#website","url":"https:\/\/olgafertilityclinic.com\/de\/","name":"O.L.G.A. Fertility","description":"Cyprus  and St. Petersburg","potentialAction":[{"@type":"SearchAction","target":{"@type":"EntryPoint","urlTemplate":"https:\/\/olgafertilityclinic.com\/de\/?s={search_term_string}"},"query-input":"required name=search_term_string"}],"inLanguage":"de"},{"@type":"WebPage","@id":"https:\/\/olgafertilityclinic.com\/de\/physiology\/the_way\/#webpage","url":"https:\/\/olgafertilityclinic.com\/de\/physiology\/the_way\/","name":"Wie beginnt eine Schwangerschaft? - O.L.G.A. Fertility","isPartOf":{"@id":"https:\/\/olgafertilityclinic.com\/de\/#website"},"datePublished":"2020-06-15T12:00:00+00:00","dateModified":"2020-06-15T12:00:00+00:00","breadcrumb":{"@id":"https:\/\/olgafertilityclinic.com\/de\/physiology\/the_way\/#breadcrumb"},"inLanguage":"de","potentialAction":[{"@type":"ReadAction","target":["https:\/\/olgafertilityclinic.com\/de\/physiology\/the_way\/"]}]},{"@type":"BreadcrumbList","@id":"https:\/\/olgafertilityclinic.com\/de\/physiology\/the_way\/#breadcrumb","itemListElement":[{"@type":"ListItem","position":1,"name":"Home","item":"https:\/\/olgafertilityclinic.com\/de\/"},{"@type":"ListItem","position":2,"name":"Die Fortpflanzungsphysiologie des Menschen","item":"https:\/\/olgafertilityclinic.com\/de\/physiology\/"},{"@type":"ListItem","position":3,"name":"Wie beginnt eine Schwangerschaft?"}]}]}},"_links":{"self":[{"href":"https:\/\/olgafertilityclinic.com\/de\/wp-json\/wp\/v2\/pages\/5966"}],"collection":[{"href":"https:\/\/olgafertilityclinic.com\/de\/wp-json\/wp\/v2\/pages"}],"about":[{"href":"https:\/\/olgafertilityclinic.com\/de\/wp-json\/wp\/v2\/types\/page"}],"author":[{"embeddable":true,"href":"https:\/\/olgafertilityclinic.com\/de\/wp-json\/wp\/v2\/users\/1"}],"replies":[{"embeddable":true,"href":"https:\/\/olgafertilityclinic.com\/de\/wp-json\/wp\/v2\/comments?post=5966"}],"version-history":[{"count":0,"href":"https:\/\/olgafertilityclinic.com\/de\/wp-json\/wp\/v2\/pages\/5966\/revisions"}],"up":[{"embeddable":true,"href":"https:\/\/olgafertilityclinic.com\/de\/wp-json\/wp\/v2\/pages\/5957"}],"wp:attachment":[{"href":"https:\/\/olgafertilityclinic.com\/de\/wp-json\/wp\/v2\/media?parent=5966"}],"wp:term":[{"taxonomy":"post_tag","embeddable":true,"href":"https:\/\/olgafertilityclinic.com\/de\/wp-json\/wp\/v2\/tags?post=5966"}],"curies":[{"name":"wp","href":"https:\/\/api.w.org\/{rel}","templated":true}]}}