{"id":5974,"date":"2020-06-15T12:00:00","date_gmt":"2020-06-15T12:00:00","guid":{"rendered":"https:\/\/olgafertilityclinic.com\/diagnostic1\/"},"modified":"2020-06-15T12:00:00","modified_gmt":"2020-06-15T12:00:00","slug":"diagnostic1","status":"publish","type":"page","link":"https:\/\/olgafertilityclinic.com\/de\/identifying\/diagnostic1\/","title":{"rendered":"Untersuchungsmethoden bei der Frau"},"content":{"rendered":"<p><P style=\"TEXT-ALIGN: justify\">An unserer Klinik f\u00fchren wir grunds\u00e4tzlich mit jedem Patienten ein eingehendes Gespr\u00e4ch, ehe wir mit der Diagnostik beginnen. Ein solches Gespr\u00e4ch ist unerl\u00e4sslich, um sich ein genaues Bild \u00fcber den bisherigen Verlauf der Fruchtbarkeitsst\u00f6rung zu verschaffen. Der Arzt oder die \u00c4rztin legt in&nbsp;jedem einzelnen Fall individuell fest, welche diagnostischen Ma&#223;nahmen am sinnvollsten und kosteng\u00fcnstigsten sind.  <\/P> <H2><I>Gyn\u00e4kologische Untersuchung<\/I> <\/H2> <P style=\"TEXT-ALIGN: justify\">Auff\u00e4lligkeiten oder Ver\u00e4nderungen an den Geschlechtsorganen, wie z.B. Myome, Zysten, Entz\u00fcndungen der Adnexen sowie Erkrankungen der Geb\u00e4rmutter- und Scheidenschleimhaut, die eine Unfruchtbarkeit bedingen k\u00f6nnen, werden festgestellt und es werden Proben f\u00fcr die Laboruntersuchungen entnommen. <\/P> <H2><I>Ultraschalluntersuchung<\/I> <\/H2> <P style=\"TEXT-ALIGN: justify\">Im n\u00e4chsten Schritt wird dann ein Ultraschallger\u00e4t eingesetzt, um die Fortpflanzungsorgane n\u00e4her zu untersuchen. Die Ultraschallkontrolle ist ein genaues, schmerzloses und kosten-g\u00fcnstiges Untersuchungsverfahren. <\/P> <H2><I>Hormonwertbestimmung <\/I><\/H2> <P style=\"TEXT-ALIGN: justify\">Um eine St\u00f6rung der Eizellreifung auszuschlie&#223;en, wird an bestimmten Tagen im Zyklus Blut entnommen, damit die Hormonspiegel bestimmt werden k\u00f6nnen. <\/P> <P style=\"TEXT-ALIGN: justify\">Am Anfang des Zyklus werden &#214;strogen <a title=\"LH - Luteinizing hormone\" href=\"\/de\/terminology\/#13\" target=\"_self\" rel=\"noopener noreferrer\"><FONT color=#ff9900>LH<\/FONT><\/A>, <a title=\"FSH\" href=\"\/de\/terminology\/#27\" target=\"_self\" rel=\"noopener noreferrer\"><FONT color=#ff9900>FSH<\/FONT><\/A>, <a href=\"\/de\/terminology\/\" target=\"_self\" rel=\"noopener noreferrer\"><FONT color=#ff9900>Androgene<\/FONT><\/A>, <a title=\"prolactin\" href=\"\/de\/terminology\/#54\" target=\"_self\" rel=\"noopener noreferrer\"><FONT color=#ff9900>Prolaktin<\/FONT><\/A> und <a href=\"\/de\/terminology\/#T\" target=\"_self\" rel=\"noopener noreferrer\"><FONT color=#ff9900>TSH<\/FONT><\/A> bestimmt. Falls erforderlich, werden <a title=\"estrogens\" href=\"\/de\/terminology\/#21\" target=\"_self\" rel=\"noopener noreferrer\"><FONT color=#ff9900>&#214;strogen<\/FONT><\/A><FONT color=#ff9900> <\/FONT>und <a title=\"progesterone\" href=\"\/de\/terminology\/#53\" target=\"_self\" rel=\"noopener noreferrer\"><FONT color=#ff9900>Progesteron<\/FONT><\/A> auch in&nbsp;der zweiten Zyklush\u00e4lfte gemessen.<\/P> <H2><I>Eileiteruntersuchung<\/I> <\/H2> <P style=\"TEXT-ALIGN: justify\">Eine m\u00f6gliche Sch\u00e4digung an den Eileitern kann durch die Nutzung von nichtinvasiven (bildgebende) oder invasiven (operative) Verfahren festgestellt werden. Zu den nichtinvasiven, bildgebenden Verfahren zur \u00dcberpr\u00fcfung der Geb\u00e4rmutter und der Eileiter z\u00e4hlen R\u00f6ntgen-aufnahmen und Ultraschallkontrollen. <\/P> <P style=\"TEXT-ALIGN: justify\">Ein Kontrastmittel wird verwendet, um ein besonders deutliches Bild zu erhalten (Abb. 1). <\/P> <P style=\"MARGIN: 0cm 0cm 0pt; TEXT-ALIGN: justify\"><\/P> <P class=fig style=\"MARGIN: auto 0cm; TEXT-ALIGN: justify\">Abb. 1: Eileiter, die zur besseren Darstellung mit Kontrastmittel gef\u00fcllt sind. <\/P> <P style=\"TEXT-ALIGN: justify\">Die Untersuchungen k\u00f6nnen <a href=\"\/de\/terminology\/#A\" target=\"_self\" rel=\"noopener noreferrer\"><FONT color=#ff9900>ambulant<\/FONT><\/A> durchgef\u00fchrt werden. Weil die Untersuchung insgesamt relativ schmerzhaft und unangenehm ist, wird sie unter Narkose vorgenommen.  <\/P> <P style=\"TEXT-ALIGN: justify\">Im Allgemeinen wird die Bauchspiegelung als ein noch genaueres Verfahren zur Untersuchung der Eileiter angesehen. Es wird dann eingesetzt, wenn das mit Kontrastmittel erzielte Ergebnis nicht aussagekr\u00e4ftig genug war.  <\/P> <H2><I>Bauchspiegelung (Laparoskopie)<\/I> <\/H2> <P style=\"TEXT-ALIGN: justify\">Die Bauchspiegelung wird unter Narkose durchgef\u00fchrt. Zuerst wird durch einen kleinen Bauch-schnitt das Laparoskop in&nbsp;die Bauchh\u00f6hle eingef\u00fchrt. Beim Laparoskop handelt es sich um ein r\u00f6hrenf\u00f6rmiges Instrument, an dessen Ende eine Kamera befestigt ist, die an einen Monitor angeschlossen ist. Dadurch ist es m\u00f6glich, ein sehr genaues Bild von den Fortpflanzungsorganen auf den Monitor zu \u00fcbertragen. <\/P> <P style=\"TEXT-ALIGN: justify\">W\u00e4hrend der Bauchspiegelung k\u00f6nnen auch andere notwendige Eingriffe vorgenommen werden, es k\u00f6nnen z.B. Zysten oder Endometrioseherde operiert oder Verwachsungen entfernt werden. Im Laufe dieser Untersuchung treten Komplikationen sehr selten auf.  Wenn eine Bauch-spiegelung aus therapeutisch Sicht sinnvoll erscheint, werden die m\u00f6glichen Risiken und Komplikationen vorher in&nbsp;allen Einzelheiten mit der Patientin durchgesprochen. <\/P> <H2><I>Geb\u00e4rmutterspiegelung<\/I> <\/H2> <P style=\"TEXT-ALIGN: justify\">Die Geb\u00e4rmutterspiegelung wird angewendet, um Myome sowie Ver\u00e4nderungen an der Schleimhaut festzustellen. Hierzu wird eine feine Sonde \u00fcber die Scheide in&nbsp;die Geb\u00e4rmutter eingef\u00fchrt. Mit dieser Methode k\u00f6nnen der Zustand der Geb\u00e4rmutter und die Abg\u00e4nge der Eileiter \u00fcberpr\u00fcft werden. Wenn notwendig k\u00f6nnen sogar Operationen durchgef\u00fchrt werden.  <\/P> <H2><I>Genetische Untersuchung<\/I> <\/H2> <P style=\"TEXT-ALIGN: justify\">Genetische Ursachen f\u00fcr die Unfruchtbarkeit finden sich bei M\u00e4nnern h\u00e4ufiger als bei Frauen. Durch eine Untersuchung des ven\u00f6sen Bluts, die in&nbsp;unserem eigenen medizinisch-genetischen Labor durchgef\u00fchrt werden kann,  k\u00f6nnen genetische Auff\u00e4lligkeiten festgestellt werden. Ehe die genetische Untersuchung stattfindet, erfolgt als erster Schritt eine <a href=\"\/de\/identifying\/medical_genetic\/\" target=\"_self\" rel=\"noopener noreferrer\">genetische Beratung<\/A>.<\/P><\/p>\n","protected":false},"excerpt":{"rendered":"<p>An unserer Klinik f\u00fchren wir grunds\u00e4tzlich mit jedem Patienten ein eingehendes Gespr\u00e4ch, ehe wir mit der Diagnostik beginnen. Ein solches Gespr\u00e4ch ist unerl\u00e4sslich, um sich ein genaues Bild \u00fcber den bisherigen Verlauf der Fruchtbarkeitsst\u00f6rung zu verschaffen. Der Arzt oder die \u00c4rztin legt in&nbsp;jedem einzelnen Fall individuell fest, welche diagnostischen Ma&#223;nahmen am sinnvollsten und kosteng\u00fcnstigsten sind.<\/p>\n","protected":false},"author":1,"featured_media":0,"parent":5951,"menu_order":3,"comment_status":"closed","ping_status":"open","template":"","meta":{"footnotes":""},"tags":[],"acf":[],"yoast_head":"<!-- This site is optimized with the Yoast SEO plugin v18.6 - https:\/\/yoast.com\/wordpress\/plugins\/seo\/ -->\n<title>Untersuchungsmethoden bei der Frau - O.L.G.A. Fertility<\/title>\n<meta name=\"robots\" content=\"index, follow, max-snippet:-1, max-image-preview:large, max-video-preview:-1\" \/>\n<link rel=\"canonical\" href=\"https:\/\/olgafertilityclinic.com\/de\/identifying\/diagnostic1\/\" \/>\n<meta property=\"og:locale\" content=\"de_DE\" \/>\n<meta property=\"og:type\" content=\"article\" \/>\n<meta property=\"og:title\" content=\"Untersuchungsmethoden bei der Frau - O.L.G.A. Fertility\" \/>\n<meta property=\"og:description\" content=\"An unserer Klinik f\u00fchren wir grunds\u00e4tzlich mit jedem Patienten ein eingehendes Gespr\u00e4ch, ehe wir mit der Diagnostik beginnen. Ein solches Gespr\u00e4ch ist unerl\u00e4sslich, um sich ein genaues Bild \u00fcber den bisherigen Verlauf der Fruchtbarkeitsst\u00f6rung zu verschaffen. Der Arzt oder die \u00c4rztin legt in&nbsp;jedem einzelnen Fall individuell fest, welche diagnostischen Ma&#223;nahmen am sinnvollsten und kosteng\u00fcnstigsten sind.\" \/>\n<meta property=\"og:url\" content=\"https:\/\/olgafertilityclinic.com\/de\/identifying\/diagnostic1\/\" \/>\n<meta property=\"og:site_name\" content=\"O.L.G.A. Fertility\" \/>\n<meta name=\"twitter:card\" content=\"summary_large_image\" \/>\n<meta name=\"twitter:label1\" content=\"Gesch\u00e4tzte Lesezeit\" \/>\n\t<meta name=\"twitter:data1\" content=\"3\u00a0Minuten\" \/>\n<script type=\"application\/ld+json\" class=\"yoast-schema-graph\">{\"@context\":\"https:\/\/schema.org\",\"@graph\":[{\"@type\":\"WebSite\",\"@id\":\"https:\/\/olgafertilityclinic.com\/de\/#website\",\"url\":\"https:\/\/olgafertilityclinic.com\/de\/\",\"name\":\"O.L.G.A. Fertility\",\"description\":\"Cyprus  and St. Petersburg\",\"potentialAction\":[{\"@type\":\"SearchAction\",\"target\":{\"@type\":\"EntryPoint\",\"urlTemplate\":\"https:\/\/olgafertilityclinic.com\/de\/?s={search_term_string}\"},\"query-input\":\"required name=search_term_string\"}],\"inLanguage\":\"de\"},{\"@type\":\"WebPage\",\"@id\":\"https:\/\/olgafertilityclinic.com\/de\/identifying\/diagnostic1\/#webpage\",\"url\":\"https:\/\/olgafertilityclinic.com\/de\/identifying\/diagnostic1\/\",\"name\":\"Untersuchungsmethoden bei der Frau - O.L.G.A. Fertility\",\"isPartOf\":{\"@id\":\"https:\/\/olgafertilityclinic.com\/de\/#website\"},\"datePublished\":\"2020-06-15T12:00:00+00:00\",\"dateModified\":\"2020-06-15T12:00:00+00:00\",\"breadcrumb\":{\"@id\":\"https:\/\/olgafertilityclinic.com\/de\/identifying\/diagnostic1\/#breadcrumb\"},\"inLanguage\":\"de\",\"potentialAction\":[{\"@type\":\"ReadAction\",\"target\":[\"https:\/\/olgafertilityclinic.com\/de\/identifying\/diagnostic1\/\"]}]},{\"@type\":\"BreadcrumbList\",\"@id\":\"https:\/\/olgafertilityclinic.com\/de\/identifying\/diagnostic1\/#breadcrumb\",\"itemListElement\":[{\"@type\":\"ListItem\",\"position\":1,\"name\":\"Home\",\"item\":\"https:\/\/olgafertilityclinic.com\/de\/\"},{\"@type\":\"ListItem\",\"position\":2,\"name\":\"M\u00f6gliche Ursachen der Kinderlosigkeit\",\"item\":\"https:\/\/olgafertilityclinic.com\/de\/identifying\/\"},{\"@type\":\"ListItem\",\"position\":3,\"name\":\"Untersuchungsmethoden bei der Frau\"}]}]}<\/script>\n<!-- \/ Yoast SEO plugin. -->","yoast_head_json":{"title":"Untersuchungsmethoden bei der Frau - O.L.G.A. Fertility","robots":{"index":"index","follow":"follow","max-snippet":"max-snippet:-1","max-image-preview":"max-image-preview:large","max-video-preview":"max-video-preview:-1"},"canonical":"https:\/\/olgafertilityclinic.com\/de\/identifying\/diagnostic1\/","og_locale":"de_DE","og_type":"article","og_title":"Untersuchungsmethoden bei der Frau - O.L.G.A. Fertility","og_description":"An unserer Klinik f\u00fchren wir grunds\u00e4tzlich mit jedem Patienten ein eingehendes Gespr\u00e4ch, ehe wir mit der Diagnostik beginnen. Ein solches Gespr\u00e4ch ist unerl\u00e4sslich, um sich ein genaues Bild \u00fcber den bisherigen Verlauf der Fruchtbarkeitsst\u00f6rung zu verschaffen. Der Arzt oder die \u00c4rztin legt in&nbsp;jedem einzelnen Fall individuell fest, welche diagnostischen Ma&#223;nahmen am sinnvollsten und kosteng\u00fcnstigsten sind.","og_url":"https:\/\/olgafertilityclinic.com\/de\/identifying\/diagnostic1\/","og_site_name":"O.L.G.A. Fertility","twitter_card":"summary_large_image","twitter_misc":{"Gesch\u00e4tzte Lesezeit":"3\u00a0Minuten"},"schema":{"@context":"https:\/\/schema.org","@graph":[{"@type":"WebSite","@id":"https:\/\/olgafertilityclinic.com\/de\/#website","url":"https:\/\/olgafertilityclinic.com\/de\/","name":"O.L.G.A. Fertility","description":"Cyprus  and St. Petersburg","potentialAction":[{"@type":"SearchAction","target":{"@type":"EntryPoint","urlTemplate":"https:\/\/olgafertilityclinic.com\/de\/?s={search_term_string}"},"query-input":"required name=search_term_string"}],"inLanguage":"de"},{"@type":"WebPage","@id":"https:\/\/olgafertilityclinic.com\/de\/identifying\/diagnostic1\/#webpage","url":"https:\/\/olgafertilityclinic.com\/de\/identifying\/diagnostic1\/","name":"Untersuchungsmethoden bei der Frau - O.L.G.A. Fertility","isPartOf":{"@id":"https:\/\/olgafertilityclinic.com\/de\/#website"},"datePublished":"2020-06-15T12:00:00+00:00","dateModified":"2020-06-15T12:00:00+00:00","breadcrumb":{"@id":"https:\/\/olgafertilityclinic.com\/de\/identifying\/diagnostic1\/#breadcrumb"},"inLanguage":"de","potentialAction":[{"@type":"ReadAction","target":["https:\/\/olgafertilityclinic.com\/de\/identifying\/diagnostic1\/"]}]},{"@type":"BreadcrumbList","@id":"https:\/\/olgafertilityclinic.com\/de\/identifying\/diagnostic1\/#breadcrumb","itemListElement":[{"@type":"ListItem","position":1,"name":"Home","item":"https:\/\/olgafertilityclinic.com\/de\/"},{"@type":"ListItem","position":2,"name":"M\u00f6gliche Ursachen der Kinderlosigkeit","item":"https:\/\/olgafertilityclinic.com\/de\/identifying\/"},{"@type":"ListItem","position":3,"name":"Untersuchungsmethoden bei der Frau"}]}]}},"_links":{"self":[{"href":"https:\/\/olgafertilityclinic.com\/de\/wp-json\/wp\/v2\/pages\/5974"}],"collection":[{"href":"https:\/\/olgafertilityclinic.com\/de\/wp-json\/wp\/v2\/pages"}],"about":[{"href":"https:\/\/olgafertilityclinic.com\/de\/wp-json\/wp\/v2\/types\/page"}],"author":[{"embeddable":true,"href":"https:\/\/olgafertilityclinic.com\/de\/wp-json\/wp\/v2\/users\/1"}],"replies":[{"embeddable":true,"href":"https:\/\/olgafertilityclinic.com\/de\/wp-json\/wp\/v2\/comments?post=5974"}],"version-history":[{"count":0,"href":"https:\/\/olgafertilityclinic.com\/de\/wp-json\/wp\/v2\/pages\/5974\/revisions"}],"up":[{"embeddable":true,"href":"https:\/\/olgafertilityclinic.com\/de\/wp-json\/wp\/v2\/pages\/5951"}],"wp:attachment":[{"href":"https:\/\/olgafertilityclinic.com\/de\/wp-json\/wp\/v2\/media?parent=5974"}],"wp:term":[{"taxonomy":"post_tag","embeddable":true,"href":"https:\/\/olgafertilityclinic.com\/de\/wp-json\/wp\/v2\/tags?post=5974"}],"curies":[{"name":"wp","href":"https:\/\/api.w.org\/{rel}","templated":true}]}}