{"id":5976,"date":"2020-06-15T12:00:00","date_gmt":"2020-06-15T12:00:00","guid":{"rendered":"https:\/\/olgafertilityclinic.com\/medical_genetic\/"},"modified":"2020-06-15T12:00:00","modified_gmt":"2020-06-15T12:00:00","slug":"medical_genetic","status":"publish","type":"page","link":"https:\/\/olgafertilityclinic.com\/de\/identifying\/medical_genetic\/","title":{"rendered":"Genetische Beratung"},"content":{"rendered":"<p><P style=\"TEXT-ALIGN: justify\">Durch die Forschung gewinnen wir st\u00e4ndig neue Erkenntnisse \u00fcber die Identit\u00e4t, die Rolle und die Funktion der menschlichen Gene ebenso wie \u00fcber ihre m\u00f6glichen Modifikationen, d.h. Ver\u00e4nderungen, die zu erblichen Erkrankungen f\u00fchren. Genetische Beratung und medizinisch-genetische Diagnostik helfen uns dabei, diese St\u00f6rungen aufzudecken und ein geeignetes Verfahren auszuw\u00e4hlen. Am Anfang dieses Prozesses steht die genetische Beratung. <\/P> <P style=\"TEXT-ALIGN: justify\">An unserer Klinik bieten wir eine genetische Beratung f\u00fcr Patienten mit unerf\u00fclltem Kinder-wunsch oder f\u00fcr Paare an, die ein hohes Risiko tragen, dass ihr Kind an einer erblichbedingten Erkrankung leiden wird. <\/P> <P style=\"TEXT-ALIGN: justify\">In&nbsp;den letzten Jahren sind immer mehr genetische Ursachen f\u00fcr die Unfruchtbarkeit bei Mann und Frau bekannt geworden. Verschiedene genetische Untersuchungs-verfahren, wie z.B. Screening nach Chromosomenst\u00f6rungen (Karyotypisierung) beider Partner, molekulargenetische Diagnostik, vorgeburtliche, d.h. <a title=\"prenatal diagnostics\" href=\"\/de\/prenatal\/\" target=\"_self\" rel=\"noopener noreferrer\">Pr\u00e4nataldiagnostik<\/A> und <a href=\"\/de\/preimplantation\/\" target=\"_self\" rel=\"noopener noreferrer\"><FONT color=#ff9900>genetische Pr\u00e4implantationsdiagnostik <\/FONT><\/A>k\u00f6nnen an unserer Klinik durchgef\u00fchrt werden.<\/P> <P style=\"TEXT-ALIGN: justify\">&nbsp;<\/P> <H2><I>Was ist genetische Beratung?<\/I> <\/H2> <OL type=1> <LI >Feststellung, ob die Unfruchtbarkeit eine genetische Ursache hat, <\/LI> <LI >Bewertung des Risikos von erblichen Krankheiten und\/oder Unfruchtbarkeit beim Kind, <\/LI> <LI >Vermeidung von erblichen Krankheiten und\/oder Unfruchtbarkeit beim Kind, <\/LI> <LI >Beratung zu vielf\u00e4ltigen Fragen, die sich im Zusammenhang mit der Erkrankung aus medizinischer, psychologischer und sozialer Sicht stellen. <\/LI><\/OL> <P style=\"TEXT-ALIGN: justify\">Wir unterst\u00fctzen die Patienten darin, ihre eigene Entscheidung zu treffen. Wir stellen ihnen alle notwendigen Informationen zur Verf\u00fcgung. Jeder sollte sich der Tatsache bewusst sein, dass es sich in&nbsp;diesen F\u00e4llen um eine sehr pers\u00f6nliche Entscheidung handelt, die nicht von irgend-welchen \u00fcbergeordneten Fragestellungen abh\u00e4ngig ist. Der Beitrag des Arztes oder der \u00c4rztin wir sehen darin, alle Fragen verst\u00e4ndlich anzusprechen, und dar\u00fcber hinaus der Patientin\/dem Patienten und ihren\/seinen Verwandten sofern erforderlich zu empfehlen, sich weiteren Untersuchungen zu unterziehen. Die haupts\u00e4chlich angewendeten Untersuchungsver-fahren umfassen die Pr\u00e4nataldiagnostik, genetische Pr\u00e4implantationsdiagnostik, Karyotypi-sierung sowie molekulargenetische Analysemethoden. Die Patienten erhalten genaueste und ehrliche Informationen zu den Vorteilen und Risiken der einzelnen Untersuchungen, die alle an unserer Klinik durchgef\u00fchrt werden k\u00f6nnen. <\/P> <H2><I>Zytogenetische Methode (Karyotypisierung)<\/I> <\/H2> <P>Jeder lebende Organismus hat einen bestimmten Satz an Chromosomen, der Karyotyp genannt wird. Ein Karyotyp besteht aus 46 Chromosomen \u2013 davon sind 22 Paare <B ><a href=\"\/de\/terminology\/#A\" target=\"_self\" rel=\"noopener noreferrer\">Autosome<\/A><\/B> und ein Paar Geschlechtschromosome. Frauen besitzen zwei X-Chromosome (Karyotyp: 46, XY), w\u00e4hrend M\u00e4nner ein X-Chromosom und ein Y-Chromosom haben (Karyotyp: 46, XY). Jedes Chromosom enth\u00e4lt Gene mit Erbinformationen. Ein Karyotyp kann mittels zytogenetischer und molekular-genetischer Analysemethoden untersucht werden.&nbsp;&nbsp;&nbsp; &nbsp;<\/P> <P style=\"TEXT-ALIGN: justify\">Bei der Karyotypisierung handelt es sich um ein zytogenetisches Analyseverfahren zur Er-kennung von quantitativen und strukturellen <a title=\"Aberration in&nbsp;chromosomes\" href=\"\/de\/terminology\/#67\" target=\"_self\" rel=\"noopener noreferrer\">Chromosomenaberrationen<\/A>. Diese Chromosomen-fehlbildungen k\u00f6nnen die Ursache f\u00fcr Unfruchtbarkeit, wiederholte Fehlgeburten und erbliche Erkrankungen beim Kind sein. &nbsp;<\/P> <H2><I>Molekulargenetische Diagnostik<\/I> <\/H2> <P style=\"TEXT-ALIGN: justify\">Erbliche Erkrankungen sind oft &nbsp;auf eine Ver\u00e4nderung in&nbsp;einem DNA-Molek\u00fcl zur\u00fcckzuf\u00fchren. Wenn ein gr\u00f6&#223;eres DNA-Areal (Chromosomenscheibe) betroffen ist, kann dies unter dem Mikroskop erkannt werden. In&nbsp;einem solchen Fall reichen zytogenetische Verfahren (Karyotypisierung) aus, um eine Diagnose zu stellen zu k\u00f6nnen. Sofern ein kleinerer Bereich der DNA (einzelnes Gen) ver\u00e4ndert ist, kann es sein, dass die Karyotypanalyse allein nicht ausreicht und zus\u00e4tzliche, molekulargenetische Untersuchungen durchgef\u00fchrt werden m\u00fcssen. Diese Verfahren erlauben es, auch nur die kleinsten Ver\u00e4nderungen in&nbsp;der DNA-Sequenz eines Gens aufzudecken<\/P><\/p>\n","protected":false},"excerpt":{"rendered":"<p>Durch die Forschung gewinnen wir st\u00e4ndig neue Erkenntnisse \u00fcber die Identit\u00e4t, die Rolle und die Funktion der menschlichen Gene ebenso wie \u00fcber ihre m\u00f6glichen Modifikationen, d.h. Ver\u00e4nderungen, die zu erblichen Erkrankungen f\u00fchren. Genetische Beratung und medizinisch-genetische Diagnostik helfen uns dabei, diese St\u00f6rungen aufzudecken und ein geeignetes Verfahren auszuw\u00e4hlen. Am Anfang dieses Prozesses steht die genetische<\/p>\n","protected":false},"author":1,"featured_media":0,"parent":5951,"menu_order":4,"comment_status":"closed","ping_status":"open","template":"","meta":{"footnotes":""},"tags":[],"acf":[],"yoast_head":"<!-- This site is optimized with the Yoast SEO plugin v18.6 - https:\/\/yoast.com\/wordpress\/plugins\/seo\/ -->\n<title>Genetische Beratung - O.L.G.A. Fertility<\/title>\n<meta name=\"robots\" content=\"index, follow, max-snippet:-1, max-image-preview:large, max-video-preview:-1\" \/>\n<link rel=\"canonical\" href=\"https:\/\/olgafertilityclinic.com\/de\/identifying\/medical_genetic\/\" \/>\n<meta property=\"og:locale\" content=\"de_DE\" \/>\n<meta property=\"og:type\" content=\"article\" \/>\n<meta property=\"og:title\" content=\"Genetische Beratung - O.L.G.A. Fertility\" \/>\n<meta property=\"og:description\" content=\"Durch die Forschung gewinnen wir st\u00e4ndig neue Erkenntnisse \u00fcber die Identit\u00e4t, die Rolle und die Funktion der menschlichen Gene ebenso wie \u00fcber ihre m\u00f6glichen Modifikationen, d.h. Ver\u00e4nderungen, die zu erblichen Erkrankungen f\u00fchren. Genetische Beratung und medizinisch-genetische Diagnostik helfen uns dabei, diese St\u00f6rungen aufzudecken und ein geeignetes Verfahren auszuw\u00e4hlen. Am Anfang dieses Prozesses steht die genetische\" \/>\n<meta property=\"og:url\" content=\"https:\/\/olgafertilityclinic.com\/de\/identifying\/medical_genetic\/\" \/>\n<meta property=\"og:site_name\" content=\"O.L.G.A. Fertility\" \/>\n<meta name=\"twitter:card\" content=\"summary_large_image\" \/>\n<meta name=\"twitter:label1\" content=\"Gesch\u00e4tzte Lesezeit\" \/>\n\t<meta name=\"twitter:data1\" content=\"3\u00a0Minuten\" \/>\n<script type=\"application\/ld+json\" class=\"yoast-schema-graph\">{\"@context\":\"https:\/\/schema.org\",\"@graph\":[{\"@type\":\"WebSite\",\"@id\":\"https:\/\/olgafertilityclinic.com\/de\/#website\",\"url\":\"https:\/\/olgafertilityclinic.com\/de\/\",\"name\":\"O.L.G.A. Fertility\",\"description\":\"Cyprus  and St. Petersburg\",\"potentialAction\":[{\"@type\":\"SearchAction\",\"target\":{\"@type\":\"EntryPoint\",\"urlTemplate\":\"https:\/\/olgafertilityclinic.com\/de\/?s={search_term_string}\"},\"query-input\":\"required name=search_term_string\"}],\"inLanguage\":\"de\"},{\"@type\":\"WebPage\",\"@id\":\"https:\/\/olgafertilityclinic.com\/de\/identifying\/medical_genetic\/#webpage\",\"url\":\"https:\/\/olgafertilityclinic.com\/de\/identifying\/medical_genetic\/\",\"name\":\"Genetische Beratung - O.L.G.A. Fertility\",\"isPartOf\":{\"@id\":\"https:\/\/olgafertilityclinic.com\/de\/#website\"},\"datePublished\":\"2020-06-15T12:00:00+00:00\",\"dateModified\":\"2020-06-15T12:00:00+00:00\",\"breadcrumb\":{\"@id\":\"https:\/\/olgafertilityclinic.com\/de\/identifying\/medical_genetic\/#breadcrumb\"},\"inLanguage\":\"de\",\"potentialAction\":[{\"@type\":\"ReadAction\",\"target\":[\"https:\/\/olgafertilityclinic.com\/de\/identifying\/medical_genetic\/\"]}]},{\"@type\":\"BreadcrumbList\",\"@id\":\"https:\/\/olgafertilityclinic.com\/de\/identifying\/medical_genetic\/#breadcrumb\",\"itemListElement\":[{\"@type\":\"ListItem\",\"position\":1,\"name\":\"Home\",\"item\":\"https:\/\/olgafertilityclinic.com\/de\/\"},{\"@type\":\"ListItem\",\"position\":2,\"name\":\"M\u00f6gliche Ursachen der Kinderlosigkeit\",\"item\":\"https:\/\/olgafertilityclinic.com\/de\/identifying\/\"},{\"@type\":\"ListItem\",\"position\":3,\"name\":\"Genetische Beratung\"}]}]}<\/script>\n<!-- \/ Yoast SEO plugin. -->","yoast_head_json":{"title":"Genetische Beratung - O.L.G.A. Fertility","robots":{"index":"index","follow":"follow","max-snippet":"max-snippet:-1","max-image-preview":"max-image-preview:large","max-video-preview":"max-video-preview:-1"},"canonical":"https:\/\/olgafertilityclinic.com\/de\/identifying\/medical_genetic\/","og_locale":"de_DE","og_type":"article","og_title":"Genetische Beratung - O.L.G.A. Fertility","og_description":"Durch die Forschung gewinnen wir st\u00e4ndig neue Erkenntnisse \u00fcber die Identit\u00e4t, die Rolle und die Funktion der menschlichen Gene ebenso wie \u00fcber ihre m\u00f6glichen Modifikationen, d.h. Ver\u00e4nderungen, die zu erblichen Erkrankungen f\u00fchren. Genetische Beratung und medizinisch-genetische Diagnostik helfen uns dabei, diese St\u00f6rungen aufzudecken und ein geeignetes Verfahren auszuw\u00e4hlen. Am Anfang dieses Prozesses steht die genetische","og_url":"https:\/\/olgafertilityclinic.com\/de\/identifying\/medical_genetic\/","og_site_name":"O.L.G.A. Fertility","twitter_card":"summary_large_image","twitter_misc":{"Gesch\u00e4tzte Lesezeit":"3\u00a0Minuten"},"schema":{"@context":"https:\/\/schema.org","@graph":[{"@type":"WebSite","@id":"https:\/\/olgafertilityclinic.com\/de\/#website","url":"https:\/\/olgafertilityclinic.com\/de\/","name":"O.L.G.A. Fertility","description":"Cyprus  and St. Petersburg","potentialAction":[{"@type":"SearchAction","target":{"@type":"EntryPoint","urlTemplate":"https:\/\/olgafertilityclinic.com\/de\/?s={search_term_string}"},"query-input":"required name=search_term_string"}],"inLanguage":"de"},{"@type":"WebPage","@id":"https:\/\/olgafertilityclinic.com\/de\/identifying\/medical_genetic\/#webpage","url":"https:\/\/olgafertilityclinic.com\/de\/identifying\/medical_genetic\/","name":"Genetische Beratung - O.L.G.A. Fertility","isPartOf":{"@id":"https:\/\/olgafertilityclinic.com\/de\/#website"},"datePublished":"2020-06-15T12:00:00+00:00","dateModified":"2020-06-15T12:00:00+00:00","breadcrumb":{"@id":"https:\/\/olgafertilityclinic.com\/de\/identifying\/medical_genetic\/#breadcrumb"},"inLanguage":"de","potentialAction":[{"@type":"ReadAction","target":["https:\/\/olgafertilityclinic.com\/de\/identifying\/medical_genetic\/"]}]},{"@type":"BreadcrumbList","@id":"https:\/\/olgafertilityclinic.com\/de\/identifying\/medical_genetic\/#breadcrumb","itemListElement":[{"@type":"ListItem","position":1,"name":"Home","item":"https:\/\/olgafertilityclinic.com\/de\/"},{"@type":"ListItem","position":2,"name":"M\u00f6gliche Ursachen der Kinderlosigkeit","item":"https:\/\/olgafertilityclinic.com\/de\/identifying\/"},{"@type":"ListItem","position":3,"name":"Genetische Beratung"}]}]}},"_links":{"self":[{"href":"https:\/\/olgafertilityclinic.com\/de\/wp-json\/wp\/v2\/pages\/5976"}],"collection":[{"href":"https:\/\/olgafertilityclinic.com\/de\/wp-json\/wp\/v2\/pages"}],"about":[{"href":"https:\/\/olgafertilityclinic.com\/de\/wp-json\/wp\/v2\/types\/page"}],"author":[{"embeddable":true,"href":"https:\/\/olgafertilityclinic.com\/de\/wp-json\/wp\/v2\/users\/1"}],"replies":[{"embeddable":true,"href":"https:\/\/olgafertilityclinic.com\/de\/wp-json\/wp\/v2\/comments?post=5976"}],"version-history":[{"count":0,"href":"https:\/\/olgafertilityclinic.com\/de\/wp-json\/wp\/v2\/pages\/5976\/revisions"}],"up":[{"embeddable":true,"href":"https:\/\/olgafertilityclinic.com\/de\/wp-json\/wp\/v2\/pages\/5951"}],"wp:attachment":[{"href":"https:\/\/olgafertilityclinic.com\/de\/wp-json\/wp\/v2\/media?parent=5976"}],"wp:term":[{"taxonomy":"post_tag","embeddable":true,"href":"https:\/\/olgafertilityclinic.com\/de\/wp-json\/wp\/v2\/tags?post=5976"}],"curies":[{"name":"wp","href":"https:\/\/api.w.org\/{rel}","templated":true}]}}