{"id":5984,"date":"2020-06-15T12:00:00","date_gmt":"2020-06-15T12:00:00","guid":{"rendered":"https:\/\/olgafertilityclinic.com\/spermatozoa-2\/"},"modified":"2020-06-15T12:00:00","modified_gmt":"2020-06-15T12:00:00","slug":"spermatozoa","status":"publish","type":"page","link":"https:\/\/olgafertilityclinic.com\/de\/spermatozoa\/","title":{"rendered":"Operative Spermiengewinnung"},"content":{"rendered":"<p><P style=\"TEXT-ALIGN: justify\">In&nbsp;einigen F\u00e4llen (z.B.Verschluss der Samenleiter) finden sich im Ejakulat \u00fcberhaupt keine Samen-zellen. Die Samenzellen k\u00f6nnen aber dennoch direkt aus dem Hoden (<a href=\"\/de\/terminology\/#T\" target=\"_self\" rel=\"noopener noreferrer\"><FONT color=#ff9900>TESA <\/FONT><\/A>&#8211; testikul\u00e4re Spermienaspiration), bzw. dem Nebenhoden (<a href=\"\/de\/terminology\/#46\" target=\"_self\" rel=\"noopener noreferrer\"><FONT color=#ff9900>MESA<\/FONT><\/A> \u2013 mikorchirurgische epididymale Spermienaspiration) entnommen werden. An unserer Klinik werden diese beiden kleinen operativen Eingriffe zur Entnahme einer Gewebeprobe, die Samenzellen enth\u00e4lt, unter Voll-narkose durchgef\u00fchrt. Es reichen schon einige wenige Spermien aus, um mit Hilfe des <a href=\"\/de\/infertility\/icsi\/\" target=\"_self\" rel=\"noopener noreferrer\"><FONT color=#ff9900>ICSI<\/FONT><\/A>-Ver-fahrens gute Ergebnisse bei der Befruchtung zu erzielen. <\/P> <P style=\"TEXT-ALIGN: justify\"><B>Hat die Befruchtung stattgefunden, gibt es keine signifikanten Unterschiede zwischen dem kombinierten <FONT color=#ff6600>ICSI\/TESA\/MESA-Verfahren <\/FONT>und der herk\u00f6mmlichen IVF hinsichtlich der&nbsp; Qualit\u00e4t des Embryos und der Schwangerschaftsrate. <\/B><\/P> <P style=\"TEXT-ALIGN: justify\">Bei schwerer nicht-obstruktiver <a title=\"oligozoospermia\" href=\"\/de\/terminology\/#46\" target=\"_self\" rel=\"noopener noreferrer\"><FONT color=#ff9900>Oligozoospermie<\/FONT><\/A> sowie bei obstruktiver und nicht-obstruktiver &nbsp;<a title=\"Azoospermia\" href=\"\/de\/terminology\/#9\" target=\"_self\" rel=\"noopener noreferrer\"><FONT color=#ff9900>Azoospermie<\/FONT><\/A> hat die Fruchtbarkeitsst\u00f6rung m\u00f6glicherweise genetische Ursachen. Es besteht dann das Risiko, dass sie an S\u00f6hne weitergegeben wird oder dass es zu anderen genetisch-be-dingten Erkrankungen bei den Kindern kommen k\u00f6nnte. Liegt ein solcher Fall vor, erh\u00e4lt das Paar an unserer Klinik eine <a href=\"\/de\/identifying\/medical_genetic\/\" target=\"_self\" rel=\"noopener noreferrer\"><FONT color=#ff9900>medizinisch-genetische Beratung <\/FONT><\/A>und Untersuchung (Karyo-typisierung, AZF-Mikrodeletion, Mukovizidose). Nur durch solch einen komplexen Ansatz kann die Geburt eines gesunden Kindes sichergestellt werden.&nbsp; <\/P><\/p>\n","protected":false},"excerpt":{"rendered":"<p>In&nbsp;einigen F\u00e4llen (z.B.Verschluss der Samenleiter) finden sich im Ejakulat \u00fcberhaupt keine Samen-zellen. Die Samenzellen k\u00f6nnen aber dennoch direkt aus dem Hoden (TESA &#8211; testikul\u00e4re Spermienaspiration), bzw. dem Nebenhoden (MESA \u2013 mikorchirurgische epididymale Spermienaspiration) entnommen werden. An unserer Klinik werden diese beiden kleinen operativen Eingriffe zur Entnahme einer Gewebeprobe, die Samenzellen enth\u00e4lt, unter Voll-narkose durchgef\u00fchrt. Es<\/p>\n","protected":false},"author":1,"featured_media":0,"parent":0,"menu_order":54,"comment_status":"closed","ping_status":"open","template":"","meta":{"footnotes":""},"tags":[],"acf":[],"yoast_head":"<!-- This site is optimized with the Yoast SEO plugin v18.6 - https:\/\/yoast.com\/wordpress\/plugins\/seo\/ -->\n<title>Operative Spermiengewinnung - O.L.G.A. Fertility<\/title>\n<meta name=\"robots\" content=\"index, follow, max-snippet:-1, max-image-preview:large, max-video-preview:-1\" \/>\n<link rel=\"canonical\" href=\"https:\/\/olgafertilityclinic.com\/de\/spermatozoa\/\" \/>\n<meta property=\"og:locale\" content=\"de_DE\" \/>\n<meta property=\"og:type\" content=\"article\" \/>\n<meta property=\"og:title\" content=\"Operative Spermiengewinnung - O.L.G.A. Fertility\" \/>\n<meta property=\"og:description\" content=\"In&nbsp;einigen F\u00e4llen (z.B.Verschluss der Samenleiter) finden sich im Ejakulat \u00fcberhaupt keine Samen-zellen. Die Samenzellen k\u00f6nnen aber dennoch direkt aus dem Hoden (TESA &#8211; testikul\u00e4re Spermienaspiration), bzw. dem Nebenhoden (MESA \u2013 mikorchirurgische epididymale Spermienaspiration) entnommen werden. An unserer Klinik werden diese beiden kleinen operativen Eingriffe zur Entnahme einer Gewebeprobe, die Samenzellen enth\u00e4lt, unter Voll-narkose durchgef\u00fchrt. Es\" \/>\n<meta property=\"og:url\" content=\"https:\/\/olgafertilityclinic.com\/de\/spermatozoa\/\" \/>\n<meta property=\"og:site_name\" content=\"O.L.G.A. Fertility\" \/>\n<meta name=\"twitter:card\" content=\"summary_large_image\" \/>\n<meta name=\"twitter:label1\" content=\"Gesch\u00e4tzte Lesezeit\" \/>\n\t<meta name=\"twitter:data1\" content=\"1\u00a0Minute\" \/>\n<script type=\"application\/ld+json\" class=\"yoast-schema-graph\">{\"@context\":\"https:\/\/schema.org\",\"@graph\":[{\"@type\":\"WebSite\",\"@id\":\"https:\/\/olgafertilityclinic.com\/de\/#website\",\"url\":\"https:\/\/olgafertilityclinic.com\/de\/\",\"name\":\"O.L.G.A. Fertility\",\"description\":\"Cyprus  and St. Petersburg\",\"potentialAction\":[{\"@type\":\"SearchAction\",\"target\":{\"@type\":\"EntryPoint\",\"urlTemplate\":\"https:\/\/olgafertilityclinic.com\/de\/?s={search_term_string}\"},\"query-input\":\"required name=search_term_string\"}],\"inLanguage\":\"de\"},{\"@type\":\"WebPage\",\"@id\":\"https:\/\/olgafertilityclinic.com\/de\/spermatozoa\/#webpage\",\"url\":\"https:\/\/olgafertilityclinic.com\/de\/spermatozoa\/\",\"name\":\"Operative Spermiengewinnung - O.L.G.A. Fertility\",\"isPartOf\":{\"@id\":\"https:\/\/olgafertilityclinic.com\/de\/#website\"},\"datePublished\":\"2020-06-15T12:00:00+00:00\",\"dateModified\":\"2020-06-15T12:00:00+00:00\",\"breadcrumb\":{\"@id\":\"https:\/\/olgafertilityclinic.com\/de\/spermatozoa\/#breadcrumb\"},\"inLanguage\":\"de\",\"potentialAction\":[{\"@type\":\"ReadAction\",\"target\":[\"https:\/\/olgafertilityclinic.com\/de\/spermatozoa\/\"]}]},{\"@type\":\"BreadcrumbList\",\"@id\":\"https:\/\/olgafertilityclinic.com\/de\/spermatozoa\/#breadcrumb\",\"itemListElement\":[{\"@type\":\"ListItem\",\"position\":1,\"name\":\"Home\",\"item\":\"https:\/\/olgafertilityclinic.com\/de\/\"},{\"@type\":\"ListItem\",\"position\":2,\"name\":\"Operative Spermiengewinnung\"}]}]}<\/script>\n<!-- \/ Yoast SEO plugin. -->","yoast_head_json":{"title":"Operative Spermiengewinnung - O.L.G.A. Fertility","robots":{"index":"index","follow":"follow","max-snippet":"max-snippet:-1","max-image-preview":"max-image-preview:large","max-video-preview":"max-video-preview:-1"},"canonical":"https:\/\/olgafertilityclinic.com\/de\/spermatozoa\/","og_locale":"de_DE","og_type":"article","og_title":"Operative Spermiengewinnung - O.L.G.A. Fertility","og_description":"In&nbsp;einigen F\u00e4llen (z.B.Verschluss der Samenleiter) finden sich im Ejakulat \u00fcberhaupt keine Samen-zellen. Die Samenzellen k\u00f6nnen aber dennoch direkt aus dem Hoden (TESA &#8211; testikul\u00e4re Spermienaspiration), bzw. dem Nebenhoden (MESA \u2013 mikorchirurgische epididymale Spermienaspiration) entnommen werden. An unserer Klinik werden diese beiden kleinen operativen Eingriffe zur Entnahme einer Gewebeprobe, die Samenzellen enth\u00e4lt, unter Voll-narkose durchgef\u00fchrt. Es","og_url":"https:\/\/olgafertilityclinic.com\/de\/spermatozoa\/","og_site_name":"O.L.G.A. Fertility","twitter_card":"summary_large_image","twitter_misc":{"Gesch\u00e4tzte Lesezeit":"1\u00a0Minute"},"schema":{"@context":"https:\/\/schema.org","@graph":[{"@type":"WebSite","@id":"https:\/\/olgafertilityclinic.com\/de\/#website","url":"https:\/\/olgafertilityclinic.com\/de\/","name":"O.L.G.A. Fertility","description":"Cyprus  and St. Petersburg","potentialAction":[{"@type":"SearchAction","target":{"@type":"EntryPoint","urlTemplate":"https:\/\/olgafertilityclinic.com\/de\/?s={search_term_string}"},"query-input":"required name=search_term_string"}],"inLanguage":"de"},{"@type":"WebPage","@id":"https:\/\/olgafertilityclinic.com\/de\/spermatozoa\/#webpage","url":"https:\/\/olgafertilityclinic.com\/de\/spermatozoa\/","name":"Operative Spermiengewinnung - O.L.G.A. Fertility","isPartOf":{"@id":"https:\/\/olgafertilityclinic.com\/de\/#website"},"datePublished":"2020-06-15T12:00:00+00:00","dateModified":"2020-06-15T12:00:00+00:00","breadcrumb":{"@id":"https:\/\/olgafertilityclinic.com\/de\/spermatozoa\/#breadcrumb"},"inLanguage":"de","potentialAction":[{"@type":"ReadAction","target":["https:\/\/olgafertilityclinic.com\/de\/spermatozoa\/"]}]},{"@type":"BreadcrumbList","@id":"https:\/\/olgafertilityclinic.com\/de\/spermatozoa\/#breadcrumb","itemListElement":[{"@type":"ListItem","position":1,"name":"Home","item":"https:\/\/olgafertilityclinic.com\/de\/"},{"@type":"ListItem","position":2,"name":"Operative Spermiengewinnung"}]}]}},"_links":{"self":[{"href":"https:\/\/olgafertilityclinic.com\/de\/wp-json\/wp\/v2\/pages\/5984"}],"collection":[{"href":"https:\/\/olgafertilityclinic.com\/de\/wp-json\/wp\/v2\/pages"}],"about":[{"href":"https:\/\/olgafertilityclinic.com\/de\/wp-json\/wp\/v2\/types\/page"}],"author":[{"embeddable":true,"href":"https:\/\/olgafertilityclinic.com\/de\/wp-json\/wp\/v2\/users\/1"}],"replies":[{"embeddable":true,"href":"https:\/\/olgafertilityclinic.com\/de\/wp-json\/wp\/v2\/comments?post=5984"}],"version-history":[{"count":0,"href":"https:\/\/olgafertilityclinic.com\/de\/wp-json\/wp\/v2\/pages\/5984\/revisions"}],"wp:attachment":[{"href":"https:\/\/olgafertilityclinic.com\/de\/wp-json\/wp\/v2\/media?parent=5984"}],"wp:term":[{"taxonomy":"post_tag","embeddable":true,"href":"https:\/\/olgafertilityclinic.com\/de\/wp-json\/wp\/v2\/tags?post=5984"}],"curies":[{"name":"wp","href":"https:\/\/api.w.org\/{rel}","templated":true}]}}