{"id":6050,"date":"2020-06-15T12:00:00","date_gmt":"2020-06-15T12:00:00","guid":{"rendered":"https:\/\/olgafertilityclinic.com\/sperm-2\/"},"modified":"2020-06-15T12:00:00","modified_gmt":"2020-06-15T12:00:00","slug":"sperm","status":"publish","type":"page","link":"https:\/\/olgafertilityclinic.com\/de\/sperm\/","title":{"rendered":"Spermaspende"},"content":{"rendered":"<p><P style=\"TEXT-ALIGN: justify\"><SPAN style=\"mso-ansi-language: DE; mso-bidi-font-weight: bold\"><\/SPAN>\u00a0<\/P> <P style=\"TEXT-ALIGN: justify\"><SPAN style=\"mso-ansi-language: DE; mso-bidi-font-weight: bold\"><\/SPAN>\u00a0<\/P> <P style=\"TEXT-ALIGN: justify\"><SPAN style=\"mso-ansi-language: DE; mso-bidi-font-weight: bold\"><STRONG>Paare mit dem ausgepr<\/STRONG>\u00e4<STRONG>gten m<\/STRONG>\u00e4<STRONG>nnlichen Faktor<\/STRONG> (keine Spermien in&nbsp;Sperma sowie in&nbsp;Hoden bei <a href=\"\/de\/infertility\/spermatozoa\/\" target=\"_self\" rel=\"noopener noreferrer\">TESA<\/A>), k\u00f6nnen eine Samenspende in&nbsp;Erw\u00e4gung ziehen. <STRONG>Alleinstehende Frauen, die j\u00fcnger als 41 Jahre sind<\/STRONG>, k\u00f6nnen ebenfalls eine Samenspende erhalten. In&nbsp;diesen F\u00e4llen kann entweder eine <a href=\"\/de\/infertility\/artifitial\/\" target=\"_self\" rel=\"noopener noreferrer\">Insemination <\/A>oder <a href=\"\/de\/infertility\/ivf\/\" target=\"_self\" rel=\"noopener noreferrer\">IVF<\/A> vorgenommen werden. Die Nutzung des <a href=\"\/de\/infertility\/icsi\/\" target=\"_self\" rel=\"noopener noreferrer\">ICSI-Verfahrens<\/A> bei Samenspende ist an der O.L.G.A. Fertility Clinic nicht erforderlich, weil unsere <FONT color=#006600><STRONG><\/STRONG><\/FONT><\/SPAN><\/P> <P style=\"TEXT-ALIGN: justify\"><SPAN style=\"mso-ansi-language: DE; mso-bidi-font-weight: bold\"><FONT color=#006600><STRONG><\/STRONG><\/FONT><\/SPAN>\u00a0<\/P> <P style=\"TEXT-ALIGN: justify\"><SPAN style=\"mso-ansi-language: DE; mso-bidi-font-weight: bold\"><STRONG><FONT color=#006633>voruntersuchten Spender eine sehr gute Spermienqualit\u00e4t aufweisen: <SPAN style=\"mso-spacerun: yes\">\u00a0<\/SPAN><\/FONT><\/STRONG><\/SPAN><\/P> <P style=\"TEXT-ALIGN: justify\"><SPAN style=\"mso-ansi-language: DE; mso-bidi-font-weight: bold\"><FONT color=#006633>Spermienkonzentration mehr als 80 mln\/ml,<\/FONT><\/SPAN><\/P> <P style=\"TEXT-ALIGN: justify\"><SPAN style=\"mso-ansi-language: DE; mso-bidi-font-weight: bold\"><FONT color=#006633>progressive Motilit\u00e4t (A+B \u00fcber 60%),<\/FONT><\/SPAN><\/P> <P style=\"TEXT-ALIGN: justify\"><SPAN style=\"mso-ansi-language: DE; mso-bidi-font-weight: bold\"><FONT color=#006633>normale Morphologie h\u00f6her als<SPAN style=\"mso-spacerun: yes\">\u00a0 <\/SPAN>60%,<\/FONT><\/SPAN><\/P> <P style=\"TEXT-ALIGN: justify\"><SPAN style=\"mso-ansi-language: DE; mso-bidi-font-weight: bold\"><FONT color=#006633>Kryotoleranz (die Spermien erleiden keine Qualit\u00e4tseinbu\u00dfen durch das Einfrieren und Auftauen). <\/FONT><\/SPAN><\/P> <P style=\"TEXT-ALIGN: justify\"><SPAN style=\"mso-ansi-language: DE; mso-bidi-font-weight: bold\"><\/SPAN>\u00a0<\/P> <P style=\"TEXT-ALIGN: justify\"><SPAN style=\"mso-ansi-language: DE; mso-bidi-font-weight: bold\"><STRONG>Bei alleinstehenden Frauen \u00fcber 41<\/STRONG> Jahre wird wegen einer verminderten Qualit\u00e4t der eigenen Eizellen die Samenspende zumeist in&nbsp;Verbindung mit einer <a href=\"\/de\/egg\/\" target=\"_self\" rel=\"noopener noreferrer\">Eizellspende<\/A> oder einer <a href=\"\/de\/embryoadoption\/\" target=\"_self\" rel=\"noopener noreferrer\">Embryonenspende <\/A>verwendet. <\/SPAN><\/P> <P style=\"TEXT-ALIGN: justify\"><SPAN style=\"mso-ansi-language: DE; mso-bidi-font-weight: bold\">Bei den Samenspendern f\u00fcr die O.L.G.A. Fertility Clinic handelt es sich um sportliche und gesunde M\u00e4nner mit guter Bildung, die zwischen 25 und 40 Jahre alt sind und eigene gesunde Kinder haben. Sie haben ein angenehmes Erscheinungsbild, aber keine besonders ausgepr\u00e4gten Merkmale, so&nbsp;dass die Wahrscheinlichkeit, dass das Kind so&nbsp;wie die Mutter aussehen wird, recht hoch ist. <\/SPAN><\/P> <P style=\"TEXT-ALIGN: justify\"><SPAN style=\"mso-ansi-language: DE; mso-bidi-font-weight: bold\">Gem\u00e4\u00df Erlass N67 der Russischen F\u00f6deration und den Empfehlungen der Amerikanischen Gesellschaft f\u00fcr Reproduktionsmedizin, ASRM, sowie der <\/SPAN><SPAN style=\"mso-ansi-language: DE\">Europ\u00e4ischen Gesellschaft f\u00fcr menschliche Reproduktionsmedizin und Embryologie, ESHRE, (ASRM 2002; ESHRE Arbeitsgruppe Ethik und Recht 2002) <STRONG><FONT color=#006633>m\u00fcssen die Samenspender unserer Klinik folgende Untersuchungen durchf\u00fchren lassen:<SPAN style=\"mso-bidi-font-weight: bold\"><\/SPAN><\/FONT><\/STRONG><\/SPAN><\/P> <OL type=1> <LI style=\"MARGIN: 0cm 0cm 0pt; TEXT-ALIGN: justify; mso-margin-top-alt: auto; mso-margin-bottom-alt: auto; mso-list: l0 level1 lfo1; tab-stops: list 36.0pt\"><SPAN style=\"mso-ansi-language: DE\"><FONT color=#006633>Untersuchung der Spermien,<\/FONT><\/SPAN>  <LI style=\"MARGIN: 0cm 0cm 0pt; TEXT-ALIGN: justify; mso-margin-top-alt: auto; mso-margin-bottom-alt: auto; mso-list: l0 level1 lfo1; tab-stops: list 36.0pt\"><SPAN style=\"mso-ansi-language: DE\"><FONT color=#006633>Bestimmung der Blutgruppe,<\/FONT><\/SPAN>  <LI style=\"MARGIN: 0cm 0cm 0pt; TEXT-ALIGN: justify; mso-margin-top-alt: auto; mso-margin-bottom-alt: auto; mso-list: l0 level1 lfo1; tab-stops: list 36.0pt\"><SPAN style=\"mso-ansi-language: DE\"><FONT color=#006633>Untersuchung auf HIV, Hepatitis B und Hepatitis C (alle 3 Monate), <SPAN style=\"mso-spacerun: yes\">\u00a0<\/SPAN><\/FONT><\/SPAN>  <LI style=\"MARGIN: 0cm 0cm 0pt; TEXT-ALIGN: justify; mso-margin-top-alt: auto; mso-margin-bottom-alt: auto; mso-list: l0 level1 lfo1; tab-stops: list 36.0pt\"><SPAN style=\"mso-ansi-language: DE\"><FONT color=#006633>genetisches Screening: famili\u00e4re genetische Vorgeschichte, Chromosomen\u00fcberpr\u00fcfung, <\/FONT><\/SPAN> <LI style=\"MARGIN: 0cm 0cm 0pt; TEXT-ALIGN: justify; mso-margin-top-alt: auto; mso-margin-bottom-alt: auto; mso-list: l0 level1 lfo1; tab-stops: list 36.0pt\"><SPAN style=\"mso-ansi-language: DE\"><FONT color=#006633>turnusm\u00e4\u00dfige j\u00e4hrliche Untersuchung beim Allgemeinmediziner (allgemeiner Gesundheitscheck),<\/FONT><\/SPAN>  <LI style=\"MARGIN: 0cm 0cm 0pt; TEXT-ALIGN: justify; mso-margin-top-alt: auto; mso-margin-bottom-alt: auto; mso-list: l0 level1 lfo1; tab-stops: list 36.0pt\"><SPAN style=\"mso-ansi-language: DE\"><FONT color=#006633>Gespr\u00e4ch mit einem Psychiater einmal pro Jahr; <SPAN style=\"mso-spacerun: yes\">\u00a0<\/SPAN><\/FONT><\/SPAN>  <LI style=\"MARGIN: 0cm 0cm 0pt; TEXT-ALIGN: justify; mso-margin-top-alt: auto; mso-margin-bottom-alt: auto; mso-list: l0 level1 lfo1; tab-stops: list 36.0pt\"><SPAN style=\"mso-ansi-language: DE\"><FONT color=#006633>Andrologische Untersuchung einschlie\u00dflich Diagnostik auf Infektionen (Chlamydien, Herpes usw. alle 6 Monate). <\/FONT><\/SPAN><\/LI><\/OL> <P style=\"MARGIN: 0cm 0cm 0pt; TEXT-ALIGN: justify; mso-margin-top-alt: auto; mso-margin-bottom-alt: auto\"><SPAN style=\"mso-ansi-language: DE\"><\/SPAN>\u00a0<\/P> <P style=\"MARGIN: 0cm 0cm 0pt; TEXT-ALIGN: justify; mso-margin-top-alt: auto; mso-margin-bottom-alt: auto\"><SPAN style=\"mso-ansi-language: DE\">Es darf ausschlie\u00dflich eingefrorener und wieder aufgetauter Spendersamen an der O.L.G.A. Fertility Clinic verwendet werden. Die gespendeten Samenzellen werden eingefroren und sechs Monate gelagert. Das Blut des Spenders wird dann wiederum auf HIV und Hepatitis B und C untersucht. Erst wenn in&nbsp;diesen Laboruntersuchungen keine Infektionen nachgewiesen werden, darf die Samenspende bei einer Patientin eingesetzt werden benutzt werden. Durch die Verwendung von zuvor eingefrorenen Samenzellen kann die \u00dcbertragung von schwerwiegenden Infektionen, wie HIV und Hepatitis B und C, vermieden werden. <SPAN style=\"mso-spacerun: yes\">\u00a0<\/SPAN><\/SPAN><\/P> <P style=\"MARGIN: 0cm 0cm 0pt; TEXT-ALIGN: justify; mso-margin-top-alt: auto; mso-margin-bottom-alt: auto\"><SPAN style=\"mso-ansi-language: DE\">Bei der Auswahl eines anonymen Samenspenders ber\u00fccksichtigen wir Kriterien wie ethnische Herkunft, K\u00f6rpergr\u00f6\u00dfe, Augen- und Haarfarbe, Blutgruppe und Rhesusfaktor sowie besondere Anliegen des Ehepaars. Die Empf\u00e4nger erhalten umfassende und anonymisierte Informationen \u00fcber den Samenspender (d.h. Angaben, die keine pers\u00f6nlichen Daten enthalten). Aus datenschutzrechtlichen Erw\u00e4gungen sind Photos des Spenders nicht erh\u00e4ltlich.<\/SPAN><\/P> <P style=\"MARGIN: 0cm 0cm 0pt; TEXT-ALIGN: justify; mso-margin-top-alt: auto; mso-margin-bottom-alt: auto\"><SPAN style=\"mso-ansi-language: DE\">Die Wahrung der vollst\u00e4ndigen Anonymit\u00e4t wird durch die Gesetzgebung der Russischen F\u00f6deration gew\u00e4hrleistet (Grundsatzgesetzgebung der Russischen F\u00f6deration zum Schutz der<SPAN style=\"mso-spacerun: yes\">\u00a0 <\/SPAN>Gesundheit der B\u00fcrger, novellierte Fassung vom 20. Dezember 1999, Artikel 35). Wir respektieren diese absolute Anonymit\u00e4t und befolgen sie mit gr\u00f6\u00dfter Sorgfalt.<SPAN style=\"mso-spacerun: yes\">\u00a0 <\/SPAN>Wir informieren unsere Patientinnen dar\u00fcber, dass das Spendeverfahren anonym ist und dass den Eltern und<SPAN style=\"mso-spacerun: yes\">\u00a0 <\/SPAN>Samenspendern keinerlei Daten zur Identifizierung \u00fcberlassen werden. Die Klinik wird dem Kind keine Auskunft \u00fcber den Einsatz von Spendersamen geben. Wir glauben, dass somit sowohl die Eltern, als auch der Spender und das Kind gesch\u00fctzt werden.<\/SPAN><\/P> <P style=\"MARGIN: 0cm 0cm 0pt; TEXT-ALIGN: justify; mso-margin-top-alt: auto; mso-margin-bottom-alt: auto\"><SPAN style=\"mso-ansi-language: DE\"><\/SPAN>\u00a0<\/P> <P style=\"TEXT-ALIGN: justify\"><SPAN style=\"mso-ansi-language: DE\">Auch wenn es keine Wartelisten f\u00fcr die Verwendung von anonymen Samenspenden an unserer Klinik gibt, kommen beide zul\u00e4ssigen Verfahren f\u00fcr die Spende von Spermien an unserer Klinik zum Einsatz: die \u201ebekannte\u201c Samenspende (durch einen \u201eeigenen\u201c Spender \u2013 ein Familien-mitglied oder Freund) und die anonyme Samenspende. <\/SPAN><\/P><\/p>\n","protected":false},"excerpt":{"rendered":"<p>\u00a0 \u00a0 Paare mit dem ausgepr\u00e4gten m\u00e4nnlichen Faktor (keine Spermien in&nbsp;Sperma sowie in&nbsp;Hoden bei TESA), k\u00f6nnen eine Samenspende in&nbsp;Erw\u00e4gung ziehen. Alleinstehende Frauen, die j\u00fcnger als 41 Jahre sind, k\u00f6nnen ebenfalls eine Samenspende erhalten. In&nbsp;diesen F\u00e4llen kann entweder eine Insemination oder IVF vorgenommen werden. Die Nutzung des ICSI-Verfahrens bei Samenspende ist an der O.L.G.A. Fertility Clinic<\/p>\n","protected":false},"author":1,"featured_media":0,"parent":0,"menu_order":62,"comment_status":"closed","ping_status":"open","template":"","meta":{"footnotes":""},"tags":[],"acf":[],"yoast_head":"<!-- This site is optimized with the Yoast SEO plugin v18.6 - https:\/\/yoast.com\/wordpress\/plugins\/seo\/ -->\n<title>Spermaspende - O.L.G.A. Fertility<\/title>\n<meta name=\"robots\" content=\"index, follow, max-snippet:-1, max-image-preview:large, max-video-preview:-1\" \/>\n<link rel=\"canonical\" href=\"https:\/\/olgafertilityclinic.com\/de\/sperm\/\" \/>\n<meta property=\"og:locale\" content=\"de_DE\" \/>\n<meta property=\"og:type\" content=\"article\" \/>\n<meta property=\"og:title\" content=\"Spermaspende - O.L.G.A. Fertility\" \/>\n<meta property=\"og:description\" content=\"\u00a0 \u00a0 Paare mit dem ausgepr\u00e4gten m\u00e4nnlichen Faktor (keine Spermien in&nbsp;Sperma sowie in&nbsp;Hoden bei TESA), k\u00f6nnen eine Samenspende in&nbsp;Erw\u00e4gung ziehen. Alleinstehende Frauen, die j\u00fcnger als 41 Jahre sind, k\u00f6nnen ebenfalls eine Samenspende erhalten. In&nbsp;diesen F\u00e4llen kann entweder eine Insemination oder IVF vorgenommen werden. Die Nutzung des ICSI-Verfahrens bei Samenspende ist an der O.L.G.A. Fertility Clinic\" \/>\n<meta property=\"og:url\" content=\"https:\/\/olgafertilityclinic.com\/de\/sperm\/\" \/>\n<meta property=\"og:site_name\" content=\"O.L.G.A. Fertility\" \/>\n<meta name=\"twitter:card\" content=\"summary_large_image\" \/>\n<meta name=\"twitter:label1\" content=\"Gesch\u00e4tzte Lesezeit\" \/>\n\t<meta name=\"twitter:data1\" content=\"3\u00a0Minuten\" \/>\n<script type=\"application\/ld+json\" class=\"yoast-schema-graph\">{\"@context\":\"https:\/\/schema.org\",\"@graph\":[{\"@type\":\"WebSite\",\"@id\":\"https:\/\/olgafertilityclinic.com\/de\/#website\",\"url\":\"https:\/\/olgafertilityclinic.com\/de\/\",\"name\":\"O.L.G.A. Fertility\",\"description\":\"Cyprus  and St. Petersburg\",\"potentialAction\":[{\"@type\":\"SearchAction\",\"target\":{\"@type\":\"EntryPoint\",\"urlTemplate\":\"https:\/\/olgafertilityclinic.com\/de\/?s={search_term_string}\"},\"query-input\":\"required name=search_term_string\"}],\"inLanguage\":\"de\"},{\"@type\":\"WebPage\",\"@id\":\"https:\/\/olgafertilityclinic.com\/de\/sperm\/#webpage\",\"url\":\"https:\/\/olgafertilityclinic.com\/de\/sperm\/\",\"name\":\"Spermaspende - O.L.G.A. Fertility\",\"isPartOf\":{\"@id\":\"https:\/\/olgafertilityclinic.com\/de\/#website\"},\"datePublished\":\"2020-06-15T12:00:00+00:00\",\"dateModified\":\"2020-06-15T12:00:00+00:00\",\"breadcrumb\":{\"@id\":\"https:\/\/olgafertilityclinic.com\/de\/sperm\/#breadcrumb\"},\"inLanguage\":\"de\",\"potentialAction\":[{\"@type\":\"ReadAction\",\"target\":[\"https:\/\/olgafertilityclinic.com\/de\/sperm\/\"]}]},{\"@type\":\"BreadcrumbList\",\"@id\":\"https:\/\/olgafertilityclinic.com\/de\/sperm\/#breadcrumb\",\"itemListElement\":[{\"@type\":\"ListItem\",\"position\":1,\"name\":\"Home\",\"item\":\"https:\/\/olgafertilityclinic.com\/de\/\"},{\"@type\":\"ListItem\",\"position\":2,\"name\":\"Spermaspende\"}]}]}<\/script>\n<!-- \/ Yoast SEO plugin. -->","yoast_head_json":{"title":"Spermaspende - O.L.G.A. Fertility","robots":{"index":"index","follow":"follow","max-snippet":"max-snippet:-1","max-image-preview":"max-image-preview:large","max-video-preview":"max-video-preview:-1"},"canonical":"https:\/\/olgafertilityclinic.com\/de\/sperm\/","og_locale":"de_DE","og_type":"article","og_title":"Spermaspende - O.L.G.A. Fertility","og_description":"\u00a0 \u00a0 Paare mit dem ausgepr\u00e4gten m\u00e4nnlichen Faktor (keine Spermien in&nbsp;Sperma sowie in&nbsp;Hoden bei TESA), k\u00f6nnen eine Samenspende in&nbsp;Erw\u00e4gung ziehen. Alleinstehende Frauen, die j\u00fcnger als 41 Jahre sind, k\u00f6nnen ebenfalls eine Samenspende erhalten. In&nbsp;diesen F\u00e4llen kann entweder eine Insemination oder IVF vorgenommen werden. Die Nutzung des ICSI-Verfahrens bei Samenspende ist an der O.L.G.A. Fertility Clinic","og_url":"https:\/\/olgafertilityclinic.com\/de\/sperm\/","og_site_name":"O.L.G.A. Fertility","twitter_card":"summary_large_image","twitter_misc":{"Gesch\u00e4tzte Lesezeit":"3\u00a0Minuten"},"schema":{"@context":"https:\/\/schema.org","@graph":[{"@type":"WebSite","@id":"https:\/\/olgafertilityclinic.com\/de\/#website","url":"https:\/\/olgafertilityclinic.com\/de\/","name":"O.L.G.A. Fertility","description":"Cyprus  and St. Petersburg","potentialAction":[{"@type":"SearchAction","target":{"@type":"EntryPoint","urlTemplate":"https:\/\/olgafertilityclinic.com\/de\/?s={search_term_string}"},"query-input":"required name=search_term_string"}],"inLanguage":"de"},{"@type":"WebPage","@id":"https:\/\/olgafertilityclinic.com\/de\/sperm\/#webpage","url":"https:\/\/olgafertilityclinic.com\/de\/sperm\/","name":"Spermaspende - O.L.G.A. Fertility","isPartOf":{"@id":"https:\/\/olgafertilityclinic.com\/de\/#website"},"datePublished":"2020-06-15T12:00:00+00:00","dateModified":"2020-06-15T12:00:00+00:00","breadcrumb":{"@id":"https:\/\/olgafertilityclinic.com\/de\/sperm\/#breadcrumb"},"inLanguage":"de","potentialAction":[{"@type":"ReadAction","target":["https:\/\/olgafertilityclinic.com\/de\/sperm\/"]}]},{"@type":"BreadcrumbList","@id":"https:\/\/olgafertilityclinic.com\/de\/sperm\/#breadcrumb","itemListElement":[{"@type":"ListItem","position":1,"name":"Home","item":"https:\/\/olgafertilityclinic.com\/de\/"},{"@type":"ListItem","position":2,"name":"Spermaspende"}]}]}},"_links":{"self":[{"href":"https:\/\/olgafertilityclinic.com\/de\/wp-json\/wp\/v2\/pages\/6050"}],"collection":[{"href":"https:\/\/olgafertilityclinic.com\/de\/wp-json\/wp\/v2\/pages"}],"about":[{"href":"https:\/\/olgafertilityclinic.com\/de\/wp-json\/wp\/v2\/types\/page"}],"author":[{"embeddable":true,"href":"https:\/\/olgafertilityclinic.com\/de\/wp-json\/wp\/v2\/users\/1"}],"replies":[{"embeddable":true,"href":"https:\/\/olgafertilityclinic.com\/de\/wp-json\/wp\/v2\/comments?post=6050"}],"version-history":[{"count":0,"href":"https:\/\/olgafertilityclinic.com\/de\/wp-json\/wp\/v2\/pages\/6050\/revisions"}],"wp:attachment":[{"href":"https:\/\/olgafertilityclinic.com\/de\/wp-json\/wp\/v2\/media?parent=6050"}],"wp:term":[{"taxonomy":"post_tag","embeddable":true,"href":"https:\/\/olgafertilityclinic.com\/de\/wp-json\/wp\/v2\/tags?post=6050"}],"curies":[{"name":"wp","href":"https:\/\/api.w.org\/{rel}","templated":true}]}}