{"id":6231,"date":"2020-06-15T12:00:00","date_gmt":"2020-06-15T12:00:00","guid":{"rendered":"https:\/\/olgafertilityclinic.com\/eizellspende_forum\/"},"modified":"2023-12-26T07:39:08","modified_gmt":"2023-12-26T07:39:08","slug":"eizellspende_forum","status":"publish","type":"page","link":"https:\/\/olgafertilityclinic.com\/de\/eizellspende\/eizellspende_forum\/","title":{"rendered":"Schwanger und Mutter: Erfahrungen und Erlebnise im Eizellspende Forum."},"content":{"rendered":"<p><strong>Die Frauen, die zuvor unfruchtbar waren, doch noch das gro\u00dfe Gl\u00fcck bekommen durch Eizellspende Mutterschaft zu erleben, tauschen Ihre Gedanken in&nbsp;Eizellspende Forum aus. Viele Patientinnen, die zu uns kommen, haben jahrelang versucht, durch eine IVF-Behandlung oder andere Behandlungsmethoden schwanger zu werden und diese Versuche sind immer wieder fehlgeschlagen. Es ist daher wirklich nicht erstaunlich, dass sie sich, wenn die Behandlung dann endlich erfolglecih ist, umso mehr \u00fcber ihr Gl\u00fcck freuen in&nbsp;Eizellspende Forum.\u00a0<\/strong><\/p>\n<p><strong>\u00c4hnlichkeiten und Unterschiede w\u00e4hrend der Schwangerschaft<\/strong><\/p>\n<p class=\"dropcaps\">Wenn Sie ohne Eizellspende noch nie Ihren Kinderwunsch zu erf\u00fcllen konnten, l\u00f6st die Tatsache, dass Sie nun endlich mithilfe Eizellspende die Schwangerschaft erziehlt haben, \u00fcblicherweise \u00fcberw\u00e4ltigende Gl\u00fccksgef\u00fchle aus. Das bestatight sich mit den Aussagen der Frauen in&nbsp;Eizellspende Forum. Nat\u00fcrlich machen Sie sich m\u00f6glicherweise ein paar Sorgen dar\u00fcber, ob die Schwangerschaft gut verlaufen wird und werden sich auch einige Gedanken machen, die sich nur in&nbsp;Zusammenhang mit der Eizellspende ergeben. Sollten Sie Ihrer Familie und Ihrem Freundeskreis sagen, dass Sie schwanger gewoerden sind durch Eizellspende? Werden die Erfahrungen und Erlebnisse, die Sie machen werden, genauso wunderbar sein, wie wenn Sie ohne \u00e4rztliche Hilfe h\u00e4tten schwanger werden k\u00f6nnen? Wird das Kind Ihnen und\/oder Ihrem Lebenspartner \u00e4hnlich sehen? Wenn Sie diese Fragestellungen mit Ihren Verwndten nicht besprechen wolen, hilft Ihnen Eizellspende Forum, in&nbsp;dem Sie diese wichtige Fragen anonym besprechen k\u00f6nnen.<\/p>\n<p class=\"dropcaps\">Die anderen Frauen in&nbsp;Eizellspende Forum k\u00f6nnen all diese Sorgen und N\u00f6te nur allzu gut nachvollziehen. Wenn Sie bei einer fr\u00fcheren Schwangerschaft das Kind dann ungl\u00fccklicherweise auch noch durch eine Fehlgeburt verloren haben, werden Sie sich vermutlich zus\u00e4tzlich Gedanken machen, ob dasselbe wieder passieren kann. Das Einzige, was wir dazu sagen k\u00f6nnen, ist, dass jede einzelne Frau die Schwangerschaft ganz unterschiedlich erf\u00e4hrt und wahrnimmt, ganz gleich wie dass Kind gezeugt wurde. Einige machen sich sehr viele Sorgen, andere sind da sorgloser. Die meisten Bedenken, die in&nbsp;Eizellspende Forum diskutiert werden, lassen sich in&nbsp;zwei Kategorien unterteilen: medizinische Fragestellungen nach Eizellspende und Sorgen in&nbsp;dem Psycholgischen Bereich.<\/p>\n<p>&nbsp;<\/p>\n<p><strong>Medizinische Fragestellungen in&nbsp;Eizellspende Forum<\/strong><\/p>\n<p class=\"dropcaps\">Leider besteht bei Patientinnen, die schwanger werden mithilfe Eizellspende, w\u00e4hrend der ersten drei Monate der Schwangerschaft ein erh\u00f6htes Fehlgeburtsrisiko. Dar\u00fcber erz\u00e4hlen Ihnen die medizinische Berater in&nbsp;Eizellspende Forum. Das liegt darin begr\u00fcndet, dass das Zusammenspiel zwischen dem Embryo, den Eierst\u00f6cken und der Geb\u00e4rmutter doch ein wenig anders verl\u00e4uft als bei einer nat\u00fcrlichen Schwangerschaft, obwohl die \u00d6strogen- und Progesteronpr\u00e4parate, die Sie zur Unterst\u00fctzung Ihrer Schwangerschaft einnehmen, ganz genauso wirken, wie wenn Sie auf nat\u00fcrlichem Wege empfangen h\u00e4tten. Bei einer \u201enat\u00fcrlichen\u201c Schwangerschaft produziert das Embryo das sogenannte HCG-Hormon (auch Schwangerschaftshormon genannt), welches die Hormonproduktion des Gelbk\u00f6rpers im Eierstock stimuliert. Der Eierstock produziert dann Hormone zur Unterst\u00fctzung der sich entwickelnden Schwangerschaft in&nbsp;der Geb\u00e4rmutter. Bei einer Schwangerschaft bei Eizellspende ist findet dieses Zusammenspiel so&nbsp;nicht statt<\/p>\n<p class=\"dropcaps\">Dies ist auch der Grund, warum ungef\u00e4hr ein Viertel bis zu einem Drittel schwangeren Frauen nach Eizellspende w\u00e4hrend der ersten drei Schwangerschaftsmonate irgendwie geartete Blutungen haben. Das erfahren Sie auch aus Eizellspende Forum. Auch wenn dies nicht unbedingt das Ende der Schwangerschaft bedeuten muss, ist es nat\u00fcrlich \u00e4u\u00dferst besorgniserregend und beinhaltet schon ein Risiko. Daher geben wir Ihnen an der O.L.G.A. Fertility Clinic Medikamente zum Stoppen der Blutung in&nbsp;der Schwangerschaft nach Eizellspende. So&nbsp;ist daf\u00fcr gesorgt, dass Sie alles N\u00f6tige bei sich zu Hause haben, falls eine solche Notfallsituation eintreten sollte. (Die Medikamente k\u00f6nnen nat\u00fcrlich keine chromosomal bedingten Fehlgeburten verhindern, aber sie k\u00f6nnen mit Sicherheit Schwangerschaften retten, die durch hormonelle Probleme bedroht sind) Die Anwendung dieser Behandlungsstrategie hat unsere Erfolgsquote signifikant erh\u00f6ht: 85% der Frauen, die schwanger geworden sind durch Eizellspende, sind dann auch wirklich Mutter geworden. Sie finden viele berichte in&nbsp;Eizellspende Forum.<\/p>\n<p class=\"dropcaps\">Was die Gesundheit des Kindes betrifft, so&nbsp;ist es aufgrund des jungen Alters unserer Eizellspenderinnen bei einigen Problemen (wie z.B. Down Syndrom oder andere Chromosomenst\u00f6rungen) sogar weniger wahrscheinlich, dass sie auftreten. Hinzu kommt, dass Frauen, die die M\u00fche auf sich nehmen, mithilfe von Eizellspende ihre Schwangerschaft zu erziehlen, zumeist hoch motiviert sind und alles tun werden, um m\u00f6glichst gesund zu bleiben. Sie nehmen gewissenhaft ihre Vitamine, wie z.B. Fols\u00e4ure (zum Schutz gegen Spina bifida), ein, gehen regelm\u00e4\u00dfig zu den Kontrolluntersuchungen und tun ihr M\u00f6glichstes, um f\u00fcr die Gesundheit ihres Kindes zu sorgen.<\/p>\n<p>&nbsp;<\/p>\n<p><strong>Psychologische Fragestellungen in&nbsp;Eizellspende Forum.<\/strong><\/p>\n<p class=\"dropcaps\">So&nbsp;gl\u00fccklich Sie \u00fcber Ihre Schwangerschaft nach Eizellspende, Ihre Erlebnise auch sein m\u00f6gen, vielleicht haben Sie doch gemischte Gef\u00fchle, weil Sie Ihrem Kind nicht die eigenen Gene vererben werden. M\u00f6glicherweise empfinden Sie Schuldgef\u00fchle wegen Ihres Wunsches, Ihr Kind m\u00f6ge Ihnen \u00e4hnlich sehen oder Sie machen sich Sorgen \u00fcber die Bemerkungen, die einige Menschen eventuell \u00fcber das Aussehen Ihres Kindes fallen lassen werden. Falls Sie \u00fcber besondere Begabungen verf\u00fcgen (z.B. f\u00fcr Musik oder Naturwissenschaften) bek\u00fcmmert es Sie eventuell, dass Sie diese nicht an Ihr Kind werden genetisch vererben k\u00f6nnen. Tauschen Sie Ihre Gef\u00fchle aus mit den anderen Frauen in&nbsp;Eizellspende Forum.<\/p>\n<p class=\"dropcaps\">Man sollte dabei stets bedenken, dass auch bei Menschen, die auf nat\u00fcrlichem Wege schwanger werden, das Aussehen oder bestimmte F\u00e4higkeiten nicht zwangsl\u00e4ufig auf die n\u00e4chste Generation \u00fcbergehen. Es gibt Kinder, die beiden Elternteilen \u00e4hneln, es gibt welche, die dem Vater oder der Mutter \u00e4hnlich sehen und dann gibt es aber auch welche, die \u00fcberhaupt keinem der beiden gleichen! Was die Intelligenz oder bestimmte Begabungen betrifft, denken Sie doch einfach mal an all die Familien in&nbsp;Ihrem Bekanntenkreis, in&nbsp;denen die Kinder darauf bestehen, dass sie Individuen sind und in&nbsp;ganz bestimmten Dingen eben nicht so&nbsp;gut (oder so&nbsp;schlecht!) wie ihre Eltern. Die Liebe und die stimulierenden Anregungen, die Sie Ihrem Kind mit auf den Weg geben, werden ihm erm\u00f6glichen, sein wahres Potential zu entfalten, wie auch immer es geartet sein mag. Eizellspende Forum hilft Ihnen Ihre eigene Stellung zu der Frage zu verstehen.<\/p>\n<p class=\"dropcaps\">Als die sogenannte austragende Mutter interagieren Sie mit Ihrem Kind vor und nach der Geburt. Die F\u00fcrsorge f\u00fcr ein Kind beinhaltet enorm viel k\u00f6rperlichen und sozialen Kontakt. Jegliche Art der allt\u00e4glichen Kommunikation st\u00e4rkt die Mutter-Kind Bindung. Es ist also keineswegs verwunderlich, dass sich eine Eizellempf\u00e4ngerin als die \u201ewahre\u201c Mutter des Kindes f\u00fchlt, schlie\u00dflich hat sie sich schon um ihr Kind gek\u00fcmmert, als es mit dem blo\u00dfen Augen noch gar nicht zu sehen war. Au\u00dferdem wird ein Mensch schlie\u00dflich nicht nur durch die biologischen Bande mit seinen Eltern gepr\u00e4gt, sondern auch von der Zeit, der Umgebung und den Beziehungen, in&nbsp;denen er oder sie aufw\u00e4chst.<\/p>\n<p class=\"dropcaps\">F\u00fcr uns an der O.L.G.A. Fertility Clinic geh\u00f6rt es zum normalen Alltag, \u00fcber all diese Fragestellungen in&nbsp;der Schwangerschaft und Mutterschaft danach zu sprechen. Die Entscheidung, ob Sie es mit einer Eizellspende versuchen m\u00f6chten, bleibt nat\u00fcrlich letztlich Ihnen \u00fcberlassen. Aber wir haben festgestellt, dass das Gef\u00fchl der Liebe f\u00fcr ihr zuk\u00fcnftiges Kind, das die Patientinnen empfinden, sobald sie schwanger geworden sind, \u00fcberwiegt und alle anderen Bedenken in&nbsp;den Hintergrund treten l\u00e4sst. Die Mutter-Kind-Bindung entwickelt sich zusammen mit dem Kind in&nbsp;Ihrem Bauch und das aufregende Erfahrung, wenn Sie die Tritte Ihres Kindes sp\u00fcren, ist genauso wie bei jeder anderen Mutter auch. W\u00e4hrend all der Wochen und Monate der Schwangerschaft n\u00e4hren Sie mit Ihrem K\u00f6rper das Kind und es ist Ihre Geb\u00e4rmutter, die ihm Schutz und Geborgenheit bietet. Und wenn es dann soweit ist, durchleben Sie auch die unvergessliche Erfahrung der Geburt Ihres Kindes. Je nach dem, ob Sie sich daf\u00fcr entschieden haben und ob es m\u00f6glich ist, werden Sie Ihr Kind Stillen und auch dadurch die emotionale Bindung zum ihm st\u00e4rken. Was das Baby angeht, so&nbsp;sind Sie seine Mutter und der Mensch, den es lieben wird. Das sagt Ihnen jede Frau in&nbsp;dem Eizellspende Forum.<\/p>\n<p><strong>Interessieren Sie sich f\u00fcr eine Eizellspende in&nbsp;der O.L.G.A. Fertility Clinic? <\/strong><\/p>\n<p>Bitte <a href=\"\/de\/ei\/questionnaire\/\">f\u00fcllen Sie zun\u00e4chst unseren Fragebogen aus<\/a>Einer unserer erfahrenen \u00c4rzte wird den Fragebogen auswerten und sich dann mit Ihnen je nach Wunsch telefonisch oder per E-Mail in&nbsp;Verbindung setzen.<\/p>\n<p>Wir freuen uns auf eine Nachricht von Ihnen!<\/p>\n<p>Es gr\u00fc\u00dft Sie herzlich<br \/>\ndas gesamte Team der O.L.G.A. Fertility Clinic<\/p>\n","protected":false},"excerpt":{"rendered":"<p>Die Frauen, die zuvor unfruchtbar waren, doch noch das gro\u00dfe Gl\u00fcck bekommen durch Eizellspende Mutterschaft zu erleben, tauschen Ihre Gedanken in&nbsp;Eizellspende Forum aus. Viele Patientinnen, die zu uns kommen, haben jahrelang versucht, durch eine IVF-Behandlung oder andere Behandlungsmethoden schwanger zu werden und diese Versuche sind immer wieder fehlgeschlagen. Es ist daher wirklich nicht erstaunlich, dass<\/p>\n","protected":false},"author":1,"featured_media":0,"parent":7793,"menu_order":9,"comment_status":"closed","ping_status":"open","template":"","meta":{"footnotes":""},"tags":[],"acf":[],"yoast_head":"<!-- This site is optimized with the Yoast SEO plugin v18.6 - https:\/\/yoast.com\/wordpress\/plugins\/seo\/ -->\n<title>Eizellspende Forum: Erfahrungen der Schwangerschaft und derMutterschaft<\/title>\n<meta name=\"description\" content=\"Im Rahmen des gemeinschaftlichen Behandlungsprogramms der O.L.G.A. Fertility Clinic brauchen Patientinnen nur ein einziges Mal nach St. Petersburg zu reisen. Das hilft die kompletten Eizellspende Kosten f\u00fcr mehr Kunden lestbar zu machen. Die ersten Untersuchungen werden in der Klinik in ihrem Heimatort vorgenommen.\" \/>\n<meta name=\"robots\" content=\"index, follow, max-snippet:-1, max-image-preview:large, max-video-preview:-1\" \/>\n<link rel=\"canonical\" href=\"https:\/\/olgafertilityclinic.com\/de\/eizellspende\/eizellspende_forum\/\" \/>\n<meta property=\"og:locale\" content=\"de_DE\" \/>\n<meta property=\"og:type\" content=\"article\" \/>\n<meta property=\"og:title\" content=\"Eizellspende Forum: Erfahrungen der Schwangerschaft und derMutterschaft\" \/>\n<meta property=\"og:description\" content=\"Im Rahmen des gemeinschaftlichen Behandlungsprogramms der O.L.G.A. Fertility Clinic brauchen Patientinnen nur ein einziges Mal nach St. Petersburg zu reisen. Das hilft die kompletten Eizellspende Kosten f\u00fcr mehr Kunden lestbar zu machen. Die ersten Untersuchungen werden in der Klinik in ihrem Heimatort vorgenommen.\" \/>\n<meta property=\"og:url\" content=\"https:\/\/olgafertilityclinic.com\/de\/eizellspende\/eizellspende_forum\/\" \/>\n<meta property=\"og:site_name\" content=\"O.L.G.A. Fertility\" \/>\n<meta property=\"article:modified_time\" content=\"2023-12-26T07:39:08+00:00\" \/>\n<meta name=\"twitter:card\" content=\"summary_large_image\" \/>\n<meta name=\"twitter:label1\" content=\"Gesch\u00e4tzte Lesezeit\" \/>\n\t<meta name=\"twitter:data1\" content=\"7\u00a0Minuten\" \/>\n<script type=\"application\/ld+json\" class=\"yoast-schema-graph\">{\"@context\":\"https:\/\/schema.org\",\"@graph\":[{\"@type\":\"WebSite\",\"@id\":\"https:\/\/olgafertilityclinic.com\/de\/#website\",\"url\":\"https:\/\/olgafertilityclinic.com\/de\/\",\"name\":\"O.L.G.A. Fertility\",\"description\":\"Cyprus  and St. Petersburg\",\"potentialAction\":[{\"@type\":\"SearchAction\",\"target\":{\"@type\":\"EntryPoint\",\"urlTemplate\":\"https:\/\/olgafertilityclinic.com\/de\/?s={search_term_string}\"},\"query-input\":\"required name=search_term_string\"}],\"inLanguage\":\"de\"},{\"@type\":\"WebPage\",\"@id\":\"https:\/\/olgafertilityclinic.com\/de\/eizellspende\/eizellspende_forum\/#webpage\",\"url\":\"https:\/\/olgafertilityclinic.com\/de\/eizellspende\/eizellspende_forum\/\",\"name\":\"Eizellspende Forum: Erfahrungen der Schwangerschaft und derMutterschaft\",\"isPartOf\":{\"@id\":\"https:\/\/olgafertilityclinic.com\/de\/#website\"},\"datePublished\":\"2020-06-15T12:00:00+00:00\",\"dateModified\":\"2023-12-26T07:39:08+00:00\",\"description\":\"Im Rahmen des gemeinschaftlichen Behandlungsprogramms der O.L.G.A. Fertility Clinic brauchen Patientinnen nur ein einziges Mal nach St. Petersburg zu reisen. Das hilft die kompletten Eizellspende Kosten f\u00fcr mehr Kunden lestbar zu machen. Die ersten Untersuchungen werden in der Klinik in ihrem Heimatort vorgenommen.\",\"breadcrumb\":{\"@id\":\"https:\/\/olgafertilityclinic.com\/de\/eizellspende\/eizellspende_forum\/#breadcrumb\"},\"inLanguage\":\"de\",\"potentialAction\":[{\"@type\":\"ReadAction\",\"target\":[\"https:\/\/olgafertilityclinic.com\/de\/eizellspende\/eizellspende_forum\/\"]}]},{\"@type\":\"BreadcrumbList\",\"@id\":\"https:\/\/olgafertilityclinic.com\/de\/eizellspende\/eizellspende_forum\/#breadcrumb\",\"itemListElement\":[{\"@type\":\"ListItem\",\"position\":1,\"name\":\"Home\",\"item\":\"https:\/\/olgafertilityclinic.com\/de\/\"},{\"@type\":\"ListItem\",\"position\":2,\"name\":\"Eizellspende: Auswahl und Geld-zur\u00fcck-Garantie\",\"item\":\"https:\/\/olgafertilityclinic.com\/de\/ei\/\"},{\"@type\":\"ListItem\",\"position\":3,\"name\":\"Schwanger und Mutter: Erfahrungen und Erlebnise im Eizellspende Forum.\"}]}]}<\/script>\n<!-- \/ Yoast SEO plugin. -->","yoast_head_json":{"title":"Eizellspende Forum: Erfahrungen der Schwangerschaft und derMutterschaft","description":"Im Rahmen des gemeinschaftlichen Behandlungsprogramms der O.L.G.A. Fertility Clinic brauchen Patientinnen nur ein einziges Mal nach St. Petersburg zu reisen. Das hilft die kompletten Eizellspende Kosten f\u00fcr mehr Kunden lestbar zu machen. Die ersten Untersuchungen werden in der Klinik in ihrem Heimatort vorgenommen.","robots":{"index":"index","follow":"follow","max-snippet":"max-snippet:-1","max-image-preview":"max-image-preview:large","max-video-preview":"max-video-preview:-1"},"canonical":"https:\/\/olgafertilityclinic.com\/de\/eizellspende\/eizellspende_forum\/","og_locale":"de_DE","og_type":"article","og_title":"Eizellspende Forum: Erfahrungen der Schwangerschaft und derMutterschaft","og_description":"Im Rahmen des gemeinschaftlichen Behandlungsprogramms der O.L.G.A. Fertility Clinic brauchen Patientinnen nur ein einziges Mal nach St. Petersburg zu reisen. Das hilft die kompletten Eizellspende Kosten f\u00fcr mehr Kunden lestbar zu machen. Die ersten Untersuchungen werden in der Klinik in ihrem Heimatort vorgenommen.","og_url":"https:\/\/olgafertilityclinic.com\/de\/eizellspende\/eizellspende_forum\/","og_site_name":"O.L.G.A. Fertility","article_modified_time":"2023-12-26T07:39:08+00:00","twitter_card":"summary_large_image","twitter_misc":{"Gesch\u00e4tzte Lesezeit":"7\u00a0Minuten"},"schema":{"@context":"https:\/\/schema.org","@graph":[{"@type":"WebSite","@id":"https:\/\/olgafertilityclinic.com\/de\/#website","url":"https:\/\/olgafertilityclinic.com\/de\/","name":"O.L.G.A. Fertility","description":"Cyprus  and St. Petersburg","potentialAction":[{"@type":"SearchAction","target":{"@type":"EntryPoint","urlTemplate":"https:\/\/olgafertilityclinic.com\/de\/?s={search_term_string}"},"query-input":"required name=search_term_string"}],"inLanguage":"de"},{"@type":"WebPage","@id":"https:\/\/olgafertilityclinic.com\/de\/eizellspende\/eizellspende_forum\/#webpage","url":"https:\/\/olgafertilityclinic.com\/de\/eizellspende\/eizellspende_forum\/","name":"Eizellspende Forum: Erfahrungen der Schwangerschaft und derMutterschaft","isPartOf":{"@id":"https:\/\/olgafertilityclinic.com\/de\/#website"},"datePublished":"2020-06-15T12:00:00+00:00","dateModified":"2023-12-26T07:39:08+00:00","description":"Im Rahmen des gemeinschaftlichen Behandlungsprogramms der O.L.G.A. Fertility Clinic brauchen Patientinnen nur ein einziges Mal nach St. Petersburg zu reisen. Das hilft die kompletten Eizellspende Kosten f\u00fcr mehr Kunden lestbar zu machen. Die ersten Untersuchungen werden in der Klinik in ihrem Heimatort vorgenommen.","breadcrumb":{"@id":"https:\/\/olgafertilityclinic.com\/de\/eizellspende\/eizellspende_forum\/#breadcrumb"},"inLanguage":"de","potentialAction":[{"@type":"ReadAction","target":["https:\/\/olgafertilityclinic.com\/de\/eizellspende\/eizellspende_forum\/"]}]},{"@type":"BreadcrumbList","@id":"https:\/\/olgafertilityclinic.com\/de\/eizellspende\/eizellspende_forum\/#breadcrumb","itemListElement":[{"@type":"ListItem","position":1,"name":"Home","item":"https:\/\/olgafertilityclinic.com\/de\/"},{"@type":"ListItem","position":2,"name":"Eizellspende: Auswahl und Geld-zur\u00fcck-Garantie","item":"https:\/\/olgafertilityclinic.com\/de\/ei\/"},{"@type":"ListItem","position":3,"name":"Schwanger und Mutter: Erfahrungen und Erlebnise im Eizellspende Forum."}]}]}},"_links":{"self":[{"href":"https:\/\/olgafertilityclinic.com\/de\/wp-json\/wp\/v2\/pages\/6231"}],"collection":[{"href":"https:\/\/olgafertilityclinic.com\/de\/wp-json\/wp\/v2\/pages"}],"about":[{"href":"https:\/\/olgafertilityclinic.com\/de\/wp-json\/wp\/v2\/types\/page"}],"author":[{"embeddable":true,"href":"https:\/\/olgafertilityclinic.com\/de\/wp-json\/wp\/v2\/users\/1"}],"replies":[{"embeddable":true,"href":"https:\/\/olgafertilityclinic.com\/de\/wp-json\/wp\/v2\/comments?post=6231"}],"version-history":[{"count":2,"href":"https:\/\/olgafertilityclinic.com\/de\/wp-json\/wp\/v2\/pages\/6231\/revisions"}],"predecessor-version":[{"id":18709,"href":"https:\/\/olgafertilityclinic.com\/de\/wp-json\/wp\/v2\/pages\/6231\/revisions\/18709"}],"up":[{"embeddable":true,"href":"https:\/\/olgafertilityclinic.com\/de\/wp-json\/wp\/v2\/pages\/7793"}],"wp:attachment":[{"href":"https:\/\/olgafertilityclinic.com\/de\/wp-json\/wp\/v2\/media?parent=6231"}],"wp:term":[{"taxonomy":"post_tag","embeddable":true,"href":"https:\/\/olgafertilityclinic.com\/de\/wp-json\/wp\/v2\/tags?post=6231"}],"curies":[{"name":"wp","href":"https:\/\/api.w.org\/{rel}","templated":true}]}}