{"id":6253,"date":"2020-06-15T12:00:00","date_gmt":"2020-06-15T12:00:00","guid":{"rendered":"https:\/\/olgafertilityclinic.com\/behandlung\/"},"modified":"2020-06-15T12:00:00","modified_gmt":"2020-06-15T12:00:00","slug":"behandlung","status":"publish","type":"page","link":"https:\/\/olgafertilityclinic.com\/de\/embryonenspende\/behandlung\/","title":{"rendered":"Methode und Medikamente"},"content":{"rendered":"<p class=\"accent2\">Im Anschluss an Ihr Beratungsgespr&auml;ch mit Ihrer &Auml;rztin werden Sie gebeten, sich f&uuml;r einen Termin f&uuml;r den Embryotransfer in&nbsp;der O.L.G.A. Fertility Clinic zu entscheiden. Ihr Aufenthalt muss lediglich zwei Tage in&nbsp;Anspruch nehmen. Ihr pers&ouml;nlicher Behandlungsplan wird dann um diesen Wunschtermin herum aufgestellt. Wenn Sie m&ouml;chten, kann Ihr nat&uuml;rlicher Monatszyklus dabei ber&uuml;cksichtigt werden. Die Embryonen werden dann aufgetaut, wenn Sie gut vorbereitet zum Transfer in&nbsp;die Klinik kommen.<\/p>\n<h2>Behandlung der Empf&auml;ngerin der Embryospende<\/h2>\n<p>Es ist sehr wichtig tieferliegender Probleme, die m&ouml;glicherweise Ihre Erfolgsaussichten schm&auml;lern zu diagnostizieren.&nbsp; Unsere prim&auml;re Aufgabe ist es daher zun&auml;chst, diese Probleme nachhaltig zu l&ouml;sen, damit dann baldm&ouml;glichst bei Ihnen ein erfolgreich verlaufender Embryotransfer vorgenommen werden kann.&nbsp;&nbsp;<\/p>\n<p>Dar&uuml;ber hinaus ist es uns auch sehr wichtig, Sie ganz pers&ouml;nlich hinsichtlich Ihrer medizinischen Vorgeschichte eingehend zu beraten, um das Ausma&szlig; der m&ouml;glichen Ei- und\/oder Samenzellproblematik nicht &uuml;ber zu bewerten. Erstaunlicherweise werden viele der Patienten, die mit uns wegen einer Embryonenadoption Kontakt aufnehmen, dann doch Eltern von gesunden Kindern durch eine <a href=\"\/de\/ei\/eizellspende_bei_avapeter\/how_to_start\/\">Eizellspende befruchtet mit den Samenzellen des eigenen Ehemanns\/Partners<\/a> oder sogar durch eine <a href=\"\/en\/preimplantation\/\">IVF-Behandlung mit eigenen Eizellen mit PID aller 23 Chromosomenpaare<\/a>.<\/p>\n<p class=\"phonecons\">Fordern Sie bitte einfach eine Telefonberatung durch unsere &Auml;rztin an, damit wir Ihre ganz pers&ouml;nlichen Chancen besprechen k&ouml;nnen, ein Baby mithilfe einer Embryonenadoption oder einer anderen M&ouml;glichkeit zu bekommen.&nbsp;&nbsp;&nbsp;<\/p>\n<div style=\"text-align:center;\"><a class=\"btnr btns requestcall\" data-id=\"consult\">Fordern Sie einen R&uuml;ckruf an<\/a><\/div>\n<p>&nbsp;<\/p>\n<p>Bei der Embryoempf&auml;ngerin (Frauen, die f&uuml;r eine Schwangerschaft gespendete Embryonen in&nbsp;Anspruch nehmen m&uuml;ssen) kommt es entweder noch zu monatlichen Regelblutung oder auch nicht. Gleichg&uuml;ltig, ob Sie nun eine Blutung haben oder nicht, werden Sie in&nbsp;den meisten F&auml;llen &uuml;ber einen bestimmten Zeitraum hinweg Hormonpr&auml;parate nehmen und sie dann absetzen m&uuml;ssen. Dies sollte dann zu einer &bdquo;Abbruchblutung&ldquo; oder Regel f&uuml;hren. Gelegentlich ist mehr als ein &bdquo;Probezyklus&ldquo; erforderlich, um sicherzugehen, dass Ihre Geb&auml;rmutterschleimhaut gut auf die Medikamente anspricht, d.h. zufriedenstellend w&auml;chst. Ihr betreuender Arzt, bzw. Ihre betreuende &Auml;rztin von der O.L.G.A. Fertility Clinic wird die genauen Angaben hierzu in&nbsp;Ihrem pers&ouml;nlichen <a href=\"\/de\/embryonenspende\/gemeinschaftliche\/\">Behandlungsplan<\/a> vermerken. M&ouml;glicherweise wird Ihnen auch ein oder mehrere Male ein sog. &bdquo;herunter-regulierendes&ldquo; Medikament gespritzt, um die vorzeitige Ovulation zu vermeiden und das &bdquo;Implantationszeitfenster&ldquo; zu verr&uuml;cken. &Uuml;blicherweise wird dann vor Beginn der Behandlung per Ultraschall &uuml;berpr&uuml;ft, ob die Geb&auml;rmutterschleimhaut d&uuml;nn ist und keine Zysten in&nbsp;den Eierst&ouml;cken vorliegen (gespendete Embryonen sind ja ein sehr wertvolles Gut und Ihre &Auml;rztin von der O.L.G.A. Fertility Clinic Klink m&ouml;chte sicherstellen, dass Ihre Geb&auml;rmutter f&uuml;r den Embryotransfer auch in&nbsp;bestm&ouml;glichem Zustand ist). Zum Wiederaufbau Ihrer Geb&auml;rmutterschleimhaut wird Ihnen ein &Ouml;strogenpr&auml;parat verschrieben, entweder als Tablette, Pflaster und\/oder Salbe. F&uuml;nf Tage vor dem vorgesehen Termin f&uuml;r den Embryotransfer nehmen Sie zus&auml;tzlich zum &Ouml;strogen auch noch ein progesteronhaltiges Mittel, zumeist in&nbsp;Form eines Vaginalz&auml;pfchens oder einer Salbe.&nbsp; &nbsp;&nbsp;<\/p>\n<p class=\"accent2\">Fordern Sie bitte einfach eine Telefonberatung durch unsere &Auml;rztin an, damit wir Ihre Anamnese besprechen und Sie ganz pers&ouml;nlich beraten k&ouml;nnen, welche Option f&uuml;r Sie die beste ist, ein Baby entweder mithilfe einer Embryonenadoption oder einer anderen M&ouml;glichkeit zu bekommen.&nbsp;&nbsp;<\/p>\n<div style=\"text-align:center;\"><a class=\"btnr btns requestcall\" data-id=\"consult\">Fordern Sie einen R&uuml;ckruf an<\/a><\/div>\n<h2>Der Embryotransfer<\/h2>\n<p>Beim Embryotransfer handelt es sich um ein sehr einfaches und schmerzfreies Verfahren, dass am 2., 3., 4. oder 5. Tag (Blastozystenstadium) nach der Eizellentnahme vorgenommen werden kann. Weil jede Patientin und jeder Zyklus unterschiedlich sind, wird der genaue Tag des Transfers vom jeweiligen Fall bestimmt und im Einvernehmen mit Ihrem pers&ouml;nlichen Arzt oder Ihrer &Auml;rztin festgelegt. Wie bei allen anderen Ma&szlig;nahmen auch ist unsere Zielsetzung, genau den Termin f&uuml;r den Embryotransfer abzupassen, der f&uuml;r Sie als Patientin die gr&ouml;&szlig;tm&ouml;glichen Erfolgsaussichten verspricht.<\/p>\n<p>Der eigentliche Embryotransfer erfolgt mit Hilfe eines sehr d&uuml;nnen, weichen Plastikkatheters, der durch die Scheide und den Muttermund in&nbsp;den Uterus eingef&uuml;hrt wird.&nbsp; Sie m&uuml;ssen keine Medikamente oder Beruhigungsmittel einnehmen.<\/p>\n<p>Das Standardverfahren, das zu klinischen Schwangerschaftsraten von &uuml;ber 50 Prozent f&uuml;hrt, ist bei uns der Transfer eines einzelnen ausgew&auml;hlten Embryos. &nbsp;<\/p>\n<p>Wenn wir zwei gespendete Embryonen transferieren, steigen die Chancen schwanger zu werden lediglich von mehr als 50 Prozent auf 60 Prozent. Das Risiko einer Mehrlingsschwangerschaft erh&ouml;ht sich allerdings signifikant, so&nbsp;dass es zu einer Zwillingsrate von &uuml;ber 50 Prozent kommt (d.h. mehr als die H&auml;lfte der Schwangeren werden Zwillinge geb&auml;ren).&nbsp;<\/p>\n<p>Die Komplikationsraten f&uuml;r Mutter und Kinder sind bei Mehrlingsschwangerschaften&nbsp; bekannterma&szlig;en 5 bis 6 Mal h&ouml;her als bei einer Einzelschwangerschaft. Besonders die Kinder sind betroffen: es kommt zu einem sehr geringen Geburtsgewicht, die inneren Organe und das Nervensystem sind unterentwickelt, was dann vielerlei Folgen im sp&auml;teren Leben haben wird.<\/p>\n<p>In&nbsp;unserer klinischen Praxis steigern wir die Erfolgsquote nicht dadurch, dass wir die Zahl der eingebrachten Embryonen erh&ouml;hen, sondern durch die &auml;u&szlig;erst sorgf&auml;ltige Auswahl der potentiellen Ei- und Samenzellspender sowie durch hohe Laborstandards. Dadurch stellen wir sicher, dass ausschlie&szlig;lich Blastozysten h&ouml;chster Qualit&auml;t verwendet werden.&nbsp;&nbsp;<\/p>\n<h2>Behandlung nach dem Embryotransfer<\/h2>\n<p>Die Hormontherapie mit &Ouml;strogen und Progesteron wird auch nach dem Embryotransfer f&uuml;r zwei Wochen fortgesetzt. Zu dem Zeitpunkt wird dann ein Schwangerschaftstest durchgef&uuml;hrt, entweder mittels einer Blut- oder Urinprobe. Bei einem positiven Testergebnis sollten Sie zwei Wochen danach eine Ultraschalluntersuchung zur Best&auml;tigung der Schwangerschaft machen lassen. Wenn auf dem Ultraschallbild eine sogenannte &bdquo;f&ouml;tale Verdickung&ldquo; (die wie ein Reiskorn im Dottersack aussieht) zu sehen ist, kann das als klinischer Schwangerschaftsnachweis gewertet werden. Sie sollten die Einnahme der &Ouml;strogen- und Progesteronpr&auml;parate bis zur 12. Schwangerschaftswoche fortsetzen und danach bis zur 30. Woche nur noch das Progesteronhaltige Mittel einnehmen.&nbsp;<\/p>\n<p>Schauen Sie doch einfach hier, um genauer zu verstehen, warum eine Schwangerschaft mit einer Embryonenspende so&nbsp;etwas ganz besonderes ist.<\/p>\n<p>Geben Sie uns bitte Bescheid, sobald Ihnen das Ergebnis Ihres Schwangerschaftstests vorliegt, wir sind ganz gespannt auf Ihre Nachricht! Wenn Sie schwanger geworden sind, w&uuml;rden wir sehr gerne&nbsp; &uuml;ber den weiteren Verlauf auf dem Laufenden gehalten werden. Wir hoffen nat&uuml;rlich, dass sich alles gut entwickelt. Falls es in&nbsp;den ersten drei Monaten dennoch zu irgendwelchen Komplikationen kommen sollte, finden unsere Patientinnen schon im Voraus Informationen dar&uuml;ber, was in&nbsp;einem solchen Falle zu tun w&auml;re, n&auml;mlich hier. &nbsp;&nbsp;&nbsp;<\/p>\n<p>Falls Ihr Schwangerschaftstest negativ ausgefallen sein sollte, besteht leider nur eine ausgesprochen geringe Wahrscheinlichkeit, dass Sie schwanger sind. Dennoch nehmen einige Patientinnen ihre Medikamente weiterhin und lassen ein paar Tage sp&auml;ter noch einmal einen Schwangerschaftstest machen. Wenn auch dieser Test ergibt, dass keine Schwangerschaft vorliegt, kann die Hormonbehandlung abgesetzt werden.<\/p>\n<p>Und falls es dieses Mal nicht so&nbsp;geklappt hat, wie Sie sich das erhofft hatten, werden wir unser Bestes tun, um Ihnen den Beistand und Rat zu geben, den Sie jetzt brauchen.<\/p>\n<p>Ebenso wie bei jeder anderen Schwangerschaft besteht auch nach einer IVF-Behandlung ein geringes Risiko, dass es zu einer Fehlgeburt, einer ektopischen Schwangerschaft oder einer f&ouml;talen Fehlbildung kommt, bzw. Komplikationen im weiteren Verlauf der Schwangerschaft oder bei der Geburt auftreten.&nbsp; Das Risiko, eine Fehlgeburt nach einer Embryonenadoption an der O.L.G.A. Fertility Clinic zu erleiden, ist jedoch nicht h&ouml;her als bei Frauen, die in&nbsp;ihren Zwanzigern sind und ihre eigenen Eizellen nutzen.&nbsp; Der Grund daf&uuml;r ist, dass wir hochwertige Ei- und Samenspenden von jungen gesunden Spenderinnen und Spendern nutzen, Ihnen h&ouml;chst wirksame Hormonpr&auml;parate zur Unterst&uuml;tzung empfehlen und sehr hohe Ma&szlig;st&auml;be bei der Kommunikation anlegen, um dadurch etwaige Komplikationen von vorne herein zu verhindern anstatt sie sp&auml;ter heilen zu m&uuml;ssen.&nbsp;<\/p>\n<p class=\"phonecons\">Fordern Sie bitte einfach eine Telefonberatung durch unsere &Auml;rztin an, damit wir Ihre Anamnese besprechen und Sie ganz pers&ouml;nlich beraten k&ouml;nnen, welche Option f&uuml;r Sie die beste ist, ein Baby entweder mithilfe einer Embryonenadoption oder einer anderen M&ouml;glichkeit zu bekommen.&nbsp; &nbsp;&nbsp;<\/p>\n<p>&nbsp;<\/p>\n","protected":false},"excerpt":{"rendered":"<p>Im Anschluss an Ihr Beratungsgespr&auml;ch mit Ihrer &Auml;rztin werden Sie gebeten, sich f&uuml;r einen Termin f&uuml;r den Embryotransfer in&nbsp;der O.L.G.A. Fertility Clinic zu entscheiden. Ihr Aufenthalt muss lediglich zwei Tage in&nbsp;Anspruch nehmen. Ihr pers&ouml;nlicher Behandlungsplan wird dann um diesen Wunschtermin herum aufgestellt. Wenn Sie m&ouml;chten, kann Ihr nat&uuml;rlicher Monatszyklus dabei ber&uuml;cksichtigt werden. Die Embryonen werden<\/p>\n","protected":false},"author":1,"featured_media":0,"parent":6234,"menu_order":7,"comment_status":"closed","ping_status":"open","template":"","meta":{"footnotes":""},"tags":[],"acf":[],"yoast_head":"<!-- This site is optimized with the Yoast SEO plugin v18.6 - https:\/\/yoast.com\/wordpress\/plugins\/seo\/ -->\n<title>Methode und Medikamente - Die Behandlung mithilfe einer Embryonenspende an der O.L.G.A. Fertility Clinic<\/title>\n<meta name=\"description\" content=\"An einer Fruchtbarkeitsbehandlung mittels einer Embryonenspende sind drei Menschen beteiligt: die Ei- und Samenzellenspender sowie die Empf\u00e4ngerin der Embryonenspende. Unsere \u00c4rzte lernen die Spender pers\u00f6nlich kennen, um dadurch eine gr\u00f6\u00dftm\u00f6gliche \u00dcbereinstimmung bei den Merkmalen aller Beteiligten zu erzielen. Sofern Sie die Erstberatung an der O.L.G.A. Fertility Clinic nicht in Anspruch nehmen, benutzen wir die Fotos und Informationen, die wir von Ihnen erhalten haben, um eine solche \u00dcbereinstimmung zu erreichen.\" \/>\n<meta name=\"robots\" content=\"index, follow, max-snippet:-1, max-image-preview:large, max-video-preview:-1\" \/>\n<link rel=\"canonical\" href=\"https:\/\/olgafertilityclinic.com\/de\/embryonenspende\/behandlung\/\" \/>\n<meta property=\"og:locale\" content=\"de_DE\" \/>\n<meta property=\"og:type\" content=\"article\" \/>\n<meta property=\"og:title\" content=\"Methode und Medikamente - Die Behandlung mithilfe einer Embryonenspende an der O.L.G.A. Fertility Clinic\" \/>\n<meta property=\"og:description\" content=\"An einer Fruchtbarkeitsbehandlung mittels einer Embryonenspende sind drei Menschen beteiligt: die Ei- und Samenzellenspender sowie die Empf\u00e4ngerin der Embryonenspende. Unsere \u00c4rzte lernen die Spender pers\u00f6nlich kennen, um dadurch eine gr\u00f6\u00dftm\u00f6gliche \u00dcbereinstimmung bei den Merkmalen aller Beteiligten zu erzielen. Sofern Sie die Erstberatung an der O.L.G.A. Fertility Clinic nicht in Anspruch nehmen, benutzen wir die Fotos und Informationen, die wir von Ihnen erhalten haben, um eine solche \u00dcbereinstimmung zu erreichen.\" \/>\n<meta property=\"og:url\" content=\"https:\/\/olgafertilityclinic.com\/de\/embryonenspende\/behandlung\/\" \/>\n<meta property=\"og:site_name\" content=\"O.L.G.A. Fertility\" \/>\n<meta name=\"twitter:card\" content=\"summary_large_image\" \/>\n<meta name=\"twitter:label1\" content=\"Gesch\u00e4tzte Lesezeit\" \/>\n\t<meta name=\"twitter:data1\" content=\"7\u00a0Minuten\" \/>\n<script type=\"application\/ld+json\" class=\"yoast-schema-graph\">{\"@context\":\"https:\/\/schema.org\",\"@graph\":[{\"@type\":\"WebSite\",\"@id\":\"https:\/\/olgafertilityclinic.com\/de\/#website\",\"url\":\"https:\/\/olgafertilityclinic.com\/de\/\",\"name\":\"O.L.G.A. Fertility\",\"description\":\"Cyprus  and St. Petersburg\",\"potentialAction\":[{\"@type\":\"SearchAction\",\"target\":{\"@type\":\"EntryPoint\",\"urlTemplate\":\"https:\/\/olgafertilityclinic.com\/de\/?s={search_term_string}\"},\"query-input\":\"required name=search_term_string\"}],\"inLanguage\":\"de\"},{\"@type\":\"WebPage\",\"@id\":\"https:\/\/olgafertilityclinic.com\/de\/embryonenspende\/behandlung\/#webpage\",\"url\":\"https:\/\/olgafertilityclinic.com\/de\/embryonenspende\/behandlung\/\",\"name\":\"Methode und Medikamente - Die Behandlung mithilfe einer Embryonenspende an der O.L.G.A. Fertility Clinic\",\"isPartOf\":{\"@id\":\"https:\/\/olgafertilityclinic.com\/de\/#website\"},\"datePublished\":\"2020-06-15T12:00:00+00:00\",\"dateModified\":\"2020-06-15T12:00:00+00:00\",\"description\":\"An einer Fruchtbarkeitsbehandlung mittels einer Embryonenspende sind drei Menschen beteiligt: die Ei- und Samenzellenspender sowie die Empf\u00e4ngerin der Embryonenspende. Unsere \u00c4rzte lernen die Spender pers\u00f6nlich kennen, um dadurch eine gr\u00f6\u00dftm\u00f6gliche \u00dcbereinstimmung bei den Merkmalen aller Beteiligten zu erzielen. Sofern Sie die Erstberatung an der O.L.G.A. Fertility Clinic nicht in Anspruch nehmen, benutzen wir die Fotos und Informationen, die wir von Ihnen erhalten haben, um eine solche \u00dcbereinstimmung zu erreichen.\",\"breadcrumb\":{\"@id\":\"https:\/\/olgafertilityclinic.com\/de\/embryonenspende\/behandlung\/#breadcrumb\"},\"inLanguage\":\"de\",\"potentialAction\":[{\"@type\":\"ReadAction\",\"target\":[\"https:\/\/olgafertilityclinic.com\/de\/embryonenspende\/behandlung\/\"]}]},{\"@type\":\"BreadcrumbList\",\"@id\":\"https:\/\/olgafertilityclinic.com\/de\/embryonenspende\/behandlung\/#breadcrumb\",\"itemListElement\":[{\"@type\":\"ListItem\",\"position\":1,\"name\":\"Home\",\"item\":\"https:\/\/olgafertilityclinic.com\/de\/\"},{\"@type\":\"ListItem\",\"position\":2,\"name\":\"Embryonenadoption (Embryonenspende) \u2014 erfolgreich und kosteng\u00fcnstig\",\"item\":\"https:\/\/olgafertilityclinic.com\/de\/embryonenspende\/\"},{\"@type\":\"ListItem\",\"position\":3,\"name\":\"Methode und Medikamente\"}]}]}<\/script>\n<!-- \/ Yoast SEO plugin. -->","yoast_head_json":{"title":"Methode und Medikamente - Die Behandlung mithilfe einer Embryonenspende an der O.L.G.A. Fertility Clinic","description":"An einer Fruchtbarkeitsbehandlung mittels einer Embryonenspende sind drei Menschen beteiligt: die Ei- und Samenzellenspender sowie die Empf\u00e4ngerin der Embryonenspende. Unsere \u00c4rzte lernen die Spender pers\u00f6nlich kennen, um dadurch eine gr\u00f6\u00dftm\u00f6gliche \u00dcbereinstimmung bei den Merkmalen aller Beteiligten zu erzielen. Sofern Sie die Erstberatung an der O.L.G.A. Fertility Clinic nicht in Anspruch nehmen, benutzen wir die Fotos und Informationen, die wir von Ihnen erhalten haben, um eine solche \u00dcbereinstimmung zu erreichen.","robots":{"index":"index","follow":"follow","max-snippet":"max-snippet:-1","max-image-preview":"max-image-preview:large","max-video-preview":"max-video-preview:-1"},"canonical":"https:\/\/olgafertilityclinic.com\/de\/embryonenspende\/behandlung\/","og_locale":"de_DE","og_type":"article","og_title":"Methode und Medikamente - Die Behandlung mithilfe einer Embryonenspende an der O.L.G.A. Fertility Clinic","og_description":"An einer Fruchtbarkeitsbehandlung mittels einer Embryonenspende sind drei Menschen beteiligt: die Ei- und Samenzellenspender sowie die Empf\u00e4ngerin der Embryonenspende. Unsere \u00c4rzte lernen die Spender pers\u00f6nlich kennen, um dadurch eine gr\u00f6\u00dftm\u00f6gliche \u00dcbereinstimmung bei den Merkmalen aller Beteiligten zu erzielen. Sofern Sie die Erstberatung an der O.L.G.A. Fertility Clinic nicht in Anspruch nehmen, benutzen wir die Fotos und Informationen, die wir von Ihnen erhalten haben, um eine solche \u00dcbereinstimmung zu erreichen.","og_url":"https:\/\/olgafertilityclinic.com\/de\/embryonenspende\/behandlung\/","og_site_name":"O.L.G.A. Fertility","twitter_card":"summary_large_image","twitter_misc":{"Gesch\u00e4tzte Lesezeit":"7\u00a0Minuten"},"schema":{"@context":"https:\/\/schema.org","@graph":[{"@type":"WebSite","@id":"https:\/\/olgafertilityclinic.com\/de\/#website","url":"https:\/\/olgafertilityclinic.com\/de\/","name":"O.L.G.A. Fertility","description":"Cyprus  and St. Petersburg","potentialAction":[{"@type":"SearchAction","target":{"@type":"EntryPoint","urlTemplate":"https:\/\/olgafertilityclinic.com\/de\/?s={search_term_string}"},"query-input":"required name=search_term_string"}],"inLanguage":"de"},{"@type":"WebPage","@id":"https:\/\/olgafertilityclinic.com\/de\/embryonenspende\/behandlung\/#webpage","url":"https:\/\/olgafertilityclinic.com\/de\/embryonenspende\/behandlung\/","name":"Methode und Medikamente - Die Behandlung mithilfe einer Embryonenspende an der O.L.G.A. Fertility Clinic","isPartOf":{"@id":"https:\/\/olgafertilityclinic.com\/de\/#website"},"datePublished":"2020-06-15T12:00:00+00:00","dateModified":"2020-06-15T12:00:00+00:00","description":"An einer Fruchtbarkeitsbehandlung mittels einer Embryonenspende sind drei Menschen beteiligt: die Ei- und Samenzellenspender sowie die Empf\u00e4ngerin der Embryonenspende. Unsere \u00c4rzte lernen die Spender pers\u00f6nlich kennen, um dadurch eine gr\u00f6\u00dftm\u00f6gliche \u00dcbereinstimmung bei den Merkmalen aller Beteiligten zu erzielen. Sofern Sie die Erstberatung an der O.L.G.A. Fertility Clinic nicht in Anspruch nehmen, benutzen wir die Fotos und Informationen, die wir von Ihnen erhalten haben, um eine solche \u00dcbereinstimmung zu erreichen.","breadcrumb":{"@id":"https:\/\/olgafertilityclinic.com\/de\/embryonenspende\/behandlung\/#breadcrumb"},"inLanguage":"de","potentialAction":[{"@type":"ReadAction","target":["https:\/\/olgafertilityclinic.com\/de\/embryonenspende\/behandlung\/"]}]},{"@type":"BreadcrumbList","@id":"https:\/\/olgafertilityclinic.com\/de\/embryonenspende\/behandlung\/#breadcrumb","itemListElement":[{"@type":"ListItem","position":1,"name":"Home","item":"https:\/\/olgafertilityclinic.com\/de\/"},{"@type":"ListItem","position":2,"name":"Embryonenadoption (Embryonenspende) \u2014 erfolgreich und kosteng\u00fcnstig","item":"https:\/\/olgafertilityclinic.com\/de\/embryonenspende\/"},{"@type":"ListItem","position":3,"name":"Methode und Medikamente"}]}]}},"_links":{"self":[{"href":"https:\/\/olgafertilityclinic.com\/de\/wp-json\/wp\/v2\/pages\/6253"}],"collection":[{"href":"https:\/\/olgafertilityclinic.com\/de\/wp-json\/wp\/v2\/pages"}],"about":[{"href":"https:\/\/olgafertilityclinic.com\/de\/wp-json\/wp\/v2\/types\/page"}],"author":[{"embeddable":true,"href":"https:\/\/olgafertilityclinic.com\/de\/wp-json\/wp\/v2\/users\/1"}],"replies":[{"embeddable":true,"href":"https:\/\/olgafertilityclinic.com\/de\/wp-json\/wp\/v2\/comments?post=6253"}],"version-history":[{"count":0,"href":"https:\/\/olgafertilityclinic.com\/de\/wp-json\/wp\/v2\/pages\/6253\/revisions"}],"up":[{"embeddable":true,"href":"https:\/\/olgafertilityclinic.com\/de\/wp-json\/wp\/v2\/pages\/6234"}],"wp:attachment":[{"href":"https:\/\/olgafertilityclinic.com\/de\/wp-json\/wp\/v2\/media?parent=6253"}],"wp:term":[{"taxonomy":"post_tag","embeddable":true,"href":"https:\/\/olgafertilityclinic.com\/de\/wp-json\/wp\/v2\/tags?post=6253"}],"curies":[{"name":"wp","href":"https:\/\/api.w.org\/{rel}","templated":true}]}}