{"id":6465,"date":"2020-06-15T12:00:00","date_gmt":"2020-06-15T12:00:00","guid":{"rendered":"https:\/\/olgafertilityclinic.com\/travel_support\/"},"modified":"2023-12-26T03:58:56","modified_gmt":"2023-12-26T03:58:56","slug":"travel_support","status":"publish","type":"page","link":"https:\/\/olgafertilityclinic.com\/de\/travel_support\/","title":{"rendered":""},"content":{"rendered":"<p><strong>Die O.L.G.A. Fertility Clinic liegt unmittelbar im Zentrum von St. Petersburg, der zweitgr\u00f6\u00dften Stadt Russlands. St. Petersburg ist gut erreichbar mit regelm\u00e4\u00dfigen Flugverbindungen aus vielen europ\u00e4ischen St\u00e4dten. Rund um die Klinik finden Sie Hotels, Gesch\u00e4fte, Kan\u00e4le und Kultureinrichtungen, wie z.B. Museen, Galerien, Theater und Opernh\u00e4user.\u00a0<\/strong><\/p>\n<p class=\"ac\"><iframe loading=\"lazy\" src=\"https:\/\/www.youtube.com\/embed\/8kRfVTzHpDw?rel=0&amp;controls=1&amp;showinfo=0&amp;theme=light\" width=\"560\" height=\"314\" frameborder=\"0\" scrolling=\"no\" allowfullscreen=\"allowfullscreen\"><\/iframe><\/p>\n<p><strong>Standort<\/strong><\/p>\n<p class=\"dropcaps\">St. Petersburg liegt an der russischen Westk\u00fcste am Golf von Finnland. Weil die Stadt unmittelbar am Meer gelegen ist, herrscht hier ein Klima, das wesentlich ausgeglichener ist als in&nbsp;den St\u00e4dten im Binnenland, wie beispielsweise Moskau. Aufgrund seiner eindrucksvollen pr\u00e4chtigen Architektur und der malerischen Kan\u00e4le wird es das \u201eVenedig des Nordens\u201c genannt. Die Stadt l\u00e4sst sich wunderbar zu Fu\u00df oder mit \u00f6ffentlichen Verkehrsmitteln erkunden, denn eine ganze F\u00fclle wichtiger historischer und kultureller Sehensw\u00fcrdigkeiten liegen dicht gedr\u00e4ngt beieinander. St Petersburg ist ein bevorzugtes Reiseziel f\u00fcr Touristen, die eine interessante, abwechslungsreiche und noch dazu leicht zu erreichende Stadt kennenlernen m\u00f6chten.<\/p>\n<p><strong>Unsere Klinik<\/strong><\/p>\n<p class=\"dropcaps\">Unsere Klinik liegt am Nevsky Prospekt und zwar genau gegen\u00fcber der prachtvollen Kathedrale der Mutter Gottes von Kazan. Die Kathedrale ist nur eine von vielen anderen beeindruckenden Sehensw\u00fcrdigkeiten, denen Sie bei einem kurzen Spaziergang von der O.L.G.A. Fertility Clinic aus einen Besuch abstatten k\u00f6nnen. Einige weitere Attraktionen sind z.B. das Museum f\u00fcr Russische Kunst, die Auferstehungskirche und nat\u00fcrlich auch die Eremitage, wo etliche gro\u00dfartige russische Kunstsch\u00e4tze ausgestellt werden.<\/p>\n<p class=\"dropcaps\">Der Nevsky Prospekt z\u00e4hlt zu den wichtigsten Stra\u00dfen St. Petersburgs und ist au\u00dferordentlich g\u00fcnstig gelegen, denn hier in&nbsp;der Gegend finden Sie alles: kulturelle Einrichtungen, Gesch\u00e4fte, Restaurants und Hotels. Die Metrostation Nevsky Prospekt ist nur eine Minute zu Fu\u00df von der O.L.G.A. Fertility Clinic entfernt, viele Buslinien fahren direkt an unserer Eingangst\u00fcr vorbei. Der Nevsky Prospekt ist die Haupteinkaufsmeile in&nbsp;unserer wunderbaren Stadt, das Angebot reicht von kleinen Fachgesch\u00e4ften bis hin zu gro\u00dfen Kaufh\u00e4usern. Daneben gibt es zahlreiche Cafes und Restaurants, wo Sie entspannen und dem bunten Treiben und den nach der \u00f6rtlichen Mode gekleideten Passanten zuschauen k\u00f6nnen.<\/p>\n<p><strong>Anreise<\/strong><\/p>\n<p class=\"dropcaps\">Die Mehrzahl unserer ausl\u00e4ndischen Patientinnen kommt mit dem Flugzeug am ca. 15 km s\u00fcdlich vom Zentrum gelegenen Pulkow Flughafen an (<a href=\"\/admin\/home\/www.pulkovoairport.ru\">www.pulkovoairport.ru<\/a>). T\u00e4glich landen hier viele Linienmaschinen aus zahlreichen anderen europ\u00e4ischen St\u00e4dten. F\u00fcr die Fahrt zum Hotel oder zur O.L.G.A. Fertility Clinic k\u00f6nnen wir Ihnen gerne ein Taxi bestellen. Die Fahrt kostet etwa 35 Euro. Es verkehren auch Shuttlebusse zwischen dem Flughafen und einigen Metrostationen in&nbsp;der Stadt.<\/p>\n<p class=\"dropcaps\">Aller Voraussicht nach werden Sie f\u00fcr die Einreise ein Visum ben\u00f6tigen. Es empfiehlt sich, das Visum so&nbsp;fr\u00fchzeitig wie m\u00f6glich zu besorgen, d.h. so&nbsp;bald der Termin f\u00fcr Ihr erstes Beratungsgespr\u00e4ch und\/oder den Embryotransfer festgelegt worden ist. Wenn Sie rechtzeitig Bescheid geben, kann Ihr Reiseb\u00fcro eventuell die Visumsformalit\u00e4ten f\u00fcr Sie erledigen. Falls Sie die Reise selbst vorbereiten, m\u00fcssten Sie sich auch um die Beschaffung des Visums k\u00fcmmern. Wir k\u00f6nnen Ihnen gerne die Unterlagen zuschicken, die Sie zu Beantragung eines <a href=\"\/de\/trip\/visa\">Visums<\/a>\u00a0ben\u00f6tigen.<\/p>\n<p><strong>Hotels<\/strong><\/p>\n<p class=\"dropcaps\">Nur einige Gehminuten von der O.L.G.A. Fertility Clinic entfernt finden Sie Hotels aller Preiskategorien, so&nbsp;dass Sie uns einfach und schnell erreichen k\u00f6nnen und sich keine Sorgen machen m\u00fcssen, zu sp\u00e4t zu einem so&nbsp;wichtigen Termin zu kommen. N\u00e4here Informationen \u00fcber einige Hotels in&nbsp;unserer N\u00e4he finden Sie, wenn Sie auf unseren Link <a href=\"\/de\/trip\/hotels\/\">hotels<\/a> klicken.Wir sind Ihnen gerne bei der Buchung behilflich und auch bei der Beschaffung der Dokumente f\u00fcr den <a href=\"\/de\/trip\/visa\/\">Visumsantrag.<\/a><\/p>\n<p><strong>Genie\u00dfen Sie Ihren Aufenthalt<\/strong><\/p>\n<p class=\"dropcaps\">Je nach dem, ob Sie zu einer Erstberatung in&nbsp;die O.L.G.A. Fertility Clinic kommen m\u00f6chten oder nicht, werden Sie entweder ein oder zwei Mal nach St. Petersburg reisen. Sie kommen nat\u00fcrlich vor allen Dingen hierher, um Eltern zu werden, aber trotzdem sollten Sie Ihren Aufenthalt in&nbsp;unsere gro\u00dfartige Stadt genie\u00dfen! Einige unserer Patientinnen machen gerne einen Spaziergang entlang der wunderh\u00fcbschen Kan\u00e4le und probieren aus, was die Speisekarten der verschiedenen Restaurants so&nbsp;zu bieten haben, seien es nun russische oder internationale Gerichte. Andere wiederum besichtigen m\u00f6glichst viele Sehensw\u00fcrdigkeiten oder erleben einen Abend in&nbsp;der Oper oder haben sich Karten f\u00fcr das Mariinsky Ballet (das fr\u00fchere Kirov Ballet) organisiert. Ein Einkaufsbummel kann auch sehr abwechslungsreich sein; vielleicht ergattern Sie einige preiswerte Mastroschka-Puppen f\u00fcr Ihre Familie und Ihre Freunde oder investieren in&nbsp;einen original russischen Wintermantel? Wie auch immer Ihre Interessen gelagert sein m\u00f6gen, mit ein wenig Planung im Voraus, sollte Ihre Aufenthalt hier in&nbsp;St. Petersburg gut gelingen<\/p>\n<p>&nbsp;<\/p>\n","protected":false},"excerpt":{"rendered":"<p>Die O.L.G.A. Fertility Clinic liegt unmittelbar im Zentrum von St. Petersburg, der zweitgr\u00f6\u00dften Stadt Russlands. St. Petersburg ist gut erreichbar mit regelm\u00e4\u00dfigen Flugverbindungen aus vielen europ\u00e4ischen St\u00e4dten. Rund um die Klinik finden Sie Hotels, Gesch\u00e4fte, Kan\u00e4le und Kultureinrichtungen, wie z.B. Museen, Galerien, Theater und Opernh\u00e4user.\u00a0 Standort St. Petersburg liegt an der russischen Westk\u00fcste am Golf<\/p>\n","protected":false},"author":1,"featured_media":0,"parent":0,"menu_order":22,"comment_status":"closed","ping_status":"open","template":"","meta":{"footnotes":""},"tags":[],"acf":[],"yoast_head":"<!-- This site is optimized with the Yoast SEO plugin v18.6 - https:\/\/yoast.com\/wordpress\/plugins\/seo\/ -->\n<title>- O.L.G.A. Fertility<\/title>\n<meta name=\"robots\" content=\"index, follow, max-snippet:-1, max-image-preview:large, max-video-preview:-1\" \/>\n<link rel=\"canonical\" href=\"https:\/\/olgafertilityclinic.com\/de\/travel_support\/\" \/>\n<meta property=\"og:locale\" content=\"de_DE\" \/>\n<meta property=\"og:type\" content=\"article\" \/>\n<meta property=\"og:title\" content=\"- O.L.G.A. Fertility\" \/>\n<meta property=\"og:description\" content=\"Die O.L.G.A. Fertility Clinic liegt unmittelbar im Zentrum von St. Petersburg, der zweitgr\u00f6\u00dften Stadt Russlands. St. Petersburg ist gut erreichbar mit regelm\u00e4\u00dfigen Flugverbindungen aus vielen europ\u00e4ischen St\u00e4dten. Rund um die Klinik finden Sie Hotels, Gesch\u00e4fte, Kan\u00e4le und Kultureinrichtungen, wie z.B. Museen, Galerien, Theater und Opernh\u00e4user.\u00a0 Standort St. Petersburg liegt an der russischen Westk\u00fcste am Golf\" \/>\n<meta property=\"og:url\" content=\"https:\/\/olgafertilityclinic.com\/de\/travel_support\/\" \/>\n<meta property=\"og:site_name\" content=\"O.L.G.A. Fertility\" \/>\n<meta property=\"article:modified_time\" content=\"2023-12-26T03:58:56+00:00\" \/>\n<meta name=\"twitter:card\" content=\"summary_large_image\" \/>\n<meta name=\"twitter:label1\" content=\"Gesch\u00e4tzte Lesezeit\" \/>\n\t<meta name=\"twitter:data1\" content=\"4\u00a0Minuten\" \/>\n<script type=\"application\/ld+json\" class=\"yoast-schema-graph\">{\"@context\":\"https:\/\/schema.org\",\"@graph\":[{\"@type\":\"WebSite\",\"@id\":\"https:\/\/olgafertilityclinic.com\/de\/#website\",\"url\":\"https:\/\/olgafertilityclinic.com\/de\/\",\"name\":\"O.L.G.A. Fertility\",\"description\":\"Cyprus  and St. Petersburg\",\"potentialAction\":[{\"@type\":\"SearchAction\",\"target\":{\"@type\":\"EntryPoint\",\"urlTemplate\":\"https:\/\/olgafertilityclinic.com\/de\/?s={search_term_string}\"},\"query-input\":\"required name=search_term_string\"}],\"inLanguage\":\"de\"},{\"@type\":\"WebPage\",\"@id\":\"https:\/\/olgafertilityclinic.com\/de\/travel_support\/#webpage\",\"url\":\"https:\/\/olgafertilityclinic.com\/de\/travel_support\/\",\"name\":\"- O.L.G.A. Fertility\",\"isPartOf\":{\"@id\":\"https:\/\/olgafertilityclinic.com\/de\/#website\"},\"datePublished\":\"2020-06-15T12:00:00+00:00\",\"dateModified\":\"2023-12-26T03:58:56+00:00\",\"breadcrumb\":{\"@id\":\"https:\/\/olgafertilityclinic.com\/de\/travel_support\/#breadcrumb\"},\"inLanguage\":\"de\",\"potentialAction\":[{\"@type\":\"ReadAction\",\"target\":[\"https:\/\/olgafertilityclinic.com\/de\/travel_support\/\"]}]},{\"@type\":\"BreadcrumbList\",\"@id\":\"https:\/\/olgafertilityclinic.com\/de\/travel_support\/#breadcrumb\",\"itemListElement\":[{\"@type\":\"ListItem\",\"position\":1,\"name\":\"Home\",\"item\":\"https:\/\/olgafertilityclinic.com\/de\/\"},{\"@type\":\"ListItem\",\"position\":2,\"name\":\"\"}]}]}<\/script>\n<!-- \/ Yoast SEO plugin. -->","yoast_head_json":{"title":"- O.L.G.A. Fertility","robots":{"index":"index","follow":"follow","max-snippet":"max-snippet:-1","max-image-preview":"max-image-preview:large","max-video-preview":"max-video-preview:-1"},"canonical":"https:\/\/olgafertilityclinic.com\/de\/travel_support\/","og_locale":"de_DE","og_type":"article","og_title":"- O.L.G.A. Fertility","og_description":"Die O.L.G.A. Fertility Clinic liegt unmittelbar im Zentrum von St. Petersburg, der zweitgr\u00f6\u00dften Stadt Russlands. St. Petersburg ist gut erreichbar mit regelm\u00e4\u00dfigen Flugverbindungen aus vielen europ\u00e4ischen St\u00e4dten. Rund um die Klinik finden Sie Hotels, Gesch\u00e4fte, Kan\u00e4le und Kultureinrichtungen, wie z.B. Museen, Galerien, Theater und Opernh\u00e4user.\u00a0 Standort St. Petersburg liegt an der russischen Westk\u00fcste am Golf","og_url":"https:\/\/olgafertilityclinic.com\/de\/travel_support\/","og_site_name":"O.L.G.A. Fertility","article_modified_time":"2023-12-26T03:58:56+00:00","twitter_card":"summary_large_image","twitter_misc":{"Gesch\u00e4tzte Lesezeit":"4\u00a0Minuten"},"schema":{"@context":"https:\/\/schema.org","@graph":[{"@type":"WebSite","@id":"https:\/\/olgafertilityclinic.com\/de\/#website","url":"https:\/\/olgafertilityclinic.com\/de\/","name":"O.L.G.A. Fertility","description":"Cyprus  and St. Petersburg","potentialAction":[{"@type":"SearchAction","target":{"@type":"EntryPoint","urlTemplate":"https:\/\/olgafertilityclinic.com\/de\/?s={search_term_string}"},"query-input":"required name=search_term_string"}],"inLanguage":"de"},{"@type":"WebPage","@id":"https:\/\/olgafertilityclinic.com\/de\/travel_support\/#webpage","url":"https:\/\/olgafertilityclinic.com\/de\/travel_support\/","name":"- O.L.G.A. Fertility","isPartOf":{"@id":"https:\/\/olgafertilityclinic.com\/de\/#website"},"datePublished":"2020-06-15T12:00:00+00:00","dateModified":"2023-12-26T03:58:56+00:00","breadcrumb":{"@id":"https:\/\/olgafertilityclinic.com\/de\/travel_support\/#breadcrumb"},"inLanguage":"de","potentialAction":[{"@type":"ReadAction","target":["https:\/\/olgafertilityclinic.com\/de\/travel_support\/"]}]},{"@type":"BreadcrumbList","@id":"https:\/\/olgafertilityclinic.com\/de\/travel_support\/#breadcrumb","itemListElement":[{"@type":"ListItem","position":1,"name":"Home","item":"https:\/\/olgafertilityclinic.com\/de\/"},{"@type":"ListItem","position":2,"name":""}]}]}},"_links":{"self":[{"href":"https:\/\/olgafertilityclinic.com\/de\/wp-json\/wp\/v2\/pages\/6465"}],"collection":[{"href":"https:\/\/olgafertilityclinic.com\/de\/wp-json\/wp\/v2\/pages"}],"about":[{"href":"https:\/\/olgafertilityclinic.com\/de\/wp-json\/wp\/v2\/types\/page"}],"author":[{"embeddable":true,"href":"https:\/\/olgafertilityclinic.com\/de\/wp-json\/wp\/v2\/users\/1"}],"replies":[{"embeddable":true,"href":"https:\/\/olgafertilityclinic.com\/de\/wp-json\/wp\/v2\/comments?post=6465"}],"version-history":[{"count":1,"href":"https:\/\/olgafertilityclinic.com\/de\/wp-json\/wp\/v2\/pages\/6465\/revisions"}],"predecessor-version":[{"id":18705,"href":"https:\/\/olgafertilityclinic.com\/de\/wp-json\/wp\/v2\/pages\/6465\/revisions\/18705"}],"wp:attachment":[{"href":"https:\/\/olgafertilityclinic.com\/de\/wp-json\/wp\/v2\/media?parent=6465"}],"wp:term":[{"taxonomy":"post_tag","embeddable":true,"href":"https:\/\/olgafertilityclinic.com\/de\/wp-json\/wp\/v2\/tags?post=6465"}],"curies":[{"name":"wp","href":"https:\/\/api.w.org\/{rel}","templated":true}]}}