{"id":10196,"date":"2021-03-31T08:31:21","date_gmt":"2021-03-31T08:31:21","guid":{"rendered":"https:\/\/olgafertilityclinic.com\/?page_id=10196"},"modified":"2021-06-18T11:43:10","modified_gmt":"2021-06-18T11:43:10","slug":"club-fertiti","status":"publish","type":"page","link":"https:\/\/olgafertilityclinic.com\/en\/events\/club-fertiti\/","title":{"rendered":"Welcome to our inspirational webinar for women on their journeys to motherhood!"},"content":{"rendered":"<p>Ther\u00e9se Neaim\u00e9:<\/p>\n<p><img decoding=\"async\" class=\"w40p ar\" src=\"https:\/\/olgafertilityclinic.com\/wp-content\/uploads\/2021\/03\/fc-tn-1.jpg\" alt=\"Ther\u00e9se Neaim\u00e9\" \/><\/p>\n<blockquote>\n<p><em>Do you believe that&nbsp;anything is possible? That&nbsp;you can live life to the fullest, here and&nbsp;now, daring greatly? <\/em><em>Always follow your dreams and&nbsp;goals! The only regrets we have are the ones we don&#8217;t follow through<\/em><em>\u2026<\/em><\/p>\n<p><em>Always follow your dreams and&nbsp;goals! The only regrets we have are the ones we don&#8217;t follow through! Dr. Olga and&nbsp;her team helped my dream come true resulting in&nbsp;my baby son Lennox.<\/em><\/p>\n<p><em>Having a child for&nbsp;the third time was a long time wish of mine. And&nbsp;of course I had my concerns. Am I too old? Will it be possible? Am I asking for&nbsp;too much? Meeting the Olga team changed my mindset completely. Instead I started to see the possibilities of actually reaching my dream. Instead of seeing the possible difficulties, Dr. Olga pointed out and&nbsp;highlighted the positive. Such a different and&nbsp;fresh approach. It took me only one visit to the Olga seminar in&nbsp;Stockholm to make up my mind. To go for&nbsp;it. Something I will never regret and&nbsp;which completed my little family in&nbsp;every way. For&nbsp;this I will be forever grateful\u201d<\/em><\/p>\n<p>Ther\u00e9se Neaim\u00e9, artist, <a href=\"https:\/\/instagram.com\/thereseneaime\">@thereseneaime<\/a>\u00a0|\u00a0<a href=\"http:\/\/www.neaime.net\/\">www.thereseneaime.com<\/a><\/p>\n<\/blockquote>\n<p>Ther\u00e9se balances her career with being a single mother of three children. Once&nbsp;again, she shows that&nbsp;it is possible to reach your goals no matter how challenging it may seem. \u201cBeing a single mom never slowed me down,\u201d says Ther\u00e9se. <em>\u201cI bring my kids along to work-related events whenever&nbsp;possible. I truly believe it&#8217;s a great experience for&nbsp;both them and&nbsp;me.\u201d<\/em><\/p>\n<h3>Welcome to our inspirational webinar for&nbsp;women on&nbsp;their journeys to motherhood!<\/h3>\n<p><img decoding=\"async\" class=\"w40p ar\" src=\"https:\/\/olgafertilityclinic.com\/wp-content\/uploads\/2021\/03\/fc-tn-2.jpg\" \/><\/p>\n<p>The webinar is held by our dear former patient Ther\u00e9se Neaim\u00e9, the singer, songwriter, actress, dancer, motivational speaker. Ther\u00e9se is a single mother, having done IUI with donor sperm for&nbsp;the second child and&nbsp;embryo adoption for&nbsp;the third child at&nbsp;the age of 48.<\/p>\n<p>In&nbsp;her talk, \u2018From Dream to Reality\u2019, Ther\u00e9se shares her personal story \u2013 a story of a little girl who&nbsp;despite being bullied in&nbsp;school, became a successful track and&nbsp;field athlete; a little girl who&nbsp;thought she couldn\u2019t sing and&nbsp;became a respected artist. Ther\u00e9se\u2019s goal is to inspire women to follow their dreams until&nbsp;they come true.<\/p>\n<p><a class=\"button\" href=\"#footerform\">Register now&nbsp;to webinar 15 July<\/a><\/p>\n<p class=\"cf\">Ther\u00e9se Neaim\u00e9:<\/p>\n<blockquote>\n<p><em>When&nbsp;Olga asked me to speak to some of her patients one-to-one who&nbsp;dearly wished a child but&nbsp;had many ethical and&nbsp;moral doubts it was an easy decision to make. <\/em><\/p>\n<p><em>During my many talks and&nbsp;over the last 2 years, I have understood how fragile and&nbsp;vulnerable many women are in&nbsp;their environment, trying to meet all the \u201csocial requirements and&nbsp;expectations\u201d of their surrounding people. People who&nbsp;possibly do not even&nbsp;care much when&nbsp;passing their \u201copinions\u201d.<\/em><\/p>\n<p><em>Very often when&nbsp;people in&nbsp;your close surroundings tell you that&nbsp;you can&#8217;t do something, it&#8217;s out of their own fear. If&nbsp;I would have listened to some of my close family and&nbsp;friends concerns along the way, I would possibly not have become an athlete, a singer or&nbsp;even would not have had my second and&nbsp;third child!<\/em><\/p>\n<p><em>If&nbsp;I can make a difference in&nbsp;someone\u2019s life, helping someone find their own courage to move forward, my happiness couldn\u00b4t be more fulfilled. \u201c<\/em><\/p>\n<\/blockquote>\n<h3>Ther\u00e9se called our inspirational webinar \u201dClub Fertiti\u201d<\/h3>\n<p><strong>Why&nbsp;\u201cClub Fertiti\u201d?<\/strong><\/p>\n<p>Ther\u00e9se explains:<\/p>\n<blockquote>\n<p><em>One of my big inspirations in&nbsp;life is Queen Nefertiti. An Egyptian regent (c. 1370 BC). Her name in&nbsp;English means \u201dthe beautiful (or perfect) woman has come\u201d. Nerfertiti was one of the most powerful queens in&nbsp;Ancient Egypt. Nefertiti was a highly educated woman and&nbsp;had six daughters. A role model in&nbsp;many ways.<\/em><\/p>\n<p><em>The name <\/em><em>\u201cClub Fertiti\u201d <\/em><em>is for&nbsp;me a mix between Nefertiti and&nbsp;the word \u201dFertility\u201d. A word that&nbsp;I believe \u00a0doesn\u00b4t need any further presentation. I came up with the name since&nbsp;I believe that&nbsp;we all have a \u201dNefertiti\u201d inside our hearts who&nbsp;needs to be brought to the surface. I also see the name as&nbsp;a reminder that&nbsp;we, luckily and&nbsp;nowadays possibly, have the amazing chance to take charge of our own fertility outcome. A miracle in&nbsp;itself.\u201d <\/em><\/p>\n<\/blockquote>\n<h3>Join our webinar with Ther\u00e9se Neaim\u00e9 as&nbsp;a host and&nbsp;a speaker<\/h3>\n<p>Ther\u00e9se is a former patient with a dedication to inspire and&nbsp;support women in&nbsp;the same situation. Ther\u00e9se will share her journey to having her third child through an embryo adoption at&nbsp;the age of 48 and&nbsp;then host an Q &amp; A for&nbsp;more hands-on tips and&nbsp;support on&nbsp;how this is possible.<\/p>\n<p>Participation is free and&nbsp;possible on&nbsp;registration in&nbsp;advance. If&nbsp;you wish to attend please register by <a href=\"#footerform\">the form below<\/a> or&nbsp;e-mail us at&nbsp;<a href=\"mailto:info@olgafertilityclinic.com\">info@olgafertilityclinic.com<\/a>.\u00a0The number of participants is limited.<\/p>\n<p><strong>When:<\/strong>\u00a015 July, 19:00 \u00a0CEST<\/p>\n<p><!--\n\n\n<p><strong>Registaration closed<\/strong><\/p>\n\n\n\n\n\n\n\n\n<ul>\n\t\n\n<li><em>Thursday 3 June<\/em><\/li>\n\n\n\t\n\n<li><em>Thursday 17 June<\/em><\/li>\n\n\n<\/ul>\n\n\n\n\n\n\n\n\n\n--><\/p>\n<p><strong>Agenda<\/strong><\/p>\n<ul>\n<li>19:00 Meeting greeting<\/li>\n<li>19:05 Start of the lecture \u201dFrom Dream to Reality\u201d<\/li>\n<li>19:50 Ther\u00e9se shares her journey of having her third child via embryo adoption at&nbsp;the age of 48<\/li>\n<li>20:20 Q&amp;A session<\/li>\n<\/ul>\n<p><a class=\"button\" href=\"#footerform\">Register now<\/a><\/p>\n<h3>About Ther\u00e9se<\/h3>\n<p><img decoding=\"async\" class=\"w40p ar\" src=\"https:\/\/olgafertilityclinic.com\/wp-content\/uploads\/2021\/03\/fc-tn-3.jpg\" \/><\/p>\n<p>Do you believe that&nbsp;anything is possible? That&nbsp;you can live life to the fullest, here and&nbsp;now, daring greatly?<\/p>\n<p>Ther\u00e9se Neaim\u00e9\u2019s answer to these questions has always been a passionate \u2018Yes\u2019. Growing up in&nbsp;Sweden as&nbsp;the daughter of a Swedish mother and&nbsp;a Lebanese father, the singer, songwriter, actress, dancer, and&nbsp;motivational speaker decided early on&nbsp;to take charge of her own destiny. Despite being bullied in&nbsp;school, Ther\u00e9se became a successful track and&nbsp;field athlete. \u201cBeing an athlete taught me that&nbsp;with hard work and&nbsp;focus you can achieve a lot,\u201d says Ther\u00e9se. \u201cIt also improved my confidence and&nbsp;my sense of who&nbsp;I am.\u201d She has applied this mindset to her life ever since.<\/p>\n<p><em>\u201cI believe life is about becoming the best version of ourselves. Following a path of excellence can be difficult, but&nbsp;not doing it scares me even&nbsp;more.\u201d \u00a0<\/em>That&nbsp;is why&nbsp;Ther\u00e9se never limited herself to being \u2018just\u2019 a singer, an actress or&nbsp;a speaker. Whenever&nbsp;she feels called to try something new, she commits to the challenge wholeheartedly. <em>\u201cObviously, talent is important,\u201d<\/em> Ther\u00e9se explains, <em>\u201cbut work ethic, belief in&nbsp;oneself, and&nbsp;a positive attitude are even&nbsp;better predictors of a person\u2019s success in&nbsp;life.\u201d<\/em><\/p>\n<p><em>\u201dAsk and&nbsp;you might receive! Dare and&nbsp;you will gain!\u201d<\/em> Ther\u00e9se says. <em>\u201cI truly believe that&nbsp;if&nbsp;you really want to inspire others, you must have been through the journey yourself.\u201d<\/em><\/p>\n<p>In&nbsp;her talk, \u2018From Dream to Reality\u2019, she tells her personal story. The story of a little girl who&nbsp;thought she couldn\u2019t sing who&nbsp;became a respected artist, making a living doing what she always wanted to do. Ther\u00e9se\u2019s goal is to inspire people, be it through artistic expression or&nbsp;motivational speaking.<\/p>\n<p>The singer-songwriter\u2019s music combines Ther\u00e9se\u2019s Swedish and&nbsp;Lebanese heritage into a Scandipop\/Arabic Pop hybrid that&nbsp;has charted worldwide. She has played concerts in&nbsp;the US, Europe and&nbsp;the Middle East with her own band, Neaim\u00e9. She has performed for&nbsp;NATO troops in&nbsp;Afghanistan, and&nbsp;opened up for&nbsp;Simply Red on&nbsp;their European tour. She was selected by the Swedish Government as&nbsp;a notable personality for&nbsp;the cause of Swedish-Arab relationships. Ther\u00e9se has been the Brand Ambassador for&nbsp;Volkswagen Middle East and&nbsp;an Ambassador for&nbsp;the Swedish Foundation for&nbsp;Children with Cancer. She has performed for&nbsp;the King and&nbsp;Crown Princess of Sweden and&nbsp;at numerous VIP events. As&nbsp;an actress, she has had lead roles in&nbsp;both film and&nbsp;theatre. Ther\u00e9se is also an author who&nbsp;recently published her book, \u201dFrom dream to reality\u201d.<\/p>\n<p>Ther\u00e9se:<\/p>\n<blockquote>\n<p><em>As&nbsp;single mother, having done IUI with donor sperm for&nbsp;the second child and&nbsp;embryo adoption for&nbsp;the third child, still pursuing my career as&nbsp;a speaker and&nbsp;singer, bringing my children with me on&nbsp;my journey, I believe I have proven that&nbsp;ALL is possible. Therefore, one of my missions in&nbsp;life is to possibly make more women find that&nbsp;special and&nbsp;unique path laid out just for&nbsp;them.<\/em><\/p>\n<p><em>We only regret the things we don&#8217;t try\u201d<\/em><\/p>\n<\/blockquote>\n<p>Read about Ther\u00e9se embryo adoption journey:<br \/>\n<a href=\"https:\/\/adoptanembryo.wordpress.com\/\">adoptanembryo.wordpress.com<\/a><\/p>\n","protected":false},"excerpt":{"rendered":"<p>Ther\u00e9se Neaim\u00e9: Do you believe that&nbsp;anything is possible? That&nbsp;you can live life to the fullest, here and&nbsp;now, daring greatly? Always follow your dreams and&nbsp;goals! The only regrets we have are the ones we don&#8217;t follow through\u2026 Always follow your dreams and&nbsp;goals! The only regrets we have are the ones we don&#8217;t follow through! Dr. Olga<\/p>\n","protected":false},"author":1,"featured_media":10198,"parent":7140,"menu_order":42,"comment_status":"closed","ping_status":"closed","template":"","meta":{"footnotes":""},"tags":[],"acf":[],"yoast_head":"<!-- This site is optimized with the Yoast SEO plugin v18.6 - https:\/\/yoast.com\/wordpress\/plugins\/seo\/ -->\n<title>Welcome to our inspirational webinar for women on their journeys to motherhood! - O.L.G.A. Fertility<\/title>\n<meta name=\"robots\" content=\"index, follow, max-snippet:-1, max-image-preview:large, max-video-preview:-1\" \/>\n<link rel=\"canonical\" href=\"https:\/\/olgafertilityclinic.com\/en\/events\/club-fertiti\/\" \/>\n<meta property=\"og:locale\" content=\"en_US\" \/>\n<meta property=\"og:type\" content=\"article\" \/>\n<meta property=\"og:title\" content=\"Welcome to our inspirational webinar for women on their journeys to motherhood! - O.L.G.A. Fertility\" \/>\n<meta property=\"og:description\" content=\"Ther\u00e9se Neaim\u00e9: Do you believe that&nbsp;anything is possible? That&nbsp;you can live life to the fullest, here and&nbsp;now, daring greatly? Always follow your dreams and&nbsp;goals! The only regrets we have are the ones we don&#8217;t follow through\u2026 Always follow your dreams and&nbsp;goals! The only regrets we have are the ones we don&#8217;t follow through! Dr. Olga\" \/>\n<meta property=\"og:url\" content=\"https:\/\/olgafertilityclinic.com\/en\/events\/club-fertiti\/\" \/>\n<meta property=\"og:site_name\" content=\"O.L.G.A. Fertility\" \/>\n<meta property=\"article:modified_time\" content=\"2021-06-18T11:43:10+00:00\" \/>\n<meta property=\"og:image\" content=\"https:\/\/olgafertilityclinic.com\/wp-content\/uploads\/2021\/03\/fc-tn-1.jpg\" \/>\n\t<meta property=\"og:image:width\" content=\"924\" \/>\n\t<meta property=\"og:image:height\" content=\"1005\" \/>\n\t<meta property=\"og:image:type\" content=\"image\/jpeg\" \/>\n<meta name=\"twitter:card\" content=\"summary_large_image\" \/>\n<meta name=\"twitter:label1\" content=\"Est. reading time\" \/>\n\t<meta name=\"twitter:data1\" content=\"7 minutes\" \/>\n<script type=\"application\/ld+json\" class=\"yoast-schema-graph\">{\"@context\":\"https:\/\/schema.org\",\"@graph\":[{\"@type\":\"WebSite\",\"@id\":\"https:\/\/olgafertilityclinic.com\/en\/#website\",\"url\":\"https:\/\/olgafertilityclinic.com\/en\/\",\"name\":\"O.L.G.A. Fertility\",\"description\":\"Cyprus  and St. Petersburg\",\"potentialAction\":[{\"@type\":\"SearchAction\",\"target\":{\"@type\":\"EntryPoint\",\"urlTemplate\":\"https:\/\/olgafertilityclinic.com\/en\/?s={search_term_string}\"},\"query-input\":\"required name=search_term_string\"}],\"inLanguage\":\"en-US\"},{\"@type\":\"ImageObject\",\"@id\":\"https:\/\/olgafertilityclinic.com\/en\/events\/club-fertiti\/#primaryimage\",\"inLanguage\":\"en-US\",\"url\":\"https:\/\/olgafertilityclinic.com\/wp-content\/uploads\/2021\/03\/fc-tn-1.jpg\",\"contentUrl\":\"https:\/\/olgafertilityclinic.com\/wp-content\/uploads\/2021\/03\/fc-tn-1.jpg\",\"width\":924,\"height\":1005},{\"@type\":\"WebPage\",\"@id\":\"https:\/\/olgafertilityclinic.com\/en\/events\/club-fertiti\/#webpage\",\"url\":\"https:\/\/olgafertilityclinic.com\/en\/events\/club-fertiti\/\",\"name\":\"Welcome to our inspirational webinar for women on their journeys to motherhood! - O.L.G.A. Fertility\",\"isPartOf\":{\"@id\":\"https:\/\/olgafertilityclinic.com\/en\/#website\"},\"primaryImageOfPage\":{\"@id\":\"https:\/\/olgafertilityclinic.com\/en\/events\/club-fertiti\/#primaryimage\"},\"datePublished\":\"2021-03-31T08:31:21+00:00\",\"dateModified\":\"2021-06-18T11:43:10+00:00\",\"breadcrumb\":{\"@id\":\"https:\/\/olgafertilityclinic.com\/en\/events\/club-fertiti\/#breadcrumb\"},\"inLanguage\":\"en-US\",\"potentialAction\":[{\"@type\":\"ReadAction\",\"target\":[\"https:\/\/olgafertilityclinic.com\/en\/events\/club-fertiti\/\"]}]},{\"@type\":\"BreadcrumbList\",\"@id\":\"https:\/\/olgafertilityclinic.com\/en\/events\/club-fertiti\/#breadcrumb\",\"itemListElement\":[{\"@type\":\"ListItem\",\"position\":1,\"name\":\"Home\",\"item\":\"https:\/\/olgafertilityclinic.com\/en\/\"},{\"@type\":\"ListItem\",\"position\":2,\"name\":\"Our Fertility Online Events and Seminars in Europe\",\"item\":\"https:\/\/olgafertilityclinic.com\/en\/events\/\"},{\"@type\":\"ListItem\",\"position\":3,\"name\":\"Welcome to our inspirational webinar for women on their journeys to motherhood!\"}]}]}<\/script>\n<!-- \/ Yoast SEO plugin. -->","yoast_head_json":{"title":"Welcome to our inspirational webinar for women on their journeys to motherhood! - O.L.G.A. Fertility","robots":{"index":"index","follow":"follow","max-snippet":"max-snippet:-1","max-image-preview":"max-image-preview:large","max-video-preview":"max-video-preview:-1"},"canonical":"https:\/\/olgafertilityclinic.com\/en\/events\/club-fertiti\/","og_locale":"en_US","og_type":"article","og_title":"Welcome to our inspirational webinar for women on their journeys to motherhood! - O.L.G.A. Fertility","og_description":"Ther\u00e9se Neaim\u00e9: Do you believe that&nbsp;anything is possible? That&nbsp;you can live life to the fullest, here and&nbsp;now, daring greatly? Always follow your dreams and&nbsp;goals! The only regrets we have are the ones we don&#8217;t follow through\u2026 Always follow your dreams and&nbsp;goals! The only regrets we have are the ones we don&#8217;t follow through! Dr. Olga","og_url":"https:\/\/olgafertilityclinic.com\/en\/events\/club-fertiti\/","og_site_name":"O.L.G.A. Fertility","article_modified_time":"2021-06-18T11:43:10+00:00","og_image":[{"width":924,"height":1005,"url":"https:\/\/olgafertilityclinic.com\/wp-content\/uploads\/2021\/03\/fc-tn-1.jpg","type":"image\/jpeg"}],"twitter_card":"summary_large_image","twitter_misc":{"Est. reading time":"7 minutes"},"schema":{"@context":"https:\/\/schema.org","@graph":[{"@type":"WebSite","@id":"https:\/\/olgafertilityclinic.com\/en\/#website","url":"https:\/\/olgafertilityclinic.com\/en\/","name":"O.L.G.A. Fertility","description":"Cyprus  and St. Petersburg","potentialAction":[{"@type":"SearchAction","target":{"@type":"EntryPoint","urlTemplate":"https:\/\/olgafertilityclinic.com\/en\/?s={search_term_string}"},"query-input":"required name=search_term_string"}],"inLanguage":"en-US"},{"@type":"ImageObject","@id":"https:\/\/olgafertilityclinic.com\/en\/events\/club-fertiti\/#primaryimage","inLanguage":"en-US","url":"https:\/\/olgafertilityclinic.com\/wp-content\/uploads\/2021\/03\/fc-tn-1.jpg","contentUrl":"https:\/\/olgafertilityclinic.com\/wp-content\/uploads\/2021\/03\/fc-tn-1.jpg","width":924,"height":1005},{"@type":"WebPage","@id":"https:\/\/olgafertilityclinic.com\/en\/events\/club-fertiti\/#webpage","url":"https:\/\/olgafertilityclinic.com\/en\/events\/club-fertiti\/","name":"Welcome to our inspirational webinar for women on their journeys to motherhood! - O.L.G.A. Fertility","isPartOf":{"@id":"https:\/\/olgafertilityclinic.com\/en\/#website"},"primaryImageOfPage":{"@id":"https:\/\/olgafertilityclinic.com\/en\/events\/club-fertiti\/#primaryimage"},"datePublished":"2021-03-31T08:31:21+00:00","dateModified":"2021-06-18T11:43:10+00:00","breadcrumb":{"@id":"https:\/\/olgafertilityclinic.com\/en\/events\/club-fertiti\/#breadcrumb"},"inLanguage":"en-US","potentialAction":[{"@type":"ReadAction","target":["https:\/\/olgafertilityclinic.com\/en\/events\/club-fertiti\/"]}]},{"@type":"BreadcrumbList","@id":"https:\/\/olgafertilityclinic.com\/en\/events\/club-fertiti\/#breadcrumb","itemListElement":[{"@type":"ListItem","position":1,"name":"Home","item":"https:\/\/olgafertilityclinic.com\/en\/"},{"@type":"ListItem","position":2,"name":"Our Fertility Online Events and Seminars in Europe","item":"https:\/\/olgafertilityclinic.com\/en\/events\/"},{"@type":"ListItem","position":3,"name":"Welcome to our inspirational webinar for women on their journeys to motherhood!"}]}]}},"_links":{"self":[{"href":"https:\/\/olgafertilityclinic.com\/en\/wp-json\/wp\/v2\/pages\/10196"}],"collection":[{"href":"https:\/\/olgafertilityclinic.com\/en\/wp-json\/wp\/v2\/pages"}],"about":[{"href":"https:\/\/olgafertilityclinic.com\/en\/wp-json\/wp\/v2\/types\/page"}],"author":[{"embeddable":true,"href":"https:\/\/olgafertilityclinic.com\/en\/wp-json\/wp\/v2\/users\/1"}],"replies":[{"embeddable":true,"href":"https:\/\/olgafertilityclinic.com\/en\/wp-json\/wp\/v2\/comments?post=10196"}],"version-history":[{"count":31,"href":"https:\/\/olgafertilityclinic.com\/en\/wp-json\/wp\/v2\/pages\/10196\/revisions"}],"predecessor-version":[{"id":10513,"href":"https:\/\/olgafertilityclinic.com\/en\/wp-json\/wp\/v2\/pages\/10196\/revisions\/10513"}],"up":[{"embeddable":true,"href":"https:\/\/olgafertilityclinic.com\/en\/wp-json\/wp\/v2\/pages\/7140"}],"wp:featuredmedia":[{"embeddable":true,"href":"https:\/\/olgafertilityclinic.com\/en\/wp-json\/wp\/v2\/media\/10198"}],"wp:attachment":[{"href":"https:\/\/olgafertilityclinic.com\/en\/wp-json\/wp\/v2\/media?parent=10196"}],"wp:term":[{"taxonomy":"post_tag","embeddable":true,"href":"https:\/\/olgafertilityclinic.com\/en\/wp-json\/wp\/v2\/tags?post=10196"}],"curies":[{"name":"wp","href":"https:\/\/api.w.org\/{rel}","templated":true}]}}