{"id":20259,"date":"2024-05-29T08:18:09","date_gmt":"2024-05-29T08:18:09","guid":{"rendered":"https:\/\/olgafertilityclinic.com\/?page_id=20259"},"modified":"2024-10-24T08:33:18","modified_gmt":"2024-10-24T08:33:18","slug":"webinar-donacija-jajne-stanice-dvostruka-donacija","status":"publish","type":"page","link":"https:\/\/olgafertilityclinic.com\/en\/events\/webinar-donacija-jajne-stanice-dvostruka-donacija\/","title":{"rendered":"Webinar 7.&nbsp;studenog u 18:00&nbsp;CET"},"content":{"rendered":"<h2 style=\"padding-top: 0;\">Donacija jajne stanice i dvostruka donacija s personaliziranim izborom donora i 100% garancijom za \u017eivoro\u0111eno dijete<\/h2>\n<div class=\"w40p fr inset-video-cont\">\n<div id=\"mute-inset-video\" class=\"sndoff\">\u00a0<\/div>\n<p><video class=\"inset-video\" autoplay=\"autoplay\" muted=\"\" ><source src=\"\/video\/web-ed-hr_1.mp4\" type=\"video\/mp4\" \/><\/video><\/div>\n<p>Jeste li saznali od svojih roditelja za donaciju jajnih stanica?<br \/>\nJeste li u\u010dili o donaciji jajnih stanica u \u0161koli?<\/p>\n<p class=\"accent3\">Normalno je da ni\u0161ta ne znate o donaciji jajnih stanica!<\/p>\n<p class=\"accent\">Iskoristite 20 godina iskustva O.L.G.A. Fertility klinike i<br \/>\nSaznajte vi\u0161e o donaciji jajnih stanica i dvostrukoj donaciji<br \/>\nKako bi mogli donijeti pametne odluke o svojoj budu\u0107nosti temeljene na stru\u010dnim informacijama<\/p>\n<p class=\"accent\"><strong>Ne zaustavljajte se!<\/strong><\/p>\n<p class=\"accent\"><em>Ako je potrebno<\/em><br \/>\n<em>PROMIJENITE SMJER PUTA PREMA SVOM SNU \u00a0\u2014<\/em><br \/>\n<em>Dijete u Va\u0161em naru\u010dju<\/em><\/p>\n<p><strong>Pridru\u017eite se na\u0161em besplatnom webinaru 7. studenog 18:00 CET.<\/strong><\/p>\n<p>Na na\u0161em Webinaru imat \u0107ete priliku slu\u0161ati osobne \u017eivotne pri\u010de na\u0161ih biv\u0161ih pacijenata kojima smo pomogli stvoriti obitelj, uz pomo\u0107 donirane jajne stanice\/dvostruke donacije. Pozvat \u0107emo biv\u0161e pacijente s malom djecom jer se vrlo dobro sje\u0107aju osje\u0107aja i procesa. Pozvat \u0107emo i neke biv\u0161e pacijente \u010dija su djeca ve\u0107 tinejd\u017eeri, jer mo\u017eda \u017eelite vidjeti dugoro\u010dnu perspektivu obitelji stvorenu donacijom jajnih stanica<\/p>\n<p><a class=\"button\" href=\"#footerform\">Registrirajte se<\/a><\/p>\n<div class=\"cf inset w25p fr\"><img decoding=\"async\" class=\"w100p\" src=\"https:\/\/olgafertilityclinic.com\/wp-content\/uploads\/2024\/05\/alenka-sirovec-20221208_212207-sm.jpg\" \/><\/p>\n<p class=\"\"><em>Dr. Alenka Sirovec<\/em><\/p>\n<\/div>\n<p><strong>Na na\u0161 besplatni webinar 7. studenog 18:00 CET<br \/>\nDr. Alenka Sirovec odgovorit \u0107e na najte\u017ea pitanja o kojima se treba raspravljati i razjasniti ih prije odluke o donaciji jajne stanice \/ dvostrukoj donaciji<\/strong><\/p>\n<ul>\n<li>Za\u0161to starost jajne stanice utje\u010de na stopu uspje\u0161nosti IVFa, a starost maternice ne utje\u010de?<\/li>\n<li>Kako razumjeti kada IVF s vlastitim jajnim stanicama i PGT-A mo\u017ee pomo\u0107i, a kada je vrijeme za prelazak na donaciju jajne stanice?<\/li>\n<li>Kako normalizirati osje\u0107aje o donaciji jajne stanice\/dvostrukoj donaciji i na koja temeljna psiholo\u0161ka\/dru\u0161tvena pitanja treba odgovoriti na po\u010detku razmatranja donacije jajne stanice\/dvostruke donacije?<\/li>\n<li>Koji bi zdravstveni pregledi mogli biti potrebni prilikom pripreme za uspje\u0161nu trudno\u0107u?<\/li>\n<li>Koje informacije mo\u017eete dobiti o donorima jajnih stanica pri odabiru iz na\u0161e baze podataka?<\/li>\n<li>\u0160to je otvorena i anonimna donacija jajnih stanica?<\/li>\n<li>Tko su donorice jajnih stanica, kako se provjeravaju i za\u0161to doniraju?<\/li>\n<li>Kako izgleda prakti\u010dna strana procesa doniranja jajne stanice: koje korake mo\u017eete u\u010diniti u svojoj lokalnoj klinici, a koji \u0107e se koraci u\u010diniti u Sankt Peterburgu \/ Cipru?<\/li>\n<li>Kako zadr\u017eati trudno\u0107u i izbje\u0107i poba\u010daj?<\/li>\n<li>Kako re\u0107i djetetu?&#8230;<\/li>\n<li>\u2026 i jo\u0161 mnogo toga<\/li>\n<\/ul>\n<p><strong>\u00a0obja\u0161njena i odgovore poslu\u0161ajte na na\u0161em besplatnom webinaru 7. studenog 18:00 CET<\/strong><\/p>\n<p><a class=\"button\" href=\"#footerform\">Registrirajte se<\/a><\/p>\n<p class=\"accent\">\nIskoristite 20 godina iskustva O.L.G.A. Fertility klinike i<br \/>\nSaznajte vi\u0161e o donaciji jajnih stanica i dvostrukoj donaciji<br \/>\nKako bi mogli donijeti pametne odluke o svojoj budu\u0107nosti temeljene na stru\u010dnim informacijama<\/p>\n<p class=\"accent\"><strong>Ne zaustavljajte se!<\/strong><\/p>\n<p class=\"accent\"><em>Ako je potrebno<\/em><br \/>\n<em>PROMIJENITE SMJER PUTA PREMA SVOM SNU \u2014<\/em><br \/>\n<em>Dijete u Va\u0161em naru\u010dju<\/em><\/p>\n","protected":false},"excerpt":{"rendered":"<p>Donacija jajne stanice i dvostruka donacija s personaliziranim izborom donora i 100% garancijom za \u017eivoro\u0111eno dijete \u00a0 Jeste li saznali od svojih roditelja za donaciju jajnih stanica? Jeste li u\u010dili o donaciji jajnih stanica u \u0161koli? Normalno je da ni\u0161ta ne znate o donaciji jajnih stanica! Iskoristite 20 godina iskustva O.L.G.A. Fertility klinike i Saznajte<\/p>\n","protected":false},"author":1,"featured_media":0,"parent":7140,"menu_order":28,"comment_status":"closed","ping_status":"closed","template":"","meta":{"footnotes":""},"tags":[],"acf":[],"yoast_head":"<!-- This site is optimized with the Yoast SEO plugin v18.6 - https:\/\/yoast.com\/wordpress\/plugins\/seo\/ -->\n<title>Webinar Donacija jajne stanice i dvostruka donacija s garancijom \u017eivoro\u0111enog djeteta - O.L.G.A. Fertility<\/title>\n<meta name=\"robots\" content=\"index, follow, max-snippet:-1, max-image-preview:large, max-video-preview:-1\" \/>\n<link rel=\"canonical\" href=\"https:\/\/olgafertilityclinic.com\/en\/events\/webinar-donacija-jajne-stanice-dvostruka-donacija\/\" \/>\n<meta property=\"og:locale\" content=\"en_US\" \/>\n<meta property=\"og:type\" content=\"article\" \/>\n<meta property=\"og:title\" content=\"Webinar Donacija jajne stanice i dvostruka donacija s garancijom \u017eivoro\u0111enog djeteta - O.L.G.A. Fertility\" \/>\n<meta property=\"og:description\" content=\"Donacija jajne stanice i dvostruka donacija s personaliziranim izborom donora i 100% garancijom za \u017eivoro\u0111eno dijete \u00a0 Jeste li saznali od svojih roditelja za donaciju jajnih stanica? Jeste li u\u010dili o donaciji jajnih stanica u \u0161koli? Normalno je da ni\u0161ta ne znate o donaciji jajnih stanica! Iskoristite 20 godina iskustva O.L.G.A. Fertility klinike i Saznajte\" \/>\n<meta property=\"og:url\" content=\"https:\/\/olgafertilityclinic.com\/en\/events\/webinar-donacija-jajne-stanice-dvostruka-donacija\/\" \/>\n<meta property=\"og:site_name\" content=\"O.L.G.A. Fertility\" \/>\n<meta property=\"article:modified_time\" content=\"2024-10-24T08:33:18+00:00\" \/>\n<meta property=\"og:image\" content=\"https:\/\/olgafertilityclinic.com\/wp-content\/uploads\/2024\/05\/alenka-sirovec-20221208_212207-sm.jpg\" \/>\n<meta name=\"twitter:card\" content=\"summary_large_image\" \/>\n<meta name=\"twitter:label1\" content=\"Est. reading time\" \/>\n\t<meta name=\"twitter:data1\" content=\"2 minutes\" \/>\n<script type=\"application\/ld+json\" class=\"yoast-schema-graph\">{\"@context\":\"https:\/\/schema.org\",\"@graph\":[{\"@type\":\"WebSite\",\"@id\":\"https:\/\/olgafertilityclinic.com\/en\/#website\",\"url\":\"https:\/\/olgafertilityclinic.com\/en\/\",\"name\":\"O.L.G.A. Fertility\",\"description\":\"Cyprus  and St. Petersburg\",\"potentialAction\":[{\"@type\":\"SearchAction\",\"target\":{\"@type\":\"EntryPoint\",\"urlTemplate\":\"https:\/\/olgafertilityclinic.com\/en\/?s={search_term_string}\"},\"query-input\":\"required name=search_term_string\"}],\"inLanguage\":\"en-US\"},{\"@type\":\"ImageObject\",\"@id\":\"https:\/\/olgafertilityclinic.com\/en\/events\/webinar-donacija-jajne-stanice-dvostruka-donacija\/#primaryimage\",\"inLanguage\":\"en-US\",\"url\":\"https:\/\/olgafertilityclinic.com\/wp-content\/uploads\/2024\/05\/alenka-sirovec-20221208_212207-sm.jpg\",\"contentUrl\":\"https:\/\/olgafertilityclinic.com\/wp-content\/uploads\/2024\/05\/alenka-sirovec-20221208_212207-sm.jpg\",\"width\":614,\"height\":1200},{\"@type\":\"WebPage\",\"@id\":\"https:\/\/olgafertilityclinic.com\/en\/events\/webinar-donacija-jajne-stanice-dvostruka-donacija\/#webpage\",\"url\":\"https:\/\/olgafertilityclinic.com\/en\/events\/webinar-donacija-jajne-stanice-dvostruka-donacija\/\",\"name\":\"Webinar Donacija jajne stanice i dvostruka donacija s garancijom \u017eivoro\u0111enog djeteta - O.L.G.A. Fertility\",\"isPartOf\":{\"@id\":\"https:\/\/olgafertilityclinic.com\/en\/#website\"},\"primaryImageOfPage\":{\"@id\":\"https:\/\/olgafertilityclinic.com\/en\/events\/webinar-donacija-jajne-stanice-dvostruka-donacija\/#primaryimage\"},\"datePublished\":\"2024-05-29T08:18:09+00:00\",\"dateModified\":\"2024-10-24T08:33:18+00:00\",\"breadcrumb\":{\"@id\":\"https:\/\/olgafertilityclinic.com\/en\/events\/webinar-donacija-jajne-stanice-dvostruka-donacija\/#breadcrumb\"},\"inLanguage\":\"en-US\",\"potentialAction\":[{\"@type\":\"ReadAction\",\"target\":[\"https:\/\/olgafertilityclinic.com\/en\/events\/webinar-donacija-jajne-stanice-dvostruka-donacija\/\"]}]},{\"@type\":\"BreadcrumbList\",\"@id\":\"https:\/\/olgafertilityclinic.com\/en\/events\/webinar-donacija-jajne-stanice-dvostruka-donacija\/#breadcrumb\",\"itemListElement\":[{\"@type\":\"ListItem\",\"position\":1,\"name\":\"Home\",\"item\":\"https:\/\/olgafertilityclinic.com\/en\/\"},{\"@type\":\"ListItem\",\"position\":2,\"name\":\"Our Fertility Online Events and Seminars in Europe\",\"item\":\"https:\/\/olgafertilityclinic.com\/en\/events\/\"},{\"@type\":\"ListItem\",\"position\":3,\"name\":\"Webinar 7.&nbsp;studenog u 18:00&nbsp;CET\"}]}]}<\/script>\n<!-- \/ Yoast SEO plugin. -->","yoast_head_json":{"title":"Webinar Donacija jajne stanice i dvostruka donacija s garancijom \u017eivoro\u0111enog djeteta - O.L.G.A. Fertility","robots":{"index":"index","follow":"follow","max-snippet":"max-snippet:-1","max-image-preview":"max-image-preview:large","max-video-preview":"max-video-preview:-1"},"canonical":"https:\/\/olgafertilityclinic.com\/en\/events\/webinar-donacija-jajne-stanice-dvostruka-donacija\/","og_locale":"en_US","og_type":"article","og_title":"Webinar Donacija jajne stanice i dvostruka donacija s garancijom \u017eivoro\u0111enog djeteta - O.L.G.A. Fertility","og_description":"Donacija jajne stanice i dvostruka donacija s personaliziranim izborom donora i 100% garancijom za \u017eivoro\u0111eno dijete \u00a0 Jeste li saznali od svojih roditelja za donaciju jajnih stanica? Jeste li u\u010dili o donaciji jajnih stanica u \u0161koli? Normalno je da ni\u0161ta ne znate o donaciji jajnih stanica! Iskoristite 20 godina iskustva O.L.G.A. Fertility klinike i Saznajte","og_url":"https:\/\/olgafertilityclinic.com\/en\/events\/webinar-donacija-jajne-stanice-dvostruka-donacija\/","og_site_name":"O.L.G.A. Fertility","article_modified_time":"2024-10-24T08:33:18+00:00","og_image":[{"url":"https:\/\/olgafertilityclinic.com\/wp-content\/uploads\/2024\/05\/alenka-sirovec-20221208_212207-sm.jpg"}],"twitter_card":"summary_large_image","twitter_misc":{"Est. reading time":"2 minutes"},"schema":{"@context":"https:\/\/schema.org","@graph":[{"@type":"WebSite","@id":"https:\/\/olgafertilityclinic.com\/en\/#website","url":"https:\/\/olgafertilityclinic.com\/en\/","name":"O.L.G.A. Fertility","description":"Cyprus  and St. Petersburg","potentialAction":[{"@type":"SearchAction","target":{"@type":"EntryPoint","urlTemplate":"https:\/\/olgafertilityclinic.com\/en\/?s={search_term_string}"},"query-input":"required name=search_term_string"}],"inLanguage":"en-US"},{"@type":"ImageObject","@id":"https:\/\/olgafertilityclinic.com\/en\/events\/webinar-donacija-jajne-stanice-dvostruka-donacija\/#primaryimage","inLanguage":"en-US","url":"https:\/\/olgafertilityclinic.com\/wp-content\/uploads\/2024\/05\/alenka-sirovec-20221208_212207-sm.jpg","contentUrl":"https:\/\/olgafertilityclinic.com\/wp-content\/uploads\/2024\/05\/alenka-sirovec-20221208_212207-sm.jpg","width":614,"height":1200},{"@type":"WebPage","@id":"https:\/\/olgafertilityclinic.com\/en\/events\/webinar-donacija-jajne-stanice-dvostruka-donacija\/#webpage","url":"https:\/\/olgafertilityclinic.com\/en\/events\/webinar-donacija-jajne-stanice-dvostruka-donacija\/","name":"Webinar Donacija jajne stanice i dvostruka donacija s garancijom \u017eivoro\u0111enog djeteta - O.L.G.A. Fertility","isPartOf":{"@id":"https:\/\/olgafertilityclinic.com\/en\/#website"},"primaryImageOfPage":{"@id":"https:\/\/olgafertilityclinic.com\/en\/events\/webinar-donacija-jajne-stanice-dvostruka-donacija\/#primaryimage"},"datePublished":"2024-05-29T08:18:09+00:00","dateModified":"2024-10-24T08:33:18+00:00","breadcrumb":{"@id":"https:\/\/olgafertilityclinic.com\/en\/events\/webinar-donacija-jajne-stanice-dvostruka-donacija\/#breadcrumb"},"inLanguage":"en-US","potentialAction":[{"@type":"ReadAction","target":["https:\/\/olgafertilityclinic.com\/en\/events\/webinar-donacija-jajne-stanice-dvostruka-donacija\/"]}]},{"@type":"BreadcrumbList","@id":"https:\/\/olgafertilityclinic.com\/en\/events\/webinar-donacija-jajne-stanice-dvostruka-donacija\/#breadcrumb","itemListElement":[{"@type":"ListItem","position":1,"name":"Home","item":"https:\/\/olgafertilityclinic.com\/en\/"},{"@type":"ListItem","position":2,"name":"Our Fertility Online Events and Seminars in Europe","item":"https:\/\/olgafertilityclinic.com\/en\/events\/"},{"@type":"ListItem","position":3,"name":"Webinar 7.&nbsp;studenog u 18:00&nbsp;CET"}]}]}},"_links":{"self":[{"href":"https:\/\/olgafertilityclinic.com\/en\/wp-json\/wp\/v2\/pages\/20259"}],"collection":[{"href":"https:\/\/olgafertilityclinic.com\/en\/wp-json\/wp\/v2\/pages"}],"about":[{"href":"https:\/\/olgafertilityclinic.com\/en\/wp-json\/wp\/v2\/types\/page"}],"author":[{"embeddable":true,"href":"https:\/\/olgafertilityclinic.com\/en\/wp-json\/wp\/v2\/users\/1"}],"replies":[{"embeddable":true,"href":"https:\/\/olgafertilityclinic.com\/en\/wp-json\/wp\/v2\/comments?post=20259"}],"version-history":[{"count":15,"href":"https:\/\/olgafertilityclinic.com\/en\/wp-json\/wp\/v2\/pages\/20259\/revisions"}],"predecessor-version":[{"id":21225,"href":"https:\/\/olgafertilityclinic.com\/en\/wp-json\/wp\/v2\/pages\/20259\/revisions\/21225"}],"up":[{"embeddable":true,"href":"https:\/\/olgafertilityclinic.com\/en\/wp-json\/wp\/v2\/pages\/7140"}],"wp:attachment":[{"href":"https:\/\/olgafertilityclinic.com\/en\/wp-json\/wp\/v2\/media?parent=20259"}],"wp:term":[{"taxonomy":"post_tag","embeddable":true,"href":"https:\/\/olgafertilityclinic.com\/en\/wp-json\/wp\/v2\/tags?post=20259"}],"curies":[{"name":"wp","href":"https:\/\/api.w.org\/{rel}","templated":true}]}}