{"id":18666,"date":"2023-12-11T21:49:01","date_gmt":"2023-12-11T21:49:01","guid":{"rendered":"https:\/\/olgafertilityclinic.com\/?page_id=18666"},"modified":"2024-09-25T08:08:57","modified_gmt":"2024-09-25T08:08:57","slug":"aggdonatordatabas","status":"publish","type":"page","link":"https:\/\/olgafertilityclinic.com\/se\/aggdonatordatabas\/","title":{"rendered":"Vilken information om donatorer kan du hitta i v\u00e5r \u00c4ggdonatordatabas?"},"content":{"rendered":"<div class=\"entry-content\">\n<p>Vi skapade v\u00e5r \u00c4ggdonatordatabas f\u00f6r 10 \u00e5r sedan &#8211; \u00e5r 2013, f\u00f6r att&nbsp;tillgodose v\u00e5ra patienters behov och att&nbsp;g\u00f6ra valprocessen av donator s\u00e5 trygg och bekv\u00e4m som m\u00f6jligt. Sedan dess har vi hj\u00e4lpt hundratals ensamst\u00e5ende kvinnor och par att&nbsp;uppn\u00e5 framg\u00e5ngsrika graviditeter och f\u00f6dslar med hj\u00e4lp av v\u00e5r \u00c4ggdonatordatabas. Du kan hitta <a href=\"\/en\/success-stories\/\" target=\"_blank\" rel=\"noopener\">personliga ber\u00e4ttelser fr\u00e5n v\u00e5ra patienter h\u00e4r<\/a> <a href=\"\/en\/success-stories\/\">\u21aa<\/a>, m\u00e5nga av dom har ocks\u00e5 beskrivit sina fertilitetsresor <a href=\"\/en\/press\/\" target=\"_blank\" rel=\"noopener\">i pressen \u21aa<\/a><\/p>\n<p>Idag kan du v\u00e4lja mellan \u00f6ver 80 donatorer, n\u00e5gra \u00e4r \u00f6ppna donatorer, vilket inneb\u00e4r att&nbsp;ett barn kan f\u00e5 reda p\u00e5 deras identitet efter att&nbsp;ha fyllt 18 \u00e5r; vissa donatorer v\u00e4ljer att&nbsp;f\u00f6rbli anonyma men uppger mycket information om sig sj\u00e4lva.<\/p>\n<p class=\"ctatxt\">Vill du f\u00e5 gratis 7-dagars tillg\u00e5ng till&nbsp;v\u00e5r \u00c4ggdonatordatabas? <strong class=\"popup-form-ed\">Kontakta oss!<\/strong><\/p>\n<p><img decoding=\"async\" class=\"w90p aligncenter\" src=\"https:\/\/olgafertilityclinic.com\/wp-content\/uploads\/2023\/12\/donor-profiles-1b.jpg\" alt=\"Vilken information om donatorer kan du hitta i v\u00e5r \u00c4ggdonatordatabas?\" \/><\/p>\n<p style=\"text-align: center;\"><em>Dessa underbara donatorer donerade sina \u00e4gg 2019-2022 och hj\u00e4lpte k\u00e4ra patienter av O.L.G.A. Fertilitetskliniken blir gravida och f\u00e5r sina barn.<\/em><\/p>\n<p class=\"ctatxt\">Vill du f\u00e5 gratis 7-dagars tillg\u00e5ng till&nbsp;v\u00e5r \u00c4ggdonatordatabas? <strong class=\"popup-form-ed\">Kontakta oss!<\/strong><\/p>\n<p>I v\u00e5r \u00c4ggdonatordatabas kan du se donatorernas barndomsfoton mellan 2 och 14 \u00e5r. Barn gestaltar \u00e4kthet och \u00f6ppenhet och speglar ofta egenskaperna hos sina f\u00f6r\u00e4ldrar och n\u00e4rmaste familj. Barndomsfoton fungerar som \u00f6gonblicksbilder av v\u00e5ra liv och f\u00e5ngar \u00e4lskade minnen som f\u00f6ljer med oss genom hela v\u00e5r resa. D\u00e4rf\u00f6r har barndomsbilderna stor betydelse i v\u00e5r \u00c4ggdonatordatabas.<\/p>\n<p><strong><br \/>\n<a class=\"popup-youtube\" href=\"https:\/\/www.youtube.com\/watch?v=fBoE_qUZ-cc\"><img loading=\"lazy\" decoding=\"async\" width=\"840\" height=\"437\" class=\"ar w50p alignright wp-image-2369 size-full\" src=\"\/wp-content\/uploads\/2020\/05\/sb-edc-2x.jpg\" alt=\"If those celebrities came to choose a donor from our Database, what donor could they get? Have a look! Make your own test donor choice! It is free!\" srcset=\"https:\/\/olgafertilityclinic.com\/wp-content\/uploads\/2020\/05\/sb-edc-2x.jpg 840w, https:\/\/olgafertilityclinic.com\/wp-content\/uploads\/2020\/05\/sb-edc-2x-300x156.jpg 300w, https:\/\/olgafertilityclinic.com\/wp-content\/uploads\/2020\/05\/sb-edc-2x-768x400.jpg 768w\" sizes=\"(max-width: 840px) 100vw, 840px\" \/><\/a>Fotografierna av donatorn som vuxen<\/strong>, presenterade i v\u00e5r \u00c4ggdonatordatabas, ger dig en unik m\u00f6jlighet att&nbsp;f\u00e5 din personliga uppfattning om kvinnan fr\u00e5n liten flicka. Dessa bilder skildrar utvecklingen av hennes ansiktsdrag och hudton, hennes mimik och st\u00e4mningar i \u00f6gonblick av gl\u00e4dje, skratt, allvar eller koncentration. Genom hennes f\u00f6redragna kl\u00e4dstil, h\u00e5rf\u00e4rg och sminkval kan du se vilka stilar hon f\u00f6redrar. Detaljer kring donatorn p\u00e5 fotona (barn eller djur, naturlandskap eller kontorsmilj\u00f6) kommer att&nbsp;ber\u00e4tta mycket om hennes intressen och aktiviteter. Dessa foton hj\u00e4lper dig inte bara att&nbsp;hitta en donator som liknar dig fysiskt, utan ocks\u00e5 att&nbsp;se personligheten bakom dessa bilder och kanske hitta en donator som kunde ha varit din v\u00e4n&#8230;<strong><br \/>\n<\/strong><\/p>\n<p class=\"ctatxt\">Vill du f\u00e5 gratis 7-dagars tillg\u00e5ng till&nbsp;v\u00e5r \u00c4ggdonatordatabas? <strong class=\"popup-form-ed\">Kontakta oss!<\/strong><\/p>\n<p><strong><br \/>\nI motivationsbreven<\/strong> i \u00e4ggdonatordatabasen beskriver donatorerna sina tankar och k\u00e4nslor ang\u00e5ende donation, moderskap och delar personliga detaljer om sina liv, inklusive moderskapserfarenheter och barndomsminnen. Det handskrivna formatet p\u00e5 breven ger en \u00e4nnu mer personlig k\u00e4nsla och l\u00e5ter dig l\u00e4sa mellan raderna, k\u00e4nna igen donatorernas karakt\u00e4rsdrag och f\u00e5 en k\u00e4nsla av deras personligheter.<\/p>\n<p>I v\u00e5r \u00c4ggdonatordatabas hittar du information om donatorers karakt\u00e4rsdrag, utbildningsniv\u00e5, inl\u00e4rnings- och kognitiva f\u00f6rm\u00e5gor, yrke, hobbyer, intressen och preferenser.<\/p>\n<p>I v\u00e5r \u00c4ggdonatordatabas hittar du ocks\u00e5 omfattande detaljer om donatorernas och hennes familjs allm\u00e4nna h\u00e4lsa. Detta inkluderar information om donatorns f\u00f6r\u00e4ldrar, mor- och farf\u00f6r\u00e4ldrar, syskon och barn. Du kan ocks\u00e5 hitta detaljer om l\u00e4ngd, vikt, \u00f6gonf\u00e4rg, h\u00e5rf\u00e4rg, utbildning, yrke, hobbyer, talanger eller yrken som kan g\u00e5 i arv i familjen. All denna information ger dig en uppfattning om donatorernas familjebakgrund.<\/p>\n<p class=\"ctatxt\">Vill du f\u00e5 gratis 7-dagars tillg\u00e5ng till&nbsp;v\u00e5r \u00c4ggdonatordatabas? <strong class=\"popup-form-ed\">Kontakta oss!<\/strong><\/p>\n<p><a href=\"\/en\/egg-donation\/our-catalogue-of-egg-donors\/\" target=\"_blank\" rel=\"noopener\">Klicka h\u00e4r f\u00f6r att&nbsp;se ett exempel p\u00e5 en donatorprofil och hur vi strukturerar informationen i v\u00e5r \u00c4ggdonatordatabas \u2192<\/a><\/p>\n<h2>Hur man v\u00e4ljer en donator fr\u00e5n v\u00e5r \u00c4ggdonatordatabas?<\/h2>\n<p>N\u00e4r du f\u00f6rst kontaktar oss via <a href=\"mailto:info@fertilityguarantee.com\"><strong>e-post<\/strong><\/a> eller fyller i <strong class=\"popup-form-ed\">kontaktformul\u00e4ret<\/strong> \u00e4r vi glada att&nbsp;erbjuda dig 7-dagars gratis tillg\u00e5ng till&nbsp;den fullst\u00e4ndiga och aktuella versionen av v\u00e5r \u00c4ggdonatordatabas d\u00e4r du kan se fullst\u00e4ndiga profiler av v\u00e5ra donatorer. Vi \u00e4r glada att&nbsp;erbjuda dig ett inledande zoomm\u00f6te med oss d\u00e4r en av v\u00e5ra teammedlemmar kommer att&nbsp;f\u00f6rklara i detalj hur du kan surfa \u00c4ggdonatordatabasen med maximal nytta och framg\u00e5ng. Hon kommer ocks\u00e5 att&nbsp;besvara dina fr\u00e5gor. Alla zoom-m\u00f6ten med oss \u00e4r kostnadsfria. Vi beg\u00e4r inget kontrakt eller betalning innan du f\u00e5r fri tillg\u00e5ng till&nbsp;\u00c4ggdonatordatabas i fullst\u00e4ndig version, eftersom du kanske vill veta i f\u00f6rv\u00e4g hur du k\u00e4nner inf\u00f6r v\u00e5ra donatorer baserat p\u00e5 informationen i databasen. V\u00e5ra donatorer ger s\u00e5 mycket information som m\u00f6jligt, d\u00e5 de \u00f6ppnar sina hj\u00e4rtan f\u00f6r dig och det finns inget de d\u00f6ljer. Vi uppskattar det f\u00f6rtroende och den lojalitet v\u00e5ra donatorer ger OLGA Fertility Clinic och vi tar fantastisk medicinsk, psykologisk och social v\u00e5rd om dom p\u00e5 precis samma niv\u00e5 som vi bryr oss om v\u00e5ra k\u00e4ra patienter.<\/p>\n<p>Efter att&nbsp;du haft m\u00f6jlighet att&nbsp;surfa v\u00e5r \u00c4ggdonatordatabas i 7 dagar kommer en av v\u00e5ra koordinatorer att&nbsp;vara glada att&nbsp;ha ett nytt zoom-m\u00f6te med dig d\u00e4r du kan dela dina intryck. Det \u00e4r bra att&nbsp;diskutera dina tankar och k\u00e4nslor om dina valda donatorer med en av v\u00e5ra koordinatorer, som har mycket erfarenhet av att&nbsp;hj\u00e4lpa kvinnor inte bara i processen att&nbsp;individuellt v\u00e4lja en donator utan ocks\u00e5 genom hela deras fertilitetsresor och \u00e4ggdonationsbehandling hos OLGA Fertility, med v\u00e4gledning, information och st\u00f6d.<\/p>\n<p class=\"ctatxt\">Vill du f\u00e5 gratis tillg\u00e5ng till&nbsp;v\u00e5r \u00c4ggdonatordatabas? <strong class=\"popup-form-ed\">Kontakta oss!<\/strong><\/p>\n<p>Om du hellre vill surfa \u00c4ggdonatordatabasen p\u00e5 egen hand, med dina egna k\u00e4nslor och lyssna p\u00e5 ditt inre, <span class=\"popup-form-ed\">kontakta oss<\/span> f\u00f6r att&nbsp;f\u00e5 din fria tillg\u00e5ng och njut av \u00c4ggdonatordatabasen i 7 dagar. Om du efter 7 dagar vill diskutera dina val av donator eller be om r\u00e5d \u00e4r vi h\u00e4r f\u00f6r dig &#8211; <span class=\"popup-form-ed\">kontakta oss<\/span>.<\/p>\n<h2><strong>Hur reserverar och betalar du f\u00f6r donator\u00e4gg som du valt fr\u00e5n v\u00e5r \u00e4ggdonatordatabas?<\/strong><\/h2>\n<p>N\u00e4r du har hittat en donator som du k\u00e4nner dig trygg och bekv\u00e4m med, v\u00e4nligen <span class=\"popup-form-ed\">kontakta oss<\/span> s\u00e5 snart som m\u00f6jligt f\u00f6r att&nbsp;meddela vilken donator du har valt, eftersom det kan finnas andra patienter som \u00f6verv\u00e4ger samma donator. V\u00e4nligen kontakta oss s\u00e5 snart du har gjort ditt val s\u00e5 att&nbsp;vi kan reservera \u00e4ggen fr\u00e5n din valda donator i 7 dagar utan kostnad. S\u00e5 snart vi har gjort reservationen \u00e5terkommer vi med kontraktet och fakturan s\u00e5 att&nbsp;du kan g\u00f6ra din betalning i tid, och vi kan beh\u00e5lla dina valda donator\u00e4gg.<\/p>\n<p style=\"font-weight: 400;\">\u00a0P\u00e5 b\u00e5da platserna erbjuder vi paket med 100% pengarna-tillbaka-garanti f\u00f6r levande f\u00f6dsel; vi garanterar ocks\u00e5 ett visst antal blastocyster per IVF-cykel med donator\u00e4gg.<\/p>\n<p class=\"ctatxt\">Vill du veta mer om behandling och garantier hos OLGA Fertility i Cypern eller St. Petersburg?<br \/>\n<span class=\"popup-form-ed\">Kontakta oss!<\/span><\/p>\n<p><strong><br \/>\nDenna \u00e4lskade donator donerade hennes \u00e4gg 2021-2022 och hj\u00e4lpte fyra k\u00e4ra patienter att&nbsp;bli gravida och f\u00e5 sina barn.<\/strong><\/p>\n<div class=\"ts-row grid cf\">\n<div class=\"col-6\"><a class=\"popup-zoom\" href=\"\/wp-content\/uploads\/2023\/12\/donor-profile-1-1.jpg\"><img decoding=\"async\" class=\"w100p shdw1\" src=\"\/wp-content\/uploads\/2023\/12\/donor-profile-1-1.jpg\" alt=\"What information about donors can you find in&nbsp;our Egg Donor Database. Egg Donor photo and&nbsp;info\" \/><\/a><\/div>\n<div class=\"col-6\"><a class=\"popup-zoom\" href=\"\/wp-content\/uploads\/2023\/12\/donor-profile-1-2.jpg\"><img decoding=\"async\" class=\"w100p shdw1\" src=\"\/wp-content\/uploads\/2023\/12\/donor-profile-1-2.jpg\" alt=\"Egg donor details\" \/><\/a><\/div>\n<div class=\"col-6\"><a class=\"popup-zoom\" href=\"\/wp-content\/uploads\/2023\/12\/donor-profile-1-3.jpg\"><img decoding=\"async\" class=\"w100p shdw1\" src=\"\/wp-content\/uploads\/2023\/12\/donor-profile-1-3.jpg\" alt=\"\" \/><\/a><\/div>\n<div class=\"col-6\"><a class=\"popup-zoom\" href=\"\/wp-content\/uploads\/2023\/12\/donor-profile-1-4.jpg\"><img decoding=\"async\" class=\"w100p shdw1\" src=\"\/wp-content\/uploads\/2023\/12\/donor-profile-1-4.jpg\" alt=\"Egg donor information\" \/><\/a><\/div>\n<div class=\"col-6\"><a class=\"popup-zoom\" href=\"\/wp-content\/uploads\/2023\/12\/donor-profile-1-5.jpg\"><img decoding=\"async\" class=\"w100p shdw1\" src=\"\/wp-content\/uploads\/2023\/12\/donor-profile-1-5.jpg\" alt=\"Egg donor motivation letter\" \/><\/a><\/div>\n<div class=\"col-6\"><a class=\"popup-zoom\" href=\"\/wp-content\/uploads\/2023\/12\/donor-profile-1-6.jpg\"><img decoding=\"async\" class=\"w100p shdw1\" src=\"\/wp-content\/uploads\/2023\/12\/donor-profile-1-6.jpg\" alt=\"Egg donor adult photos\" \/><\/a><\/div>\n<\/div>\n<p class=\"ctatxt\" style=\"text-align: center;\">\nVill du veta mer om behandling och garantier hos OLGA Fertility i Cypern eller St. Petersburg?<br \/>\n<strong class=\"popup-form-ed\">Kontakta oss!<\/strong><\/p>\n<p>&nbsp;<\/p>\n<p>Vill du veta hur processen f\u00f6r behandling med donator\u00e4gg ser ut hos OLGA Fertility? &#8211; <a href=\"\/en\/egg-donation\/our-egg-and-double-donation-process\/\">L\u00e4s mer h\u00e4r \u2192<\/a><\/p>\n<p>&nbsp;<\/p>\n<\/div>\n","protected":false},"excerpt":{"rendered":"<p>Vi skapade v\u00e5r \u00c4ggdonatordatabas f\u00f6r 10 \u00e5r sedan &#8211; \u00e5r 2013, f\u00f6r att&nbsp;tillgodose v\u00e5ra patienters behov och att&nbsp;g\u00f6ra valprocessen av donator s\u00e5 trygg och bekv\u00e4m som m\u00f6jligt. Sedan dess har vi hj\u00e4lpt hundratals ensamst\u00e5ende kvinnor och par att&nbsp;uppn\u00e5 framg\u00e5ngsrika graviditeter och f\u00f6dslar med hj\u00e4lp av v\u00e5r \u00c4ggdonatordatabas. Du kan hitta personliga ber\u00e4ttelser fr\u00e5n v\u00e5ra patienter<\/p>\n","protected":false},"author":1,"featured_media":0,"parent":0,"menu_order":23,"comment_status":"closed","ping_status":"closed","template":"page-landing.php","meta":{"footnotes":""},"tags":[],"acf":[],"yoast_head":"<!-- This site is optimized with the Yoast SEO plugin v18.6 - https:\/\/yoast.com\/wordpress\/plugins\/seo\/ -->\n<title>Vilken information om donatorer kan du hitta i v\u00e5r \u00c4ggdonatordatabas? - O.L.G.A. Fertility<\/title>\n<meta name=\"robots\" content=\"index, follow, max-snippet:-1, max-image-preview:large, max-video-preview:-1\" \/>\n<link rel=\"canonical\" href=\"https:\/\/olgafertilityclinic.com\/se\/aggdonatordatabas\/\" \/>\n<meta property=\"og:locale\" content=\"sv_SE\" \/>\n<meta property=\"og:type\" content=\"article\" \/>\n<meta property=\"og:title\" content=\"Vilken information om donatorer kan du hitta i v\u00e5r \u00c4ggdonatordatabas? - O.L.G.A. Fertility\" \/>\n<meta property=\"og:description\" content=\"Vi skapade v\u00e5r \u00c4ggdonatordatabas f\u00f6r 10 \u00e5r sedan &#8211; \u00e5r 2013, f\u00f6r att&nbsp;tillgodose v\u00e5ra patienters behov och att&nbsp;g\u00f6ra valprocessen av donator s\u00e5 trygg och bekv\u00e4m som m\u00f6jligt. Sedan dess har vi hj\u00e4lpt hundratals ensamst\u00e5ende kvinnor och par att&nbsp;uppn\u00e5 framg\u00e5ngsrika graviditeter och f\u00f6dslar med hj\u00e4lp av v\u00e5r \u00c4ggdonatordatabas. Du kan hitta personliga ber\u00e4ttelser fr\u00e5n v\u00e5ra patienter\" \/>\n<meta property=\"og:url\" content=\"https:\/\/olgafertilityclinic.com\/se\/aggdonatordatabas\/\" \/>\n<meta property=\"og:site_name\" content=\"O.L.G.A. Fertility\" \/>\n<meta property=\"article:modified_time\" content=\"2024-09-25T08:08:57+00:00\" \/>\n<meta property=\"og:image\" content=\"https:\/\/olgafertilityclinic.com\/wp-content\/uploads\/2023\/12\/donor-profiles-1b.jpg\" \/>\n<meta name=\"twitter:card\" content=\"summary_large_image\" \/>\n<meta name=\"twitter:label1\" content=\"Ber\u00e4knad l\u00e4stid\" \/>\n\t<meta name=\"twitter:data1\" content=\"6 minuter\" \/>\n<script type=\"application\/ld+json\" class=\"yoast-schema-graph\">{\"@context\":\"https:\/\/schema.org\",\"@graph\":[{\"@type\":\"WebSite\",\"@id\":\"https:\/\/olgafertilityclinic.com\/se\/#website\",\"url\":\"https:\/\/olgafertilityclinic.com\/se\/\",\"name\":\"O.L.G.A. Fertility\",\"description\":\"Cyprus  and St. Petersburg\",\"potentialAction\":[{\"@type\":\"SearchAction\",\"target\":{\"@type\":\"EntryPoint\",\"urlTemplate\":\"https:\/\/olgafertilityclinic.com\/se\/?s={search_term_string}\"},\"query-input\":\"required name=search_term_string\"}],\"inLanguage\":\"sv-SE\"},{\"@type\":\"ImageObject\",\"@id\":\"https:\/\/olgafertilityclinic.com\/se\/aggdonatordatabas\/#primaryimage\",\"inLanguage\":\"sv-SE\",\"url\":\"https:\/\/olgafertilityclinic.com\/wp-content\/uploads\/2023\/12\/donor-profiles-1b.jpg\",\"contentUrl\":\"https:\/\/olgafertilityclinic.com\/wp-content\/uploads\/2023\/12\/donor-profiles-1b.jpg\",\"width\":1800,\"height\":1065},{\"@type\":\"WebPage\",\"@id\":\"https:\/\/olgafertilityclinic.com\/se\/aggdonatordatabas\/#webpage\",\"url\":\"https:\/\/olgafertilityclinic.com\/se\/aggdonatordatabas\/\",\"name\":\"Vilken information om donatorer kan du hitta i v\u00e5r \u00c4ggdonatordatabas? - O.L.G.A. Fertility\",\"isPartOf\":{\"@id\":\"https:\/\/olgafertilityclinic.com\/se\/#website\"},\"primaryImageOfPage\":{\"@id\":\"https:\/\/olgafertilityclinic.com\/se\/aggdonatordatabas\/#primaryimage\"},\"datePublished\":\"2023-12-11T21:49:01+00:00\",\"dateModified\":\"2024-09-25T08:08:57+00:00\",\"breadcrumb\":{\"@id\":\"https:\/\/olgafertilityclinic.com\/se\/aggdonatordatabas\/#breadcrumb\"},\"inLanguage\":\"sv-SE\",\"potentialAction\":[{\"@type\":\"ReadAction\",\"target\":[\"https:\/\/olgafertilityclinic.com\/se\/aggdonatordatabas\/\"]}]},{\"@type\":\"BreadcrumbList\",\"@id\":\"https:\/\/olgafertilityclinic.com\/se\/aggdonatordatabas\/#breadcrumb\",\"itemListElement\":[{\"@type\":\"ListItem\",\"position\":1,\"name\":\"Home\",\"item\":\"https:\/\/olgafertilityclinic.com\/se\/\"},{\"@type\":\"ListItem\",\"position\":2,\"name\":\"Vilken information om donatorer kan du hitta i v\u00e5r \u00c4ggdonatordatabas?\"}]}]}<\/script>\n<!-- \/ Yoast SEO plugin. -->","yoast_head_json":{"title":"Vilken information om donatorer kan du hitta i v\u00e5r \u00c4ggdonatordatabas? - O.L.G.A. Fertility","robots":{"index":"index","follow":"follow","max-snippet":"max-snippet:-1","max-image-preview":"max-image-preview:large","max-video-preview":"max-video-preview:-1"},"canonical":"https:\/\/olgafertilityclinic.com\/se\/aggdonatordatabas\/","og_locale":"sv_SE","og_type":"article","og_title":"Vilken information om donatorer kan du hitta i v\u00e5r \u00c4ggdonatordatabas? - O.L.G.A. Fertility","og_description":"Vi skapade v\u00e5r \u00c4ggdonatordatabas f\u00f6r 10 \u00e5r sedan &#8211; \u00e5r 2013, f\u00f6r att&nbsp;tillgodose v\u00e5ra patienters behov och att&nbsp;g\u00f6ra valprocessen av donator s\u00e5 trygg och bekv\u00e4m som m\u00f6jligt. Sedan dess har vi hj\u00e4lpt hundratals ensamst\u00e5ende kvinnor och par att&nbsp;uppn\u00e5 framg\u00e5ngsrika graviditeter och f\u00f6dslar med hj\u00e4lp av v\u00e5r \u00c4ggdonatordatabas. Du kan hitta personliga ber\u00e4ttelser fr\u00e5n v\u00e5ra patienter","og_url":"https:\/\/olgafertilityclinic.com\/se\/aggdonatordatabas\/","og_site_name":"O.L.G.A. Fertility","article_modified_time":"2024-09-25T08:08:57+00:00","og_image":[{"url":"https:\/\/olgafertilityclinic.com\/wp-content\/uploads\/2023\/12\/donor-profiles-1b.jpg"}],"twitter_card":"summary_large_image","twitter_misc":{"Ber\u00e4knad l\u00e4stid":"6 minuter"},"schema":{"@context":"https:\/\/schema.org","@graph":[{"@type":"WebSite","@id":"https:\/\/olgafertilityclinic.com\/se\/#website","url":"https:\/\/olgafertilityclinic.com\/se\/","name":"O.L.G.A. Fertility","description":"Cyprus  and St. Petersburg","potentialAction":[{"@type":"SearchAction","target":{"@type":"EntryPoint","urlTemplate":"https:\/\/olgafertilityclinic.com\/se\/?s={search_term_string}"},"query-input":"required name=search_term_string"}],"inLanguage":"sv-SE"},{"@type":"ImageObject","@id":"https:\/\/olgafertilityclinic.com\/se\/aggdonatordatabas\/#primaryimage","inLanguage":"sv-SE","url":"https:\/\/olgafertilityclinic.com\/wp-content\/uploads\/2023\/12\/donor-profiles-1b.jpg","contentUrl":"https:\/\/olgafertilityclinic.com\/wp-content\/uploads\/2023\/12\/donor-profiles-1b.jpg","width":1800,"height":1065},{"@type":"WebPage","@id":"https:\/\/olgafertilityclinic.com\/se\/aggdonatordatabas\/#webpage","url":"https:\/\/olgafertilityclinic.com\/se\/aggdonatordatabas\/","name":"Vilken information om donatorer kan du hitta i v\u00e5r \u00c4ggdonatordatabas? - O.L.G.A. Fertility","isPartOf":{"@id":"https:\/\/olgafertilityclinic.com\/se\/#website"},"primaryImageOfPage":{"@id":"https:\/\/olgafertilityclinic.com\/se\/aggdonatordatabas\/#primaryimage"},"datePublished":"2023-12-11T21:49:01+00:00","dateModified":"2024-09-25T08:08:57+00:00","breadcrumb":{"@id":"https:\/\/olgafertilityclinic.com\/se\/aggdonatordatabas\/#breadcrumb"},"inLanguage":"sv-SE","potentialAction":[{"@type":"ReadAction","target":["https:\/\/olgafertilityclinic.com\/se\/aggdonatordatabas\/"]}]},{"@type":"BreadcrumbList","@id":"https:\/\/olgafertilityclinic.com\/se\/aggdonatordatabas\/#breadcrumb","itemListElement":[{"@type":"ListItem","position":1,"name":"Home","item":"https:\/\/olgafertilityclinic.com\/se\/"},{"@type":"ListItem","position":2,"name":"Vilken information om donatorer kan du hitta i v\u00e5r \u00c4ggdonatordatabas?"}]}]}},"_links":{"self":[{"href":"https:\/\/olgafertilityclinic.com\/se\/wp-json\/wp\/v2\/pages\/18666"}],"collection":[{"href":"https:\/\/olgafertilityclinic.com\/se\/wp-json\/wp\/v2\/pages"}],"about":[{"href":"https:\/\/olgafertilityclinic.com\/se\/wp-json\/wp\/v2\/types\/page"}],"author":[{"embeddable":true,"href":"https:\/\/olgafertilityclinic.com\/se\/wp-json\/wp\/v2\/users\/1"}],"replies":[{"embeddable":true,"href":"https:\/\/olgafertilityclinic.com\/se\/wp-json\/wp\/v2\/comments?post=18666"}],"version-history":[{"count":5,"href":"https:\/\/olgafertilityclinic.com\/se\/wp-json\/wp\/v2\/pages\/18666\/revisions"}],"predecessor-version":[{"id":21108,"href":"https:\/\/olgafertilityclinic.com\/se\/wp-json\/wp\/v2\/pages\/18666\/revisions\/21108"}],"wp:attachment":[{"href":"https:\/\/olgafertilityclinic.com\/se\/wp-json\/wp\/v2\/media?parent=18666"}],"wp:term":[{"taxonomy":"post_tag","embeddable":true,"href":"https:\/\/olgafertilityclinic.com\/se\/wp-json\/wp\/v2\/tags?post=18666"}],"curies":[{"name":"wp","href":"https:\/\/api.w.org\/{rel}","templated":true}]}}