{"id":19452,"date":"2023-12-13T14:05:54","date_gmt":"2023-12-13T14:05:54","guid":{"rendered":"https:\/\/olgafertilityclinic.com\/?page_id=19452"},"modified":"2024-03-21T15:48:10","modified_gmt":"2024-03-21T15:48:10","slug":"aeggdonatorsprofil","status":"publish","type":"page","link":"https:\/\/olgafertilityclinic.com\/se\/aggdonatordatabas\/aeggdonatorsprofil\/","title":{"rendered":"Upt\u00e4ck v\u00e5r Donatorinformation: En Omfattande Inblick i Varje \u00c4ggdonatorsprofil i V\u00e5r Databas"},"content":{"rendered":"<div class=\"entry-content\">\n<p><em>Nedan beskriver vi all den v\u00e4rdefulla information du kan hitta i varje \u00e4ggdonatorsprofil. H\u00e4r f\u00f6rklarar vi ocks\u00e5 v\u00e4rdet av denna information n\u00e4r du letar efter en donator som du vill k\u00e4nna dig trygg och bekv\u00e4m med, en donator som liknar dig eller som har s\u00e5 mycket gemensamt med dig att&nbsp;hon kunde ha varit din v\u00e4n&#8230;<\/em><\/p>\n<div>\n<p class=\"Body\"><b>Barndomsfoton fr\u00e5<\/b><b>n <\/b><b>\u00e5<\/b><b>ldern 2 till&nbsp;14<\/b> \u00e4r det f\u00f6rsta du kan se i v\u00e5r \u00e4ggdonatorsprofil. Barn \u00e4r mycket \u00e4kta och \u00f6ppna, och de speglar ofta sina f\u00f6r\u00e4ldrar och n\u00e4rmaste familj. Du kan se hur donatorn s\u00e5g ut som barn och vilket temperament hon ursprungligen hade. Sj\u00e4lvklart kan denna<span lang=\"NL\"> leende <\/span>flicka med blonda lockar v\u00e4xa upp till&nbsp;en smal allvarlig brunett med rakt h\u00e5r, men du vet fortfarande att&nbsp;som barn \u00e4lskades hon och var lycklig med sin familj, det var l\u00e4tt f\u00f6r henne att&nbsp;le och k\u00e4nna sig fantastisk. Eller denna allvarliga lilla dam med stora gr\u00f6na \u00f6gon tillbringade timmar med att&nbsp;rita och \u00e4lskade h\u00e4<span lang=\"PT\">star (h<\/span>\u00e4r \u00e4r hon p\u00e5 bilden med en av dem), och nu, som vuxen kvinna, \u00e4r hon en ridtr\u00e4nare som skapar vackra m\u00e5lningar p\u00e5 sin fritid. Barndomsfoton \u00e4r frusna minnen av v\u00e5rt liv, och vi b\u00e4r med oss denna erfarenhet, s\u00e5 barndomen \u00e4r en mycket viktig period att&nbsp;visa i \u00e4ggsdonatorsprofilen.<\/p>\n<div>\n<p class=\"Body\"><b>Foton i vuxen<\/b> <b>\u00e5lder<\/b> visar kvinnan som denna lilla flicka nu v\u00e4xte upp till. I v\u00e5r \u00e4ggdonatorsprofil kan du se hur hennes ansikte har f\u00f6r\u00e4ndrats under \u00e5ren. Du kan se om hon nu \u00e4r glad och lycklig, om hon \u00e4r allvarlig och mycket lugn och kanske befinner sig p\u00e5 en topposition eller till&nbsp;och med driver sin eget f\u00f6retag. Donatorsfoton i vuxen \u00e5lder kan visa dig hur hon f\u00f6redrar att&nbsp;kl\u00e4 sig, vilken stil hon gillar, hur hon g\u00f6r eller f\u00e4rgar sitt h\u00e5r, om hon sminkar sig eller inte, om hon tar bilder mestadels med barn, husdjur, djur eller under sina resor, vid havet, i bergen eller p\u00e5 jobbet. Alla dessa detaljer i v\u00e5r \u00e4ggdonatorsprofil ger dig en k\u00e4nsla av donatorns personlighet.<\/p>\n<\/div>\n<p class=\"ctatxt\">Vill du f\u00e5 7-dagars gratis tillg\u00e5ng till&nbsp;v\u00e5r databas? <span class=\"popup-form-ed\">Kontakta oss!<\/span><\/p>\n<p><\/p>\n<p class=\"Body\">V\u00e5<span lang=\"IT\">ra donatorer <\/span>ber\u00e4tta g\u00e4rna f\u00f6r blivande f\u00f6r\u00e4ldrar om sina liv och s\u00e5dana viktiga delar som <b>yrken, hobbies, intressen<\/b>, eftersom dessa aspekter avsl\u00f6jar en personlighet bakom bilderna. Vilka aktiviteter tyckte hon om som barn? Var studerade hon, vilka \u00e4r hennes planer f\u00f6r framtida utbildning (om hon har n\u00e5gra)? Vilka intressen hade hon n\u00e4r hon var singel, p\u00e5 vilket s\u00e4tt f\u00f6r\u00e4ndrades hennes hobbyer n\u00e4r hon gifte sig och fick barn? \u00c4r hon en kreativ konstn\u00e4r eller en stark analytiker? Och m\u00e5nga fler detaljer om donatorn.<\/p>\n<\/div>\n<div>\n<p class=\"Body\"><b style=\"font-family: Inter, sans-serif; font-size: 16px;\">Livsfilosofi, temperament och preferenser <\/b><span lang=\"IT\" style=\"font-family: Inter, sans-serif; font-size: 16px;\">(favoritf<\/span><span lang=\"SV\" style=\"font-family: Inter, sans-serif; font-size: 16px;\">\u00f6rfattare och bok, musik, filmer, mat etc.) visar personligheten<\/span><span lang=\"IT\" style=\"font-family: Inter, sans-serif; font-size: 16px;\"> i <\/span><span lang=\"SV\" style=\"font-family: Inter, sans-serif; font-size: 16px;\">\u00e4ggdonatorsprofilen, och det \u00e4<\/span><span lang=\"DA\" style=\"font-family: Inter, sans-serif; font-size: 16px;\">r h<\/span><span lang=\"SV\" style=\"font-family: Inter, sans-serif; font-size: 16px;\">\u00e4r du kan se om du intuitivt har n<\/span><span lang=\"DA\" style=\"font-family: Inter, sans-serif; font-size: 16px;\">\u00e5<\/span><span lang=\"SV\" style=\"font-family: Inter, sans-serif; font-size: 16px;\">got gemensamt. Du kanske har samma favoritbok eller gillar samma musikstil eller har samma favoritr\u00e4tter. Och du kan pl\u00f6tsligt k\u00e4nna att&nbsp;det klickar: &#8220;vi kunde vara v\u00e4<\/span><span lang=\"DE\" style=\"font-family: Inter, sans-serif; font-size: 16px;\">nner&#8221;.<\/span><span style=\"font-size: 16px;\">\u00a0<\/span><\/p>\n<\/div>\n<div>\n<p class=\"Body\">I \u00e4ggdonatorsprofilen kan du se donators <b>huvudpersonlighetsdrag<\/b>, hur hon beskriver sig sj\u00e4lv: om hon \u00e4r lugn och mjuk eller kanske energisk och ambiti\u00f6s, sj\u00e4lvs\u00e4ker eller blyg, allvarlig eller rolig, nyfiken, \u00e4rlig, romantisk, beslutsam, lyh\u00f6rd, uppriktig, k\u00e4nslig och m\u00e5nga andra olika personlighetsdrag som kombineras och g\u00f6r varje person unik.<span style=\"font-size: 16px;\">\u00a0<\/span><\/p>\n<\/div>\n<div>\n<p class=\"Body\">I<b> motiveringsbrevet<\/b> avsl\u00f6jar donatorn sina tankar och k\u00e4nslor om donation, moderskap, detaljer om sitt liv och sina egna moderskapserfarenheter, ibland beskriver hon n\u00e5gra \u00f6gonblick och minnen fr\u00e5n sin barndom. Detta motiveringsbrev \u00e4r handskrivet, och du kan l\u00e4sa hennes karakt\u00e4r &#8220;mellan raderna&#8221;.<\/p>\n<\/div>\n<div>\n<p class=\"Body\"><b>Social information som utbildningsniv<\/b><b>\u00e5<\/b>, vidareutbildning, spr\u00e5k, idrott, de tre senaste jobben \u2013 det \u00e4r en mycket viktig del av \u00e4ggdonatorsprofilen, inte f\u00f6r att&nbsp;det visar hennes prestationer (eftersom \u00e4ggdonatorer kan vara mycket unga, bara i b\u00f6rjan av sitt liv), men d\u00e4r kan du se livstakten, ambitionerna och donatorns m\u00e5l, om hon kan dr\u00f6mma stort, om hon har stora planer.<\/p>\n<\/div>\n<div>\n<p class=\"Body\"><b>L\u00e4rande och kognitiva f\u00f6rm<\/b><b>\u00e5<\/b><b>gor <\/b>beskrivs ocks\u00e5 i \u00e4<span lang=\"NL\">ggdonatorsprofilen: hennes inst<\/span>\u00e4llning till&nbsp;musik, konst, poesi, dans, kreativitet och prestation, v\u00e4ltalighet, spr\u00e5k, idrott, vetenskap, matematik, analys, logik etc. H\u00e4r kan du se vilka talanger \u00e4ggdonatorn hade men inte kunde utveckla, vilka f\u00e4rdigheter hon har utvecklat professionellt men sedan best\u00e4mde sig f\u00f6r att&nbsp;\u00e4ndra sitt intresseomr\u00e5de och vilka talanger och f\u00e4rdigheter hon anv\u00e4nder idag.<\/p>\n<p class=\"ctatxt\">Vill du f\u00e5 7-dagars gratis tillg\u00e5ng till&nbsp;v\u00e5r databas? <span class=\"popup-form-ed\">Kontakta oss!<\/span><\/p>\n<p class=\"Body\"><b><br \/>\nH\u00e4lsokapitlet<\/b><span lang=\"IT\"> i <\/span>\u00e4ggdonatorsprofilen besvarar fr\u00e5gor om donators allm\u00e4nna h\u00e4lsa. Har donatorn genomg\u00e5tt n\u00e5gra operationer och i s\u00e5 fall varf\u00f6r? Hur \u00e4r hennes tandh\u00e4lsa och syn? Dricker hon alkohol, har hon en diet, tr\u00e4nar hon regelbundet? Har hon n\u00e5gon allergi eller kronisk sjukdom? Svaren p\u00e5 <span lang=\"IT\">alla dessa fr<\/span>\u00e5gor finns i avsnittet av profilen som kallas &#8220;Medicinsk och genetisk information om donatorn&#8221;.<span style=\"font-size: 16px;\">\u00a0<\/span><\/p>\n<p class=\"Body\"><b>Allm<\/b><b>\u00e4n och biometrisk information<\/b>. Sj\u00e4lvklart kan du se viss information p\u00e5 bilderna, men i denna del av profilen kan du l\u00e4<span lang=\"NL\">sa om donator<\/span>ns \u00f6gonf\u00e4rg, h\u00e5rf\u00e4rg och struktur (naturlig), hennes hudton, kroppsbyggnad, religion och platsen d\u00e4r hon nu bor.<span style=\"font-size: 16px;\">\u00a0<\/span><\/p>\n<p class=\"Body\"><b>Information om donators familj<\/b> finns tillg\u00e4nglig f\u00f6r dig i donatorsprofilen: du kan l\u00e4<span lang=\"NL\">sa om donators f<\/span>\u00f6r\u00e4ldrar, mor- och farf\u00f6r\u00e4ldrar, hennes syskon och barn. Du kan se deras l\u00e4ngd, vikt, \u00f6gonf\u00e4rg, h\u00e5rf\u00e4rg, utbildning, yrke och hobbyer, \u00e4<span lang=\"NL\">ven h<\/span>\u00e4lsotillst\u00e5nd om det finns n\u00e5gra. Efter att&nbsp;ha l\u00e4<span lang=\"FR\">st de<\/span>nna del av profilen har du en helhetsbild av donators familj med deras fenotyper, bakgrund, \u00e4ven vissa talanger eller yrken som g\u00e5r i familjen och sj\u00e4lvklart kan intressen och hobbyer karakterisera dessa m\u00e4nniskor ganska v\u00e4<span lang=\"PT\">l.<\/span><\/p>\n<\/div>\n<div>\n<p class=\"Body\">Varje mor \u00e4lskar att&nbsp;prata om sina barn och v\u00e5<span lang=\"IT\">ra donatorer <\/span>\u00e4r inga undantag \ud83d\ude0a I avsnittet &#8220;Donators barn&#8221; ser du barnets (barnens) f\u00f6delse\u00e5r, \u00f6gonf\u00e4rg, h\u00e5rf\u00e4rg, kroppsbyggnad, \u00e5lder n\u00e4<span lang=\"NL\">r de b<\/span>\u00f6rjade g\u00e5 och mer&#8230;<\/p>\n<\/div>\n<\/div>\n<div class=\"entry-content\">\n<p><strong><img decoding=\"async\" class=\"w90p\" style=\"font-family: Inter, sans-serif; font-size: 15px; text-align: center; color: #454545;\" src=\"https:\/\/olgafertilityclinic.com\/wp-content\/uploads\/2023\/12\/donor-profiles-2b.jpg\" alt=\"Unveiling Donor Details: A Comprehensive Look Inside Each Egg Donor Profile in&nbsp;Our Database\" \/><\/strong><\/p>\n<p class=\"ctatxt\">Vill du se v\u00e5ra \u00e4ggdonatorsprofiler? <span class=\"popup-form-ed\">Klicka h\u00e4r f\u00f6r att&nbsp;f\u00e5 7 dagars gratis tillg\u00e5ng till&nbsp;v\u00e5r databas.<\/span><\/p>\n<h2>Navigering av \u00c4ggdonatorsprofilerna: Visning, Reservering och Betalning<\/h2>\n<ol>\n<li>\n<div><strong>Gratis Tillg\u00e5ng<\/strong><br \/>\nKontakta oss via e-post eller v\u00e5rt kontaktformul\u00e4r f\u00f6r 7 dagars kostnadsfri tillg\u00e5ng till&nbsp;v\u00e5r kompletta \u00c4ggdonatorsdatabas, som erbjuder detaljerade donatorsprofiler.<\/div>\n<\/li>\n<li>\n<div><strong>Inledande Zoom-m\u00f6te<\/strong><br \/>\nF\u00e5 ett gratis Zoom-m\u00f6te med v\u00e5rt team f\u00f6r att&nbsp;effektivt navigera v\u00e5r databas. Vi kommer att&nbsp;ge r\u00e5d ang\u00e5ende val och besvara eventuella fr\u00e5gor du kan ha<\/div>\n<\/li>\n<li>\n<div><strong>Oberoende Surfning<br \/>\n<\/strong>Du kan ocks\u00e5 utforska \u00e4ggdonatorsprofilerna sj\u00e4lvst\u00e4ndigt i 7 dagar med gratis tillg\u00e5ng och kontakta oss bara om du vill diskutera val eller s\u00f6ka r\u00e5d efter denna period.<\/div>\n<\/li>\n<li>\n<div><strong>Reservera din valda donator<br \/>\n<\/strong>N\u00e4r du har identifierat en donator som du k\u00e4nner dig trygg med, meddela oss omedelbart. Vi kan reservera din valda donators \u00e4gg gratis under 5 dagar f\u00f6r att&nbsp;s\u00e4kerst\u00e4lla tillg\u00e4ngligheten<\/div>\n<\/li>\n<li>\n<div><strong>Betalningsprocess<br \/>\n<\/strong>Vid bekr\u00e4ftelse av ditt donatorsval kommer vi att&nbsp;tillhandah\u00e5lla dig kontrakt och faktura. G\u00f6r betalningen inom angiven tid f\u00f6r att&nbsp;s\u00e4kra \u00e4ggen fr\u00e5n din valda donator<\/div>\n<\/li>\n<\/ol>\n<p class=\"ctatxt\">Vill du f\u00e5 7-dagars gratis tillg\u00e5ng till&nbsp;v\u00e5r \u00c4ggdonatorsdatabas? <span class=\"popup-form-ed\">Kontakta oss!<\/span><\/p>\n<p>\nF\u00f6r n\u00e4rvarande erbjuder vi exklusivt \u00e4ggsdonationbehandling av O.L.G.A. Fertility i Cypern och St. Petersburg och erbjuder inte leverans av donerade \u00e4gg till&nbsp;andra destinationer.<\/p>\n<p class=\"ctatxt\">Vill du veta mer om v\u00e5ra paket med 100% pengarna-tillbaka-garanti f\u00f6r levande f\u00f6dsel och blastocystassuranser av O.L.G.A. Fertility i Sankt Petersburg eller Cypern? <span class=\"popup-form-ed\">Kontakta oss!<\/span><\/p>\n<p><strong><br \/>\nDenna underbara donator donerade hennes \u00e4gg 2019-2021 och hj\u00e4lpte v\u00e5ra tre k\u00e4ra patienter att&nbsp;bli gravida och f\u00e5 sina barn.<br \/>\n<\/strong><\/p>\n<div class=\"ts-row grid cf\">\n<div class=\"col-6\"><a class=\"popup-zoom\" href=\"\/wp-content\/uploads\/2023\/12\/donor-profile-2-1.jpg\"><img decoding=\"async\" class=\"w100p shdw1\" src=\"\/wp-content\/uploads\/2023\/12\/donor-profile-2-1.jpg\" alt=\"Unveiling Donor Details: A Comprehensive Look Inside Each Egg Donor Profile in&nbsp;Our Database. Egg Donor photo and&nbsp;info\" \/><\/a><\/div>\n<div class=\"col-6\"><a class=\"popup-zoom\" href=\"\/wp-content\/uploads\/2023\/12\/donor-profile-2-2.jpg\"><img decoding=\"async\" class=\"w100p shdw1\" src=\"\/wp-content\/uploads\/2023\/12\/donor-profile-2-2.jpg\" alt=\"Egg donor details\" \/><\/a><\/div>\n<div class=\"col-6\"><a class=\"popup-zoom\" href=\"\/wp-content\/uploads\/2023\/12\/donor-profile-2-3.jpg\"><img decoding=\"async\" class=\"w100p shdw1\" src=\"\/wp-content\/uploads\/2023\/12\/donor-profile-2-3.jpg\" alt=\"\" \/><\/a><\/div>\n<div class=\"col-6\"><a class=\"popup-zoom\" href=\"\/wp-content\/uploads\/2023\/12\/donor-profile-2-4.jpg\"><img decoding=\"async\" class=\"w100p shdw1\" src=\"\/wp-content\/uploads\/2023\/12\/donor-profile-2-4.jpg\" alt=\"\" \/><\/a><\/div>\n<div class=\"col-6\"><a class=\"popup-zoom\" href=\"\/wp-content\/uploads\/2023\/12\/donor-profile-2-5.jpg\"><img decoding=\"async\" class=\"w100p shdw1\" src=\"\/wp-content\/uploads\/2023\/12\/donor-profile-2-5.jpg\" alt=\"Egg donor information\" \/><\/a><\/div>\n<div class=\"col-6\"><a class=\"popup-zoom\" href=\"\/wp-content\/uploads\/2023\/12\/donor-profile-2-6.jpg\"><img decoding=\"async\" class=\"w100p shdw1\" src=\"\/wp-content\/uploads\/2023\/12\/donor-profile-2-6.jpg\" alt=\"Egg donor motivation letter\" \/><\/a><\/div>\n<div class=\"col-6\"><a class=\"popup-zoom\" href=\"\/wp-content\/uploads\/2023\/12\/donor-profile-2-7.jpg\"><img decoding=\"async\" class=\"w100p shdw1\" src=\"\/wp-content\/uploads\/2023\/12\/donor-profile-2-7.jpg\" alt=\"Egg donor adult photos\" \/><\/a><\/div>\n<\/div>\n<p class=\"ctatxt\" style=\"text-align: center;\">\nVill du veta mer om v\u00e5ra paket med 100% pengarna-tillbaka-garanti f\u00f6r levande f\u00f6dsel och blastocystassuranser av O.L.G.A. Fertility i Sankt Petersburg eller Cypern? <span class=\"popup-form-ed\">Kontakta oss!<\/span><\/p>\n<\/div>\n","protected":false},"excerpt":{"rendered":"<p>Nedan beskriver vi all den v\u00e4rdefulla information du kan hitta i varje \u00e4ggdonatorsprofil. H\u00e4r f\u00f6rklarar vi ocks\u00e5 v\u00e4rdet av denna information n\u00e4r du letar efter en donator som du vill k\u00e4nna dig trygg och bekv\u00e4m med, en donator som liknar dig eller som har s\u00e5 mycket gemensamt med dig att&nbsp;hon kunde ha varit din v\u00e4n&#8230;<\/p>\n","protected":false},"author":1,"featured_media":0,"parent":18666,"menu_order":0,"comment_status":"closed","ping_status":"closed","template":"page-landing.php","meta":{"footnotes":""},"tags":[],"acf":[],"yoast_head":"<!-- This site is optimized with the Yoast SEO plugin v18.6 - https:\/\/yoast.com\/wordpress\/plugins\/seo\/ -->\n<title>Val av 80 \u00e4ggdonatorsprofiler \u2013 f\u00e5 gratis tillg\u00e5ng - O.L.G.A. Fertility<\/title>\n<meta name=\"description\" content=\"Varje \u00e4ggdonatorsprofil inkluderar bilder p\u00e5 donatorn som barn och vuxen, motivationsbrev, h\u00e4lsoinformation om donatorn, hennes barn och familj, karakt\u00e4r, utbildning, yrke, intressen och m\u00e5nga fler detaljer\" \/>\n<meta name=\"robots\" content=\"index, follow, max-snippet:-1, max-image-preview:large, max-video-preview:-1\" \/>\n<link rel=\"canonical\" href=\"https:\/\/olgafertilityclinic.com\/se\/aggdonatordatabas\/aeggdonatorsprofil\/\" \/>\n<meta property=\"og:locale\" content=\"sv_SE\" \/>\n<meta property=\"og:type\" content=\"article\" \/>\n<meta property=\"og:title\" content=\"Val av 80 \u00e4ggdonatorsprofiler \u2013 f\u00e5 gratis tillg\u00e5ng - O.L.G.A. Fertility\" \/>\n<meta property=\"og:description\" content=\"Varje \u00e4ggdonatorsprofil inkluderar bilder p\u00e5 donatorn som barn och vuxen, motivationsbrev, h\u00e4lsoinformation om donatorn, hennes barn och familj, karakt\u00e4r, utbildning, yrke, intressen och m\u00e5nga fler detaljer\" \/>\n<meta property=\"og:url\" content=\"https:\/\/olgafertilityclinic.com\/se\/aggdonatordatabas\/aeggdonatorsprofil\/\" \/>\n<meta property=\"og:site_name\" content=\"O.L.G.A. Fertility\" \/>\n<meta property=\"article:modified_time\" content=\"2024-03-21T15:48:10+00:00\" \/>\n<meta property=\"og:image\" content=\"https:\/\/olgafertilityclinic.com\/wp-content\/uploads\/2023\/12\/donor-profiles-2b.jpg\" \/>\n<meta name=\"twitter:card\" content=\"summary_large_image\" \/>\n<meta name=\"twitter:label1\" content=\"Ber\u00e4knad l\u00e4stid\" \/>\n\t<meta name=\"twitter:data1\" content=\"7 minuter\" \/>\n<script type=\"application\/ld+json\" class=\"yoast-schema-graph\">{\"@context\":\"https:\/\/schema.org\",\"@graph\":[{\"@type\":\"WebSite\",\"@id\":\"https:\/\/olgafertilityclinic.com\/se\/#website\",\"url\":\"https:\/\/olgafertilityclinic.com\/se\/\",\"name\":\"O.L.G.A. Fertility\",\"description\":\"Cyprus  and St. Petersburg\",\"potentialAction\":[{\"@type\":\"SearchAction\",\"target\":{\"@type\":\"EntryPoint\",\"urlTemplate\":\"https:\/\/olgafertilityclinic.com\/se\/?s={search_term_string}\"},\"query-input\":\"required name=search_term_string\"}],\"inLanguage\":\"sv-SE\"},{\"@type\":\"ImageObject\",\"@id\":\"https:\/\/olgafertilityclinic.com\/se\/aggdonatordatabas\/aeggdonatorsprofil\/#primaryimage\",\"inLanguage\":\"sv-SE\",\"url\":\"https:\/\/olgafertilityclinic.com\/wp-content\/uploads\/2023\/12\/donor-profiles-2b.jpg\",\"contentUrl\":\"https:\/\/olgafertilityclinic.com\/wp-content\/uploads\/2023\/12\/donor-profiles-2b.jpg\",\"width\":1800,\"height\":1065},{\"@type\":\"WebPage\",\"@id\":\"https:\/\/olgafertilityclinic.com\/se\/aggdonatordatabas\/aeggdonatorsprofil\/#webpage\",\"url\":\"https:\/\/olgafertilityclinic.com\/se\/aggdonatordatabas\/aeggdonatorsprofil\/\",\"name\":\"Val av 80 \u00e4ggdonatorsprofiler \u2013 f\u00e5 gratis tillg\u00e5ng - O.L.G.A. Fertility\",\"isPartOf\":{\"@id\":\"https:\/\/olgafertilityclinic.com\/se\/#website\"},\"primaryImageOfPage\":{\"@id\":\"https:\/\/olgafertilityclinic.com\/se\/aggdonatordatabas\/aeggdonatorsprofil\/#primaryimage\"},\"datePublished\":\"2023-12-13T14:05:54+00:00\",\"dateModified\":\"2024-03-21T15:48:10+00:00\",\"description\":\"Varje \u00e4ggdonatorsprofil inkluderar bilder p\u00e5 donatorn som barn och vuxen, motivationsbrev, h\u00e4lsoinformation om donatorn, hennes barn och familj, karakt\u00e4r, utbildning, yrke, intressen och m\u00e5nga fler detaljer\",\"breadcrumb\":{\"@id\":\"https:\/\/olgafertilityclinic.com\/se\/aggdonatordatabas\/aeggdonatorsprofil\/#breadcrumb\"},\"inLanguage\":\"sv-SE\",\"potentialAction\":[{\"@type\":\"ReadAction\",\"target\":[\"https:\/\/olgafertilityclinic.com\/se\/aggdonatordatabas\/aeggdonatorsprofil\/\"]}]},{\"@type\":\"BreadcrumbList\",\"@id\":\"https:\/\/olgafertilityclinic.com\/se\/aggdonatordatabas\/aeggdonatorsprofil\/#breadcrumb\",\"itemListElement\":[{\"@type\":\"ListItem\",\"position\":1,\"name\":\"Home\",\"item\":\"https:\/\/olgafertilityclinic.com\/se\/\"},{\"@type\":\"ListItem\",\"position\":2,\"name\":\"Vilken information om donatorer kan du hitta i v\u00e5r \u00c4ggdonatordatabas?\",\"item\":\"https:\/\/olgafertilityclinic.com\/se\/aggdonatordatabas\/\"},{\"@type\":\"ListItem\",\"position\":3,\"name\":\"Upt\u00e4ck v\u00e5r Donatorinformation: En Omfattande Inblick i Varje \u00c4ggdonatorsprofil i V\u00e5r Databas\"}]}]}<\/script>\n<!-- \/ Yoast SEO plugin. -->","yoast_head_json":{"title":"Val av 80 \u00e4ggdonatorsprofiler \u2013 f\u00e5 gratis tillg\u00e5ng - O.L.G.A. Fertility","description":"Varje \u00e4ggdonatorsprofil inkluderar bilder p\u00e5 donatorn som barn och vuxen, motivationsbrev, h\u00e4lsoinformation om donatorn, hennes barn och familj, karakt\u00e4r, utbildning, yrke, intressen och m\u00e5nga fler detaljer","robots":{"index":"index","follow":"follow","max-snippet":"max-snippet:-1","max-image-preview":"max-image-preview:large","max-video-preview":"max-video-preview:-1"},"canonical":"https:\/\/olgafertilityclinic.com\/se\/aggdonatordatabas\/aeggdonatorsprofil\/","og_locale":"sv_SE","og_type":"article","og_title":"Val av 80 \u00e4ggdonatorsprofiler \u2013 f\u00e5 gratis tillg\u00e5ng - O.L.G.A. Fertility","og_description":"Varje \u00e4ggdonatorsprofil inkluderar bilder p\u00e5 donatorn som barn och vuxen, motivationsbrev, h\u00e4lsoinformation om donatorn, hennes barn och familj, karakt\u00e4r, utbildning, yrke, intressen och m\u00e5nga fler detaljer","og_url":"https:\/\/olgafertilityclinic.com\/se\/aggdonatordatabas\/aeggdonatorsprofil\/","og_site_name":"O.L.G.A. Fertility","article_modified_time":"2024-03-21T15:48:10+00:00","og_image":[{"url":"https:\/\/olgafertilityclinic.com\/wp-content\/uploads\/2023\/12\/donor-profiles-2b.jpg"}],"twitter_card":"summary_large_image","twitter_misc":{"Ber\u00e4knad l\u00e4stid":"7 minuter"},"schema":{"@context":"https:\/\/schema.org","@graph":[{"@type":"WebSite","@id":"https:\/\/olgafertilityclinic.com\/se\/#website","url":"https:\/\/olgafertilityclinic.com\/se\/","name":"O.L.G.A. Fertility","description":"Cyprus  and St. Petersburg","potentialAction":[{"@type":"SearchAction","target":{"@type":"EntryPoint","urlTemplate":"https:\/\/olgafertilityclinic.com\/se\/?s={search_term_string}"},"query-input":"required name=search_term_string"}],"inLanguage":"sv-SE"},{"@type":"ImageObject","@id":"https:\/\/olgafertilityclinic.com\/se\/aggdonatordatabas\/aeggdonatorsprofil\/#primaryimage","inLanguage":"sv-SE","url":"https:\/\/olgafertilityclinic.com\/wp-content\/uploads\/2023\/12\/donor-profiles-2b.jpg","contentUrl":"https:\/\/olgafertilityclinic.com\/wp-content\/uploads\/2023\/12\/donor-profiles-2b.jpg","width":1800,"height":1065},{"@type":"WebPage","@id":"https:\/\/olgafertilityclinic.com\/se\/aggdonatordatabas\/aeggdonatorsprofil\/#webpage","url":"https:\/\/olgafertilityclinic.com\/se\/aggdonatordatabas\/aeggdonatorsprofil\/","name":"Val av 80 \u00e4ggdonatorsprofiler \u2013 f\u00e5 gratis tillg\u00e5ng - O.L.G.A. Fertility","isPartOf":{"@id":"https:\/\/olgafertilityclinic.com\/se\/#website"},"primaryImageOfPage":{"@id":"https:\/\/olgafertilityclinic.com\/se\/aggdonatordatabas\/aeggdonatorsprofil\/#primaryimage"},"datePublished":"2023-12-13T14:05:54+00:00","dateModified":"2024-03-21T15:48:10+00:00","description":"Varje \u00e4ggdonatorsprofil inkluderar bilder p\u00e5 donatorn som barn och vuxen, motivationsbrev, h\u00e4lsoinformation om donatorn, hennes barn och familj, karakt\u00e4r, utbildning, yrke, intressen och m\u00e5nga fler detaljer","breadcrumb":{"@id":"https:\/\/olgafertilityclinic.com\/se\/aggdonatordatabas\/aeggdonatorsprofil\/#breadcrumb"},"inLanguage":"sv-SE","potentialAction":[{"@type":"ReadAction","target":["https:\/\/olgafertilityclinic.com\/se\/aggdonatordatabas\/aeggdonatorsprofil\/"]}]},{"@type":"BreadcrumbList","@id":"https:\/\/olgafertilityclinic.com\/se\/aggdonatordatabas\/aeggdonatorsprofil\/#breadcrumb","itemListElement":[{"@type":"ListItem","position":1,"name":"Home","item":"https:\/\/olgafertilityclinic.com\/se\/"},{"@type":"ListItem","position":2,"name":"Vilken information om donatorer kan du hitta i v\u00e5r \u00c4ggdonatordatabas?","item":"https:\/\/olgafertilityclinic.com\/se\/aggdonatordatabas\/"},{"@type":"ListItem","position":3,"name":"Upt\u00e4ck v\u00e5r Donatorinformation: En Omfattande Inblick i Varje \u00c4ggdonatorsprofil i V\u00e5r Databas"}]}]}},"_links":{"self":[{"href":"https:\/\/olgafertilityclinic.com\/se\/wp-json\/wp\/v2\/pages\/19452"}],"collection":[{"href":"https:\/\/olgafertilityclinic.com\/se\/wp-json\/wp\/v2\/pages"}],"about":[{"href":"https:\/\/olgafertilityclinic.com\/se\/wp-json\/wp\/v2\/types\/page"}],"author":[{"embeddable":true,"href":"https:\/\/olgafertilityclinic.com\/se\/wp-json\/wp\/v2\/users\/1"}],"replies":[{"embeddable":true,"href":"https:\/\/olgafertilityclinic.com\/se\/wp-json\/wp\/v2\/comments?post=19452"}],"version-history":[{"count":2,"href":"https:\/\/olgafertilityclinic.com\/se\/wp-json\/wp\/v2\/pages\/19452\/revisions"}],"predecessor-version":[{"id":19455,"href":"https:\/\/olgafertilityclinic.com\/se\/wp-json\/wp\/v2\/pages\/19452\/revisions\/19455"}],"up":[{"embeddable":true,"href":"https:\/\/olgafertilityclinic.com\/se\/wp-json\/wp\/v2\/pages\/18666"}],"wp:attachment":[{"href":"https:\/\/olgafertilityclinic.com\/se\/wp-json\/wp\/v2\/media?parent=19452"}],"wp:term":[{"taxonomy":"post_tag","embeddable":true,"href":"https:\/\/olgafertilityclinic.com\/se\/wp-json\/wp\/v2\/tags?post=19452"}],"curies":[{"name":"wp","href":"https:\/\/api.w.org\/{rel}","templated":true}]}}