{"id":22197,"date":"2021-02-20T10:56:59","date_gmt":"2021-02-20T10:56:59","guid":{"rendered":"https:\/\/olgafertilityclinic.com\/?page_id=22197"},"modified":"2025-12-30T17:24:36","modified_gmt":"2025-12-30T17:24:36","slug":"varfor-valja-oss","status":"publish","type":"page","link":"https:\/\/olgafertilityclinic.com\/se\/varfor-valja-oss\/","title":{"rendered":"18 sk\u00e4l till varf\u00f6r patienter v\u00e4ljer O.L.G.A. Fertility"},"content":{"rendered":"<div class=\"why-us\">\n<hr \/>\n<h2 class=\"wico1\">Individuell behandling<\/h2>\n<p>O.L.G.A.-kliniken anv\u00e4nder en individuell strategi ist\u00e4llet f\u00f6r standardisering. Vi erbjuder inte samma strategi till&nbsp;stora patientgrupper \u2013 vi skapar ett individuellt framg\u00e5ngsrecept f\u00f6r varje kvinna eller par.<\/p>\n<hr \/>\n<h2 class=\"wico2\">Resultat<\/h2>\n<p>P\u00e5 O.L.G.A.-kliniken \u00e4r chansen f\u00f6r en levande f\u00f6dsel i program med egna \u00e4gg och PGT-A 49&nbsp;% efter en embryotransfer, och med donator\u00e4gg och embryon \u2013 55,7&nbsp;%. Det inneb\u00e4r att&nbsp;det i genomsnitt kr\u00e4vs 2-3 embryotransfer innan v\u00e5ra patienter blir gravida och f\u00e5r sina barn.<\/p>\n<hr \/>\n<h2 class=\"wico3\">En individuellt vald strategi<\/h2>\n<p>P\u00e5 O.L.G.A. Fertility analyserar vi din historia genom att&nbsp;studera dina journaler och ha en personlig dialog med dig. V\u00e5ra experter \u00e4gnar i genomsnitt 8 timmar f\u00f6r att&nbsp;analysera ditt fall och omvandla tidigare &#8220;otur&#8221; till&nbsp;framg\u00e5ngsrik levande f\u00f6dsel. Innan behandlingen p\u00e5b\u00f6rjas har vi redan utformat en individuell medicinsk strategi och en uppskattning av hur m\u00e5nga f\u00f6rs\u00f6k som kr\u00e4vs f\u00f6r att&nbsp;n\u00e5 m\u00e5let.<\/p>\n<hr \/>\n<h2 class=\"wico4\">Paket med fast pris och pengar tillbaka-garanti<\/h2>\n<ul>\n<li>Om inget barn f\u00f6ds inom de f\u00f6rs\u00f6k som ing\u00e5r i paketet \u00e5terbetalar vi 100&nbsp;% av dina kostnader f\u00f6r paketet;<\/li>\n<li>Du betalar inte l\u00e4ngre f\u00f6r konsultationer, tester eller behandlingar \u2013 endast f\u00f6r resultatet: en baby i dina armar!<\/li>\n<\/ul>\n<p><img decoding=\"async\" class=\"tpb-img-desktop\" src=\"\/i\/2026\/tpb-mb202601b-dsktp.jpg\" \/><img decoding=\"async\" class=\"tpb-img-mobile\" src=\"\/i\/2026\/tpb-mb202601-mob.jpg\" \/><\/p>\n<p><strong>O.L.G.A. Fertility started shared risk programmes in\u00a02016<\/strong><\/p>\n<p><strong>1075 patienter har valt paket med pengar tillbaka-garanti<\/strong> mellan 2016 och\u00a0<span class=\"nobr\">2025<\/span><\/p>\n<ul>\n<li>769 patienter har levande f\u00f6dslar<\/li>\n<li>73 patienter \u00e4r fortfarande gravida<\/li>\n<li>172 patienter \u00e4r under behandling<\/li>\n<li>61 patienter har f\u00e5tt \u00e5terbetalning<\/li>\n<\/ul>\n<h2 class=\"wico5\">Individuell steg-f\u00f6r-steg-medicinsk process<\/h2>\n<p>Patienter som kommer till&nbsp;oss har ofta mer \u00e4n en anledning till&nbsp;varf\u00f6r de inte har ett eget barn \u00e4nnu. Det skulle ha varit naivt att&nbsp;tro att&nbsp;alla bakomliggande orsaker till&nbsp;infertilitet kan l\u00f6sas p\u00e5 en g\u00e5ng.<\/p>\n<p>Om du har ett utmanande projekt med ett stort m\u00e5l, skulle du vanligtvis dela upp det i mindre projekt med mindre m\u00e5l, eller hur? Det g\u00f6r vi ocks\u00e5. Till&nbsp;exempel, om \u00e4gg \u00e4r problemet och endometriet inte v\u00e4xer bra, kommer vi att&nbsp;dela upp din IVF-process i flera cykler f\u00f6r att&nbsp;kunna ta itu med var och en av tv\u00e5 utmaningar individuellt. I den ena menstruationscykeln kommer vi att&nbsp;skapa starkare \u00e4gg och kompetenta embryon, i den andra cykeln kommer vi att&nbsp;unders\u00f6ka, behandla och stimulera din slemhinna, och i den tredje cykeln kommer vi att&nbsp;l\u00e4gga dessa 3 pusselbitar. Detta \u00e4r ett av exemplen p\u00e5 individualiserad steg-f\u00f6r-steg medicinsk process.<\/p>\n<hr \/>\n<h2 class=\"wico6\">Du beh\u00f6ver inte vara projektledare f\u00f6r din behandling<\/h2>\n<p>M\u00e5nga patienter som kommer till&nbsp;O.L.G.A. Fertility, ber\u00e4ttar f\u00f6r oss att&nbsp;de var tvungna att&nbsp;vara projektledare f\u00f6r sin fertilitetsbehandling annars h\u00e4nde inte behandlingen. I O.L.G.A. beh\u00f6ver du inte vara projektledare f\u00f6r din egen fertilitetsbehandling. Du kommer att&nbsp;ha ett personligt tilldelat team som guidar dig genom processen och ber\u00e4ttar i god tid om ditt n\u00e4sta steg.<\/p>\n<hr \/>\n<h2 class=\"wico13\">Steg-f\u00f6r-steg-IVF-process med egna \u00e4gg<\/h2>\n<p>Vi separerar \u00e4ggplock och embryo\u00f6verf\u00f6ring och \u00e4gnar en individuell cykel till&nbsp;varje procedur. Vi h\u00e5ller fast vid principen &#8220;en utmaning \u2014 en l\u00f6sning&#8221;. Vi inkluderar ytterligare procedurer som hysteroskopi, ERA-test och andra f\u00f6r att&nbsp;\u00f6ka chanserna f\u00f6r framg\u00e5ngsrik implantation. Vi odlar embryon till&nbsp;dag 5, hittar det mest lovande embryot som vi sedan \u00f6verf\u00f6r i optimalt endometrium i b\u00e4sta tid.<\/p>\n<hr \/>\n<h2 class=\"wico12\">Genetisk screening av embryon \u2014 PGT-A<\/h2>\n<p>PGT-A (kromosomunders\u00f6kning av embryon) g\u00f6rs i cyklerna med patientens egna \u00e4gg och hj\u00e4lper till&nbsp;att identifiera embryon som \u00e4r normala (23 kromosomer). Att&nbsp;endast \u00f6verf\u00f6ra normala embryon (23 kromosomer) f\u00f6rkortar tiden till&nbsp;graviditet och levande f\u00f6dsel genom f\u00e4rre \u00f6verf\u00f6ringar.<\/p>\n<div><a class=\"button\" href=\"#footerform\">Boka En Gratis Konsultation!<\/a><\/div>\n<hr \/>\n<h2 class=\"wico14\">Individuellt utvald \u00e4ggdonator fr\u00e5n v\u00e5r Online-databas<\/h2>\n<p>V\u00e5r \u00e4ggdonatordatabas erbjuder detaljerade profiler med foton. V\u00e5ra donatorer \u00e4r unga, friska kvinnor under 32 \u00e5r som genomg\u00e5r regelbundna medicinska kontroller. Vi ger fri tillg\u00e5ng till&nbsp;v\u00e5r databas och \u00e4ven professionell v\u00e4gledning under s\u00f6kningen.<\/p>\n<hr \/>\n<h2 class=\"wico15\">Spermadonatorer, \u00f6ppna\/anonyma<\/h2>\n<p>Du kan v\u00e4lja \u00f6ppna eller anonyma donatorer fr\u00e5n rysk eller internationella spermabanker beroende p\u00e5 behandlingsplats.\u00a0<\/p>\n<hr \/>\n<h2 class=\"wico11\">Avancerad och detaljerad information<\/h2>\n<p>Vi tror att&nbsp;information \u00e4r en av nycklarna till&nbsp;framg\u00e5ng. Vi h\u00f6r ofta fr\u00e5n v\u00e5ra patienter att&nbsp;de saknar information om fertilitetsutmaningar och deras potentiella alternativ. De \u00e4r ivriga att&nbsp;f\u00e5 veta mer om \u00e4ggs \u00e5ldrande och hur detta kan l\u00f6sas med PGT-A, \u00e4ggdonation och dubbeldonation som alternativ till&nbsp;att f\u00f6rbli barnl\u00f6s om de egna \u00e4ggen inte fungerar. D\u00e4rf\u00f6r inleder vi v\u00e5r dialog med dig genom att&nbsp;tillhandah\u00e5lla den v\u00e4sentliga informationen, svara p\u00e5 dina fr\u00e5gor, diskutera olika behandlingss\u00e4tt s\u00e5 att&nbsp;du kan fatta v\u00e4lgrundade beslut.<\/p>\n<div><a class=\"button\" href=\"#footerform\">Boka En Gratis Konsultation!<\/a><\/div>\n<hr \/>\n<h2 class=\"wico7\">Individuell omsorg och steg-f\u00f6r steg-v\u00e4gledning<\/h2>\n<p>V\u00e5ra patienter vill se sina fertilitetsutmaningar inte bara ur ett medicinskt perspektiv, utan ocks\u00e5 ur etisk, moralisk och emotionell synvinkel. Under behandlingen p\u00e5 O.L.G.A. Fertility kommer du att&nbsp;ha ditt eget lilla team som arbetar i en individuell dialog med dig: en personlig behandlande l\u00e4kare, personlig sjuksk\u00f6terska, koordinator och administrat\u00f6r. Detta individualiserade och n\u00e4ra f\u00f6rh\u00e5llningss\u00e4tt s\u00e4kerst\u00e4ller b\u00e4sta m\u00f6jliga omsorg om dig som person och uppm\u00e4rksamhet p\u00e5 varje medicinsk och administrativ detalj som leder till&nbsp;din framg\u00e5ng \u2013 ditt eget barns f\u00f6dsel.<\/p>\n<p>V\u00e5rt m\u00e5l \u00e4r att&nbsp;uppn\u00e5 levande f\u00f6delse inom ett minimum av steg och inom din komfortzon.<\/p>\n<hr \/>\n<h2 class=\"wico9\">Individuellt psykologiskt st\u00f6d<\/h2>\n<p>Vanligtvis har patienter som kommer till&nbsp;oss redan ett tungt bagage av frustrerande f\u00f6rs\u00f6k. Riktig k\u00e4mpe, vi beundrar din beslutsamhet och starka vilja att&nbsp;bli f\u00f6r\u00e4lder! \u00c4nd\u00e5 kan alla k\u00e4nna sig utmattade, frustrerade, hoppl\u00f6sa och ledsna efter flera misslyckade f\u00f6rs\u00f6k och\/eller missfall. Vi vet hur viktigt det \u00e4r f\u00f6r dig att&nbsp;ha psykologiskt st\u00f6d och samla krafter innan du startar ditt nya projekt hos oss.<\/p>\n<p>V\u00e5ra <a href=\"\/en\/team\/psychologists\/\">perinatala psykologer<\/a> har sitt fokus p\u00e5 kvinnor som f\u00f6rs\u00f6ker bli gravida. Vi erbjuder dig dessa online-m\u00f6ten f\u00f6r att&nbsp;hj\u00e4lpa dig att&nbsp;minska din historias inflytande p\u00e5 din framtid<\/p>\n<p><strong>Vill du boka en kostnadsfri konsultation med n\u00e5gon av v\u00e5ra perinatala psykologer?<\/strong><\/p>\n<p><a class=\"button\" href=\"#footerform\">Boka nu ett gratis samtal!<\/a><\/p>\n<hr \/>\n<h2 class=\"wico10\">Dialog med v\u00e5ra tidigare patienter<\/h2>\n<p>Genom \u201cA Former Patient Call\u201d kan du prata med n\u00e5gon som redan g\u00e5tt igenom processen och f\u00e5tt barn. Dessa individuella telefon\/Skype\/Zoom-samtal med v\u00e5ra tidigare patienter \u00e4r utformade f\u00f6r att&nbsp;hj\u00e4lpa dig att&nbsp;f\u00e5 tillbaka ditt hopp och hitta motivationen att&nbsp;forts\u00e4tta.<\/p>\n<p><a class=\"button\" href=\"#footerform\">Boka &#8220;Ett samtal med en f\u00f6re detta patient\u201d!<\/a><\/p>\n<hr \/>\n<h2 class=\"wico8\">Individuell hj\u00e4lp med logistik<\/h2>\n<p>Vi hj\u00e4lper dig att&nbsp;planera din resa till&nbsp;Cypern eller St Petersburg och rekommenderar bra hotell. Din personliga administrat\u00f6r hj\u00e4lper dig att&nbsp;ordna alla n\u00f6dv\u00e4ndiga resedetaljer s\u00e5 att&nbsp;resan blir bekv\u00e4m.<\/p>\n<p><strong><br \/>\nHave questions? Ready to start?<\/strong><\/p>\n<p><a class=\"button\" href=\"#footerform\">Boka En Gratis Konsultation!<\/a><\/p>\n<hr \/>\n<h2 class=\"wico16\">Inga v\u00e4ntelistor p\u00e5 O.L.G.A.-kliniken<\/h2>\n<p>Oavsett behandling kan du v\u00e4lja det datum som passar dig b\u00e4st. Vi kommer att&nbsp;informera dig om tidigast m\u00f6jliga datum f\u00f6r ditt optimala resultat och logistik, d\u00e4refter v\u00e4ljer du och kommer \u00f6verens med oss.<\/p>\n<hr \/>\n<h2 class=\"wico17\">Vi v\u00e4lkomnar kvinnor upp till&nbsp;53 \u00e5rs \u00e5lder<\/h2>\n<p>Om du \u00e4r under 53 \u00e5r och l\u00e4ngtar efter ett barn finns vi h\u00e4r f\u00f6r att&nbsp;hj\u00e4lpa dig b\u00e5de i St Petersburg och Cypern. Vi behandlar g\u00e4rna b\u00e5de ensamst\u00e5ende kvinnor och par p\u00e5 v\u00e5ra b\u00e5da orter.<\/p>\n<hr \/>\n<h2 class=\"wico18\">O.L.G.A. Fertilitys st\u00e4ndiga tillv\u00e4xt och expertis<\/h2>\n<p>O\u00e4ndligt l\u00e4rande och uppgradering av f\u00e4rdigheter och kunskaper \u00e4r en integrerad del av v\u00e5r filosofi. Dessutom ut\u00f6kar <a href=\"\/en\/team\/\">kliniken teamet<\/a> regelbundet med h\u00f6gt kvalificerade och involverade specialister f\u00f6r att&nbsp;ge varje patient b\u00e4sta m\u00f6jliga v\u00e5rd<\/p>\n<hr \/>\n<p><strong>Har du fr\u00e5gor? Redo att&nbsp;b\u00f6rja?<\/strong><\/p>\n<p><a class=\"button\" href=\"#footerform\">Boka En Gratis Konsultation!<\/a><\/p>\n<\/div>\n<h2><b>En blick in&nbsp;i framtiden<\/b><\/h2>\n<p><img decoding=\"async\" class=\"w40p ar\" src=\"https:\/\/olgafertilityclinic.com\/wp-content\/uploads\/2022\/12\/why-us-future-833x900.jpg\" alt=\"\" \/><\/p>\n<p>M\u00e5nga av er har h\u00f6rt den h\u00e4r frasen innan ni p\u00e5b\u00f6rjade \u00e4nnu ett f\u00f6rs\u00f6k: &#8220;l\u00e5t oss f\u00f6rs\u00f6ka och se vad som h\u00e4nder&#8221;. Och s\u00e5 gick \u00e5ren.<\/p>\n<p>Vi har ett annat f\u00f6rh\u00e5llningss\u00e4tt. Vi f\u00f6redrar att&nbsp;spendera timmar p\u00e5 att&nbsp;analysera och skapa smarta strategier snarare \u00e4n att&nbsp;spendera \u00e5r p\u00e5 att&nbsp;f\u00f6rs\u00f6ka samma saker om och om igen.<\/p>\n<p style=\"font-weight: 400;\"><strong>Vi f\u00f6redrar att&nbsp;du har ett barn i din famn inom ett minimalt antal f\u00f6rs\u00f6k.<\/strong><\/p>\n<p style=\"font-weight: 400;\"><strong>Och vi tycker om n\u00e4r du umg\u00e5s med ditt barn ist\u00e4llet f\u00f6r att&nbsp;\u00e4gna tid \u00e5t att&nbsp;v\u00e4nta p\u00e5 ditt barn.<\/strong><\/p>\n<p><strong>Det \u00e4r d\u00e4rf\u00f6r vi funderar mycket kring din tidigare och framtida behandling innan vi faktiskt b\u00f6rjar g\u00f6ra din behandling: \u00a0<\/strong><\/p>\n<ul>\n<li>vi analyserar dina journaler,<\/li>\n<li>uppskattar ditt individuella antal f\u00f6rs\u00f6k som kr\u00e4vs f\u00f6r att&nbsp;garantera en levande f\u00f6dsel,<\/li>\n<li>skapar ett garantipaket,<\/li>\n<li>definierar din medicinska strategi,<\/li>\n<li>skriver din steg-f\u00f6r-steg behandlingsplan,<\/li>\n<li>och f\u00f6rst d\u00e5 kan du p\u00e5b\u00f6rja din behandling, varav 90&nbsp;% g\u00f6rs innan du reser till&nbsp;Cypern eller St. Petersburg.<\/li>\n<\/ul>\n<p><b>Ditt f\u00f6rarbete tar ocks\u00e5 tid:\u00a0\u00a0<\/b><\/p>\n<ul>\n<li><span class=\"Apple-converted-space\">du m\u00e5ste fylla i v\u00e5rt detaljerade fr\u00e5geformul\u00e4r<\/span><\/li>\n<li><span class=\"Apple-converted-space\">samla in&nbsp;journaler om dina tidigare behandlingar och tester,<\/span><\/li>\n<li><span class=\"Apple-converted-space\">g\u00f6ra ultraljudsunders\u00f6kning och kanske n\u00e5gra ytterligare tester p\u00e5 v\u00e5r beg\u00e4ran,<\/span><\/li>\n<li><span class=\"Apple-converted-space\">om en donator \u00e4r involverad i din behandlingsprocess, innan du g\u00e5r vidare kan du beh\u00f6va tid f\u00f6r att&nbsp;normalisera dina k\u00e4nslor och f\u00e5 n\u00e5gra grundl\u00e4ggande fr\u00e5gor besvarade<br \/>\n<\/span><\/li>\n<\/ul>\n<p style=\"font-weight: 400;\"><strong>Kom ih\u00e5g att&nbsp;du spelar huvudrollen i den h\u00e4r filmen som kallas din fertilitetsbehandling, och v\u00e5r uppgift \u00e4r att&nbsp;se till&nbsp;att den h\u00e4r filmen f\u00e5r ett lyckligt slut &#8211; ett barn i dina armar.<\/strong><\/p>\n<p style=\"font-weight: 400;\"><em><strong>V\u00e5r f\u00e4rdkarta kan variera, men destinationen och m\u00e5let \u00e4r detsamma \u2014 ett barn i din famn.<\/strong><\/em><\/p>\n","protected":false},"excerpt":{"rendered":"<p>Individuell behandling O.L.G.A.-kliniken anv\u00e4nder en individuell strategi ist\u00e4llet f\u00f6r standardisering. Vi erbjuder inte samma strategi till&nbsp;stora patientgrupper \u2013 vi skapar ett individuellt framg\u00e5ngsrecept f\u00f6r varje kvinna eller par. Resultat P\u00e5 O.L.G.A.-kliniken \u00e4r chansen f\u00f6r en levande f\u00f6dsel i program med egna \u00e4gg och PGT-A 49&nbsp;% efter en embryotransfer, och med donator\u00e4gg och embryon \u2013 55,7&nbsp;%.<\/p>\n","protected":false},"author":1,"featured_media":0,"parent":0,"menu_order":72,"comment_status":"closed","ping_status":"closed","template":"","meta":{"footnotes":""},"tags":[],"acf":[],"yoast_head":"<!-- This site is optimized with the Yoast SEO plugin v18.6 - https:\/\/yoast.com\/wordpress\/plugins\/seo\/ -->\n<title>18 sk\u00e4l till varf\u00f6r patienter v\u00e4ljer O.L.G.A. Fertility - O.L.G.A. Fertility<\/title>\n<meta name=\"robots\" content=\"index, follow, max-snippet:-1, max-image-preview:large, max-video-preview:-1\" \/>\n<link rel=\"canonical\" href=\"https:\/\/olgafertilityclinic.com\/se\/varfor-valja-oss\/\" \/>\n<meta property=\"og:locale\" content=\"sv_SE\" \/>\n<meta property=\"og:type\" content=\"article\" \/>\n<meta property=\"og:title\" content=\"18 sk\u00e4l till varf\u00f6r patienter v\u00e4ljer O.L.G.A. Fertility - O.L.G.A. Fertility\" \/>\n<meta property=\"og:description\" content=\"Individuell behandling O.L.G.A.-kliniken anv\u00e4nder en individuell strategi ist\u00e4llet f\u00f6r standardisering. Vi erbjuder inte samma strategi till&nbsp;stora patientgrupper \u2013 vi skapar ett individuellt framg\u00e5ngsrecept f\u00f6r varje kvinna eller par. Resultat P\u00e5 O.L.G.A.-kliniken \u00e4r chansen f\u00f6r en levande f\u00f6dsel i program med egna \u00e4gg och PGT-A 49&nbsp;% efter en embryotransfer, och med donator\u00e4gg och embryon \u2013 55,7&nbsp;%.\" \/>\n<meta property=\"og:url\" content=\"https:\/\/olgafertilityclinic.com\/se\/varfor-valja-oss\/\" \/>\n<meta property=\"og:site_name\" content=\"O.L.G.A. Fertility\" \/>\n<meta property=\"article:modified_time\" content=\"2025-12-30T17:24:36+00:00\" \/>\n<meta property=\"og:image\" content=\"https:\/\/olgafertilityclinic.com\/wp-content\/uploads\/2022\/12\/why-us-future-833x900.jpg\" \/>\n<meta name=\"twitter:card\" content=\"summary_large_image\" \/>\n<meta name=\"twitter:label1\" content=\"Ber\u00e4knad l\u00e4stid\" \/>\n\t<meta name=\"twitter:data1\" content=\"8 minuter\" \/>\n<script type=\"application\/ld+json\" class=\"yoast-schema-graph\">{\"@context\":\"https:\/\/schema.org\",\"@graph\":[{\"@type\":\"WebSite\",\"@id\":\"https:\/\/olgafertilityclinic.com\/se\/#website\",\"url\":\"https:\/\/olgafertilityclinic.com\/se\/\",\"name\":\"O.L.G.A. Fertility\",\"description\":\"Cyprus  and St. Petersburg\",\"potentialAction\":[{\"@type\":\"SearchAction\",\"target\":{\"@type\":\"EntryPoint\",\"urlTemplate\":\"https:\/\/olgafertilityclinic.com\/se\/?s={search_term_string}\"},\"query-input\":\"required name=search_term_string\"}],\"inLanguage\":\"sv-SE\"},{\"@type\":\"ImageObject\",\"@id\":\"https:\/\/olgafertilityclinic.com\/se\/varfor-valja-oss\/#primaryimage\",\"inLanguage\":\"sv-SE\",\"url\":\"https:\/\/olgafertilityclinic.com\/wp-content\/uploads\/2022\/12\/why-us-future.jpg\",\"contentUrl\":\"https:\/\/olgafertilityclinic.com\/wp-content\/uploads\/2022\/12\/why-us-future.jpg\",\"width\":1200,\"height\":1297,\"caption\":\"Businessman hand arranging wood block with icon business strategy and Action plan, copy space.\"},{\"@type\":\"WebPage\",\"@id\":\"https:\/\/olgafertilityclinic.com\/se\/varfor-valja-oss\/#webpage\",\"url\":\"https:\/\/olgafertilityclinic.com\/se\/varfor-valja-oss\/\",\"name\":\"18 sk\u00e4l till varf\u00f6r patienter v\u00e4ljer O.L.G.A. Fertility - O.L.G.A. Fertility\",\"isPartOf\":{\"@id\":\"https:\/\/olgafertilityclinic.com\/se\/#website\"},\"primaryImageOfPage\":{\"@id\":\"https:\/\/olgafertilityclinic.com\/se\/varfor-valja-oss\/#primaryimage\"},\"datePublished\":\"2021-02-20T10:56:59+00:00\",\"dateModified\":\"2025-12-30T17:24:36+00:00\",\"breadcrumb\":{\"@id\":\"https:\/\/olgafertilityclinic.com\/se\/varfor-valja-oss\/#breadcrumb\"},\"inLanguage\":\"sv-SE\",\"potentialAction\":[{\"@type\":\"ReadAction\",\"target\":[\"https:\/\/olgafertilityclinic.com\/se\/varfor-valja-oss\/\"]}]},{\"@type\":\"BreadcrumbList\",\"@id\":\"https:\/\/olgafertilityclinic.com\/se\/varfor-valja-oss\/#breadcrumb\",\"itemListElement\":[{\"@type\":\"ListItem\",\"position\":1,\"name\":\"Home\",\"item\":\"https:\/\/olgafertilityclinic.com\/se\/\"},{\"@type\":\"ListItem\",\"position\":2,\"name\":\"18 sk\u00e4l till varf\u00f6r patienter v\u00e4ljer O.L.G.A. Fertility\"}]}]}<\/script>\n<!-- \/ Yoast SEO plugin. -->","yoast_head_json":{"title":"18 sk\u00e4l till varf\u00f6r patienter v\u00e4ljer O.L.G.A. Fertility - O.L.G.A. Fertility","robots":{"index":"index","follow":"follow","max-snippet":"max-snippet:-1","max-image-preview":"max-image-preview:large","max-video-preview":"max-video-preview:-1"},"canonical":"https:\/\/olgafertilityclinic.com\/se\/varfor-valja-oss\/","og_locale":"sv_SE","og_type":"article","og_title":"18 sk\u00e4l till varf\u00f6r patienter v\u00e4ljer O.L.G.A. Fertility - O.L.G.A. Fertility","og_description":"Individuell behandling O.L.G.A.-kliniken anv\u00e4nder en individuell strategi ist\u00e4llet f\u00f6r standardisering. Vi erbjuder inte samma strategi till&nbsp;stora patientgrupper \u2013 vi skapar ett individuellt framg\u00e5ngsrecept f\u00f6r varje kvinna eller par. Resultat P\u00e5 O.L.G.A.-kliniken \u00e4r chansen f\u00f6r en levande f\u00f6dsel i program med egna \u00e4gg och PGT-A 49&nbsp;% efter en embryotransfer, och med donator\u00e4gg och embryon \u2013 55,7&nbsp;%.","og_url":"https:\/\/olgafertilityclinic.com\/se\/varfor-valja-oss\/","og_site_name":"O.L.G.A. Fertility","article_modified_time":"2025-12-30T17:24:36+00:00","og_image":[{"url":"https:\/\/olgafertilityclinic.com\/wp-content\/uploads\/2022\/12\/why-us-future-833x900.jpg"}],"twitter_card":"summary_large_image","twitter_misc":{"Ber\u00e4knad l\u00e4stid":"8 minuter"},"schema":{"@context":"https:\/\/schema.org","@graph":[{"@type":"WebSite","@id":"https:\/\/olgafertilityclinic.com\/se\/#website","url":"https:\/\/olgafertilityclinic.com\/se\/","name":"O.L.G.A. Fertility","description":"Cyprus  and St. Petersburg","potentialAction":[{"@type":"SearchAction","target":{"@type":"EntryPoint","urlTemplate":"https:\/\/olgafertilityclinic.com\/se\/?s={search_term_string}"},"query-input":"required name=search_term_string"}],"inLanguage":"sv-SE"},{"@type":"ImageObject","@id":"https:\/\/olgafertilityclinic.com\/se\/varfor-valja-oss\/#primaryimage","inLanguage":"sv-SE","url":"https:\/\/olgafertilityclinic.com\/wp-content\/uploads\/2022\/12\/why-us-future.jpg","contentUrl":"https:\/\/olgafertilityclinic.com\/wp-content\/uploads\/2022\/12\/why-us-future.jpg","width":1200,"height":1297,"caption":"Businessman hand arranging wood block with icon business strategy and Action plan, copy space."},{"@type":"WebPage","@id":"https:\/\/olgafertilityclinic.com\/se\/varfor-valja-oss\/#webpage","url":"https:\/\/olgafertilityclinic.com\/se\/varfor-valja-oss\/","name":"18 sk\u00e4l till varf\u00f6r patienter v\u00e4ljer O.L.G.A. Fertility - O.L.G.A. Fertility","isPartOf":{"@id":"https:\/\/olgafertilityclinic.com\/se\/#website"},"primaryImageOfPage":{"@id":"https:\/\/olgafertilityclinic.com\/se\/varfor-valja-oss\/#primaryimage"},"datePublished":"2021-02-20T10:56:59+00:00","dateModified":"2025-12-30T17:24:36+00:00","breadcrumb":{"@id":"https:\/\/olgafertilityclinic.com\/se\/varfor-valja-oss\/#breadcrumb"},"inLanguage":"sv-SE","potentialAction":[{"@type":"ReadAction","target":["https:\/\/olgafertilityclinic.com\/se\/varfor-valja-oss\/"]}]},{"@type":"BreadcrumbList","@id":"https:\/\/olgafertilityclinic.com\/se\/varfor-valja-oss\/#breadcrumb","itemListElement":[{"@type":"ListItem","position":1,"name":"Home","item":"https:\/\/olgafertilityclinic.com\/se\/"},{"@type":"ListItem","position":2,"name":"18 sk\u00e4l till varf\u00f6r patienter v\u00e4ljer O.L.G.A. Fertility"}]}]}},"_links":{"self":[{"href":"https:\/\/olgafertilityclinic.com\/se\/wp-json\/wp\/v2\/pages\/22197"}],"collection":[{"href":"https:\/\/olgafertilityclinic.com\/se\/wp-json\/wp\/v2\/pages"}],"about":[{"href":"https:\/\/olgafertilityclinic.com\/se\/wp-json\/wp\/v2\/types\/page"}],"author":[{"embeddable":true,"href":"https:\/\/olgafertilityclinic.com\/se\/wp-json\/wp\/v2\/users\/1"}],"replies":[{"embeddable":true,"href":"https:\/\/olgafertilityclinic.com\/se\/wp-json\/wp\/v2\/comments?post=22197"}],"version-history":[{"count":6,"href":"https:\/\/olgafertilityclinic.com\/se\/wp-json\/wp\/v2\/pages\/22197\/revisions"}],"predecessor-version":[{"id":24511,"href":"https:\/\/olgafertilityclinic.com\/se\/wp-json\/wp\/v2\/pages\/22197\/revisions\/24511"}],"wp:attachment":[{"href":"https:\/\/olgafertilityclinic.com\/se\/wp-json\/wp\/v2\/media?parent=22197"}],"wp:term":[{"taxonomy":"post_tag","embeddable":true,"href":"https:\/\/olgafertilityclinic.com\/se\/wp-json\/wp\/v2\/tags?post=22197"}],"curies":[{"name":"wp","href":"https:\/\/api.w.org\/{rel}","templated":true}]}}