{"id":6103,"date":"2020-06-15T12:00:00","date_gmt":"2020-06-15T12:00:00","guid":{"rendered":"https:\/\/olgafertilityclinic.com\/choose-olga-clinic\/"},"modified":"2023-12-26T04:04:05","modified_gmt":"2023-12-26T04:04:05","slug":"choose-olga-clinic","status":"publish","type":"page","link":"https:\/\/olgafertilityclinic.com\/se\/egg\/choose-olga-clinic\/","title":{"rendered":"Vad g\u00f6r O.L.G.A. Fertility Clinic till en bra klinik?"},"content":{"rendered":"<h2>11 goda sk\u00e4l till&nbsp;att v\u00e4lja O.L.G.A. Fertility Clinics internationalla \u00e4ggdonationsprogram<\/h2>\n<p class=\"num\">1<\/p>\n<h3>Vi garanterar en baby i dina armar eller pengarna tillbaka<\/h3>\n<p class=\"accent\">Vi erbjuder h\u00f6g medicinsk standard och support f\u00f6re, under och efter din resa till&nbsp;St. Petersburg:<\/p>\n<ul class=\"ticks\">\n<li><a href=\"\/se\/specialists\/international-egg-donation-team\/\">din egen tilldelade fertilityspecialist, sjuksk\u00f6terska och patientsamordnare<\/a> som personligen tar hand om dig och \u00f6vervakar hela behandlingsprocessen f\u00f6re, under och efter ditt bes\u00f6k till&nbsp;S: t Petersburg;<\/li>\n<li><a href=\"\/se\/specialists\/international-egg-donation-team\/tone-braten\/\">familjr\u00e5dgivare<\/a> som hj\u00e4lper dig att&nbsp;k\u00e4nna dig mindre ensam, <span class=\"inlineaccent\">hj\u00e4lper dig att&nbsp;ha en god livskvalitet<\/span> under behandlingen och g\u00f6r behandlingen l\u00e4ttare att&nbsp;genomg\u00e5 \u00a0<\/li>\n<li>som ett resultat av denna mycket personliga v\u00e5rd <a href=\"\/se\/egg\/egg_donation_programmes\/egg-donation-multi-cycle-money-back-guarantee\/\">garanterar vi ett barn eller pengarna tillbaka<\/a>&nbsp;: <span class=\"inlineaccent\">Om inget barn \u00e4r f\u00f6tt efter tre f\u00e4rska \u00e4ggdonationsf\u00f6rs\u00f6k, \u00e5terbetalar vi 80% av pengarna<\/span>.<\/li>\n<\/ul>\n<p class=\"num\">2<\/p>\n<h3>Vi behandlar kvinnor upp till&nbsp;51 \u00e5r, oavsett om de \u00e4r gifta, i ett f\u00f6rh\u00e5llande eller ensamst\u00e5ende<\/h3>\n<p class=\"num\">3<\/p>\n<h3>Alla v\u00e5ra \u00e4ggdonarorer \u00e4r kvinnor under 30 \u00e5r, som har minst ett eget barn<\/h3>\n<p>De genomg\u00e5r noggrann medicinsk unders\u00f6kning och ger detaljerad information till&nbsp;O.L.G.A. Fertility Clinic om b\u00e5de sin egen och sin familjs (f\u00f6r\u00e4ldrar, syskon, barn) medicinska historia, liksom fotografier p\u00e5 sig sj\u00e4lva som barn och vuxna.<\/p>\n<p class=\"num\">4<\/p>\n<h3>Vi erbjuder dig ett unikt tillf\u00e4lle att&nbsp;v\u00e4lja en \u00e4ggdonator fr\u00e5n v\u00e5r stora <a href=\"\/se\/aggdonatordatabas\/\">\u00c4ggdonatordatabas<\/a> \u2013 DEN ENDA I EUROPA!<\/h3>\n<ul class=\"ticks\">\n<li>Vi har mer \u00e4n <span class=\"inlineaccent\">600 \u00e4ggdonatorer och 200 \u00e4ggdonatorer \u00e4r tillg\u00e4ngliga f\u00f6r dig att&nbsp;v\u00e4lja fr\u00e5n<\/span> n\u00e4r som helst, och \u00e4r redo att&nbsp;starta en behandling n\u00e4r det passar dig.<\/li>\n<li>Vi f\u00f6rser dig med \u00f6ver 150 personliga detaljer om varje \u00e4ggdonator, inklusive foton av dem n\u00e4r de var under 10 \u00e5r och kopior av deras <a href=\"\/se\/egg\/choosing_an_egg_donor\/Egg-Donor-Motivation\/\">motivationsbrev<\/a>.<\/li>\n<\/ul>\n<p>Om du beh\u00f6ver hj\u00e4lp med att&nbsp;v\u00e4lja donator v\u00e4gleder v\u00e5rt team dig g\u00e4rna genom databasen och hj\u00e4lper dig att&nbsp;g\u00f6ra det b\u00e4sta valet. Var v\u00e4nlig skicka ett mejl till&nbsp;<a href=\"mailto:info@olgafertilityclinic.com\">info@olgafertilityclinic.com<\/a>\u00a0f\u00f6r att&nbsp;f\u00e5 7 dagars gratis tillg\u00e5ng till&nbsp;<a href=\"\/se\/egg\/Egg-Donor-Data-Base\/\">hela databasen<\/a>.<\/p>\n<p class=\"num\">5<\/p>\n<h3>Alternativt kan en donator matchas med dig av O.L.G.A. Fertility Clinic utifr\u00e5n din fysiska karakt\u00e4ristik.<\/h3>\n<p>Du f\u00e5r d\u00e5 f\u00f6ljande detaljer om den f\u00f6reslagna donatorn: \u00e5lder, blodgrupp, l\u00e4ngd, vikt, \u00f6gon- och h\u00e5rf\u00e4rg.<\/p>\n<p class=\"num\">6<\/p>\n<h3>Vi GARANTERAR att&nbsp;minst 10 donator\u00e4gg blir tillg\u00e4ngliga f\u00f6r varje mottagare<\/h3>\n<p>V\u00e5r princip vid f\u00e4rsk \u00e4ggdonation \u00e4r att&nbsp;erbjuda en donator per mottagare (ingen \u201d\u00e4ggdelning\u201d). Alla \u00e4gg producerade av din \u00e4ggdonator under din donationscykel blir dina (i genomsnitt 15-17 \u00e4gg).<\/p>\n<p class=\"num\">7<\/p>\n<h3>Vi erbjuder ett <a href=\"\/se\/egg\/egg_donation_programmes\/egg-donation-multi-cycle-money-back-guarantee\/\">\u201dpengarna tillbaka\u201d system<\/a>, baserat p\u00e5 levande f\u00f6dsel: om det inte f\u00f6ds ett levande barn efter 3 f\u00e4rska \u00e4ggdonationsf\u00f6rs\u00f6k, \u00e5terbetalar vi 80% av dina pengar.<\/h3>\n<p>Detta \u00e4r det enda delade riskprogram i Europa som inte bara bygger p\u00e5 graviditet, utan en levande f\u00f6dsel.<\/p>\n<p class=\"num\">8<\/p>\n<h3>V\u00e5ra resultat \u00e4r h\u00f6ga<\/h3>\n<p class=\"accent2\">Det h\u00f6gsta levande f\u00f6delsetal per embryo som anv\u00e4nds f\u00f6r \u00f6verf\u00f6ring, uppn\u00e5s om embryo v\u00e4ljs utifr\u00e5n b\u00e5de morfologi och <a href=\"\/se\/preimplantation\/\">genetik<\/a>.<\/p>\n<p class=\"num dig2\">9<\/p>\n<h3>Frysning och f\u00f6rvaring av \u00f6vertaliga embryon med god morfologi \u00e4r m\u00f6jlig, f\u00f6r att&nbsp;spara till&nbsp;ett andra eller tredje barn eller till&nbsp;nya f\u00f6rs\u00f6k.<\/h3>\n<p class=\"num dig2\">10<\/p>\n<h3>Behandling med bara 1 bes\u00f6k, utan inledande konsultation vid O.L.G.A. Fertility Clinic, \u00e4r alltid m\u00f6jlig om din lokala l\u00e4kare \u00e4r villig att&nbsp;st\u00f6tta <a href=\"\/se\/egg\/egg_donation_at_avapeter\/treatment_plan\/\">dig lite<\/a><\/h3>\n<p>Vi hj\u00e4lper dig g\u00e4rna att&nbsp;hitta r\u00e4tt lokal l\u00e4kare om du ber om det. De flesta av v\u00e5ra <a href=\"\/se\/egg\/egg_donation_programmes\">\u00e4ggdonationsprogram<\/a> kr\u00e4ver endast en dags vistelse f\u00f6r varje partner (spermie-frysnings-dag f\u00f6r manlig partner eller \u00f6verf\u00f6ring-av-embryo-dag f\u00f6r den kvinnliga partnern). Vi rekommenderar en extra dag innan embryo\u00f6verf\u00f6ring f\u00f6r den kvinnliga partnern f\u00f6r att&nbsp;prata igenom alla n\u00f6dv\u00e4ndiga rekommendationer om hur man <a href=\"http:\/\/www.dr-zaytseff.com\/en\/donor-egg-pregnancy\/\" target=\"_blank\" rel=\"noopener noreferrer\">bibeh\u00e5ller graviditeten<\/a>. Var v\u00e4nlig fr\u00e5ga din patientsamordnare om r\u00e5d kring l\u00e4ngden p\u00e5 din vistelse och logistiken: <a href=\"mailto:info@olgafertilityclinic.com\">info@olgafertilityclinic.com<\/a>.<\/p>\n<p class=\"num dig2\">11<\/p>\n<h3>Vi har ingen v\u00e4ntelista f\u00f6r att&nbsp;f\u00e5 en donator<\/h3>\n<p>Vi har ingen v\u00e4ntelista f\u00f6r att&nbsp;f\u00e5 en donator: vi erbjuder dig m\u00f6jligheten att&nbsp;v\u00e4lja bland 200 olika donatorer, \u00e4ven om du vill p\u00e5b\u00f6rja behandlingen direkt. <span class=\"inlineaccent\">Du v\u00e4ljer din donator och de exakta datumen d\u00e5 du vill bes\u00f6ka oss f\u00f6r din embryo\u00f6verf\u00f6ring \u2013 vi g\u00f6r sedan din personligt utformade donationscykel s\u00e5 bekv\u00e4m och stressfri som m\u00f6jligt!<\/span> Vi hj\u00e4lper dig ocks\u00e5 att&nbsp;arrangera din resa, sightseeing du kanske vill g\u00f6ra i v\u00e5r vackra stad och kan m\u00f6ta dig p\u00e5 flygplatsen.<\/p>\n<h2>Vill du f\u00e5 7 dagars gratis, icke-bindande tillg\u00e5ng till&nbsp;hela v\u00e5r <a href=\"\/se\/egg\/Egg-Donor-Data-Base\/\">\u00c4ggdonationsdatabas<\/a>?<\/h2>\n","protected":false},"excerpt":{"rendered":"<p>11 goda sk\u00e4l till&nbsp;att v\u00e4lja O.L.G.A. Fertility Clinics internationalla \u00e4ggdonationsprogram 1 Vi garanterar en baby i dina armar eller pengarna tillbaka Vi erbjuder h\u00f6g medicinsk standard och support f\u00f6re, under och efter din resa till&nbsp;St. Petersburg: din egen tilldelade fertilityspecialist, sjuksk\u00f6terska och patientsamordnare som personligen tar hand om dig och \u00f6vervakar hela behandlingsprocessen f\u00f6re, under<\/p>\n","protected":false},"author":1,"featured_media":0,"parent":6078,"menu_order":1,"comment_status":"closed","ping_status":"open","template":"","meta":{"footnotes":""},"tags":[],"acf":[],"yoast_head":"<!-- This site is optimized with the Yoast SEO plugin v18.6 - https:\/\/yoast.com\/wordpress\/plugins\/seo\/ -->\n<title>Vad g\u00f6r O.L.G.A. Fertility Clinic till en bra klinik?<\/title>\n<meta name=\"robots\" content=\"index, follow, max-snippet:-1, max-image-preview:large, max-video-preview:-1\" \/>\n<link rel=\"canonical\" href=\"https:\/\/olgafertilityclinic.com\/se\/egg\/choose-olga-clinic\/\" \/>\n<meta property=\"og:locale\" content=\"sv_SE\" \/>\n<meta property=\"og:type\" content=\"article\" \/>\n<meta property=\"og:title\" content=\"Vad g\u00f6r O.L.G.A. Fertility Clinic till en bra klinik?\" \/>\n<meta property=\"og:description\" content=\"11 goda sk\u00e4l till&nbsp;att v\u00e4lja O.L.G.A. Fertility Clinics internationalla \u00e4ggdonationsprogram 1 Vi garanterar en baby i dina armar eller pengarna tillbaka Vi erbjuder h\u00f6g medicinsk standard och support f\u00f6re, under och efter din resa till&nbsp;St. Petersburg: din egen tilldelade fertilityspecialist, sjuksk\u00f6terska och patientsamordnare som personligen tar hand om dig och \u00f6vervakar hela behandlingsprocessen f\u00f6re, under\" \/>\n<meta property=\"og:url\" content=\"https:\/\/olgafertilityclinic.com\/se\/egg\/choose-olga-clinic\/\" \/>\n<meta property=\"og:site_name\" content=\"O.L.G.A. Fertility\" \/>\n<meta property=\"article:modified_time\" content=\"2023-12-26T04:04:05+00:00\" \/>\n<meta name=\"twitter:card\" content=\"summary_large_image\" \/>\n<meta name=\"twitter:label1\" content=\"Ber\u00e4knad l\u00e4stid\" \/>\n\t<meta name=\"twitter:data1\" content=\"4 minuter\" \/>\n<script type=\"application\/ld+json\" class=\"yoast-schema-graph\">{\"@context\":\"https:\/\/schema.org\",\"@graph\":[{\"@type\":\"WebSite\",\"@id\":\"https:\/\/olgafertilityclinic.com\/se\/#website\",\"url\":\"https:\/\/olgafertilityclinic.com\/se\/\",\"name\":\"O.L.G.A. Fertility\",\"description\":\"Cyprus  and St. Petersburg\",\"potentialAction\":[{\"@type\":\"SearchAction\",\"target\":{\"@type\":\"EntryPoint\",\"urlTemplate\":\"https:\/\/olgafertilityclinic.com\/se\/?s={search_term_string}\"},\"query-input\":\"required name=search_term_string\"}],\"inLanguage\":\"sv-SE\"},{\"@type\":\"WebPage\",\"@id\":\"https:\/\/olgafertilityclinic.com\/se\/egg\/choose-olga-clinic\/#webpage\",\"url\":\"https:\/\/olgafertilityclinic.com\/se\/egg\/choose-olga-clinic\/\",\"name\":\"Vad g\u00f6r O.L.G.A. Fertility Clinic till en bra klinik?\",\"isPartOf\":{\"@id\":\"https:\/\/olgafertilityclinic.com\/se\/#website\"},\"datePublished\":\"2020-06-15T12:00:00+00:00\",\"dateModified\":\"2023-12-26T04:04:05+00:00\",\"breadcrumb\":{\"@id\":\"https:\/\/olgafertilityclinic.com\/se\/egg\/choose-olga-clinic\/#breadcrumb\"},\"inLanguage\":\"sv-SE\",\"potentialAction\":[{\"@type\":\"ReadAction\",\"target\":[\"https:\/\/olgafertilityclinic.com\/se\/egg\/choose-olga-clinic\/\"]}]},{\"@type\":\"BreadcrumbList\",\"@id\":\"https:\/\/olgafertilityclinic.com\/se\/egg\/choose-olga-clinic\/#breadcrumb\",\"itemListElement\":[{\"@type\":\"ListItem\",\"position\":1,\"name\":\"Home\",\"item\":\"https:\/\/olgafertilityclinic.com\/se\/\"},{\"@type\":\"ListItem\",\"position\":2,\"name\":\"\u00c4ggdonation\",\"item\":\"https:\/\/olgafertilityclinic.com\/se\/egg\/\"},{\"@type\":\"ListItem\",\"position\":3,\"name\":\"Vad g\u00f6r O.L.G.A. Fertility Clinic till en bra klinik?\"}]}]}<\/script>\n<!-- \/ Yoast SEO plugin. -->","yoast_head_json":{"title":"Vad g\u00f6r O.L.G.A. Fertility Clinic till en bra klinik?","robots":{"index":"index","follow":"follow","max-snippet":"max-snippet:-1","max-image-preview":"max-image-preview:large","max-video-preview":"max-video-preview:-1"},"canonical":"https:\/\/olgafertilityclinic.com\/se\/egg\/choose-olga-clinic\/","og_locale":"sv_SE","og_type":"article","og_title":"Vad g\u00f6r O.L.G.A. Fertility Clinic till en bra klinik?","og_description":"11 goda sk\u00e4l till&nbsp;att v\u00e4lja O.L.G.A. Fertility Clinics internationalla \u00e4ggdonationsprogram 1 Vi garanterar en baby i dina armar eller pengarna tillbaka Vi erbjuder h\u00f6g medicinsk standard och support f\u00f6re, under och efter din resa till&nbsp;St. Petersburg: din egen tilldelade fertilityspecialist, sjuksk\u00f6terska och patientsamordnare som personligen tar hand om dig och \u00f6vervakar hela behandlingsprocessen f\u00f6re, under","og_url":"https:\/\/olgafertilityclinic.com\/se\/egg\/choose-olga-clinic\/","og_site_name":"O.L.G.A. Fertility","article_modified_time":"2023-12-26T04:04:05+00:00","twitter_card":"summary_large_image","twitter_misc":{"Ber\u00e4knad l\u00e4stid":"4 minuter"},"schema":{"@context":"https:\/\/schema.org","@graph":[{"@type":"WebSite","@id":"https:\/\/olgafertilityclinic.com\/se\/#website","url":"https:\/\/olgafertilityclinic.com\/se\/","name":"O.L.G.A. Fertility","description":"Cyprus  and St. Petersburg","potentialAction":[{"@type":"SearchAction","target":{"@type":"EntryPoint","urlTemplate":"https:\/\/olgafertilityclinic.com\/se\/?s={search_term_string}"},"query-input":"required name=search_term_string"}],"inLanguage":"sv-SE"},{"@type":"WebPage","@id":"https:\/\/olgafertilityclinic.com\/se\/egg\/choose-olga-clinic\/#webpage","url":"https:\/\/olgafertilityclinic.com\/se\/egg\/choose-olga-clinic\/","name":"Vad g\u00f6r O.L.G.A. Fertility Clinic till en bra klinik?","isPartOf":{"@id":"https:\/\/olgafertilityclinic.com\/se\/#website"},"datePublished":"2020-06-15T12:00:00+00:00","dateModified":"2023-12-26T04:04:05+00:00","breadcrumb":{"@id":"https:\/\/olgafertilityclinic.com\/se\/egg\/choose-olga-clinic\/#breadcrumb"},"inLanguage":"sv-SE","potentialAction":[{"@type":"ReadAction","target":["https:\/\/olgafertilityclinic.com\/se\/egg\/choose-olga-clinic\/"]}]},{"@type":"BreadcrumbList","@id":"https:\/\/olgafertilityclinic.com\/se\/egg\/choose-olga-clinic\/#breadcrumb","itemListElement":[{"@type":"ListItem","position":1,"name":"Home","item":"https:\/\/olgafertilityclinic.com\/se\/"},{"@type":"ListItem","position":2,"name":"\u00c4ggdonation","item":"https:\/\/olgafertilityclinic.com\/se\/egg\/"},{"@type":"ListItem","position":3,"name":"Vad g\u00f6r O.L.G.A. Fertility Clinic till en bra klinik?"}]}]}},"_links":{"self":[{"href":"https:\/\/olgafertilityclinic.com\/se\/wp-json\/wp\/v2\/pages\/6103"}],"collection":[{"href":"https:\/\/olgafertilityclinic.com\/se\/wp-json\/wp\/v2\/pages"}],"about":[{"href":"https:\/\/olgafertilityclinic.com\/se\/wp-json\/wp\/v2\/types\/page"}],"author":[{"embeddable":true,"href":"https:\/\/olgafertilityclinic.com\/se\/wp-json\/wp\/v2\/users\/1"}],"replies":[{"embeddable":true,"href":"https:\/\/olgafertilityclinic.com\/se\/wp-json\/wp\/v2\/comments?post=6103"}],"version-history":[{"count":5,"href":"https:\/\/olgafertilityclinic.com\/se\/wp-json\/wp\/v2\/pages\/6103\/revisions"}],"predecessor-version":[{"id":18708,"href":"https:\/\/olgafertilityclinic.com\/se\/wp-json\/wp\/v2\/pages\/6103\/revisions\/18708"}],"up":[{"embeddable":true,"href":"https:\/\/olgafertilityclinic.com\/se\/wp-json\/wp\/v2\/pages\/6078"}],"wp:attachment":[{"href":"https:\/\/olgafertilityclinic.com\/se\/wp-json\/wp\/v2\/media?parent=6103"}],"wp:term":[{"taxonomy":"post_tag","embeddable":true,"href":"https:\/\/olgafertilityclinic.com\/se\/wp-json\/wp\/v2\/tags?post=6103"}],"curies":[{"name":"wp","href":"https:\/\/api.w.org\/{rel}","templated":true}]}}