{"id":6110,"date":"2020-06-15T12:00:00","date_gmt":"2020-06-15T12:00:00","guid":{"rendered":"https:\/\/olgafertilityclinic.com\/rysk-lagstiftning-kring-aggdonation\/"},"modified":"2020-06-15T12:00:00","modified_gmt":"2020-06-15T12:00:00","slug":"rysk-lagstiftning-kring-aggdonation","status":"publish","type":"page","link":"https:\/\/olgafertilityclinic.com\/se\/egg\/rysk-lagstiftning-kring-aggdonation\/","title":{"rendered":"Rysk lagstiftning kring \u00e4ggdonation"},"content":{"rendered":"<p><img decoding=\"async\" alt=\"\u00e4ggdonation \u00e5ldersgr\u00e4ns\" class=\"ui image circular fr\" src=\"\/p\/main\/pm-legislation-donating-eggs.jpg\" \/><\/p>\n<p class=\"accent\">Det &auml;r inte alla l&auml;nder som till&aring;ter kvinnor att&nbsp;donera &auml;gg. Ryssland &auml;r ett av de mest liberala l&auml;nderna i Europa n&auml;r det g&auml;ller lagstiftning om &auml;ggdonation. Givarens anonymitet &auml;r garanterad och hon kan f&aring; betalt av kliniken. Detta inneb&auml;r att&nbsp;det &auml;r m&ouml;jligt f&ouml;r oss p&aring; O.L.G.A. Fertilitetsklinik att&nbsp;uppr&auml;tth&aring;lla en databas med &auml;ggdonatorer som finns tillg&auml;ngliga f&ouml;r att&nbsp;erbjuda &auml;gg till&nbsp;barnl&ouml;sa par och ensamst&aring;ende kvinnor.<\/p>\n<h2>Reglerna om att&nbsp;donera &auml;gg<\/h2>\n<p class=\"accent4\">Ryssland &auml;r ett av de f&aring; europeiska l&auml;nder som inte har betydande juridiska restriktioner f&ouml;r att&nbsp;donera &auml;gg. Det m&ouml;jligg&ouml;r anonym &auml;ggdonation s&aring; l&auml;nge givaren &auml;r i &aring;ldern 20 till&nbsp;35 och har f&ouml;tt minst ett friskt barn. Donation av en k&auml;nd donator &auml;r ocks&aring; till&aring;tet, till&nbsp;exempel n&auml;r givaren &auml;r en sl&auml;kting eller en bekant.<\/p>\n\n<p>Det finns naturligtvis regler som alla ryska fertilitetskliniker, som O.L.G.A. Fertilitetsklinik, m&aring;ste f&ouml;lja. Till&nbsp;exempel m&aring;ste personuppgifter om givare och mottagare lagras s&auml;kert och &auml;r f&ouml;rem&aring;l f&ouml;r medicinsk sekretess. De medicinska sekretessbest&auml;mmelserna inneb&auml;r ocks&aring; att&nbsp;information som kan identifiera en patient inte f&aring;r l&auml;mnas ut till&nbsp;en anonym givare, eller vice versa. Vi behandlar f&ouml;rordningarnakring anonymitet med stor respekt. Dessutom kommer ingen information om att&nbsp;ett barn f&ouml;ddes genom &auml;ggdonation att&nbsp;l&auml;mnas av O.L.G.A. Fertility Clinic till&nbsp;barnet. Vi anser att&nbsp;detta &auml;r det b&auml;sta s&auml;ttet att&nbsp;skydda f&ouml;r&auml;ldrar, givare och barnet. Det &auml;r helt ditt beslut vad du v&auml;ljer att&nbsp;ber&auml;tta f&ouml;r ditt barn.<\/p>\n<p>&Auml;ggmottagare har dock r&auml;tt att&nbsp;k&auml;nna till&nbsp;vissa uppgifter om den person som donerar &auml;gg. Detta inkluderar relevant medicinsk information om henne, en beskrivning av utseende och nationalitet.<\/p>\n\n<p>Att&nbsp;bevara givarens anonymitet inneb&auml;r ocks&aring; att&nbsp;inget foto ges till&nbsp;mottagaren. L&auml;kare p&aring; kliniken f&aring;r ha fotografier av givare, och kan j&auml;mf&ouml;ra dessa med fotografier av &auml;ggmottagaren f&ouml;r att&nbsp;g&ouml;ra en bra matchning. Men vi tr&auml;ffar ocks&aring; alla v&aring;ra donatorer personligen och erbjuder mottagaren m&ouml;jlighet att&nbsp;tr&auml;ffa oss innan en matchning g&ouml;rs.<\/p>\n<p>Enligt rysk lag &auml;r gifta ryska par som gett samtycke till&nbsp;fertilitetsbehandling registrerade som f&ouml;r&auml;ldrar till&nbsp;ett barn som f&ouml;ds som resultat av denna behandling. Detta inkluderar barn som f&ouml;tts som en f&ouml;ljd av donerade &auml;gg. I de flesta europeiska l&auml;nder &auml;r kvinnan som f&ouml;der ett barn att&nbsp;betraktas som den r&auml;ttsliga modern.<\/p>\n<p>M&aring;nga kliniker Europa har mycket restriktiva &aring;ldersgr&auml;nser f&ouml;r &auml;ggmottagare. Vissa kliniker v&auml;grar att&nbsp;ens behandla kvinnor som &auml;r &ouml;ver 40. P&aring; O.L.G.A. Fertilitetsklinik accepterar vi &auml;ggmottagare upp till&nbsp;51 &aring;rs &aring;lder.<\/p>\n<h2>Att&nbsp;&ouml;vervinna bristen p&aring; givare &auml;gg<\/h2>\n<p><img decoding=\"async\" alt=\"donera \u00e4gg betalt \u00e4ggdonation europa\" class=\"ui image circular w200 fl\" src=\"\/t\/i\/egg_cell01.jpg\" title=\"egg donation baby legs\" \/><\/p>\n<p>Vissa l&auml;nder har f&ouml;rs&ouml;kt klara bristen p&aring; &auml;ggdonatorer genom att&nbsp;inf&ouml;ra ett system d&auml;r flera mottagare delar p&aring; samma &auml;gguttag. Detta inneb&auml;r att&nbsp;&auml;ggen samlas in&nbsp;fr&aring;n en kvinna under en IVF-behandling och sedan ges till&nbsp;fler &auml;n en mottagare. Den h&auml;r kvinnan kan vara en &auml;ggdonator eller s&aring; &auml;r hon sj&auml;lv en patient. I det senare fallet m&aring;ste hon g&aring; med p&aring; att&nbsp;ge bort en del av sina &auml;gg, i regel som ers&auml;ttning f&ouml;r rabatterad eller gratis behandling. Hennes egna utsikter till&nbsp;en lyckad IVF-behandling kan &auml;ventyras som ett resultat av att&nbsp;hon ger bort n&aring;gra av sina &auml;gg. Detta &auml;r dock inte till&aring;tet i Ryssland d&aring; IVF-patienter inte f&aring;r vara &auml;ggdonatorer.<\/p>\n<p class=\"accent3\">P&aring; O.L.G.A. Fertilitetsklinik garanterar vi att&nbsp;varje &auml;ggdonator &auml;r personligen tilldelad en &auml;ggmottagare, som tar emot alla &auml;gg fr&aring;n den givaren, vilket ocks&aring; &ouml;kar m&ouml;jligheterna till&nbsp;framg&aring;ng.<\/p>\n\n<p>&nbsp;<\/p>\n","protected":false},"excerpt":{"rendered":"<p>Det &auml;r inte alla l&auml;nder som till&aring;ter kvinnor att&nbsp;donera &auml;gg. Ryssland &auml;r ett av de mest liberala l&auml;nderna i Europa n&auml;r det g&auml;ller lagstiftning om &auml;ggdonation. Givarens anonymitet &auml;r garanterad och hon kan f&aring; betalt av kliniken. Detta inneb&auml;r att&nbsp;det &auml;r m&ouml;jligt f&ouml;r oss p&aring; O.L.G.A. Fertilitetsklinik att&nbsp;uppr&auml;tth&aring;lla en databas med &auml;ggdonatorer som finns tillg&auml;ngliga<\/p>\n","protected":false},"author":1,"featured_media":0,"parent":6078,"menu_order":0,"comment_status":"closed","ping_status":"open","template":"","meta":{"footnotes":""},"tags":[],"acf":[],"yoast_head":"<!-- This site is optimized with the Yoast SEO plugin v18.6 - https:\/\/yoast.com\/wordpress\/plugins\/seo\/ -->\n<title>Rysk lagstiftning kring \u00e4ggdonation<\/title>\n<meta name=\"robots\" content=\"index, follow, max-snippet:-1, max-image-preview:large, max-video-preview:-1\" \/>\n<link rel=\"canonical\" href=\"https:\/\/olgafertilityclinic.com\/se\/egg\/rysk-lagstiftning-kring-aggdonation\/\" \/>\n<meta property=\"og:locale\" content=\"sv_SE\" \/>\n<meta property=\"og:type\" content=\"article\" \/>\n<meta property=\"og:title\" content=\"Rysk lagstiftning kring \u00e4ggdonation\" \/>\n<meta property=\"og:description\" content=\"Det &auml;r inte alla l&auml;nder som till&aring;ter kvinnor att&nbsp;donera &auml;gg. Ryssland &auml;r ett av de mest liberala l&auml;nderna i Europa n&auml;r det g&auml;ller lagstiftning om &auml;ggdonation. Givarens anonymitet &auml;r garanterad och hon kan f&aring; betalt av kliniken. Detta inneb&auml;r att&nbsp;det &auml;r m&ouml;jligt f&ouml;r oss p&aring; O.L.G.A. Fertilitetsklinik att&nbsp;uppr&auml;tth&aring;lla en databas med &auml;ggdonatorer som finns tillg&auml;ngliga\" \/>\n<meta property=\"og:url\" content=\"https:\/\/olgafertilityclinic.com\/se\/egg\/rysk-lagstiftning-kring-aggdonation\/\" \/>\n<meta property=\"og:site_name\" content=\"O.L.G.A. Fertility\" \/>\n<meta property=\"og:image\" content=\"https:\/\/olgafertilityclinic.com\/p\/main\/pm-legislation-donating-eggs.jpg\" \/>\n<meta name=\"twitter:card\" content=\"summary_large_image\" \/>\n<meta name=\"twitter:label1\" content=\"Ber\u00e4knad l\u00e4stid\" \/>\n\t<meta name=\"twitter:data1\" content=\"4 minuter\" \/>\n<script type=\"application\/ld+json\" class=\"yoast-schema-graph\">{\"@context\":\"https:\/\/schema.org\",\"@graph\":[{\"@type\":\"WebSite\",\"@id\":\"https:\/\/olgafertilityclinic.com\/se\/#website\",\"url\":\"https:\/\/olgafertilityclinic.com\/se\/\",\"name\":\"O.L.G.A. Fertility\",\"description\":\"Cyprus  and St. Petersburg\",\"potentialAction\":[{\"@type\":\"SearchAction\",\"target\":{\"@type\":\"EntryPoint\",\"urlTemplate\":\"https:\/\/olgafertilityclinic.com\/se\/?s={search_term_string}\"},\"query-input\":\"required name=search_term_string\"}],\"inLanguage\":\"sv-SE\"},{\"@type\":\"WebPage\",\"@id\":\"https:\/\/olgafertilityclinic.com\/se\/egg\/rysk-lagstiftning-kring-aggdonation\/#webpage\",\"url\":\"https:\/\/olgafertilityclinic.com\/se\/egg\/rysk-lagstiftning-kring-aggdonation\/\",\"name\":\"Rysk lagstiftning kring \u00e4ggdonation\",\"isPartOf\":{\"@id\":\"https:\/\/olgafertilityclinic.com\/se\/#website\"},\"datePublished\":\"2020-06-15T12:00:00+00:00\",\"dateModified\":\"2020-06-15T12:00:00+00:00\",\"breadcrumb\":{\"@id\":\"https:\/\/olgafertilityclinic.com\/se\/egg\/rysk-lagstiftning-kring-aggdonation\/#breadcrumb\"},\"inLanguage\":\"sv-SE\",\"potentialAction\":[{\"@type\":\"ReadAction\",\"target\":[\"https:\/\/olgafertilityclinic.com\/se\/egg\/rysk-lagstiftning-kring-aggdonation\/\"]}]},{\"@type\":\"BreadcrumbList\",\"@id\":\"https:\/\/olgafertilityclinic.com\/se\/egg\/rysk-lagstiftning-kring-aggdonation\/#breadcrumb\",\"itemListElement\":[{\"@type\":\"ListItem\",\"position\":1,\"name\":\"Home\",\"item\":\"https:\/\/olgafertilityclinic.com\/se\/\"},{\"@type\":\"ListItem\",\"position\":2,\"name\":\"\u00c4ggdonation\",\"item\":\"https:\/\/olgafertilityclinic.com\/se\/egg\/\"},{\"@type\":\"ListItem\",\"position\":3,\"name\":\"Rysk lagstiftning kring \u00e4ggdonation\"}]}]}<\/script>\n<!-- \/ Yoast SEO plugin. -->","yoast_head_json":{"title":"Rysk lagstiftning kring \u00e4ggdonation","robots":{"index":"index","follow":"follow","max-snippet":"max-snippet:-1","max-image-preview":"max-image-preview:large","max-video-preview":"max-video-preview:-1"},"canonical":"https:\/\/olgafertilityclinic.com\/se\/egg\/rysk-lagstiftning-kring-aggdonation\/","og_locale":"sv_SE","og_type":"article","og_title":"Rysk lagstiftning kring \u00e4ggdonation","og_description":"Det &auml;r inte alla l&auml;nder som till&aring;ter kvinnor att&nbsp;donera &auml;gg. Ryssland &auml;r ett av de mest liberala l&auml;nderna i Europa n&auml;r det g&auml;ller lagstiftning om &auml;ggdonation. Givarens anonymitet &auml;r garanterad och hon kan f&aring; betalt av kliniken. Detta inneb&auml;r att&nbsp;det &auml;r m&ouml;jligt f&ouml;r oss p&aring; O.L.G.A. Fertilitetsklinik att&nbsp;uppr&auml;tth&aring;lla en databas med &auml;ggdonatorer som finns tillg&auml;ngliga","og_url":"https:\/\/olgafertilityclinic.com\/se\/egg\/rysk-lagstiftning-kring-aggdonation\/","og_site_name":"O.L.G.A. Fertility","og_image":[{"url":"https:\/\/olgafertilityclinic.com\/p\/main\/pm-legislation-donating-eggs.jpg"}],"twitter_card":"summary_large_image","twitter_misc":{"Ber\u00e4knad l\u00e4stid":"4 minuter"},"schema":{"@context":"https:\/\/schema.org","@graph":[{"@type":"WebSite","@id":"https:\/\/olgafertilityclinic.com\/se\/#website","url":"https:\/\/olgafertilityclinic.com\/se\/","name":"O.L.G.A. Fertility","description":"Cyprus  and St. Petersburg","potentialAction":[{"@type":"SearchAction","target":{"@type":"EntryPoint","urlTemplate":"https:\/\/olgafertilityclinic.com\/se\/?s={search_term_string}"},"query-input":"required name=search_term_string"}],"inLanguage":"sv-SE"},{"@type":"WebPage","@id":"https:\/\/olgafertilityclinic.com\/se\/egg\/rysk-lagstiftning-kring-aggdonation\/#webpage","url":"https:\/\/olgafertilityclinic.com\/se\/egg\/rysk-lagstiftning-kring-aggdonation\/","name":"Rysk lagstiftning kring \u00e4ggdonation","isPartOf":{"@id":"https:\/\/olgafertilityclinic.com\/se\/#website"},"datePublished":"2020-06-15T12:00:00+00:00","dateModified":"2020-06-15T12:00:00+00:00","breadcrumb":{"@id":"https:\/\/olgafertilityclinic.com\/se\/egg\/rysk-lagstiftning-kring-aggdonation\/#breadcrumb"},"inLanguage":"sv-SE","potentialAction":[{"@type":"ReadAction","target":["https:\/\/olgafertilityclinic.com\/se\/egg\/rysk-lagstiftning-kring-aggdonation\/"]}]},{"@type":"BreadcrumbList","@id":"https:\/\/olgafertilityclinic.com\/se\/egg\/rysk-lagstiftning-kring-aggdonation\/#breadcrumb","itemListElement":[{"@type":"ListItem","position":1,"name":"Home","item":"https:\/\/olgafertilityclinic.com\/se\/"},{"@type":"ListItem","position":2,"name":"\u00c4ggdonation","item":"https:\/\/olgafertilityclinic.com\/se\/egg\/"},{"@type":"ListItem","position":3,"name":"Rysk lagstiftning kring \u00e4ggdonation"}]}]}},"_links":{"self":[{"href":"https:\/\/olgafertilityclinic.com\/se\/wp-json\/wp\/v2\/pages\/6110"}],"collection":[{"href":"https:\/\/olgafertilityclinic.com\/se\/wp-json\/wp\/v2\/pages"}],"about":[{"href":"https:\/\/olgafertilityclinic.com\/se\/wp-json\/wp\/v2\/types\/page"}],"author":[{"embeddable":true,"href":"https:\/\/olgafertilityclinic.com\/se\/wp-json\/wp\/v2\/users\/1"}],"replies":[{"embeddable":true,"href":"https:\/\/olgafertilityclinic.com\/se\/wp-json\/wp\/v2\/comments?post=6110"}],"version-history":[{"count":0,"href":"https:\/\/olgafertilityclinic.com\/se\/wp-json\/wp\/v2\/pages\/6110\/revisions"}],"up":[{"embeddable":true,"href":"https:\/\/olgafertilityclinic.com\/se\/wp-json\/wp\/v2\/pages\/6078"}],"wp:attachment":[{"href":"https:\/\/olgafertilityclinic.com\/se\/wp-json\/wp\/v2\/media?parent=6110"}],"wp:term":[{"taxonomy":"post_tag","embeddable":true,"href":"https:\/\/olgafertilityclinic.com\/se\/wp-json\/wp\/v2\/tags?post=6110"}],"curies":[{"name":"wp","href":"https:\/\/api.w.org\/{rel}","templated":true}]}}