{"id":6122,"date":"2020-06-15T12:00:00","date_gmt":"2020-06-15T12:00:00","guid":{"rendered":"https:\/\/olgafertilityclinic.com\/our_egg_donors-2\/"},"modified":"2020-06-15T12:00:00","modified_gmt":"2020-06-15T12:00:00","slug":"our_egg_donors","status":"publish","type":"page","link":"https:\/\/olgafertilityclinic.com\/se\/egg\/att_valja_din_aggdonator\/our_egg_donors\/","title":{"rendered":"V\u00e5ra \u00e4ggdonatorer"},"content":{"rendered":"<h2>\n\tV&aring;ra &auml;ggdonatorer<\/h2>\n<p>\n\t<strong>P&aring; O.L.G.A. Fertility Clinicklinken, har vi v&aring;r egen bank av &auml;ggivare. Det &auml;r unga, fertila, friska kvinnor som har klarat v&aring;ra medicinska och andra tester.&nbsp; <\/strong><\/p>\n<p>\n\t<strong>Hitta dina egna &auml;gg givare<\/strong><\/p>\n<p class=\"dropcaps\">\n\t&Auml;ggdonation &auml;r en process som kr&auml;ver ett stort engagemang fr&aring;n givaren. Hon m&aring;ste vara beredd att&nbsp;genomg&aring; hela IVF behandling cykel till&nbsp;och med den punkt d&auml;r &auml;ggen plockas ut. Hon m&aring;ste kunna acceptera id&eacute;n att&nbsp;en framg&aring;ngsrik behandling medf&ouml;r att&nbsp;n&aring;gon annan f&ouml;der ett barn med hennes gener. Hon m&aring;ste ocks&aring; vara beredd p&aring; att&nbsp;behandlingen inte fungerar. Att&nbsp;hitta en s&aring;dan speciell person &auml;r inte helt l&auml;tt.<\/p>\n<p>\n\t<img loading=\"lazy\" decoding=\"async\" align=\"right\" alt=\"children born vith help of egg donation\" border=\"0\" class=\"ui\" height=\"142\" hspace=\"20\" src=\"\/t\/i\/baby_feet02.jpg\" title=\"children born vith help of egg donation\" vspace=\"20\" width=\"212\" \/><\/p>\n<p class=\"dropcaps\">\n\tIbland erbjuder sig systrar eller v&auml;nner att&nbsp;donera, trots att&nbsp;alla inte kan engagera sig i tid och anstr&auml;ngning att&nbsp;&auml;ggdonation inneb&auml;r. Och &auml;ven d&aring; kanske du inte vill acceptera erbjudandet, till&nbsp;exempel om personen i fr&aring;ga inte ser ut som du. Det &auml;r en h&ouml;gst personlig fr&aring;ga och den blivande givaren kan bli f&ouml;rol&auml;mpad om du avb&ouml;jer ett erbjudande. Det kan ocks&aring; finnas medicinska sk&auml;l till&nbsp;varf&ouml;r en person inte f&aring;r bli &auml;ggdonator. Till&nbsp;exempel &auml;r det m&aring;nga kliniker som inte accepterar &auml;ggdonatorer som &auml;r &ouml;verviktiga eller som &auml;r f&ouml;r gamla f&ouml;r behandling att&nbsp;ha en god chans att&nbsp;lyckas. Dessutom kan potentiella donatorn k&auml;nna press att&nbsp;donera, och vi har upplevt m&aring;nga fall d&auml;r ett erbjudande om att&nbsp;donera &auml;r tas tillbaka n&auml;r givaren blir mer medveten om vad som f&ouml;rv&auml;ntas av henne. F&ouml;r en ofruktbar kvinna eller par som &auml;r beroende av denna &auml;ggdonator, kan en s&aring;dan v&auml;gran bli f&ouml;r&ouml;dande.<\/p>\n<p>\n\t<img loading=\"lazy\" decoding=\"async\" align=\"left\" alt=\"egg donation baby arms\" border=\"0\" class=\"ui\" height=\"142\" hspace=\"20\" src=\"\/t\/i\/baby_hands03.jpg\" style=\"MARGIN: 5px\" title=\"egg donation baby arms\" vspace=\"20\" width=\"212\" \/><\/p>\n<p>\n\t<strong>Brist p&aring; &auml;ggdonatorer <\/strong><\/p>\n<p class=\"dropcaps\">\n\tTyv&auml;rr kan det ocks&aring; vara sv&aring;rt att&nbsp;hitta en &auml;ggdonator via en klinik eller sjukhus. M&aring;nga europeiska l&auml;nder har en lagstiftning som f&ouml;rbjuder anonyma &auml;ggdonationer vilket har gjort att&nbsp;antalet kvinnor som vill st&auml;lla upp som &auml;ggdonatorer har minskat dramatiskt. I l&auml;nder som Italien, Tyskland, &Ouml;sterrike, Schweiz och Norge, &auml;r &auml;ggdonation faktiskt f&ouml;rbjudet. I Nederl&auml;nderna accepterar m&aring;nga sjukhus inte &auml;ggdonatorer som inte fyllt 30, eller de som inte har avslutat sin egen familj, medan &auml;gg mottagare inte f&aring;r vara &auml;ldre &auml;n 45. &Auml;ven i l&auml;nder med mer liberal lagstiftning som Storbritannien, finns det inte l&auml;ngre m&ouml;jlighet att&nbsp;donera anonymt, vilket g&ouml;r att&nbsp;k&ouml;erna till&nbsp;&auml;ggdonation kan str&auml;cka sig till&nbsp;flera &aring;r. M&ouml;jligheten att&nbsp;finna en &auml;ggdonator och &auml;n mindre en som passar dina behov, &auml;r d&auml;rf&ouml;r ofta mycket sv&aring;rt.<\/p>\n<p>\n\t<strong>O.L.G.A. Fertility Clinic Donor Bank<\/strong><\/p>\n<p class=\"dropcaps\">\n\tF&ouml;r att&nbsp;klara bristen p&aring; &auml;ggdonatorer har O.L.G.A. Fertility Clinicklinken inr&auml;tta en &auml;ggdonator &quot;bank&quot; av friska, unga, fertila kvinnor. V&aring;ra givare har alla visat fertilitet genom att&nbsp;de har minst ett eget barn. De har genomg&aring;tt omfattande medicinska och andra test, och &auml;r beredda att&nbsp;donera om de blir valda. Tack vare dessa kvinnor, har O.L.G.A. Fertility Clinic ingen v&auml;ntelista f&ouml;r &auml;ggdonation. L&auml;s mer om v&aring;r <a href=\"\/se\/egg\/our_egg_donors\/recruitment_and_screening\/\">rekrytering och screening<\/a> process f&ouml;r &auml;gg givare.r <a href=\"\/se\/egg\/our_egg_donors\/recruitment_and_screening\/\">rekrytering och screening<\/a> process f&ouml;<\/p>\n<p>\n\t&nbsp;<\/p>\n<p>\n\t<strong>&Auml;r du intresserad av &auml;ggdonation hos O.L.G.A. Fertility Clinic? <\/strong><\/p>\n<p>\n\tV&auml;nligen fyll i <a href=\"\/se\/%C3%84ggdonation\/questionnaire\">v&aring;rt formul&auml;r<\/a>. Detta formul&auml;r kommer n&aring;gon av v&aring;ra erfarna l&auml;kare att&nbsp;g&aring; igenom och sen kontakta er\/dig f&ouml;r vidare diskussion om vilken metod som passar b&auml;st.<\/p>\n<p>\n\tOm du har fr&aring;gor kan du kontakta en engelsktalande receptionist mellan kl 07.00 och 14.00 p&aring;<br \/>\n\tTelefon: +7 812 600 7812 eller mejla oss p&aring;: <a href=\"mailto:info@olgafertilityclinic.com\">info@olgafertilityclinic.com<\/a>.<\/p>\n","protected":false},"excerpt":{"rendered":"<p>V&aring;ra &auml;ggdonatorer P&aring; O.L.G.A. Fertility Clinicklinken, har vi v&aring;r egen bank av &auml;ggivare. Det &auml;r unga, fertila, friska kvinnor som har klarat v&aring;ra medicinska och andra tester.&nbsp; Hitta dina egna &auml;gg givare &Auml;ggdonation &auml;r en process som kr&auml;ver ett stort engagemang fr&aring;n givaren. Hon m&aring;ste vara beredd att&nbsp;genomg&aring; hela IVF behandling cykel till&nbsp;och med den<\/p>\n","protected":false},"author":1,"featured_media":0,"parent":6135,"menu_order":5,"comment_status":"closed","ping_status":"open","template":"","meta":{"footnotes":""},"tags":[],"acf":[],"yoast_head":"<!-- This site is optimized with the Yoast SEO plugin v18.6 - https:\/\/yoast.com\/wordpress\/plugins\/seo\/ -->\n<title>V\u00e5ra \u00e4ggdonatorer<\/title>\n<meta name=\"robots\" content=\"index, follow, max-snippet:-1, max-image-preview:large, max-video-preview:-1\" \/>\n<link rel=\"canonical\" href=\"https:\/\/olgafertilityclinic.com\/se\/egg\/att_valja_din_aggdonator\/our_egg_donors\/\" \/>\n<meta property=\"og:locale\" content=\"sv_SE\" \/>\n<meta property=\"og:type\" content=\"article\" \/>\n<meta property=\"og:title\" content=\"V\u00e5ra \u00e4ggdonatorer\" \/>\n<meta property=\"og:description\" content=\"V&aring;ra &auml;ggdonatorer P&aring; O.L.G.A. Fertility Clinicklinken, har vi v&aring;r egen bank av &auml;ggivare. Det &auml;r unga, fertila, friska kvinnor som har klarat v&aring;ra medicinska och andra tester.&nbsp; Hitta dina egna &auml;gg givare &Auml;ggdonation &auml;r en process som kr&auml;ver ett stort engagemang fr&aring;n givaren. Hon m&aring;ste vara beredd att&nbsp;genomg&aring; hela IVF behandling cykel till&nbsp;och med den\" \/>\n<meta property=\"og:url\" content=\"https:\/\/olgafertilityclinic.com\/se\/egg\/att_valja_din_aggdonator\/our_egg_donors\/\" \/>\n<meta property=\"og:site_name\" content=\"O.L.G.A. Fertility\" \/>\n<meta property=\"og:image\" content=\"https:\/\/olgafertilityclinic.com\/t\/i\/baby_feet02.jpg\" \/>\n<meta name=\"twitter:card\" content=\"summary_large_image\" \/>\n<meta name=\"twitter:label1\" content=\"Ber\u00e4knad l\u00e4stid\" \/>\n\t<meta name=\"twitter:data1\" content=\"4 minuter\" \/>\n<script type=\"application\/ld+json\" class=\"yoast-schema-graph\">{\"@context\":\"https:\/\/schema.org\",\"@graph\":[{\"@type\":\"WebSite\",\"@id\":\"https:\/\/olgafertilityclinic.com\/se\/#website\",\"url\":\"https:\/\/olgafertilityclinic.com\/se\/\",\"name\":\"O.L.G.A. Fertility\",\"description\":\"Cyprus  and St. Petersburg\",\"potentialAction\":[{\"@type\":\"SearchAction\",\"target\":{\"@type\":\"EntryPoint\",\"urlTemplate\":\"https:\/\/olgafertilityclinic.com\/se\/?s={search_term_string}\"},\"query-input\":\"required name=search_term_string\"}],\"inLanguage\":\"sv-SE\"},{\"@type\":\"WebPage\",\"@id\":\"https:\/\/olgafertilityclinic.com\/se\/egg\/att_valja_din_aggdonator\/our_egg_donors\/#webpage\",\"url\":\"https:\/\/olgafertilityclinic.com\/se\/egg\/att_valja_din_aggdonator\/our_egg_donors\/\",\"name\":\"V\u00e5ra \u00e4ggdonatorer\",\"isPartOf\":{\"@id\":\"https:\/\/olgafertilityclinic.com\/se\/#website\"},\"datePublished\":\"2020-06-15T12:00:00+00:00\",\"dateModified\":\"2020-06-15T12:00:00+00:00\",\"breadcrumb\":{\"@id\":\"https:\/\/olgafertilityclinic.com\/se\/egg\/att_valja_din_aggdonator\/our_egg_donors\/#breadcrumb\"},\"inLanguage\":\"sv-SE\",\"potentialAction\":[{\"@type\":\"ReadAction\",\"target\":[\"https:\/\/olgafertilityclinic.com\/se\/egg\/att_valja_din_aggdonator\/our_egg_donors\/\"]}]},{\"@type\":\"BreadcrumbList\",\"@id\":\"https:\/\/olgafertilityclinic.com\/se\/egg\/att_valja_din_aggdonator\/our_egg_donors\/#breadcrumb\",\"itemListElement\":[{\"@type\":\"ListItem\",\"position\":1,\"name\":\"Home\",\"item\":\"https:\/\/olgafertilityclinic.com\/se\/\"},{\"@type\":\"ListItem\",\"position\":2,\"name\":\"\u00c4ggdonation\",\"item\":\"https:\/\/olgafertilityclinic.com\/se\/egg\/\"},{\"@type\":\"ListItem\",\"position\":3,\"name\":\"Hur man v\u00e4ljer r\u00e4tt \u00e4ggdonator\",\"item\":\"https:\/\/olgafertilityclinic.com\/se\/egg\/att_valja_din_aggdonator\/\"},{\"@type\":\"ListItem\",\"position\":4,\"name\":\"V\u00e5ra \u00e4ggdonatorer\"}]}]}<\/script>\n<!-- \/ Yoast SEO plugin. -->","yoast_head_json":{"title":"V\u00e5ra \u00e4ggdonatorer","robots":{"index":"index","follow":"follow","max-snippet":"max-snippet:-1","max-image-preview":"max-image-preview:large","max-video-preview":"max-video-preview:-1"},"canonical":"https:\/\/olgafertilityclinic.com\/se\/egg\/att_valja_din_aggdonator\/our_egg_donors\/","og_locale":"sv_SE","og_type":"article","og_title":"V\u00e5ra \u00e4ggdonatorer","og_description":"V&aring;ra &auml;ggdonatorer P&aring; O.L.G.A. Fertility Clinicklinken, har vi v&aring;r egen bank av &auml;ggivare. Det &auml;r unga, fertila, friska kvinnor som har klarat v&aring;ra medicinska och andra tester.&nbsp; Hitta dina egna &auml;gg givare &Auml;ggdonation &auml;r en process som kr&auml;ver ett stort engagemang fr&aring;n givaren. Hon m&aring;ste vara beredd att&nbsp;genomg&aring; hela IVF behandling cykel till&nbsp;och med den","og_url":"https:\/\/olgafertilityclinic.com\/se\/egg\/att_valja_din_aggdonator\/our_egg_donors\/","og_site_name":"O.L.G.A. Fertility","og_image":[{"url":"https:\/\/olgafertilityclinic.com\/t\/i\/baby_feet02.jpg"}],"twitter_card":"summary_large_image","twitter_misc":{"Ber\u00e4knad l\u00e4stid":"4 minuter"},"schema":{"@context":"https:\/\/schema.org","@graph":[{"@type":"WebSite","@id":"https:\/\/olgafertilityclinic.com\/se\/#website","url":"https:\/\/olgafertilityclinic.com\/se\/","name":"O.L.G.A. Fertility","description":"Cyprus  and St. Petersburg","potentialAction":[{"@type":"SearchAction","target":{"@type":"EntryPoint","urlTemplate":"https:\/\/olgafertilityclinic.com\/se\/?s={search_term_string}"},"query-input":"required name=search_term_string"}],"inLanguage":"sv-SE"},{"@type":"WebPage","@id":"https:\/\/olgafertilityclinic.com\/se\/egg\/att_valja_din_aggdonator\/our_egg_donors\/#webpage","url":"https:\/\/olgafertilityclinic.com\/se\/egg\/att_valja_din_aggdonator\/our_egg_donors\/","name":"V\u00e5ra \u00e4ggdonatorer","isPartOf":{"@id":"https:\/\/olgafertilityclinic.com\/se\/#website"},"datePublished":"2020-06-15T12:00:00+00:00","dateModified":"2020-06-15T12:00:00+00:00","breadcrumb":{"@id":"https:\/\/olgafertilityclinic.com\/se\/egg\/att_valja_din_aggdonator\/our_egg_donors\/#breadcrumb"},"inLanguage":"sv-SE","potentialAction":[{"@type":"ReadAction","target":["https:\/\/olgafertilityclinic.com\/se\/egg\/att_valja_din_aggdonator\/our_egg_donors\/"]}]},{"@type":"BreadcrumbList","@id":"https:\/\/olgafertilityclinic.com\/se\/egg\/att_valja_din_aggdonator\/our_egg_donors\/#breadcrumb","itemListElement":[{"@type":"ListItem","position":1,"name":"Home","item":"https:\/\/olgafertilityclinic.com\/se\/"},{"@type":"ListItem","position":2,"name":"\u00c4ggdonation","item":"https:\/\/olgafertilityclinic.com\/se\/egg\/"},{"@type":"ListItem","position":3,"name":"Hur man v\u00e4ljer r\u00e4tt \u00e4ggdonator","item":"https:\/\/olgafertilityclinic.com\/se\/egg\/att_valja_din_aggdonator\/"},{"@type":"ListItem","position":4,"name":"V\u00e5ra \u00e4ggdonatorer"}]}]}},"_links":{"self":[{"href":"https:\/\/olgafertilityclinic.com\/se\/wp-json\/wp\/v2\/pages\/6122"}],"collection":[{"href":"https:\/\/olgafertilityclinic.com\/se\/wp-json\/wp\/v2\/pages"}],"about":[{"href":"https:\/\/olgafertilityclinic.com\/se\/wp-json\/wp\/v2\/types\/page"}],"author":[{"embeddable":true,"href":"https:\/\/olgafertilityclinic.com\/se\/wp-json\/wp\/v2\/users\/1"}],"replies":[{"embeddable":true,"href":"https:\/\/olgafertilityclinic.com\/se\/wp-json\/wp\/v2\/comments?post=6122"}],"version-history":[{"count":0,"href":"https:\/\/olgafertilityclinic.com\/se\/wp-json\/wp\/v2\/pages\/6122\/revisions"}],"up":[{"embeddable":true,"href":"https:\/\/olgafertilityclinic.com\/se\/wp-json\/wp\/v2\/pages\/6135"}],"wp:attachment":[{"href":"https:\/\/olgafertilityclinic.com\/se\/wp-json\/wp\/v2\/media?parent=6122"}],"wp:term":[{"taxonomy":"post_tag","embeddable":true,"href":"https:\/\/olgafertilityclinic.com\/se\/wp-json\/wp\/v2\/tags?post=6122"}],"curies":[{"name":"wp","href":"https:\/\/api.w.org\/{rel}","templated":true}]}}