{"id":6128,"date":"2020-06-15T12:00:00","date_gmt":"2020-06-15T12:00:00","guid":{"rendered":"https:\/\/olgafertilityclinic.com\/recruitment_and_screening-2\/"},"modified":"2020-06-15T12:00:00","modified_gmt":"2020-06-15T12:00:00","slug":"recruitment_and_screening","status":"publish","type":"page","link":"https:\/\/olgafertilityclinic.com\/se\/egg\/att_valja_din_aggdonator\/recruitment_and_screening\/","title":{"rendered":"Rekrytering och urval"},"content":{"rendered":"<p>\n  O.L.G.A. Fertility Clinicklinkens&auml;ggdonatorer &auml;r friska, unga och v&auml;lutbildade kvinnor som m&aring;ste f&aring; godk&auml;nda resultat i ett flertal medicinska tester innan de accepteras. Donatorerna bed&ouml;ms ocks&aring; av psykologer och f&aring;r r&aring;dgivning f&ouml;r att&nbsp;s&auml;kerst&auml;lla att&nbsp;de &auml;r bekv&auml;ma med det &aring;tagande som kr&auml;vs i en &auml;ggdonation. V&aring;r urvalsprocess f&ouml;r &auml;ggdonatorer ger dig den trygghet du beh&ouml;ver f&ouml;r att&nbsp;g&ouml;ra ditt val.\n<\/p>\n<h2>\n  Allm&auml;nna krav<br \/>\n<\/h2>\n<p>\n  Enligt rysk lag ska &auml;ggdonatorer vara friska kvinnor mellan 20 och 35 &aring;r som har minst ett eget, friskt barn. Villkoren uppfyller de europeiska kraven f&ouml;r m&auml;nsklig fortplantning (ESHRE). Medel&aring;ldern f&ouml;r v&aring;ra &auml;ggdonatorer &auml;r bara 26 &aring;r, och ingen av v&aring;ra donatorer &auml;r &auml;ldre &auml;n 31. Alla v&aring;ra donatorer &auml;r anonyma, vilket &auml;r till&aring;tet enligt rysk lag.\n<\/p>\n<p>\n  Om du f&ouml;redrar att&nbsp;anv&auml;nda en egen &auml;ggdonator hos O.L.G.A. Fertility Clinicklinken s&aring; b&ouml;r hon inte vara &ouml;ver 35 &aring;r. Behandlingen blir generellt mindre framg&aring;ngsrik n&auml;r &auml;ldre &auml;ggdonatorer anv&auml;nds. Det finns ocks&aring; st&ouml;rre genetiska risker, s&auml;rskilt n&auml;r det g&auml;ller tillst&aring;nd som Downs syndrom, s&aring; fosterdiagnostik rekommenderas.\n<\/p>\n<h2>\n  Hur vi v&auml;ljer kandidater<br \/>\n<\/h2>\n<p>\n  Hos O.L.G.A. Fertility Clinicklinken genomg&aring;r &auml;ggdonatorn en omfattande medicinsk och psykologisk utv&auml;rdering. Granskningen inleds med en intervju f&ouml;r att&nbsp;utv&auml;rdera allm&auml;nna f&auml;rdigheter och den intellektuella kapaciteten hos en potentiell donator.\n<\/p>\n<h3 class=\"dropcaps\">\n  Enligt rysk lag och i enlighet med rekommendationerna fr&aring;n ESHRE och ASRM(American Society for&nbsp;Reproductive Medicine) m&aring;ste en blivande &auml;ggdonator genomg&aring; f&ouml;ljande tester:<img loading=\"lazy\" decoding=\"async\" align=\"right\" alt=\"egg donation babies image\" border=\"0\" class=\"ui\" height=\"424\" src=\"\/t\/i\/stetoskope.jpg\" title=\"egg donation babies image\" width=\"283\" \/><br \/>\n<\/h3>\n<ol>\n<li>Inledande m&ouml;te med v&aring;r l&auml;kare:<\/li>\n<\/ol>\n<ul>\n<li>bed&ouml;mning av allm&auml;nna f&auml;rdigheter och intellektuell kapacitet hos kandidaten<\/li>\n<li>sjukdomshistoria<\/li>\n<li>reproduktiv historia\/gynekologi<\/li>\n<li>genetisk historia<\/li>\n<\/ul>\n<ol>\n<li>Ultraljudsunders&ouml;kning av &auml;ggstockarna och livmodern<\/li>\n<li>HIV, hepatit B och hepatit C (var tredje m&aring;nad)<\/li>\n<li>Kromosom-screening&nbsp;<\/li>\n<li>Kliniska blodprover: Hemoglobin, RBC (r&ouml;da blodkroppar) och WBC (vita blodkroppar), inklusive r&auml;kning av fraktioner (dvs. lymfocyter, neutrofiler, basofiler, eosynofiler) &ndash; g&ouml;rs varje m&aring;nad.<\/li>\n<li>Kliniska urinprov&nbsp;<\/li>\n<li>Biokemiska blodprov varje m&aring;nad (lever- och njurv&auml;rden, socker, protein)<\/li>\n<li>Blodkoagulationen (varje m&aring;nad)<\/li>\n<li>EKG (varje &aring;r)<\/li>\n<li>Lungr&ouml;ntgen (varje &aring;r)&nbsp;<\/li>\n<li>Cytologiskt utstryk (varje &aring;r)&nbsp;<\/li>\n<li>Bakteriologiskt utstryk (varje m&aring;nad)<\/li>\n<li>Test av genitala infektioner (bl a klamydia) &ndash; var 6:e m&aring;nad&nbsp;<\/li>\n<li>&Aring;rligt m&ouml;te med l&auml;kare<\/li>\n<li>&Aring;rligt m&ouml;te med psykolog<\/li>\n<\/ol>\n","protected":false},"excerpt":{"rendered":"<p>O.L.G.A. Fertility Clinicklinkens&auml;ggdonatorer &auml;r friska, unga och v&auml;lutbildade kvinnor som m&aring;ste f&aring; godk&auml;nda resultat i ett flertal medicinska tester innan de accepteras. Donatorerna bed&ouml;ms ocks&aring; av psykologer och f&aring;r r&aring;dgivning f&ouml;r att&nbsp;s&auml;kerst&auml;lla att&nbsp;de &auml;r bekv&auml;ma med det &aring;tagande som kr&auml;vs i en &auml;ggdonation. V&aring;r urvalsprocess f&ouml;r &auml;ggdonatorer ger dig den trygghet du beh&ouml;ver f&ouml;r att&nbsp;g&ouml;ra<\/p>\n","protected":false},"author":1,"featured_media":0,"parent":6135,"menu_order":4,"comment_status":"closed","ping_status":"open","template":"","meta":{"footnotes":""},"tags":[],"acf":[],"yoast_head":"<!-- This site is optimized with the Yoast SEO plugin v18.6 - https:\/\/yoast.com\/wordpress\/plugins\/seo\/ -->\n<title>Rekrytering och urval<\/title>\n<meta name=\"robots\" content=\"index, follow, max-snippet:-1, max-image-preview:large, max-video-preview:-1\" \/>\n<link rel=\"canonical\" href=\"https:\/\/olgafertilityclinic.com\/se\/egg\/att_valja_din_aggdonator\/recruitment_and_screening\/\" \/>\n<meta property=\"og:locale\" content=\"sv_SE\" \/>\n<meta property=\"og:type\" content=\"article\" \/>\n<meta property=\"og:title\" content=\"Rekrytering och urval\" \/>\n<meta property=\"og:description\" content=\"O.L.G.A. Fertility Clinicklinkens&auml;ggdonatorer &auml;r friska, unga och v&auml;lutbildade kvinnor som m&aring;ste f&aring; godk&auml;nda resultat i ett flertal medicinska tester innan de accepteras. Donatorerna bed&ouml;ms ocks&aring; av psykologer och f&aring;r r&aring;dgivning f&ouml;r att&nbsp;s&auml;kerst&auml;lla att&nbsp;de &auml;r bekv&auml;ma med det &aring;tagande som kr&auml;vs i en &auml;ggdonation. V&aring;r urvalsprocess f&ouml;r &auml;ggdonatorer ger dig den trygghet du beh&ouml;ver f&ouml;r att&nbsp;g&ouml;ra\" \/>\n<meta property=\"og:url\" content=\"https:\/\/olgafertilityclinic.com\/se\/egg\/att_valja_din_aggdonator\/recruitment_and_screening\/\" \/>\n<meta property=\"og:site_name\" content=\"O.L.G.A. Fertility\" \/>\n<meta property=\"og:image\" content=\"https:\/\/olgafertilityclinic.com\/t\/i\/stetoskope.jpg\" \/>\n<meta name=\"twitter:card\" content=\"summary_large_image\" \/>\n<meta name=\"twitter:label1\" content=\"Ber\u00e4knad l\u00e4stid\" \/>\n\t<meta name=\"twitter:data1\" content=\"3 minuter\" \/>\n<script type=\"application\/ld+json\" class=\"yoast-schema-graph\">{\"@context\":\"https:\/\/schema.org\",\"@graph\":[{\"@type\":\"WebSite\",\"@id\":\"https:\/\/olgafertilityclinic.com\/se\/#website\",\"url\":\"https:\/\/olgafertilityclinic.com\/se\/\",\"name\":\"O.L.G.A. Fertility\",\"description\":\"Cyprus  and St. Petersburg\",\"potentialAction\":[{\"@type\":\"SearchAction\",\"target\":{\"@type\":\"EntryPoint\",\"urlTemplate\":\"https:\/\/olgafertilityclinic.com\/se\/?s={search_term_string}\"},\"query-input\":\"required name=search_term_string\"}],\"inLanguage\":\"sv-SE\"},{\"@type\":\"WebPage\",\"@id\":\"https:\/\/olgafertilityclinic.com\/se\/egg\/att_valja_din_aggdonator\/recruitment_and_screening\/#webpage\",\"url\":\"https:\/\/olgafertilityclinic.com\/se\/egg\/att_valja_din_aggdonator\/recruitment_and_screening\/\",\"name\":\"Rekrytering och urval\",\"isPartOf\":{\"@id\":\"https:\/\/olgafertilityclinic.com\/se\/#website\"},\"datePublished\":\"2020-06-15T12:00:00+00:00\",\"dateModified\":\"2020-06-15T12:00:00+00:00\",\"breadcrumb\":{\"@id\":\"https:\/\/olgafertilityclinic.com\/se\/egg\/att_valja_din_aggdonator\/recruitment_and_screening\/#breadcrumb\"},\"inLanguage\":\"sv-SE\",\"potentialAction\":[{\"@type\":\"ReadAction\",\"target\":[\"https:\/\/olgafertilityclinic.com\/se\/egg\/att_valja_din_aggdonator\/recruitment_and_screening\/\"]}]},{\"@type\":\"BreadcrumbList\",\"@id\":\"https:\/\/olgafertilityclinic.com\/se\/egg\/att_valja_din_aggdonator\/recruitment_and_screening\/#breadcrumb\",\"itemListElement\":[{\"@type\":\"ListItem\",\"position\":1,\"name\":\"Home\",\"item\":\"https:\/\/olgafertilityclinic.com\/se\/\"},{\"@type\":\"ListItem\",\"position\":2,\"name\":\"\u00c4ggdonation\",\"item\":\"https:\/\/olgafertilityclinic.com\/se\/egg\/\"},{\"@type\":\"ListItem\",\"position\":3,\"name\":\"Hur man v\u00e4ljer r\u00e4tt \u00e4ggdonator\",\"item\":\"https:\/\/olgafertilityclinic.com\/se\/egg\/att_valja_din_aggdonator\/\"},{\"@type\":\"ListItem\",\"position\":4,\"name\":\"Rekrytering och urval\"}]}]}<\/script>\n<!-- \/ Yoast SEO plugin. -->","yoast_head_json":{"title":"Rekrytering och urval","robots":{"index":"index","follow":"follow","max-snippet":"max-snippet:-1","max-image-preview":"max-image-preview:large","max-video-preview":"max-video-preview:-1"},"canonical":"https:\/\/olgafertilityclinic.com\/se\/egg\/att_valja_din_aggdonator\/recruitment_and_screening\/","og_locale":"sv_SE","og_type":"article","og_title":"Rekrytering och urval","og_description":"O.L.G.A. Fertility Clinicklinkens&auml;ggdonatorer &auml;r friska, unga och v&auml;lutbildade kvinnor som m&aring;ste f&aring; godk&auml;nda resultat i ett flertal medicinska tester innan de accepteras. Donatorerna bed&ouml;ms ocks&aring; av psykologer och f&aring;r r&aring;dgivning f&ouml;r att&nbsp;s&auml;kerst&auml;lla att&nbsp;de &auml;r bekv&auml;ma med det &aring;tagande som kr&auml;vs i en &auml;ggdonation. V&aring;r urvalsprocess f&ouml;r &auml;ggdonatorer ger dig den trygghet du beh&ouml;ver f&ouml;r att&nbsp;g&ouml;ra","og_url":"https:\/\/olgafertilityclinic.com\/se\/egg\/att_valja_din_aggdonator\/recruitment_and_screening\/","og_site_name":"O.L.G.A. Fertility","og_image":[{"url":"https:\/\/olgafertilityclinic.com\/t\/i\/stetoskope.jpg"}],"twitter_card":"summary_large_image","twitter_misc":{"Ber\u00e4knad l\u00e4stid":"3 minuter"},"schema":{"@context":"https:\/\/schema.org","@graph":[{"@type":"WebSite","@id":"https:\/\/olgafertilityclinic.com\/se\/#website","url":"https:\/\/olgafertilityclinic.com\/se\/","name":"O.L.G.A. Fertility","description":"Cyprus  and St. Petersburg","potentialAction":[{"@type":"SearchAction","target":{"@type":"EntryPoint","urlTemplate":"https:\/\/olgafertilityclinic.com\/se\/?s={search_term_string}"},"query-input":"required name=search_term_string"}],"inLanguage":"sv-SE"},{"@type":"WebPage","@id":"https:\/\/olgafertilityclinic.com\/se\/egg\/att_valja_din_aggdonator\/recruitment_and_screening\/#webpage","url":"https:\/\/olgafertilityclinic.com\/se\/egg\/att_valja_din_aggdonator\/recruitment_and_screening\/","name":"Rekrytering och urval","isPartOf":{"@id":"https:\/\/olgafertilityclinic.com\/se\/#website"},"datePublished":"2020-06-15T12:00:00+00:00","dateModified":"2020-06-15T12:00:00+00:00","breadcrumb":{"@id":"https:\/\/olgafertilityclinic.com\/se\/egg\/att_valja_din_aggdonator\/recruitment_and_screening\/#breadcrumb"},"inLanguage":"sv-SE","potentialAction":[{"@type":"ReadAction","target":["https:\/\/olgafertilityclinic.com\/se\/egg\/att_valja_din_aggdonator\/recruitment_and_screening\/"]}]},{"@type":"BreadcrumbList","@id":"https:\/\/olgafertilityclinic.com\/se\/egg\/att_valja_din_aggdonator\/recruitment_and_screening\/#breadcrumb","itemListElement":[{"@type":"ListItem","position":1,"name":"Home","item":"https:\/\/olgafertilityclinic.com\/se\/"},{"@type":"ListItem","position":2,"name":"\u00c4ggdonation","item":"https:\/\/olgafertilityclinic.com\/se\/egg\/"},{"@type":"ListItem","position":3,"name":"Hur man v\u00e4ljer r\u00e4tt \u00e4ggdonator","item":"https:\/\/olgafertilityclinic.com\/se\/egg\/att_valja_din_aggdonator\/"},{"@type":"ListItem","position":4,"name":"Rekrytering och urval"}]}]}},"_links":{"self":[{"href":"https:\/\/olgafertilityclinic.com\/se\/wp-json\/wp\/v2\/pages\/6128"}],"collection":[{"href":"https:\/\/olgafertilityclinic.com\/se\/wp-json\/wp\/v2\/pages"}],"about":[{"href":"https:\/\/olgafertilityclinic.com\/se\/wp-json\/wp\/v2\/types\/page"}],"author":[{"embeddable":true,"href":"https:\/\/olgafertilityclinic.com\/se\/wp-json\/wp\/v2\/users\/1"}],"replies":[{"embeddable":true,"href":"https:\/\/olgafertilityclinic.com\/se\/wp-json\/wp\/v2\/comments?post=6128"}],"version-history":[{"count":0,"href":"https:\/\/olgafertilityclinic.com\/se\/wp-json\/wp\/v2\/pages\/6128\/revisions"}],"up":[{"embeddable":true,"href":"https:\/\/olgafertilityclinic.com\/se\/wp-json\/wp\/v2\/pages\/6135"}],"wp:attachment":[{"href":"https:\/\/olgafertilityclinic.com\/se\/wp-json\/wp\/v2\/media?parent=6128"}],"wp:term":[{"taxonomy":"post_tag","embeddable":true,"href":"https:\/\/olgafertilityclinic.com\/se\/wp-json\/wp\/v2\/tags?post=6128"}],"curies":[{"name":"wp","href":"https:\/\/api.w.org\/{rel}","templated":true}]}}