{"id":6135,"date":"2020-06-15T12:00:00","date_gmt":"2020-06-15T12:00:00","guid":{"rendered":"https:\/\/olgafertilityclinic.com\/choosing_an_egg_donor-2\/"},"modified":"2020-07-24T07:11:08","modified_gmt":"2020-07-24T07:11:08","slug":"att_valja_din_aggdonator","status":"publish","type":"page","link":"https:\/\/olgafertilityclinic.com\/se\/egg\/att_valja_din_aggdonator\/","title":{"rendered":"Hur man v\u00e4ljer r\u00e4tt \u00e4ggdonator"},"content":{"rendered":"<p><strong>Vid v\u00e5r klinik kan du v\u00e4lja din egen \u00e4ggdonator fr\u00e5n v\u00e5r detaljerade databas med \u00e4ggdonatorer!<\/strong><br \/>\n\u00a0<\/p>\n<p>Vid alla europeiska kliniker v\u00e4ljs \u00e4ggdonatorn \u00e5t patienten av en l\u00e4kare eller den medicinska gruppen. O.L.G.A. Fertility Clinic \u00e4r den enda klinik i Europa som ger dig m\u00f6jlighet att&nbsp;v\u00e4lja \u00e4ggdonator sj\u00e4lv.<\/p>\n<p>Vi vet att&nbsp;omfattningen av den information patienten f\u00e5r om donatorn \u00e4r mycket viktig f\u00f6r m\u00e5nga kvinnor och deras partners. Vissa kvinnor \u00f6nskar hitta en \u00e4ggdonator med maximal fysisk likhet med dem sj\u00e4lva, andra kvinnor v\u00e4ljer &#8220;p\u00e5 k\u00e4nsla&#8221;. Vi erbjuder d\u00e4rf\u00f6r omfattande information om \u00e4ggdonatorerna, med beskrivningar av utseende och utseendet hos deras sl\u00e4ktingar, familjehistorik samt bilder av donatorn i \u00e5ldrarna upp till&nbsp;12 \u00e5r.<\/p>\n<p>F\u00f6r m\u00e5nga kvinnor \u00e4r inte fysiska egenskaper lika viktiga som \u00e4ggdonatorns psykologiska, sociala, utbildnings- och familjebakgrund. M\u00e5nga patienter \u00e4r intresserade av att&nbsp;ta reda p\u00e5 mer om v\u00e5ra \u00e4ggdonatorers m\u00e4nskliga v\u00e4rderingar! Detta \u00e4r anledningen till&nbsp;att vi ber alla v\u00e5ra donatorer skriva personliga motivationsbrev till&nbsp;v\u00e5r \u00e4ggdonatordatabas.<\/p>\n<p>V\u00e5r \u00e4ggdonatordatabas ger dig m\u00f6jlighet att&nbsp;ta en ledande roll i skapandet av ditt framtida barn. Processen att&nbsp;v\u00e4lja den b\u00e4sta \u00e4ggdonatorn fr\u00e5n v\u00e5r databas \u00e4r mycket personlig och vi forts\u00e4tter inte om du inte \u00e4r helt n\u00f6jd med donatorn som du har valt. Det \u00e4r d\u00e4rf\u00f6r m\u00f6jligt f\u00f6r dig att&nbsp;basera ditt val av \u00e4ggdonator p\u00e5 de egenskaper som \u00e4r viktigast f\u00f6r dig, eftersom vi tror att&nbsp;du och din partners prioriteringar och m\u00e4nskliga v\u00e4rderingar \u00e4r de viktigaste kriterierna f\u00f6r att&nbsp;v\u00e4lja r\u00e4tt \u00e4ggdonator.<\/p>\n<p>Vi respekterar ditt val!<\/p>\n\n<h2>Vad \u00e4r \u00e4ggdonatordatabasen?<\/h2>\n<p><a href=\"http:\/\/eggdonorideas.com\/en\/donors\/\" target=\"_blank\" rel=\"noopener noreferrer\"><img decoding=\"async\" class=\"w100p\" style=\"margin: 20px 0;\" src=\"\/i\/eddb-screen-2.jpg\" srcset=\"\/i\/eddb-screen-2-2x.jpg 2x\" alt=\"Vad \u00e4r \u00e4ggdonatordatabasen?\" \/><\/a><\/p>\n<ul class=\"ticks vpad2x\">\n<li>Totalt har vi mer \u00e4n 600 lojala, friska, attraktiva, v\u00e4lutbildade, unga \u00e4ggdonatorer.<\/li>\n<li>Alla v\u00e5ra \u00e4ggdonatorer \u00e4r under 32 \u00e5r gamla och har egna, friska barn!<\/li>\n<li>Alla potentiella \u00e4ggdonatorer genomg\u00e5r omfattande medicinska unders\u00f6kningar, inklusive samr\u00e5d med 3 l\u00e4kare: en allm\u00e4nl\u00e4kare, en gynekolog och en psykiater. Vi accepterar f\u00e4rre \u00e4n 10&nbsp;% av de potentiella \u00e4ggdonatorkandidaterna! Oavsett vilken \u00e4ggdonator du v\u00e4ljer kan du vara s\u00e4ker p\u00e5 att&nbsp;hon har g\u00e5tt igenom alla n\u00f6dv\u00e4ndiga medicinska unders\u00f6kningar.<\/li>\n<li>Du kan v\u00e4lja bland mer \u00e4n 150 \u00e4ggdonatorer i databasen, vid varje tidpunkt, och du kommer alltid att&nbsp;kunna v\u00e4lja mellan flera \u00e4ggdonatorer som har samma \u00f6gon-, h\u00e5r-, hudf\u00e4rg, l\u00e4ngd, f\u00e4rdigheter, med mera som du har.<\/li>\n<li>Det finns ingen v\u00e4ntetid f\u00f6r behandlingen. Alla \u00e4ggdonatorer i databasen kan donera inom den n\u00e4rmaste framtiden och inom den tidsram som passar dig b\u00e4st.<\/li>\n<li>Databasen ger dig tillg\u00e5ng till&nbsp;150 personuppgifter och fotografier av varje \u00e4ggdonator i \u00e5ldrarna upp till&nbsp;12 \u00e5r samt personliga brev om sk\u00e4len till&nbsp;att bli \u00e4ggdonator.<\/li>\n<\/ul>\n<p class=\"phonecons\">Vill du se n\u00e5gra av v\u00e5ra \u00e4ggdonatorer?<\/p>\n<p class=\"phonecons\"><a class=\"button contactus ui large\" href=\"\/se\/egg\/egg-donation-how-to-start\/help-you-with-your-egg-donor-choice\/\" target=\"_blank\" rel=\"noopener noreferrer\">Registrera dig gratis nu!<\/a><\/p>\n<p>\n<strong>Praktiska r\u00e5d om hur du v\u00e4ljer din \u00e4ggdonator:<\/strong><\/p>\n<ol class=\"vpad2x\">\n<li>F\u00f6rs\u00f6k att&nbsp;identifiera vilka kriterier som \u00e4r viktigast f\u00f6r dig och basera ditt slutliga val och beslut p\u00e5 detta.<\/li>\n<li>Innan du b\u00f6rjar v\u00e4lja din \u00e4ggdonator fr\u00e5n v\u00e5r \u00e4ggdonatordatabas kan vi hj\u00e4lpa dig under ett Skype- eller telefonm\u00f6te d\u00e5 vi f\u00f6rklarar hur du anv\u00e4nder v\u00e5r \u00e4ggdonatordatabas med maximal nytta f\u00f6r dig.<\/li>\n<li>Om du tycker det \u00e4r sv\u00e5rt att&nbsp;hitta r\u00e4tt donator fr\u00e5n en s\u00e5 stor databas \u2013 l\u00e5t oss f\u00e5 veta det! Vi kan ge dig r\u00e5d, hj\u00e4lpa dig att&nbsp;v\u00e4lja och \u00e4ven f\u00f6resl\u00e5 n\u00e5gra \u00e4ggdonator som \u00e4r l\u00e4mpliga ur v\u00e5rt expertperspektiv.<\/li>\n<\/ol>\n<p class=\"phonecons\">\nBeh\u00f6ver du hj\u00e4lp med valet av donator?<\/p>\n<p class=\"phonecons\"><a class=\"button contactus ui large\" href=\"\/se\/egg\/egg-donation-how-to-start\/help-you-with-your-egg-donor-choice\/\" target=\"_blank\" rel=\"noopener noreferrer\">F\u00e5 gratis r\u00e5dgivning!<\/a><\/p>\n<p>\n<em>Vi f\u00f6rst\u00e5r att&nbsp;detaljerad information om donatorn \u00e4r mycket viktig, men vi f\u00f6rst\u00e5r ocks\u00e5 att&nbsp;\u00e4ggdonatorn inte \u00e4r den viktigaste personen i det h\u00e4r projektet. Den viktigaste personen \u00e4r du; ett \u00e4gg fr\u00e5n en donator skulle inte kunna v\u00e4xa till&nbsp;ett barn av sig sj\u00e4lv. Ett \u00e4gg beh\u00f6ver en livmoder och sperma och du \u00e4r den som kombinerar dessa f\u00f6r att&nbsp;skapa ditt barn. Du \u00e4r f\u00f6r\u00e4lder till&nbsp;barnets existens!<\/em><\/p>\n","protected":false},"excerpt":{"rendered":"<p>Vid v\u00e5r klinik kan du v\u00e4lja din egen \u00e4ggdonator fr\u00e5n v\u00e5r detaljerade databas med \u00e4ggdonatorer! \u00a0 Vid alla europeiska kliniker v\u00e4ljs \u00e4ggdonatorn \u00e5t patienten av en l\u00e4kare eller den medicinska gruppen. O.L.G.A. Fertility Clinic \u00e4r den enda klinik i Europa som ger dig m\u00f6jlighet att&nbsp;v\u00e4lja \u00e4ggdonator sj\u00e4lv. Vi vet att&nbsp;omfattningen av den information patienten f\u00e5r<\/p>\n","protected":false},"author":1,"featured_media":0,"parent":6078,"menu_order":2,"comment_status":"closed","ping_status":"open","template":"","meta":{"footnotes":""},"tags":[],"acf":[],"yoast_head":"<!-- This site is optimized with the Yoast SEO plugin v18.6 - https:\/\/yoast.com\/wordpress\/plugins\/seo\/ -->\n<title>V\u00e4lja en \u00e4gg givare fr\u00e5n stora \u00e4ggdonator databas med bilder, familjehistoria , motivation brev \u00e4ggdonatorer<\/title>\n<meta name=\"description\" content=\"S\u00f6ker du efter \u00e4ggdonatorer med foton och familjebakgrund? Vill du ha en bebis eller pengarna tillbaka? 150+ \u00e4ggdonatorer f\u00f6r val i dag! +46 842002745\" \/>\n<meta name=\"robots\" content=\"index, follow, max-snippet:-1, max-image-preview:large, max-video-preview:-1\" \/>\n<link rel=\"canonical\" href=\"https:\/\/olgafertilityclinic.com\/se\/egg\/att_valja_din_aggdonator\/\" \/>\n<meta property=\"og:locale\" content=\"sv_SE\" \/>\n<meta property=\"og:type\" content=\"article\" \/>\n<meta property=\"og:title\" content=\"V\u00e4lja en \u00e4gg givare fr\u00e5n stora \u00e4ggdonator databas med bilder, familjehistoria , motivation brev \u00e4ggdonatorer\" \/>\n<meta property=\"og:description\" content=\"S\u00f6ker du efter \u00e4ggdonatorer med foton och familjebakgrund? Vill du ha en bebis eller pengarna tillbaka? 150+ \u00e4ggdonatorer f\u00f6r val i dag! +46 842002745\" \/>\n<meta property=\"og:url\" content=\"https:\/\/olgafertilityclinic.com\/se\/egg\/att_valja_din_aggdonator\/\" \/>\n<meta property=\"og:site_name\" content=\"O.L.G.A. Fertility\" \/>\n<meta property=\"article:modified_time\" content=\"2020-07-24T07:11:08+00:00\" \/>\n<meta property=\"og:image\" content=\"https:\/\/olgafertilityclinic.com\/i\/eddb-screen-2.jpg\" \/>\n<meta name=\"twitter:card\" content=\"summary_large_image\" \/>\n<meta name=\"twitter:label1\" content=\"Ber\u00e4knad l\u00e4stid\" \/>\n\t<meta name=\"twitter:data1\" content=\"4 minuter\" \/>\n<script type=\"application\/ld+json\" class=\"yoast-schema-graph\">{\"@context\":\"https:\/\/schema.org\",\"@graph\":[{\"@type\":\"WebSite\",\"@id\":\"https:\/\/olgafertilityclinic.com\/se\/#website\",\"url\":\"https:\/\/olgafertilityclinic.com\/se\/\",\"name\":\"O.L.G.A. Fertility\",\"description\":\"Cyprus  and St. Petersburg\",\"potentialAction\":[{\"@type\":\"SearchAction\",\"target\":{\"@type\":\"EntryPoint\",\"urlTemplate\":\"https:\/\/olgafertilityclinic.com\/se\/?s={search_term_string}\"},\"query-input\":\"required name=search_term_string\"}],\"inLanguage\":\"sv-SE\"},{\"@type\":\"WebPage\",\"@id\":\"https:\/\/olgafertilityclinic.com\/se\/egg\/att_valja_din_aggdonator\/#webpage\",\"url\":\"https:\/\/olgafertilityclinic.com\/se\/egg\/att_valja_din_aggdonator\/\",\"name\":\"V\u00e4lja en \u00e4gg givare fr\u00e5n stora \u00e4ggdonator databas med bilder, familjehistoria , motivation brev \u00e4ggdonatorer\",\"isPartOf\":{\"@id\":\"https:\/\/olgafertilityclinic.com\/se\/#website\"},\"datePublished\":\"2020-06-15T12:00:00+00:00\",\"dateModified\":\"2020-07-24T07:11:08+00:00\",\"description\":\"S\u00f6ker du efter \u00e4ggdonatorer med foton och familjebakgrund? Vill du ha en bebis eller pengarna tillbaka? 150+ \u00e4ggdonatorer f\u00f6r val i dag! +46 842002745\",\"breadcrumb\":{\"@id\":\"https:\/\/olgafertilityclinic.com\/se\/egg\/att_valja_din_aggdonator\/#breadcrumb\"},\"inLanguage\":\"sv-SE\",\"potentialAction\":[{\"@type\":\"ReadAction\",\"target\":[\"https:\/\/olgafertilityclinic.com\/se\/egg\/att_valja_din_aggdonator\/\"]}]},{\"@type\":\"BreadcrumbList\",\"@id\":\"https:\/\/olgafertilityclinic.com\/se\/egg\/att_valja_din_aggdonator\/#breadcrumb\",\"itemListElement\":[{\"@type\":\"ListItem\",\"position\":1,\"name\":\"Home\",\"item\":\"https:\/\/olgafertilityclinic.com\/se\/\"},{\"@type\":\"ListItem\",\"position\":2,\"name\":\"\u00c4ggdonation\",\"item\":\"https:\/\/olgafertilityclinic.com\/se\/egg\/\"},{\"@type\":\"ListItem\",\"position\":3,\"name\":\"Hur man v\u00e4ljer r\u00e4tt \u00e4ggdonator\"}]}]}<\/script>\n<!-- \/ Yoast SEO plugin. -->","yoast_head_json":{"title":"V\u00e4lja en \u00e4gg givare fr\u00e5n stora \u00e4ggdonator databas med bilder, familjehistoria , motivation brev \u00e4ggdonatorer","description":"S\u00f6ker du efter \u00e4ggdonatorer med foton och familjebakgrund? Vill du ha en bebis eller pengarna tillbaka? 150+ \u00e4ggdonatorer f\u00f6r val i dag! +46 842002745","robots":{"index":"index","follow":"follow","max-snippet":"max-snippet:-1","max-image-preview":"max-image-preview:large","max-video-preview":"max-video-preview:-1"},"canonical":"https:\/\/olgafertilityclinic.com\/se\/egg\/att_valja_din_aggdonator\/","og_locale":"sv_SE","og_type":"article","og_title":"V\u00e4lja en \u00e4gg givare fr\u00e5n stora \u00e4ggdonator databas med bilder, familjehistoria , motivation brev \u00e4ggdonatorer","og_description":"S\u00f6ker du efter \u00e4ggdonatorer med foton och familjebakgrund? Vill du ha en bebis eller pengarna tillbaka? 150+ \u00e4ggdonatorer f\u00f6r val i dag! +46 842002745","og_url":"https:\/\/olgafertilityclinic.com\/se\/egg\/att_valja_din_aggdonator\/","og_site_name":"O.L.G.A. Fertility","article_modified_time":"2020-07-24T07:11:08+00:00","og_image":[{"url":"https:\/\/olgafertilityclinic.com\/i\/eddb-screen-2.jpg"}],"twitter_card":"summary_large_image","twitter_misc":{"Ber\u00e4knad l\u00e4stid":"4 minuter"},"schema":{"@context":"https:\/\/schema.org","@graph":[{"@type":"WebSite","@id":"https:\/\/olgafertilityclinic.com\/se\/#website","url":"https:\/\/olgafertilityclinic.com\/se\/","name":"O.L.G.A. Fertility","description":"Cyprus  and St. Petersburg","potentialAction":[{"@type":"SearchAction","target":{"@type":"EntryPoint","urlTemplate":"https:\/\/olgafertilityclinic.com\/se\/?s={search_term_string}"},"query-input":"required name=search_term_string"}],"inLanguage":"sv-SE"},{"@type":"WebPage","@id":"https:\/\/olgafertilityclinic.com\/se\/egg\/att_valja_din_aggdonator\/#webpage","url":"https:\/\/olgafertilityclinic.com\/se\/egg\/att_valja_din_aggdonator\/","name":"V\u00e4lja en \u00e4gg givare fr\u00e5n stora \u00e4ggdonator databas med bilder, familjehistoria , motivation brev \u00e4ggdonatorer","isPartOf":{"@id":"https:\/\/olgafertilityclinic.com\/se\/#website"},"datePublished":"2020-06-15T12:00:00+00:00","dateModified":"2020-07-24T07:11:08+00:00","description":"S\u00f6ker du efter \u00e4ggdonatorer med foton och familjebakgrund? Vill du ha en bebis eller pengarna tillbaka? 150+ \u00e4ggdonatorer f\u00f6r val i dag! +46 842002745","breadcrumb":{"@id":"https:\/\/olgafertilityclinic.com\/se\/egg\/att_valja_din_aggdonator\/#breadcrumb"},"inLanguage":"sv-SE","potentialAction":[{"@type":"ReadAction","target":["https:\/\/olgafertilityclinic.com\/se\/egg\/att_valja_din_aggdonator\/"]}]},{"@type":"BreadcrumbList","@id":"https:\/\/olgafertilityclinic.com\/se\/egg\/att_valja_din_aggdonator\/#breadcrumb","itemListElement":[{"@type":"ListItem","position":1,"name":"Home","item":"https:\/\/olgafertilityclinic.com\/se\/"},{"@type":"ListItem","position":2,"name":"\u00c4ggdonation","item":"https:\/\/olgafertilityclinic.com\/se\/egg\/"},{"@type":"ListItem","position":3,"name":"Hur man v\u00e4ljer r\u00e4tt \u00e4ggdonator"}]}]}},"_links":{"self":[{"href":"https:\/\/olgafertilityclinic.com\/se\/wp-json\/wp\/v2\/pages\/6135"}],"collection":[{"href":"https:\/\/olgafertilityclinic.com\/se\/wp-json\/wp\/v2\/pages"}],"about":[{"href":"https:\/\/olgafertilityclinic.com\/se\/wp-json\/wp\/v2\/types\/page"}],"author":[{"embeddable":true,"href":"https:\/\/olgafertilityclinic.com\/se\/wp-json\/wp\/v2\/users\/1"}],"replies":[{"embeddable":true,"href":"https:\/\/olgafertilityclinic.com\/se\/wp-json\/wp\/v2\/comments?post=6135"}],"version-history":[{"count":1,"href":"https:\/\/olgafertilityclinic.com\/se\/wp-json\/wp\/v2\/pages\/6135\/revisions"}],"predecessor-version":[{"id":8247,"href":"https:\/\/olgafertilityclinic.com\/se\/wp-json\/wp\/v2\/pages\/6135\/revisions\/8247"}],"up":[{"embeddable":true,"href":"https:\/\/olgafertilityclinic.com\/se\/wp-json\/wp\/v2\/pages\/6078"}],"wp:attachment":[{"href":"https:\/\/olgafertilityclinic.com\/se\/wp-json\/wp\/v2\/media?parent=6135"}],"wp:term":[{"taxonomy":"post_tag","embeddable":true,"href":"https:\/\/olgafertilityclinic.com\/se\/wp-json\/wp\/v2\/tags?post=6135"}],"curies":[{"name":"wp","href":"https:\/\/api.w.org\/{rel}","templated":true}]}}