{"id":6235,"date":"2020-06-15T12:00:00","date_gmt":"2020-06-15T12:00:00","guid":{"rendered":"https:\/\/olgafertilityclinic.com\/embryo_donation-2\/"},"modified":"2020-06-15T12:00:00","modified_gmt":"2020-06-15T12:00:00","slug":"embryo_donation","status":"publish","type":"page","link":"https:\/\/olgafertilityclinic.com\/se\/embryo_donation\/","title":{"rendered":"Embryodonation \u2013 framg\u00e5ngsrik och kostnadseffektiv"},"content":{"rendered":"<p class=\"accent2\">Embryoadoption (eller embryodonation) &auml;r en process d&auml;r donerade embryon anv&auml;nds f&ouml;r att&nbsp;skapa din graviditet. Embryoadoption &auml;r en v&auml;ldigt framg&aring;ngsrik procedur och kommer snart att&nbsp;resultera i en frisk f&ouml;dsel av din egen baby. Inom v&aring;rt <a href=\"\/se\/prices\/embryo-adoption\/#ancor1\">paket med 3 cykler f&ouml;r embryoadoption<\/a>&nbsp;erbjuder vi tre embryoadoptionsf&ouml;rs&ouml;k till&nbsp;<a href=\"\/se\/prices\/\">priset av tv&aring;<\/a>. 90 procent av mottagarna lyckas f&aring; barn inom tre f&ouml;rs&ouml;k.<\/p>\n<p>Med embryoadoption kommer ditt mamma-barn-band att&nbsp;bli starkt, respekterat och omhuldat. &Auml;ven om barnet inte &auml;r genetiskt kopplat till&nbsp;dig kommer barnet att&nbsp;absorbera alla dina finaste drag, talanger, beteende och &auml;ven utseende, under graviditeten, amningen och den dagliga v&aring;rden, k&auml;rleken och kommunikationen.<\/p>\n\n<p>Ditt f&ouml;rsta bes&ouml;k inplanerat i din cykel kr&auml;ver bara att&nbsp;du stannar tv&aring; dagar i Sankt Petersburg, vilket inkluderar ett m&ouml;te med din doktor och sk&ouml;terska. De kommer att&nbsp;ge dig alla r&aring;d inf&ouml;r din potentiella graviditet och praktikaliteter kring att&nbsp;bli och f&ouml;rbli gravid. Vi g&ouml;r dina labbtester och embryo&ouml;verf&ouml;ringen. Vi ordnar ocks&aring; s&aring; att&nbsp;du h&auml;mtas upp och skjutsas tillbaka till&nbsp;flygplatsen, och f&aring;r en sightseeing-tur i staden under din vistelse.<\/p>\n<p>Enkel, utvald embryo&ouml;verf&ouml;ring &auml;r v&aring;r standard och leder till&nbsp;&ouml;ver 50 procents klinisk graviditetsgrad. Praxis p&aring; v&aring;r klinik &auml;r att&nbsp;h&ouml;ja framg&aring;ngsgraden inte genom antal &ouml;verf&ouml;rda embryon, utan genom noggrant urval av potentiella &auml;gg- och spermiedonatorer, samt h&ouml;g standard i laboratoriet f&ouml;r att&nbsp;f&ouml;rs&auml;kra oss om att&nbsp;endast blastocyst-embryon av excellent kvalitet anv&auml;nds.<\/p>\n<h2>Varf&ouml;r &auml;r O.L.G.A. Fertility Clinics embryoadoptionsprogram s&aring; framg&aring;ngsrikt?<\/h2>\n<ul class=\"ticks\">\n<li>Vi anv&auml;nder aldrig embryon som donerats av fertilitetspatienter, f&ouml;r att&nbsp;undvika &ouml;verf&ouml;ring av fertilitetsproblem till&nbsp;framtida barn.<\/li>\n<li>Vi anv&auml;nder enbart h&ouml;gkvalitativa f&auml;rska &auml;gg fr&aring;n v&aring;ra v&auml;l unders&ouml;kta unga, friska, professionella <a href=\"\/se\/embryo_donation\/embryo_donors\/\">&auml;ggdonatorer<\/a>&nbsp;(ej IVF-patienter!)<\/li>\n<li>Vi anv&auml;nder endast <strong>h&ouml;gkvalitativ kryo-tolerant donatorsperma<\/strong> fr&aring;n v&aring;ra v&auml;l <strong>unders&ouml;kta<\/strong> spermadonatorer<\/li>\n<li>V&aring;r <a href=\"\/se\/embryo_donation\/embryo_donors\/\">unders&ouml;kningsprocess f&ouml;r potentiella &auml;gg- och spermadonatorer<\/a> &auml;r v&auml;ldigt strikt och vi accepterar mindre &auml;n 25 procent av de s&ouml;kande<\/li>\n<li>Genom att&nbsp;skapa donatorembryon fr&aring;n f&auml;rska donerade &auml;gg och fryst och tinad sperma fr&aring;n v&aring;ra spermadonatorer sker befruktningen alltid genom den naturliga metoden (genom att&nbsp;blanda &auml;gg och spermier). Detta ger utrymme f&ouml;r det naturliga urvalet av vilken spermie som befruktar &auml;gget, vilket ger maximal embryokvalitet och framg&aring;ngsgrad.<\/li>\n<\/ul>\n\n<h2>Varf&ouml;r &auml;r O.L.G.A. Fertility Clinics embryoadoptionsprogram s&aring; kostnadseffektivt?<\/h2>\n<p>F&ouml;r att&nbsp;v&aring;r embryoadoptionsprocedur ska bli s&aring; kostnadseffektiv som m&ouml;jligt f&aring;r patienterna ett eller tv&aring; omsorgsfullt matchade embryon fr&aring;n v&aring;r embryobank. Detta minskar kostnaderna avsev&auml;rt f&ouml;r mottagarna, eftersom de inte beh&ouml;ver t&auml;cka hela kostnaden f&ouml;r en-till-en-donation, som till&nbsp;exempel i v&aring;rt <a href=\"\/se\/prices\/egg-donation\/#ancor2\">enkla en-till-en-donationsprogram<\/a>. Enkel, utvald embryo&ouml;verf&ouml;ring &auml;r v&aring;r standard och leder till&nbsp;&ouml;ver 50 procents klinisk graviditetsgrad. Praxis p&aring; v&aring;r klinik &auml;r att&nbsp;h&ouml;ja framg&aring;ngsgraden inte genom antal &ouml;verf&ouml;rda embryon, utan genom noggrant urval av potentiella &auml;gg- och spermiedonatorer, samt h&ouml;g standard i laboratoriet f&ouml;r att&nbsp;f&ouml;rs&auml;kra oss om att&nbsp;endast blastocyst-embryon av excellent kvalitet anv&auml;nds.<\/p>\n<p>Om du planerar att&nbsp;ha bara ett barn &auml;r <strong>embryodonation det mest effektiva och minst kostsamma alternativet<\/strong>. V&aring;r statistik visar ocks&aring; att&nbsp;det &auml;r mer kostnadseffektivt och framg&aring;ngsrikt att&nbsp;genomf&ouml;ra ett <a href=\"\/se\/prices\/embryo-adoption\/#ancor1\">paket med 3 cykler embryoadoptionsprogram<\/a>&nbsp;f&ouml;r priset av 2, &auml;n en enda embryoadoptionscykel. Detta eftersom 90 procent av mottagarna lyckas f&aring; barn inom tre f&ouml;rs&ouml;k.<\/p>\n<p>Om du &auml;nd&aring; vill ha n&aring;gra extra embryon fr&aring;n samma donatorer i frysen f&ouml;r m&ouml;jlighet till&nbsp;syskon i framtiden, var v&auml;nlig l&auml;s mer om v&aring;rt <a href=\"\/se\/egg\/egg_donation_programmes\/simple_egg_donation_programme\/\">enkla ett-till-ett-donationsprogram<\/a> med f&auml;rska &auml;gg.<\/p>\n<p class=\"phonecons\">Vill du ber&auml;tta f&ouml;r oss om dina behov, s&aring; att&nbsp;du kan f&aring; v&aring;r professionella rekommendation om b&auml;sta val av donator?<\/p>\n<div style=\"text-align:center;\"><a class=\"btnr btns requestcall\" data-id=\"consult\">Best&auml;ll ett samtal<\/a><\/div>\n<p>Hos O.L.G.A. Fertility Clinic f&ouml;rst&aring;r vi att&nbsp;embryoadoption (=embryodonation) inte &auml;r ett enkelt val att&nbsp;g&ouml;ra, eller steg att&nbsp;ta. F&ouml;r att&nbsp;f&ouml;rbereda dig emotionellt f&ouml;r behandlingsprocessen, och &auml;ven hj&auml;lpa dig att&nbsp;bli en bra f&ouml;r&auml;lder, kommer vi att&nbsp;ordna upp till&nbsp;tre tr&auml;ffar med v&aring;r erfarna familjer&aring;dgivare som en del av ditt behandlingspaket.<\/p>\n<p>Var v&auml;nlig best&auml;ll ett Skype-m&ouml;te med v&aring;r familjer&aring;dgivare som kan st&ouml;tta dig i alla sv&aring;ra val eller etiska dilemman som du kan hamna i.<\/p>\n<p>Det finns m&aring;nga anledningar till&nbsp;att en kvinna kan beh&ouml;va embryoadoption, och olika livsresor finns i bagaget innan kvinnorna n&aring;r oss. Men oavsett orsak, eller hur de olika resorna varit, vet vi att&nbsp;vi h&auml;r hos O.L.G.A. Fertility Clinic kan ta hand om dig och hj&auml;lpa dig att&nbsp;f&aring; en h&auml;lsosam graviditet och en frisk baby.<\/p>\n<p>Enda anledningen till&nbsp;att vi inte skulle kunna uppn&aring; detta genom embryoadoption &auml;r om kvinnan saknar livmoder, eller om det finns starka medicinska sk&auml;l till&nbsp;att patienten inte b&ouml;r bli gravid och att&nbsp;embryoadoption d&auml;rf&ouml;r blir om&ouml;jlig. Oavsett hur stor din tvekan eller oro &auml;r &ndash; gl&ouml;m inte bort din &ouml;nskan om att&nbsp;bli mamma.<\/p>\n<p class=\"phonecons\">Best&auml;ll en telefonkonsultation med v&aring;r l&auml;kare, s&aring; att&nbsp;vi ge dig personlig r&aring;dgivning om dina chanser att&nbsp;f&ouml;da ett levande barn efter embryoadoption.<\/p>\n<div style=\"text-align:center;\"><a class=\"btnr btns requestcall\" data-id=\"consult\">Best&auml;ll ett samtal<\/a><\/div>\n\n<p>Hos O.L.G.A. Fertility Clinic &auml;r vi glada och stolta &ouml;ver att&nbsp;kunna erbjuda v&aring;ra patienter chans till&nbsp;att f&aring; erfarenheten av att&nbsp;bli mamma, utan att&nbsp;beh&ouml;va v&auml;nta i m&aring;nader p&aring; donerade embryon eller f&aring; donerade embryon som kanske inte har b&auml;sta m&ouml;jliga matchning eller kvalitet, som &auml;r fallet hos m&aring;nga andra kliniker.<\/p>\n<p>Fr&aring;n allra f&ouml;rsta b&ouml;rjan i v&aring;r embryoadoptionsprocess &auml;r det viktigt f&ouml;r oss att&nbsp;du f&ouml;rst&aring;r dina medicinska orsaker och k&auml;nner dig bekv&auml;m med att&nbsp;anv&auml;nda embryoadoption.<\/p>\n<p>Det &auml;r ocks&aring; v&auml;ldigt viktigt f&ouml;r oss att&nbsp;ge dig r&aring;d p&aring; ett personligt s&auml;tt kopplat till&nbsp;din medicinska historia och inte &ouml;verdriva m&ouml;jliga &auml;gg- och\/eller spermieproblem. F&ouml;rv&aring;nande nog blir m&aring;nga av de patienter som kontaktar oss med f&ouml;rfr&aring;gan om embryoadoption sedan f&ouml;r&auml;ldrar till&nbsp;friska barn genom <a href=\"\/se\/egg\/\">&auml;ggdonation med den egna mannens\/partnerns spermier<\/a>, eller till&nbsp;och med genom <a href=\"\/se\/preimplantation\/\">IVF med egna &auml;gg och PGS f&ouml;r 23 kromosomer<\/a>.<\/p>\n<p class=\"phonecons\">Var v&auml;nlig best&auml;ll en telefonkonsultation med v&aring;r doktor, s&aring; att&nbsp;vi kan ge dig personliga r&aring;d kring dina chanser till&nbsp;levandef&ouml;dsel efter embryoadoption och alternativen.<\/p>\n<div style=\"text-align:center;\"><a class=\"btnr btns requestcall\" data-id=\"consult\">Best&auml;ll ett samtal<\/a><\/div>\n<p class=\"accent2\">V&aring;rt medicinska syns&auml;tt &auml;r v&auml;ldigt personligt utifr&aring;n varje patient och vi har v&auml;ldigt h&ouml;g standard p&aring; v&aring;r kommunikation, f&ouml;r att&nbsp;f&ouml;rebygga snarare &auml;n bota komplikationer.<\/p>\n<p class=\"accent3\">V&aring;rt yttersta m&aring;l &auml;r en frisk baby i dina armar p&aring; kortast m&ouml;jliga tid!<\/p>\n<p>&nbsp;<\/p>\n","protected":false},"excerpt":{"rendered":"<p>Embryoadoption (eller embryodonation) &auml;r en process d&auml;r donerade embryon anv&auml;nds f&ouml;r att&nbsp;skapa din graviditet. Embryoadoption &auml;r en v&auml;ldigt framg&aring;ngsrik procedur och kommer snart att&nbsp;resultera i en frisk f&ouml;dsel av din egen baby. Inom v&aring;rt paket med 3 cykler f&ouml;r embryoadoption&nbsp;erbjuder vi tre embryoadoptionsf&ouml;rs&ouml;k till&nbsp;priset av tv&aring;. 90 procent av mottagarna lyckas f&aring; barn inom tre<\/p>\n","protected":false},"author":1,"featured_media":0,"parent":0,"menu_order":60,"comment_status":"closed","ping_status":"open","template":"","meta":{"footnotes":""},"tags":[],"acf":[],"yoast_head":"<!-- This site is optimized with the Yoast SEO plugin v18.6 - https:\/\/yoast.com\/wordpress\/plugins\/seo\/ -->\n<title>Embryodonation (eller embryoadoption) \u2013 framg\u00e5ngsrik och kostnadseffektiv<\/title>\n<meta name=\"description\" content=\"Embryoadoption (eller embryodonation) \u00e4r en process d\u00e4r donerade embryon anv\u00e4nds f\u00f6r att skapa din graviditet. Embryoadoption \u00e4r en v\u00e4ldigt framg\u00e5ngsrik procedur och kommer snart att resultera i en frisk f\u00f6dsel av din egen baby. Inom v\u00e5rt paket med 3 cykler f\u00f6r embryoadoption erbjuder vi tre embryoadoptionsf\u00f6rs\u00f6k till priset av tv\u00e5. 90 procent av mottagarna lyckas f\u00e5 barn inom tre f\u00f6rs\u00f6k\" \/>\n<meta name=\"robots\" content=\"index, follow, max-snippet:-1, max-image-preview:large, max-video-preview:-1\" \/>\n<link rel=\"canonical\" href=\"https:\/\/olgafertilityclinic.com\/se\/embryo_donation\/\" \/>\n<meta property=\"og:locale\" content=\"sv_SE\" \/>\n<meta property=\"og:type\" content=\"article\" \/>\n<meta property=\"og:title\" content=\"Embryodonation (eller embryoadoption) \u2013 framg\u00e5ngsrik och kostnadseffektiv\" \/>\n<meta property=\"og:description\" content=\"Embryoadoption (eller embryodonation) \u00e4r en process d\u00e4r donerade embryon anv\u00e4nds f\u00f6r att skapa din graviditet. Embryoadoption \u00e4r en v\u00e4ldigt framg\u00e5ngsrik procedur och kommer snart att resultera i en frisk f\u00f6dsel av din egen baby. Inom v\u00e5rt paket med 3 cykler f\u00f6r embryoadoption erbjuder vi tre embryoadoptionsf\u00f6rs\u00f6k till priset av tv\u00e5. 90 procent av mottagarna lyckas f\u00e5 barn inom tre f\u00f6rs\u00f6k\" \/>\n<meta property=\"og:url\" content=\"https:\/\/olgafertilityclinic.com\/se\/embryo_donation\/\" \/>\n<meta property=\"og:site_name\" content=\"O.L.G.A. Fertility\" \/>\n<meta name=\"twitter:card\" content=\"summary_large_image\" \/>\n<meta name=\"twitter:label1\" content=\"Ber\u00e4knad l\u00e4stid\" \/>\n\t<meta name=\"twitter:data1\" content=\"7 minuter\" \/>\n<script type=\"application\/ld+json\" class=\"yoast-schema-graph\">{\"@context\":\"https:\/\/schema.org\",\"@graph\":[{\"@type\":\"WebSite\",\"@id\":\"https:\/\/olgafertilityclinic.com\/se\/#website\",\"url\":\"https:\/\/olgafertilityclinic.com\/se\/\",\"name\":\"O.L.G.A. Fertility\",\"description\":\"Cyprus  and St. Petersburg\",\"potentialAction\":[{\"@type\":\"SearchAction\",\"target\":{\"@type\":\"EntryPoint\",\"urlTemplate\":\"https:\/\/olgafertilityclinic.com\/se\/?s={search_term_string}\"},\"query-input\":\"required name=search_term_string\"}],\"inLanguage\":\"sv-SE\"},{\"@type\":\"WebPage\",\"@id\":\"https:\/\/olgafertilityclinic.com\/se\/embryo_donation\/#webpage\",\"url\":\"https:\/\/olgafertilityclinic.com\/se\/embryo_donation\/\",\"name\":\"Embryodonation (eller embryoadoption) \u2013 framg\u00e5ngsrik och kostnadseffektiv\",\"isPartOf\":{\"@id\":\"https:\/\/olgafertilityclinic.com\/se\/#website\"},\"datePublished\":\"2020-06-15T12:00:00+00:00\",\"dateModified\":\"2020-06-15T12:00:00+00:00\",\"description\":\"Embryoadoption (eller embryodonation) \u00e4r en process d\u00e4r donerade embryon anv\u00e4nds f\u00f6r att skapa din graviditet. Embryoadoption \u00e4r en v\u00e4ldigt framg\u00e5ngsrik procedur och kommer snart att resultera i en frisk f\u00f6dsel av din egen baby. Inom v\u00e5rt paket med 3 cykler f\u00f6r embryoadoption erbjuder vi tre embryoadoptionsf\u00f6rs\u00f6k till priset av tv\u00e5. 90 procent av mottagarna lyckas f\u00e5 barn inom tre f\u00f6rs\u00f6k\",\"breadcrumb\":{\"@id\":\"https:\/\/olgafertilityclinic.com\/se\/embryo_donation\/#breadcrumb\"},\"inLanguage\":\"sv-SE\",\"potentialAction\":[{\"@type\":\"ReadAction\",\"target\":[\"https:\/\/olgafertilityclinic.com\/se\/embryo_donation\/\"]}]},{\"@type\":\"BreadcrumbList\",\"@id\":\"https:\/\/olgafertilityclinic.com\/se\/embryo_donation\/#breadcrumb\",\"itemListElement\":[{\"@type\":\"ListItem\",\"position\":1,\"name\":\"Home\",\"item\":\"https:\/\/olgafertilityclinic.com\/se\/\"},{\"@type\":\"ListItem\",\"position\":2,\"name\":\"Embryodonation \u2013 framg\u00e5ngsrik och kostnadseffektiv\"}]}]}<\/script>\n<!-- \/ Yoast SEO plugin. -->","yoast_head_json":{"title":"Embryodonation (eller embryoadoption) \u2013 framg\u00e5ngsrik och kostnadseffektiv","description":"Embryoadoption (eller embryodonation) \u00e4r en process d\u00e4r donerade embryon anv\u00e4nds f\u00f6r att skapa din graviditet. Embryoadoption \u00e4r en v\u00e4ldigt framg\u00e5ngsrik procedur och kommer snart att resultera i en frisk f\u00f6dsel av din egen baby. Inom v\u00e5rt paket med 3 cykler f\u00f6r embryoadoption erbjuder vi tre embryoadoptionsf\u00f6rs\u00f6k till priset av tv\u00e5. 90 procent av mottagarna lyckas f\u00e5 barn inom tre f\u00f6rs\u00f6k","robots":{"index":"index","follow":"follow","max-snippet":"max-snippet:-1","max-image-preview":"max-image-preview:large","max-video-preview":"max-video-preview:-1"},"canonical":"https:\/\/olgafertilityclinic.com\/se\/embryo_donation\/","og_locale":"sv_SE","og_type":"article","og_title":"Embryodonation (eller embryoadoption) \u2013 framg\u00e5ngsrik och kostnadseffektiv","og_description":"Embryoadoption (eller embryodonation) \u00e4r en process d\u00e4r donerade embryon anv\u00e4nds f\u00f6r att skapa din graviditet. Embryoadoption \u00e4r en v\u00e4ldigt framg\u00e5ngsrik procedur och kommer snart att resultera i en frisk f\u00f6dsel av din egen baby. Inom v\u00e5rt paket med 3 cykler f\u00f6r embryoadoption erbjuder vi tre embryoadoptionsf\u00f6rs\u00f6k till priset av tv\u00e5. 90 procent av mottagarna lyckas f\u00e5 barn inom tre f\u00f6rs\u00f6k","og_url":"https:\/\/olgafertilityclinic.com\/se\/embryo_donation\/","og_site_name":"O.L.G.A. Fertility","twitter_card":"summary_large_image","twitter_misc":{"Ber\u00e4knad l\u00e4stid":"7 minuter"},"schema":{"@context":"https:\/\/schema.org","@graph":[{"@type":"WebSite","@id":"https:\/\/olgafertilityclinic.com\/se\/#website","url":"https:\/\/olgafertilityclinic.com\/se\/","name":"O.L.G.A. Fertility","description":"Cyprus  and St. Petersburg","potentialAction":[{"@type":"SearchAction","target":{"@type":"EntryPoint","urlTemplate":"https:\/\/olgafertilityclinic.com\/se\/?s={search_term_string}"},"query-input":"required name=search_term_string"}],"inLanguage":"sv-SE"},{"@type":"WebPage","@id":"https:\/\/olgafertilityclinic.com\/se\/embryo_donation\/#webpage","url":"https:\/\/olgafertilityclinic.com\/se\/embryo_donation\/","name":"Embryodonation (eller embryoadoption) \u2013 framg\u00e5ngsrik och kostnadseffektiv","isPartOf":{"@id":"https:\/\/olgafertilityclinic.com\/se\/#website"},"datePublished":"2020-06-15T12:00:00+00:00","dateModified":"2020-06-15T12:00:00+00:00","description":"Embryoadoption (eller embryodonation) \u00e4r en process d\u00e4r donerade embryon anv\u00e4nds f\u00f6r att skapa din graviditet. Embryoadoption \u00e4r en v\u00e4ldigt framg\u00e5ngsrik procedur och kommer snart att resultera i en frisk f\u00f6dsel av din egen baby. Inom v\u00e5rt paket med 3 cykler f\u00f6r embryoadoption erbjuder vi tre embryoadoptionsf\u00f6rs\u00f6k till priset av tv\u00e5. 90 procent av mottagarna lyckas f\u00e5 barn inom tre f\u00f6rs\u00f6k","breadcrumb":{"@id":"https:\/\/olgafertilityclinic.com\/se\/embryo_donation\/#breadcrumb"},"inLanguage":"sv-SE","potentialAction":[{"@type":"ReadAction","target":["https:\/\/olgafertilityclinic.com\/se\/embryo_donation\/"]}]},{"@type":"BreadcrumbList","@id":"https:\/\/olgafertilityclinic.com\/se\/embryo_donation\/#breadcrumb","itemListElement":[{"@type":"ListItem","position":1,"name":"Home","item":"https:\/\/olgafertilityclinic.com\/se\/"},{"@type":"ListItem","position":2,"name":"Embryodonation \u2013 framg\u00e5ngsrik och kostnadseffektiv"}]}]}},"_links":{"self":[{"href":"https:\/\/olgafertilityclinic.com\/se\/wp-json\/wp\/v2\/pages\/6235"}],"collection":[{"href":"https:\/\/olgafertilityclinic.com\/se\/wp-json\/wp\/v2\/pages"}],"about":[{"href":"https:\/\/olgafertilityclinic.com\/se\/wp-json\/wp\/v2\/types\/page"}],"author":[{"embeddable":true,"href":"https:\/\/olgafertilityclinic.com\/se\/wp-json\/wp\/v2\/users\/1"}],"replies":[{"embeddable":true,"href":"https:\/\/olgafertilityclinic.com\/se\/wp-json\/wp\/v2\/comments?post=6235"}],"version-history":[{"count":0,"href":"https:\/\/olgafertilityclinic.com\/se\/wp-json\/wp\/v2\/pages\/6235\/revisions"}],"wp:attachment":[{"href":"https:\/\/olgafertilityclinic.com\/se\/wp-json\/wp\/v2\/media?parent=6235"}],"wp:term":[{"taxonomy":"post_tag","embeddable":true,"href":"https:\/\/olgafertilityclinic.com\/se\/wp-json\/wp\/v2\/tags?post=6235"}],"curies":[{"name":"wp","href":"https:\/\/api.w.org\/{rel}","templated":true}]}}