{"id":6287,"date":"2020-06-15T12:00:00","date_gmt":"2020-06-15T12:00:00","guid":{"rendered":"https:\/\/olgafertilityclinic.com\/bring_relative_friend\/"},"modified":"2020-06-15T12:00:00","modified_gmt":"2020-06-15T12:00:00","slug":"bring_relative_friend","status":"publish","type":"page","link":"https:\/\/olgafertilityclinic.com\/se\/egg\/att_valja_din_aggdonator\/bring_relative_friend\/","title":{"rendered":"Du tar med en sl\u00e4kting eller en v\u00e4n"},"content":{"rendered":"<h2><span style=\"color: rgb(119, 116, 160); font-size: 23px; line-height: 26px;\">Hitta din egen &auml;ggdonator<\/span><\/h2>\n<h5>&Auml;ggdonation &auml;r en process som kr&auml;ver mycket engagemang fr&aring;n donatorn.&nbsp;Hon m&aring;ste vara beredd att&nbsp;genomg&aring; en hel IVF-behandlingscykel fram till&nbsp;och med &auml;ggplockningen.&nbsp;Hon m&aring;ste kunna acceptera tanken p&aring; att, om behandlingen lyckas, kommer den att&nbsp;leda till&nbsp;att ett barn med hennes gener f&ouml;ds.&nbsp;Hon m&aring;ste ocks&aring; vara beredd p&aring; att&nbsp;behandlingen inte fungerar.&nbsp;Att hitta en s&aring;dan speciell person &auml;r inte l&auml;tt.<\/h5>\n<p>Ibland erbjuder sig systrar eller v&auml;nner att&nbsp;donera &auml;gg, fast inte alla har m&ouml;jlighet att&nbsp;ge den tid och anstr&auml;ngning som en &auml;ggdonation inneb&auml;r.&nbsp;Men &auml;ven om m&ouml;jlighet finns kanske du inte vill acceptera erbjudandet, till&nbsp;exempel om personen inte liknar dig.&nbsp;Det &auml;r en v&auml;ldigt personlig fr&aring;ga, men &auml;nd&aring; kan den tillt&auml;nkta givaren bli f&ouml;rol&auml;mpad om du tackar nej.&nbsp;Det kan ocks&aring; finnas medicinska sk&auml;l till&nbsp;varf&ouml;r en person inte b&ouml;r bli &auml;ggdonator.<br \/> Till&nbsp;exempel &auml;r det m&aring;nga kliniker som inte accepterar &auml;ggdonatorer som &auml;r &ouml;verviktiga, eller som &auml;r f&ouml;r gamla f&ouml;r att&nbsp;behandlingen ska ha en god chans att&nbsp;lyckas.&nbsp;Vidare kan den potentiella &auml;ggdonatorn k&auml;nna press att&nbsp;donera. Vi har upplevt m&aring;nga fall d&auml;r ett erbjudande om att&nbsp;donera &auml;gg senare dras in&nbsp;n&auml;r givaren blir mer medveten om vad som f&ouml;rv&auml;ntas av henne, eller om hon kommer p&aring; andra tankar.&nbsp;F&ouml;r den infertila kvinnan eller paret som &auml;r beroende av denna &auml;ggdonator kan en s&aring;dan v&auml;gran bli f&ouml;r&ouml;dande.<\/p>\n<p>Om du lyckas hitta en &auml;ggdonator sj&auml;lv, t&auml;nk d&aring; p&aring; att&nbsp;hon ska vara under 35 &aring;r och ha minst ett eget barn.<\/p>\n<h3>Brist p&aring; &auml;ggdonatorer<\/h3>\n<p>\nTyv&auml;rr kan det ocks&aring; vara sv&aring;rt att&nbsp;hitta en &auml;ggdonator via en klinik eller ett sjukhus.&nbsp;M&aring;nga europeiska l&auml;nder har numera lagstiftning som f&ouml;rbjuder anonym&nbsp;<a href=\"\/se\/egg\/\">&auml;ggdonation<\/a>.&nbsp;Sedan lagarna b&ouml;rjade g&auml;lla har antalet kvinnor som erbjuder att&nbsp;donera sina &auml;gg, f&ouml;r att&nbsp;hj&auml;lpa infertila par, dramatiskt minskat.<\/p>\n<p>I Italien, Tyskland, &Ouml;sterrike, Schweiz och Norge &auml;r &auml;ggdonation f&ouml;rbjudet.&nbsp;I Nederl&auml;nderna &auml;r det m&aring;nga sjukhus som inte accepterar &auml;ggdonatorer under 30 &aring;r, eller donatorer som inte har avslutat sitt eget familjebildande, samtidigt som mottagaren inte f&aring;r vara &auml;ldre &auml;n 45 (och ofta nekas behandling tidigare).&nbsp;&Auml;ven i l&auml;nder med mer liberal lagstiftning, som Storbritannien, inneb&auml;r fr&aring;nvaron av anonymitet att&nbsp;v&auml;ntelistorna f&ouml;r &auml;ggdonation kan str&auml;cka sig &ouml;ver flera &aring;r.&nbsp;M&ouml;jligheten att&nbsp;finna en &auml;ggdonator &ouml;verhuvudtaget, &auml;n mindre en som passar dina behov, &auml;r ofta mycket liten.<\/p>\n<p>F&ouml;r att&nbsp;&aring;tg&auml;rda bristen p&aring; <strong>&auml;ggdonatorer skapade O.L.G.A. Fertility Clinic sin &auml;ggdonatorbank 1999 och inf&ouml;rde en <a href=\"\/se\/egg\/choosing_an_egg_donor\/Egg-Donor-Data-Base\/\">detaljerad &auml;ggdonatordatabas fr&aring;n IDEAS <\/a>2013<\/strong>.&nbsp;<a href=\"\/se\/egg\/choosing_an_egg_donor\/choose_donor_yourself\/\">L&auml;s mer &gt;&gt;&gt;&nbsp;<\/a><\/p>\n<h3>Intresserad av &auml;ggdonation hos O.L.G.A. Fertility Clinic?<\/h3>\n<p>V&auml;nligen fyll f&ouml;rst i v&aring;rt <a href=\"\/se\/egg\/questionnaire\/\">fr&aring;geformul&auml;r<\/a>.&nbsp;Detta formul&auml;r kommer n&aring;gon av v&aring;ra erfarna patientkoordinatorer att&nbsp;g&aring; igenom, och sedan svara dig via den kontaktv&auml;g som du &ouml;nskat.<\/p>\n<p>Om du har fr&aring;gor kan du ringa till&nbsp;en engelskspr&aring;kig patientkoordinator p&aring;: 007 812 600 7812 mellan klockan 7:00 och 14:00 centraleuropeisk tid.&nbsp;Du kan ocks&aring; n&aring; oss via e-post: &nbsp;<a href=\"mailto:info@olgafertilityclinic.com\">info@olgafertilityclinic.com<\/a><\/p>\n<p>Vi ser fram emot att&nbsp;h&ouml;ra ifr&aring;n dig!<\/p>\n<p>M&aring;nga v&auml;nliga h&auml;lsningar,<br \/>\nO.L.G.A. Fertility Clinic teamet<\/p>\n","protected":false},"excerpt":{"rendered":"<p>Hitta din egen &auml;ggdonator &Auml;ggdonation &auml;r en process som kr&auml;ver mycket engagemang fr&aring;n donatorn.&nbsp;Hon m&aring;ste vara beredd att&nbsp;genomg&aring; en hel IVF-behandlingscykel fram till&nbsp;och med &auml;ggplockningen.&nbsp;Hon m&aring;ste kunna acceptera tanken p&aring; att, om behandlingen lyckas, kommer den att&nbsp;leda till&nbsp;att ett barn med hennes gener f&ouml;ds.&nbsp;Hon m&aring;ste ocks&aring; vara beredd p&aring; att&nbsp;behandlingen inte fungerar.&nbsp;Att hitta en s&aring;dan<\/p>\n","protected":false},"author":1,"featured_media":0,"parent":6135,"menu_order":0,"comment_status":"closed","ping_status":"open","template":"","meta":{"footnotes":""},"tags":[],"acf":[],"yoast_head":"<!-- This site is optimized with the Yoast SEO plugin v18.6 - https:\/\/yoast.com\/wordpress\/plugins\/seo\/ -->\n<title>Du tar med en sl\u00e4kting eller en v\u00e4n - O.L.G.A. Fertility<\/title>\n<meta name=\"robots\" content=\"index, follow, max-snippet:-1, max-image-preview:large, max-video-preview:-1\" \/>\n<link rel=\"canonical\" href=\"https:\/\/olgafertilityclinic.com\/se\/egg\/att_valja_din_aggdonator\/bring_relative_friend\/\" \/>\n<meta property=\"og:locale\" content=\"sv_SE\" \/>\n<meta property=\"og:type\" content=\"article\" \/>\n<meta property=\"og:title\" content=\"Du tar med en sl\u00e4kting eller en v\u00e4n - O.L.G.A. Fertility\" \/>\n<meta property=\"og:description\" content=\"Hitta din egen &auml;ggdonator &Auml;ggdonation &auml;r en process som kr&auml;ver mycket engagemang fr&aring;n donatorn.&nbsp;Hon m&aring;ste vara beredd att&nbsp;genomg&aring; en hel IVF-behandlingscykel fram till&nbsp;och med &auml;ggplockningen.&nbsp;Hon m&aring;ste kunna acceptera tanken p&aring; att, om behandlingen lyckas, kommer den att&nbsp;leda till&nbsp;att ett barn med hennes gener f&ouml;ds.&nbsp;Hon m&aring;ste ocks&aring; vara beredd p&aring; att&nbsp;behandlingen inte fungerar.&nbsp;Att hitta en s&aring;dan\" \/>\n<meta property=\"og:url\" content=\"https:\/\/olgafertilityclinic.com\/se\/egg\/att_valja_din_aggdonator\/bring_relative_friend\/\" \/>\n<meta property=\"og:site_name\" content=\"O.L.G.A. Fertility\" \/>\n<meta name=\"twitter:card\" content=\"summary_large_image\" \/>\n<meta name=\"twitter:label1\" content=\"Ber\u00e4knad l\u00e4stid\" \/>\n\t<meta name=\"twitter:data1\" content=\"4 minuter\" \/>\n<script type=\"application\/ld+json\" class=\"yoast-schema-graph\">{\"@context\":\"https:\/\/schema.org\",\"@graph\":[{\"@type\":\"WebSite\",\"@id\":\"https:\/\/olgafertilityclinic.com\/se\/#website\",\"url\":\"https:\/\/olgafertilityclinic.com\/se\/\",\"name\":\"O.L.G.A. Fertility\",\"description\":\"Cyprus  and St. Petersburg\",\"potentialAction\":[{\"@type\":\"SearchAction\",\"target\":{\"@type\":\"EntryPoint\",\"urlTemplate\":\"https:\/\/olgafertilityclinic.com\/se\/?s={search_term_string}\"},\"query-input\":\"required name=search_term_string\"}],\"inLanguage\":\"sv-SE\"},{\"@type\":\"WebPage\",\"@id\":\"https:\/\/olgafertilityclinic.com\/se\/egg\/att_valja_din_aggdonator\/bring_relative_friend\/#webpage\",\"url\":\"https:\/\/olgafertilityclinic.com\/se\/egg\/att_valja_din_aggdonator\/bring_relative_friend\/\",\"name\":\"Du tar med en sl\u00e4kting eller en v\u00e4n - O.L.G.A. Fertility\",\"isPartOf\":{\"@id\":\"https:\/\/olgafertilityclinic.com\/se\/#website\"},\"datePublished\":\"2020-06-15T12:00:00+00:00\",\"dateModified\":\"2020-06-15T12:00:00+00:00\",\"breadcrumb\":{\"@id\":\"https:\/\/olgafertilityclinic.com\/se\/egg\/att_valja_din_aggdonator\/bring_relative_friend\/#breadcrumb\"},\"inLanguage\":\"sv-SE\",\"potentialAction\":[{\"@type\":\"ReadAction\",\"target\":[\"https:\/\/olgafertilityclinic.com\/se\/egg\/att_valja_din_aggdonator\/bring_relative_friend\/\"]}]},{\"@type\":\"BreadcrumbList\",\"@id\":\"https:\/\/olgafertilityclinic.com\/se\/egg\/att_valja_din_aggdonator\/bring_relative_friend\/#breadcrumb\",\"itemListElement\":[{\"@type\":\"ListItem\",\"position\":1,\"name\":\"Home\",\"item\":\"https:\/\/olgafertilityclinic.com\/se\/\"},{\"@type\":\"ListItem\",\"position\":2,\"name\":\"\u00c4ggdonation\",\"item\":\"https:\/\/olgafertilityclinic.com\/se\/egg\/\"},{\"@type\":\"ListItem\",\"position\":3,\"name\":\"Hur man v\u00e4ljer r\u00e4tt \u00e4ggdonator\",\"item\":\"https:\/\/olgafertilityclinic.com\/se\/egg\/att_valja_din_aggdonator\/\"},{\"@type\":\"ListItem\",\"position\":4,\"name\":\"Du tar med en sl\u00e4kting eller en v\u00e4n\"}]}]}<\/script>\n<!-- \/ Yoast SEO plugin. -->","yoast_head_json":{"title":"Du tar med en sl\u00e4kting eller en v\u00e4n - O.L.G.A. Fertility","robots":{"index":"index","follow":"follow","max-snippet":"max-snippet:-1","max-image-preview":"max-image-preview:large","max-video-preview":"max-video-preview:-1"},"canonical":"https:\/\/olgafertilityclinic.com\/se\/egg\/att_valja_din_aggdonator\/bring_relative_friend\/","og_locale":"sv_SE","og_type":"article","og_title":"Du tar med en sl\u00e4kting eller en v\u00e4n - O.L.G.A. Fertility","og_description":"Hitta din egen &auml;ggdonator &Auml;ggdonation &auml;r en process som kr&auml;ver mycket engagemang fr&aring;n donatorn.&nbsp;Hon m&aring;ste vara beredd att&nbsp;genomg&aring; en hel IVF-behandlingscykel fram till&nbsp;och med &auml;ggplockningen.&nbsp;Hon m&aring;ste kunna acceptera tanken p&aring; att, om behandlingen lyckas, kommer den att&nbsp;leda till&nbsp;att ett barn med hennes gener f&ouml;ds.&nbsp;Hon m&aring;ste ocks&aring; vara beredd p&aring; att&nbsp;behandlingen inte fungerar.&nbsp;Att hitta en s&aring;dan","og_url":"https:\/\/olgafertilityclinic.com\/se\/egg\/att_valja_din_aggdonator\/bring_relative_friend\/","og_site_name":"O.L.G.A. Fertility","twitter_card":"summary_large_image","twitter_misc":{"Ber\u00e4knad l\u00e4stid":"4 minuter"},"schema":{"@context":"https:\/\/schema.org","@graph":[{"@type":"WebSite","@id":"https:\/\/olgafertilityclinic.com\/se\/#website","url":"https:\/\/olgafertilityclinic.com\/se\/","name":"O.L.G.A. Fertility","description":"Cyprus  and St. Petersburg","potentialAction":[{"@type":"SearchAction","target":{"@type":"EntryPoint","urlTemplate":"https:\/\/olgafertilityclinic.com\/se\/?s={search_term_string}"},"query-input":"required name=search_term_string"}],"inLanguage":"sv-SE"},{"@type":"WebPage","@id":"https:\/\/olgafertilityclinic.com\/se\/egg\/att_valja_din_aggdonator\/bring_relative_friend\/#webpage","url":"https:\/\/olgafertilityclinic.com\/se\/egg\/att_valja_din_aggdonator\/bring_relative_friend\/","name":"Du tar med en sl\u00e4kting eller en v\u00e4n - O.L.G.A. Fertility","isPartOf":{"@id":"https:\/\/olgafertilityclinic.com\/se\/#website"},"datePublished":"2020-06-15T12:00:00+00:00","dateModified":"2020-06-15T12:00:00+00:00","breadcrumb":{"@id":"https:\/\/olgafertilityclinic.com\/se\/egg\/att_valja_din_aggdonator\/bring_relative_friend\/#breadcrumb"},"inLanguage":"sv-SE","potentialAction":[{"@type":"ReadAction","target":["https:\/\/olgafertilityclinic.com\/se\/egg\/att_valja_din_aggdonator\/bring_relative_friend\/"]}]},{"@type":"BreadcrumbList","@id":"https:\/\/olgafertilityclinic.com\/se\/egg\/att_valja_din_aggdonator\/bring_relative_friend\/#breadcrumb","itemListElement":[{"@type":"ListItem","position":1,"name":"Home","item":"https:\/\/olgafertilityclinic.com\/se\/"},{"@type":"ListItem","position":2,"name":"\u00c4ggdonation","item":"https:\/\/olgafertilityclinic.com\/se\/egg\/"},{"@type":"ListItem","position":3,"name":"Hur man v\u00e4ljer r\u00e4tt \u00e4ggdonator","item":"https:\/\/olgafertilityclinic.com\/se\/egg\/att_valja_din_aggdonator\/"},{"@type":"ListItem","position":4,"name":"Du tar med en sl\u00e4kting eller en v\u00e4n"}]}]}},"_links":{"self":[{"href":"https:\/\/olgafertilityclinic.com\/se\/wp-json\/wp\/v2\/pages\/6287"}],"collection":[{"href":"https:\/\/olgafertilityclinic.com\/se\/wp-json\/wp\/v2\/pages"}],"about":[{"href":"https:\/\/olgafertilityclinic.com\/se\/wp-json\/wp\/v2\/types\/page"}],"author":[{"embeddable":true,"href":"https:\/\/olgafertilityclinic.com\/se\/wp-json\/wp\/v2\/users\/1"}],"replies":[{"embeddable":true,"href":"https:\/\/olgafertilityclinic.com\/se\/wp-json\/wp\/v2\/comments?post=6287"}],"version-history":[{"count":0,"href":"https:\/\/olgafertilityclinic.com\/se\/wp-json\/wp\/v2\/pages\/6287\/revisions"}],"up":[{"embeddable":true,"href":"https:\/\/olgafertilityclinic.com\/se\/wp-json\/wp\/v2\/pages\/6135"}],"wp:attachment":[{"href":"https:\/\/olgafertilityclinic.com\/se\/wp-json\/wp\/v2\/media?parent=6287"}],"wp:term":[{"taxonomy":"post_tag","embeddable":true,"href":"https:\/\/olgafertilityclinic.com\/se\/wp-json\/wp\/v2\/tags?post=6287"}],"curies":[{"name":"wp","href":"https:\/\/api.w.org\/{rel}","templated":true}]}}