{"id":6291,"date":"2020-06-15T12:00:00","date_gmt":"2020-06-15T12:00:00","guid":{"rendered":"https:\/\/olgafertilityclinic.com\/we_match_donor\/"},"modified":"2020-06-15T12:00:00","modified_gmt":"2020-06-15T12:00:00","slug":"we_match_donor","status":"publish","type":"page","link":"https:\/\/olgafertilityclinic.com\/se\/egg\/att_valja_din_aggdonator\/we_match_donor\/","title":{"rendered":"Vi matchar dig med en donator"},"content":{"rendered":"<h2><span style=\"font-size: 29px; line-height: 31px;\">Matchning med en donator<\/span><\/h2>\n<h5>Hos O.L.G.A. Fertility Clinic matchar vi dig med en donator som uppfyller dina individuella krav. V&aring;r matchningsprocess &auml;r mycket personlig och vi g&aring;r inte vidare i processen f&ouml;rr&auml;n du &auml;r n&ouml;jd med v&aring;rt f&ouml;rslag p&aring; donator. Det &auml;r upp till&nbsp;dig att&nbsp;ber&auml;tta f&ouml;r oss vilka egenskaper som &auml;r viktigast f&ouml;r dig i valet av donator. Vi respekterar dina &ouml;nskem&aring;l. &Auml;ggdonatorer som &auml;r tillg&auml;ngliga i v&aring;rt matchningsprogram har f&ouml;rsett kliniken med detaljerad medicinsk och social information om sig sj&auml;lva, inklusive foton. F&ouml;r en potentiell mottagare av &auml;ggen finns upplysningar om donatorns &aring;lder, blodgrupp, l&auml;ngd, vikt, h&aring;r\/&ouml;gon\/hudf&auml;rg, utbildning och arbete.<\/h5>\n<h5><span style=\"color: rgb(119, 116, 160); font-family: Roboto, Arial, sans-serif; font-size: 23px; font-weight: 300; line-height: 26px;\">S&aring; fungerar processen hos O.L.G.A. Fertility Clinic<\/span><\/h5>\n<p>Alla v&aring;ra &auml;ggdonatorer har genomg&aring;tt noggranna tester av medicinsk och psykologisk h&auml;lsa under v&aring;r rekryterings- och unders&ouml;kningsprocess. Du kan vara trygg med att&nbsp;alla donatorer som vi v&auml;ljer ut klarar de noggranna kraven.<\/p>\n<p>Vi tror det &auml;r bra att&nbsp;matchningen sker p&aring; ett v&auml;ldigt individuellt s&auml;tt mellan dig och donatorn. Det betyder att&nbsp;vi tr&auml;ffar dig personligen vid en inledande konsultation, f&ouml;r att&nbsp;g&ouml;ra en bra bed&ouml;mning av dig innan vi v&auml;ljer donator (g&auml;ller ej om du deltar i v&aring;rt &rdquo;<a href=\"\/se\/egg\/egg_donation_at_avapeter\/shared_care\/\">Shared Care<\/a>&rdquo;-program). Vi f&ouml;rs&ouml;ker alltid ta reda p&aring; vilka egenskaper som &auml;r viktigast f&ouml;r dig. F&ouml;r de flesta infertila kvinnor ing&aring;r i det att&nbsp;hitta en donator som liknar dem s&aring; mycket som m&ouml;jligt. D&auml;rf&ouml;r tillhandah&aring;ller vi omfattande, icke-identifierbar information om &auml;ggdonatorerna (information som inte inneh&aring;ller n&aring;gon personlig data). Vi tr&auml;ffar alltid v&aring;ra donatorer personligen f&ouml;r att&nbsp;st&auml;mma av att&nbsp;matchningen &auml;r korrekt. &nbsp;<\/p>\n<p>F&ouml;r att&nbsp;m&ouml;ta kraven p&aring; anonymitet f&ouml;r donatorer enligt rysk lag bifogar O.L.G.A. Fertility Clinic inte n&aring;gra fotografier p&aring; donatorerna. (Enda undantaget &auml;r v&aring;rt program &rdquo;<a href=\"\/se\/egg\/choosing_an_egg_donor\/choose_donor_yourself\/\">Chosen donor<\/a>&rdquo; d&auml;r du kan f&aring; se bilder p&aring; donatorn som barn.) Dock j&auml;mf&ouml;r vi fotografier av donatorer och mottagare f&ouml;r att&nbsp;matcha dem s&aring; bra som m&ouml;jligt. Detta &auml;r f&ouml;rst&aring;s extra viktigt om du inte kommer till&nbsp;oss f&ouml;r en inledande konsultation.<\/p>\n<p>N&auml;r vi v&auml;ljer en anonym &auml;ggdonator &ouml;verv&auml;ger vi likheter i utseende (ras, l&auml;ngd, vikt, &ouml;gon-, h&aring;r- och hudf&auml;rg) och f&ouml;rs&ouml;ker hitta den mest tilltalande donator som passar din profil. Vi kan ocks&aring; g&ouml;ra matchningar av blodgrupp och Rhesus-faktor. Eftersom en donators intellektuella kapacitet ofta &auml;r en viktig aspekt noterar vi &auml;ven hennes utbildningsniv&aring; och detaljer om hennes syssels&auml;ttning. Ut&ouml;ver detta kan vi s&ouml;ka efter en donator som har speciella egenskaper (som exempelvis en judisk donator) om ett par har s&aring;dana s&auml;rskilda &ouml;nskem&aring;l. M&aring;nga av v&aring;ra donatorer har nordeuropeiskt utseende med bl&aring;\/gr&ouml;na\/gr&aring; &ouml;gon och blont eller brunt h&aring;r. Det &auml;r d&auml;rf&ouml;r n&auml;stan alltid m&ouml;jligt att&nbsp;matcha dig med en brunh&aring;rig eller blond donator som har samma &ouml;gonf&auml;rg som du.<\/p>\n<p>S&aring; snart du har ber&auml;ttat f&ouml;r oss om dina &ouml;nskem&aring;l s&ouml;ker vi igenom O.L.G.A. Fertility Clinics databas efter den mest passande donatorn. Vi tr&auml;ffar alltid v&aring;ra donatorer personligen f&ouml;r att&nbsp;garantera b&auml;sta m&ouml;jliga matchning. Vi ger dig uppgifter om den f&ouml;reslagna donatorns &aring;lder, l&auml;ngd, vikt, h&aring;rf&auml;rg, &ouml;gonf&auml;rg, utbildning, syssels&auml;ttning och &aring;lder p&aring; hennes barn, och ber dig sedan om ett besked. Om du inte &auml;r n&ouml;jd med den donator vi har f&ouml;reslagit &auml;r du f&ouml;rst&aring;s v&auml;lkommen att&nbsp;be om en ny matchning. Vi f&ouml;rst&aring;r &auml;ggdonationsbehandlingens extremt k&auml;nsliga natur och g&aring;r bara vidare i processen om du &auml;r n&ouml;jd med v&aring;rt f&ouml;rslag.<\/p>\n<p>Om du vill att&nbsp;din <a href=\"\/se\/specialists\/international-egg-donation-team\/\">O.L.G.A. Fertility Clinic doktor<\/a> ska matcha dig med en &auml;ggdonator utifr&aring;n dina prioriteringar, var v&auml;nlig fyll i detta <a href=\"\/se\/egg\/questionnaire\/\">formul&auml;r<\/a>.<br \/>\n&#8211; Om du vill bes&ouml;ka oss f&ouml;r en inledande konsultation kommer du att&nbsp;f&aring; ditt individuella f&ouml;rslag p&aring; &auml;ggdonator och din medicinska behandlingsplan antingen direkt vid bes&ouml;ket eller inom tv&aring; veckor efter bes&ouml;ket.<br \/>\n&#8211; Om du f&ouml;redrar att&nbsp;endast bes&ouml;ka oss en g&aring;ng (utan <a href=\"\/se\/egg\/egg_donation_at_avapeter\/initial_consultation\/\">inledande konsultation<\/a>) inom v&aring;rt program &rdquo;<a href=\"\/se\/egg\/egg_donation_at_avapeter\/shared_care\/\">Shared Care<\/a>&rdquo;, var v&auml;nlig f&ouml;rse oss med detta:<\/p>\n<ul>\n<li>kontaktuppgifter till&nbsp;din lokala l&auml;kare * (namn, e-post, telefonnummer)<\/li>\n<li>dina fotografier (av ditt ansikte framifr&aring;n och i profil, b&aring;de nytaget och fr&aring;n n&auml;r du var i 20-&aring;rs&aring;ldern)<\/li>\n<li>&ouml;nskad tidsram f&ouml;r ditt bes&ouml;k vid v&aring;r klinik f&ouml;r embryo&ouml;verf&ouml;ringen<\/li>\n<\/ul>\n<p>Inom tv&aring; veckor fr&aring;n det att&nbsp;du har skickat informationen till&nbsp;oss kommer du att&nbsp;f&aring; ditt individuella f&ouml;rslag p&aring; &auml;ggdonator och din behandlingsplan fr&aring;n din <a href=\"\/se\/specialists\/international-egg-donation-team\/\">O.L.G.A. Fertility Clinic doktor<\/a>.<\/p>\n<hr \/>\n<p>\n* Om du inte har n&aring;gon lokal l&auml;kare som &auml;r villig att&nbsp;hj&auml;lpa dig genom behandlingen hos oss, var v&auml;nlig bes&ouml;k oss f&ouml;r en inledande konsultation d&aring; vi pratar om din medicinska bakgrund och de rekommendationer som finns, dina &ouml;nskem&aring;l f&ouml;r tidsplaneringen och prioriteringar f&ouml;r donatorn, genomf&ouml;r de n&ouml;dv&auml;ndiga blodproverna och testerna, skapar din individuella behandlingsplan och ger dig tillg&aring;ng till&nbsp;&auml;ggdonatordatabasen IDEAS (om du f&ouml;redrar att&nbsp;v&auml;lja din donator sj&auml;lv), eller f&ouml;resl&aring;r en donator (om du vill att&nbsp;din O.L.G.A. Fertility Clinic doktor ska v&auml;lja donator &aring;t dig).<br \/>\nOm du har fr&aring;gor kan du ringa till&nbsp;en engelskspr&aring;kig patientkoordinator p&aring;: 007 812 600 7812 mellan klockan 7:00 och 14:00 centraleuropeisk tid.&nbsp;Du kan ocks&aring; n&aring; oss via e-post:<a href=\"mailto:info@olgafertilityclinic.com\">&nbsp;info@olgafertilityclinic.com<\/a><\/p>\n<p>Vi ser fram emot att&nbsp;h&ouml;ra ifr&aring;n dig!<\/p>\n<p>M&aring;nga v&auml;nliga h&auml;lsningar,<br \/>\nO.L.G.A. Fertility Clinic teamet<\/p>\n","protected":false},"excerpt":{"rendered":"<p>Matchning med en donator Hos O.L.G.A. Fertility Clinic matchar vi dig med en donator som uppfyller dina individuella krav. V&aring;r matchningsprocess &auml;r mycket personlig och vi g&aring;r inte vidare i processen f&ouml;rr&auml;n du &auml;r n&ouml;jd med v&aring;rt f&ouml;rslag p&aring; donator. Det &auml;r upp till&nbsp;dig att&nbsp;ber&auml;tta f&ouml;r oss vilka egenskaper som &auml;r viktigast f&ouml;r dig i<\/p>\n","protected":false},"author":1,"featured_media":0,"parent":6135,"menu_order":2,"comment_status":"closed","ping_status":"open","template":"","meta":{"footnotes":""},"tags":[],"acf":[],"yoast_head":"<!-- This site is optimized with the Yoast SEO plugin v18.6 - https:\/\/yoast.com\/wordpress\/plugins\/seo\/ -->\n<title>Vi matchar dig med en donator - O.L.G.A. Fertility<\/title>\n<meta name=\"robots\" content=\"index, follow, max-snippet:-1, max-image-preview:large, max-video-preview:-1\" \/>\n<link rel=\"canonical\" href=\"https:\/\/olgafertilityclinic.com\/se\/egg\/att_valja_din_aggdonator\/we_match_donor\/\" \/>\n<meta property=\"og:locale\" content=\"sv_SE\" \/>\n<meta property=\"og:type\" content=\"article\" \/>\n<meta property=\"og:title\" content=\"Vi matchar dig med en donator - O.L.G.A. Fertility\" \/>\n<meta property=\"og:description\" content=\"Matchning med en donator Hos O.L.G.A. Fertility Clinic matchar vi dig med en donator som uppfyller dina individuella krav. V&aring;r matchningsprocess &auml;r mycket personlig och vi g&aring;r inte vidare i processen f&ouml;rr&auml;n du &auml;r n&ouml;jd med v&aring;rt f&ouml;rslag p&aring; donator. Det &auml;r upp till&nbsp;dig att&nbsp;ber&auml;tta f&ouml;r oss vilka egenskaper som &auml;r viktigast f&ouml;r dig i\" \/>\n<meta property=\"og:url\" content=\"https:\/\/olgafertilityclinic.com\/se\/egg\/att_valja_din_aggdonator\/we_match_donor\/\" \/>\n<meta property=\"og:site_name\" content=\"O.L.G.A. Fertility\" \/>\n<meta name=\"twitter:card\" content=\"summary_large_image\" \/>\n<meta name=\"twitter:label1\" content=\"Ber\u00e4knad l\u00e4stid\" \/>\n\t<meta name=\"twitter:data1\" content=\"6 minuter\" \/>\n<script type=\"application\/ld+json\" class=\"yoast-schema-graph\">{\"@context\":\"https:\/\/schema.org\",\"@graph\":[{\"@type\":\"WebSite\",\"@id\":\"https:\/\/olgafertilityclinic.com\/se\/#website\",\"url\":\"https:\/\/olgafertilityclinic.com\/se\/\",\"name\":\"O.L.G.A. Fertility\",\"description\":\"Cyprus  and St. Petersburg\",\"potentialAction\":[{\"@type\":\"SearchAction\",\"target\":{\"@type\":\"EntryPoint\",\"urlTemplate\":\"https:\/\/olgafertilityclinic.com\/se\/?s={search_term_string}\"},\"query-input\":\"required name=search_term_string\"}],\"inLanguage\":\"sv-SE\"},{\"@type\":\"WebPage\",\"@id\":\"https:\/\/olgafertilityclinic.com\/se\/egg\/att_valja_din_aggdonator\/we_match_donor\/#webpage\",\"url\":\"https:\/\/olgafertilityclinic.com\/se\/egg\/att_valja_din_aggdonator\/we_match_donor\/\",\"name\":\"Vi matchar dig med en donator - O.L.G.A. Fertility\",\"isPartOf\":{\"@id\":\"https:\/\/olgafertilityclinic.com\/se\/#website\"},\"datePublished\":\"2020-06-15T12:00:00+00:00\",\"dateModified\":\"2020-06-15T12:00:00+00:00\",\"breadcrumb\":{\"@id\":\"https:\/\/olgafertilityclinic.com\/se\/egg\/att_valja_din_aggdonator\/we_match_donor\/#breadcrumb\"},\"inLanguage\":\"sv-SE\",\"potentialAction\":[{\"@type\":\"ReadAction\",\"target\":[\"https:\/\/olgafertilityclinic.com\/se\/egg\/att_valja_din_aggdonator\/we_match_donor\/\"]}]},{\"@type\":\"BreadcrumbList\",\"@id\":\"https:\/\/olgafertilityclinic.com\/se\/egg\/att_valja_din_aggdonator\/we_match_donor\/#breadcrumb\",\"itemListElement\":[{\"@type\":\"ListItem\",\"position\":1,\"name\":\"Home\",\"item\":\"https:\/\/olgafertilityclinic.com\/se\/\"},{\"@type\":\"ListItem\",\"position\":2,\"name\":\"\u00c4ggdonation\",\"item\":\"https:\/\/olgafertilityclinic.com\/se\/egg\/\"},{\"@type\":\"ListItem\",\"position\":3,\"name\":\"Hur man v\u00e4ljer r\u00e4tt \u00e4ggdonator\",\"item\":\"https:\/\/olgafertilityclinic.com\/se\/egg\/att_valja_din_aggdonator\/\"},{\"@type\":\"ListItem\",\"position\":4,\"name\":\"Vi matchar dig med en donator\"}]}]}<\/script>\n<!-- \/ Yoast SEO plugin. -->","yoast_head_json":{"title":"Vi matchar dig med en donator - O.L.G.A. Fertility","robots":{"index":"index","follow":"follow","max-snippet":"max-snippet:-1","max-image-preview":"max-image-preview:large","max-video-preview":"max-video-preview:-1"},"canonical":"https:\/\/olgafertilityclinic.com\/se\/egg\/att_valja_din_aggdonator\/we_match_donor\/","og_locale":"sv_SE","og_type":"article","og_title":"Vi matchar dig med en donator - O.L.G.A. Fertility","og_description":"Matchning med en donator Hos O.L.G.A. Fertility Clinic matchar vi dig med en donator som uppfyller dina individuella krav. V&aring;r matchningsprocess &auml;r mycket personlig och vi g&aring;r inte vidare i processen f&ouml;rr&auml;n du &auml;r n&ouml;jd med v&aring;rt f&ouml;rslag p&aring; donator. Det &auml;r upp till&nbsp;dig att&nbsp;ber&auml;tta f&ouml;r oss vilka egenskaper som &auml;r viktigast f&ouml;r dig i","og_url":"https:\/\/olgafertilityclinic.com\/se\/egg\/att_valja_din_aggdonator\/we_match_donor\/","og_site_name":"O.L.G.A. Fertility","twitter_card":"summary_large_image","twitter_misc":{"Ber\u00e4knad l\u00e4stid":"6 minuter"},"schema":{"@context":"https:\/\/schema.org","@graph":[{"@type":"WebSite","@id":"https:\/\/olgafertilityclinic.com\/se\/#website","url":"https:\/\/olgafertilityclinic.com\/se\/","name":"O.L.G.A. Fertility","description":"Cyprus  and St. Petersburg","potentialAction":[{"@type":"SearchAction","target":{"@type":"EntryPoint","urlTemplate":"https:\/\/olgafertilityclinic.com\/se\/?s={search_term_string}"},"query-input":"required name=search_term_string"}],"inLanguage":"sv-SE"},{"@type":"WebPage","@id":"https:\/\/olgafertilityclinic.com\/se\/egg\/att_valja_din_aggdonator\/we_match_donor\/#webpage","url":"https:\/\/olgafertilityclinic.com\/se\/egg\/att_valja_din_aggdonator\/we_match_donor\/","name":"Vi matchar dig med en donator - O.L.G.A. Fertility","isPartOf":{"@id":"https:\/\/olgafertilityclinic.com\/se\/#website"},"datePublished":"2020-06-15T12:00:00+00:00","dateModified":"2020-06-15T12:00:00+00:00","breadcrumb":{"@id":"https:\/\/olgafertilityclinic.com\/se\/egg\/att_valja_din_aggdonator\/we_match_donor\/#breadcrumb"},"inLanguage":"sv-SE","potentialAction":[{"@type":"ReadAction","target":["https:\/\/olgafertilityclinic.com\/se\/egg\/att_valja_din_aggdonator\/we_match_donor\/"]}]},{"@type":"BreadcrumbList","@id":"https:\/\/olgafertilityclinic.com\/se\/egg\/att_valja_din_aggdonator\/we_match_donor\/#breadcrumb","itemListElement":[{"@type":"ListItem","position":1,"name":"Home","item":"https:\/\/olgafertilityclinic.com\/se\/"},{"@type":"ListItem","position":2,"name":"\u00c4ggdonation","item":"https:\/\/olgafertilityclinic.com\/se\/egg\/"},{"@type":"ListItem","position":3,"name":"Hur man v\u00e4ljer r\u00e4tt \u00e4ggdonator","item":"https:\/\/olgafertilityclinic.com\/se\/egg\/att_valja_din_aggdonator\/"},{"@type":"ListItem","position":4,"name":"Vi matchar dig med en donator"}]}]}},"_links":{"self":[{"href":"https:\/\/olgafertilityclinic.com\/se\/wp-json\/wp\/v2\/pages\/6291"}],"collection":[{"href":"https:\/\/olgafertilityclinic.com\/se\/wp-json\/wp\/v2\/pages"}],"about":[{"href":"https:\/\/olgafertilityclinic.com\/se\/wp-json\/wp\/v2\/types\/page"}],"author":[{"embeddable":true,"href":"https:\/\/olgafertilityclinic.com\/se\/wp-json\/wp\/v2\/users\/1"}],"replies":[{"embeddable":true,"href":"https:\/\/olgafertilityclinic.com\/se\/wp-json\/wp\/v2\/comments?post=6291"}],"version-history":[{"count":0,"href":"https:\/\/olgafertilityclinic.com\/se\/wp-json\/wp\/v2\/pages\/6291\/revisions"}],"up":[{"embeddable":true,"href":"https:\/\/olgafertilityclinic.com\/se\/wp-json\/wp\/v2\/pages\/6135"}],"wp:attachment":[{"href":"https:\/\/olgafertilityclinic.com\/se\/wp-json\/wp\/v2\/media?parent=6291"}],"wp:term":[{"taxonomy":"post_tag","embeddable":true,"href":"https:\/\/olgafertilityclinic.com\/se\/wp-json\/wp\/v2\/tags?post=6291"}],"curies":[{"name":"wp","href":"https:\/\/api.w.org\/{rel}","templated":true}]}}