{"id":6467,"date":"2020-06-15T12:00:00","date_gmt":"2020-06-15T12:00:00","guid":{"rendered":"https:\/\/olgafertilityclinic.com\/travel_support\/"},"modified":"2020-07-22T03:43:34","modified_gmt":"2020-07-22T03:43:34","slug":"travel_support","status":"publish","type":"page","link":"https:\/\/olgafertilityclinic.com\/se\/travel_support\/","title":{"rendered":""},"content":{"rendered":"<h2>St. Petersburg<\/h2>\n<p class=\"accent\">O.L.G.A. Fertility Clinic ligger i hj\u00e4rtat av St Petersburg, Rysslands n\u00e4st st\u00f6rsta stad. Det \u00e4r l\u00e4tt att&nbsp;ta sig hit med regulj\u00e4ra flygningar till&nbsp;St Petersburg fr\u00e5n st\u00e4der i hela Europa. Kliniken \u00e4r omgiven av hotell, aff\u00e4rer, kanaler och kulturella sev\u00e4rdheter som museer, konstgallerier, teater och operahus.<\/p>\n<p class=\"ac\"><iframe loading=\"lazy\" src=\"https:\/\/www.youtube.com\/embed\/8kRfVTzHpDw?rel=0&amp;controls=1&amp;showinfo=0&amp;theme=light\" width=\"600\" height=\"337\" frameborder=\"0\" scrolling=\"no\" allowfullscreen=\"allowfullscreen\"><\/iframe><\/p>\n<h2>L\u00e4ge<\/h2>\n<p>St Petersburg \u00e4r byggd p\u00e5 Rysslands v\u00e4stkust, med utsikt \u00f6ver Finska viken. Tack vare sitt kustn\u00e4ra l\u00e4ge \u00e4r det inte f\u00f6rem\u00e5l f\u00f6r extremt h\u00f6ga temperaturer som p\u00e5verkar inre st\u00e4der som Moskva. Sin vackra arkitektur och m\u00e5nga pittoreska kanaler g\u00f6r att&nbsp;staden ofta kallas f\u00f6r &#8220;Nordens Venedig&#8221;. Staden \u00e4r l\u00e4tt att&nbsp;utforska b\u00e5de till&nbsp;fots och med allm\u00e4nna kommunikationer och dussintals av historiska och kulturella sev\u00e4rdheter finns p\u00e5 kort avst\u00e5nd fr\u00e5n varandra. St Petersburg \u00e4r en favoritdestination f\u00f6r resen\u00e4rer som vill ha ett intressant, omv\u00e4xlande och tillg\u00e4nglig stad paus.<\/p>\n\n<h2 class=\"dropcaps\">Att&nbsp;resa till&nbsp;St. Petersburg<\/h2>\n<p class=\"accent\">De flesta av v\u00e5ra icke-ryska patienter kommer med flyg, ankomst till&nbsp;<a href=\"http:\/\/www.pulkovoairport.ru\" target=\"_blank\" rel=\"noopener noreferrer\">Pulkovo flygplats<\/a>\u00a0som ligger ca 15km s\u00f6der om centrum. M\u00e5nga regulj\u00e4rflyg kommer hit varje dag fr\u00e5n andra europeiska st\u00e4der. Vi kan ordna en taxi f\u00f6r att&nbsp;ta dig till&nbsp;ditt hotell eller till&nbsp;O.L.G.A. Fertility Clinic. Detta kostar cirka ca 35 euro.<\/p>\n<p class=\"dropcaps\">Du kommer med stor sannolikhet beh\u00f6va ett visum f\u00f6r bes\u00f6ka Ryssland. Det \u00e4r b\u00e4st att&nbsp;ordna detta i god tid i f\u00f6rv\u00e4g, s\u00e5 snart du \u00e4r s\u00e4ker p\u00e5 datumen f\u00f6r din konsultation eller behandling. Det g\u00e5r att&nbsp;ordna visum genom en resebyr\u00e5 om du ger dem tillr\u00e4ckligt med varsel, men om du planerar din resa p\u00e5 egen hand m\u00e5ste du ordna det sj\u00e4lv (vilket i och f\u00f6r sig inte \u00e4r s\u00e5 kr\u00e5ngligt). Vi kan hj\u00e4lpa dig +att tillhandah\u00e5lla de dokument du beh\u00f6ver f\u00f6r att&nbsp;f\u00e5 ett visum.<\/p>\n<h2>Hotell<\/h2>\n<p class=\"dropcaps\">Det finns ett brett utbud av hotell i alla prisklasser inom n\u00e5gra minuters promenad fr\u00e5n O.L.G.A. Fertility Clinic. Detta inneb\u00e4r att&nbsp;du kan n\u00e5 oss snabbt och enkelt, trygga i vetskapen om att&nbsp;du inte kommer f\u00f6r sent till&nbsp;ett viktigt m\u00f6te. Vi kan hj\u00e4lpa dig med att&nbsp;boka ett hotell och \u00e4ven ordna dina dokument till&nbsp;ans\u00f6kan av <a href=\"\/en\/trip\/visa\/\">visum<\/a>.<\/p>\n<p class=\"dropcaps\"><\/p>\n<h2>Njut av din vistelse<\/h2>\n<p class=\"dropcaps\">Beroende p\u00e5 om du kommer till&nbsp;O.L.G.A. Fertility Clinic f\u00f6r ett inledande konsultation eller inte s\u00e5 kommer du att&nbsp;bes\u00f6ka St. Petersburg antingen en eller tv\u00e5 g\u00e5nger. \u00c4ven om den huvudsakliga anledningen till&nbsp;att du kommer till&nbsp;v\u00e5r stad \u00e4r att&nbsp;bli f\u00f6r\u00e4lder, s\u00e5 kan man lika g\u00e4rna passa p\u00e5 att&nbsp;njuta under tiden! Vissa tar en promenad l\u00e4ngs v\u00e5ra vackra kanaler och testar restauranger, andra beslutar sig f\u00f6r att&nbsp;bes\u00f6ka s\u00e5 m\u00e5nga sev\u00e4rdheter som m\u00f6jligt, medan andra inte kan motst\u00e5 g\u00e5 p\u00e5 en opera eller balett p\u00e5 Mariinskij (tidigare ben\u00e4mnt Kirov). Det finns ocks\u00e5 en del shopping om man vill. Som t.ex. billiga Matrushka dockor eller att&nbsp;investera i en \u00e4kta rysk vinterp\u00e4ls. Oavsett dina intressen &#8211; g\u00f6r lite planering innan s\u00e5 blir det en garanterat trevlig resa.<\/p>\n","protected":false},"excerpt":{"rendered":"<p>St. Petersburg O.L.G.A. Fertility Clinic ligger i hj\u00e4rtat av St Petersburg, Rysslands n\u00e4st st\u00f6rsta stad. Det \u00e4r l\u00e4tt att&nbsp;ta sig hit med regulj\u00e4ra flygningar till&nbsp;St Petersburg fr\u00e5n st\u00e4der i hela Europa. Kliniken \u00e4r omgiven av hotell, aff\u00e4rer, kanaler och kulturella sev\u00e4rdheter som museer, konstgallerier, teater och operahus. L\u00e4ge St Petersburg \u00e4r byggd p\u00e5 Rysslands v\u00e4stkust,<\/p>\n","protected":false},"author":1,"featured_media":0,"parent":0,"menu_order":22,"comment_status":"closed","ping_status":"open","template":"","meta":{"footnotes":""},"tags":[],"acf":[],"yoast_head":"<!-- This site is optimized with the Yoast SEO plugin v18.6 - https:\/\/yoast.com\/wordpress\/plugins\/seo\/ -->\n<title>- O.L.G.A. Fertility<\/title>\n<meta name=\"robots\" content=\"index, follow, max-snippet:-1, max-image-preview:large, max-video-preview:-1\" \/>\n<link rel=\"canonical\" href=\"https:\/\/olgafertilityclinic.com\/se\/travel_support\/\" \/>\n<meta property=\"og:locale\" content=\"sv_SE\" \/>\n<meta property=\"og:type\" content=\"article\" \/>\n<meta property=\"og:title\" content=\"- O.L.G.A. Fertility\" \/>\n<meta property=\"og:description\" content=\"St. Petersburg O.L.G.A. Fertility Clinic ligger i hj\u00e4rtat av St Petersburg, Rysslands n\u00e4st st\u00f6rsta stad. Det \u00e4r l\u00e4tt att&nbsp;ta sig hit med regulj\u00e4ra flygningar till&nbsp;St Petersburg fr\u00e5n st\u00e4der i hela Europa. Kliniken \u00e4r omgiven av hotell, aff\u00e4rer, kanaler och kulturella sev\u00e4rdheter som museer, konstgallerier, teater och operahus. L\u00e4ge St Petersburg \u00e4r byggd p\u00e5 Rysslands v\u00e4stkust,\" \/>\n<meta property=\"og:url\" content=\"https:\/\/olgafertilityclinic.com\/se\/travel_support\/\" \/>\n<meta property=\"og:site_name\" content=\"O.L.G.A. Fertility\" \/>\n<meta property=\"article:modified_time\" content=\"2020-07-22T03:43:34+00:00\" \/>\n<meta name=\"twitter:card\" content=\"summary_large_image\" \/>\n<meta name=\"twitter:label1\" content=\"Ber\u00e4knad l\u00e4stid\" \/>\n\t<meta name=\"twitter:data1\" content=\"3 minuter\" \/>\n<script type=\"application\/ld+json\" class=\"yoast-schema-graph\">{\"@context\":\"https:\/\/schema.org\",\"@graph\":[{\"@type\":\"WebSite\",\"@id\":\"https:\/\/olgafertilityclinic.com\/se\/#website\",\"url\":\"https:\/\/olgafertilityclinic.com\/se\/\",\"name\":\"O.L.G.A. Fertility\",\"description\":\"Cyprus  and St. Petersburg\",\"potentialAction\":[{\"@type\":\"SearchAction\",\"target\":{\"@type\":\"EntryPoint\",\"urlTemplate\":\"https:\/\/olgafertilityclinic.com\/se\/?s={search_term_string}\"},\"query-input\":\"required name=search_term_string\"}],\"inLanguage\":\"sv-SE\"},{\"@type\":\"WebPage\",\"@id\":\"https:\/\/olgafertilityclinic.com\/se\/travel_support\/#webpage\",\"url\":\"https:\/\/olgafertilityclinic.com\/se\/travel_support\/\",\"name\":\"- O.L.G.A. Fertility\",\"isPartOf\":{\"@id\":\"https:\/\/olgafertilityclinic.com\/se\/#website\"},\"datePublished\":\"2020-06-15T12:00:00+00:00\",\"dateModified\":\"2020-07-22T03:43:34+00:00\",\"breadcrumb\":{\"@id\":\"https:\/\/olgafertilityclinic.com\/se\/travel_support\/#breadcrumb\"},\"inLanguage\":\"sv-SE\",\"potentialAction\":[{\"@type\":\"ReadAction\",\"target\":[\"https:\/\/olgafertilityclinic.com\/se\/travel_support\/\"]}]},{\"@type\":\"BreadcrumbList\",\"@id\":\"https:\/\/olgafertilityclinic.com\/se\/travel_support\/#breadcrumb\",\"itemListElement\":[{\"@type\":\"ListItem\",\"position\":1,\"name\":\"Home\",\"item\":\"https:\/\/olgafertilityclinic.com\/se\/\"},{\"@type\":\"ListItem\",\"position\":2,\"name\":\"\"}]}]}<\/script>\n<!-- \/ Yoast SEO plugin. -->","yoast_head_json":{"title":"- O.L.G.A. Fertility","robots":{"index":"index","follow":"follow","max-snippet":"max-snippet:-1","max-image-preview":"max-image-preview:large","max-video-preview":"max-video-preview:-1"},"canonical":"https:\/\/olgafertilityclinic.com\/se\/travel_support\/","og_locale":"sv_SE","og_type":"article","og_title":"- O.L.G.A. Fertility","og_description":"St. Petersburg O.L.G.A. Fertility Clinic ligger i hj\u00e4rtat av St Petersburg, Rysslands n\u00e4st st\u00f6rsta stad. Det \u00e4r l\u00e4tt att&nbsp;ta sig hit med regulj\u00e4ra flygningar till&nbsp;St Petersburg fr\u00e5n st\u00e4der i hela Europa. Kliniken \u00e4r omgiven av hotell, aff\u00e4rer, kanaler och kulturella sev\u00e4rdheter som museer, konstgallerier, teater och operahus. L\u00e4ge St Petersburg \u00e4r byggd p\u00e5 Rysslands v\u00e4stkust,","og_url":"https:\/\/olgafertilityclinic.com\/se\/travel_support\/","og_site_name":"O.L.G.A. Fertility","article_modified_time":"2020-07-22T03:43:34+00:00","twitter_card":"summary_large_image","twitter_misc":{"Ber\u00e4knad l\u00e4stid":"3 minuter"},"schema":{"@context":"https:\/\/schema.org","@graph":[{"@type":"WebSite","@id":"https:\/\/olgafertilityclinic.com\/se\/#website","url":"https:\/\/olgafertilityclinic.com\/se\/","name":"O.L.G.A. Fertility","description":"Cyprus  and St. Petersburg","potentialAction":[{"@type":"SearchAction","target":{"@type":"EntryPoint","urlTemplate":"https:\/\/olgafertilityclinic.com\/se\/?s={search_term_string}"},"query-input":"required name=search_term_string"}],"inLanguage":"sv-SE"},{"@type":"WebPage","@id":"https:\/\/olgafertilityclinic.com\/se\/travel_support\/#webpage","url":"https:\/\/olgafertilityclinic.com\/se\/travel_support\/","name":"- O.L.G.A. Fertility","isPartOf":{"@id":"https:\/\/olgafertilityclinic.com\/se\/#website"},"datePublished":"2020-06-15T12:00:00+00:00","dateModified":"2020-07-22T03:43:34+00:00","breadcrumb":{"@id":"https:\/\/olgafertilityclinic.com\/se\/travel_support\/#breadcrumb"},"inLanguage":"sv-SE","potentialAction":[{"@type":"ReadAction","target":["https:\/\/olgafertilityclinic.com\/se\/travel_support\/"]}]},{"@type":"BreadcrumbList","@id":"https:\/\/olgafertilityclinic.com\/se\/travel_support\/#breadcrumb","itemListElement":[{"@type":"ListItem","position":1,"name":"Home","item":"https:\/\/olgafertilityclinic.com\/se\/"},{"@type":"ListItem","position":2,"name":""}]}]}},"_links":{"self":[{"href":"https:\/\/olgafertilityclinic.com\/se\/wp-json\/wp\/v2\/pages\/6467"}],"collection":[{"href":"https:\/\/olgafertilityclinic.com\/se\/wp-json\/wp\/v2\/pages"}],"about":[{"href":"https:\/\/olgafertilityclinic.com\/se\/wp-json\/wp\/v2\/types\/page"}],"author":[{"embeddable":true,"href":"https:\/\/olgafertilityclinic.com\/se\/wp-json\/wp\/v2\/users\/1"}],"replies":[{"embeddable":true,"href":"https:\/\/olgafertilityclinic.com\/se\/wp-json\/wp\/v2\/comments?post=6467"}],"version-history":[{"count":1,"href":"https:\/\/olgafertilityclinic.com\/se\/wp-json\/wp\/v2\/pages\/6467\/revisions"}],"predecessor-version":[{"id":8048,"href":"https:\/\/olgafertilityclinic.com\/se\/wp-json\/wp\/v2\/pages\/6467\/revisions\/8048"}],"wp:attachment":[{"href":"https:\/\/olgafertilityclinic.com\/se\/wp-json\/wp\/v2\/media?parent=6467"}],"wp:term":[{"taxonomy":"post_tag","embeddable":true,"href":"https:\/\/olgafertilityclinic.com\/se\/wp-json\/wp\/v2\/tags?post=6467"}],"curies":[{"name":"wp","href":"https:\/\/api.w.org\/{rel}","templated":true}]}}