{"id":6489,"date":"2020-06-15T12:00:00","date_gmt":"2020-06-15T12:00:00","guid":{"rendered":"https:\/\/olgafertilityclinic.com\/berattar_barnet_om_aggdonation_hur_och_nar\/"},"modified":"2025-08-04T06:42:21","modified_gmt":"2025-08-04T06:42:21","slug":"berattar-barnet-om-aggdonation","status":"publish","type":"page","link":"https:\/\/olgafertilityclinic.com\/se\/aggdonation\/moderskap-efter-aggdonation\/berattar-barnet-om-aggdonation\/","title":{"rendered":"Hur och n\u00e4r du ska ber\u00e4tta f\u00f6r ditt barn som skapats med hj\u00e4lp av donator\u00e4gg, om \u00e4ggdonation?"},"content":{"rendered":"<p><img decoding=\"async\" class=\"ui image circular fr\" src=\"\/upload\/image\/20170216073729889s.jpg\" srcset=\"\/upload\/image\/20170216073729889f.jpg 2x\" alt=\"En saga om \u00e4ggdonation f\u00f6r barn 5-7 \u00e5r: det b\u00e4sta s\u00e4ttet att&nbsp;ber\u00e4tta!\" \/> Undrar du om hur och n\u00e4r du ska ber\u00e4tta f\u00f6r ditt barn om \u00e4ggdonationen? Det \u00e4r en vanlig fr\u00e5ga som fertilitetspatienter och f\u00f6r\u00e4ldrar till&nbsp;barn som skapats genom \u00e4ggdonation ofta beh\u00f6ver svar p\u00e5. Fertilitetspatienter vill alltid g\u00f6ra det b\u00e4sta f\u00f6r sina barn, \u00e4ven innan barnet \u00e4r f\u00f6tt!\u00a0<\/p>\n<p>Jag kommer att&nbsp;f\u00f6rs\u00f6ka besvara denna fr\u00e5ga ur mitt perspektiv, med min erfarenhet och kunskap som fertilitetsr\u00e5dgivare, eftersom jag \u00e4r \u00f6vertygad om att&nbsp;det \u00e4r inte finns bara ett r\u00e4tt svar p\u00e5 fr\u00e5gan, utan m\u00e5nga. Hur och n\u00e4r man ska ber\u00e4tta? Det beror p\u00e5 f\u00f6r\u00e4ldrarnas v\u00e4rderingar, historia, samh\u00e4llet de lever i, graden av acceptans, f\u00f6rh\u00e5llandet de har till&nbsp;sina barn och barnens personligheter. N\u00e4r du l\u00e4ser denna text \u2013 var medveten om att&nbsp;bara du kommer att&nbsp;ha det r\u00e4tta svaret p\u00e5 vad som \u00e4r b\u00e4st f\u00f6r din familj, men mitt r\u00e5d och arbete kan ocks\u00e5 hj\u00e4lpa dig.\u00a0<\/p>\n<p>Hur och n\u00e4r man ska ber\u00e4tta f\u00f6r barnet \u00e4r en fr\u00e5ga som fertilitetspatienter, som tar hj\u00e4lp av spermadonation, \u00e4ggdonation eller embryoadoption, fokuserar p\u00e5. Patienterna vill veta hur och n\u00e4r man ska ber\u00e4tta, redan innan de \u00e4r gravida. Att&nbsp;ha en uppfattning om vad som \u00e4r b\u00e4st f\u00f6r barnet kan vara motiverande och \u00e4ven leda till&nbsp;st\u00f6rre trygghet under behandlingen. Det kan ocks\u00e5 f\u00f6rst\u00e4rka \u00f6vertygelsen om att&nbsp;beslutet att&nbsp;v\u00e4lja \u00e4ggdonation \u00e4r r\u00e4tt.<\/p>\n<p class=\"phonecons\">Vill du prata med f\u00f6r\u00e4ldrar efter \u00e4ggdonation?<\/p>\n<p class=\"phonecons\"><a class=\"btnr btns requestcall\" href=\"\/se\/egg\/egg-donation-how-to-start\/\" data-id=\"how_to_start\">Kontakta oss<\/a><\/p>\n<p>&nbsp;<\/p>\n<p><strong>Funderar du p\u00e5 \u00e4ggdonation i framtiden och hur du ber\u00e4ttar f\u00f6r ditt barn?<\/strong><\/p>\n<p>Om du undrar \u00f6ver hur och n\u00e4r du ska ber\u00e4tta f\u00f6r ditt barn om \u00e4ggdonationen, antingen medan du genomg\u00e5r en \u00e4ggdonationsbehandling eller redan innan du har best\u00e4mt dig f\u00f6r att&nbsp;p\u00e5b\u00f6rja en behandling, s\u00e5 har jag n\u00e5gra r\u00e5d till&nbsp;dig:<\/p>\n<ul class=\"ticks\">\n<li>Du m\u00e5ste lita p\u00e5 din modersinstinkt, du kommer att&nbsp;veta vad som \u00e4r b\u00e4st f\u00f6r ditt barn n\u00e4r den tiden kommer<\/li>\n<li>Barnets personlighet kommer att&nbsp;p\u00e5verka hur och n\u00e4r du ber\u00e4ttar f\u00f6r det, s\u00e5 det kan vara sv\u00e5rt att&nbsp;veta det r\u00e4tta svaret, just nu!<\/li>\n<li>Din inst\u00e4llning kommer att&nbsp;p\u00e5verka hur du ber\u00e4ttar om \u00e4ggdonationen f\u00f6r m\u00e4nniskor runt omkring dig och ditt barn och det i sin tur kommer att&nbsp;p\u00e5verka hur de reagerar p\u00e5 informationen. Om du inte \u00e4r gravid \u00e4n kanske du inte har en helt positiv och stolt inst\u00e4llning till&nbsp;\u00e4ggdonation. S\u00e5 n\u00e4r du funderar kring hur och n\u00e4r du ska ber\u00e4tta beh\u00f6ver du \u00e4ven t\u00e4nka p\u00e5 att&nbsp;dina k\u00e4nslor och tankar kommer att&nbsp;f\u00f6r\u00e4ndras under graviditeten och efter att&nbsp;du f\u00f6tt. Upplevelsen av att&nbsp;vara mor och stoltheten \u00f6ver ditt barn kommer att&nbsp;p\u00e5verka hur du ber\u00e4ttar f\u00f6r barnet och din familj om \u00e4ggdonationen.<\/li>\n<li><strong>Du<\/strong> kommer att&nbsp;vara mamma till&nbsp;barnets existens, eftersom det var du som fattade beslutet om \u00e4ggdonation. <strong>Du<\/strong> beh\u00f6vde en cell fr\u00e5n en \u00e4ggdonator, en cell som inte av sig sj\u00e4lv kunde utvecklas till&nbsp;ett barn. <strong>Du<\/strong> best\u00e4mde att&nbsp;\u00e4ggdonationsbehandlingen skulle vara anledningen till&nbsp;barnetsexistens. <strong>Ditt<\/strong> framtida barn beh\u00f6ver veta detta; att&nbsp;det \u00e4r du och inte \u00e4ggdonatorn som har spelat den viktigaste rollen i detta projekt.<\/li>\n<li>Du har inte br\u00e5ttom! Du har 5-6 \u00e5r p\u00e5 dig att&nbsp;besluta hur du ska ber\u00e4tta, eftersom studier visar att&nbsp;b\u00e4sta tiden f\u00f6r att&nbsp;ber\u00e4tta f\u00f6r barnet \u00e4r i den tidiga barndomen.<\/li>\n<li>Kom ih\u00e5g att&nbsp;v\u00e5rt samh\u00e4lle hela tiden f\u00f6r\u00e4ndras och att&nbsp;\u00e4ggdonation blir allt mer normalt och mindre tabu i m\u00e5nga l\u00e4nder. Detta kommer naturligtvis ocks\u00e5 att&nbsp;p\u00e5verka hur du ber\u00e4ttarf\u00f6r ditt barn om \u00e4ggdonationen och hur hon\/han reagerar.<\/li>\n<\/ul>\n<h3>Lilly \u2014 fr\u00e5n andra sidan regnb\u00e5gen<\/h3>\n<div class=\"w30p fr\"><img decoding=\"async\" class=\"photo rounded w150 ac\" src=\"\/p\/spec\/tonebraten.jpg\" alt=\"Skrivet av Tone Br\u00e5ten, en norsk familjer\u00e5dgivare, f\u00f6rfattare och talare som specialiserat sig p\u00e5 infertilitet.\" \/><\/p>\n<p><em>Skrivet av Tone Br\u00e5ten, en norsk familjer\u00e5dgivare, f\u00f6rfattare och talare som specialiserat sig p\u00e5 infertilitet.<\/em><\/p>\n<\/div>\n<p><strong>Funderar du p\u00e5 \u00e4ggdonation i framtiden och undrar hur man ber\u00e4ttar f\u00f6r barnet? \u00c4r du mamma efter \u00e4ggdonation och undrar hur och n\u00e4r du ska ber\u00e4tta f\u00f6r ditt barn?\u00a0<\/strong><\/p>\n<p>Jag ber\u00e4ttar g\u00e4rna om min bok \u00abLilly fr\u00e5n andra sidan regnb\u00e5gen\u00bb. En bok som v\u00e4nder sig till&nbsp;barn mellan 5 och 7 \u00e5r.<\/p>\n<p>Mitt intresse f\u00f6r \u2018hur och n\u00e4r\u2019 man b\u00f6r ber\u00e4tta f\u00f6r barnen b\u00f6rjade f\u00f6r fyra \u00e5r sedan d\u00e5 jag arbetade p\u00e5 en norsk fertilitetsklinik och pratade med m\u00e5nga par som beh\u00f6vdespermadonation. Under m\u00e5ngam\u00f6ten, d\u00e5 paret skulle f\u00f6rbereda sig f\u00f6r spermadonationsbehandlingen ur ett k\u00e4nslom\u00e4ssigt och etiskt perspektiv, kom samma fr\u00e5ga upp om och om igen: \u2018N\u00e4r och hur ska vi ber\u00e4tta f\u00f6r barnet om spermadonationen\u2019?\u00a0<\/p>\n<p>Fyra \u00e5r senare b\u00f6rjade jag arbeta internationellt med \u00e4ggdonationspatienter och samma fr\u00e5gor st\u00e4lldes: \u2018Hur och n\u00e4r ska vi ber\u00e4tta f\u00f6r barnet\u2019?<\/p>\n<p>Jag l\u00e4ste om forskning p\u00e5 nya familjeformer och studerade Susan Golomboks arbete. Hon \u00e4r professor p\u00e5 Family Research Centre vid universitetet i Cambridge och har studerat nya familjeformer under m\u00e5nga \u00e5r.<\/p>\n<p>Vad jag fann var att&nbsp;om f\u00f6r\u00e4ldrar vill ber\u00e4tta f\u00f6r sina barn att&nbsp;de blivit till&nbsp;genom donation m\u00e5ste det ske i \u201ctidig barndom\u201d, f\u00f6re puberteten. Studier visade att&nbsp;de barn som f\u00e5tt veta sanningen redan i tidig barndom mest tyckte att&nbsp;det var sp\u00e4nnande! Men om sperma- eller \u00e4ggdonationen h\u00f6llshemlig och barnet fick reda p\u00e5 det senare i livet fick barnet st\u00f6rre problem med att&nbsp;hantera denna information.<\/p>\n<p>&nbsp;<\/p>\n<p>Studierna visade ocks\u00e5 att&nbsp;kvaliteten p\u00e5 <strong>f\u00f6rh\u00e5llandet mellan f\u00f6r\u00e4ldrar och barn var viktigare f\u00f6r barnets identitet och utveckling \u00e4n hur barnet blivit till.<\/strong><\/p>\n<p>Denna information gav mig motivationen att&nbsp;skriva en bok om barn som blivit till&nbsp;med hj\u00e4lp av \u00e4ggdonation. Jag ville hj\u00e4lpa barnens f\u00f6r\u00e4ldrar att&nbsp;ber\u00e4tta om behandlingen med barnets eget spr\u00e5k. Jag ville ge f\u00f6r\u00e4ldrarna ett verktyg.<\/p>\n<p>S\u00e5 vem \u00e4r jag att&nbsp;ber\u00e4tta den h\u00e4r historien med barnets eget spr\u00e5k?<\/p>\n<ul class=\"ticks\">\n<li>Innan jag utbildade mig till&nbsp;r\u00e5dgivare var jag utbildad l\u00e4rare. Jag har arbetat med barn i 12 \u00e5r.<\/li>\n<li>Mina egna barn \u00e4r resultat av IVF-behandlingar, de \u00e4r nu 7 \u00e5r (tvillingar) och har medverkat i skapandet av denna bok.<\/li>\n<li>Jag har arbetat som r\u00e5dgivare till&nbsp;fertilitetspatienter i fem \u00e5r och har hj\u00e4lpt dem med etiska och k\u00e4nslom\u00e4ssiga dilemman relaterade till&nbsp;donation.<\/li>\n<li>I dagsl\u00e4get ger jag r\u00e5d till&nbsp;\u00f6ver 50 par och ensamst\u00e5ende kvinnor i m\u00e5naden som genomg\u00e5r, eller \u00e4r p\u00e5 v\u00e4g att&nbsp;p\u00e5b\u00f6rja, en donationsbehandling.<\/li>\n<\/ul>\n<div class=\"w30p fl\"><img decoding=\"async\" class=\"w100p\" src=\"\/p\/lilly-book-w.jpg\" srcset=\"\/p\/lilly-book-w-2x.jpg 2x\" alt=\"Boken 'Lilly fr\u00e5n andra sidan regnb\u00e5gen' handlar om en fem\u00e5rig flicka.\" \/><\/div>\n<p>\nBoken \u201cLilly fr\u00e5n andra sidan regnb\u00e5gen\u201d handlar om en fem\u00e5rig flicka. Hon ber\u00e4ttar historien om hur hennes mamma och pappa reste till&nbsp;andra sidan regnb\u00e5gen f\u00f6r att&nbsp;hitta det magiska \u00e4gg som skulle ge dem barnet de \u00f6nskade mer \u00e4n n\u00e5got annat i v\u00e4rlden.<\/p>\n<p>I boken ger jag barnen mycket information i form av en saga, en ber\u00e4ttelse som kommer att&nbsp;beh\u00e5lla barnets intresse \u00f6ver varje sida. Illustrat\u00f6ren har ritat bilder som barnen kommer att&nbsp;\u00e4lska och de kommer att&nbsp;hitta sm\u00e5, intressanta detaljer p\u00e5 varje sida.<\/p>\n<p>Boken \u00e4r en introduktion till&nbsp;barnet, f\u00f6r att&nbsp;det ska b\u00f6rja f\u00f6rst\u00e5 och acceptera att&nbsp;det blivit till&nbsp;genom \u00e4ggdonation. Ni som f\u00f6r\u00e4ldrar har er egen historia och resa som lett till&nbsp;att ni slutligen n\u00e5ttert m\u00e5l, s\u00e5 ni kan b\u00f6rja med att&nbsp;l\u00e4sa boken och senare ber\u00e4tta er egen historia f\u00f6r barnet.<\/p>\n<p>&nbsp;<\/p>\n<p><strong>Vilken sorts information ger jag till&nbsp;barnet genom denna saga?<\/strong><\/p>\n<ul>\n<li>Lilly ber\u00e4ttar om hur hennes mamma och pappa reste l\u00e5ngt bort f\u00f6r att&nbsp;hitta det magiska \u00e4gg de beh\u00f6vde. Detta ger f\u00f6r\u00e4ldrarna m\u00f6jlighet att&nbsp;ber\u00e4tta om sin egen resa till&nbsp;landet\/kliniken d\u00e4r de fick sin behandling. <br \/>\n\u00a0<\/li>\n<li>Boken visar en gr\u00e5tande mamma som tittar p\u00e5 andra gravida kvinnor och sp\u00e4dbarn. Jag f\u00f6rs\u00f6ker ber\u00e4tta f\u00f6r barnet hur viktigt det \u00e4r f\u00f6r en kvinna och en man att&nbsp;bli f\u00f6r\u00e4ldrar. <br \/>\n\u00a0<\/li>\n<li>N\u00e4r Lillys f\u00f6r\u00e4ldrar kommer till&nbsp;andra sidan regnb\u00e5gen m\u00f6ter de en l\u00e4kare som \u00e4r en blandning mellan m\u00e4nniska och troll. Han talar om f\u00f6r dem att&nbsp;mammans \u00e4gg inte \u00e4r magiskal\u00e4ngre och att&nbsp;det \u00e4r n\u00e5got som mamman inte kan r\u00e5 f\u00f6r. <em>Jag f\u00f6rs\u00f6ker tala om f\u00f6r barnet att&nbsp;mamman inte kan klandras f\u00f6r att&nbsp;hennes \u00e4gg har d\u00e5lig kvalitet. Det \u00e4r n\u00e5got som ligger utanf\u00f6r mammors kontroll och det finns inget hon kan g\u00f6ra f\u00f6r att&nbsp;\u00e4ndra kvaliteten p\u00e5 sina \u00e4gg, s\u00e5 hon \u00e4r i behov av hj\u00e4lp fr\u00e5n l\u00e4karen.<\/em><\/li>\n<\/ul>\n<div class=\"ac\"><img decoding=\"async\" class=\"w50p\" src=\"\/upload\/image\/20170120012032121f.jpg\" alt=\"N\u00e4r Lillys f\u00f6r\u00e4ldrar kommer till&nbsp;andra sidan regnb\u00e5gen m\u00f6ter de en l\u00e4kare som \u00e4r en blandning mellan m\u00e4nniska och troll.\" \/><\/div>\n<p>&nbsp;<\/p>\n<ul>\n<li>Donatorn visas med barn runt henne. <em>Jag vill visa barnet att&nbsp;donator-fen redan har egna barn och att&nbsp;hon vill ge bort magiska \u00e4gg f\u00f6r att&nbsp;hj\u00e4lpa andra att&nbsp;bli mammor och pappor. Jag visar barnet att&nbsp;det viktigaste donatorn g\u00f6r \u00e4r att&nbsp;ge bort det magiska \u00e4gget. Jag ger ocks\u00e5 information s\u00e5 att&nbsp;barnet f\u00f6rst\u00e5r att&nbsp;\u00e4gget inte \u00e4r tillr\u00e4ckligt f\u00f6r att&nbsp;g\u00f6ra mamman gravid och f\u00e5 barn. \u00c4gget m\u00e5ste kombineras med ett magiskt grodyngel och sedan \u00f6verf\u00f6ras, med l\u00e4karens hj\u00e4lp, till&nbsp;mammans mage f\u00f6r att&nbsp;utvecklas till&nbsp;ett barn. Barnet beh\u00f6ver veta att&nbsp;det inte r\u00e4cker med ett \u00e4gg f\u00f6r att&nbsp;skapa ett barn. Hans eller hennes mor och far m\u00e5ste vara en del av processen; den st\u00f6rsta delen av processen!<\/em><\/li>\n<\/ul>\n<div class=\"ac\"><a href=\"\/upload\/image\/2017012001343535f.jpg\"><img decoding=\"async\" class=\"w50p\" src=\"\/upload\/image\/2017012001343535f.jpg\" alt=\"Donatorn visas med barn runt henne.\" \/><\/a><\/div>\n<p>&nbsp;<\/p>\n<ul>\n<li>I boken kan ni bara se \u00e4ggdonatorn bakifr\u00e5n och hennes h\u00e5r, medan barnet kan se ansiktet p\u00e5 mamma och pappa. <em>Jag f\u00f6rs\u00f6ker tala om f\u00f6r barnet, med hj\u00e4lp av bilderna, att&nbsp;det \u00e4r mamma och pappa som \u00e4r viktiga, inte donatorn. Hon \u00e4r sn\u00e4ll och ger bort ett magiskt \u00e4gg, men det \u00e4r f\u00f6r\u00e4ldrarna som best\u00e4mmer sig f\u00f6r att&nbsp;resa, ta hj\u00e4lp av l\u00e4karen och f\u00e5 \u00e4gget. Det \u00e4r f\u00f6r\u00e4ldrarna som g\u00f6r detta och p\u00e5 s\u00e5 vis blir gravida.<\/em><\/li>\n<\/ul>\n<div class=\"ac\"><img decoding=\"async\" class=\"w50p\" src=\"\/upload\/image\/20170120013702790f.jpg\" alt=\"I boken kan ni bara se \u00e4ggdonatorn bakifr\u00e5n och hennes h\u00e5r, medan barnet kan se ansiktet p\u00e5 mamma och pappa.\" \/><\/div>\n<p>&nbsp;<\/p>\n<ul>\n<li>F\u00f6r\u00e4ldrarna i boken m\u00e5ste f\u00f6lja tre gyllene regler f\u00f6r att&nbsp;f\u00e5 ett magiskt \u00e4gg; den tredje regeln \u00e4r att&nbsp;de inte f\u00e5r tr\u00e4ffa donator-fen. <em>Jag vill ber\u00e4tta f\u00f6r barnet att&nbsp;beslutet om att&nbsp;f\u00e5 m\u00f6jlighet, eller inte, att&nbsp;tr\u00e4ffa donatorn fattas av kliniken\/l\u00e4karen. Jag vill hj\u00e4lpa f\u00f6r\u00e4ldrar att&nbsp;ber\u00e4tta f\u00f6r sina barn om valet av anonyma eller icke-anonyma donatorer. Med hj\u00e4lp av boken kan du enkelt f\u00f6rklara din egen situation och ditt val av anonyma eller icke-anonyma donatorer, eftersom det i boken \u00e4r f\u00f6r\u00e4ldrarna som inte f\u00e5r se givaren, inte barnet.<\/em><\/li>\n<\/ul>\n<p>&nbsp;<\/p>\n<ul>\n<li>P\u00e5 sista sidan skriver jag om hur stolt Lilly \u00e4r \u00f6ver att&nbsp;vara ett barn fr\u00e5n andra sidan regnb\u00e5gen och hon talar till&nbsp;l\u00e4saren (barnet)!<em> Jag vill ber\u00e4tta f\u00f6r barnet att&nbsp;det \u00e4r speciellt och efterl\u00e4ngtat och att&nbsp;dess f\u00f6r\u00e4ldrar gjort allt och lytt alla regler f\u00f6r att&nbsp;f\u00e5 just sitt barn. Jag vill ber\u00e4tta f\u00f6r barnet att&nbsp;varje barn \u00e4r unikt p\u00e5 sitt s\u00e4tt.<\/em><\/li>\n<\/ul>\n<p>&nbsp;<\/p>\n<p><strong>Det \u00e4r inte s\u00e4kert att&nbsp;ditt barn kommer att&nbsp;reagera p\u00e5 det s\u00e4tt som du f\u00f6rv\u00e4ntar dig n\u00e4r du ber\u00e4ttar om donationen!<\/strong><\/p>\n<p>N\u00e4r du v\u00e4ljer att&nbsp;ber\u00e4tta f\u00f6r ditt barn om \u00e4ggdonationen kommer det troligen att&nbsp;bli en mycket viktig stund f\u00f6r dig, men det kanske inte blir s\u00e5 viktigt f\u00f6r ditt barn!\u00a0<\/p>\n<p>Barn i \u00e5ldrarna 5 till&nbsp;7 \u00e5r \u00e4r intresserade av att&nbsp;leka, vara uppe sent p\u00e5 kv\u00e4llen, vara med sina v\u00e4nner och \u00e4ta godis.<\/p>\n<p>S\u00e5 om du l\u00e4ser den h\u00e4r boken, eller ber\u00e4ttar historien p\u00e5 ditt eget s\u00e4tt, ska du inte bli besviken om barnet \u00e4r inte s\u00e5 intresserat eller p\u00e5verkas k\u00e4nslom\u00e4ssigt av ber\u00e4ttelsen som du f\u00f6rv\u00e4ntat dig. Ditt barn har uppfostrats med k\u00e4rlek och du har lyckats uppfylla barnets behov, d\u00e4rf\u00f6r \u2018saknar\u2019 ditt barninte n\u00e5got.<\/p>\n<p>Med v\u00e4nliga h\u00e4lsningar, Tone Br\u00e5ten<\/p>\n<p class=\"phonecons\">Undrar du n\u00e5got om \u00e4ggdonationsprocessen vid v\u00e5r klinik?<\/p>\n<p class=\"phonecons\"><a class=\"btnr btns requestcall\" href=\"\/se\/egg\/egg-donation-how-to-start\/\" data-id=\"how_to_start\">F\u00c5 GRATIS R\u00c5DGIVNING!<\/a><\/p>\n","protected":false},"excerpt":{"rendered":"<p>Undrar du om hur och n\u00e4r du ska ber\u00e4tta f\u00f6r ditt barn om \u00e4ggdonationen? Det \u00e4r en vanlig fr\u00e5ga som fertilitetspatienter och f\u00f6r\u00e4ldrar till&nbsp;barn som skapats genom \u00e4ggdonation ofta beh\u00f6ver svar p\u00e5. Fertilitetspatienter vill alltid g\u00f6ra det b\u00e4sta f\u00f6r sina barn, \u00e4ven innan barnet \u00e4r f\u00f6tt!\u00a0 Jag kommer att&nbsp;f\u00f6rs\u00f6ka besvara denna fr\u00e5ga ur mitt perspektiv,<\/p>\n","protected":false},"author":1,"featured_media":0,"parent":6166,"menu_order":1,"comment_status":"closed","ping_status":"open","template":"","meta":{"footnotes":""},"tags":[],"acf":[],"yoast_head":"<!-- This site is optimized with the Yoast SEO plugin v18.6 - https:\/\/yoast.com\/wordpress\/plugins\/seo\/ -->\n<title>En saga om \u00e4ggdonation f\u00f6r barn 5-7 \u00e5r: det b\u00e4sta s\u00e4ttet att ber\u00e4tta!<\/title>\n<meta name=\"description\" content=\"Undrar du n\u00e4r och hur man ber\u00e4ttar f\u00f6r barnet om \u00e4ggdonationen? Erfarenheter fr\u00e5n \u00e4ggdonations patienter och v\u00e5r personal kommer att hj\u00e4lpa dig! L\u00e4s nu!\" \/>\n<meta name=\"robots\" content=\"index, follow, max-snippet:-1, max-image-preview:large, max-video-preview:-1\" \/>\n<link rel=\"canonical\" href=\"https:\/\/olgafertilityclinic.com\/se\/aggdonation\/moderskap-efter-aggdonation\/berattar-barnet-om-aggdonation\/\" \/>\n<meta property=\"og:locale\" content=\"sv_SE\" \/>\n<meta property=\"og:type\" content=\"article\" \/>\n<meta property=\"og:title\" content=\"En saga om \u00e4ggdonation f\u00f6r barn 5-7 \u00e5r: det b\u00e4sta s\u00e4ttet att ber\u00e4tta!\" \/>\n<meta property=\"og:description\" content=\"Undrar du n\u00e4r och hur man ber\u00e4ttar f\u00f6r barnet om \u00e4ggdonationen? Erfarenheter fr\u00e5n \u00e4ggdonations patienter och v\u00e5r personal kommer att hj\u00e4lpa dig! L\u00e4s nu!\" \/>\n<meta property=\"og:url\" content=\"https:\/\/olgafertilityclinic.com\/se\/aggdonation\/moderskap-efter-aggdonation\/berattar-barnet-om-aggdonation\/\" \/>\n<meta property=\"og:site_name\" content=\"O.L.G.A. Fertility\" \/>\n<meta property=\"article:modified_time\" content=\"2025-08-04T06:42:21+00:00\" \/>\n<meta name=\"twitter:card\" content=\"summary_large_image\" \/>\n<meta name=\"twitter:label1\" content=\"Ber\u00e4knad l\u00e4stid\" \/>\n\t<meta name=\"twitter:data1\" content=\"11 minuter\" \/>\n<script type=\"application\/ld+json\" class=\"yoast-schema-graph\">{\"@context\":\"https:\/\/schema.org\",\"@graph\":[{\"@type\":\"WebSite\",\"@id\":\"https:\/\/olgafertilityclinic.com\/se\/#website\",\"url\":\"https:\/\/olgafertilityclinic.com\/se\/\",\"name\":\"O.L.G.A. Fertility\",\"description\":\"Cyprus  and St. Petersburg\",\"potentialAction\":[{\"@type\":\"SearchAction\",\"target\":{\"@type\":\"EntryPoint\",\"urlTemplate\":\"https:\/\/olgafertilityclinic.com\/se\/?s={search_term_string}\"},\"query-input\":\"required name=search_term_string\"}],\"inLanguage\":\"sv-SE\"},{\"@type\":\"WebPage\",\"@id\":\"https:\/\/olgafertilityclinic.com\/se\/aggdonation\/moderskap-efter-aggdonation\/berattar-barnet-om-aggdonation\/#webpage\",\"url\":\"https:\/\/olgafertilityclinic.com\/se\/aggdonation\/moderskap-efter-aggdonation\/berattar-barnet-om-aggdonation\/\",\"name\":\"En saga om \u00e4ggdonation f\u00f6r barn 5-7 \u00e5r: det b\u00e4sta s\u00e4ttet att ber\u00e4tta!\",\"isPartOf\":{\"@id\":\"https:\/\/olgafertilityclinic.com\/se\/#website\"},\"datePublished\":\"2020-06-15T12:00:00+00:00\",\"dateModified\":\"2025-08-04T06:42:21+00:00\",\"description\":\"Undrar du n\u00e4r och hur man ber\u00e4ttar f\u00f6r barnet om \u00e4ggdonationen? Erfarenheter fr\u00e5n \u00e4ggdonations patienter och v\u00e5r personal kommer att hj\u00e4lpa dig! L\u00e4s nu!\",\"breadcrumb\":{\"@id\":\"https:\/\/olgafertilityclinic.com\/se\/aggdonation\/moderskap-efter-aggdonation\/berattar-barnet-om-aggdonation\/#breadcrumb\"},\"inLanguage\":\"sv-SE\",\"potentialAction\":[{\"@type\":\"ReadAction\",\"target\":[\"https:\/\/olgafertilityclinic.com\/se\/aggdonation\/moderskap-efter-aggdonation\/berattar-barnet-om-aggdonation\/\"]}]},{\"@type\":\"BreadcrumbList\",\"@id\":\"https:\/\/olgafertilityclinic.com\/se\/aggdonation\/moderskap-efter-aggdonation\/berattar-barnet-om-aggdonation\/#breadcrumb\",\"itemListElement\":[{\"@type\":\"ListItem\",\"position\":1,\"name\":\"Home\",\"item\":\"https:\/\/olgafertilityclinic.com\/se\/\"},{\"@type\":\"ListItem\",\"position\":2,\"name\":\"\u00c4ggdonation och embryoadoption. Individuellt val av \u00e4ggdonator och 100% pengarna-tillbaka-garanti f\u00f6r levande f\u00f6delse\",\"item\":\"https:\/\/olgafertilityclinic.com\/se\/aggdonation\/\"},{\"@type\":\"ListItem\",\"position\":3,\"name\":\"Moderskap efter \u00e4ggdonation\",\"item\":\"https:\/\/olgafertilityclinic.com\/se\/aggdonation\/moderskap-efter-aggdonation\/\"},{\"@type\":\"ListItem\",\"position\":4,\"name\":\"Hur och n\u00e4r du ska ber\u00e4tta f\u00f6r ditt barn som skapats med hj\u00e4lp av donator\u00e4gg, om \u00e4ggdonation?\"}]}]}<\/script>\n<!-- \/ Yoast SEO plugin. -->","yoast_head_json":{"title":"En saga om \u00e4ggdonation f\u00f6r barn 5-7 \u00e5r: det b\u00e4sta s\u00e4ttet att ber\u00e4tta!","description":"Undrar du n\u00e4r och hur man ber\u00e4ttar f\u00f6r barnet om \u00e4ggdonationen? Erfarenheter fr\u00e5n \u00e4ggdonations patienter och v\u00e5r personal kommer att hj\u00e4lpa dig! L\u00e4s nu!","robots":{"index":"index","follow":"follow","max-snippet":"max-snippet:-1","max-image-preview":"max-image-preview:large","max-video-preview":"max-video-preview:-1"},"canonical":"https:\/\/olgafertilityclinic.com\/se\/aggdonation\/moderskap-efter-aggdonation\/berattar-barnet-om-aggdonation\/","og_locale":"sv_SE","og_type":"article","og_title":"En saga om \u00e4ggdonation f\u00f6r barn 5-7 \u00e5r: det b\u00e4sta s\u00e4ttet att ber\u00e4tta!","og_description":"Undrar du n\u00e4r och hur man ber\u00e4ttar f\u00f6r barnet om \u00e4ggdonationen? Erfarenheter fr\u00e5n \u00e4ggdonations patienter och v\u00e5r personal kommer att hj\u00e4lpa dig! L\u00e4s nu!","og_url":"https:\/\/olgafertilityclinic.com\/se\/aggdonation\/moderskap-efter-aggdonation\/berattar-barnet-om-aggdonation\/","og_site_name":"O.L.G.A. Fertility","article_modified_time":"2025-08-04T06:42:21+00:00","twitter_card":"summary_large_image","twitter_misc":{"Ber\u00e4knad l\u00e4stid":"11 minuter"},"schema":{"@context":"https:\/\/schema.org","@graph":[{"@type":"WebSite","@id":"https:\/\/olgafertilityclinic.com\/se\/#website","url":"https:\/\/olgafertilityclinic.com\/se\/","name":"O.L.G.A. Fertility","description":"Cyprus  and St. Petersburg","potentialAction":[{"@type":"SearchAction","target":{"@type":"EntryPoint","urlTemplate":"https:\/\/olgafertilityclinic.com\/se\/?s={search_term_string}"},"query-input":"required name=search_term_string"}],"inLanguage":"sv-SE"},{"@type":"WebPage","@id":"https:\/\/olgafertilityclinic.com\/se\/aggdonation\/moderskap-efter-aggdonation\/berattar-barnet-om-aggdonation\/#webpage","url":"https:\/\/olgafertilityclinic.com\/se\/aggdonation\/moderskap-efter-aggdonation\/berattar-barnet-om-aggdonation\/","name":"En saga om \u00e4ggdonation f\u00f6r barn 5-7 \u00e5r: det b\u00e4sta s\u00e4ttet att ber\u00e4tta!","isPartOf":{"@id":"https:\/\/olgafertilityclinic.com\/se\/#website"},"datePublished":"2020-06-15T12:00:00+00:00","dateModified":"2025-08-04T06:42:21+00:00","description":"Undrar du n\u00e4r och hur man ber\u00e4ttar f\u00f6r barnet om \u00e4ggdonationen? Erfarenheter fr\u00e5n \u00e4ggdonations patienter och v\u00e5r personal kommer att hj\u00e4lpa dig! L\u00e4s nu!","breadcrumb":{"@id":"https:\/\/olgafertilityclinic.com\/se\/aggdonation\/moderskap-efter-aggdonation\/berattar-barnet-om-aggdonation\/#breadcrumb"},"inLanguage":"sv-SE","potentialAction":[{"@type":"ReadAction","target":["https:\/\/olgafertilityclinic.com\/se\/aggdonation\/moderskap-efter-aggdonation\/berattar-barnet-om-aggdonation\/"]}]},{"@type":"BreadcrumbList","@id":"https:\/\/olgafertilityclinic.com\/se\/aggdonation\/moderskap-efter-aggdonation\/berattar-barnet-om-aggdonation\/#breadcrumb","itemListElement":[{"@type":"ListItem","position":1,"name":"Home","item":"https:\/\/olgafertilityclinic.com\/se\/"},{"@type":"ListItem","position":2,"name":"\u00c4ggdonation och embryoadoption. Individuellt val av \u00e4ggdonator och 100% pengarna-tillbaka-garanti f\u00f6r levande f\u00f6delse","item":"https:\/\/olgafertilityclinic.com\/se\/aggdonation\/"},{"@type":"ListItem","position":3,"name":"Moderskap efter \u00e4ggdonation","item":"https:\/\/olgafertilityclinic.com\/se\/aggdonation\/moderskap-efter-aggdonation\/"},{"@type":"ListItem","position":4,"name":"Hur och n\u00e4r du ska ber\u00e4tta f\u00f6r ditt barn som skapats med hj\u00e4lp av donator\u00e4gg, om \u00e4ggdonation?"}]}]}},"_links":{"self":[{"href":"https:\/\/olgafertilityclinic.com\/se\/wp-json\/wp\/v2\/pages\/6489"}],"collection":[{"href":"https:\/\/olgafertilityclinic.com\/se\/wp-json\/wp\/v2\/pages"}],"about":[{"href":"https:\/\/olgafertilityclinic.com\/se\/wp-json\/wp\/v2\/types\/page"}],"author":[{"embeddable":true,"href":"https:\/\/olgafertilityclinic.com\/se\/wp-json\/wp\/v2\/users\/1"}],"replies":[{"embeddable":true,"href":"https:\/\/olgafertilityclinic.com\/se\/wp-json\/wp\/v2\/comments?post=6489"}],"version-history":[{"count":3,"href":"https:\/\/olgafertilityclinic.com\/se\/wp-json\/wp\/v2\/pages\/6489\/revisions"}],"predecessor-version":[{"id":23966,"href":"https:\/\/olgafertilityclinic.com\/se\/wp-json\/wp\/v2\/pages\/6489\/revisions\/23966"}],"up":[{"embeddable":true,"href":"https:\/\/olgafertilityclinic.com\/se\/wp-json\/wp\/v2\/pages\/6166"}],"wp:attachment":[{"href":"https:\/\/olgafertilityclinic.com\/se\/wp-json\/wp\/v2\/media?parent=6489"}],"wp:term":[{"taxonomy":"post_tag","embeddable":true,"href":"https:\/\/olgafertilityclinic.com\/se\/wp-json\/wp\/v2\/tags?post=6489"}],"curies":[{"name":"wp","href":"https:\/\/api.w.org\/{rel}","templated":true}]}}