{"id":6503,"date":"2020-06-15T12:00:00","date_gmt":"2020-06-15T12:00:00","guid":{"rendered":"https:\/\/olgafertilityclinic.com\/aggdonation_barn_garanti_pengar_tillbaka\/"},"modified":"2020-07-23T14:31:18","modified_gmt":"2020-07-23T14:31:18","slug":"aggdonation_barn_garanti_pengar_tillbaka","status":"publish","type":"page","link":"https:\/\/olgafertilityclinic.com\/se\/egg\/aggdonation_barn_garanti_pengar_tillbaka\/","title":{"rendered":"\u00c4ggdonation garantier f\u00f6r dig"},"content":{"rendered":"<div class=\"scrolldown toppad\">\n<ul>\n<li><a href=\"#s1\">Garanterat antal \u00e4gg<\/a><\/li>\n<li><a href=\"#s2\">Embryogaranti<\/a><\/li>\n<li><a href=\"#s3\">Babygaranti<\/a><\/li>\n<\/ul>\n<\/div>\n<div><a id=\"s1\" name=\"s1\"><\/a><\/div>\n<h2 class=\"al\">Garanterat antal \u00e4gg<\/h2>\n<p><img decoding=\"async\" class=\"ui image circular fl w250\" src=\"\/p\/p-865.jpg\" srcset=\"\/p\/p-865-2x.jpg 2x\" alt=\"\u00c4ggdonationsgarantier\" \/> Vi har m\u00e5nga patienter under \u00e4ggdonationsbehandling som har pr\u00f6vat IVF med egna \u00e4gg, men tyv\u00e4rr fanns det inga eller mycket f\u00e5 \u00e4gg vidutplockningen. Dessa patienter \u00e4r r\u00e4dda f\u00f6r att&nbsp;\u00e4ven en \u00e4ggdonator kan f\u00e5 en v\u00e4ldigt liten m\u00e4ngd \u00e4gg, eller inga \u00e4gg alls. Vi anser d\u00e4rf\u00f6r att&nbsp;en av v\u00e5ra viktigaste uppgifter \u00e4r att&nbsp;s\u00e4kerst\u00e4lla att&nbsp;en god m\u00e4ngd \u00e4gg blir tillg\u00e4nglig f\u00f6r varje mottagare.<\/p>\n<p>Hos O.L.G.A. Fertility Clinic \u00e4r vi mycket strikta och kritiska i rekryteringsprocessen av nya \u00e4ggdonatorer. En utm\u00e4rkt \u00e4ggreserv ochmycket god fertilitetshistorik harh\u00f6gsta prioritet och vi accepterar mindre \u00e4n 10 procent av de potentiella \u00e4ggdonatorkandidaterna. Hos v\u00e5ra \u00e4ggdonatorer samlas ett stort antal \u00e4gg in&nbsp;i 19 av 20 \u00e4gginsamlingar. \u00c4nd\u00e5 kan det i en av 20 \u00e4gginsamlingar inte bli tillr\u00e4ckligt m\u00e5nga \u00e4gg f\u00f6r mottagaren. <strong>F\u00f6r dessa patienter erbjuder vi m\u00f6jligheten att&nbsp;f\u00e5 den saknade m\u00e4ngden \u00e4gg fr\u00e5n en annan l\u00e4mplig \u00e4ggdonator, utan extra kostnad!<\/strong><br \/>\n\u00a0<\/p>\n<p>Vi anser att&nbsp;det \u00e4r v\u00e5rt ansvar att&nbsp;ge v\u00e5ra patienter en tillr\u00e4cklig m\u00e4ngd \u00e4gg f\u00f6r befruktning.Det \u00e4r v\u00e5r fr\u00e5ga att&nbsp;l\u00f6sa och ligger utanf\u00f6r de risker v\u00e5ra patienter ska beh\u00f6va ta.<\/p>\n<p><strong>Vi erbjuder v\u00e5ra patienter antingen en garanti p\u00e5 8 \u00e4gg eller en garanti p\u00e5 12+ \u00e4gg i v\u00e5ra olika program.<\/strong><\/p>\n<p class=\"phonecons\">Os\u00e4ker p\u00e5 vilken garanti du ska v\u00e4lja?<\/p>\n<p class=\"phonecons\"><a class=\"button contactus ui large\" href=\"\/se\/egg\/egg-donation-how-to-start\/\" target=\"_blank\" rel=\"noopener noreferrer\">F\u00e5 gratis konsultation!<\/a><\/p>\n<p><a id=\"s2\" name=\"s2\"><\/a><\/p>\n<h2>Embryogaranti<\/h2>\n<p>M\u00e5nga av v\u00e5ra patienter har pr\u00f6vat IVF med egna \u00e4gg mer \u00e4n en g\u00e5ng, men aldrig lyckats n\u00e5 en embryo\u00f6verf\u00f6ring. Det fanns alltid n\u00e5gra \u00e4gg till&nbsp;\u00e4ggplockningen, men inga embryon v\u00e4xte fr\u00e5n dessa. Var det otur? Var det spermiernas fel? Vad h\u00e4nder om spermierna inte befruktar de donerade \u00e4ggen? Dessa patienter \u00e4r mycket r\u00e4dda f\u00f6r att&nbsp;samma problem ska intr\u00e4ffa igen, \u00e4ven med donerade \u00e4gg: att&nbsp;inga embryon blir tillg\u00e4ngliga f\u00f6r embryo\u00f6verf\u00f6ring!<\/p>\n<p>Hos O.L.G.A. Fertility Clinic \u00e4r vi mycket s\u00e4kra p\u00e5 kvaliteten p\u00e5 v\u00e5ra donator\u00e4gg och i v\u00e5rt embryologiska laboratorief\u00f6rfarande. 9 av 10 av IVF-cyklerna med donator\u00e4gg \u00e4r mycket enkla och det skapas en god m\u00e4ngd utm\u00e4rkta embryon f\u00f6r \u00f6verf\u00f6ring och frysning. \u00c4nd\u00e5 kan en av 10 av IVF-cyklerna med donator\u00e4gg bli mindre bra, med f\u00e5 eller inga embryon tillg\u00e4ngliga f\u00f6r \u00f6verf\u00f6ring. <strong>F\u00f6r de patienterna kan vi erbjuda m\u00f6jligheten att&nbsp;skapa den saknade m\u00e4ngden embryon utan extra kostnad!<\/strong><\/p>\n<p>Vi anser att&nbsp;det \u00e4r v\u00e5rt ansvar att&nbsp;ge v\u00e5ra patienter en tillr\u00e4cklig m\u00e4ngd \u00e4gg f\u00f6r befruktning, som kan skapa en graviditet. Problemet med att&nbsp;inte f\u00e5 n\u00e5gra embryon tillg\u00e4ngliga f\u00f6r \u00f6verf\u00f6ring i en \u00e4ggdonationscykel \u00e4r v\u00e5r fr\u00e5ga att&nbsp;l\u00f6sa, och ligger utanf\u00f6r de risker v\u00e5ra patienter ska beh\u00f6va ta.<\/p>\n<p><strong>Vi erbjuder v\u00e5ra patienter en garanti p\u00e5 att&nbsp;\u00e5tminstone 3 embryon blir tillg\u00e4ngliga f\u00f6r \u00f6verf\u00f6ring och frysning p\u00e5 dag 5, om patienten anv\u00e4nder \u00e4ggdonationsprogrammet med garanti f\u00f6r 10 \u00e4gg.<\/strong>\u00a0<\/p>\n<p class=\"phonecons\">Os\u00e4ker p\u00e5 vilken garanti du ska v\u00e4lja?<\/p>\n<p class=\"phonecons\"><a class=\"button contactus ui large\" href=\"\/se\/egg\/egg-donation-how-to-start\/\" target=\"_blank\" rel=\"noopener noreferrer\">F\u00e5 gratis konsultation!<\/a><\/p>\n<p>\n<strong>J\u00e4mf\u00f6relse av \u00e4gg- och embryogarantier<\/strong><\/p>\n<table class=\"four column border\" style=\"width: 99.88839285714286%;\" border=\"0\" cellspacing=\"0\" cellpadding=\"0\">\n<tbody>\n<tr>\n<td style=\"width: 473px;\">\n<p><strong>Programnamn<\/strong><\/p>\n<\/td>\n<td style=\"width: 422px;\">\n<p><strong>Ut\u00f6katen-till-en \u00e4ggdonationsprogram<\/strong><\/p>\n<\/td>\n<\/tr>\n<tr>\n<td style=\"width: 473px;\">\n<p><strong>Pris<\/strong><\/p>\n<\/td>\n<td style=\"width: 422px;\">\n<p>\u20ac9900<\/p>\n<\/td>\n<\/tr>\n<tr>\n<td style=\"width: 473px;\">\n<p><strong>Programbeskrivning<\/strong><\/p>\n<\/td>\n<td style=\"width: 422px;\">\n<p>Enkel cykel IVF\/ICSI med 10 mogna \u00e4gg fr\u00e5n \u00e4ggdonator med ut\u00f6kad profil<\/p>\n<\/td>\n<\/tr>\n<tr>\n<td style=\"width: 473px;\">\n<p><strong>Garanterat antal f\u00e4rska donerade \u00e4gg tillg\u00e4ngliga f\u00f6r mottagaren<\/strong><\/p>\n<\/td>\n<td style=\"width: 422px;\">\n<p>10 eller mer<\/p>\n<\/td>\n<\/tr>\n<tr>\n<td style=\"width: 473px;\">\n<p><strong>Garanterat antal embryon p\u00e5 dag 5 tillg\u00e4ngliga f\u00f6r \u00f6verf\u00f6ring och\/eller frysning<\/strong><\/p>\n<\/td>\n<td style=\"width: 422px;\">3<\/td>\n<\/tr>\n<\/tbody>\n<\/table>\n<p class=\"phonecons\">Fortfarande os\u00e4ker p\u00e5 vilken garanti du ska v\u00e4lja?<\/p>\n<p class=\"phonecons\"><a class=\"button contactus ui large\" href=\"\/se\/egg\/egg-donation-how-to-start\/\" target=\"_blank\" rel=\"noopener noreferrer\">Be om en gratis konsultation!<\/a><\/p>\n<p><a id=\"s3\" name=\"s3\"><\/a><\/p>\n<h2>Babygaranti<\/h2>\n<p>M\u00e5nga av de patienter som kommer till&nbsp;oss f\u00f6r behandling med <a href=\"\/se\/egg\/\">\u00e4ggdonation<\/a> har redan g\u00e5tt igenom flera fertilitetsbehandlingar, spenderat mycket pengar,men \u00e4nd\u00e5 inte uppn\u00e5tt n\u00e5got resultat. En av m\u00e5nga farh\u00e5gor som uttrycks av dessa patienter \u00e4r: <strong>\u201cVad h\u00e4nder om vi l\u00e4gger \u00e4nnu mer pengar p\u00e5 fertilitetsbehandling och \u00e4nd\u00e5 inte f\u00e5r det resultat vi \u00f6nskar? D\u00e5 st\u00e5r vi d\u00e4r med varken pengar eller barn.\u201d<\/strong> Av den anledningen erbjuder vi v\u00e5ra patienter \u00e4ggdonationsbehandling med babygaranti. Det inneb\u00e4r att&nbsp;om ingen bebis f\u00f6ds inom tre IVF-f\u00f6rs\u00f6k med donator\u00e4ggf\u00e5r patienten 70 procent av sina pengar tillbaka.<\/p>\n<p class=\"phonecons\">Har du fr\u00e5gor om \u00e4ggdonationsbehandling med babygaranti?<\/p>\n<p class=\"phonecons\"><a class=\"button contactus ui large\" href=\"\/se\/egg\/egg-donation-how-to-start\/\" target=\"_blank\" rel=\"noopener noreferrer\">F\u00e5 gratis konsultation!<\/a><\/p>\n<h3>Ett friskt barn i dina armar eller pengarna tillbaka!<\/h3>\n<p>En bebis i dina armar, eller pengarna tillbaka!<\/p>\n<p>\u00c4r du tr\u00f6tt p\u00e5 att&nbsp;r\u00e4kna dina IVF-f\u00f6rs\u00f6k?<\/p>\n<p>\u00c4r du tr\u00f6tt p\u00e5 att&nbsp;ha \u00e4nnu en f\u00f6delsedag, julafton eller sommarsemester utan att&nbsp;vara mamma?<\/p>\n<p>\u00c4r du tr\u00f6tt p\u00e5 os\u00e4kerheten kring hur mycket tid och pengar som kommer att&nbsp;kr\u00e4vas f\u00f6r ditt barnprojekt?<\/p>\n<p>Hur skulle du k\u00e4nna om vi kunde erbjuda dig en baby-garanti? En garanti som lovar att&nbsp;du antingen f\u00e5r ett friskt barn i dina armar, eller pengarna tillbaka om behandlingen misslyckas?<\/p>\n<p>De utm\u00e4rkta resultaten vid \u00e4ggdonationsbehandling har gjort det m\u00f6jligt f\u00f6r v\u00e5r klinik att&nbsp;erbjuda v\u00e5ra patienter en baby-garanti, baserad p\u00e5 den delade risken i en &#8220;pengarna-tillbaka\u201d-princip! Om inget barn f\u00f6ds inom 3 cykler med IVF eller ICSI, med en \u00e4ggdonator, kommer 80&nbsp;% av pengarna att&nbsp;betalas tillbaka till&nbsp;dig.<\/p>\n<p><strong>S\u00e5 varf\u00f6r v\u00e4ljer patienter v\u00e5rt baby-garantiprogram?<\/strong><\/p>\n<ul class=\"ticks\">\n<li><strong>Ett friskt barn i dina armar<\/strong>H\u00e4r finns \u00e4ntligen en klinik som inte bara garanterar en graviditet, utan \u00e4ven ett friskt barn. Det \u00e4r stor skillnad mot andra kliniker i Europa som antingen inte har n\u00e5gra garantier alls, eller bara garanterar en graviditet. Om n\u00e5got g\u00e5r fel under graviditeten har patienten inte n\u00e5got kvar; varken det \u00f6nskade barnet eller pengar tillbaka. Garantiprogrammet som O.L.G.A. Fertility Clinic erbjuder sina patienter ger f\u00f6rs\u00e4kran om ett &#8220;friskt barn i dina armar&#8221;.<\/li>\n<li><strong>Mindre stress<\/strong>Patienter har b\u00f6rjat t\u00e4nka rationellt och k\u00e4nner att&nbsp;det \u00e4r dags att&nbsp;v\u00e4lja ett program som kommer att&nbsp;ge dem m\u00f6jlighet att&nbsp;vara mer avslappnade och s\u00e4kra under behandlingen. De k\u00e4nner mindre stress eftersom de vet att&nbsp;de slutligen kommer att&nbsp;n\u00e5 sitt m\u00e5l, eller att&nbsp;de kommer att&nbsp;f\u00e5 det mesta av sina pengar tillbaka om de misslyckas. De befinner sig pl\u00f6tsligt i en situation d\u00e4r de inte beh\u00f6ver oroa sig f\u00f6r att&nbsp;f\u00f6rlora b\u00e5de sina chanser att&nbsp;bli f\u00f6r\u00e4ldrar och en massa pengar samtidigt.<\/li>\n<li><strong>Ekonomiskt f\u00f6rdelaktigt<\/strong>Patienter vet att&nbsp;de redan har spenderat mycket pengar men fortfarande inte har n\u00e5got barn. De \u00e4r samtidigt os\u00e4kra p\u00e5 hur m\u00e5nga fler f\u00f6rs\u00f6k de kan beh\u00f6va f\u00f6r att&nbsp;bli gravida i framtiden, och hur mycket pengar de kommer att&nbsp;spendera! Denna ok\u00e4nda framtid kan g\u00f6ra att&nbsp;de spenderar samma m\u00e4ngd pengar som i ett garantiprogram, men utan n\u00e5gon garanti f\u00f6r framg\u00e5ng!<\/li>\n<li><strong>T\u00e4nker &#8220;tid&#8221; i st\u00e4llet f\u00f6r &#8220;antal f\u00f6rs\u00f6k&#8221;<\/strong><br \/>\nPatients are tired of counting and&nbsp;focussing on&nbsp;the number of attempts. Instead, now&nbsp;they can just be prepared to do the programme. Patients start to focus on&nbsp;time and&nbsp;not on&nbsp;counting each attempt. They are prepared to use the time the clinic needs to fulfil the programme and&nbsp;their dreams.<\/li>\n<li><strong>F\u00f6r att&nbsp;sluta googla!<\/strong><br \/>\nPatienterna \u00e4r tr\u00f6tta p\u00e5 att&nbsp;googla f\u00f6r att&nbsp;hitta olika &#8220;botemedel&#8221; \u2013 de vet att&nbsp;kliniken kommer att&nbsp;leta efter den b\u00e4sta kliniska strategin f\u00f6r dem, eftersom kliniken delar risken med patienten. Kliniken kommer att&nbsp;g\u00f6ra allt som st\u00e5r i dess makt f\u00f6r att&nbsp;n\u00e5 framg\u00e5ng f\u00f6r patienten.<\/li>\n<li><strong>N\u00e5got helt nytt<\/strong>Patienterna k\u00e4nner sig mer motiverade och hoppfulla, eftersom de nu provar n\u00e5got nytt! Ett nytt program med en garanti och som inte kan j\u00e4mf\u00f6ras med n\u00e5got annat fertilitetsprogram de har genomg\u00e5tt.<\/li>\n<\/ul>\n<p>Pengar \u00e4r ett stort bekymmer f\u00f6r m\u00e5nga patienter. Patienter som har haft ett misslyckat f\u00f6rs\u00f6k kan ibland beh\u00f6va \u00f6verv\u00e4ga om de ska forts\u00e4tta eller inte, och ofta \u00e4r det beroende p\u00e5 kostnaderna.<\/p>\n<p>S\u00e5 i st\u00e4llet f\u00f6r att&nbsp;fortsatta oroa dig f\u00f6r bortkastade pengar efter varje f\u00f6rs\u00f6k; varf\u00f6r inte satsa p\u00e5 en behandling som \u00e4r mer f\u00f6ruts\u00e4gbar i b\u00e5de tid och pengar, genom att&nbsp;v\u00e4lja ett program f\u00f6r \u00e4ggdonation med &#8220;pengarna-tillbaka-garanti&#8221;.<\/p>\n<p class=\"phonecons\">Intresserad av baby-garanti?<\/p>\n<p class=\"phonecons\"><a class=\"button contactus ui large\" href=\"\/se\/egg\/egg-donation-how-to-start\/\" target=\"_blank\" rel=\"noopener noreferrer\">F\u00e5 gratis konsultation!<\/a><\/p>\n","protected":false},"excerpt":{"rendered":"<p>Garanterat antal \u00e4gg Embryogaranti Babygaranti Garanterat antal \u00e4gg Vi har m\u00e5nga patienter under \u00e4ggdonationsbehandling som har pr\u00f6vat IVF med egna \u00e4gg, men tyv\u00e4rr fanns det inga eller mycket f\u00e5 \u00e4gg vidutplockningen. Dessa patienter \u00e4r r\u00e4dda f\u00f6r att&nbsp;\u00e4ven en \u00e4ggdonator kan f\u00e5 en v\u00e4ldigt liten m\u00e4ngd \u00e4gg, eller inga \u00e4gg alls. Vi anser d\u00e4rf\u00f6r att&nbsp;en av<\/p>\n","protected":false},"author":1,"featured_media":0,"parent":6078,"menu_order":3,"comment_status":"closed","ping_status":"open","template":"","meta":{"footnotes":""},"tags":[],"acf":[],"yoast_head":"<!-- This site is optimized with the Yoast SEO plugin v18.6 - https:\/\/yoast.com\/wordpress\/plugins\/seo\/ -->\n<title>\u00c4ggdonationsgarantier<\/title>\n<meta name=\"robots\" content=\"index, follow, max-snippet:-1, max-image-preview:large, max-video-preview:-1\" \/>\n<link rel=\"canonical\" href=\"https:\/\/olgafertilityclinic.com\/se\/egg\/aggdonation_barn_garanti_pengar_tillbaka\/\" \/>\n<meta property=\"og:locale\" content=\"sv_SE\" \/>\n<meta property=\"og:type\" content=\"article\" \/>\n<meta property=\"og:title\" content=\"\u00c4ggdonationsgarantier\" \/>\n<meta property=\"og:description\" content=\"Garanterat antal \u00e4gg Embryogaranti Babygaranti Garanterat antal \u00e4gg Vi har m\u00e5nga patienter under \u00e4ggdonationsbehandling som har pr\u00f6vat IVF med egna \u00e4gg, men tyv\u00e4rr fanns det inga eller mycket f\u00e5 \u00e4gg vidutplockningen. Dessa patienter \u00e4r r\u00e4dda f\u00f6r att&nbsp;\u00e4ven en \u00e4ggdonator kan f\u00e5 en v\u00e4ldigt liten m\u00e4ngd \u00e4gg, eller inga \u00e4gg alls. Vi anser d\u00e4rf\u00f6r att&nbsp;en av\" \/>\n<meta property=\"og:url\" content=\"https:\/\/olgafertilityclinic.com\/se\/egg\/aggdonation_barn_garanti_pengar_tillbaka\/\" \/>\n<meta property=\"og:site_name\" content=\"O.L.G.A. Fertility\" \/>\n<meta property=\"article:modified_time\" content=\"2020-07-23T14:31:18+00:00\" \/>\n<meta property=\"og:image\" content=\"https:\/\/olgafertilityclinic.com\/p\/p-865.jpg\" \/>\n<meta name=\"twitter:card\" content=\"summary_large_image\" \/>\n<meta name=\"twitter:label1\" content=\"Ber\u00e4knad l\u00e4stid\" \/>\n\t<meta name=\"twitter:data1\" content=\"7 minuter\" \/>\n<script type=\"application\/ld+json\" class=\"yoast-schema-graph\">{\"@context\":\"https:\/\/schema.org\",\"@graph\":[{\"@type\":\"WebSite\",\"@id\":\"https:\/\/olgafertilityclinic.com\/se\/#website\",\"url\":\"https:\/\/olgafertilityclinic.com\/se\/\",\"name\":\"O.L.G.A. Fertility\",\"description\":\"Cyprus  and St. Petersburg\",\"potentialAction\":[{\"@type\":\"SearchAction\",\"target\":{\"@type\":\"EntryPoint\",\"urlTemplate\":\"https:\/\/olgafertilityclinic.com\/se\/?s={search_term_string}\"},\"query-input\":\"required name=search_term_string\"}],\"inLanguage\":\"sv-SE\"},{\"@type\":\"WebPage\",\"@id\":\"https:\/\/olgafertilityclinic.com\/se\/egg\/aggdonation_barn_garanti_pengar_tillbaka\/#webpage\",\"url\":\"https:\/\/olgafertilityclinic.com\/se\/egg\/aggdonation_barn_garanti_pengar_tillbaka\/\",\"name\":\"\u00c4ggdonationsgarantier\",\"isPartOf\":{\"@id\":\"https:\/\/olgafertilityclinic.com\/se\/#website\"},\"datePublished\":\"2020-06-15T12:00:00+00:00\",\"dateModified\":\"2020-07-23T14:31:18+00:00\",\"breadcrumb\":{\"@id\":\"https:\/\/olgafertilityclinic.com\/se\/egg\/aggdonation_barn_garanti_pengar_tillbaka\/#breadcrumb\"},\"inLanguage\":\"sv-SE\",\"potentialAction\":[{\"@type\":\"ReadAction\",\"target\":[\"https:\/\/olgafertilityclinic.com\/se\/egg\/aggdonation_barn_garanti_pengar_tillbaka\/\"]}]},{\"@type\":\"BreadcrumbList\",\"@id\":\"https:\/\/olgafertilityclinic.com\/se\/egg\/aggdonation_barn_garanti_pengar_tillbaka\/#breadcrumb\",\"itemListElement\":[{\"@type\":\"ListItem\",\"position\":1,\"name\":\"Home\",\"item\":\"https:\/\/olgafertilityclinic.com\/se\/\"},{\"@type\":\"ListItem\",\"position\":2,\"name\":\"\u00c4ggdonation\",\"item\":\"https:\/\/olgafertilityclinic.com\/se\/egg\/\"},{\"@type\":\"ListItem\",\"position\":3,\"name\":\"\u00c4ggdonation garantier f\u00f6r dig\"}]}]}<\/script>\n<!-- \/ Yoast SEO plugin. -->","yoast_head_json":{"title":"\u00c4ggdonationsgarantier","robots":{"index":"index","follow":"follow","max-snippet":"max-snippet:-1","max-image-preview":"max-image-preview:large","max-video-preview":"max-video-preview:-1"},"canonical":"https:\/\/olgafertilityclinic.com\/se\/egg\/aggdonation_barn_garanti_pengar_tillbaka\/","og_locale":"sv_SE","og_type":"article","og_title":"\u00c4ggdonationsgarantier","og_description":"Garanterat antal \u00e4gg Embryogaranti Babygaranti Garanterat antal \u00e4gg Vi har m\u00e5nga patienter under \u00e4ggdonationsbehandling som har pr\u00f6vat IVF med egna \u00e4gg, men tyv\u00e4rr fanns det inga eller mycket f\u00e5 \u00e4gg vidutplockningen. Dessa patienter \u00e4r r\u00e4dda f\u00f6r att&nbsp;\u00e4ven en \u00e4ggdonator kan f\u00e5 en v\u00e4ldigt liten m\u00e4ngd \u00e4gg, eller inga \u00e4gg alls. Vi anser d\u00e4rf\u00f6r att&nbsp;en av","og_url":"https:\/\/olgafertilityclinic.com\/se\/egg\/aggdonation_barn_garanti_pengar_tillbaka\/","og_site_name":"O.L.G.A. Fertility","article_modified_time":"2020-07-23T14:31:18+00:00","og_image":[{"url":"https:\/\/olgafertilityclinic.com\/p\/p-865.jpg"}],"twitter_card":"summary_large_image","twitter_misc":{"Ber\u00e4knad l\u00e4stid":"7 minuter"},"schema":{"@context":"https:\/\/schema.org","@graph":[{"@type":"WebSite","@id":"https:\/\/olgafertilityclinic.com\/se\/#website","url":"https:\/\/olgafertilityclinic.com\/se\/","name":"O.L.G.A. Fertility","description":"Cyprus  and St. Petersburg","potentialAction":[{"@type":"SearchAction","target":{"@type":"EntryPoint","urlTemplate":"https:\/\/olgafertilityclinic.com\/se\/?s={search_term_string}"},"query-input":"required name=search_term_string"}],"inLanguage":"sv-SE"},{"@type":"WebPage","@id":"https:\/\/olgafertilityclinic.com\/se\/egg\/aggdonation_barn_garanti_pengar_tillbaka\/#webpage","url":"https:\/\/olgafertilityclinic.com\/se\/egg\/aggdonation_barn_garanti_pengar_tillbaka\/","name":"\u00c4ggdonationsgarantier","isPartOf":{"@id":"https:\/\/olgafertilityclinic.com\/se\/#website"},"datePublished":"2020-06-15T12:00:00+00:00","dateModified":"2020-07-23T14:31:18+00:00","breadcrumb":{"@id":"https:\/\/olgafertilityclinic.com\/se\/egg\/aggdonation_barn_garanti_pengar_tillbaka\/#breadcrumb"},"inLanguage":"sv-SE","potentialAction":[{"@type":"ReadAction","target":["https:\/\/olgafertilityclinic.com\/se\/egg\/aggdonation_barn_garanti_pengar_tillbaka\/"]}]},{"@type":"BreadcrumbList","@id":"https:\/\/olgafertilityclinic.com\/se\/egg\/aggdonation_barn_garanti_pengar_tillbaka\/#breadcrumb","itemListElement":[{"@type":"ListItem","position":1,"name":"Home","item":"https:\/\/olgafertilityclinic.com\/se\/"},{"@type":"ListItem","position":2,"name":"\u00c4ggdonation","item":"https:\/\/olgafertilityclinic.com\/se\/egg\/"},{"@type":"ListItem","position":3,"name":"\u00c4ggdonation garantier f\u00f6r dig"}]}]}},"_links":{"self":[{"href":"https:\/\/olgafertilityclinic.com\/se\/wp-json\/wp\/v2\/pages\/6503"}],"collection":[{"href":"https:\/\/olgafertilityclinic.com\/se\/wp-json\/wp\/v2\/pages"}],"about":[{"href":"https:\/\/olgafertilityclinic.com\/se\/wp-json\/wp\/v2\/types\/page"}],"author":[{"embeddable":true,"href":"https:\/\/olgafertilityclinic.com\/se\/wp-json\/wp\/v2\/users\/1"}],"replies":[{"embeddable":true,"href":"https:\/\/olgafertilityclinic.com\/se\/wp-json\/wp\/v2\/comments?post=6503"}],"version-history":[{"count":4,"href":"https:\/\/olgafertilityclinic.com\/se\/wp-json\/wp\/v2\/pages\/6503\/revisions"}],"predecessor-version":[{"id":8191,"href":"https:\/\/olgafertilityclinic.com\/se\/wp-json\/wp\/v2\/pages\/6503\/revisions\/8191"}],"up":[{"embeddable":true,"href":"https:\/\/olgafertilityclinic.com\/se\/wp-json\/wp\/v2\/pages\/6078"}],"wp:attachment":[{"href":"https:\/\/olgafertilityclinic.com\/se\/wp-json\/wp\/v2\/media?parent=6503"}],"wp:term":[{"taxonomy":"post_tag","embeddable":true,"href":"https:\/\/olgafertilityclinic.com\/se\/wp-json\/wp\/v2\/tags?post=6503"}],"curies":[{"name":"wp","href":"https:\/\/api.w.org\/{rel}","templated":true}]}}