{"id":8240,"date":"2020-07-24T05:42:42","date_gmt":"2020-07-24T05:42:42","guid":{"rendered":"https:\/\/olgafertilityclinic.com\/egg\/who_can_benefita\/"},"modified":"2020-07-24T05:44:08","modified_gmt":"2020-07-24T05:44:08","slug":"who_can_benefit","status":"publish","type":"page","link":"https:\/\/olgafertilityclinic.com\/se\/egg\/egg_donation_ivf_treatment\/who_can_benefit\/","title":{"rendered":"F\u00f6r vem \u00e4r \u00e4ggdonation en l\u00f6sning?"},"content":{"rendered":"<p class=\"accent\">\u00c4ggdonation kan m\u00e5nga g\u00e5nger vara den b\u00e4sta l\u00f6sningen mot infertilitet. Det \u00e4r ofta anv\u00e4nt d\u00e5 andra behandling har misslyckats, s\u00e5som IVF. Det betyder dock att&nbsp;man fortfarande kan bli gravid genom \u00e4ggdonation, \u00e4ven om dina egna \u00e4gg inte g\u00e5r att&nbsp;anv\u00e4nda. Vi har mycket erfarenhet av \u00e4ggdonation p\u00e5 O.L.G.A. Fertility Clinic. N\u00e5gra av anledningarna till&nbsp;att v\u00e4lja \u00e4ggdonation finns beskrivna nedan.<\/p>\n<h2>F\u00f6r tidigt klimakterium<\/h2>\n<p>En av de mest f\u00f6r\u00f6dande konsekvenserna av f\u00f6r tidigt klimakterium \u00e4r att&nbsp;man inte kan bli gravid p\u00e5 vanligt s\u00e4tt, d\u00e5 kroppens \u00e4gglager \u00e4r slut. Detta \u00e4r f\u00f6rst\u00e5s ytterligare en belastning ut\u00f6ver andra symptom vid f\u00f6r tidigt klimakterium. <br \/>\nDe flesta kvinnor som lider av f\u00f6r tidigt klimakteriet har en fullt fungerande livmoder och kan d\u00e4rf\u00f6r bli gravida, b\u00e4ra och f\u00f6rl\u00f6sa ett barn genom \u00e4ggdonation. P\u00e5 O.L.G.A. Fertility Clinic tar vi emot patienter upp till&nbsp;51 \u00e5r f\u00f6r \u00e4ggdonation.<\/p>\n<h2>F\u00e5 eller l\u00e5g kvalit\u00e9 p\u00e5 \u00e4gg<\/h2>\n<p>Efter att&nbsp;ha g\u00e5tt igenom fertilitetsutredningar och behandlingar kan man f\u00e5 det tr\u00e5kiga beskedet att&nbsp;man har f\u00f6r f\u00e5 \u00e4gg eller f\u00f6r d\u00e5lig kvalit\u00e9 p\u00e5 de \u00e4gg som finns kvar. Ett exempel \u00e4r att&nbsp;man inte svarar tillr\u00e4ckligt bra p\u00e5 den medicinska behandlingen eller att&nbsp;man misslyckas med att&nbsp;f\u00e5 fram livsdugliga embryon. Tyv\u00e4rr \u00e4r detta ett problem som \u00f6kar med \u00e5ldern d\u00e5 antalet \u00e4gg minskar, vilket inneb\u00e4r att&nbsp;det blir sv\u00e5rare och sv\u00e5rare att&nbsp;bli gravid \u2013b\u00e5de med och utan assisterad befruktning. O.L.G.A. Fertility Clinic kan inte f\u00f6r\u00e4ndra naturens g\u00e5ng, men vi kan erbjuda behandling med friska donerade \u00e4gg.<\/p>\n<p>&nbsp;<\/p>\n<h2>Upprepade IVF-misslyckanden<\/h2>\n<p>Metoder f\u00f6r assisterad befruktnings\u00e5som IVF kan hj\u00e4lpa m\u00e5nga par att&nbsp;f\u00e5 barn, \u00e4ven om m\u00f6jligheten att&nbsp;lyckas minskar d\u00e5 kvinnans \u00e5lder \u00f6kar. Det h\u00e4r st\u00e4mmer helt g\u00e4llande IVF, eftersom embryon som \u00e4r skapade med \u00e4gg fr\u00e5n en kvinna som \u00e4r \u00f6ver 38 \u00e5r har mycket mindre chans att&nbsp;\u00f6verleva. Den huvudsakliga anledningen till&nbsp;misslyckande \u00e4r just att&nbsp;\u00e4ggkvalit\u00e9n dramatiskt f\u00f6rs\u00e4mras efter 40 \u00e5r. F\u00f6r kvinnor \u00f6ver 42 \u00e5r \u00e4r chansen att&nbsp;bli gravid med IVF ungef\u00e4r fem procent. Trots detta \u00e4r det bevisat att&nbsp;kvinnor i fyrtio\u00e5rs\u00e5ldern kan genomg\u00e5 en frisk graviditet och f\u00f6da ett friskt barn. F\u00f6r denna grupp kvinnor \u00e4r \u00e4ggdonation ett bra alternativ f\u00f6r att&nbsp;n\u00e5 en graviditet.<\/p>\n<h2>Medicinska tillst\u00e5nd<\/h2>\n<p>Vissa medicinska tillst\u00e5nd (som Turners syndrom) inneb\u00e4r att&nbsp;kvinnan saknar \u00e4gg och d\u00e4rmed inte kan bli gravid. I andra fall kan infertilitet vara ett resultat av en medicinsk behandling s\u00e5som cellgiftsbehandling eller olika kirurgiska ingrepp i underlivet. F\u00f6r dessa kvinnor \u00e4r \u00e4ggdonation ett hopp om att&nbsp;kunna bli gravid trots allt. Kontakta O.L.G.A. Fertility Clinic f\u00f6r att&nbsp;f\u00e5 mer information.<\/p>\n<h2>\u00c4rftliga \u00e5kommor<\/h2>\n<p>Vissa kvinnor v\u00e4ljer \u00e4ggdonation f\u00f6r att&nbsp;de inte vill riskera att&nbsp;f\u00f6ra vidare en \u00e4rftlig sjukdom till&nbsp;sin avkomma. Barn f\u00e5r alltid gener fr\u00e5n sina genetiska f\u00f6r\u00e4ldrar, vilket g\u00f6r att&nbsp;barn som f\u00f6ds med hj\u00e4lp av \u00e4ggdonator, b\u00e4r pappans gener och donatorns gener. \u00c4ven d\u00e5 mottagaren av \u00e4ggdonationen b\u00e4r p\u00e5 barnet genom hela graviditeten, finns det ingen genetiskt l\u00e4nk mellan dem.<\/p>\n<h2>Downs syndrom<\/h2>\n<p>Risken att&nbsp;f\u00e5 ett barn med Downs syndrom \u00f6kar avsev\u00e4rt med den genetiska moderns \u00e5lder. F\u00f6r de kvinnor som i s\u00e5 h\u00f6g utstr\u00e4ckning som m\u00f6jligt vill undvika denna risk kan \u00e4ggdonation vara ett bra alternativ. Vid en graviditet med \u00e4ggdonation \u00e4r det donatorns \u00e5lder som \u00e4r av intresse g\u00e4llande Downs syndrom, allts\u00e5 inte \u00e5ldern p\u00e5 kvinnan som ska b\u00e4ra barnet. <br \/>\nAlla \u00e4ggdonatorer p\u00e5 O.L.G.A. Fertility Clinic \u00e4r under 30 \u00e5r och medel\u00e5ldern \u00e4r 26 \u00e5r.<\/p>\n","protected":false},"excerpt":{"rendered":"<p>\u00c4ggdonation kan m\u00e5nga g\u00e5nger vara den b\u00e4sta l\u00f6sningen mot infertilitet. Det \u00e4r ofta anv\u00e4nt d\u00e5 andra behandling har misslyckats, s\u00e5som IVF. Det betyder dock att&nbsp;man fortfarande kan bli gravid genom \u00e4ggdonation, \u00e4ven om dina egna \u00e4gg inte g\u00e5r att&nbsp;anv\u00e4nda. Vi har mycket erfarenhet av \u00e4ggdonation p\u00e5 O.L.G.A. Fertility Clinic. N\u00e5gra av anledningarna till&nbsp;att v\u00e4lja \u00e4ggdonation<\/p>\n","protected":false},"author":1,"featured_media":0,"parent":6085,"menu_order":10,"comment_status":"closed","ping_status":"closed","template":"","meta":{"footnotes":""},"tags":[],"acf":[],"yoast_head":"<!-- This site is optimized with the Yoast SEO plugin v18.6 - https:\/\/yoast.com\/wordpress\/plugins\/seo\/ -->\n<title>F\u00f6r vem \u00e4r \u00e4ggdonation en l\u00f6sning? - O.L.G.A. Fertility<\/title>\n<meta name=\"robots\" content=\"index, follow, max-snippet:-1, max-image-preview:large, max-video-preview:-1\" \/>\n<link rel=\"canonical\" href=\"https:\/\/olgafertilityclinic.com\/se\/egg\/egg_donation_ivf_treatment\/who_can_benefit\/\" \/>\n<meta property=\"og:locale\" content=\"sv_SE\" \/>\n<meta property=\"og:type\" content=\"article\" \/>\n<meta property=\"og:title\" content=\"F\u00f6r vem \u00e4r \u00e4ggdonation en l\u00f6sning? - O.L.G.A. Fertility\" \/>\n<meta property=\"og:description\" content=\"\u00c4ggdonation kan m\u00e5nga g\u00e5nger vara den b\u00e4sta l\u00f6sningen mot infertilitet. Det \u00e4r ofta anv\u00e4nt d\u00e5 andra behandling har misslyckats, s\u00e5som IVF. Det betyder dock att&nbsp;man fortfarande kan bli gravid genom \u00e4ggdonation, \u00e4ven om dina egna \u00e4gg inte g\u00e5r att&nbsp;anv\u00e4nda. Vi har mycket erfarenhet av \u00e4ggdonation p\u00e5 O.L.G.A. Fertility Clinic. N\u00e5gra av anledningarna till&nbsp;att v\u00e4lja \u00e4ggdonation\" \/>\n<meta property=\"og:url\" content=\"https:\/\/olgafertilityclinic.com\/se\/egg\/egg_donation_ivf_treatment\/who_can_benefit\/\" \/>\n<meta property=\"og:site_name\" content=\"O.L.G.A. Fertility\" \/>\n<meta property=\"article:modified_time\" content=\"2020-07-24T05:44:08+00:00\" \/>\n<meta name=\"twitter:card\" content=\"summary_large_image\" \/>\n<meta name=\"twitter:label1\" content=\"Ber\u00e4knad l\u00e4stid\" \/>\n\t<meta name=\"twitter:data1\" content=\"3 minuter\" \/>\n<script type=\"application\/ld+json\" class=\"yoast-schema-graph\">{\"@context\":\"https:\/\/schema.org\",\"@graph\":[{\"@type\":\"WebSite\",\"@id\":\"https:\/\/olgafertilityclinic.com\/se\/#website\",\"url\":\"https:\/\/olgafertilityclinic.com\/se\/\",\"name\":\"O.L.G.A. Fertility\",\"description\":\"Cyprus  and St. Petersburg\",\"potentialAction\":[{\"@type\":\"SearchAction\",\"target\":{\"@type\":\"EntryPoint\",\"urlTemplate\":\"https:\/\/olgafertilityclinic.com\/se\/?s={search_term_string}\"},\"query-input\":\"required name=search_term_string\"}],\"inLanguage\":\"sv-SE\"},{\"@type\":\"WebPage\",\"@id\":\"https:\/\/olgafertilityclinic.com\/se\/egg\/egg_donation_ivf_treatment\/who_can_benefit\/#webpage\",\"url\":\"https:\/\/olgafertilityclinic.com\/se\/egg\/egg_donation_ivf_treatment\/who_can_benefit\/\",\"name\":\"F\u00f6r vem \u00e4r \u00e4ggdonation en l\u00f6sning? - O.L.G.A. Fertility\",\"isPartOf\":{\"@id\":\"https:\/\/olgafertilityclinic.com\/se\/#website\"},\"datePublished\":\"2020-07-24T05:42:42+00:00\",\"dateModified\":\"2020-07-24T05:44:08+00:00\",\"breadcrumb\":{\"@id\":\"https:\/\/olgafertilityclinic.com\/se\/egg\/egg_donation_ivf_treatment\/who_can_benefit\/#breadcrumb\"},\"inLanguage\":\"sv-SE\",\"potentialAction\":[{\"@type\":\"ReadAction\",\"target\":[\"https:\/\/olgafertilityclinic.com\/se\/egg\/egg_donation_ivf_treatment\/who_can_benefit\/\"]}]},{\"@type\":\"BreadcrumbList\",\"@id\":\"https:\/\/olgafertilityclinic.com\/se\/egg\/egg_donation_ivf_treatment\/who_can_benefit\/#breadcrumb\",\"itemListElement\":[{\"@type\":\"ListItem\",\"position\":1,\"name\":\"Home\",\"item\":\"https:\/\/olgafertilityclinic.com\/se\/\"},{\"@type\":\"ListItem\",\"position\":2,\"name\":\"\u00c4ggdonation\",\"item\":\"https:\/\/olgafertilityclinic.com\/se\/egg\/\"},{\"@type\":\"ListItem\",\"position\":3,\"name\":\"Vad \u00e4r \u00e4ggdonation?\",\"item\":\"https:\/\/olgafertilityclinic.com\/se\/egg\/egg_donation_ivf_treatment\/\"},{\"@type\":\"ListItem\",\"position\":4,\"name\":\"F\u00f6r vem \u00e4r \u00e4ggdonation en l\u00f6sning?\"}]}]}<\/script>\n<!-- \/ Yoast SEO plugin. -->","yoast_head_json":{"title":"F\u00f6r vem \u00e4r \u00e4ggdonation en l\u00f6sning? - O.L.G.A. Fertility","robots":{"index":"index","follow":"follow","max-snippet":"max-snippet:-1","max-image-preview":"max-image-preview:large","max-video-preview":"max-video-preview:-1"},"canonical":"https:\/\/olgafertilityclinic.com\/se\/egg\/egg_donation_ivf_treatment\/who_can_benefit\/","og_locale":"sv_SE","og_type":"article","og_title":"F\u00f6r vem \u00e4r \u00e4ggdonation en l\u00f6sning? - O.L.G.A. Fertility","og_description":"\u00c4ggdonation kan m\u00e5nga g\u00e5nger vara den b\u00e4sta l\u00f6sningen mot infertilitet. Det \u00e4r ofta anv\u00e4nt d\u00e5 andra behandling har misslyckats, s\u00e5som IVF. Det betyder dock att&nbsp;man fortfarande kan bli gravid genom \u00e4ggdonation, \u00e4ven om dina egna \u00e4gg inte g\u00e5r att&nbsp;anv\u00e4nda. Vi har mycket erfarenhet av \u00e4ggdonation p\u00e5 O.L.G.A. Fertility Clinic. N\u00e5gra av anledningarna till&nbsp;att v\u00e4lja \u00e4ggdonation","og_url":"https:\/\/olgafertilityclinic.com\/se\/egg\/egg_donation_ivf_treatment\/who_can_benefit\/","og_site_name":"O.L.G.A. Fertility","article_modified_time":"2020-07-24T05:44:08+00:00","twitter_card":"summary_large_image","twitter_misc":{"Ber\u00e4knad l\u00e4stid":"3 minuter"},"schema":{"@context":"https:\/\/schema.org","@graph":[{"@type":"WebSite","@id":"https:\/\/olgafertilityclinic.com\/se\/#website","url":"https:\/\/olgafertilityclinic.com\/se\/","name":"O.L.G.A. Fertility","description":"Cyprus  and St. Petersburg","potentialAction":[{"@type":"SearchAction","target":{"@type":"EntryPoint","urlTemplate":"https:\/\/olgafertilityclinic.com\/se\/?s={search_term_string}"},"query-input":"required name=search_term_string"}],"inLanguage":"sv-SE"},{"@type":"WebPage","@id":"https:\/\/olgafertilityclinic.com\/se\/egg\/egg_donation_ivf_treatment\/who_can_benefit\/#webpage","url":"https:\/\/olgafertilityclinic.com\/se\/egg\/egg_donation_ivf_treatment\/who_can_benefit\/","name":"F\u00f6r vem \u00e4r \u00e4ggdonation en l\u00f6sning? - O.L.G.A. Fertility","isPartOf":{"@id":"https:\/\/olgafertilityclinic.com\/se\/#website"},"datePublished":"2020-07-24T05:42:42+00:00","dateModified":"2020-07-24T05:44:08+00:00","breadcrumb":{"@id":"https:\/\/olgafertilityclinic.com\/se\/egg\/egg_donation_ivf_treatment\/who_can_benefit\/#breadcrumb"},"inLanguage":"sv-SE","potentialAction":[{"@type":"ReadAction","target":["https:\/\/olgafertilityclinic.com\/se\/egg\/egg_donation_ivf_treatment\/who_can_benefit\/"]}]},{"@type":"BreadcrumbList","@id":"https:\/\/olgafertilityclinic.com\/se\/egg\/egg_donation_ivf_treatment\/who_can_benefit\/#breadcrumb","itemListElement":[{"@type":"ListItem","position":1,"name":"Home","item":"https:\/\/olgafertilityclinic.com\/se\/"},{"@type":"ListItem","position":2,"name":"\u00c4ggdonation","item":"https:\/\/olgafertilityclinic.com\/se\/egg\/"},{"@type":"ListItem","position":3,"name":"Vad \u00e4r \u00e4ggdonation?","item":"https:\/\/olgafertilityclinic.com\/se\/egg\/egg_donation_ivf_treatment\/"},{"@type":"ListItem","position":4,"name":"F\u00f6r vem \u00e4r \u00e4ggdonation en l\u00f6sning?"}]}]}},"_links":{"self":[{"href":"https:\/\/olgafertilityclinic.com\/se\/wp-json\/wp\/v2\/pages\/8240"}],"collection":[{"href":"https:\/\/olgafertilityclinic.com\/se\/wp-json\/wp\/v2\/pages"}],"about":[{"href":"https:\/\/olgafertilityclinic.com\/se\/wp-json\/wp\/v2\/types\/page"}],"author":[{"embeddable":true,"href":"https:\/\/olgafertilityclinic.com\/se\/wp-json\/wp\/v2\/users\/1"}],"replies":[{"embeddable":true,"href":"https:\/\/olgafertilityclinic.com\/se\/wp-json\/wp\/v2\/comments?post=8240"}],"version-history":[{"count":2,"href":"https:\/\/olgafertilityclinic.com\/se\/wp-json\/wp\/v2\/pages\/8240\/revisions"}],"predecessor-version":[{"id":8242,"href":"https:\/\/olgafertilityclinic.com\/se\/wp-json\/wp\/v2\/pages\/8240\/revisions\/8242"}],"up":[{"embeddable":true,"href":"https:\/\/olgafertilityclinic.com\/se\/wp-json\/wp\/v2\/pages\/6085"}],"wp:attachment":[{"href":"https:\/\/olgafertilityclinic.com\/se\/wp-json\/wp\/v2\/media?parent=8240"}],"wp:term":[{"taxonomy":"post_tag","embeddable":true,"href":"https:\/\/olgafertilityclinic.com\/se\/wp-json\/wp\/v2\/tags?post=8240"}],"curies":[{"name":"wp","href":"https:\/\/api.w.org\/{rel}","templated":true}]}}